{"id":322,"date":"2024-09-04T13:01:38","date_gmt":"2024-09-04T13:01:38","guid":{"rendered":"https:\/\/alfakherwelt.de\/?page_id=322"},"modified":"2024-10-13T12:58:01","modified_gmt":"2024-10-13T12:58:01","slug":"directives-dage","status":"publish","type":"page","link":"https:\/\/alfakherwelt.de\/fr\/directives-dage\/","title":{"rendered":"Directives d'\u00e2ge"},"content":{"rendered":"<p>Nous, chez Al Fakher Welt, sommes d\u00e9termin\u00e9s \u00e0 respecter les exigences l\u00e9gales pour l'achat de cigarettes \u00e9lectroniques jetables. Pour acheter des produits depuis notre boutique en ligne, vous devez avoir au moins 18 ans, ce qui correspond \u00e0 l'\u00e2ge minimum l\u00e9gal pour l'achat de produits du tabac dans de nombreux pays europ\u00e9ens o\u00f9 nous op\u00e9rons, notamment l'Allemagne, l'Autriche, la Belgique, la France, l'Espagne, la Pologne et l'Italie.<\/p>\n<p><strong>Interdiction d'achat pour les mineurs<\/strong><\/p>\n<p>L'achat de nos produits au nom de mineurs est strictement interdit. Cela constitue une violation de nos directives et peut entra\u00eener des cons\u00e9quences juridiques. Notre objectif est de garantir que nos produits ne soient accessibles qu'\u00e0 des personnes majeures.<\/p>\n<p><img loading=\"lazy\" decoding=\"async\" class=\"alignnone wp-image-593 size-full\" src=\"https:\/\/alfakherwelt.de\/wp-content\/uploads\/2024\/10\/limit-age-icon-on-red-600nw-746302306.webp\" alt=\"\" width=\"600\" height=\"600\" title=\"\" srcset=\"https:\/\/alfakherwelt.de\/wp-content\/uploads\/2024\/10\/limit-age-icon-on-red-600nw-746302306.webp 600w, https:\/\/alfakherwelt.de\/wp-content\/uploads\/2024\/10\/limit-age-icon-on-red-600nw-746302306-300x300.webp 300w, https:\/\/alfakherwelt.de\/wp-content\/uploads\/2024\/10\/limit-age-icon-on-red-600nw-746302306-150x150.webp 150w, https:\/\/alfakherwelt.de\/wp-content\/uploads\/2024\/10\/limit-age-icon-on-red-600nw-746302306-100x100.webp 100w\" sizes=\"auto, (max-width: 600px) 100vw, 600px\" \/><\/p>\n<p><strong>Proc\u00e9dure de v\u00e9rification de l'\u00e2ge<\/strong><\/p>\n<p>Pour r\u00e9pondre aux exigences l\u00e9gales, nous avons mis en place une proc\u00e9dure stricte de v\u00e9rification de l'\u00e2ge. Lors de votre commande, vous devez fournir vos informations personnelles, y compris votre nom, votre adresse, votre date de naissance et un document d'identit\u00e9 d\u00e9livr\u00e9 par le gouvernement. Ces informations sont utilis\u00e9es pour v\u00e9rifier votre \u00e2ge. Si la premi\u00e8re v\u00e9rification n'est pas concluante, nous vous demanderons de t\u00e9l\u00e9charger une copie claire de votre document d'identit\u00e9 pour une confirmation suppl\u00e9mentaire.<\/p>\n<p><strong>Droit de refuser des commandes<\/strong><\/p>\n<p>Al Fakher Welt se r\u00e9serve le droit de refuser ou d'annuler les commandes si aucune v\u00e9rification d'\u00e2ge appropri\u00e9e n'est effectu\u00e9e. Cette mesure vise \u00e0 assurer le respect des exigences l\u00e9gales et \u00e0 pr\u00e9server l'int\u00e9grit\u00e9 de nos pratiques de vente.<\/p>\n<p><strong>Obligation de pr\u00e9venir l'acc\u00e8s par les mineurs<\/strong><\/p>\n<p>Nous sommes fermement d\u00e9termin\u00e9s \u00e0 emp\u00eacher l'acc\u00e8s des mineurs aux e-cigarettes. Notre syst\u00e8me strict de v\u00e9rification de l'\u00e2ge refl\u00e8te notre engagement \u00e0 promouvoir des pratiques de vapotage responsables et l\u00e9gales.<\/p>\n<p><strong>Restriction de l'acc\u00e8s<\/strong><\/p>\n<p>Bien que nos ventes se d\u00e9roulent en ligne, nous nous r\u00e9servons le droit de restreindre ou de refuser l'acc\u00e8s \u00e0 nos services si cela nous semble n\u00e9cessaire. Si vous pensez que l'acc\u00e8s vous a \u00e9t\u00e9 injustement refus\u00e9, veuillez contacter notre service client.<\/p>\n<p><strong>Note sur le site Web<\/strong><\/p>\n<p>Notre site Web contient une mention claire indiquant que vous devez avoir atteint l'\u00e2ge minimum l\u00e9gal dans votre pays pour passer une commande. Cela rappelle l'importance du respect des limites d'\u00e2ge.<\/p>\n<p>Chez Al Fakher Welt, nous accordons une grande importance \u00e0 la s\u00e9curit\u00e9 et \u00e0 la l\u00e9galit\u00e9 de nos op\u00e9rations. Notre pratique de v\u00e9rification de l'\u00e2ge est con\u00e7ue pour garantir que nos cigarettes \u00e9lectroniques jetables sont vendues de mani\u00e8re responsable. Avec ces directives, nous visons \u00e0 cr\u00e9er un environnement d'achat s\u00fbr et conforme \u00e0 la loi pour tous nos clients.<\/p>","protected":false},"excerpt":{"rendered":"<p>Nous, chez Al Fakher Welt, sommes d\u00e9termin\u00e9s \u00e0 respecter les exigences l\u00e9gales pour l'achat de cigarettes \u00e9lectroniques jetables. Pour acheter des produits depuis notre boutique en ligne, vous devez avoir au moins 18 ans, ce qui correspond \u00e0 l'\u00e2ge minimum l\u00e9gal pour l'achat de produits du tabac dans de nombreux pays europ\u00e9ens o\u00f9 nous op\u00e9rons, notamment l'Allemagne, l'Autriche, la Belgique, la France, l'Espagne, [\u2026]","protected":false},"author":1,"featured_media":0,"parent":0,"menu_order":0,"comment_status":"closed","ping_status":"closed","template":"page-blank-title-center.php","meta":{"footnotes":""},"class_list":["post-322","page","type-page","status-publish","hentry"],"jetpack_sharing_enabled":true,"_links":{"self":[{"href":"https:\/\/alfakherwelt.de\/fr\/wp-json\/wp\/v2\/pages\/322","targetHints":{"allow":["GET"]}}],"collection":[{"href":"https:\/\/alfakherwelt.de\/fr\/wp-json\/wp\/v2\/pages"}],"about":[{"href":"https:\/\/alfakherwelt.de\/fr\/wp-json\/wp\/v2\/types\/page"}],"author":[{"embeddable":true,"href":"https:\/\/alfakherwelt.de\/fr\/wp-json\/wp\/v2\/users\/1"}],"replies":[{"embeddable":true,"href":"https:\/\/alfakherwelt.de\/fr\/wp-json\/wp\/v2\/comments?post=322"}],"version-history":[{"count":0,"href":"https:\/\/alfakherwelt.de\/fr\/wp-json\/wp\/v2\/pages\/322\/revisions"}],"wp:attachment":[{"href":"https:\/\/alfakherwelt.de\/fr\/wp-json\/wp\/v2\/media?parent=322"}],"curies":[{"name":"wp","href":"https:\/\/api.w.org\/{rel}","templated":true}]}}