{"id":14,"date":"2024-09-02T01:28:58","date_gmt":"2024-09-02T01:28:58","guid":{"rendered":"https:\/\/alfakherwelt.de\/wishlist\/"},"modified":"2024-10-13T12:28:35","modified_gmt":"2024-10-13T12:28:35","slug":"modes-de-paiement","status":"publish","type":"page","link":"https:\/\/alfakherwelt.de\/fr\/modes-de-paiement\/","title":{"rendered":"M\u00e9thodes de paiement"},"content":{"rendered":"<p>Chez <strong>Al Fakher Welt<\/strong> Nous attachons une grande importance \u00e0 ce que votre exp\u00e9rience d'achat soit s\u00fbre, confortable et sans complication. En tant que fournisseur leader de cigarettes \u00e9lectroniques jetables Al Fakher en Allemagne et dans l'UE, nous proposons une vari\u00e9t\u00e9 de moyens de paiement qui r\u00e9pondent \u00e0 vos besoins.<\/p>\n<h4>Paiements par carte de cr\u00e9dit<\/h4>\n<p>Nous acceptons toutes les cartes de cr\u00e9dit courantes, ce qui offre un moyen rapide et s\u00e9curis\u00e9 de finaliser votre commande. Cette m\u00e9thode de paiement est id\u00e9ale pour tous ceux qui pr\u00e9f\u00e8rent un processus de paiement simple.<\/p>\n<h4>PayPal<\/h4>\n<p>Pour ceux qui pr\u00e9f\u00e8rent utiliser PayPal, nous proposons cette m\u00e9thode de paiement mondialement reconnue. PayPal se distingue par sa facilit\u00e9 d'utilisation et son haut niveau de s\u00e9curit\u00e9. Avec la protection de l'acheteur PayPal, vous b\u00e9n\u00e9ficiez d'une protection suppl\u00e9mentaire pour vos achats.<\/p>\n<h4>Virement bancaire (SEPA)<\/h4>\n<p>Pour les clients qui pr\u00e9f\u00e8rent les m\u00e9thodes de paiement traditionnelles, nous acceptons les virements bancaires SEPA. Cette option est particuli\u00e8rement pratique pour les commandes plus importantes, car elle vous permet de contr\u00f4ler vos paiements. Le virement SEPA offre une m\u00e9thode simple et rentable pour effectuer des paiements au sein de la zone euro.<\/p>\n<h4>Cryptomonnaies<\/h4>\n<p>Pour tous ceux qui pr\u00e9f\u00e8rent les m\u00e9thodes de paiement modernes, nous acceptons les paiements en crypto-monnaies. Cette m\u00e9thode est rapide, s\u00fbre et d\u00e9centralis\u00e9e et convient parfaitement aux clients qui appr\u00e9cient l'utilisation des devises num\u00e9riques.<\/p>\n<h4>iDEAL (Pays-Bas)<\/h4>\n<p>Nos clients aux Pays-Bas peuvent payer confortablement avec iDEAL, l'un des syst\u00e8mes de paiement en ligne les plus populaires et les plus s\u00fbrs du pays. Cette m\u00e9thode est id\u00e9ale pour les transactions locales et garantit un traitement sans heurts.<\/p>\n<h4>Bancontact (Belgique)<\/h4>\n<p>Pour nos clients belges, nous proposons Bancontact. Cette m\u00e9thode de paiement est l'une des options les plus fiables et largement utilis\u00e9es en Belgique et permet des paiements rapides et s\u00e9curis\u00e9s.<\/p>\n<h4>La s\u00e9curit\u00e9 est prioritaire<\/h4>\n<p>Nous misons sur les technologies de cryptage les plus modernes pour garantir que toutes les transactions sont s\u00fbres et prot\u00e9g\u00e9es. Vos donn\u00e9es sont en s\u00e9curit\u00e9 avec nous, vous pouvez donc vous concentrer pleinement sur votre exp\u00e9rience d'achat. Que ce soit une petite commande ou de plus grandes quantit\u00e9s, nous vous offrons toujours un niveau de s\u00e9curit\u00e9 et de service maximal.<\/p>\n<h4>Avez-vous des questions ?<\/h4>\n<p>Notre service client est \u00e0 votre disposition pour r\u00e9pondre \u00e0 vos questions ou \u00e0 vos demandes de paiement sp\u00e9ciales. N'h\u00e9sitez pas \u00e0 nous contacter par e-mail \u00e0 l'adresse <strong><a rel=\"noopener\">info@alfakherwelt.de<\/a><\/strong>et nous trouvons ensemble la solution appropri\u00e9e \u00e0 vos besoins.<\/p>\n<p><strong>Al Fakher World - Votre partenaire pour les e-cigarettes premium en Europe !<\/strong><\/p>","protected":false},"excerpt":{"rendered":"<p>Chez Al Fakher Welt, nous attachons une grande importance \u00e0 ce que votre exp\u00e9rience d'achat soit s\u00fbre, confortable et sans complication. En tant que fournisseur leader de cigarettes \u00e9lectroniques jetables Al Fakher en Allemagne et dans l'UE, nous proposons une vari\u00e9t\u00e9 de moyens de paiement adapt\u00e9s \u00e0 vos besoins. Paiements par carte de cr\u00e9dit Nous acceptons toutes les cartes de cr\u00e9dit courantes, ce qui offre un moyen rapide et s\u00fbr de r\u00e9gler votre commande [\u2026]","protected":false},"author":1,"featured_media":0,"parent":0,"menu_order":0,"comment_status":"closed","ping_status":"closed","template":"page-blank-title-center.php","meta":{"footnotes":""},"class_list":["post-14","page","type-page","status-publish","hentry"],"jetpack_sharing_enabled":true,"_links":{"self":[{"href":"https:\/\/alfakherwelt.de\/fr\/wp-json\/wp\/v2\/pages\/14","targetHints":{"allow":["GET"]}}],"collection":[{"href":"https:\/\/alfakherwelt.de\/fr\/wp-json\/wp\/v2\/pages"}],"about":[{"href":"https:\/\/alfakherwelt.de\/fr\/wp-json\/wp\/v2\/types\/page"}],"author":[{"embeddable":true,"href":"https:\/\/alfakherwelt.de\/fr\/wp-json\/wp\/v2\/users\/1"}],"replies":[{"embeddable":true,"href":"https:\/\/alfakherwelt.de\/fr\/wp-json\/wp\/v2\/comments?post=14"}],"version-history":[{"count":0,"href":"https:\/\/alfakherwelt.de\/fr\/wp-json\/wp\/v2\/pages\/14\/revisions"}],"wp:attachment":[{"href":"https:\/\/alfakherwelt.de\/fr\/wp-json\/wp\/v2\/media?parent=14"}],"curies":[{"name":"wp","href":"https:\/\/api.w.org\/{rel}","templated":true}]}}