{"id":13,"date":"2024-09-02T01:47:37","date_gmt":"2024-09-02T01:47:37","guid":{"rendered":"https:\/\/alfakherwelt.de\/?page_id=13"},"modified":"2024-09-02T12:35:53","modified_gmt":"2024-09-02T12:35:53","slug":"retours","status":"publish","type":"page","link":"https:\/\/alfakherwelt.de\/fr\/retours\/","title":{"rendered":"Retours"},"content":{"rendered":"<p>Chez Al Fakher World, nous accordons une grande importance \u00e0 la satisfaction de nos clients et nous souhaitons nous assurer que vous \u00eates enti\u00e8rement satisfait de votre exp\u00e9rience d'achat. Nos politiques de remboursement sont les suivantes :<\/p>\r\n<ol>\r\n<li>\r\n<p><strong>Remboursement dans les 24 heures suivant la commande<\/strong><br \/>Si vous souhaitez annuler votre commande, vous avez la possibilit\u00e9 de nous contacter dans les 24 heures suivant la passation de la commande pour obtenir un remboursement complet.<\/p>\r\n<\/li>\r\n<li>\r\n<p><strong>Pas de remboursement apr\u00e8s 24 heures<\/strong><br \/>Si plus de 24 heures se sont \u00e9coul\u00e9es depuis votre commande et que vous n'avez pas soumis une demande de remboursement, nous ne serons plus en mesure de vous accorder un remboursement, car votre commande est g\u00e9n\u00e9ralement d\u00e9j\u00e0 emball\u00e9e et pr\u00eate \u00e0 \u00eatre exp\u00e9di\u00e9e.<\/p>\r\n<\/li>\r\n<li>\r\n<p><strong>Remboursement partiel apr\u00e8s 24 heures<\/strong><br \/>Si vous souhaitez un remboursement apr\u00e8s les 24 heures, cela peut \u00eatre possible uniquement moyennant des frais. \u00c9tant donn\u00e9 la n\u00e9cessit\u00e9 \u00e9ventuelle de rappeler le colis de la soci\u00e9t\u00e9 de logistique, nous ne pouvons rembourser au maximum que 50% de la valeur de la commande dans ce cas.<\/p>\r\n<\/li>\r\n<li>\r\n<p><strong>Aucun remboursement apr\u00e8s exp\u00e9dition<\/strong><br \/>D\u00e8s que votre colis a \u00e9t\u00e9 exp\u00e9di\u00e9 et que vous avez re\u00e7u un num\u00e9ro de suivi, aucun remboursement n'est plus possible.<\/p>\r\n<\/li>\r\n<li>\r\n<p><strong>Remboursement en cas de perte de colis<\/strong><br \/>Tous nos colis sont assur\u00e9s. En cas de perte du colis, nous vous rembourserons la totalit\u00e9 du montant de votre commande.<\/p>\r\n<\/li>\r\n<li>\r\n<p><strong>Adresse de livraison incorrecte ou envoi non livrable<\/strong><br \/>Si, en raison d'une adresse de livraison incorrecte ou pour d'autres raisons imputables au client, la livraison n'est pas possible, le client supporte les frais de r\u00e9exp\u00e9dition.<\/p>\r\n<\/li>\r\n<\/ol>\r\n<hr \/>\r\n<p>N'h\u00e9sitez pas \u00e0 nous contacter en cas de questions ou de pr\u00e9occupations concernant nos politiques de remboursement. Nous sommes toujours l\u00e0 pour vous offrir le meilleur service possible.<\/p>","protected":false},"excerpt":{"rendered":"<p>Chez Al Fakher World, nous accordons une grande importance \u00e0 la satisfaction de nos clients et nous souhaitons nous assurer que vous \u00eates enti\u00e8rement satisfait de votre exp\u00e9rience d'achat. Nos politiques de remboursement sont les suivantes : Remboursement dans les 24 heures suivant la commande Si vous souhaitez annuler votre commande, vous avez la possibilit\u00e9 de nous contacter dans les 24 heures suivant la passation de la commande pour [\u2026]","protected":false},"author":1,"featured_media":0,"parent":0,"menu_order":0,"comment_status":"closed","ping_status":"closed","template":"page-blank-title-center.php","meta":{"footnotes":""},"class_list":["post-13","page","type-page","status-publish","hentry"],"jetpack_sharing_enabled":true,"_links":{"self":[{"href":"https:\/\/alfakherwelt.de\/fr\/wp-json\/wp\/v2\/pages\/13","targetHints":{"allow":["GET"]}}],"collection":[{"href":"https:\/\/alfakherwelt.de\/fr\/wp-json\/wp\/v2\/pages"}],"about":[{"href":"https:\/\/alfakherwelt.de\/fr\/wp-json\/wp\/v2\/types\/page"}],"author":[{"embeddable":true,"href":"https:\/\/alfakherwelt.de\/fr\/wp-json\/wp\/v2\/users\/1"}],"replies":[{"embeddable":true,"href":"https:\/\/alfakherwelt.de\/fr\/wp-json\/wp\/v2\/comments?post=13"}],"version-history":[{"count":0,"href":"https:\/\/alfakherwelt.de\/fr\/wp-json\/wp\/v2\/pages\/13\/revisions"}],"wp:attachment":[{"href":"https:\/\/alfakherwelt.de\/fr\/wp-json\/wp\/v2\/media?parent=13"}],"curies":[{"name":"wp","href":"https:\/\/api.w.org\/{rel}","templated":true}]}}