{"id":856,"date":"2024-10-28T12:47:30","date_gmt":"2024-10-28T12:47:30","guid":{"rendered":"https:\/\/alfakherwelt.de\/?post_type=product&#038;p=856"},"modified":"2025-06-29T07:25:49","modified_gmt":"2025-06-29T07:25:49","slug":"ai-fakher-crown-bar-15000-inhalaciones-cigarrillo-electronico-desechable-limon-menta","status":"publish","type":"product","link":"https:\/\/alfakherwelt.de\/es\/producto\/ai-fakher-crown-bar-15000-inhalaciones-cigarrillo-electronico-desechable-limon-menta\/","title":{"rendered":"AI Fakher Crown Bar 15000 caladas Cigarrillo electr\u00f3nico desechable - Menta Lim\u00f3n"},"content":{"rendered":"<h2>Cigarrillo electr\u00f3nico desechable <a href=\"https:\/\/alfakherwelt.de\/es\/\">Al Fakher<\/a> Crown Bar 15000 PRO \u2013 La Experiencia de Vapeo Definitiva<\/h2>\n<p>Descubra el mundo del vapeo sin esfuerzo con la <strong>Al Fakher Crown Bar 15000 PRO E-cigarrillo desechable<\/strong> \u2013 \u00a1el imprescindible para todos los entusiastas del vapeo en Alemania! Con impresionantes <strong>15.000 trenes<\/strong>con un poderoso <strong>600mAh Bater\u00eda USB-C<\/strong> y 22ml de l\u00edquido electr\u00f3nico de primera clase, este dispositivo ofrece una experiencia de vapeo que le encantar\u00e1. Ya sea de viaje o en casa, con este cigarrillo electr\u00f3nico desechable est\u00e1 perfectamente equipado para disfrutar del sabor puro y del manejo pr\u00e1ctico.<\/p>\n<h3>Por qu\u00e9 Die <a href=\"https:\/\/alfakherwelt.de\/es\/categoria-de-producto\/barra-de-corona-ai-fakher-15000\/\">Al Fakher Crown Bar 15000 PRO<\/a>?<\/h3>\n<p>Esta e-cigarra se destaca por su inmensa <strong>Capacidad<\/strong> y los detalles innovadores de la competencia. Aqu\u00ed no solo el <strong>Dise\u00f1o \u00fanico<\/strong>sino que el rendimiento tambi\u00e9n es excelente. La Al Fakher Crown Bar fue dise\u00f1ada para momentos de disfrute prolongado y es ideal para aquellos que buscan una experiencia de vapeo sin compromisos.<\/p>\n<p><strong>Ahora en la tienda en l\u00ednea de cigarrillos electr\u00f3nicos desechables m\u00e1s grande de Alemania<\/strong> \u2013 <strong>alfakherwelt.de<\/strong> disponible.<\/p>\n<hr \/>\n<h3>Hauptmerkmale der <a href=\"https:\/\/alfakherwelt.de\/es\/categoria-de-producto\/barra-de-corona-ai-fakher-15000\/\">Al Fakher Crown Bar 15000 PRO<\/a><\/h3>\n<ul>\n<li><strong>N\u00famero de caladas<\/strong>: Sobre <strong>15.000 trenes<\/strong> \u2013 una capacidad considerable para disfrutar de vapor durante semanas.<\/li>\n<li><strong>Capacidad de l\u00edquido electr\u00f3nico<\/strong>: Contiene <strong>22ml<\/strong> E-l\u00edquido de alta calidad para un sabor intenso y duradero.<\/li>\n<li><strong>Capacidad de la bater\u00eda<\/strong>: El <strong>600mAh Bater\u00eda recargable USB-C<\/strong> asegura que el dispositivo dure hasta que se agote el \u00faltimo l\u00edquido.<\/li>\n<li><strong>Contenido de nicotina<\/strong>: Con un contenido de nicotina de <strong>5% (50mg)<\/strong> Ofrece un golpe contundente, ideal para los que cambian y los vaporizadores experimentados.<\/li>\n<li><strong>Pantalla LED<\/strong>: Una pantalla integrada muestra <strong>Estado de la bater\u00eda y nivel de l\u00edquido<\/strong> - perfecto para mantenerse informado en todo momento.<\/li>\n<li><strong>Dise\u00f1o elegante con logotipo<\/strong>: El dispositivo lleva con orgullo el logotipo de Al Fakher y se convierte en un tema de conversaci\u00f3n entre los fan\u00e1ticos de vapeo.<\/li>\n<\/ul>\n<hr \/>\n<h2>Experimente el sabor incomparable - Al Fakher Variedad de Aromas<\/h2>\n<p>Al Fakher es conocido por su exquisita selecci\u00f3n de sabores, que inspirada en la cultura del shisha, se ha trasladado a la l\u00ednea de productos de vapeadores desechables. Los sabores de este cigarrillo electr\u00f3nico le ofrecen una experiencia arom\u00e1tica aut\u00e9ntica y rica que le deja con ganas de m\u00e1s.<\/p>\n<h3>Experiencias gastron\u00f3micas intensas - Un placer para todos los sentidos<\/h3>\n<p>La <a href=\"https:\/\/alfakherwelt.de\/es\/categoria-de-producto\/barra-de-corona-ai-fakher-15000\/\"><strong>Al Fakher Crown Bar 15000 PRO<\/strong><\/a> ofrece una colecci\u00f3n de deliciosos sabores que se basan en aromas cuidadosamente seleccionados para garantizar la m\u00e1xima calidad. Aqu\u00ed hay una visi\u00f3n general de los sabores intensos y emocionantes:<\/p>\n<ol>\n<li><strong>Limoncillo de menta<\/strong> Esta refrescante mezcla de sabor a lim\u00f3n jugoso y un toque de menta fresca ofrece una experiencia de vapeo refrescante y calmante. Las notas c\u00edtricas son efervescentes y completas, mientras que la menta suavemente refresca el paladar.<\/li>\n<li><strong>Berry Blast<\/strong> \u2013 Una dulce mezcla de frutas silvestres maduras que recuerda un c\u00e1lido d\u00eda de verano. Cada inhalaci\u00f3n despliega aromas de moras, frambuesas y ar\u00e1ndanos azules - perfecto para todos los que aman lo afrutado.<\/li>\n<li><strong>Crema de Vainilla<\/strong> \u2013 Para los amantes de sabores cremosos y suaves, la crema de vainilla es un verdadero placer para el paladar. La vainilla aterciopelada se ve complementada por notas cremosas y proporciona una experiencia suave y dulce.<\/li>\n<li><strong>Mango Delight<\/strong> \u2013 Las notas tropicales de mango aportan una sensaci\u00f3n ex\u00f3tica y proporcionan matices de sabor dulces y contundentes que son a la vez intensos y satisfactorios.<\/li>\n<li><strong>Cool Mint<\/strong> Un aroma cl\u00e1sico a menta que ofrece una bocanada fresca y refrescante tras otra. Ideal para todos aquellos que les gusta lo fresco y ligero.<\/li>\n<\/ol>\n<p>&nbsp;<\/p>\n<p><img loading=\"lazy\" decoding=\"async\" class=\"alignnone wp-image-824 size-full\" src=\"https:\/\/alfakherwelt.de\/wp-content\/uploads\/2024\/10\/1AI-Fakher-Crown-Bar-15000.webp\" alt=\"AI Fakher Crown Bar 15000 caladas cigarrillo electr\u00f3nico desechable - Lim\u00f3n Menta\" width=\"1080\" height=\"1440\" title=\"\" srcset=\"https:\/\/alfakherwelt.de\/wp-content\/uploads\/2024\/10\/1AI-Fakher-Crown-Bar-15000.webp 1080w, https:\/\/alfakherwelt.de\/wp-content\/uploads\/2024\/10\/1AI-Fakher-Crown-Bar-15000-225x300.webp 225w, https:\/\/alfakherwelt.de\/wp-content\/uploads\/2024\/10\/1AI-Fakher-Crown-Bar-15000-768x1024.webp 768w, https:\/\/alfakherwelt.de\/wp-content\/uploads\/2024\/10\/1AI-Fakher-Crown-Bar-15000-600x800.webp 600w\" sizes=\"auto, (max-width: 1080px) 100vw, 1080px\" \/><\/p>\n<hr \/>\n<h3>Por qu\u00e9 deber\u00eda comprar la Al Fakher Crown Bar 15000 PRO con nosotros<\/h3>\n<p>Al comprar su cigarrillo electr\u00f3nico desechable, es fundamental decidirse por un producto que combine tanto la calidad como la facilidad de uso. La <strong>Al Fakher Crown Bar 15000 PRO<\/strong> ofrece exactamente eso:<\/p>\n<ul>\n<li><strong>Durabilidad<\/strong>Con una alta capacidad de tracci\u00f3n y una bater\u00eda potente, este dispositivo est\u00e1 dise\u00f1ado para un placer duradero - ideal para llevarlo consigo y usarlo durante varios d\u00edas.<\/li>\n<li><strong>Manejo pr\u00e1ctico<\/strong>F\u00e1cil de usar y recargable, el dispositivo le ahorra el molesto llenado y cambio de cartuchos.<\/li>\n<li><strong>Sabor aut\u00e9ntico<\/strong>Disfrute de la experiencia de Al Fakher, conocida por sus intensos sabores y que ofrece el placer perfecto del vapor.<\/li>\n<li><strong>Sencillo y M\u00f3vil<\/strong>: No complicado montaje ni limpieza - simplemente cargar y disfrutar.<\/li>\n<li><strong>Dise\u00f1o discreto<\/strong>: Con su forma compacta y elegante, el dispositivo se puede ocultar discretamente en cualquier bolsillo.<\/li>\n<\/ul>\n<p>Ordene su Al Fakher Crown Bar 15000 PRO hoy mismo y experimente el sabor puro en su mejor forma \u2013 exclusivamente en <a href=\"https:\/\/alfakherwelt.de\/es\/\"><strong>alfakherwelt.de<\/strong>.<\/a><\/p>\n<p><img loading=\"lazy\" decoding=\"async\" class=\"alignnone wp-image-855 size-full\" src=\"https:\/\/alfakherwelt.de\/wp-content\/uploads\/2024\/10\/2AI-Fakher-Crown-Bar-15000-1.webp\" alt=\"AI Fakher Crown Bar 15000 caladas cigarrillo electr\u00f3nico desechable - Lim\u00f3n Menta\" width=\"1920\" height=\"1080\" title=\"\" srcset=\"https:\/\/alfakherwelt.de\/wp-content\/uploads\/2024\/10\/2AI-Fakher-Crown-Bar-15000-1.webp 1920w, https:\/\/alfakherwelt.de\/wp-content\/uploads\/2024\/10\/2AI-Fakher-Crown-Bar-15000-1-300x169.webp 300w, https:\/\/alfakherwelt.de\/wp-content\/uploads\/2024\/10\/2AI-Fakher-Crown-Bar-15000-1-1024x576.webp 1024w, https:\/\/alfakherwelt.de\/wp-content\/uploads\/2024\/10\/2AI-Fakher-Crown-Bar-15000-1-768x432.webp 768w, https:\/\/alfakherwelt.de\/wp-content\/uploads\/2024\/10\/2AI-Fakher-Crown-Bar-15000-1-1536x864.webp 1536w, https:\/\/alfakherwelt.de\/wp-content\/uploads\/2024\/10\/2AI-Fakher-Crown-Bar-15000-1-600x338.webp 600w\" sizes=\"auto, (max-width: 1920px) 100vw, 1920px\" \/><\/p>","protected":false},"excerpt":{"rendered":"<p>La<strong> Al Fakher Crown Bar 15000 PRO<\/strong> La cigarrilla electr\u00f3nica desechable ofrece con 15.000 caladas, una bater\u00eda USB-C de 600mAh y sabores intensos una experiencia de vapeo duradera y sabrosa que te permite disfrutar <strong>alfakherwelt.de<\/strong> descubrir pueden.<\/p>","protected":false},"featured_media":857,"comment_status":"open","ping_status":"closed","template":"","meta":[],"product_brand":[],"product_cat":[25],"product_tag":[],"class_list":{"0":"post-856","1":"product","2":"type-product","3":"status-publish","4":"has-post-thumbnail","6":"product_cat-ai-fakher-crown-bar-15000","8":"first","9":"outofstock","10":"sale","11":"shipping-taxable","12":"purchasable","13":"product-type-simple"},"jetpack_sharing_enabled":true,"_links":{"self":[{"href":"https:\/\/alfakherwelt.de\/es\/wp-json\/wp\/v2\/product\/856","targetHints":{"allow":["GET"]}}],"collection":[{"href":"https:\/\/alfakherwelt.de\/es\/wp-json\/wp\/v2\/product"}],"about":[{"href":"https:\/\/alfakherwelt.de\/es\/wp-json\/wp\/v2\/types\/product"}],"replies":[{"embeddable":true,"href":"https:\/\/alfakherwelt.de\/es\/wp-json\/wp\/v2\/comments?post=856"}],"wp:featuredmedia":[{"embeddable":true,"href":"https:\/\/alfakherwelt.de\/es\/wp-json\/wp\/v2\/media\/857"}],"wp:attachment":[{"href":"https:\/\/alfakherwelt.de\/es\/wp-json\/wp\/v2\/media?parent=856"}],"wp:term":[{"taxonomy":"product_brand","embeddable":true,"href":"https:\/\/alfakherwelt.de\/es\/wp-json\/wp\/v2\/product_brand?post=856"},{"taxonomy":"product_cat","embeddable":true,"href":"https:\/\/alfakherwelt.de\/es\/wp-json\/wp\/v2\/product_cat?post=856"},{"taxonomy":"product_tag","embeddable":true,"href":"https:\/\/alfakherwelt.de\/es\/wp-json\/wp\/v2\/product_tag?post=856"}],"curies":[{"name":"wp","href":"https:\/\/api.w.org\/{rel}","templated":true}]}}