{"id":853,"date":"2024-10-28T07:48:58","date_gmt":"2024-10-28T07:48:58","guid":{"rendered":"https:\/\/alfakherwelt.de\/?post_type=product&#038;p=853"},"modified":"2025-03-22T08:55:10","modified_gmt":"2025-03-22T08:55:10","slug":"ai-fakher-crown-bar-15000-inhalaciones-cigarrillo-electronico-desechable-chicle-menta","status":"publish","type":"product","link":"https:\/\/alfakherwelt.de\/es\/producto\/ai-fakher-crown-bar-15000-inhalaciones-cigarrillo-electronico-desechable-chicle-menta\/","title":{"rendered":"AI Fakher Crown Bar 15000 caladas Cigarrillo electr\u00f3nico desechable - Goma de mascar menta"},"content":{"rendered":"<h2><a href=\"https:\/\/alfakherwelt.de\/es\/\">Al Fakher<\/a> Crown Bar 15000 PRO: Cigarrillo electr\u00f3nico desechable con variedad de sabores intensos y m\u00e1xima potencia<\/h2>\n<p>La <strong>Al Fakher Crown Bar 15000 PRO<\/strong> ofrece una experiencia de vapeo inigualable y est\u00e1 hecha para todos aquellos que valoran la calidad, el aroma y la durabilidad. Este innovador dispositivo de vapeo ofrece una potente bater\u00eda recargable USB-C de 600mAh, una impresionante capacidad de 22ml de l\u00edquido electr\u00f3nico y hasta 15.000 caladas. Con este nuevo dise\u00f1o, Al Fakher lleva el vapeo a un nuevo nivel, especialmente para todos aquellos que en Alemania est\u00e1n buscando un cigarrillo electr\u00f3nico desechable fiable y potente.<\/p>\n<h3>Caracter\u00edsticas \u00fanicas de la <a href=\"https:\/\/alfakherwelt.de\/es\/categoria-de-producto\/barra-de-corona-ai-fakher-15000\/\">Al Fakher Crown Bar 15000 PRO<\/a><\/h3>\n<ul>\n<li><strong>Imponentes trenes:<\/strong> Disfruta hasta 15.000 caladas - ideal para un placer de vapor duradero.<\/li>\n<li><strong>Duraci\u00f3n de la bater\u00eda:<\/strong> La bater\u00eda de 600mAh garantiza que el dispositivo dure hasta que se agote todo el l\u00edquido electr\u00f3nico, pr\u00e1ctico y fiable.<\/li>\n<li><strong>Capacidad de l\u00edquido electr\u00f3nico de 22ml:<\/strong> Disfrute de una gran cantidad de l\u00edquido sin necesidad de rellenar constantemente.<\/li>\n<li><strong>Contenido de nicotina de 5% (50mg):<\/strong> Perfectamente adaptado a las necesidades de muchos vapeadores.<\/li>\n<li><strong>Dise\u00f1o moderno:<\/strong> Con una pantalla LED para el nivel de bater\u00eda y el nivel de l\u00edquido, siempre estar\u00e1 informado.<\/li>\n<li><strong>F\u00e1cil manejo y recargabilidad:<\/strong> El conector USB tipo C (cable no incluido) permite una carga f\u00e1cil y r\u00e1pida.<\/li>\n<\/ul>\n<p>Visite nuestro sitio web <a href=\"https:\/\/alfakherwelt.de\/es\/\" target=\"_new\" rel=\"noopener\">alfakherwelt.de<\/a> y descubra nuestra amplia oferta de cigarrillos electr\u00f3nicos desechables.<\/p>\n<hr \/>\n<h2>Un vistazo detallado al mundo del sabor de la <a href=\"https:\/\/alfakherwelt.de\/es\/categoria-de-producto\/barra-de-corona-ai-fakher-15000\/\">Al Fakher Crown Bar 15000 PRO<\/a><\/h2>\n<p>Al Fakher ha transferido su experiencia en el \u00e1mbito tradicional de la shisha al mercado de vapeo de manera perfecta. Con una variedad impresionante de sabores aut\u00e9nticos e intensos, cada experiencia de vapeo se convierte en un momento de verdadero placer.<\/p>\n<h3>Experiencia gustativa: Gum Mint<\/h3>\n<p><strong>Gum Mint<\/strong> Es una mezcla refrescante que combina menta fresca con un toque de chicle dulce. Con cada calada, experimentar\u00e1 la frescura revitalizante de la menta, complementada por la dulzura de un sabor a chicle familiar. Es una elecci\u00f3n perfecta para aquellos que disfrutan de un toque de frescura con un aroma dulce y familiar. La combinaci\u00f3n de sabores ofrece un aroma duradero que te har\u00e1 querer disfrutarlo una y otra vez.<\/p>\n<p><img loading=\"lazy\" decoding=\"async\" class=\"alignnone wp-image-824 size-full\" src=\"https:\/\/alfakherwelt.de\/wp-content\/uploads\/2024\/10\/1AI-Fakher-Crown-Bar-15000.webp\" alt=\"AI Fakher Crown Bar 15000 caladas Cigarrillo electr\u00f3nico desechable - Goma de mascar menta \" width=\"1080\" height=\"1440\" title=\"\" srcset=\"https:\/\/alfakherwelt.de\/wp-content\/uploads\/2024\/10\/1AI-Fakher-Crown-Bar-15000.webp 1080w, https:\/\/alfakherwelt.de\/wp-content\/uploads\/2024\/10\/1AI-Fakher-Crown-Bar-15000-225x300.webp 225w, https:\/\/alfakherwelt.de\/wp-content\/uploads\/2024\/10\/1AI-Fakher-Crown-Bar-15000-768x1024.webp 768w, https:\/\/alfakherwelt.de\/wp-content\/uploads\/2024\/10\/1AI-Fakher-Crown-Bar-15000-600x800.webp 600w\" sizes=\"auto, (max-width: 1080px) 100vw, 1080px\" \/><\/p>\n<hr \/>\n<h2>Por qu\u00e9 la <a href=\"https:\/\/alfakherwelt.de\/es\/categoria-de-producto\/barra-de-corona-ai-fakher-15000\/\">Al Fakher Crown Bar 15000 PRO<\/a> La mejor opci\u00f3n para vapeadores es<\/h2>\n<ol>\n<li><strong>Calidad y fiabilidad:<\/strong> La alta calidad de procesamiento de Al Fakher garantiza un dispositivo duradero que no te decepciona.<\/li>\n<li><strong>Intensa experiencia de vapor:<\/strong> Con hasta 15.000 caladas, experimente un placer de vapor duradero e intenso.<\/li>\n<li><strong>Carga simple:<\/strong> El puerto de carga USB-C permite una recarga f\u00e1cil y r\u00e1pida.<\/li>\n<li><strong>Alto contenido de nicotina:<\/strong> El contenido de nicotina de 5%, en particular, atrae a vapeadores experimentados que buscan una experiencia m\u00e1s intensa.<\/li>\n<li><strong>Variedad arom\u00e1tica:<\/strong> Gracias a la amplia selecci\u00f3n de sabores, hay algo para todos los gustos.<\/li>\n<\/ol>\n<p>&nbsp;<\/p>\n<p>La <strong>Al Fakher Crown Bar 15000 PRO<\/strong> Es m\u00e1s que un cigarrillo electr\u00f3nico desechable: es una declaraci\u00f3n de calidad y rendimiento. Ya seas un vapeador experimentado o un principiante, este dispositivo te ofrece todo lo que necesitas para llevar tu experiencia de vapeo al siguiente nivel. Vis\u00edtanos en <a href=\"https:\/\/alfakherwelt.de\/es\/\" target=\"_new\" rel=\"noopener\">alfakherwelt.de<\/a> y asegure su dispositivo hoy mismo!<\/p>\n<p><img loading=\"lazy\" decoding=\"async\" class=\"alignnone size-full wp-image-855\" src=\"https:\/\/alfakherwelt.de\/wp-content\/uploads\/2024\/10\/2AI-Fakher-Crown-Bar-15000-1.webp\" alt=\"AI Fakher Crown Bar 15000 caladas Cigarrillo electr\u00f3nico desechable - Goma de mascar menta \" width=\"1920\" height=\"1080\" title=\"\" srcset=\"https:\/\/alfakherwelt.de\/wp-content\/uploads\/2024\/10\/2AI-Fakher-Crown-Bar-15000-1.webp 1920w, https:\/\/alfakherwelt.de\/wp-content\/uploads\/2024\/10\/2AI-Fakher-Crown-Bar-15000-1-300x169.webp 300w, https:\/\/alfakherwelt.de\/wp-content\/uploads\/2024\/10\/2AI-Fakher-Crown-Bar-15000-1-1024x576.webp 1024w, https:\/\/alfakherwelt.de\/wp-content\/uploads\/2024\/10\/2AI-Fakher-Crown-Bar-15000-1-768x432.webp 768w, https:\/\/alfakherwelt.de\/wp-content\/uploads\/2024\/10\/2AI-Fakher-Crown-Bar-15000-1-1536x864.webp 1536w, https:\/\/alfakherwelt.de\/wp-content\/uploads\/2024\/10\/2AI-Fakher-Crown-Bar-15000-1-600x338.webp 600w\" sizes=\"auto, (max-width: 1920px) 100vw, 1920px\" \/><\/p>","protected":false},"excerpt":{"rendered":"<p>La <strong>Al Fakher Crown Bar 15000 PRO<\/strong> Es una potente cigarrillo electr\u00f3nico desechable de una sola vez con 15.000 caladas, 22ml de l\u00edquido electr\u00f3nico, contenido de nicotina de 5% y una bater\u00eda recargable de 600mAh USB-C, que ofrece un placer de vapeo intenso y duradero.<\/p>","protected":false},"featured_media":854,"comment_status":"open","ping_status":"closed","template":"","meta":[],"product_brand":[],"product_cat":[25],"product_tag":[],"class_list":{"0":"post-853","1":"product","2":"type-product","3":"status-publish","4":"has-post-thumbnail","6":"product_cat-ai-fakher-crown-bar-15000","8":"first","9":"outofstock","10":"sale","11":"shipping-taxable","12":"purchasable","13":"product-type-simple"},"jetpack_sharing_enabled":true,"_links":{"self":[{"href":"https:\/\/alfakherwelt.de\/es\/wp-json\/wp\/v2\/product\/853","targetHints":{"allow":["GET"]}}],"collection":[{"href":"https:\/\/alfakherwelt.de\/es\/wp-json\/wp\/v2\/product"}],"about":[{"href":"https:\/\/alfakherwelt.de\/es\/wp-json\/wp\/v2\/types\/product"}],"replies":[{"embeddable":true,"href":"https:\/\/alfakherwelt.de\/es\/wp-json\/wp\/v2\/comments?post=853"}],"wp:featuredmedia":[{"embeddable":true,"href":"https:\/\/alfakherwelt.de\/es\/wp-json\/wp\/v2\/media\/854"}],"wp:attachment":[{"href":"https:\/\/alfakherwelt.de\/es\/wp-json\/wp\/v2\/media?parent=853"}],"wp:term":[{"taxonomy":"product_brand","embeddable":true,"href":"https:\/\/alfakherwelt.de\/es\/wp-json\/wp\/v2\/product_brand?post=853"},{"taxonomy":"product_cat","embeddable":true,"href":"https:\/\/alfakherwelt.de\/es\/wp-json\/wp\/v2\/product_cat?post=853"},{"taxonomy":"product_tag","embeddable":true,"href":"https:\/\/alfakherwelt.de\/es\/wp-json\/wp\/v2\/product_tag?post=853"}],"curies":[{"name":"wp","href":"https:\/\/api.w.org\/{rel}","templated":true}]}}