{"id":848,"date":"2024-10-28T02:18:36","date_gmt":"2024-10-28T02:18:36","guid":{"rendered":"https:\/\/alfakherwelt.de\/?post_type=product&#038;p=848"},"modified":"2025-06-29T07:26:36","modified_gmt":"2025-06-29T07:26:36","slug":"ai-fakher-crown-bar-15000-inhalaciones-cigarrillo-electronico-desechable-cherry-fiesta","status":"publish","type":"product","link":"https:\/\/alfakherwelt.de\/es\/producto\/ai-fakher-crown-bar-15000-inhalaciones-cigarrillo-electronico-desechable-cherry-fiesta\/","title":{"rendered":"AI Fakher Crown Bar 15000 caladas Cigarrillo electr\u00f3nico desechable \u2013 Fiesta de cereza"},"content":{"rendered":"<h2><img loading=\"lazy\" decoding=\"async\" class=\"alignnone wp-image-846 size-full\" src=\"https:\/\/alfakherwelt.de\/wp-content\/uploads\/2024\/10\/6AI-Fakher-Crown-Bar-15000.webp\" alt=\"AI Fakher Crown Bar 15000 caladas Cigarrillo electr\u00f3nico desechable - Fiesta de cereza\" width=\"1946\" height=\"1946\" title=\"\" srcset=\"https:\/\/alfakherwelt.de\/wp-content\/uploads\/2024\/10\/6AI-Fakher-Crown-Bar-15000.webp 1946w, https:\/\/alfakherwelt.de\/wp-content\/uploads\/2024\/10\/6AI-Fakher-Crown-Bar-15000-300x300.webp 300w, https:\/\/alfakherwelt.de\/wp-content\/uploads\/2024\/10\/6AI-Fakher-Crown-Bar-15000-1024x1024.webp 1024w, https:\/\/alfakherwelt.de\/wp-content\/uploads\/2024\/10\/6AI-Fakher-Crown-Bar-15000-150x150.webp 150w, https:\/\/alfakherwelt.de\/wp-content\/uploads\/2024\/10\/6AI-Fakher-Crown-Bar-15000-768x768.webp 768w, https:\/\/alfakherwelt.de\/wp-content\/uploads\/2024\/10\/6AI-Fakher-Crown-Bar-15000-1536x1536.webp 1536w, https:\/\/alfakherwelt.de\/wp-content\/uploads\/2024\/10\/6AI-Fakher-Crown-Bar-15000-600x600.webp 600w, https:\/\/alfakherwelt.de\/wp-content\/uploads\/2024\/10\/6AI-Fakher-Crown-Bar-15000-100x100.webp 100w\" sizes=\"auto, (max-width: 1946px) 100vw, 1946px\" \/><\/h2>\n<h2><strong><a href=\"https:\/\/alfakherwelt.de\/es\/\">Al Fakher<\/a> Crown Bar 15000 PRO Disposable Vape \u2013 E-Zigarette desechable con 15.000 caladas para una experiencia de vapeo inolvidable<\/strong><\/h2>\n<h3><strong>Descripci\u00f3n general del producto<\/strong><\/h3>\n<p>La Al Fakher Crown Bar 15000 PRO cigarrillo electr\u00f3nico desechable es la \u00faltima innovaci\u00f3n para vapeadores exigentes que buscan confiar en la calidad, el sabor y la durabilidad. Con una impresionante capacidad de 22 ml de e-l\u00edquido, una duraci\u00f3n de la bater\u00eda que garantiza un uso continuo y nada menos que 15.000 caladas, este cigarrillo electr\u00f3nico ser\u00e1 su compa\u00f1ero durante muchos d\u00edas. Equipado con una bater\u00eda recargable de 600 mAh USB-C (cable no incluido), el dispositivo combina un excepcional placer de vapear con la ventaja pr\u00e1ctica de la durabilidad. Gracias a una pantalla LED avanzada, siempre tendr\u00e1 una visi\u00f3n general del estado de la bater\u00eda y la cantidad de e-l\u00edquido: ideal para llevarlo consigo.<\/p>\n<h3><strong>Destacados del producto<\/strong><\/h3>\n<ul>\n<li><strong>15.000 trenes de capacidad<\/strong>La Al Fakher Crown Bar 15000 ofrece un sabor uniforme y arom\u00e1tico con cada calada y proporciona un uso prolongado sin necesidad de recargar.<\/li>\n<li><strong>Capacidad de 22 ml de l\u00edquido electr\u00f3nico<\/strong>Lleno de l\u00edquido electr\u00f3nico rico, este dispositivo permite una experiencia de sabor intensa adecuada para los amantes de todos los sabores.<\/li>\n<li><strong>Bater\u00eda recargable de 600 mAh con USB-C<\/strong>: La bater\u00eda de este dispositivo proporciona un placer duradero hasta la \u00faltima gota de l\u00edquido electr\u00f3nico. Se puede recargar c\u00f3modamente con un cable USB-C, ideal para llevarlo en el bolsillo.<\/li>\n<li><strong>5%<\/strong>Con un contenido de nicotina de 50 mg, este dispositivo ofrece una agradable satisfacci\u00f3n para exfumadores y vapeadores experimentados.<\/li>\n<li><strong>Dise\u00f1o moderno con pantalla LED<\/strong>: La pantalla LED \u00fanica permite una f\u00e1cil verificaci\u00f3n del estado de la bater\u00eda y del nivel de E-Liquid.<\/li>\n<\/ul>\n<h3><strong>Por qu\u00e9 <a href=\"https:\/\/alfakherwelt.de\/es\/categoria-de-producto\/barra-de-corona-ai-fakher-15000\/\">Al Fakher Crown Bar 15000<\/a> elegir<\/strong><\/h3>\n<ol>\n<li><strong>Singular longevividad<\/strong>: Con 15.000 tiradas, la Al Fakher Crown Bar 15000 ofrece una de las mayores capacidades de vapeo del mercado, lo que reduce la molestia de volver a comprar o recargar.<\/li>\n<li><strong>Disfrute inmediato<\/strong>Gracias a la capacidad de l\u00edquido electr\u00f3nico prellenado y la bater\u00eda recargable, la entrada es inmediata: simplemente carga la bater\u00eda y disfruta.<\/li>\n<li><strong>Calidad premium y aromas aut\u00e9nticos<\/strong>Al Fakher es conocido por sus l\u00edquidos electr\u00f3nicos de alta calidad y ofrece el mismo sabor intenso en cada calada.<\/li>\n<li><strong>M\u00e1xima movilidad<\/strong>: La funci\u00f3n recargable hace que el dispositivo sea un compa\u00f1ero ideal para llevar mientras se mantiene la calidad del vapor.<\/li>\n<li><strong>Aplicaci\u00f3n simple<\/strong>: No complicado montaje o limpieza - simplemente cargar y vapear.<\/li>\n<\/ol>\n<h3><strong>Exclusiva variedad de aromas<\/strong><\/h3>\n<p>Al Fakher ha creado una amplia gama de sabores en el mundo de los cigarrillos electr\u00f3nicos desechables, que ofrecen algo para todos los gustos. Los aromas se han desarrollado cuidadosamente para ofrecer el sabor aut\u00e9ntico que se conoce de la cultura tradicional del tabaco, combinados con un toque moderno para la experiencia de vapeo.<\/p>\n<h4><strong>Cherry Fiesta<\/strong><\/h4>\n<p>Un aroma de cereza excepcionalmente intenso que hechiza con una dulzura afrutada. Cherry Fiesta hace que el sabor de cerezas maduras cobre vida y ofrece una experiencia que es a la vez suave e intensa. Con cada calada se despliega una profunda dulzura natural que recuerda a cerezas frescas y jugosas. Este sabor es ideal para aquellos que aprecian un sabor de fruta cl\u00e1sico y sin embargo intenso, que nunca resulta abrumador.<\/p>\n<h3><strong>La elecci\u00f3n perfecta para un sabor intenso<\/strong><\/h3>\n<p>La Al Fakher Crown Bar 15000 de cigarrillo electr\u00f3nico desechable ofrece un equilibrio \u00fanico entre potencia, sabor y movilidad. Cada bocanada es una experiencia en s\u00ed misma que entusiasma a los vapeadores y les hace regresar. Prueba este cigarrillo electr\u00f3nico desechable duradero y f\u00e1cil de usar <a href=\"https:\/\/alfakherwelt.de\/es\/\"><strong>alfakherwelt.de<\/strong><\/a> y descubra por qu\u00e9 es la primera opci\u00f3n entre los vapeadores en Alemania.<\/p>\n<p><strong>Ahora ordene en alfakherwelt.de<\/strong><\/p>","protected":false},"excerpt":{"rendered":"<p>La Al Fakher Crown Bar 15000 PRO cigarrillo electr\u00f3nico desechable ofrece 15.000 caladas, 22 ml de e-l\u00edquido, una bater\u00eda recargable de 600 mAh con USB-C y una pr\u00e1ctica pantalla LED para una experiencia de vapeo prolongada e intensa.<\/p>","protected":false},"featured_media":849,"comment_status":"open","ping_status":"closed","template":"","meta":[],"product_brand":[],"product_cat":[25],"product_tag":[],"class_list":{"0":"post-848","1":"product","2":"type-product","3":"status-publish","4":"has-post-thumbnail","6":"product_cat-ai-fakher-crown-bar-15000","8":"first","9":"outofstock","10":"sale","11":"shipping-taxable","12":"purchasable","13":"product-type-simple"},"jetpack_sharing_enabled":true,"_links":{"self":[{"href":"https:\/\/alfakherwelt.de\/es\/wp-json\/wp\/v2\/product\/848","targetHints":{"allow":["GET"]}}],"collection":[{"href":"https:\/\/alfakherwelt.de\/es\/wp-json\/wp\/v2\/product"}],"about":[{"href":"https:\/\/alfakherwelt.de\/es\/wp-json\/wp\/v2\/types\/product"}],"replies":[{"embeddable":true,"href":"https:\/\/alfakherwelt.de\/es\/wp-json\/wp\/v2\/comments?post=848"}],"wp:featuredmedia":[{"embeddable":true,"href":"https:\/\/alfakherwelt.de\/es\/wp-json\/wp\/v2\/media\/849"}],"wp:attachment":[{"href":"https:\/\/alfakherwelt.de\/es\/wp-json\/wp\/v2\/media?parent=848"}],"wp:term":[{"taxonomy":"product_brand","embeddable":true,"href":"https:\/\/alfakherwelt.de\/es\/wp-json\/wp\/v2\/product_brand?post=848"},{"taxonomy":"product_cat","embeddable":true,"href":"https:\/\/alfakherwelt.de\/es\/wp-json\/wp\/v2\/product_cat?post=848"},{"taxonomy":"product_tag","embeddable":true,"href":"https:\/\/alfakherwelt.de\/es\/wp-json\/wp\/v2\/product_tag?post=848"}],"curies":[{"name":"wp","href":"https:\/\/api.w.org\/{rel}","templated":true}]}}