{"id":844,"date":"2024-10-28T02:13:46","date_gmt":"2024-10-28T02:13:46","guid":{"rendered":"https:\/\/alfakherwelt.de\/?post_type=product&#038;p=844"},"modified":"2025-03-31T12:00:29","modified_gmt":"2025-03-31T12:00:29","slug":"ai-fakher-crown-bar-15000-inhalaciones-cigarrillo-electronico-desechable-limonada-azul-razz","status":"publish","type":"product","link":"https:\/\/alfakherwelt.de\/es\/producto\/ai-fakher-crown-bar-15000-inhalaciones-cigarrillo-electronico-desechable-limonada-azul-razz\/","title":{"rendered":"AI Fakher Crown Bar 15000 Caladas Cigarrillo Electr\u00f3nico Desechable - Blue Razz Limonada"},"content":{"rendered":"<h2><img loading=\"lazy\" decoding=\"async\" class=\"alignnone size-full wp-image-846\" src=\"https:\/\/alfakherwelt.de\/wp-content\/uploads\/2024\/10\/6AI-Fakher-Crown-Bar-15000.webp\" alt=\"AI Fakher Crown Bar 15000 Caladas Cigarrillo Electr\u00f3nico Desechable - Blue Razz Limonada\" width=\"1946\" height=\"1946\" title=\"\" srcset=\"https:\/\/alfakherwelt.de\/wp-content\/uploads\/2024\/10\/6AI-Fakher-Crown-Bar-15000.webp 1946w, https:\/\/alfakherwelt.de\/wp-content\/uploads\/2024\/10\/6AI-Fakher-Crown-Bar-15000-300x300.webp 300w, https:\/\/alfakherwelt.de\/wp-content\/uploads\/2024\/10\/6AI-Fakher-Crown-Bar-15000-1024x1024.webp 1024w, https:\/\/alfakherwelt.de\/wp-content\/uploads\/2024\/10\/6AI-Fakher-Crown-Bar-15000-150x150.webp 150w, https:\/\/alfakherwelt.de\/wp-content\/uploads\/2024\/10\/6AI-Fakher-Crown-Bar-15000-768x768.webp 768w, https:\/\/alfakherwelt.de\/wp-content\/uploads\/2024\/10\/6AI-Fakher-Crown-Bar-15000-1536x1536.webp 1536w, https:\/\/alfakherwelt.de\/wp-content\/uploads\/2024\/10\/6AI-Fakher-Crown-Bar-15000-600x600.webp 600w, https:\/\/alfakherwelt.de\/wp-content\/uploads\/2024\/10\/6AI-Fakher-Crown-Bar-15000-100x100.webp 100w\" sizes=\"auto, (max-width: 1946px) 100vw, 1946px\" \/><\/h2>\n<h2><strong>Al Fakher Crown Bar 15000 PRO Vape Desechable <\/strong><strong>Einzigartige Vape-Erfahrung f\u00fcr den deutschen Markt<\/strong><\/h2>\n<h3>Descripci\u00f3n del producto<\/h3>\n<p>La <strong><a href=\"https:\/\/alfakherwelt.de\/es\/categoria-de-producto\/barra-de-corona-ai-fakher-15000\/\">Al Fakher Crown Bar 15000 PRO<\/a> <a href=\"https:\/\/alfakherwelt.de\/es\/\">Cigarrillo electr\u00f3nico desechable<\/a><\/strong> Establece nuevos est\u00e1ndares en el mundo de los vapeadores desechables y ofrece una poderosa combinaci\u00f3n de capacidad de bater\u00eda duradera, una pantalla de \u00faltima generaci\u00f3n y experiencias de sabor intensas. Con su capacidad de 22 ml de e-l\u00edquido y un contenido de nicotina de 5% (50 mg), la Crown Bar est\u00e1 dirigida a conocedores que buscan una experiencia de vapeo prolongada y profunda. Impulsada por una bater\u00eda recargable USB-C de 600 mAh y equipada con una innovadora pantalla LED que muestra en tiempo real la cantidad de e-l\u00edquido y la potencia de la bater\u00eda, es una clase aparte.<\/p>\n<p>Der <strong>Crown Bar 15000<\/strong> No es solo la \u00faltima versi\u00f3n de la popular serie Al Fakher, sino que ofrece un impresionante n\u00famero de 15.000 caladas, que aseguran un vapeo duradero. El dise\u00f1o con el caracter\u00edstico logotipo impreso no solo hace que la Crown Bar 15000 PRO sea visualmente atractiva, sino que tambi\u00e9n genera conversaci\u00f3n. El alto n\u00famero de caladas y la potente producci\u00f3n de nubes hacen que la Al Fakher Crown Bar sea la elecci\u00f3n ideal para todos aquellos que quieren sacar el m\u00e1ximo provecho de su experiencia de vapeo.<\/p>\n<blockquote><p>Compre las <strong>Al Fakher Crown Bar 15000 PRO<\/strong> ahora en <a href=\"https:\/\/alfakherwelt.de\/es\/\" target=\"_new\" rel=\"noopener\">alfakherwelt.de<\/a> y experimente la mayor variedad de vapeadores desechables en Alemania.<\/p><\/blockquote>\n<hr \/>\n<h3>Caracter\u00edsticas del producto<\/h3>\n<ul>\n<li><strong>Capacidad del l\u00edquido electr\u00f3nico<\/strong>: 22 ml \u2013 Generosamente llenado para garantizar una experiencia de vapeo duradera sin necesidad de rellenar constantemente.<\/li>\n<li><strong>Contenido de nicotina<\/strong>: 5 % (50 mg) \u2013 Un marcado golpe de nicotina para una sensaci\u00f3n satisfactoria en cada tirada.<\/li>\n<li><strong>Capacidad de la bater\u00eda<\/strong>: 600 mAh recargable por USB-C (cable no incluido) - Para un rendimiento continuo, para que pueda vapear en cualquier momento.<\/li>\n<li><strong>N\u00famero de trenes<\/strong>: M\u00e1s de 15.000 viajes - Un n\u00famero de amortiguaci\u00f3n enormemente alto que garantiza un uso m\u00e1s prolongado y es econ\u00f3mico y pr\u00e1ctico.<\/li>\n<li><strong>Pantalla LED<\/strong>: Informa sobre el nivel de l\u00edquido y la potencia de la bater\u00eda - para un control sin esfuerzo sobre tus sesiones de vapeo.<\/li>\n<li><strong>Dise\u00f1o c\u00f3modo<\/strong>: Compacto y port\u00e1til con un dise\u00f1o \u00fanico - Perfecto para llevar.<\/li>\n<\/ul>\n<hr \/>\n<h3>Por qu\u00e9 <a href=\"https:\/\/alfakherwelt.de\/es\/categoria-de-producto\/barra-de-corona-ai-fakher-15000\/\">Al Fakher Crown Bar 15000 PRO<\/a> \u00bfComprar?<\/h3>\n<ul>\n<li><strong>Durabilidad superior<\/strong>: Con 15.000 bocanegra, el Al Fakher Crown Bar es un corredor de larga distancia entre los vapeadores desechables y ofrece un equilibrio perfecto entre sabor y rendimiento.<\/li>\n<li><strong>Pr\u00e1ctico y f\u00e1cil de usar<\/strong>El sistema de carga USB-C permite una carga r\u00e1pida y sencilla, ideal para vapers que est\u00e1n en movimiento y prefieren soluciones sin complicaciones.<\/li>\n<li><strong>Gran variedad de sabores<\/strong>Gracias a la larga experiencia de Al Fakhers en la industria del tabaco de shisha, los sabores son aut\u00e9nticos y de la m\u00e1s alta calidad.<\/li>\n<li><strong>Control visual<\/strong>: La pantalla LED permite una f\u00e1cil supervisi\u00f3n del estado del l\u00edquido y de la bater\u00eda, lo que hace que vapear sea a\u00fan m\u00e1s c\u00f3modo.<\/li>\n<\/ul>\n<hr \/>\n<h3>Descripci\u00f3n detallada de los sabores<\/h3>\n<p><strong>Sabor: Blue Razz Lemonade<\/strong><br \/>\nDisfruta la mezcla perfecta de sabor dulce y \u00e1cido, donde la frescura afrutada del ar\u00e1ndano azul se encuentra con el toque refrescante de la limonada. La variante Blue Razz Lemonade aporta un equilibrio armonioso entre notas dulces y refrescantes y es especialmente adecuada para vapeadores que prefieren una dulzura afrutada con un toque de acidez. Esta direcci\u00f3n de sabor es ideal para un momento de disfrute refrescante y le da a cada calada una nota inconfundible.<\/p>\n<p><strong>Otras variedades disponibles en <a href=\"https:\/\/alfakherwelt.de\/es\/\">Al Fakher<\/a> Vapes<\/strong><br \/>\nAl Fakher es conocido por sus matices de sabor y la cuidadosa selecci\u00f3n de ingredientes de alta calidad. Desde sabores cl\u00e1sicos afrutados hasta mezclas creativas que aportan lo mejor de la cultura de la shisha al \u00e1mbito de los vaporizadores desechables, Al Fakher ofrece una variedad de sabores que entusiasmar\u00e1n a cualquier amante de los vaporizadores. Cada sabor se caracteriza por una nota aut\u00e9ntica e intensa y ofrece una experiencia de vapeo que se enlaza con la tradici\u00f3n y la calidad de la cultura de la shisha.<\/p>\n<hr \/>\n<h3>Conclusi\u00f3n<\/h3>\n<p>La <a href=\"https:\/\/alfakherwelt.de\/es\/categoria-de-producto\/barra-de-corona-ai-fakher-15000\/\"><strong>Al Fakher Crown Bar 15000 PRO<\/strong><\/a> La cigarrilla electr\u00f3nica desechable es m\u00e1s que un simple vape: es un producto de placer que combina innovaci\u00f3n, rendimiento y sabor. Desde su potente duraci\u00f3n de la bater\u00eda hasta su amplia capacidad de l\u00edquido electr\u00f3nico y su intuitiva pantalla LED, la Crown Bar est\u00e1 dise\u00f1ada para ofrecer una experiencia de vapeo fluida y satisfactoria. Gracias al alto n\u00famero de caladas y a los sabores de alta calidad, la Al Fakher Crown Bar aporta las mejores caracter\u00edsticas del mundo de la shisha a una soluci\u00f3n compacta y desechable.<\/p>\n<p>Visite <a href=\"https:\/\/alfakherwelt.de\/es\/\" target=\"_new\" rel=\"noopener\">alfakherwelt.de<\/a>, la plataforma l\u00edder de Alemania para vapeadores desechables, y descubra Al Fakher Crown Bar 15000 PRO y muchos otros vapeadores desechables premium.<\/p>","protected":false},"excerpt":{"rendered":"<p>La <strong>Al Fakher Crown Bar 15000 PRO cigarrillo electr\u00f3nico desechable<\/strong> ofrece una intensa experiencia de vapeo con 15.000 caladas, una pr\u00e1ctica pantalla LED y una rica selecci\u00f3n de sabores aut\u00e9nticos, ideal para los amantes del vapeo que valoran la calidad y la durabilidad.<\/p>","protected":false},"featured_media":845,"comment_status":"open","ping_status":"closed","template":"","meta":[],"product_brand":[],"product_cat":[25],"product_tag":[],"class_list":{"0":"post-844","1":"product","2":"type-product","3":"status-publish","4":"has-post-thumbnail","6":"product_cat-ai-fakher-crown-bar-15000","8":"first","9":"outofstock","10":"sale","11":"shipping-taxable","12":"purchasable","13":"product-type-simple"},"jetpack_sharing_enabled":true,"_links":{"self":[{"href":"https:\/\/alfakherwelt.de\/es\/wp-json\/wp\/v2\/product\/844","targetHints":{"allow":["GET"]}}],"collection":[{"href":"https:\/\/alfakherwelt.de\/es\/wp-json\/wp\/v2\/product"}],"about":[{"href":"https:\/\/alfakherwelt.de\/es\/wp-json\/wp\/v2\/types\/product"}],"replies":[{"embeddable":true,"href":"https:\/\/alfakherwelt.de\/es\/wp-json\/wp\/v2\/comments?post=844"}],"wp:featuredmedia":[{"embeddable":true,"href":"https:\/\/alfakherwelt.de\/es\/wp-json\/wp\/v2\/media\/845"}],"wp:attachment":[{"href":"https:\/\/alfakherwelt.de\/es\/wp-json\/wp\/v2\/media?parent=844"}],"wp:term":[{"taxonomy":"product_brand","embeddable":true,"href":"https:\/\/alfakherwelt.de\/es\/wp-json\/wp\/v2\/product_brand?post=844"},{"taxonomy":"product_cat","embeddable":true,"href":"https:\/\/alfakherwelt.de\/es\/wp-json\/wp\/v2\/product_cat?post=844"},{"taxonomy":"product_tag","embeddable":true,"href":"https:\/\/alfakherwelt.de\/es\/wp-json\/wp\/v2\/product_tag?post=844"}],"curies":[{"name":"wp","href":"https:\/\/api.w.org\/{rel}","templated":true}]}}