{"id":825,"date":"2024-10-25T08:27:09","date_gmt":"2024-10-25T08:27:09","guid":{"rendered":"https:\/\/alfakherwelt.de\/?post_type=product&#038;p=825"},"modified":"2025-06-29T07:26:48","modified_gmt":"2025-06-29T07:26:48","slug":"ai-fakher-crown-bar-15000-inhalaciones-cigarrillo-electronico-desechable-chicle-de-arandano","status":"publish","type":"product","link":"https:\/\/alfakherwelt.de\/es\/producto\/ai-fakher-crown-bar-15000-inhalaciones-cigarrillo-electronico-desechable-chicle-de-arandano\/","title":{"rendered":"AI Fakher Crown Bar 15000 caladas Cigarrillo electr\u00f3nico desechable - Goma de ar\u00e1ndano azul"},"content":{"rendered":"<h2><img loading=\"lazy\" decoding=\"async\" class=\"alignnone wp-image-824 size-full\" src=\"https:\/\/alfakherwelt.de\/wp-content\/uploads\/2024\/10\/1AI-Fakher-Crown-Bar-15000.webp\" alt=\"AI Fakher Crown Bar 15000 caladas Cigarrillo electr\u00f3nico desechable - Goma de ar\u00e1ndano azul \" width=\"1080\" height=\"1440\" title=\"\" srcset=\"https:\/\/alfakherwelt.de\/wp-content\/uploads\/2024\/10\/1AI-Fakher-Crown-Bar-15000.webp 1080w, https:\/\/alfakherwelt.de\/wp-content\/uploads\/2024\/10\/1AI-Fakher-Crown-Bar-15000-225x300.webp 225w, https:\/\/alfakherwelt.de\/wp-content\/uploads\/2024\/10\/1AI-Fakher-Crown-Bar-15000-768x1024.webp 768w, https:\/\/alfakherwelt.de\/wp-content\/uploads\/2024\/10\/1AI-Fakher-Crown-Bar-15000-600x800.webp 600w\" sizes=\"auto, (max-width: 1080px) 100vw, 1080px\" \/><\/h2>\n<h3><a href=\"https:\/\/alfakherwelt.de\/es\/\">Al Fakher<\/a> Crown Bar 15000 PRO: El cigarrillo electr\u00f3nico desechable definitivo para sabor y rendimiento<\/h3>\n<p>Descubre la Al Fakher Crown Bar 15000 PRO, un innovador cigarrillo electr\u00f3nico desechable que cumple plenamente los deseos de los vapeadores modernos en Alemania. Con un impresionante n\u00famero de caladas, un excelente sabor y un dise\u00f1o elegante, este dispositivo es la elecci\u00f3n perfecta para aquellos que buscan una experiencia de vapeo de primera clase. Visita alfakherwelt.de, la mayor plataforma en l\u00ednea en Alemania para vapeadores desechables de alta calidad, y experimenta la Al Fakher Crown Bar 15000 PRO.<\/p>\n<hr \/>\n<h2>Potente y f\u00e1cil de usar<\/h2>\n<p>La <a href=\"https:\/\/alfakherwelt.de\/es\/categoria-de-producto\/barra-de-corona-ai-fakher-15000\/\">Al Fakher Crown Bar 15000 PRO<\/a> Es m\u00e1s que un cigarrillo electr\u00f3nico desechable: es una obra maestra de la tecnolog\u00eda moderna de vapeo. El dispositivo ofrece nada menos que 15.000 caladas y contiene una bater\u00eda potente y recargable de 600mAh que se puede recargar f\u00e1cilmente a trav\u00e9s de USB-C. Llena con 22 ml de l\u00edquidos electr\u00f3nicos de alta calidad y una concentraci\u00f3n de nicotina de 5% (50 mg), la Crown Bar ofrece un golpe de nicotina fuerte y duradero tanto para vapeadores experimentados como para principiantes. Una pantalla LED integrada muestra en todo momento el nivel actual de la bater\u00eda y el nivel de l\u00edquido electr\u00f3nico, para que nunca te quedes sin vapor de manera inesperada.<\/p>\n<hr \/>\n<h2>Caracter\u00edsticas principales de un vistazo<\/h2>\n<ul>\n<li><strong>Capacidad<\/strong>: 22 ml de l\u00edquido electr\u00f3nico, suficiente para una larga y despreocupada experiencia de vapeo.<\/li>\n<li><strong>Fortaleza de la nicotina<\/strong>: 5 % Nicotina (50 mg), perfecto para un golpe intenso.<\/li>\n<li><strong>Capacidad de la bater\u00eda<\/strong>: Bater\u00eda recargable de 600mAh (conector USB-C) para una carga f\u00e1cil en movimiento.<\/li>\n<li><strong>N\u00famero de caladas<\/strong>: Unsuperables 15.000 ciclos para una duradera satisfacci\u00f3n.<\/li>\n<li><strong>Anuncio<\/strong>: Pantalla LED para monitorear el estado de la bater\u00eda y el nivel de l\u00edquido electr\u00f3nico en tiempo real.<\/li>\n<li><strong>Dise\u00f1o<\/strong>: Forma elegante y el ic\u00f3nico logotipo de Al Fakher, que hace que el dispositivo sea inconfundible.<\/li>\n<\/ul>\n<hr \/>\n<h2>Una experiencia gastron\u00f3mica de primera clase<\/h2>\n<p>Al Fakher es conocido desde hace mucho tiempo por sus sabores sobresalientes en el sector de la industria del tabaco de shisha, y esta experiencia se refleja en la variedad de sabores de Crown Bar 15000 PRO. Cada calada le ofrece la sensaci\u00f3n de sumergirse en un aroma fresco y jugoso. Nuestro destaque especial:<\/p>\n<h3><strong>Goma de Ar\u00e1ndano Azul - Sabor intenso a chicle de ar\u00e1ndano azul<\/strong><\/h3>\n<p>Este sabor es una mezcla armoniosa de bayas azules dulces y maduras con un toque de chicle fresco. Con cada calada, se despliega el sabor rico e intenso, que act\u00faa como un impulso fresco y afrutado. La dulzura de las bayas azules se equilibra perfectamente con la ligera frescura del chicle, lo que proporciona una experiencia de vapor revitalizante que seduce tus sentidos y te invita a repetir la calada.<\/p>\n<p>Esta variedad de sabor fue desarrollada para combinar la dulzura natural de los ar\u00e1ndanos con una nota discreta de chicle, ofreciendo as\u00ed un equilibrio perfecto entre fruta y frescura. Ideal para todos aquellos que buscan una composici\u00f3n de sabor \u00fanica, que sea a la vez familiar e innovadora.<\/p>\n<hr \/>\n<h2>Por qu\u00e9 usted la <a href=\"https:\/\/alfakherwelt.de\/es\/categoria-de-producto\/barra-de-corona-ai-fakher-15000\/\">Al Fakher Crown Bar 15000 PRO<\/a> deber\u00edan comprar<\/h2>\n<ol>\n<li><strong>Durabilidad<\/strong>: Con un incre\u00edble n\u00famero de 15.000 puffs, no tendr\u00e1s que preocuparte por buscar constantemente un nuevo dispositivo.<\/li>\n<li><strong>Manejo sencillo<\/strong>El sistema recargable USB-C y la pantalla LED de alta legibilidad hacen que la carga y el uso sean incre\u00edblemente f\u00e1ciles.<\/li>\n<li><strong>Excelentes aromas<\/strong>Al Fakher ofrece una variada gama de sabores que se ajustan a los est\u00e1ndares de calidad m\u00e1s altos y convierten el vapeo en un verdadero placer.<\/li>\n<li><strong>Dise\u00f1o elegante<\/strong>: El dise\u00f1o inconfundible con el logotipo de Al Fakher hace que el dispositivo sea un verdadero llamativo.<\/li>\n<li><strong>Perfecci\u00f3n de la fuerza de la nicotina<\/strong>Con 5 % de nicotina, la Crown Bar es ideal para aquellos que buscan una experiencia de vapeo fuerte y satisfactoria.<\/li>\n<\/ol>\n<hr \/>\n<h2>Un experiencia para verdaderos entusiastas del vapor<\/h2>\n<p>Si usted una <a href=\"https:\/\/alfakherwelt.de\/es\/\">Cigarrillo electr\u00f3nico desechable<\/a> buscar, que no solo se vea bien, sino que tambi\u00e9n sea funcional y duradero, la Al Fakher Crown Bar 15000 PRO es la mejor opci\u00f3n. La combinaci\u00f3n de alta resistencia a la nicotina, un impresionante volumen de caladas y una excelente calidad de sabor hace que este dispositivo sea la soluci\u00f3n perfecta para todos aquellos que aman vapear y desean un dispositivo fiable y f\u00e1cil de usar.<\/p>\n<p>Visite <a href=\"https:\/\/alfakherwelt.de\/es\/\">alfakherwelt.de<\/a> und sichern Sie sich Ihre Al Fakher Crown Bar 15000 PRO \u2013 el futuro del vapeo en Alemania!<\/p>","protected":false},"excerpt":{"rendered":"<p>La Al Fakher Crown Bar 15000 PRO es un cigarrillo electr\u00f3nico desechable recargable potente con 15.000 caladas, 22 ml de l\u00edquido electr\u00f3nico arom\u00e1tico, una pantalla LED f\u00e1cil de usar y experiencias de sabor intensas, disponible en<strong> alfakherwelt.de.<\/strong><\/p>","protected":false},"featured_media":826,"comment_status":"open","ping_status":"closed","template":"","meta":[],"product_brand":[],"product_cat":[25],"product_tag":[],"class_list":{"0":"post-825","1":"product","2":"type-product","3":"status-publish","4":"has-post-thumbnail","6":"product_cat-ai-fakher-crown-bar-15000","8":"first","9":"outofstock","10":"sale","11":"shipping-taxable","12":"purchasable","13":"product-type-simple"},"jetpack_sharing_enabled":true,"_links":{"self":[{"href":"https:\/\/alfakherwelt.de\/es\/wp-json\/wp\/v2\/product\/825","targetHints":{"allow":["GET"]}}],"collection":[{"href":"https:\/\/alfakherwelt.de\/es\/wp-json\/wp\/v2\/product"}],"about":[{"href":"https:\/\/alfakherwelt.de\/es\/wp-json\/wp\/v2\/types\/product"}],"replies":[{"embeddable":true,"href":"https:\/\/alfakherwelt.de\/es\/wp-json\/wp\/v2\/comments?post=825"}],"wp:featuredmedia":[{"embeddable":true,"href":"https:\/\/alfakherwelt.de\/es\/wp-json\/wp\/v2\/media\/826"}],"wp:attachment":[{"href":"https:\/\/alfakherwelt.de\/es\/wp-json\/wp\/v2\/media?parent=825"}],"wp:term":[{"taxonomy":"product_brand","embeddable":true,"href":"https:\/\/alfakherwelt.de\/es\/wp-json\/wp\/v2\/product_brand?post=825"},{"taxonomy":"product_cat","embeddable":true,"href":"https:\/\/alfakherwelt.de\/es\/wp-json\/wp\/v2\/product_cat?post=825"},{"taxonomy":"product_tag","embeddable":true,"href":"https:\/\/alfakherwelt.de\/es\/wp-json\/wp\/v2\/product_tag?post=825"}],"curies":[{"name":"wp","href":"https:\/\/api.w.org\/{rel}","templated":true}]}}