{"id":494,"date":"2024-09-20T09:26:57","date_gmt":"2024-09-20T09:26:57","guid":{"rendered":"https:\/\/alfakherwelt.de\/?post_type=product&#038;p=494"},"modified":"2024-12-09T01:09:07","modified_gmt":"2024-12-09T01:09:07","slug":"al-fakher-crown-bar-8000-inhalaciones-cigarrillo-electronico-desechable-maracuya-dulce-28","status":"publish","type":"product","link":"https:\/\/alfakherwelt.de\/es\/producto\/al-fakher-crown-bar-8000-inhalaciones-cigarrillo-electronico-desechable-maracuya-dulce-28\/","title":{"rendered":"AL Fakher Crown Bar 8000 Z\u00fcge Einweg E Zigarette \u2013 Dulce Passionfruit"},"content":{"rendered":"<div style=\"width: 360px;\" class=\"wp-video\"><video class=\"wp-video-shortcode\" id=\"video-494-1\" width=\"360\" height=\"640\" preload=\"metadata\" controls=\"controls\"><source type=\"video\/mp4\" src=\"https:\/\/alfakherwelt.de\/wp-content\/uploads\/2024\/09\/AL-Fakher-Vape-Berry-Mint.mp4?_=1\" \/><a href=\"https:\/\/alfakherwelt.de\/wp-content\/uploads\/2024\/09\/AL-Fakher-Vape-Berry-Mint.mp4\">https:\/\/alfakherwelt.de\/wp-content\/uploads\/2024\/09\/AL-Fakher-Vape-Berry-Mint.mp4<\/a><\/video><\/div>\n<h2><\/h2>\n<h2><strong><a href=\"https:\/\/alfakherwelt.de\/es\/\">AL Fakher<\/a> Crown Bar 8000 Z\u00fcge: E-cigarrillo desechable de clase premium<\/strong><\/h2>\n<p>Erleben Sie mit der \n -&gt; Disfrute con la <a href=\"https:\/\/alfakherwelt.de\/es\/categoria-de-producto\/barra-de-corona-al-fakher-8000\/\"><strong>AL Fakher Crown Bar 8000 Z\u00fcge \n\nbecomes \n\nAL Fakher Crown Bar 8000 tiradas<\/strong><\/a> una experiencia \u00fanica de vapeo que se caracteriza por sabores excepcionales y un dise\u00f1o elegante. Este vape de un solo uso combina la rica tradici\u00f3n de shisha con la tecnolog\u00eda m\u00e1s avanzada para ofrecer una experiencia de nicotina c\u00f3moda e intensa que dura hasta <strong>8000 trenes<\/strong> permite - ideal para todos aquellos que buscan la comodidad de un dispositivo desechable sin comprometer la calidad y el sabor.<\/p>\n<h3><strong>Dise\u00f1o y portabilidad<\/strong><\/h3>\n<p>Der <a href=\"https:\/\/alfakherwelt.de\/es\/categoria-de-producto\/barra-de-corona-al-fakher-8000\/\"><strong>AL Fakher Crown Bar 8000 Z\u00fcge \n\nbecomes \n\nAL Fakher Crown Bar 8000 tiradas<\/strong><\/a>\u00a0No solo convence por su funcionalidad, sino tambi\u00e9n por un dise\u00f1o especialmente elegante. La superficie coloreada y grabada le da a este vape un estilo inconfundible que llama inmediatamente la atenci\u00f3n. Gracias al dise\u00f1o delgado y compacto, el dispositivo se puede transportar f\u00e1cilmente, perfecto para uso m\u00f3vil. Ya sea en el bolsillo o en la mano, este dispositivo ligero proporciona un manejo agradable, mientras que la punta de gota alargada se apoya suavemente en los labios, para asegurar un uso c\u00f3modo e higi\u00e9nico.<\/p>\n<h3><strong>Destacados t\u00e9cnicos<\/strong><\/h3>\n<ul>\n<li><strong>Capacidad:<\/strong> Prellenado con 18 ml de l\u00edquido electr\u00f3nico de sal de nicotina, este dispositivo dura hasta <strong>8000 trenes<\/strong>, lo que lo convierte en uno de los vaporizadores desechables m\u00e1s duraderos del mercado.<\/li>\n<li><strong>Nikotina fuerza:<\/strong> Contiene <strong>5 % (50 mg) Nicotina<\/strong>Ideal para usuarios que prefieren una experiencia de nicotina intensa.<\/li>\n<li><strong>Recargable:<\/strong> Equipado con un potente <strong>600mAh<\/strong>-Bater\u00eda que se carga sin esfuerzo a trav\u00e9s del <strong>Conexi\u00f3n tipo C<\/strong> se puede cargar (el cable no est\u00e1 incluido).<\/li>\n<li><strong>Activaci\u00f3n de tren:<\/strong> No hay botones, no hay estr\u00e9s - el dispositivo se activa simplemente tirando de \u00e9l.<\/li>\n<li><strong>Dise\u00f1o robusto:<\/strong> Fabricado con materiales duraderos, resiste ca\u00eddas accidentales y permanece funcional durante mucho tiempo.<\/li>\n<\/ul>\n<h3><strong>Por qu\u00e9 usted la <a href=\"https:\/\/alfakherwelt.de\/es\/categoria-de-producto\/barra-de-corona-al-fakher-8000\/\">AL Fakher Crown Bar 8000 Z\u00fcge \n\nbecomes \n\nAL Fakher Crown Bar 8000 tiradas<\/a>\u00a0deber\u00edan elegir<\/strong><\/h3>\n<ul>\n<li><strong>M\u00e1xima comodidad:<\/strong> Sin rellenar, sin recargar los e-l\u00edquidos - simplemente usar y disfrutar hasta el \u00faltimo tiro.<\/li>\n<li><strong>Variedades de sabores:<\/strong> sea lo que sea que prefieras, desde notas frutales hasta mezclas de tabaco robustas, hay algo para todos los gustos. Esto hace que la <strong>Crown Bar 8000<\/strong> una excelente opci\u00f3n para todos aquellos que desean descubrir nuevos sabores con regularidad.<\/li>\n<li><strong>Larga experiencia de vapor:<\/strong> Con una capacidad de bater\u00eda para <strong>8000 trenes<\/strong> Y con una carcasa robusta, la experiencia de vapeo sigue siendo constantemente de alta calidad hasta que el dispositivo se agota por completo.<\/li>\n<li><strong>Dise\u00f1o elegante:<\/strong> Un vapeador que no solo convence t\u00e9cnicamente, sino tambi\u00e9n \u00f3pticamente: el accesorio perfecto para el vapeador moderno.<\/li>\n<\/ul>\n<h3><strong>Descripci\u00f3n detallada de los sabores<\/strong><\/h3>\n<p>La <strong>AL Fakher Crown Bar 8000 Z\u00fcge \n\nbecomes \n\nAL Fakher Crown Bar 8000 tiradas<\/strong> ofrece una selecci\u00f3n notable de sabores que hacen que cada sesi\u00f3n de vapeo sea una experiencia especial. Un punto destacado entre los sabores disponibles es el ex\u00f3tico <strong>Dulce Pasionaria<\/strong>:<\/p>\n<h4><strong>Dulce Pasionaria<\/strong> \u2013 Un viaje tropical para tus sentidos<\/h4>\n<p><strong>Dulce Pasionaria<\/strong> Es m\u00e1s que un simple sabor - es un viaje a tierras tropicales, donde la frescura ex\u00f3tica de la maracuy\u00e1 se fusiona con una ligera dulzura. Esta variedad de sabor captura la esencia pura de la maracuy\u00e1, donde el primer golpe proporciona un impacto intenso y afrutado en el paladar, que se vuelve m\u00e1s sutil y matizado con cada inhalaci\u00f3n posterior. El aroma dulce es a la vez estimulante y suave, por lo que vapear es satisfactorio y agradablemente ligero.<\/p>\n<p>La frescura natural de este aroma a fruta se despliega inmediatamente despu\u00e9s del primer sorbo y persiste de manera sostenible, sin parecer artificial o sobrecargado. El ligero toque de acidez, combinado con la dulzura de la fruta de pasi\u00f3n, ofrece una experiencia de sabor perfectamente equilibrada que se adapta a cualquier hora del d\u00eda. Para los vapeadores que aman la frescura de los tr\u00f3picos, esta es la elecci\u00f3n ideal. Cada inhalaci\u00f3n trae los aspectos soleados del clima tropical hasta usted - intenso, dulce y sin embargo refrescante.<\/p>\n<p>Este sabor se caracteriza por una nube de vapor suave y rica que se posa suavemente en la garganta y libera suavemente la nicotina. La combinaci\u00f3n perfecta de acidez y dulzura hace que la fruta de la pasi\u00f3n sea la estrella de cada sesi\u00f3n de vapeo. Sentir\u00e1 como si estuviera mordiendo una pulpa de fruta real, tan aut\u00e9ntico y vivo es este aroma.<\/p>\n<h3><strong>Nuestra recomendaci\u00f3n<\/strong><\/h3>\n<p>Si est\u00e1s buscando un vape de un solo uso de alta calidad que sea a la vez elegante y potente, entonces el <strong>AL Fakher Crown Bar 8000 Z\u00fcge \n\nbecomes \n\nAL Fakher Crown Bar 8000 tiradas<\/strong> exactamente lo correcto para usted. Gracias a su construcci\u00f3n duradera y la amplia selecci\u00f3n de sabores, cada sesi\u00f3n de vapeo se convierte en un placer especial. Descubra esta experiencia \u00fanica de vapeo en <strong><a href=\"https:\/\/alfakherwelt.de\/es\/\" target=\"_new\" rel=\"noopener\">alfakherwelt.de<\/a><\/strong>, el mayor proveedor de vapeadores desechables en Alemania. Sum\u00e9rjase en el mundo del vapeo premium con el AL Fakher Crown Bar y experimente hasta <strong>8000 trenes<\/strong> puro placer.<\/p>\n<h3><strong>Detalles t\u00e9cnicos de un vistazo<\/strong><\/h3>\n<ul>\n<li><strong>L\u00edquido:<\/strong> 18 ml de l\u00edquido electr\u00f3nico de sal de nicotina prellenado<\/li>\n<li><strong>Nikotina fuerza:<\/strong> 5 % Nicotina (50 mg)<\/li>\n<li><strong>Trenes:<\/strong> Hasta 8000 trenes por dispositivo<\/li>\n<li><strong>Akku<\/strong> 600mAh, recargable a trav\u00e9s de conector Tipo-C<\/li>\n<li><strong>Activaci\u00f3n de tren:<\/strong> No se requiere presi\u00f3n de un bot\u00f3n, se activa al arrastrar<\/li>\n<\/ul>\n<p>&nbsp;<\/p>\n<h2><img loading=\"lazy\" decoding=\"async\" class=\"alignnone wp-image-293 size-full\" src=\"https:\/\/alfakherwelt.de\/wp-content\/uploads\/2024\/09\/Strawberry_Punch_8000.webp\" alt=\"AL Fakher Crown Bar 8000 Z\u00fcge Einweg E Zigarette - Dulce Passionfruit\" width=\"990\" height=\"990\" title=\"\" srcset=\"https:\/\/alfakherwelt.de\/wp-content\/uploads\/2024\/09\/Strawberry_Punch_8000.webp 990w, https:\/\/alfakherwelt.de\/wp-content\/uploads\/2024\/09\/Strawberry_Punch_8000-300x300.webp 300w, https:\/\/alfakherwelt.de\/wp-content\/uploads\/2024\/09\/Strawberry_Punch_8000-150x150.webp 150w, https:\/\/alfakherwelt.de\/wp-content\/uploads\/2024\/09\/Strawberry_Punch_8000-768x768.webp 768w, https:\/\/alfakherwelt.de\/wp-content\/uploads\/2024\/09\/Strawberry_Punch_8000-600x600.webp 600w, https:\/\/alfakherwelt.de\/wp-content\/uploads\/2024\/09\/Strawberry_Punch_8000-100x100.webp 100w\" sizes=\"auto, (max-width: 990px) 100vw, 990px\" \/><\/h2>\n<p>La <strong>AL Fakher Crown Bar 8000 Z\u00fcge \n\nbecomes \n\nAL Fakher Crown Bar 8000 tiradas<\/strong> ofrece no solo una amplia gama de sabores y una extraordinaria facilidad de uso, sino que tambi\u00e9n es la elecci\u00f3n perfecta para vapeadores exigentes que valoran la calidad y el estilo. Visite <strong><a href=\"https:\/\/alfakherwelt.de\/es\/\" target=\"_new\" rel=\"noopener\">alfakherwelt.de<\/a><\/strong> y aseg\u00farese su aroma favorito.<\/p>","protected":false},"excerpt":{"rendered":"<div class=\"flex-shrink-0 flex flex-col relative items-end\">\n<div class=\"pt-0\">\n<div class=\"gizmo-shadow-stroke flex h-8 w-8 items-center justify-center overflow-hidden rounded-full\">\n<div class=\"h-full w-full\">El AL Fakher Crown Bar 8000 tiradas es un cigarrillo electr\u00f3nico desechable elegante y potente que ofrece una experiencia de vapeo de primera clase con su dise\u00f1o elegante, f\u00e1cil manejo y una variedad de sabores intensos.<\/div>\n<\/div>\n<\/div>\n<\/div>","protected":false},"featured_media":496,"comment_status":"open","ping_status":"closed","template":"","meta":[],"product_brand":[],"product_cat":[15],"product_tag":[],"class_list":{"0":"post-494","1":"product","2":"type-product","3":"status-publish","4":"has-post-thumbnail","6":"product_cat-al-fakher-crown-bar-8000","8":"first","9":"outofstock","10":"sale","11":"shipping-taxable","12":"purchasable","13":"product-type-simple"},"jetpack_sharing_enabled":true,"_links":{"self":[{"href":"https:\/\/alfakherwelt.de\/es\/wp-json\/wp\/v2\/product\/494","targetHints":{"allow":["GET"]}}],"collection":[{"href":"https:\/\/alfakherwelt.de\/es\/wp-json\/wp\/v2\/product"}],"about":[{"href":"https:\/\/alfakherwelt.de\/es\/wp-json\/wp\/v2\/types\/product"}],"replies":[{"embeddable":true,"href":"https:\/\/alfakherwelt.de\/es\/wp-json\/wp\/v2\/comments?post=494"}],"wp:featuredmedia":[{"embeddable":true,"href":"https:\/\/alfakherwelt.de\/es\/wp-json\/wp\/v2\/media\/496"}],"wp:attachment":[{"href":"https:\/\/alfakherwelt.de\/es\/wp-json\/wp\/v2\/media?parent=494"}],"wp:term":[{"taxonomy":"product_brand","embeddable":true,"href":"https:\/\/alfakherwelt.de\/es\/wp-json\/wp\/v2\/product_brand?post=494"},{"taxonomy":"product_cat","embeddable":true,"href":"https:\/\/alfakherwelt.de\/es\/wp-json\/wp\/v2\/product_cat?post=494"},{"taxonomy":"product_tag","embeddable":true,"href":"https:\/\/alfakherwelt.de\/es\/wp-json\/wp\/v2\/product_tag?post=494"}],"curies":[{"name":"wp","href":"https:\/\/api.w.org\/{rel}","templated":true}]}}