{"id":490,"date":"2024-09-19T01:23:49","date_gmt":"2024-09-19T01:23:49","guid":{"rendered":"https:\/\/alfakherwelt.de\/?post_type=product&#038;p=490"},"modified":"2026-03-06T07:09:15","modified_gmt":"2026-03-06T07:09:15","slug":"ai-fakher-crown-bar-12000-inhalaciones-cigarrillo-electronico-desechable-dos-manzanas","status":"publish","type":"product","link":"https:\/\/alfakherwelt.de\/es\/producto\/ai-fakher-crown-bar-12000-inhalaciones-cigarrillo-electronico-desechable-dos-manzanas\/","title":{"rendered":"AI Fakher Crown Bar 12000 Z\u00fcge Hookah Sound Einweg E Zigarette \u2013 Two Apple \n\n se convierte en \n\n AI Fakher Crown Bar 12000 caladas Hookah Sound E-cigarrillo desechable - Dos manzanas"},"content":{"rendered":"<h2><strong><img loading=\"lazy\" decoding=\"async\" class=\"alignnone wp-image-450 size-full\" src=\"https:\/\/alfakherwelt.de\/wp-content\/uploads\/2024\/09\/AI-Fakher-Crown-Bar-12000\uff082\uff09.webp\" alt=\"AI Fakher Crown Bar 12000 Z\u00fcge Einweg E Zigarette - Two Apple\" width=\"1837\" height=\"2522\" title=\"\" srcset=\"https:\/\/alfakherwelt.de\/wp-content\/uploads\/2024\/09\/AI-Fakher-Crown-Bar-12000\uff082\uff09.webp 1837w, https:\/\/alfakherwelt.de\/wp-content\/uploads\/2024\/09\/AI-Fakher-Crown-Bar-12000\uff082\uff09-219x300.webp 219w, https:\/\/alfakherwelt.de\/wp-content\/uploads\/2024\/09\/AI-Fakher-Crown-Bar-12000\uff082\uff09-746x1024.webp 746w, https:\/\/alfakherwelt.de\/wp-content\/uploads\/2024\/09\/AI-Fakher-Crown-Bar-12000\uff082\uff09-768x1054.webp 768w, https:\/\/alfakherwelt.de\/wp-content\/uploads\/2024\/09\/AI-Fakher-Crown-Bar-12000\uff082\uff09-1119x1536.webp 1119w, https:\/\/alfakherwelt.de\/wp-content\/uploads\/2024\/09\/AI-Fakher-Crown-Bar-12000\uff082\uff09-1492x2048.webp 1492w, https:\/\/alfakherwelt.de\/wp-content\/uploads\/2024\/09\/AI-Fakher-Crown-Bar-12000\uff082\uff09-600x824.webp 600w\" sizes=\"auto, (max-width: 1837px) 100vw, 1837px\" \/><\/strong><\/h2>\n<h1><a href=\"https:\/\/alfakherwelt.de\/es\/\">Al Fakher<\/a> Crown Bar 12000 PRO \u2013 El vapeador desechable definitivo para los amantes del vapeo en Alemania<\/h1>\n<p>El Al Fakher Crown Bar 12000 PRO no es simplemente otro dispositivo de vapeo en el mercado; es una combinaci\u00f3n de tecnolog\u00eda de punta y la sensaci\u00f3n tradicional de una pipa de agua. Con su notable capacidad de hasta <strong>12.000 trenes<\/strong> ofrece una experiencia inolvidable de vapeador que atraer\u00e1 tanto a fumadores ocasionales como a vapeadores experimentados.<\/p>\n<h2>Descripci\u00f3n del producto<\/h2>\n<p>La <a href=\"https:\/\/alfakherwelt.de\/es\/categoria-de-producto\/barra-de-corona-ai-fakher-12000\/\">Al Fakher Crown Bar 12000 PRO<\/a>\u00a0es un dispositivo de \u00faltima generaci\u00f3n, desarrollado espec\u00edficamente para el mercado alem\u00e1n. Combina facilidad de uso con un dise\u00f1o atractivo y funciones potentes. Con un <strong>bater\u00eda de alta potencia<\/strong> garantiza que este dispositivo proporcione tiradas intensas constantes, desde la primera hasta la \u00faltima calada. La innovadora <strong>Bobina de malla de 0,6 ohmios<\/strong> ofrece sabores ricos y densos que elevan la experiencia de vapeo a un nuevo nivel.<\/p>\n<p>Uno de los rasgos sobresalientes de la Crown Bar es la <strong>Funci\u00f3n de carga r\u00e1pida tipo C<\/strong>, que permite cargar el dispositivo en un plazo muy corto. La facilidad de uso la garantiza el integrado <strong>pantalla digital<\/strong>, que muestra el nivel de bater\u00eda y el nivel de aceite, para que siempre pueda tener una visi\u00f3n general. Estas caracter\u00edsticas hacen que el dispositivo sea ideal para usuarios que est\u00e1n mucho en camino y que, sin embargo, no quieren renunciar a la calidad y el sabor.<\/p>\n<h2>Caracter\u00edsticas de la <a href=\"https:\/\/alfakherwelt.de\/es\/categoria-de-producto\/barra-de-corona-ai-fakher-12000\/\">Al Fakher Crown Bar 12000 PRO<\/a><\/h2>\n<ul>\n<li><strong>Capacidad de trenes de hasta 12.000 trenes<\/strong>: Uno de los vaporizadores desechables m\u00e1s duraderos del mercado, ideal para vapear diariamente.<\/li>\n<li><strong>Tecnolog\u00eda de bobina de malla<\/strong>: Las bobinas de malla de 0,6 ohmios proporcionan nubes de vapor densas y una experiencia de sabor mejorada.<\/li>\n<li><strong>Pantalla digital<\/strong>: Monitoreo del tiempo de ejecuci\u00f3n de la bater\u00eda y del nivel de aceite para una experiencia de usuario sencilla.<\/li>\n<li><strong>Dise\u00f1o elegante y ligero<\/strong>Est\u00e9ticamente atractivo y ergon\u00f3mico, para que cada viaje sea agradable.<\/li>\n<li><strong>Ondas de sonido integradas para hookah<\/strong>Para una experiencia de vapeo aut\u00e9ntica que recuerda a las pipas de agua.<\/li>\n<li><strong>Vapeo directo a los pulmones (DTL)<\/strong>: Sabor intenso procedente del E-Liquid utilizado, ideal para los amantes del sabor.<\/li>\n<\/ul>\n<h2>Perfil de sabor - Dos manzanas<\/h2>\n<p>El perfil de sabor de Al Fakher Crown Bar 12000 es \u00fanico y proporciona una experiencia verdaderamente refrescante. <strong>Dos manzanas<\/strong>La composici\u00f3n de sabores combina la dulzura de manzanas maduras en perfecto equilibrio con una suavidad fresca que puedes disfrutar en cada calada. El sabor se despliega en tres capas claras:<\/p>\n<ol>\n<li><strong>Primera nota<\/strong>El primer golpe est\u00e1 lleno de aromas dulces y jugosos de manzana, inspirados directamente en una manzana reci\u00e9n cosechada. La dulzura es armoniosa y no abrumadora, lo que hace que vapear sea agradable desde el principio.<\/li>\n<li><strong>Nota media<\/strong>Con cada bocanada, se desarrolla una nota sutil y especiada que recuerda a un toque de canela. Esta dimensi\u00f3n aporta una profundidad inesperada al sabor y convierte cada bocanada en una experiencia nueva.<\/li>\n<li><strong>Conclusi\u00f3n<\/strong>El retrogusto es una nota refrescante y ligeramente \u00e1cida que intensifica la sensaci\u00f3n de una manzana reci\u00e9n exprimida. Es un sabor que perdura mucho tiempo despu\u00e9s de exhalar el vapor y le invita a darse otra calada.<\/li>\n<\/ol>\n<p>La interacci\u00f3n de estos sabores proporciona una complejidad notable y hace que la Al Fakher Crown Bar 12000 sea una excelente opci\u00f3n para cualquiera que busque una experiencia de vapeo refrescante y sabrosa.<\/p>\n<h2>Por qu\u00e9 usted la <a href=\"https:\/\/alfakherwelt.de\/es\/categoria-de-producto\/barra-de-corona-ai-fakher-12000\/\">Al Fakher Crown Bar 12000 PRO<\/a> deber\u00edan comprar<\/h2>\n<p>La Al Fakher Crown Bar 12000 PRO no es solo otro dispositivo de vapeo; ofrece una experiencia completa. Con una combinaci\u00f3n \u00fanica de tecnolog\u00eda, dise\u00f1o y variedad de sabores, este producto es ideal para todos aquellos que buscan un dispositivo de vapeo de alta calidad y duradero. Ya seas un vapeador experimentado o est\u00e9s empezando, la Crown Bar superar\u00e1 tus expectativas.<\/p>\n<p>No dude en adquirir la Al Fakher Crown Bar 12000 PRO en nuestra p\u00e1gina web <a href=\"https:\/\/alfakherwelt.de\/es\/\" target=\"_new\" rel=\"noopener\">alfakherwelt.de<\/a> adquirir, el portal de ventas en l\u00ednea m\u00e1s grande de Alemania para vaporizadores desechables. Descubre el futuro del vapeo y disfruta de una experiencia incomparable que combina calidad y sabor.<\/p>\n<h2>Conclusi\u00f3n<\/h2>\n<p>En resumen, se puede decir que la <a href=\"https:\/\/alfakherwelt.de\/es\/categoria-de-producto\/barra-de-corona-ai-fakher-12000\/\">Al Fakher Crown Bar 12000 PRO<\/a> ofrece todas las caracter\u00edsticas necesarias que los vapeadores en Alemania buscan. Con una incre\u00edble capacidad de tiro, tecnolog\u00eda de \u00faltima generaci\u00f3n y un perfil de sabor incomparable, este dispositivo es una excelente opci\u00f3n para cualquiera que desee obtener lo mejor de su experiencia de vapeo. \u00a1Compre ahora y experimente por s\u00ed mismo los beneficios de este excepcional vapeador desechable!<\/p>","protected":false},"excerpt":{"rendered":"<div class=\"flex-shrink-0 flex flex-col relative items-end\">\n<div class=\"pt-0\">\n<div class=\"gizmo-shadow-stroke flex h-8 w-8 items-center justify-center overflow-hidden rounded-full\">\n<div class=\"h-full w-full\">La Al Fakher Crown Bar 12000 PRO cigarrillo electr\u00f3nico desechable combina tecnolog\u00eda avanzada con un dise\u00f1o elegante y ofrece hasta 12.000 caladas, sabor intenso gracias a la bobina de malla de 0,6 ohmios, una bater\u00eda recargable y una pantalla digital para experimentar el vapeo al m\u00e1s alto nivel.<\/div>\n<\/div>\n<\/div>\n<\/div>","protected":false},"featured_media":493,"comment_status":"open","ping_status":"closed","template":"","meta":[],"product_brand":[],"product_cat":[21],"product_tag":[],"class_list":{"0":"post-490","1":"product","2":"type-product","3":"status-publish","4":"has-post-thumbnail","6":"product_cat-ai-fakher-crown-bar-12000","8":"first","9":"outofstock","10":"sale","11":"shipping-taxable","12":"purchasable","13":"product-type-simple"},"jetpack_sharing_enabled":true,"_links":{"self":[{"href":"https:\/\/alfakherwelt.de\/es\/wp-json\/wp\/v2\/product\/490","targetHints":{"allow":["GET"]}}],"collection":[{"href":"https:\/\/alfakherwelt.de\/es\/wp-json\/wp\/v2\/product"}],"about":[{"href":"https:\/\/alfakherwelt.de\/es\/wp-json\/wp\/v2\/types\/product"}],"replies":[{"embeddable":true,"href":"https:\/\/alfakherwelt.de\/es\/wp-json\/wp\/v2\/comments?post=490"}],"wp:featuredmedia":[{"embeddable":true,"href":"https:\/\/alfakherwelt.de\/es\/wp-json\/wp\/v2\/media\/493"}],"wp:attachment":[{"href":"https:\/\/alfakherwelt.de\/es\/wp-json\/wp\/v2\/media?parent=490"}],"wp:term":[{"taxonomy":"product_brand","embeddable":true,"href":"https:\/\/alfakherwelt.de\/es\/wp-json\/wp\/v2\/product_brand?post=490"},{"taxonomy":"product_cat","embeddable":true,"href":"https:\/\/alfakherwelt.de\/es\/wp-json\/wp\/v2\/product_cat?post=490"},{"taxonomy":"product_tag","embeddable":true,"href":"https:\/\/alfakherwelt.de\/es\/wp-json\/wp\/v2\/product_tag?post=490"}],"curies":[{"name":"wp","href":"https:\/\/api.w.org\/{rel}","templated":true}]}}