{"id":489,"date":"2024-09-19T01:23:47","date_gmt":"2024-09-19T01:23:47","guid":{"rendered":"https:\/\/alfakherwelt.de\/?post_type=product&#038;p=489"},"modified":"2025-06-04T06:04:14","modified_gmt":"2025-06-04T06:04:14","slug":"ai-fakher-crown-bar-12000-inhalaciones-cigarrillo-electronico-desechable-ponche-de-fresa","status":"publish","type":"product","link":"https:\/\/alfakherwelt.de\/es\/producto\/ai-fakher-crown-bar-12000-inhalaciones-cigarrillo-electronico-desechable-ponche-de-fresa\/","title":{"rendered":"AI Fakher Crown Bar 12000 Z\u00fcge Hookah Sound Einweg E Zigarette \u2013 Strawberry Punch\n\n se convierte en \n\nAI Fakher Crown Bar 12000 tiradas Hookah Sound E-cigarrillo desechable - Strawberry Punch"},"content":{"rendered":"<h2><a href=\"https:\/\/alfakherwelt.de\/es\/\">Al Fakher<\/a> Crown Bar 12000 PRO: El Vape Desechable Definitivo para Alemania<\/h2>\n<p>Descripci\u00f3n del producto<\/p>\n<p>Der <a href=\"https:\/\/alfakherwelt.de\/es\/categoria-de-producto\/barra-de-corona-ai-fakher-12000\/\"><strong>Al Fakher Crown Bar 12000 PRO<\/strong><\/a> es m\u00e1s que un simple vapeador desechable; es una obra maestra que combina las ventajas de la tecnolog\u00eda de vapeo m\u00e1s avanzada con la sensaci\u00f3n aut\u00e9ntica de una pipa de agua. Con una impresionante capacidad de <strong>12.000 trenes<\/strong> ofrece una vida \u00fatil excepcionalmente larga que satisface las demandas incluso de los vapeadores m\u00e1s exigentes. Su <strong>bater\u00eda de alto rendimiento<\/strong> garantiza que cada trazo, desde el primero hasta el \u00faltimo, permanezca uniformemente intenso y agradable.<\/p>\n<p>La mejorada <strong>0,6 ohm red de bobina<\/strong> El Crown Bar suministra <strong>Aromas ricos y densos<\/strong>que hacen que cada momento de vapeo sea inolvidable. La elegante construcci\u00f3n del dispositivo, combinada con un <strong>c\u00f3modo bocado<\/strong>, garantiza una experiencia de vapeo suave. Estas caracter\u00edsticas juntas hacen que el Al Fakher Crown Bar 12000 PRO sea una de las mejores opciones en el mercado para aquellos que buscan una soluci\u00f3n de alta calidad y conveniente.<\/p>\n<p>Hauptmerkmale des <a href=\"https:\/\/alfakherwelt.de\/es\/categoria-de-producto\/barra-de-corona-ai-fakher-12000\/\">Al Fakher Crown Bar 12000 PRO<\/a><\/p>\n<ul>\n<li><strong>12.000 trenes por dispositivo<\/strong>Con esta capacidad excepcional, el Al Fakher Crown Bar supera a la mayor\u00eda de los vapeadores desechables y es ideal para el uso diario.<\/li>\n<li><strong>Tecnolog\u00eda de bobina de malla<\/strong>: La <strong>Bobina de malla de 0,6 ohmios<\/strong> produce nubes de vapor espesas y una experiencia de sabor incomparable.<\/li>\n<li><strong>Pantalla digital<\/strong>: Una pantalla digital pr\u00e1ctica muestra el estado de la bater\u00eda y el nivel de aceite, para que siempre est\u00e9 informado.<\/li>\n<li><strong>Dise\u00f1o elegante y ligero<\/strong>: El estilo de construcci\u00f3n hace que el dispositivo no s\u00f3lo sea atractivo, sino tambi\u00e9n f\u00e1cil de usar.<\/li>\n<li><strong>Ondas de sonido integradas para hookah<\/strong>Disfrute de la sensaci\u00f3n aut\u00e9ntica de fumar con las ondas de sonido \u00fanicas de la hookah que brindan una experiencia inmersiva.<\/li>\n<li><strong>Sistema de carga r\u00e1pida tipo C<\/strong>: Con el <strong>Conector de carga tipo C<\/strong> \u00bfEs capaz de cargar su dispositivo r\u00e1pidamente, ideal para llevar mientras viaja?<\/li>\n<li><strong>Directo a Pulm\u00f3n (DTL) Vapeo<\/strong>Esta tecnolog\u00eda le permite disfrutar del sabor completo del e-liquid.<\/li>\n<\/ul>\n<p>Descripci\u00f3n del sabor: Strawberry Punch<\/p>\n<p>Der <strong>Strawberry Punch<\/strong> El sabor del Al Fakher Crown Bar 12000 PRO es una verdadera experiencia para los sentidos. Con cada calada se despliega una <strong>mezcla armoniosa de fresas frescas<\/strong> y una sutileza dulce que cautiva inmediatamente a los yemas gustativas.<\/p>\n<p>Intensidad de los aromas<\/p>\n<p>El sabor comienza con una <strong>intensa nota de fresa<\/strong>que recuerda a frutas maduradas al sol, directamente del campo. <strong>fresas dulces y jugosas<\/strong> proporcionan un comienzo refrescante, seguido de un <strong>un delicado toque de c\u00edtricos<\/strong>, que le da un frescor vivo a la experiencia general. Esta combinaci\u00f3n crea un sabor equilibrado que es a la vez intenso y sutil.<\/p>\n<p>La sensaci\u00f3n en la boca<\/p>\n<p>Cuando se inhala se siente el <strong>E-Liquid<\/strong> suave y cremoso, mientras que las densas nubes de vapor acarician el paladar. Cada calada deja un <strong>sabor persistente<\/strong>que enfatiza la dulzura afrutada de las fresas y despierta el deseo de m\u00e1s.<\/p>\n<p>Combinaci\u00f3n perfecta<\/p>\n<p>el equilibrio entre la <strong>dulzura de las fresas<\/strong> y el sabor fresco a c\u00edtrico es magistral. Este sabor no es ideal solo para los amantes de los l\u00edquidos de vapeo con frutas, sino tambi\u00e9n para aquellos que buscan una experiencia de vapeo emocionante y viva. La <strong>Complejidad de los aromas<\/strong> Hace que el Strawberry Punch sea una elecci\u00f3n perfecta para cualquier ocasi\u00f3n, ya sea una velada relajada o una reuni\u00f3n social con amigos.<\/p>\n<p>&nbsp;<\/p>\n<h2><strong><img loading=\"lazy\" decoding=\"async\" class=\"alignnone wp-image-453 size-full\" src=\"https:\/\/alfakherwelt.de\/wp-content\/uploads\/2024\/09\/AI-Fakher-Crown-Bar-12000\uff081\uff09.webp\" alt=\"AI Fakher Crown Bar 12000 Caladas Cigarrillo Electr\u00f3nico Desechable - Strawberry Punch\" width=\"600\" height=\"600\" title=\"\" srcset=\"https:\/\/alfakherwelt.de\/wp-content\/uploads\/2024\/09\/AI-Fakher-Crown-Bar-12000\uff081\uff09.webp 600w, https:\/\/alfakherwelt.de\/wp-content\/uploads\/2024\/09\/AI-Fakher-Crown-Bar-12000\uff081\uff09-300x300.webp 300w, https:\/\/alfakherwelt.de\/wp-content\/uploads\/2024\/09\/AI-Fakher-Crown-Bar-12000\uff081\uff09-150x150.webp 150w, https:\/\/alfakherwelt.de\/wp-content\/uploads\/2024\/09\/AI-Fakher-Crown-Bar-12000\uff081\uff09-100x100.webp 100w\" sizes=\"auto, (max-width: 600px) 100vw, 600px\" \/><\/strong><\/h2>\n<h3>Conclusi\u00f3n<\/h3>\n<p>El Al Fakher Crown Bar 12000 PRO es la elecci\u00f3n perfecta para todos aquellos que buscan un vape de un solo uso fiable y sabroso. Con su larga vida \u00fatil, tecnolog\u00eda avanzada y delicioso sabor de <strong>Strawberry Punch<\/strong> Se diferencia este dispositivo de otros.<\/p>\n<p>Visite nuestro sitio web <a href=\"https:\/\/alfakherwelt.de\/es\/\" target=\"_new\" rel=\"noopener\">alfakherwelt.de<\/a> y descubra los beneficios que ofrece el Al Fakher Crown Bar 12000 PRO. Somos la mayor plataforma de ventas en l\u00ednea para <strong>Vapes desechables en Alemania<\/strong>No dude y compre ahora para revolucionar su experiencia de vapeo.<\/p>\n<h2>Compre ahora y experimente el mejor vapeo que Alemania tiene para ofrecer.<\/h2>","protected":false},"excerpt":{"rendered":"<div class=\"flex-shrink-0 flex flex-col relative items-end\">\n<div class=\"pt-0\">\n<div class=\"gizmo-shadow-stroke flex h-8 w-8 items-center justify-center overflow-hidden rounded-full\">\n<div class=\"h-full w-full\">El Al Fakher Crown Bar 12000 PRO es un vape de un solo uso de alta calidad que, con una capacidad de 12.000 caladas, tecnolog\u00eda avanzada de bobina de malla y el delicioso sabor de Strawberry Punch, ofrece una experiencia de vapeo incomparable en Alemania.<\/div>\n<\/div>\n<\/div>\n<\/div>","protected":false},"featured_media":492,"comment_status":"open","ping_status":"closed","template":"","meta":[],"product_brand":[],"product_cat":[21],"product_tag":[],"class_list":{"0":"post-489","1":"product","2":"type-product","3":"status-publish","4":"has-post-thumbnail","6":"product_cat-ai-fakher-crown-bar-12000","8":"first","9":"outofstock","10":"sale","11":"shipping-taxable","12":"purchasable","13":"product-type-simple"},"jetpack_sharing_enabled":true,"_links":{"self":[{"href":"https:\/\/alfakherwelt.de\/es\/wp-json\/wp\/v2\/product\/489","targetHints":{"allow":["GET"]}}],"collection":[{"href":"https:\/\/alfakherwelt.de\/es\/wp-json\/wp\/v2\/product"}],"about":[{"href":"https:\/\/alfakherwelt.de\/es\/wp-json\/wp\/v2\/types\/product"}],"replies":[{"embeddable":true,"href":"https:\/\/alfakherwelt.de\/es\/wp-json\/wp\/v2\/comments?post=489"}],"wp:featuredmedia":[{"embeddable":true,"href":"https:\/\/alfakherwelt.de\/es\/wp-json\/wp\/v2\/media\/492"}],"wp:attachment":[{"href":"https:\/\/alfakherwelt.de\/es\/wp-json\/wp\/v2\/media?parent=489"}],"wp:term":[{"taxonomy":"product_brand","embeddable":true,"href":"https:\/\/alfakherwelt.de\/es\/wp-json\/wp\/v2\/product_brand?post=489"},{"taxonomy":"product_cat","embeddable":true,"href":"https:\/\/alfakherwelt.de\/es\/wp-json\/wp\/v2\/product_cat?post=489"},{"taxonomy":"product_tag","embeddable":true,"href":"https:\/\/alfakherwelt.de\/es\/wp-json\/wp\/v2\/product_tag?post=489"}],"curies":[{"name":"wp","href":"https:\/\/api.w.org\/{rel}","templated":true}]}}