{"id":482,"date":"2024-09-18T02:17:47","date_gmt":"2024-09-18T02:17:47","guid":{"rendered":"https:\/\/alfakherwelt.de\/?post_type=product&#038;p=482"},"modified":"2024-12-27T06:16:25","modified_gmt":"2024-12-27T06:16:25","slug":"ai-fakher-crown-bar-12000-inhalaciones-cigarrillo-electronico-desechable-mango-hielo","status":"publish","type":"product","link":"https:\/\/alfakherwelt.de\/es\/producto\/ai-fakher-crown-bar-12000-inhalaciones-cigarrillo-electronico-desechable-mango-hielo\/","title":{"rendered":"AI Fakher Crown Bar 12000 Caladas Hookah Sonido  E-Zigarrillo Desechable \u2013 Sabor Mango Hielo"},"content":{"rendered":"<div>\n<h2><a href=\"https:\/\/alfakherwelt.de\/es\/\">Al Fakher<\/a> Crown Bar 12000 PRO Vape desechable: La elecci\u00f3n perfecta para entusiastas del vapeo<\/h2>\n<p>Si est\u00e1s buscando un vape de un solo uso potente y duradero que combine estilo y funcionalidad, el <strong>Al Fakher Crown Bar 12000 PRO<\/strong> La elecci\u00f3n correcta. Con impresionantes 12.000 bocanillas, una bater\u00eda recargable y la \u00faltima tecnolog\u00eda de bobina de malla, este dispositivo ofrece una experiencia de vapeo premium que supera lo ordinario.<\/p>\n<h3>Descripci\u00f3n del producto<\/h3>\n<p>Der <strong>Al Fakher Crown Bar 12000 PRO<\/strong> Es m\u00e1s que un simple vaporizador desechable com\u00fan. Combina dise\u00f1o moderno, tecnolog\u00eda avanzada y una operaci\u00f3n f\u00e1cil de usar para brindar a cada vapeador una experiencia de vapeo inolvidable. El vaporizador es delgado, ligero y ofrece una sensaci\u00f3n agradable en la mano gracias a su forma ergon\u00f3mica. Cada tirada proporciona sabores intensos y uniformes, lo que lo convierte en la elecci\u00f3n ideal para aquellos que desean aprovechar al m\u00e1ximo su sesi\u00f3n de vapeo.<\/p>\n<p>Lo innovador <strong>Sistema de bobina de malla<\/strong> con 0,6 Ohm se encarga de nubes de vapor densas y sabrosas y una producci\u00f3n de vapor sin problemas. Gracias a la <strong>Tecnolog\u00eda de vapeo DTL (Directo a Pulm\u00f3n)<\/strong> Los usuarios experimentan un sabor m\u00e1s intenso que lleva el vapeo a un nuevo nivel. Ya sea que vapee regularmente u ocasionalmente, este pod desechable est\u00e1 dise\u00f1ado para durar y ofrecer un sabor incomparable.<\/p>\n<h3>Hauptmerkmale des <a href=\"https:\/\/alfakherwelt.de\/es\/categoria-de-producto\/barra-de-corona-ai-fakher-12000\/\">Al Fakher Crown Bar 12000 PRO<\/a><\/h3>\n<ul>\n<li><strong>Hasta 12.000 trenes por dispositivo<\/strong>: El Al Fakher Crown Bar ofrece una de las mayores capacidades de llenado del mercado, garantizando un vapeo prolongado sin necesidad de comprar con frecuencia.<\/li>\n<li><strong>Bobina de malla (0,6 ohmios)<\/strong>: La bobina de malla avanzada garantiza nubes de vapor intensas y densas y una experiencia de sabor inolvidable.<\/li>\n<li><strong>Bater\u00eda recargable<\/strong>: El conector de carga USB-C permite una carga r\u00e1pida, por lo que el dispositivo siempre est\u00e1 listo para usar.<\/li>\n<li><strong>Pantalla digital<\/strong>: Mantenga un control sobre el estado de la bater\u00eda y el nivel de l\u00edquido electr\u00f3nico con una pantalla clara y f\u00e1cil de leer.<\/li>\n<li><strong>Dise\u00f1o ligero y elegante<\/strong>Con su aspecto moderno y elegante, el Al Fakher Crown Bar no s\u00f3lo es funcional, sino tambi\u00e9n elegante.<\/li>\n<li><strong>Hookah-Sound-Waves<\/strong>: Las ondas de sonido integradas de la pipa de agua mejoran la sensaci\u00f3n de una experiencia aut\u00e9ntica de shisha.<\/li>\n<\/ul>\n<h3>Por qu\u00e9 usted el <a href=\"https:\/\/alfakherwelt.de\/es\/categoria-de-producto\/barra-de-corona-ai-fakher-12000\/\">Al Fakher Crown Bar 12000 PRO<\/a> deber\u00edan comprar<\/h3>\n<p>El Al Fakher Crown Bar 12000 PRO est\u00e1 dise\u00f1ado para vapeadores que buscan lo mejor en durabilidad, sabor y facilidad de uso. Con sus 12.000 caladas, este dispositivo ofrece una de las capacidades m\u00e1s altas del mercado y es ideal para los aficionados al vapeo que buscan un vape duradero y sin complicaciones. Gracias a la bater\u00eda recargable y al sistema de carga r\u00e1pida USB-C, puede estar seguro de que su dispositivo siempre estar\u00e1 listo para usar cuando lo necesite.<\/p>\n<p>Este producto no solo ofrece un rendimiento excepcional, sino tambi\u00e9n una experiencia \u00fanica similar a la shisha, que se ve realzada por las ondas de sonido de Hookah. Para los vapeadores que aman la experiencia de la shisha, el Al Fakher Crown Bar 12000 PRO es la elecci\u00f3n perfecta.<\/p>\n<h3>Datos t\u00e9cnicos<\/h3>\n<ul>\n<li><strong>Trenes<\/strong>: Hasta 12.000 trenes<\/li>\n<li><strong>Contenido de nicotina<\/strong>: 0,5% (5 mg)<\/li>\n<li><strong>Bobina<\/strong>: 0,6 Ohm malla bobina<\/li>\n<li><strong>Cargar<\/strong>: Puerto USB tipo C<\/li>\n<li><strong>Recargable<\/strong>: S\u00ed<\/li>\n<li><strong>Pantalla digital<\/strong>: S\u00ed<\/li>\n<li><strong>Libre de mantenimiento<\/strong>: S\u00ed<\/li>\n<li><strong>Dise\u00f1o<\/strong>: Ligero y compacto<\/li>\n<\/ul>\n<h3>Descripci\u00f3n detallada del sabor<\/h3>\n<p>Un rasgo \u00fanico de <a href=\"https:\/\/alfakherwelt.de\/es\/categoria-de-producto\/barra-de-corona-ai-fakher-12000\/\"><strong>Al Fakher Crown Bar 12000 PRO<\/strong><\/a> son sus sabores excepcionales. Especialmente destacable es el popular sabor <strong>Mango Ice<\/strong>El sabor de Mango Ice est\u00e1 perfectamente equilibrado para ofrecer tanto dulzura frutal como frescura refrescante, convirtiendo cada calada en un placer.<\/p>\n<p><strong>Mango Ice<\/strong> Captura el sabor de mangos maduros y jugosos y lo complementa con un toque helado y refrescante de mentol. El sabor a mango afrutado es intenso sin ser abrumador, y la nota helada proporciona un frescor agradable que despierta el paladar. Cada calada ofrece una mezcla armoniosa de dulzura tropical y frescura fr\u00eda que hace que la experiencia de vapeo sea incre\u00edblemente refrescante.<\/p>\n<p>Este sabor es ideal para el uso diario, ya que es adecuado tanto para vapers experimentados como para principiantes. Especialmente en d\u00edas calurosos, Mango Ice ofrece un refresco bienvenido que es a la vez afrutado y refrescante, y eleva la experiencia de vapeo a un nuevo nivel.<\/p>\n<p>&nbsp;<\/p>\n<p>&nbsp;<\/p>\n<\/div>\n<h2><strong><img loading=\"lazy\" decoding=\"async\" class=\"alignnone wp-image-453 size-full\" src=\"https:\/\/alfakherwelt.de\/wp-content\/uploads\/2024\/09\/AI-Fakher-Crown-Bar-12000\uff081\uff09.webp\" alt=\"AI Fakher Crown Bar 12000 Caladas Cigarrillo Electr\u00f3nico Desechable - Mango Hielo\" width=\"600\" height=\"600\" title=\"\" srcset=\"https:\/\/alfakherwelt.de\/wp-content\/uploads\/2024\/09\/AI-Fakher-Crown-Bar-12000\uff081\uff09.webp 600w, https:\/\/alfakherwelt.de\/wp-content\/uploads\/2024\/09\/AI-Fakher-Crown-Bar-12000\uff081\uff09-300x300.webp 300w, https:\/\/alfakherwelt.de\/wp-content\/uploads\/2024\/09\/AI-Fakher-Crown-Bar-12000\uff081\uff09-150x150.webp 150w, https:\/\/alfakherwelt.de\/wp-content\/uploads\/2024\/09\/AI-Fakher-Crown-Bar-12000\uff081\uff09-100x100.webp 100w\" sizes=\"auto, (max-width: 600px) 100vw, 600px\" \/><\/strong><\/h2>\n<h3>Conclusi\u00f3n<\/h3>\n<p>Der <strong>Al Fakher Crown Bar 12000 PRO<\/strong> Es el vapeador desechable definitivo para los aficionados al vapeo que buscan una experiencia de vapeo duradera e intensa en sabor. Con sus 12.000 caladas, bater\u00eda recargable y tecnolog\u00eda avanzada de bobina de malla, este dispositivo ofrece todo lo que se puede desear de un vapeador desechable premium. Ordene el Al Fakher Crown Bar 12000 PRO hoy mismo en <a href=\"https:\/\/alfakherwelt.de\/es\/\"><strong>alfakherwelt.de<\/strong><\/a>, la mayor plataforma en l\u00ednea de Alemania para cigarrillos electr\u00f3nicos desechables, y experimente el vapeo al m\u00e1ximo nivel.<\/p>","protected":false},"excerpt":{"rendered":"<div class=\"flex-shrink-0 flex flex-col relative items-end\">\n<div class=\"pt-0\">\n<div class=\"gizmo-shadow-stroke flex h-8 w-8 items-center justify-center overflow-hidden rounded-full\">\n<div class=\"h-full w-full\">El Al Fakher Crown Bar 12000 PRO es un vape de un solo uso recargable con hasta 12.000 caladas, tecnolog\u00eda avanzada de bobina de malla, pantalla digital y una variedad de sabores intensos, que ofrece una experiencia de vapeo excepcional y duradera.<\/div>\n<\/div>\n<\/div>\n<\/div>","protected":false},"featured_media":485,"comment_status":"open","ping_status":"closed","template":"","meta":[],"product_brand":[],"product_cat":[21],"product_tag":[],"class_list":{"0":"post-482","1":"product","2":"type-product","3":"status-publish","4":"has-post-thumbnail","6":"product_cat-ai-fakher-crown-bar-12000","8":"first","9":"outofstock","10":"sale","11":"shipping-taxable","12":"purchasable","13":"product-type-simple"},"jetpack_sharing_enabled":true,"_links":{"self":[{"href":"https:\/\/alfakherwelt.de\/es\/wp-json\/wp\/v2\/product\/482","targetHints":{"allow":["GET"]}}],"collection":[{"href":"https:\/\/alfakherwelt.de\/es\/wp-json\/wp\/v2\/product"}],"about":[{"href":"https:\/\/alfakherwelt.de\/es\/wp-json\/wp\/v2\/types\/product"}],"replies":[{"embeddable":true,"href":"https:\/\/alfakherwelt.de\/es\/wp-json\/wp\/v2\/comments?post=482"}],"wp:featuredmedia":[{"embeddable":true,"href":"https:\/\/alfakherwelt.de\/es\/wp-json\/wp\/v2\/media\/485"}],"wp:attachment":[{"href":"https:\/\/alfakherwelt.de\/es\/wp-json\/wp\/v2\/media?parent=482"}],"wp:term":[{"taxonomy":"product_brand","embeddable":true,"href":"https:\/\/alfakherwelt.de\/es\/wp-json\/wp\/v2\/product_brand?post=482"},{"taxonomy":"product_cat","embeddable":true,"href":"https:\/\/alfakherwelt.de\/es\/wp-json\/wp\/v2\/product_cat?post=482"},{"taxonomy":"product_tag","embeddable":true,"href":"https:\/\/alfakherwelt.de\/es\/wp-json\/wp\/v2\/product_tag?post=482"}],"curies":[{"name":"wp","href":"https:\/\/api.w.org\/{rel}","templated":true}]}}