{"id":477,"date":"2024-09-18T01:55:58","date_gmt":"2024-09-18T01:55:58","guid":{"rendered":"https:\/\/alfakherwelt.de\/?post_type=product&#038;p=477"},"modified":"2025-11-20T01:14:21","modified_gmt":"2025-11-20T01:14:21","slug":"ai-fakher-crown-bar-12000-inhalaciones-cigarrillo-electronico-desechable-hielo-exuberante","status":"publish","type":"product","link":"https:\/\/alfakherwelt.de\/es\/producto\/ai-fakher-crown-bar-12000-inhalaciones-cigarrillo-electronico-desechable-hielo-exuberante\/","title":{"rendered":"AI Fakher Crown Bar 12000 Z\u00fcge Hookah Sound  Einweg E Zigarette \u2013 Lush Ice \n\n se convierte en \n\nAI Fakher Crown Bar 12000 tiradas Hookah Sound  cigarrillo electr\u00f3nico desechable \u2013 Lush Ice"},"content":{"rendered":"<h2><strong><img loading=\"lazy\" decoding=\"async\" class=\"alignnone wp-image-450 size-full\" src=\"https:\/\/alfakherwelt.de\/wp-content\/uploads\/2024\/09\/AI-Fakher-Crown-Bar-12000\uff082\uff09.webp\" alt=\"AI Fakher Crown Bar 12000 tiradas Cigarrillo electr\u00f3nico desechable - Sabor Lush Ice\" width=\"1837\" height=\"2522\" title=\"\" srcset=\"https:\/\/alfakherwelt.de\/wp-content\/uploads\/2024\/09\/AI-Fakher-Crown-Bar-12000\uff082\uff09.webp 1837w, https:\/\/alfakherwelt.de\/wp-content\/uploads\/2024\/09\/AI-Fakher-Crown-Bar-12000\uff082\uff09-219x300.webp 219w, https:\/\/alfakherwelt.de\/wp-content\/uploads\/2024\/09\/AI-Fakher-Crown-Bar-12000\uff082\uff09-746x1024.webp 746w, https:\/\/alfakherwelt.de\/wp-content\/uploads\/2024\/09\/AI-Fakher-Crown-Bar-12000\uff082\uff09-768x1054.webp 768w, https:\/\/alfakherwelt.de\/wp-content\/uploads\/2024\/09\/AI-Fakher-Crown-Bar-12000\uff082\uff09-1119x1536.webp 1119w, https:\/\/alfakherwelt.de\/wp-content\/uploads\/2024\/09\/AI-Fakher-Crown-Bar-12000\uff082\uff09-1492x2048.webp 1492w, https:\/\/alfakherwelt.de\/wp-content\/uploads\/2024\/09\/AI-Fakher-Crown-Bar-12000\uff082\uff09-600x824.webp 600w\" sizes=\"auto, (max-width: 1837px) 100vw, 1837px\" \/><\/strong><\/h2>\n<h2><a href=\"https:\/\/alfakherwelt.de\/es\/\">AI Fakher<\/a> Crown Bar 12000 PRO <a href=\"https:\/\/alfakherwelt.de\/es\/\">Cigarrillo electr\u00f3nico desechable<\/a> \u2013 Experiencia de vapeo definitiva en Alemania<\/h2>\n<h3>Descripci\u00f3n del producto<\/h3>\n<p>Der <strong>AI Fakher Crown Bar 12000 PRO Einweg-Vape Pod -&gt; AI Fakher Crown Bar 12000 PRO Disposable Vape Pod<\/strong> Combina la tecnolog\u00eda de vapeo m\u00e1s moderna con un toque de encanto de pipa de agua. Este destacado cigarrillo electr\u00f3nico desechable ofrece hasta <strong>12.000 trenes<\/strong>, lo que la convierte en uno de los dispositivos de vapeo m\u00e1s duraderos del mercado. La bater\u00eda recargable garantiza inhalaciones consistentemente agradables, desde la primera hasta la \u00faltima inhalaci\u00f3n. Adem\u00e1s, el dispositivo cuenta con un avanzado <strong>0,6 Ohm malla bobina<\/strong>que se encarga de aromas intensos y densos y que eleva la experiencia de vapeo al siguiente nivel.<\/p>\n<p>El AI Fakher Crown Bar es ideal para todos aquellos que buscan un dispositivo de vapeo sencillo pero potente que combine tanto sabor como facilidad de uso. Ya seas un vapeador experimentado o un principiante, este vape-pod se adapta a tus necesidades.<\/p>\n<h3>Caracter\u00edsticas clave de <a href=\"https:\/\/alfakherwelt.de\/es\/categoria-de-producto\/barra-de-corona-ai-fakher-12000\/\">AI Fakher Crown Bar 12000 PRO<\/a><\/h3>\n<ul>\n<li><strong>12.000 tiradas por dispositivo:<\/strong> Con una capacidad de hasta 12.000 bocanegra es uno de los cigarrillos electr\u00f3nicos desechables m\u00e1s duraderos del mercado. Ideal para sesiones de vapeo prolongadas sin necesidad de recargar o reemplazar con frecuencia.<\/li>\n<li><strong>Tecnolog\u00eda de bobina de malla:<\/strong> Gracias a la avanzada bobina de malla de 0,6 ohmios, este dispositivo produce nubes densas y arom\u00e1ticas, mejorando notablemente la experiencia de sabor.<\/li>\n<li><strong>Dise\u00f1o ligero y elegante:<\/strong> El dise\u00f1o elegante del dispositivo proporciona un agarre c\u00f3modo y una apariencia elegante. Un verdadero punto de atenci\u00f3n sobre la marcha.<\/li>\n<li><strong>Integrierte hookah ondas de sonido:<\/strong> Para todos aquellos que extra\u00f1an la sensaci\u00f3n de una pipa de agua tradicional, el dispositivo ofrece una tecnolog\u00eda de sonido que hace que la experiencia de vapeo sea a\u00fan m\u00e1s aut\u00e9ntica.<\/li>\n<li><strong>Sistema de carga r\u00e1pida tipo C:<\/strong> Con la conexi\u00f3n de tipo C, la carga es r\u00e1pida y eficiente, perfecta para aquellos que est\u00e1n mucho en movimiento y quieren tener su dispositivo listo para usar en cualquier momento.<\/li>\n<li><strong>Directo al pulm\u00f3n (DTL):<\/strong> La AI Fakher Crown Bar 12000 PRO permite una inhalaci\u00f3n directa a los pulmones para una experiencia de sabor m\u00e1s intensa y un efecto m\u00e1s fuerte del E-Liquido.<\/li>\n<\/ul>\n<h3>Sabores - Sabor intenso en cada calada<\/h3>\n<p>Los sabores del AI Fakher Crown Bar 12000 PRO son variados y excepcionales. Desde dulce hasta afrutado, cada variante de sabor ofrece una experiencia gustativa \u00fanica. Aqu\u00ed hay algunas descripciones detalladas de los aromas disponibles:<\/p>\n<h4>Lush Ice<\/h4>\n<p>Das <strong>Lush Ice<\/strong>-Aroma ofrece la combinaci\u00f3n perfecta de sand\u00eda jugosa y un toque refrescante de mentol. El sabor dulce de la sand\u00eda se equilibra perfectamente con el mentol fresco, creando una experiencia de vapeo inolvidable. Cada calada se siente como si estuvieras disfrutando de un smoothie de mel\u00f3n fresco y fr\u00edo, ideal para d\u00edas calurosos de verano o cuando simplemente quieres refrescarte.<\/p>\n<p>&nbsp;<\/p>\n<h3>Por qu\u00e9 deber\u00eda comprar en alfakherwelt.de<\/h3>\n<ul>\n<li><strong>Mayor tienda en l\u00ednea de cigarrillos electr\u00f3nicos desechables en Alemania:<\/strong> Auf <a href=\"https:\/\/alfakherwelt.de\/es\/\"><strong>alfakherwelt.de<\/strong><\/a> Encuentre la mayor selecci\u00f3n de vapeadores desechables de alta calidad, incluyendo el AI Fakher Crown Bar 12000 PRO.<\/li>\n<li><strong>Entrega r\u00e1pida:<\/strong> Nos aseguramos de que su pedido sea entregado r\u00e1pida y seguramente en su domicilio.<\/li>\n<li><strong>Satisfacci\u00f3n del cliente:<\/strong> Nuestro servicio al cliente siempre est\u00e1 ah\u00ed para usted y se asegura de que su experiencia de compra con nosotros sea lo m\u00e1s agradable posible.<\/li>\n<li><strong>Venta exclusiva:<\/strong> Solo con nosotros obtendr\u00e1 los productos originales de AI Fakher, no imitaciones ni alternativas de baja calidad.<\/li>\n<\/ul>\n<h3>Detalles t\u00e9cnicos de la AI Fakher Crown Bar 12000 PRO<\/h3>\n<ul>\n<li><strong>Trenes:<\/strong> Hasta 12.000<\/li>\n<li><strong>Nikotin<\/strong> 5 mg (0,5%)<\/li>\n<li><strong>Bobina:<\/strong> 0,6 Ohm malla bobina<\/li>\n<li><strong>Cargar:<\/strong> Conector USB-C<\/li>\n<li><strong>Recargable:<\/strong> S\u00ed<\/li>\n<li><strong>Pantalla digital:<\/strong> Muestra el estado de la bater\u00eda y el nivel de l\u00edquido.<\/li>\n<li><strong>Libre de mantenimiento:<\/strong> No requiere rellenar ni limpiar<\/li>\n<li><strong>Peso:<\/strong> Ligero y manejable<\/li>\n<\/ul>\n<h3>Conclusi\u00f3n - Perfecci\u00f3n para cada vapeador<\/h3>\n<p>Der <strong>AI Fakher Crown Bar 12000 PRO<\/strong> No es solo un cigarrillo electr\u00f3nico desechable, sino un verdadero compa\u00f1ero para una experiencia de vapeo intensa y duradera. Gracias a la <strong>12.000 trenes<\/strong>, del dise\u00f1o elegante y de la tecnolog\u00eda avanzada, este dispositivo ofrece todo lo que un vapeador moderno puede desear. Descubre las variadas sabores y experimenta la combinaci\u00f3n perfecta de sabor y comodidad.<\/p>\n<p>Vis\u00edtenos en <a href=\"https:\/\/alfakherwelt.de\/es\/\"><strong>alfakherwelt.de<\/strong><\/a>, la mayor plataforma para cigarrillos electr\u00f3nicos desechables en Alemania, y obtenga el <strong>AI Fakher Crown Bar 12000 PRO<\/strong> \u00a1Todav\u00eda hoy!<\/p>","protected":false},"excerpt":{"rendered":"<div class=\"flex-shrink-0 flex flex-col relative items-end\">\n<div class=\"pt-0\">\n<div class=\"gizmo-shadow-stroke flex h-8 w-8 items-center justify-center overflow-hidden rounded-full\">\n<div class=\"h-full w-full\">Der <strong>AI Fakher Crown Bar 12000 PRO Einweg-Vape Pod -&gt; AI Fakher Crown Bar 12000 PRO Disposable Vape Pod<\/strong> ofrece hasta 12.000 tiradas, tecnolog\u00eda avanzada de bobina de malla, un dise\u00f1o elegante, un puerto de carga r\u00e1pida tipo C y una variedad de sabores intensos que garantizan una experiencia de vapeo duradera e incomparable.<\/div>\n<\/div>\n<\/div>\n<\/div>","protected":false},"featured_media":480,"comment_status":"open","ping_status":"closed","template":"","meta":[],"product_brand":[],"product_cat":[21],"product_tag":[],"class_list":{"0":"post-477","1":"product","2":"type-product","3":"status-publish","4":"has-post-thumbnail","6":"product_cat-ai-fakher-crown-bar-12000","8":"first","9":"outofstock","10":"sale","11":"shipping-taxable","12":"purchasable","13":"product-type-simple"},"jetpack_sharing_enabled":true,"_links":{"self":[{"href":"https:\/\/alfakherwelt.de\/es\/wp-json\/wp\/v2\/product\/477","targetHints":{"allow":["GET"]}}],"collection":[{"href":"https:\/\/alfakherwelt.de\/es\/wp-json\/wp\/v2\/product"}],"about":[{"href":"https:\/\/alfakherwelt.de\/es\/wp-json\/wp\/v2\/types\/product"}],"replies":[{"embeddable":true,"href":"https:\/\/alfakherwelt.de\/es\/wp-json\/wp\/v2\/comments?post=477"}],"wp:featuredmedia":[{"embeddable":true,"href":"https:\/\/alfakherwelt.de\/es\/wp-json\/wp\/v2\/media\/480"}],"wp:attachment":[{"href":"https:\/\/alfakherwelt.de\/es\/wp-json\/wp\/v2\/media?parent=477"}],"wp:term":[{"taxonomy":"product_brand","embeddable":true,"href":"https:\/\/alfakherwelt.de\/es\/wp-json\/wp\/v2\/product_brand?post=477"},{"taxonomy":"product_cat","embeddable":true,"href":"https:\/\/alfakherwelt.de\/es\/wp-json\/wp\/v2\/product_cat?post=477"},{"taxonomy":"product_tag","embeddable":true,"href":"https:\/\/alfakherwelt.de\/es\/wp-json\/wp\/v2\/product_tag?post=477"}],"curies":[{"name":"wp","href":"https:\/\/api.w.org\/{rel}","templated":true}]}}