{"id":476,"date":"2024-09-18T01:55:52","date_gmt":"2024-09-18T01:55:52","guid":{"rendered":"https:\/\/alfakherwelt.de\/?post_type=product&#038;p=476"},"modified":"2025-10-15T08:21:48","modified_gmt":"2025-10-15T08:21:48","slug":"ai-fakher-crown-bar-12000-inhalaciones-cigarrillo-electronico-desechable-sueno-lucido","status":"publish","type":"product","link":"https:\/\/alfakherwelt.de\/es\/producto\/ai-fakher-crown-bar-12000-inhalaciones-cigarrillo-electronico-desechable-sueno-lucido\/","title":{"rendered":"AI Fakher Crown Bar 12000 Z\u00fcge Hookah Sound  Einweg E Zigarette \u2013 Lucid Dream\n\n se convierte en \n\nAI Fakher Crown Bar 12000 tiradas Hookah Sound  cigarrillo electr\u00f3nico desechable \u2013 Lucid Dream"},"content":{"rendered":"<div>\n<h2><a href=\"https:\/\/alfakherwelt.de\/es\/\">AL Fakher<\/a> Crown Bar 12000 PRO cigarrillo electr\u00f3nico desechable - La elecci\u00f3n perfecta para conocedores<\/h2>\n<p>Der <strong>Al Fakher Crown Bar 12000 PRO<\/strong> Un pod de vapeo desechable combina la tecnolog\u00eda de vapeo m\u00e1s avanzada con el placer de una pipa de agua. Como producto l\u00edder en el mercado alem\u00e1n, este dispositivo ofrece una enorme capacidad de inhalaci\u00f3n de <strong>12.000 trenes<\/strong>, lo que lo convierte en uno de los productos desechables m\u00e1s duraderos. Gracias a la bater\u00eda recargable y la <strong>Bobina de malla de 0,6 ohmios<\/strong> Ofrece una experiencia de sabor constantemente intensa que hace que cada calada sea un placer. Con un dise\u00f1o delgado y ligero y una pantalla digital f\u00e1cil de usar que muestra el nivel de bater\u00eda y la cantidad de l\u00edquido electr\u00f3nico restante, este es el dispositivo ideal tanto para vapeadores experimentados como para principiantes.<\/p>\n<h3>Importante caracter\u00edsticas del <a href=\"https:\/\/alfakherwelt.de\/es\/categoria-de-producto\/barra-de-corona-ai-fakher-12000\/\">Al Fakher Crown Bar 12000 PRO<\/a><\/h3>\n<ul>\n<li><strong>L Langlebigkeit con 12.000 tiradas:<\/strong> Der <strong>Crown Bar 12000 PRO<\/strong> ofrece una duraci\u00f3n de uso destacada de hasta <strong>12.000 trenes<\/strong>muy por encima del promedio de los vaporizadores desechables disponibles en el mercado.<\/li>\n<li><strong>Bater\u00eda recargable con conector Tipo-C:<\/strong> Der <strong>Tipo C<\/strong>El conector de carga permite una carga r\u00e1pida, ideal para vapeadores que a menudo est\u00e1n de viaje.<\/li>\n<li><strong>Bobina de malla de 0,6 ohmios para un sabor intenso:<\/strong> Esta tecnolog\u00eda de bobina especial garantiza un desarrollo de vapor denso y un fuerte despliegue de aromas en cada calada.<\/li>\n<li><strong>Pantalla digital:<\/strong> Muestra la carga actual de la bater\u00eda y el nivel de aceite, lo que aumenta la facilidad de uso y la eficiencia.<\/li>\n<li><strong>Vapeo directo a pulm\u00f3n (DTL):<\/strong> Este modelo est\u00e1 dise\u00f1ado para vapeo DTL y proporciona un sabor m\u00e1s intenso y nubes de vapor m\u00e1s grandes.<\/li>\n<li><strong>Dise\u00f1o delgado:<\/strong> Ligero y manejable con un dise\u00f1o elegante, que es a la vez funcional y con estilo.<\/li>\n<li><strong>Sonidos integrados de hookah:<\/strong> Este dispositivo simula el sonido calmante de una pipa de agua, lo que hace que la experiencia de vapear sea a\u00fan m\u00e1s aut\u00e9ntica.<\/li>\n<\/ul>\n<h3>Detalles t\u00e9cnicos<\/h3>\n<ul>\n<li><strong>Capacidad del tren:<\/strong> Hasta 12.000 trenes<\/li>\n<li><strong>Contenido de nicotina:<\/strong> 0,5 % (5 mg)<\/li>\n<li><strong>Tecnolog\u00eda de bobinado:<\/strong> Malla de bobina para una \u00f3ptima liberaci\u00f3n de aromas<\/li>\n<li><strong>Carga:<\/strong> Conector USB tipo C<\/li>\n<li><strong>Libre de mantenimiento:<\/strong> No se requiere rellenar ni reemplazar componentes<\/li>\n<li><strong>Dise\u00f1o:<\/strong> Ligero y transportable<\/li>\n<\/ul>\n<h3>Por qu\u00e9 el <a href=\"https:\/\/alfakherwelt.de\/es\/categoria-de-producto\/barra-de-corona-ai-fakher-12000\/\">Al Fakher Crown Bar 12000 PRO<\/a> elegir<\/h3>\n<p>Der <strong>Al Fakher Crown Bar 12000 PRO<\/strong> est\u00e1 sin\u00f3nimo de calidad, durabilidad y sabor incomparable. Su <strong>12.000 trenes<\/strong> y la posibilidad de recargar el dispositivo lo convierten en la primera opci\u00f3n para los vapeadores en Alemania. La combinaci\u00f3n de <strong>Bobina de malla de 0,6 ohmios<\/strong> y <strong>DTL Vaping<\/strong> provoca una experiencia de sabor intensa que convencer\u00e1 tanto a los principiantes como a los vapeadores experimentados. Gracias a su dise\u00f1o elegante y moderno, adem\u00e1s, es un verdadero punto de atenci\u00f3n, y la <strong>sonidos integrados de hookah<\/strong> elevan la experiencia de vapeo a un nuevo nivel.<\/p>\n<p><strong>Ahora en <a href=\"https:\/\/alfakherwelt.de\/es\/\" target=\"_new\" rel=\"noopener\">alfakherwelt.de<\/a> comprar<\/strong> y sacar el m\u00e1ximo provecho de tu experiencia de vapeo.<\/p>\n<hr \/>\n<h2>Sabores del <a href=\"https:\/\/alfakherwelt.de\/es\/categoria-de-producto\/barra-de-corona-ai-fakher-12000\/\">Al Fakher Crown Bar 12000 PRO<\/a><\/h2>\n<h3>Sue\u00f1o L\u00facido: Un Viaje de los Sentidos<\/h3>\n<p>Das <strong>Sue\u00f1o l\u00facido<\/strong> Aroma, que en <strong>Al Fakher Crown Bar 12000 PRO<\/strong> disponible, promete una experiencia de sabor inolvidable. Con cada calada se despliega un sabor rico, dulce y al mismo tiempo refrescante que envuelve tus sentidos. El equilibrio entre la fruta y la cremosidad hace que este aroma sea un favorito entre los vapeadores.<\/p>\n<p><strong>Perfil de sabor de Lucid Dream<\/strong>:<\/p>\n<ul>\n<li><strong>Nota base afrutada:<\/strong> En cada tirada se despliega inicialmente una mezcla de frutas jugosas que recuerda a frutas ex\u00f3ticas.<\/li>\n<li><strong>Cremoso centro:<\/strong> El paso a un sabor cremoso, casi lechoso, ofrece una armon\u00eda reconfortante.<\/li>\n<li><strong>Suave conclusi\u00f3n:<\/strong> Un ligero toque de frescura redondea la experiencia y deja un acabado agradable y suave.<\/li>\n<\/ul>\n<h3><span style=\"color: #555555; font-size: 14.4px;\"> A trav\u00e9s de <\/span><strong style=\"color: #555555; font-size: 14.4px;\">Bobina de malla de 0,6 ohmios<\/strong><span style=\"color: #555555; font-size: 14.4px;\"> de los <\/span><strong style=\"color: #555555; font-size: 14.4px;\">Al Fakher Crown Bar 12000 PRO<\/strong><span style=\"color: #555555; font-size: 14.4px;\"> Cada sabor se vuelve a\u00fan m\u00e1s intenso, y el vapeo DTL proporciona grandes nubes de vapor satisfactorias que convierten cada sabor en una experiencia.<\/span><\/h3>\n<hr \/>\n<h3>Por qu\u00e9 elegir Al Fakher World?<\/h3>\n<p><a href=\"https:\/\/alfakherwelt.de\/es\/\"><strong>alfakherwelt.de<\/strong><\/a> es el mayor tienda en l\u00ednea de cigarrillos electr\u00f3nicos desechables en Alemania. Ofrecemos una amplia selecci\u00f3n de <strong>Vapes de un solo uso<\/strong> de la m\u00e1s alta calidad, incluyendo el popular <strong>Al Fakher Crown Bar 12000 PRO<\/strong>En nuestro sitio, te beneficias de tiempos de entrega r\u00e1pidos, un servicio al cliente sobresaliente y una variedad que no deja ning\u00fan deseo sin satisfacer. Nuestros productos est\u00e1n probados y certificados, para que puedas confiar en una experiencia de vapeo segura y agradable. Visita nuestro sitio web hoy mismo y descubre la diversa oferta de sabores y vaporizadores de alta calidad.<\/p>\n<hr \/>\n<p>&nbsp;<\/p>\n<\/div>\n<h2><strong><img loading=\"lazy\" decoding=\"async\" class=\"alignnone wp-image-453 size-full\" src=\"https:\/\/alfakherwelt.de\/wp-content\/uploads\/2024\/09\/AI-Fakher-Crown-Bar-12000\uff081\uff09.webp\" alt=\"AI Fakher Crown Bar 12000 Z\u00fcge Einweg E Zigarette - Lucid DreambecomesAI Fakher Crown Bar 12000 tiradas cigarrillo electr\u00f3nico desechable - Lucid Dream\" width=\"600\" height=\"600\" title=\"\" srcset=\"https:\/\/alfakherwelt.de\/wp-content\/uploads\/2024\/09\/AI-Fakher-Crown-Bar-12000\uff081\uff09.webp 600w, https:\/\/alfakherwelt.de\/wp-content\/uploads\/2024\/09\/AI-Fakher-Crown-Bar-12000\uff081\uff09-300x300.webp 300w, https:\/\/alfakherwelt.de\/wp-content\/uploads\/2024\/09\/AI-Fakher-Crown-Bar-12000\uff081\uff09-150x150.webp 150w, https:\/\/alfakherwelt.de\/wp-content\/uploads\/2024\/09\/AI-Fakher-Crown-Bar-12000\uff081\uff09-100x100.webp 100w\" sizes=\"auto, (max-width: 600px) 100vw, 600px\" \/><\/strong><\/h2>\n<h2>Fazit: La calidad se encuentra con el sabor<\/h2>\n<p>Der <strong>Al Fakher Crown Bar 12000 PRO<\/strong> Un Vape de un solo uso destaca por su calidad sobresaliente, rendimiento y placer. Con una impresionante capacidad de caladas de <strong>12.000 trenes<\/strong> y una variedad de aromas intensos, desarrollados espec\u00edficamente para una experiencia de sabor duradera y satisfactoria, este producto es la elecci\u00f3n ideal para cualquier vapeador que desee obtener lo mejor de su experiencia de vapeo. La combinaci\u00f3n de tecnolog\u00eda de vanguardia y un dise\u00f1o elegante hace que el <strong>Crown Bar 12000 PRO<\/strong> a un compa\u00f1ero indispensable para todos los que una <a href=\"https:\/\/alfakherwelt.de\/es\/\"><strong>Cigarrillo electr\u00f3nico desechable<\/strong><\/a> buscar al m\u00e1s alto nivel.<\/p>\n<p>Ahora directamente en <a href=\"https:\/\/alfakherwelt.de\/es\/\"><strong>alfakherwelt.de<\/strong><\/a> disfrutar del incomparable placer de pedir y <strong>Al Fakher Crown Bar 12000 PRO<\/strong> \u00a1Vamos!<\/p>","protected":false},"excerpt":{"rendered":"<div class=\"flex-shrink-0 flex flex-col relative items-end\">\n<div class=\"pt-0\">\n<div class=\"gizmo-shadow-stroke flex h-8 w-8 items-center justify-center overflow-hidden rounded-full\">\n<div class=\"h-full w-full\">El **Al Fakher Crown Bar 12000 PRO** es un vape de un solo uso recargable con una capacidad de 12.000 bocanadas, una bobina de malla de 0,6 ohmios para un sabor intenso, un dise\u00f1o elegante, sonido integrado de pipa de agua y pantalla digital, disponible en **alfakherwelt.de**.<\/div>\n<\/div>\n<\/div>\n<\/div>","protected":false},"featured_media":479,"comment_status":"open","ping_status":"closed","template":"","meta":[],"product_brand":[],"product_cat":[21],"product_tag":[],"class_list":{"0":"post-476","1":"product","2":"type-product","3":"status-publish","4":"has-post-thumbnail","6":"product_cat-ai-fakher-crown-bar-12000","8":"first","9":"outofstock","10":"sale","11":"shipping-taxable","12":"purchasable","13":"product-type-simple"},"jetpack_sharing_enabled":true,"_links":{"self":[{"href":"https:\/\/alfakherwelt.de\/es\/wp-json\/wp\/v2\/product\/476","targetHints":{"allow":["GET"]}}],"collection":[{"href":"https:\/\/alfakherwelt.de\/es\/wp-json\/wp\/v2\/product"}],"about":[{"href":"https:\/\/alfakherwelt.de\/es\/wp-json\/wp\/v2\/types\/product"}],"replies":[{"embeddable":true,"href":"https:\/\/alfakherwelt.de\/es\/wp-json\/wp\/v2\/comments?post=476"}],"wp:featuredmedia":[{"embeddable":true,"href":"https:\/\/alfakherwelt.de\/es\/wp-json\/wp\/v2\/media\/479"}],"wp:attachment":[{"href":"https:\/\/alfakherwelt.de\/es\/wp-json\/wp\/v2\/media?parent=476"}],"wp:term":[{"taxonomy":"product_brand","embeddable":true,"href":"https:\/\/alfakherwelt.de\/es\/wp-json\/wp\/v2\/product_brand?post=476"},{"taxonomy":"product_cat","embeddable":true,"href":"https:\/\/alfakherwelt.de\/es\/wp-json\/wp\/v2\/product_cat?post=476"},{"taxonomy":"product_tag","embeddable":true,"href":"https:\/\/alfakherwelt.de\/es\/wp-json\/wp\/v2\/product_tag?post=476"}],"curies":[{"name":"wp","href":"https:\/\/api.w.org\/{rel}","templated":true}]}}