{"id":472,"date":"2024-09-18T01:26:31","date_gmt":"2024-09-18T01:26:31","guid":{"rendered":"https:\/\/alfakherwelt.de\/?post_type=product&#038;p=472"},"modified":"2024-12-27T06:17:25","modified_gmt":"2024-12-27T06:17:25","slug":"ai-fakher-crown-bar-12000-inhalaciones-cigarrillo-electronico-desechable-oceano-azul","status":"publish","type":"product","link":"https:\/\/alfakherwelt.de\/es\/producto\/ai-fakher-crown-bar-12000-inhalaciones-cigarrillo-electronico-desechable-oceano-azul\/","title":{"rendered":"AI Fakher Crown Bar 12000 Z\u00fcge Hookah Sound  Einweg E Zigarette \u2013 Blue Ocean \n\nse convierte en \n\nAI Fakher Crown Bar 12000 tiradas Hookah Sound  cigarrillo electr\u00f3nico desechable \u2013 Oc\u00e9ano Azul"},"content":{"rendered":"<h2><strong><a href=\"https:\/\/alfakherwelt.de\/es\/\"><img loading=\"lazy\" decoding=\"async\" class=\"alignnone wp-image-456 size-full\" src=\"https:\/\/alfakherwelt.de\/wp-content\/uploads\/2024\/09\/AI-Fakher-Crown-Bar-12000.webp\" alt=\"AI Fakher Crown Bar 12000 Caladas Cigarrillo Electr\u00f3nico Desechable - Oc\u00e9ano Azul\" width=\"1080\" height=\"1080\" title=\"\" srcset=\"https:\/\/alfakherwelt.de\/wp-content\/uploads\/2024\/09\/AI-Fakher-Crown-Bar-12000.webp 1080w, https:\/\/alfakherwelt.de\/wp-content\/uploads\/2024\/09\/AI-Fakher-Crown-Bar-12000-300x300.webp 300w, https:\/\/alfakherwelt.de\/wp-content\/uploads\/2024\/09\/AI-Fakher-Crown-Bar-12000-1024x1024.webp 1024w, https:\/\/alfakherwelt.de\/wp-content\/uploads\/2024\/09\/AI-Fakher-Crown-Bar-12000-150x150.webp 150w, https:\/\/alfakherwelt.de\/wp-content\/uploads\/2024\/09\/AI-Fakher-Crown-Bar-12000-768x768.webp 768w, https:\/\/alfakherwelt.de\/wp-content\/uploads\/2024\/09\/AI-Fakher-Crown-Bar-12000-600x600.webp 600w, https:\/\/alfakherwelt.de\/wp-content\/uploads\/2024\/09\/AI-Fakher-Crown-Bar-12000-100x100.webp 100w\" sizes=\"auto, (max-width: 1080px) 100vw, 1080px\" \/><\/a><\/strong><\/h2>\n<h2><a href=\"https:\/\/alfakherwelt.de\/es\/\">Al Fakher<\/a> Crown Bar 12000 PRO: El vapeador desechable definitivo para consumidores exigentes<\/h2>\n<p>Viva la experiencia de vapor m\u00e1s moderna con el <strong>Al Fakher Crown Bar 12000 PRO Vape desechable<\/strong>Con una destacada capacidad de 12.000 puff, este dispositivo combina tecnolog\u00eda de punta y lujo en un dise\u00f1o elegante y sofisticado. Perfecto para vapeadores que valoran una experiencia intensa y duradera, sin hacer concesiones en sabor o rendimiento.<\/p>\n<h3>Descripci\u00f3n del producto<\/h3>\n<p>Der <a href=\"https:\/\/alfakherwelt.de\/es\/categoria-de-producto\/barra-de-corona-ai-fakher-12000\/\"><strong>Al Fakher Crown Bar 12000 PRO<\/strong><\/a> Es m\u00e1s que un simple vaporizador desechable. Con su innovadora tecnolog\u00eda de bobina de malla, no solo ofrece nubes excepcionalmente densas, sino tambi\u00e9n una intensidad de sabor incomparable que hace que cada bocanada sea una experiencia. Este vaporizador fue dise\u00f1ado para brindarle la sensaci\u00f3n de una pipa de agua tradicional, combinada con la comodidad de un dispositivo port\u00e1til y sin mantenimiento.<\/p>\n<p>El dispositivo est\u00e1 equipado con un conector tipo C que permite una carga extremadamente r\u00e1pida, lo que garantiza que su vapeador est\u00e9 siempre listo para usar, lo cual es especialmente \u00fatil para los vapeadores que est\u00e1n mucho en movimiento. La bater\u00eda recargable asegura que la vida \u00fatil del dispositivo se maximice, mientras que la bobina de malla de 0,6 ohmios proporciona constantemente nubes densas y sabrosas. Una pantalla digital muestra constantemente el estado de carga y el nivel de aceite, lo que le permite tener el control total sobre su experiencia de vapeo.<\/p>\n<p>Der <strong>Crown Bar 12000 PRO<\/strong> Es ligero y est\u00e1 dise\u00f1ado con estilo, se siente c\u00f3modo en la mano y se puede guardar f\u00e1cilmente en un bolsillo. Su apariencia elegante y su dise\u00f1o funcional lo convierten en el compa\u00f1ero perfecto para el d\u00eda a d\u00eda y ocasiones especiales.<\/p>\n<h3>Caracter\u00edsticas importantes del producto:<\/h3>\n<ul>\n<li><strong>12.000 trenes por dispositivo<\/strong>: Uno de los n\u00fameros de Puff m\u00e1s altos en el mercado, lo que garantiza una vida \u00fatil extremadamente larga.<\/li>\n<li><strong>Tecnolog\u00eda de bobina de malla<\/strong>Para aromas intensos y nubes densas que llevan tu experiencia de vapeo al siguiente nivel.<\/li>\n<li><strong>DTL Vaping (Direct-to-Lung)<\/strong>Para una experiencia de vapeo directa e intensa que hace que el sabor de los l\u00edquidos sea \u00f3ptimo.<\/li>\n<li><strong>Efectos de sonido integrados para hookah<\/strong>: Le dan al vapeo el sonido aut\u00e9ntico de una shisha tradicional, lo que hace que la experiencia sea a\u00fan m\u00e1s inmersiva.<\/li>\n<li><strong>Pantalla digital<\/strong>: Muestra tanto el estado de la bater\u00eda como el nivel de l\u00edquido electr\u00f3nico, para que pueda ver en todo momento cu\u00e1nto tiempo m\u00e1s estar\u00e1 listo su vape.<\/li>\n<li><strong>Funci\u00f3n de carga r\u00e1pida con tipo C<\/strong>: Para que est\u00e9 listo r\u00e1pidamente - ideal para vapers que est\u00e1n mucho en movimiento.<\/li>\n<li><strong>Dise\u00f1o ligero<\/strong>F\u00e1cil de transportar y agradable en el manejo.<\/li>\n<\/ul>\n<h3>Diversidad de aromas: Descubre la profundidad de sabor<\/h3>\n<p>Cuando se trata de vapear, no solo se trata de la tecnolog\u00eda, el sabor tambi\u00e9n juega un papel igualmente importante. Con el <a href=\"https:\/\/alfakherwelt.de\/es\/categoria-de-producto\/barra-de-corona-ai-fakher-12000\/\"><strong>Al Fakher Crown Bar 12000 PRO<\/strong><\/a> Experimente una variedad de sabores incomparable que convierte cada sesi\u00f3n de vapeo en una experiencia gustativa \u00fanica.<\/p>\n<h4><strong>Oc\u00e9ano Azul<\/strong> - Fresca brisa para tus sentidos<\/h4>\n<p>Der <strong>Oc\u00e9ano Azul<\/strong> El sabor trae la frescura del mar directamente a usted. Imag\u00ednese parado en un oc\u00e9ano cristalino y la brisa fresca lo envuelve. Exactamente esta sensaci\u00f3n la captura el Blue Ocean Vape - un sabor maravillosamente refrescante que ofrece una mezcla sutil de notas de menta y c\u00edtricos. Perfecto para todos aquellos que les gusta fresco y refrescante. Esta combinaci\u00f3n de aromas es la compa\u00f1era ideal para los d\u00edas calurosos de verano o momentos en los que anhela un enfriamiento gustativo.<\/p>\n<p>La combinaci\u00f3n de menta refrescante y lim\u00f3n chispeante refresca el paladar y deja una sensaci\u00f3n bucal limpia y viva. Cada bocanada trae una ola de frescura que es duradera e intensa, sin parecer abrumadora.<\/p>\n<h3>Por qu\u00e9 usted el <a href=\"https:\/\/alfakherwelt.de\/es\/categoria-de-producto\/barra-de-corona-ai-fakher-12000\/\">Al Fakher Crown Bar 12000 PRO<\/a> Deber\u00edan Elegir<\/h3>\n<ul>\n<li><strong>Durabilidad<\/strong>: Con hasta 12.000 trenes es el <strong>Al Fakher Crown Bar 12000 PRO<\/strong> Uno de los vaporizadores desechables con mayor durabilidad en el mercado. Perfecto para vapeadores que buscan una mayor duraci\u00f3n de uso sin necesidad de comprar dispositivos nuevos constantemente.<\/li>\n<li><strong>Intensidad del sabor<\/strong>Gracias a la tecnolog\u00eda de bobina de malla, experimente sabores intensos y aut\u00e9nticos que se despliegan con cada calada.<\/li>\n<li><strong>Comodidad<\/strong>: Ligero, f\u00e1cil de usar y siempre listo para usar. La pantalla digital garantiza que siempre tenga una visi\u00f3n general.<\/li>\n<li><strong>Dise\u00f1o lujoso<\/strong>: El exterior elegante de <strong>Al Fakher Crown Bar<\/strong> Convi\u00e9rtelo en un accesorio elegante que puedes llevar a cualquier lugar.<\/li>\n<\/ul>\n<h3>Comprar vaporizadores desechables en l\u00ednea en <a href=\"https:\/\/alfakherwelt.de\/es\/\">Alfakherwelt.de<\/a><\/h3>\n<p>Der <strong>Al Fakher Crown Bar 12000 PRO<\/strong> es la elecci\u00f3n perfecta para vapeadores que buscan una experiencia de vapeo duradera y con un sabor intenso. Compre su <strong>Vape desechable<\/strong> todav\u00eda hoy en <a href=\"https:\/\/alfakherwelt.de\/es\/\"><strong>Alfakherwelt.de<\/strong><\/a>, la mayor plataforma para cigarrillos electr\u00f3nicos desechables en Alemania. Con nuestra entrega r\u00e1pida y una amplia variedad de sabores, somos la primera opci\u00f3n para los vapeadores en Alemania que valoran la calidad y el servicio.<\/p>\n<p>Descubra ahora el mundo de la <strong>Vapeo con nicotina<\/strong> en todo su esplendor y d\u00e9jese llevar por la potencia y la elegancia de <strong>Al Fakher Crown Bar 12000 PRO<\/strong> \u00a1Entusiasmar!<\/p>","protected":false},"excerpt":{"rendered":"<div class=\"flex-shrink-0 flex flex-col relative items-end\">\n<div class=\"pt-0\">\n<div class=\"gizmo-shadow-stroke flex h-8 w-8 items-center justify-center overflow-hidden rounded-full\">\n<div class=\"h-full w-full\">El **Al Fakher Crown Bar 12000 PRO vape desechable** combina tecnolog\u00eda avanzada de bobina de malla, una impresionante capacidad de 12.000 bocanadas y una construcci\u00f3n elegante y ligera, para ofrecer una experiencia de vapeo intensa y duradera con sabores ricos como \u201cBlue Ocean\u201d, que puedes comprar exclusivamente en **Alfakherwelt.de**.<\/div>\n<\/div>\n<\/div>\n<\/div>","protected":false},"featured_media":473,"comment_status":"open","ping_status":"closed","template":"","meta":[],"product_brand":[],"product_cat":[21],"product_tag":[],"class_list":{"0":"post-472","1":"product","2":"type-product","3":"status-publish","4":"has-post-thumbnail","6":"product_cat-ai-fakher-crown-bar-12000","8":"first","9":"outofstock","10":"sale","11":"shipping-taxable","12":"purchasable","13":"product-type-simple"},"jetpack_sharing_enabled":true,"_links":{"self":[{"href":"https:\/\/alfakherwelt.de\/es\/wp-json\/wp\/v2\/product\/472","targetHints":{"allow":["GET"]}}],"collection":[{"href":"https:\/\/alfakherwelt.de\/es\/wp-json\/wp\/v2\/product"}],"about":[{"href":"https:\/\/alfakherwelt.de\/es\/wp-json\/wp\/v2\/types\/product"}],"replies":[{"embeddable":true,"href":"https:\/\/alfakherwelt.de\/es\/wp-json\/wp\/v2\/comments?post=472"}],"wp:featuredmedia":[{"embeddable":true,"href":"https:\/\/alfakherwelt.de\/es\/wp-json\/wp\/v2\/media\/473"}],"wp:attachment":[{"href":"https:\/\/alfakherwelt.de\/es\/wp-json\/wp\/v2\/media?parent=472"}],"wp:term":[{"taxonomy":"product_brand","embeddable":true,"href":"https:\/\/alfakherwelt.de\/es\/wp-json\/wp\/v2\/product_brand?post=472"},{"taxonomy":"product_cat","embeddable":true,"href":"https:\/\/alfakherwelt.de\/es\/wp-json\/wp\/v2\/product_cat?post=472"},{"taxonomy":"product_tag","embeddable":true,"href":"https:\/\/alfakherwelt.de\/es\/wp-json\/wp\/v2\/product_tag?post=472"}],"curies":[{"name":"wp","href":"https:\/\/api.w.org\/{rel}","templated":true}]}}