{"id":470,"date":"2024-09-18T01:25:01","date_gmt":"2024-09-18T01:25:01","guid":{"rendered":"https:\/\/alfakherwelt.de\/?post_type=product&#038;p=470"},"modified":"2024-12-27T06:17:43","modified_gmt":"2024-12-27T06:17:43","slug":"ai-fakher-corona-barra-12000-inhalaciones-cigarrillo-electronico-hubba-desechable","status":"publish","type":"product","link":"https:\/\/alfakherwelt.de\/es\/producto\/ai-fakher-corona-barra-12000-inhalaciones-cigarrillo-electronico-hubba-desechable\/","title":{"rendered":"AI Fakher Crown Bar 12000 Z\u00fcge Hookah Sound  Einweg E Zigarette \u2013 Hubba \n\n se convierte en \n\n AI Fakher Crown Bar 12000 tiradas Hookah Sound  cigarrillo electr\u00f3nico desechable \u2013 Hubba"},"content":{"rendered":"<h2><strong><img loading=\"lazy\" decoding=\"async\" class=\"alignnone wp-image-450 size-full\" src=\"https:\/\/alfakherwelt.de\/wp-content\/uploads\/2024\/09\/AI-Fakher-Crown-Bar-12000\uff082\uff09.webp\" alt=\"AI Fakher Crown Bar 12000 Z\u00fcge Einweg E Zigarette - Hubba becomes AI Fakher Crown Bar 12000 tiradas cigarrillo electr\u00f3nico desechable - Hubba\" width=\"1837\" height=\"2522\" title=\"\" srcset=\"https:\/\/alfakherwelt.de\/wp-content\/uploads\/2024\/09\/AI-Fakher-Crown-Bar-12000\uff082\uff09.webp 1837w, https:\/\/alfakherwelt.de\/wp-content\/uploads\/2024\/09\/AI-Fakher-Crown-Bar-12000\uff082\uff09-219x300.webp 219w, https:\/\/alfakherwelt.de\/wp-content\/uploads\/2024\/09\/AI-Fakher-Crown-Bar-12000\uff082\uff09-746x1024.webp 746w, https:\/\/alfakherwelt.de\/wp-content\/uploads\/2024\/09\/AI-Fakher-Crown-Bar-12000\uff082\uff09-768x1054.webp 768w, https:\/\/alfakherwelt.de\/wp-content\/uploads\/2024\/09\/AI-Fakher-Crown-Bar-12000\uff082\uff09-1119x1536.webp 1119w, https:\/\/alfakherwelt.de\/wp-content\/uploads\/2024\/09\/AI-Fakher-Crown-Bar-12000\uff082\uff09-1492x2048.webp 1492w, https:\/\/alfakherwelt.de\/wp-content\/uploads\/2024\/09\/AI-Fakher-Crown-Bar-12000\uff082\uff09-600x824.webp 600w\" sizes=\"auto, (max-width: 1837px) 100vw, 1837px\" \/><\/strong><\/h2>\n<h2><\/h2>\n<h2><a href=\"https:\/\/alfakherwelt.de\/es\/\">Al Fakher<\/a> Crown Bar 12000 PRO <a href=\"https:\/\/alfakherwelt.de\/es\/\">Cigarrillo electr\u00f3nico desechable<\/a> Para experiencias de vapeo exquisitas<\/h2>\n<p>Der <a href=\"https:\/\/alfakherwelt.de\/es\/categoria-de-producto\/barra-de-corona-ai-fakher-12000\/\"><strong>Al Fakher Crown Bar 12000 PRO<\/strong><\/a> El pod de vapeo desechable es el \u00faltimo desarrollo en el mercado de vapeo, llevando tecnolog\u00eda de punta para una experiencia de vapeo incomparable directamente a su mano. Con un impresionante n\u00famero de hasta 12.000 caladas y un dise\u00f1o inconfundible, este dispositivo ofrece una combinaci\u00f3n excepcional de disfrute elegante y durabilidad prolongada. Perfecto para todos aquellos que buscan un vapeo potente y sin complicaciones. Descubre el potencial completo de este cigarrillo electr\u00f3nico desechable y d\u00e9jate llevar por los aromas intensos y la tecnolog\u00eda duradera.<\/p>\n<h3>Descripci\u00f3n del producto<\/h3>\n<p>El Al Fakher Crown Bar 12000 PRO fue desarrollado para ofrecer un equilibrio perfecto entre facilidad de uso y rendimiento excepcional. El <strong>Vape desechable recargable<\/strong> permite gracias a una bater\u00eda potente y una bobina de malla de 0,6 ohmios una intensa liberaci\u00f3n de sabor y nubes de vapor densas. Cada calada se caracteriza por un <strong>dise\u00f1o ligero y elegante<\/strong> y la construcci\u00f3n c\u00f3moda de la boquilla para una experiencia suave.<\/p>\n<p>Der <strong>pantalla digital<\/strong> muestra tanto el estado de la bater\u00eda como la cantidad restante de l\u00edquido electr\u00f3nico, para que siempre tengas una visi\u00f3n general. Para un toque especial, la Crown Bar ofrece una <strong>onda de sonido similar a narguile<\/strong>que imita la sensaci\u00f3n de una sesi\u00f3n real de pipa de agua.<\/p>\n<h3>Propiedades especiales<\/h3>\n<ul>\n<li><strong>12.000 trenes por dispositivo<\/strong>Disfruta de un n\u00famero extremadamente alto de bocanegra - perfecto para viajes largos o sesiones intensivas de vapor.<\/li>\n<li><strong>Tecnolog\u00eda de bobina de malla (0,6 ohmios)<\/strong>: Experimente nubes de vapor densas y arom\u00e1ticas que deleitan sus papilas gustativas.<\/li>\n<li><strong>Recargable con conector Tipo-C<\/strong>El sistema de carga r\u00e1pida garantiza que su dispositivo est\u00e9 listo para usar en todo momento.<\/li>\n<li><strong>Pantalla digital<\/strong>: Mantenga un registro del estado de la bater\u00eda y de la cantidad de l\u00edquido.<\/li>\n<li><strong>Dise\u00f1o ligero y elegante<\/strong>: Delgado, port\u00e1til y elegante - ideal para llevar contigo.<\/li>\n<li><strong>Ondas de sonido integradas para hookah<\/strong>: Para una experiencia aut\u00e9ntica de Nargile.<\/li>\n<li><strong>Vapeo directo a pulm\u00f3n (DTL)<\/strong>: Optimizado para un desarrollo de sabor fuerte e intenso y un vapor denso.<\/li>\n<\/ul>\n<h3>Datos t\u00e9cnicos<\/h3>\n<ul>\n<li>Z\u00fcge: Bis zu 12.000 \nTrains: Up to 12,000<\/li>\n<li>Nikotin: 0,5 % (5 mg)\n\nbecomes \n\nNikotin: 0,5 % (5 mg)<\/li>\n<li>Spule: Mesh-Spule (0,6 Ohm) \n\nbecomes \n\n Coil: Mesh coil (0.6 Ohm) \n\n translates to \n\nSpule: Malla bobina (0,6 ohmios)<\/li>\n<li>Conexi\u00f3n de carga: USB tipo C<\/li>\n<li>Recargable: S\u00ed<\/li>\n<li>Pantalla digital<\/li>\n<li>Dise\u00f1o: Ligero, ergon\u00f3mico y port\u00e1til<\/li>\n<li>Sin mantenimiento: No requiere rellenado ni cambio de bobina<\/li>\n<\/ul>\n<h3>Sabores - Un mundo lleno de variedad de sabores<\/h3>\n<p>Con el <a href=\"https:\/\/alfakherwelt.de\/es\/categoria-de-producto\/barra-de-corona-ai-fakher-12000\/\"><strong>Al Fakher Crown Bar 12000 PRO<\/strong><\/a> Les espera un verdadero fest\u00edn para el paladar. Cada variedad se ha desarrollado cuidadosamente para deleitar el paladar con aromas intensos y complejos.<\/p>\n<h4><strong>Hubba Bubba<\/strong><\/h4>\n<p>Un placer nost\u00e1lgico que recuerda a los dulces chicles de la infancia. El sabor Hubba Bubba combina bayas jugosas y notas dulces de algod\u00f3n de az\u00facar para una experiencia gustativa inolvidable. Con cada calada se despliega una sensaci\u00f3n suave y ligeramente picante en la boca que hace que tengas ganas de m\u00e1s. Esta variedad es ideal para vapeadores que prefieren una nota dulce y juguetona, sin que resulte demasiado llamativa.<\/p>\n<p>&nbsp;<\/p>\n<h3>Por qu\u00e9 usted el <a href=\"https:\/\/alfakherwelt.de\/es\/categoria-de-producto\/barra-de-corona-ai-fakher-12000\/\">Al Fakher Crown Bar 12000 PRO<\/a> deber\u00edan comprar<\/h3>\n<ol>\n<li><strong>Larga durabilidad<\/strong>Con 12.000 bocanegrabit h\u00e4lt este dispositivo esencialmente m\u00e1s tiempo que la mayor\u00eda de otros Vapes desechables en el mercado.<\/li>\n<li><strong>Tecnolog\u00eda innovadora<\/strong>: La bobina de malla y la pantalla digital proporcionan una experiencia de vapeo tecnol\u00f3gicamente avanzada y f\u00e1cil de usar.<\/li>\n<li><strong>Experiencia gastron\u00f3mica pura<\/strong>La amplia gama de sabores ofrece algo para cada vapeador, ya sea dulce, afrutado o refrescante.<\/li>\n<li><strong>Recargable y libre de mantenimiento<\/strong>Gracias al conector de carga Tipo-C, su dispositivo se carga en un abrir y cerrar de ojos y est\u00e1 listo para usar, sin necesidad de un mantenimiento complicado.<\/li>\n<li><strong>Dise\u00f1o elegante<\/strong>: El dise\u00f1o delgado, ligero y ergon\u00f3mico hace que este dispositivo sea el compa\u00f1ero ideal para llevar contigo.<\/li>\n<li><strong>Aut\u00e9ntico ambiente de hookah<\/strong>: La onda de sonido integrada trae la sensaci\u00f3n de una pipa de agua directamente a su mano.<\/li>\n<\/ol>\n<h3>Conclusi\u00f3n<\/h3>\n<p>Der <a href=\"https:\/\/alfakherwelt.de\/es\/categoria-de-producto\/barra-de-corona-ai-fakher-12000\/\"><strong>Al Fakher Crown Bar 12000 PRO<\/strong><\/a> Es el vapeador desechable ideal para todos aquellos que buscan un dispositivo duradero, potente y con un sabor intenso. Con su gran capacidad de inhalaci\u00f3n, tecnolog\u00eda avanzada y sabores intensos, este vapeador ofrece una experiencia de vapeo inolvidable. Si est\u00e1s buscando un vapeador fiable y de alta calidad que te acompa\u00f1e todo el d\u00eda, entonces el Al Fakher Crown Bar 12000 PRO es la elecci\u00f3n perfecta.<\/p>\n<p>Visite <a href=\"https:\/\/alfakherwelt.de\/es\/\"><strong>alfakherwelt.de<\/strong><\/a>para comprar su dispositivo y sumergirse en el mundo del vapeo definitivo.<\/p>","protected":false},"excerpt":{"rendered":"<div class=\"flex-shrink-0 flex flex-col relative items-end\">\n<div class=\"pt-0\">\n<div class=\"gizmo-shadow-stroke flex h-8 w-8 items-center justify-center overflow-hidden rounded-full\">\n<div class=\"h-full w-full\">Der <strong>Al Fakher Crown Bar 12000 PRO<\/strong> Es un vape de un solo uso recargable con 12.000 caladas, tecnolog\u00eda innovadora de bobina de malla, dise\u00f1o elegante e intensos aromas, que ofrece una experiencia de vapeo inigualable.<\/div>\n<\/div>\n<\/div>\n<\/div>","protected":false},"featured_media":469,"comment_status":"open","ping_status":"closed","template":"","meta":[],"product_brand":[],"product_cat":[21],"product_tag":[],"class_list":{"0":"post-470","1":"product","2":"type-product","3":"status-publish","4":"has-post-thumbnail","6":"product_cat-ai-fakher-crown-bar-12000","8":"first","9":"outofstock","10":"sale","11":"shipping-taxable","12":"purchasable","13":"product-type-simple"},"jetpack_sharing_enabled":true,"_links":{"self":[{"href":"https:\/\/alfakherwelt.de\/es\/wp-json\/wp\/v2\/product\/470","targetHints":{"allow":["GET"]}}],"collection":[{"href":"https:\/\/alfakherwelt.de\/es\/wp-json\/wp\/v2\/product"}],"about":[{"href":"https:\/\/alfakherwelt.de\/es\/wp-json\/wp\/v2\/types\/product"}],"replies":[{"embeddable":true,"href":"https:\/\/alfakherwelt.de\/es\/wp-json\/wp\/v2\/comments?post=470"}],"wp:featuredmedia":[{"embeddable":true,"href":"https:\/\/alfakherwelt.de\/es\/wp-json\/wp\/v2\/media\/469"}],"wp:attachment":[{"href":"https:\/\/alfakherwelt.de\/es\/wp-json\/wp\/v2\/media?parent=470"}],"wp:term":[{"taxonomy":"product_brand","embeddable":true,"href":"https:\/\/alfakherwelt.de\/es\/wp-json\/wp\/v2\/product_brand?post=470"},{"taxonomy":"product_cat","embeddable":true,"href":"https:\/\/alfakherwelt.de\/es\/wp-json\/wp\/v2\/product_cat?post=470"},{"taxonomy":"product_tag","embeddable":true,"href":"https:\/\/alfakherwelt.de\/es\/wp-json\/wp\/v2\/product_tag?post=470"}],"curies":[{"name":"wp","href":"https:\/\/api.w.org\/{rel}","templated":true}]}}