{"id":461,"date":"2024-09-13T08:08:25","date_gmt":"2024-09-13T08:08:25","guid":{"rendered":"https:\/\/alfakherwelt.de\/?post_type=product&#038;p=461"},"modified":"2025-03-31T11:58:13","modified_gmt":"2025-03-31T11:58:13","slug":"ai-fakher-crown-bar-12000-inhalaciones-cigarrillo-electronico-desechable-limonada-azul-razz","status":"publish","type":"product","link":"https:\/\/alfakherwelt.de\/es\/producto\/ai-fakher-crown-bar-12000-inhalaciones-cigarrillo-electronico-desechable-limonada-azul-razz\/","title":{"rendered":"AI Fakher Crown Bar 12000 Z\u00fcge Hookah Sound  Einweg E Zigarette \u2013 Blue Razz Lemonade\n\n se convierte en \n\n AI Fakher Crown Bar 12000 tiradas Hookah Sound  cigarrillo electr\u00f3nico desechable \u2013 Blue Razz Lemonade"},"content":{"rendered":"<h2><a href=\"https:\/\/alfakherwelt.de\/es\/\">Al Fakher<\/a> Crown Bar 12000 PRO \u2013 Vape Desechable Premium para Disfrutar en Alemania<\/h2>\n<p>Der <a href=\"https:\/\/alfakherwelt.de\/es\/categoria-de-producto\/barra-de-corona-ai-fakher-12000\/\"><strong>Al Fakher Crown Bar 12000 PRO<\/strong><\/a>\u00a0es la elecci\u00f3n ideal para vapeadores que valoran el sabor, el rendimiento y el estilo. Este dispositivo innovador combina las mejores propiedades de un cigarrillo electr\u00f3nico moderno con el placer de una pipa de agua tradicional. Con impresionantes <strong>12.000 tiradas por dispositivo<\/strong> ofrece una experiencia de vapeo duradera e intensa con este vaporizador recargable desechable.<\/p>\n<h3>Elegante Dise\u00f1o y Alto Rendimiento<\/h3>\n<p>El dise\u00f1o delgado y ligero hace que el <a href=\"https:\/\/alfakherwelt.de\/es\/categoria-de-producto\/barra-de-corona-ai-fakher-12000\/\"><strong>Al Fakher Crown Bar 12000 PRO<\/strong><\/a> No solo es visualmente atractivo, sino tambi\u00e9n extremadamente f\u00e1cil de usar. La forma ergon\u00f3mica de la boquilla garantiza inhalaciones agradables que permanecen consistentes durante toda la experiencia de vapeo. La <strong>0,6 ohm red de bobina<\/strong> proporciona nubes densas y aromas intensos que garantizan un placer m\u00e1ximo con cada calada. Es especialmente pr\u00e1ctico el integrado <strong>pantalla digital<\/strong>, que muestra tanto el estado de carga como el nivel de l\u00edquido electr\u00f3nico, para que siempre tenga una visi\u00f3n general.<\/p>\n<h3>Funciones de un vistazo:<\/h3>\n<ul>\n<li><strong>12.000 trenes por dispositivo<\/strong>: El dispositivo de vapeo desechable m\u00e1s duradero del mercado - perfecto para uso a largo plazo.<\/li>\n<li><strong>Bater\u00eda recargable<\/strong>: Gracias a <strong>USB tipo C<\/strong> El cargado ser\u00e1 r\u00e1pido y sin complicaciones.<\/li>\n<li><strong>Bobina de malla de 0,6 ohmios<\/strong>Para un m\u00e1ximo desarrollo del sabor y nubes de vapor densas y lujosas.<\/li>\n<li><strong>Pantalla digital<\/strong>: Visi\u00f3n general del nivel de bater\u00eda y l\u00edquido - siempre perfectamente informado.<\/li>\n<li><strong>DTL (Vapeo directo a los pulmones)<\/strong>: Una experiencia de vapor potente que permite inhalaciones profundas y completas.<\/li>\n<li><strong>Ondas de sonido de pipa de agua<\/strong>: Sonido aut\u00e9ntico de Shisha para una experiencia de vapeo inmersiva.<\/li>\n<\/ul>\n<p>Con esta tecnolog\u00eda avanzada, el Al Fakher Crown Bar 12000 no solo ofrece un rendimiento de primera clase, sino tambi\u00e9n una experiencia de usuario fascinante que no tiene igual.<\/p>\n<hr \/>\n<h2>Experiencia de sabor de primera clase: Blue Razz Lemonade<\/h2>\n<p>Uno de los momentos destacados del <a href=\"https:\/\/alfakherwelt.de\/es\/categoria-de-producto\/barra-de-corona-ai-fakher-12000\/\"><strong>Al Fakher Crown Bar 12000 PRO<\/strong><\/a> es sin duda la <strong>Blue Razz Lemonade<\/strong>Sabor. Esta combinaci\u00f3n de ar\u00e1ndanos dulces y jugosos con un toque refrescante de limonada ofrece una experiencia gustativa \u00fanica que lleva el paladar a un viaje entre frescura y frutalidad.<\/p>\n<h3>El sabor de Blue Razz Lemonade en detalle:<\/h3>\n<p>La <strong>Nota de ar\u00e1ndano<\/strong> est\u00e1 en el centro de este perfil de sabor. Es intenso, dulce y al mismo tiempo ligeramente herb\u00e1ceo - exactamente como las bayas reci\u00e9n recogidas. El sabor se despliega inmediatamente con cada calada y permanece en la boca durante mucho tiempo sin ser abrumador. La sutil <strong>\u00c1cido de la limonada<\/strong> Le otorga al sabor una complejidad refrescante y asegura un equilibrio perfecto. Esta combinaci\u00f3n dulce y \u00e1cida no solo es refrescante, sino tambi\u00e9n absolutamente irresistible.<\/p>\n<p>El sabor residual es agradable y deja una sensaci\u00f3n refrescante que recuerda a los d\u00edas calurosos de verano -perfecto para vapeadores que quieren disfrutar de un toque de verano durante todo el a\u00f1o. El <strong>Blue Razz Lemonade<\/strong>El sabor es ideal para todos aquellos que prefieren notas frutales intensas, pero que no quieren renunciar a una frescura equilibrada.<\/p>\n<hr \/>\n<h2>Por qu\u00e9 el <a href=\"https:\/\/alfakherwelt.de\/es\/categoria-de-producto\/barra-de-corona-ai-fakher-12000\/\">Al Fakher Crown Bar 12000 PRO<\/a> elegir<\/h2>\n<p>Si est\u00e1s buscando una <strong>Cigarrillo electr\u00f3nico desechable con nicotina<\/strong> buscar, que no haga concesiones ni en t\u00e9rminos de rendimiento ni de sabor, es el <strong>Al Fakher Crown Bar 12000 PRO<\/strong> La elecci\u00f3n perfecta. Aqu\u00ed hay algunas razones por las que este dispositivo deber\u00eda ser tu pr\u00f3ximo vape:<\/p>\n<ul>\n<li><strong>M\u00e1xima longevidad<\/strong>: Con 12.000 bocanillas, este dispositivo supera la mayor\u00eda de los vaporizadores desechables convencionales.<\/li>\n<li><strong>Sabor premium<\/strong>: El sabor Blue Razz Lemonade es solo una de las muchas deliciosas opciones disponibles para proporcionar una experiencia de vapeo intensa y memorable.<\/li>\n<li><strong>Carga r\u00e1pida<\/strong>Gracias al moderno puerto USB-C, su dispositivo vuelve a estar listo para funcionar en un plazo muy corto.<\/li>\n<li><strong>M\u00e1xima facilidad de uso<\/strong>: La pantalla digital garantiza transparencia y facilidad de uso.<\/li>\n<li><strong>ambiente de hookah<\/strong>Las sutiles ondas de sonido de Shisha proporcionan la experiencia aut\u00e9ntica de Shisha que muchos vapeadores aprecian.<\/li>\n<\/ul>\n<hr \/>\n<h2>Datos t\u00e9cnicos:<\/h2>\n<ul>\n<li><strong>Trenes<\/strong>: Hasta 12.000<\/li>\n<li><strong>Nicotina<\/strong>: 0,5 % (5 mg)<\/li>\n<li><strong>Bobina<\/strong>: Bobina de malla para producci\u00f3n de vapor denso<\/li>\n<li><strong>Carga<\/strong>: Conector USB tipo C<\/li>\n<li><strong>Recargable<\/strong>: S\u00ed<\/li>\n<li><strong>Pantalla<\/strong>: Digital, para mostrar el nivel de bater\u00eda y l\u00edquido<\/li>\n<li><strong>Mantenimiento<\/strong>: Libre de mantenimiento<\/li>\n<\/ul>\n<hr \/>\n<p>&nbsp;<\/p>\n<h2><strong><img loading=\"lazy\" decoding=\"async\" class=\"alignnone wp-image-453 size-full\" src=\"https:\/\/alfakherwelt.de\/wp-content\/uploads\/2024\/09\/AI-Fakher-Crown-Bar-12000\uff081\uff09.webp\" alt=\"AI Fakher Crown Bar 12000 Caladas Cigarrillo Electr\u00f3nico Desechable - Blue Razz Limonada\" width=\"600\" height=\"600\" title=\"\" srcset=\"https:\/\/alfakherwelt.de\/wp-content\/uploads\/2024\/09\/AI-Fakher-Crown-Bar-12000\uff081\uff09.webp 600w, https:\/\/alfakherwelt.de\/wp-content\/uploads\/2024\/09\/AI-Fakher-Crown-Bar-12000\uff081\uff09-300x300.webp 300w, https:\/\/alfakherwelt.de\/wp-content\/uploads\/2024\/09\/AI-Fakher-Crown-Bar-12000\uff081\uff09-150x150.webp 150w, https:\/\/alfakherwelt.de\/wp-content\/uploads\/2024\/09\/AI-Fakher-Crown-Bar-12000\uff081\uff09-100x100.webp 100w\" sizes=\"auto, (max-width: 600px) 100vw, 600px\" \/><\/strong><\/h2>\n<h2>Ordene hoy mismo en Alfakherwelt.de<\/h2>\n<p>En <a href=\"https:\/\/alfakherwelt.de\/es\/\"><strong>Alfakherwelt.de<\/strong><\/a>, la tienda en l\u00ednea l\u00edder para vaporizadores desechables en Alemania, puede <strong>Al Fakher Crown Bar 12000 PRO<\/strong> Ordene directamente y descubra la amplia selecci\u00f3n de productos de alta calidad. Nuestro r\u00e1pido env\u00edo y servicio de primera clase aseguran que pueda disfrutar de su experiencia de vapeo lo antes posible. No pierda la oportunidad de convertirse en parte de la exclusiva comunidad de vapeo - <strong><a href=\"https:\/\/alfakherwelt.de\/es\/\">cigarrillo electr\u00f3nico desechable<\/a> Comprar es f\u00e1cil.<\/strong><\/p>","protected":false},"excerpt":{"rendered":"<div class=\"flex-shrink-0 flex flex-col relative items-end\">\n<div class=\"pt-0\">\n<div class=\"gizmo-shadow-stroke flex h-8 w-8 items-center justify-center overflow-hidden rounded-full\">\n<div class=\"h-full w-full\">Der <strong>Al Fakher Crown Bar 12000 PRO<\/strong> es un vape de un solo uso recargable con 12.000 caladas, bobina de malla de \u00faltima generaci\u00f3n, pantalla digital, carga r\u00e1pida USB-C y sabores intensos Blue Razz Lemonade, que se encuentra en <strong>Alfakherwelt.de<\/strong>, Alemania l\u00edder en tienda en l\u00ednea de Vapes, est\u00e1 disponible.<\/div>\n<\/div>\n<\/div>\n<\/div>","protected":false},"featured_media":463,"comment_status":"open","ping_status":"closed","template":"","meta":[],"product_brand":[],"product_cat":[21],"product_tag":[],"class_list":{"0":"post-461","1":"product","2":"type-product","3":"status-publish","4":"has-post-thumbnail","6":"product_cat-ai-fakher-crown-bar-12000","8":"first","9":"outofstock","10":"sale","11":"shipping-taxable","12":"purchasable","13":"product-type-simple"},"jetpack_sharing_enabled":true,"_links":{"self":[{"href":"https:\/\/alfakherwelt.de\/es\/wp-json\/wp\/v2\/product\/461","targetHints":{"allow":["GET"]}}],"collection":[{"href":"https:\/\/alfakherwelt.de\/es\/wp-json\/wp\/v2\/product"}],"about":[{"href":"https:\/\/alfakherwelt.de\/es\/wp-json\/wp\/v2\/types\/product"}],"replies":[{"embeddable":true,"href":"https:\/\/alfakherwelt.de\/es\/wp-json\/wp\/v2\/comments?post=461"}],"wp:featuredmedia":[{"embeddable":true,"href":"https:\/\/alfakherwelt.de\/es\/wp-json\/wp\/v2\/media\/463"}],"wp:attachment":[{"href":"https:\/\/alfakherwelt.de\/es\/wp-json\/wp\/v2\/media?parent=461"}],"wp:term":[{"taxonomy":"product_brand","embeddable":true,"href":"https:\/\/alfakherwelt.de\/es\/wp-json\/wp\/v2\/product_brand?post=461"},{"taxonomy":"product_cat","embeddable":true,"href":"https:\/\/alfakherwelt.de\/es\/wp-json\/wp\/v2\/product_cat?post=461"},{"taxonomy":"product_tag","embeddable":true,"href":"https:\/\/alfakherwelt.de\/es\/wp-json\/wp\/v2\/product_tag?post=461"}],"curies":[{"name":"wp","href":"https:\/\/api.w.org\/{rel}","templated":true}]}}