{"id":448,"date":"2024-09-12T06:26:42","date_gmt":"2024-09-12T06:26:42","guid":{"rendered":"https:\/\/alfakherwelt.de\/?post_type=product&#038;p=448"},"modified":"2026-03-06T07:09:50","modified_gmt":"2026-03-06T07:09:50","slug":"ai-fakher-crown-bar-12000-inhalaciones-cigarrillo-electronico-desechable-berry-ice","status":"publish","type":"product","link":"https:\/\/alfakherwelt.de\/es\/producto\/ai-fakher-crown-bar-12000-inhalaciones-cigarrillo-electronico-desechable-berry-ice\/","title":{"rendered":"AI Fakher Crown Bar 12000 Z\u00fcge Einweg E Zigarette \u2013 Berry Ice \n\nbecomes \n\nAI Fakher Crown Bar 12000 tiradas cigarrillo electr\u00f3nico desechable - Berry Ice"},"content":{"rendered":"<h2><strong><img loading=\"lazy\" decoding=\"async\" class=\"alignnone wp-image-450 size-full\" src=\"https:\/\/alfakherwelt.de\/wp-content\/uploads\/2024\/09\/AI-Fakher-Crown-Bar-12000\uff082\uff09.webp\" alt=\"AI Fakher Crown Bar 12000 Caladas Cigarrillo Electr\u00f3nico Desechable - Sabor Fresa Hielo\" width=\"1837\" height=\"2522\" title=\"\" srcset=\"https:\/\/alfakherwelt.de\/wp-content\/uploads\/2024\/09\/AI-Fakher-Crown-Bar-12000\uff082\uff09.webp 1837w, https:\/\/alfakherwelt.de\/wp-content\/uploads\/2024\/09\/AI-Fakher-Crown-Bar-12000\uff082\uff09-219x300.webp 219w, https:\/\/alfakherwelt.de\/wp-content\/uploads\/2024\/09\/AI-Fakher-Crown-Bar-12000\uff082\uff09-746x1024.webp 746w, https:\/\/alfakherwelt.de\/wp-content\/uploads\/2024\/09\/AI-Fakher-Crown-Bar-12000\uff082\uff09-768x1054.webp 768w, https:\/\/alfakherwelt.de\/wp-content\/uploads\/2024\/09\/AI-Fakher-Crown-Bar-12000\uff082\uff09-1119x1536.webp 1119w, https:\/\/alfakherwelt.de\/wp-content\/uploads\/2024\/09\/AI-Fakher-Crown-Bar-12000\uff082\uff09-1492x2048.webp 1492w, https:\/\/alfakherwelt.de\/wp-content\/uploads\/2024\/09\/AI-Fakher-Crown-Bar-12000\uff082\uff09-600x824.webp 600w\" sizes=\"auto, (max-width: 1837px) 100vw, 1837px\" \/><a href=\"https:\/\/alfakherwelt.de\/es\/\">Al Fakher<\/a> Crown Bar 12000 PRO Vape desechable: La elecci\u00f3n perfecta para los amantes del vapeo<\/strong><\/h2>\n<h3><strong>Introducci\u00f3n: Experiencia innovadora de vapeo<\/strong><\/h3>\n<p>Der <strong><a href=\"https:\/\/alfakherwelt.de\/es\/categoria-de-producto\/barra-de-corona-ai-fakher-12000\/\">Al Fakher Crown Bar 12000 PRO<\/a> Vape Pod desechable<\/strong> lleva el vapeo al siguiente nivel. Con un rendimiento impresionante y una gran cantidad de caracter\u00edsticas que entusiasman tanto a los principiantes como a los vapeadores experimentados, este dispositivo combina la \u00faltima tecnolog\u00eda y un sabor tradicional de pipa de agua para brindarle una experiencia incomparable. El <strong>Al Fakher Crown Bar<\/strong> No solo es potente, sino tambi\u00e9n f\u00e1cil de usar - ideal para todos los que quieren sumergirse en el placer del vapor sin tener que preocuparse por ajustes complicados.<\/p>\n<p>Si est\u00e1s buscando un vape de un solo uso que dure mucho, ofrezca un sabor intenso y sea f\u00e1cil de usar, entonces este producto es perfecto para ti.<\/p>\n<h3><strong>Caracter\u00edsticas: Potente y Duradero<\/strong><\/h3>\n<ul>\n<li><strong>12.000 tiradas por dispositivo:<\/strong> Con una enorme capacidad de hasta <strong>12.000 trenes<\/strong> El Al Fakher Crown Bar 12000 PRO pertenece a los vaporizadores desechables m\u00e1s duraderos del mercado. Es el compa\u00f1ero ideal para los aficionados al vapeo que no quieren comprar dispositivos nuevos constantemente.<\/li>\n<li><strong>Bater\u00eda recargable<\/strong> El dispositivo dispone de un <strong>Conexi\u00f3n tipo C<\/strong> para una carga r\u00e1pida y eficiente, para que tu vape est\u00e9 siempre listo, especialmente cuando est\u00e1s mucho en movimiento.<\/li>\n<li><strong>0,6 Ohm Tecnolog\u00eda de bobina de malla:<\/strong> Gracias a las bobinas de malla, experimentar\u00e1 nubes de vapor densas y sabrosas que hacen que cada calada sea un placer.<\/li>\n<li><strong>Display digital:<\/strong> Mantenga un registro del estado de la bater\u00eda y la cantidad restante de l\u00edquido electr\u00f3nico. De esta manera, siempre tendr\u00e1 todo bajo control.<\/li>\n<li><strong>Vapeo directo a pulm\u00f3n (DTL):<\/strong> Para un aroma m\u00e1s intenso y una experiencia de vapeo intensa, la tecnolog\u00eda DTL permite inhalaciones profundas y sabrosas.<\/li>\n<li><strong>Dise\u00f1o ligero y elegante:<\/strong> Con su dise\u00f1o elegante y moderno, el Al Fakher Crown Bar 12000 PRO se siente c\u00f3modo en la mano y tiene un aspecto sofisticado.<\/li>\n<\/ul>\n<h3><strong>Por qu\u00e9 usted el <a href=\"https:\/\/alfakherwelt.de\/es\/categoria-de-producto\/barra-de-corona-ai-fakher-12000\/\">Al Fakher Crown Bar 12000 PRO<\/a> Deber\u00edan Comprar Vapes<\/strong><\/h3>\n<ul>\n<li><strong>Experiencia prolongada de vapeo:<\/strong> La impresionante capacidad de <strong>12.000 trenes<\/strong> aseg\u00farese de que disfrute de su dispositivo durante mucho tiempo sin necesidad de reemplazarlo constantemente.<\/li>\n<li><strong>Carga simple:<\/strong> Gracias a <strong>r\u00e1pida conexi\u00f3n tipo C<\/strong> El dispositivo se carga completamente en un plazo muy corto.<\/li>\n<li><strong>Sabor rico:<\/strong> A trav\u00e9s de <strong>Tecnolog\u00eda de bobina de malla<\/strong> Disfrute de un sabor intenso con cada calada.<\/li>\n<li><strong>Libre de mantenimiento:<\/strong> Este dispositivo desechable no requiere ning\u00fan mantenimiento, simplemente \u00faselo y disfr\u00fatelo.<\/li>\n<li><strong>Aut\u00e9ntico ambiente de hookah:<\/strong> Con integrados <strong>Ondas de sonido Shisha<\/strong> ofrece el Al Fakher Crown Bar un sonido \u00fanico que recuerda a una shisha tradicional.<\/li>\n<\/ul>\n<h3><strong>Descripci\u00f3n detallada del sabor: Berry Ice<\/strong><\/h3>\n<p>El sabor <strong>Berry Ice<\/strong> Es un punto culminante absoluto para todos aquellos que aman los aromas frutales y frescos. La combinaci\u00f3n de bayas dulces y jugosas con una nota refrescante y helada hace que este aroma sea una verdadera experiencia.<\/p>\n<p><strong>Refrescante y sabroso:<\/strong> En cada bocadillo se despliega toda la potencia de la mezcla de bayas. Las frambuesas jugosas, las fresas silvestres y las moras azules maduras se unen para crear una experiencia gustativa armoniosa que pone perfectamente de relieve la dulzura de las frutas.<\/p>\n<p><strong>Salida helada:<\/strong> \u00bfQu\u00e9 es eso <strong>Berry Ice<\/strong> Lo que hace que el aroma sea tan especial es la salida fr\u00eda como el hielo. El fresco aroma a mentol al final de cada calada proporciona una sensaci\u00f3n agradable y fresca que permanece en la lengua y redondea perfectamente las notas frutales. Esta combinaci\u00f3n de aromas frutales y frescos le da al vape un car\u00e1cter \u00fanico, adecuado tanto para el verano como para el invierno.<\/p>\n<p>La combinaci\u00f3n de las dulces bayas y el refrescante mentol hace que <strong>Berry Ice<\/strong> ofrece una experiencia de sabor indispensable tanto para principiantes como para vapeadores experimentados. Este aroma no solo es perfecto para el uso diario, sino tambi\u00e9n para momentos especiales en los que simplemente quieres relajarte y disfrutar del sabor en todo su esplendor.<\/p>\n<h3><strong>Especificaciones t\u00e9cnicas<\/strong><\/h3>\n<ul>\n<li><strong>Trenes:<\/strong> Hasta 12.000 trenes<\/li>\n<li><strong>Contenido de nicotina:<\/strong> 0,5 % (5 mg)<\/li>\n<li><strong>Bobina:<\/strong> 0,6 Ohm malla bobina para nubes de vapor densas<\/li>\n<li><strong>Conexi\u00f3n de carga:<\/strong> USB-C para carga r\u00e1pida<\/li>\n<li><strong>Mostrar:<\/strong> Pantalla digital para mostrar el estado de la bater\u00eda y la cantidad restante de l\u00edquido electr\u00f3nico<\/li>\n<li><strong>Dise\u00f1o libre de mantenimiento:<\/strong> No se requiere rellenar ni reemplazar las bobinas<\/li>\n<li><strong>Medidas:<\/strong> Compacto y ligero - perfecto para llevar contigo<\/li>\n<\/ul>\n<h3><strong>Por qu\u00e9 con <a href=\"https:\/\/alfakherwelt.de\/es\/\">alfakherwelt.de<\/a> \u00bfComprar?<\/strong><\/h3>\n<p>Estamos orgullosos de ser el mayor proveedor de cigarrillos electr\u00f3nicos desechables en Alemania. En nosotros encontrar\u00e1 no solo una gran selecci\u00f3n de <a href=\"https:\/\/alfakherwelt.de\/es\/\"><strong>E-Zigarettes de un solo uso<\/strong><\/a> y vapores, sino tambi\u00e9n el mejor servicio y entrega r\u00e1pida dentro de Alemania. Su nuevo <strong>Dispositivo de vapeo<\/strong> ya est\u00e1 esperando a ser descubierto por usted. Ordene hoy mismo en <strong>alfakherwelt.de<\/strong> y experimente el siguiente nivel de vapeo.<\/p>\n<p>Con nuestra p\u00e1gina web f\u00e1cil de usar, una variedad de opciones de pago y el env\u00edo r\u00e1pido, hacemos que la compra de su pr\u00f3ximo cigarrillo electr\u00f3nico desechable sea lo m\u00e1s f\u00e1cil y conveniente posible.<\/p>\n<h3><strong>Conclusi\u00f3n<\/strong><\/h3>\n<p>Der <strong>Al Fakher Crown Bar 12000 PRO<\/strong> es m\u00e1s que un simple vapeador desechable. Ofrece una experiencia de vapeo intensa y duradera con tecnolog\u00eda de punta y un sabor incomparable. La combinaci\u00f3n \u00fanica de un dise\u00f1o elegante, una alta capacidad de inhalaci\u00f3n y la tecnolog\u00eda de vapeo DTL lo convierte en la elecci\u00f3n perfecta para aquellos que buscan un dispositivo de vapeo de alta calidad y sin mantenimiento. Ya sea en movimiento o en casa, con el <strong>Al Fakher Crown Bar 12000 PRO<\/strong> Experimente el vapeo al m\u00e1ximo nivel.<\/p>\n<p>Comprar ahora en <a href=\"https:\/\/alfakherwelt.de\/es\/\"><strong>alfakherwelt.de<\/strong><\/a> y disfruta la experiencia de vapeo definitiva.<\/p>","protected":false},"excerpt":{"rendered":"<div class=\"flex-shrink-0 flex flex-col relative items-end\">\n<div class=\"pt-0\">\n<div class=\"gizmo-shadow-stroke flex h-8 w-8 items-center justify-center overflow-hidden rounded-full\">\n<div class=\"h-full w-full\">El Al Fakher Crown Bar 12000 PRO vape desechable ofrece una experiencia de vapeo intensa con hasta 12.000 caladas, tecnolog\u00eda de bobina de malla para nubes de vapor densas, una bater\u00eda recargable, un dise\u00f1o elegante y una pantalla digital - ideal para amantes del vapeo que valoran la calidad y la durabilidad.<\/div>\n<\/div>\n<\/div>\n<\/div>","protected":false},"featured_media":451,"comment_status":"open","ping_status":"closed","template":"","meta":[],"product_brand":[],"product_cat":[21],"product_tag":[],"class_list":{"0":"post-448","1":"product","2":"type-product","3":"status-publish","4":"has-post-thumbnail","6":"product_cat-ai-fakher-crown-bar-12000","8":"first","9":"outofstock","10":"sale","11":"shipping-taxable","12":"purchasable","13":"product-type-simple"},"jetpack_sharing_enabled":true,"_links":{"self":[{"href":"https:\/\/alfakherwelt.de\/es\/wp-json\/wp\/v2\/product\/448","targetHints":{"allow":["GET"]}}],"collection":[{"href":"https:\/\/alfakherwelt.de\/es\/wp-json\/wp\/v2\/product"}],"about":[{"href":"https:\/\/alfakherwelt.de\/es\/wp-json\/wp\/v2\/types\/product"}],"replies":[{"embeddable":true,"href":"https:\/\/alfakherwelt.de\/es\/wp-json\/wp\/v2\/comments?post=448"}],"wp:featuredmedia":[{"embeddable":true,"href":"https:\/\/alfakherwelt.de\/es\/wp-json\/wp\/v2\/media\/451"}],"wp:attachment":[{"href":"https:\/\/alfakherwelt.de\/es\/wp-json\/wp\/v2\/media?parent=448"}],"wp:term":[{"taxonomy":"product_brand","embeddable":true,"href":"https:\/\/alfakherwelt.de\/es\/wp-json\/wp\/v2\/product_brand?post=448"},{"taxonomy":"product_cat","embeddable":true,"href":"https:\/\/alfakherwelt.de\/es\/wp-json\/wp\/v2\/product_cat?post=448"},{"taxonomy":"product_tag","embeddable":true,"href":"https:\/\/alfakherwelt.de\/es\/wp-json\/wp\/v2\/product_tag?post=448"}],"curies":[{"name":"wp","href":"https:\/\/api.w.org\/{rel}","templated":true}]}}