{"id":443,"date":"2024-09-12T01:35:15","date_gmt":"2024-09-12T01:35:15","guid":{"rendered":"https:\/\/alfakherwelt.de\/?post_type=product&#038;p=443"},"modified":"2025-05-12T06:58:17","modified_gmt":"2025-05-12T06:58:17","slug":"al-fakher-crown-bar-big-cloud-8000-por-bocanada-cigarrillo-electronico-desechable-ponche-de-fresa","status":"publish","type":"product","link":"https:\/\/alfakherwelt.de\/es\/producto\/al-fakher-crown-bar-big-cloud-8000-por-bocanada-cigarrillo-electronico-desechable-ponche-de-fresa\/","title":{"rendered":"Al Fakher Crown Bar 8000 Z\u00fcge Pro Dual Mode Einweg E Zigarette \u2013 Strawberry Punch \n\nbecomes \n\nAl Fakher Crown Bar 8000 Caladas Pro Modo Dual E Cigarrillo Desechable \u2013 Strawberry Punch"},"content":{"rendered":"<h2><a href=\"https:\/\/alfakherwelt.de\/es\/\">Al Fakher<\/a> Crown Bar Big Cloud 8000 PRO <a href=\"https:\/\/alfakherwelt.de\/es\/\">Cigarrillo electr\u00f3nico desechable<\/a> \u2013 Una experiencia de vapeo de primera categor\u00eda<\/h2>\n<p>La <a href=\"https:\/\/alfakherwelt.de\/es\/categoria-de-producto\/barra-de-corona-al-fakher-big-cloud-8000-pro\/\"><strong>Al Fakher Crown Bar Big Cloud 8000 PRO<\/strong><\/a> es la elecci\u00f3n perfecta para todos aquellos que buscan una experiencia de vapeo inigualable. Ya sea que sea un principiante o que ya tenga experiencia, este dispositivo desechable combina tecnolog\u00eda de alta calidad con facilidad de uso y ofrece hasta <strong>8000 trenes<\/strong>sin rellenar ni recargar.<\/p>\n<h3>Dise\u00f1o de alta calidad y detalles t\u00e9cnicos<\/h3>\n<p>Este modelo establece nuevos est\u00e1ndares en dise\u00f1o y tecnolog\u00eda. La Crown Bar Big Cloud 8000 PRO cuenta con una bater\u00eda recargable <strong>Bater\u00eda de 850 mAh<\/strong> y uno <strong>Capacidad de 18 ml<\/strong> Nikotinsalz-E-Liquid equipado, lo que garantiza sesiones de vapeo prolongadas sin interrupciones. Gracias al <strong>Tipo-C-conector de carga<\/strong> El cargado se realiza de forma r\u00e1pida y sencilla, para que no tenga que esperar mucho tiempo.<\/p>\n<p>Adem\u00e1s, el dispositivo convence con un \u00fanico <strong>Funcionalidad de doble modo<\/strong>que permite cambiar entre los dos estilos de vapeo <strong>\"Mouth to Lung\" (MTL)<\/strong> y <strong>\"Directo al pulm\u00f3n\" (DTL)<\/strong> a cambiar. Ya sea que prefiera un tiro suave similar al shisha o le gusten grandes nubes densas, con este dispositivo experimentar\u00e1 ambas cosas a la perfecci\u00f3n.<\/p>\n<h3>Por qu\u00e9 la <a href=\"https:\/\/alfakherwelt.de\/es\/categoria-de-producto\/barra-de-corona-al-fakher-big-cloud-8000-pro\/\">Al Fakher Crown Bar Big Cloud 8000 PRO<\/a>?<\/h3>\n<ol>\n<li><strong>Durabilidad<\/strong>: Con hasta <strong>8000 trenes<\/strong> Pertenece a los vaporizadores desechables m\u00e1s duraderos del mercado.<\/li>\n<li><strong>Bater\u00eda de alta potencia<\/strong>: El incorporado <strong>Bater\u00eda de 850 mAh<\/strong> garantiza un placer duradero.<\/li>\n<li><strong>Recargable<\/strong>: Gracias <strong>Tipo-C-Puerto<\/strong> El dispositivo est\u00e1 listo para usar de nuevo en un abrir y cerrar de ojos.<\/li>\n<li><strong>Funci\u00f3n de modo dual<\/strong>: Cambiar flexiblemente entre MTL y DTL para una experiencia de vapeo personalizada.<\/li>\n<li><strong>Gran volumen<\/strong>: <strong>18 ml E-Liquid<\/strong> Proporcionan un sabor duradero y vapor.<\/li>\n<li><strong>Amigable para el usuario<\/strong>: No se requieren ajustes - \u00a1empezar!<\/li>\n<\/ol>\n<h3>El sabor - Un punto culminante para los sentidos<\/h3>\n<p>Un aroma especialmente destacado es <strong>Strawberry Punch<\/strong> Un vibrante mix de fresas jugosas y una nota dulce y sutil. Cada bocanada trae consigo un sabor frutal intenso que entusiasma tanto a los principiantes como a los vapeadores experimentados. El aroma de <strong>Strawberry Punch<\/strong> Captura el sabor puro de fresas reci\u00e9n recogidas y se complementa con una capa fina y dulce que a\u00f1ade una profundidad sorprendente a la experiencia. Es perfecto para aquellos que aman los aromas frutales y garantiza que cada bocanada sea una explosi\u00f3n dulce y refrescante para los sentidos. La combinaci\u00f3n de la suavidad de la nicotina y el intenso desarrollo del sabor hace que este vape sea un compa\u00f1ero indispensable para todos los que buscan una aventura gastron\u00f3mica.<\/p>\n<h3>Elecci\u00f3n perfecta para Alemania - \u00bfPor qu\u00e9 comprar con nosotros?<\/h3>\n<p>Como el mayor comerciante en l\u00ednea para <strong>E-Zigarettes de un solo uso en Alemania<\/strong> Ofrecemos no solo una amplia selecci\u00f3n de productos, sino tambi\u00e9n la garant\u00eda de que siempre encontrar\u00e1 los modelos m\u00e1s recientes y mejores con nosotros. <strong>Al Fakher Crown Bar 8000 PRO<\/strong> es uno de nuestros productos estrella y una necesidad para todo entusiasta del vapeo. A trav\u00e9s de nuestras estrechas asociaciones con fabricantes l\u00edderes, podemos ofrecerle el <strong>mejor relaci\u00f3n calidad-precio<\/strong> y la <strong>m\u00e1xima calidad<\/strong> garantizar<\/p>\n<p>Si est\u00e1 buscando un proveedor fiable para <strong>E-Zigarette de un solo uso en Alemania<\/strong> est\u00e1n, est\u00e1 usted con nosotros exactamente en el lugar correcto. Ordene ahora en <strong>alfakherwelt.de<\/strong> y experimente el vapeo al m\u00e1ximo nivel!<\/p>\n<hr \/>\n<h3>Datos t\u00e9cnicos en general:<\/h3>\n<ul>\n<li><strong>Hasta 8000 trenes<\/strong> por dispositivo<\/li>\n<li><strong>5% Nikotinsalz<\/strong><\/li>\n<li><strong>18 ml de capacidad de l\u00edquido electr\u00f3nico<\/strong><\/li>\n<li><strong>Bater\u00eda de 850 mAh<\/strong> con conector Type-C<\/li>\n<li><strong>Funci\u00f3n de modo dual<\/strong> (MTL y DTL)<\/li>\n<li><strong>Pantalla LED<\/strong> para el nivel de bater\u00eda y la cantidad de llenado<\/li>\n<\/ul>\n<p>&nbsp;<\/p>\n<h3><img loading=\"lazy\" decoding=\"async\" class=\"alignnone wp-image-411 size-full\" src=\"https:\/\/alfakherwelt.de\/wp-content\/uploads\/2024\/09\/Al-Fakher-Crown-Bar-PRO-8K-Al-Fakher-262869555-2-1.webp\" alt=\"Al Fakher Crown Bar Big Cloud 8000 PRO tiradas cigarrillo electr\u00f3nico desechable - Strawberry Punch\" width=\"2000\" height=\"2000\" title=\"\" srcset=\"https:\/\/alfakherwelt.de\/wp-content\/uploads\/2024\/09\/Al-Fakher-Crown-Bar-PRO-8K-Al-Fakher-262869555-2-1.webp 2000w, https:\/\/alfakherwelt.de\/wp-content\/uploads\/2024\/09\/Al-Fakher-Crown-Bar-PRO-8K-Al-Fakher-262869555-2-1-300x300.webp 300w, https:\/\/alfakherwelt.de\/wp-content\/uploads\/2024\/09\/Al-Fakher-Crown-Bar-PRO-8K-Al-Fakher-262869555-2-1-1024x1024.webp 1024w, https:\/\/alfakherwelt.de\/wp-content\/uploads\/2024\/09\/Al-Fakher-Crown-Bar-PRO-8K-Al-Fakher-262869555-2-1-150x150.webp 150w, https:\/\/alfakherwelt.de\/wp-content\/uploads\/2024\/09\/Al-Fakher-Crown-Bar-PRO-8K-Al-Fakher-262869555-2-1-768x768.webp 768w, https:\/\/alfakherwelt.de\/wp-content\/uploads\/2024\/09\/Al-Fakher-Crown-Bar-PRO-8K-Al-Fakher-262869555-2-1-1536x1536.webp 1536w, https:\/\/alfakherwelt.de\/wp-content\/uploads\/2024\/09\/Al-Fakher-Crown-Bar-PRO-8K-Al-Fakher-262869555-2-1-600x600.webp 600w, https:\/\/alfakherwelt.de\/wp-content\/uploads\/2024\/09\/Al-Fakher-Crown-Bar-PRO-8K-Al-Fakher-262869555-2-1-100x100.webp 100w\" sizes=\"auto, (max-width: 2000px) 100vw, 2000px\" \/><\/h3>\n<h3>Por qu\u00e9 deber\u00eda elegir la <a href=\"https:\/\/alfakherwelt.de\/es\/categoria-de-producto\/barra-de-corona-al-fakher-big-cloud-8000-pro\/\">Al Fakher Crown Bar Big Cloud 8000 PRO<\/a> decidir<\/h3>\n<p>La Al Fakher Crown Bar 8000 PRO te ofrece la flexibilidad de cambiar entre dos estilos de vapeo diferentes, y esto en combinaci\u00f3n con una bater\u00eda potente y una gran capacidad de l\u00edquido electr\u00f3nico. Ya sea que prefieras el vapeo relajado MTL o el vapeo m\u00e1s intenso DTL, este dispositivo cumple con todas las expectativas. Adem\u00e1s, el sabor sobresaliente hace que cada calada sea un placer. Gracias a la bater\u00eda recargable, tampoco tienes que preocuparte por que el dispositivo se quede sin bater\u00eda en medio de su uso.<\/p>\n<hr \/>\n<h3>Consigue tu Al Fakher Crown Bar Big Cloud 8000 PRO ahora con nosotros.<\/h3>\n<p>Si est\u00e1s en Alemania buscando algo de alta calidad <a href=\"https:\/\/alfakherwelt.de\/es\/\"><strong>Cigarrillo electr\u00f3nico desechable<\/strong><\/a> son, que son ideales tanto para principiantes como para avanzados, deber\u00eda echar un vistazo a las <a href=\"https:\/\/alfakherwelt.de\/es\/categoria-de-producto\/barra-de-corona-al-fakher-big-cloud-8000-pro\/\"><strong>Al Fakher Crown Bar Big Cloud 8000 PRO<\/strong><\/a> no dejar pasar. Ordene hoy mismo con nosotros en <a href=\"https:\/\/alfakherwelt.de\/es\/\"><strong>alfakherwelt.de<\/strong><\/a> Y disfrute de una de las mejores experiencias de vapeo del mercado.<\/p>","protected":false},"excerpt":{"rendered":"<p>La **Al Fakher Crown Bar Big Cloud 8000 PRO** es un cigarrillo electr\u00f3nico desechable recargable de alta potencia con hasta 8000 caladas, que ofrece una experiencia de vapeo de primera clase a trav\u00e9s de su funci\u00f3n de doble modo (MTL y DTL) y sabores intensos similares a los de shisha como \u201cStrawberry Punch\u201d.<\/p>","protected":false},"featured_media":445,"comment_status":"open","ping_status":"closed","template":"","meta":[],"product_brand":[],"product_cat":[22],"product_tag":[],"class_list":{"0":"post-443","1":"product","2":"type-product","3":"status-publish","4":"has-post-thumbnail","6":"product_cat-al-fakher-crown-bar-big-cloud-8000-pro","8":"first","9":"outofstock","10":"sale","11":"shipping-taxable","12":"purchasable","13":"product-type-simple"},"jetpack_sharing_enabled":true,"_links":{"self":[{"href":"https:\/\/alfakherwelt.de\/es\/wp-json\/wp\/v2\/product\/443","targetHints":{"allow":["GET"]}}],"collection":[{"href":"https:\/\/alfakherwelt.de\/es\/wp-json\/wp\/v2\/product"}],"about":[{"href":"https:\/\/alfakherwelt.de\/es\/wp-json\/wp\/v2\/types\/product"}],"replies":[{"embeddable":true,"href":"https:\/\/alfakherwelt.de\/es\/wp-json\/wp\/v2\/comments?post=443"}],"wp:featuredmedia":[{"embeddable":true,"href":"https:\/\/alfakherwelt.de\/es\/wp-json\/wp\/v2\/media\/445"}],"wp:attachment":[{"href":"https:\/\/alfakherwelt.de\/es\/wp-json\/wp\/v2\/media?parent=443"}],"wp:term":[{"taxonomy":"product_brand","embeddable":true,"href":"https:\/\/alfakherwelt.de\/es\/wp-json\/wp\/v2\/product_brand?post=443"},{"taxonomy":"product_cat","embeddable":true,"href":"https:\/\/alfakherwelt.de\/es\/wp-json\/wp\/v2\/product_cat?post=443"},{"taxonomy":"product_tag","embeddable":true,"href":"https:\/\/alfakherwelt.de\/es\/wp-json\/wp\/v2\/product_tag?post=443"}],"curies":[{"name":"wp","href":"https:\/\/api.w.org\/{rel}","templated":true}]}}