{"id":439,"date":"2024-09-11T07:49:45","date_gmt":"2024-09-11T07:49:45","guid":{"rendered":"https:\/\/alfakherwelt.de\/?post_type=product&#038;p=439"},"modified":"2024-11-23T13:23:38","modified_gmt":"2024-11-23T13:23:38","slug":"al-fakher-crown-bar-big-cloud-8000-por-bocanada-cigarrillo-electronico-desechable-mango-pina","status":"publish","type":"product","link":"https:\/\/alfakherwelt.de\/es\/producto\/al-fakher-crown-bar-big-cloud-8000-por-bocanada-cigarrillo-electronico-desechable-mango-pina\/","title":{"rendered":"Al Fakher Crown Bar 8000 Z\u00fcge Pro Dual Mode Einweg E Zigarette \u2013 Mango Pineapple \n\nbecomes \n\nAl Fakher Crown Bar 8000 tiradas Pro Modo Dual E Cigarrillo desechable \u2013 Mango Pi\u00f1a"},"content":{"rendered":"<p><img loading=\"lazy\" decoding=\"async\" class=\"alignnone wp-image-407 size-full\" src=\"https:\/\/alfakherwelt.de\/wp-content\/uploads\/2024\/09\/Big-Cloud-8000-PRO1.webp\" alt=\"Al Fakher Crown Bar Big Cloud 8000 PRO tiradas cigarrillo electr\u00f3nico desechable - Mango Pi\u00f1a\" width=\"2000\" height=\"2000\" title=\"\" srcset=\"https:\/\/alfakherwelt.de\/wp-content\/uploads\/2024\/09\/Big-Cloud-8000-PRO1.webp 2000w, https:\/\/alfakherwelt.de\/wp-content\/uploads\/2024\/09\/Big-Cloud-8000-PRO1-300x300.webp 300w, https:\/\/alfakherwelt.de\/wp-content\/uploads\/2024\/09\/Big-Cloud-8000-PRO1-1024x1024.webp 1024w, https:\/\/alfakherwelt.de\/wp-content\/uploads\/2024\/09\/Big-Cloud-8000-PRO1-150x150.webp 150w, https:\/\/alfakherwelt.de\/wp-content\/uploads\/2024\/09\/Big-Cloud-8000-PRO1-768x768.webp 768w, https:\/\/alfakherwelt.de\/wp-content\/uploads\/2024\/09\/Big-Cloud-8000-PRO1-1536x1536.webp 1536w, https:\/\/alfakherwelt.de\/wp-content\/uploads\/2024\/09\/Big-Cloud-8000-PRO1-600x600.webp 600w, https:\/\/alfakherwelt.de\/wp-content\/uploads\/2024\/09\/Big-Cloud-8000-PRO1-100x100.webp 100w\" sizes=\"auto, (max-width: 2000px) 100vw, 2000px\" \/><\/p>\n<h2><strong><a href=\"https:\/\/alfakherwelt.de\/es\/\">Al Fakher<\/a> Crown Bar Big Cloud 8000 PRO \u2013 Cigarrillo electr\u00f3nico desechable para experiencias de vapeo inolvidables<\/strong><\/h2>\n<p>Descubra las <a href=\"https:\/\/alfakherwelt.de\/es\/categoria-de-producto\/barra-de-corona-al-fakher-big-cloud-8000-pro\/\"><strong>Al Fakher Crown Bar Big Cloud 8000 PRO<\/strong><\/a>, un cigarrillo electr\u00f3nico desechable de \u00faltima generaci\u00f3n que ofrece una experiencia de vapeo de primera clase. Ya sea que sea un principiante o un vapeador experimentado, este dispositivo es perfecto para todos aquellos que buscan un vape vers\u00e1til y potente. Fabricado por <strong>Al Fakher<\/strong>, uno de los nombres l\u00edderes en el mundo de la Shisha, este vape combina un sabor excepcional, un manejo pr\u00e1ctico y un rendimiento potente.<\/p>\n<p>Con una capacidad de <strong>8000 trenes<\/strong> y una bater\u00eda recargable de 850 mAh con <strong>Tipo C conector de carga<\/strong>Este vape garantiza experiencias de vapeo prolongadas sin interrupciones. El l\u00edquido electr\u00f3nico de sal de nicotina precargado de 18 ml contiene <strong>5 mg de nicotina<\/strong> Y ofrece en cada uso una sensaci\u00f3n suave y a la vez intensa. Ideal para todos los que buscan una experiencia aut\u00e9ntica de shisha en formato compacto.<\/p>\n<hr \/>\n<h3><strong>Tecnol\u00f3gicos destacados de la <a href=\"https:\/\/alfakherwelt.de\/es\/categoria-de-producto\/barra-de-corona-al-fakher-big-cloud-8000-pro\/\">Al Fakher Crown Bar Big Cloud 8000 PRO<\/a><\/strong><\/h3>\n<ul>\n<li><strong>Hasta 8000 trenes<\/strong> - Duraderas e ideales para sesiones de vapor prolongadas.<\/li>\n<li><strong>Funcionalidad de doble modo<\/strong> \u2013 F\u00e1cil cambio entre \"boca a pulm\u00f3n\" (MTL) y \"directo a pulm\u00f3n\" (DTL) para una experiencia de vapeo personalizada.<\/li>\n<li><strong>Bater\u00eda recargable de 850 mAh<\/strong> - Con conector de carga tipo C para una carga r\u00e1pida y c\u00f3moda.<\/li>\n<li><strong>18 ml de l\u00edquido electr\u00f3nico de sal de nicotina<\/strong> Prellenado y listo para usar, contiene 5 mg de nicotina para el impulso perfecto.<\/li>\n<li><strong>Indicador LED<\/strong> - Muestra el estado de la bater\u00eda y el nivel de l\u00edquido electr\u00f3nico, para que siempre tengas una visi\u00f3n general.<\/li>\n<li><strong>Grandes nubes arom\u00e1ticas<\/strong> Desarrollado para un sabor intenso y grandes nubes de vapor, ideal para los aficionados al estilo DTL.<\/li>\n<\/ul>\n<hr \/>\n<h2><strong>Por qu\u00e9 la <a href=\"https:\/\/alfakherwelt.de\/es\/categoria-de-producto\/barra-de-corona-al-fakher-big-cloud-8000-pro\/\">Al Fakher Crown Bar Big Cloud 8000 PRO<\/a>?<\/strong><\/h2>\n<p>Este dispositivo desechable no solo ofrece un rendimiento sobresaliente, sino tambi\u00e9n una m\u00e1xima facilidad de uso. Gracias a la funci\u00f3n de doble modo, puede cambiar f\u00e1cilmente entre diferentes estilos de vapor, seg\u00fan c\u00f3mo desee personalizar su experiencia. La experiencia similar a la de un shisha lo convierte en una elecci\u00f3n perfecta para aquellos que aman las grandes nubes de vapor con sabor intenso.<\/p>\n<p>Con la <strong>larga duraci\u00f3n de la bater\u00eda<\/strong> y el <strong>prellenado 18 ml de l\u00edquido electr\u00f3nico de sal de nicotina<\/strong> No tiene que preocuparse por recargar o rellenar. El manejo sencillo y el dise\u00f1o ergon\u00f3mico hacen que este dispositivo sea una opci\u00f3n ideal para llevarlo consigo o para uso diario.<\/p>\n<hr \/>\n<h2><strong>Los sabores atractivos<\/strong><\/h2>\n<p>La <strong>Al Fakher Crown Bar Big Cloud 8000 PRO<\/strong> existe en diferentes sabores arom\u00e1ticos. Uno de los m\u00e1s populares es el <strong>Mango Ananas<\/strong>La combinaci\u00f3n. Vamos a echar un vistazo m\u00e1s de cerca a los sabores:<\/p>\n<h3><strong>Mango Pi\u00f1a: Un placer ex\u00f3tico<\/strong><\/h3>\n<p>Imagina el dulce y jugoso sabor de una mango madura: un sabor a fruta que envuelve tus papilas gustativas con cada calada. A esto se suma el toque tropical y refrescante de pi\u00f1a fresca, que con su acidez natural equilibra perfectamente la dulzura de la mango. Esta combinaci\u00f3n de sabores te transporta inmediatamente a tierras tropicales, donde cada calada sabe como un trago de un c\u00f3ctel ex\u00f3tico.<\/p>\n<p>El sabor es intenso y refrescante, lo que hace de esta variedad un favorito absoluto para aquellos que buscan algo afrutado e inolvidable. Con cada nube, el aroma se despliega a\u00fan m\u00e1s intensamente, lo que conduce a una experiencia de vapeo incre\u00edblemente satisfactoria. Si est\u00e1s buscando un <strong>refrescante, experiencia afrutada<\/strong> son, entonces la combinaci\u00f3n de mango y pi\u00f1a es justo lo que necesita para usted!<\/p>\n<hr \/>\n<h2><strong>Experiencia \u00fanica de vapeo con estilo<\/strong><\/h2>\n<p>Con el <strong>Al Fakher Crown Bar Big Cloud 8000 PRO<\/strong> obtenga no solo un dispositivo de vapeo de alta calidad, sino tambi\u00e9n un <strong>accesorio de estilo<\/strong>que subraya su personalidad. El dise\u00f1o elegante y los materiales de alta calidad hacen que este dispositivo sea un verdadero punto de atenci\u00f3n. Ya sea en movimiento o en un entorno social, la Al Fakher Crown Bar siempre presenta una buena imagen.<\/p>\n<hr \/>\n<h2><strong>Ordene ahora en <a href=\"https:\/\/alfakherwelt.de\/es\/\">alfakherwelt.de<\/a>!<\/strong><\/h2>\n<p>Sichern Sie sich Ihre <strong>Al Fakher Crown Bar Big Cloud 8000 PRO<\/strong> y disfruta del ultimate experiencia de vapeo! Nosotros en <a href=\"https:\/\/alfakherwelt.de\/es\/\"><strong>alfakherwelt.de<\/strong><\/a> estamos orgullosos de ofrecerle los mejores cigarrillos electr\u00f3nicos desechables. <strong>Alemania<\/strong> ofrecer. Con una variedad de sabores y dispositivos de alta calidad, somos su primer destino para vapeadores con y sin nicotina. \u00a1Compre ahora con nosotros y experimente una calidad y servicio incomparables!<\/p>","protected":false},"excerpt":{"rendered":"<div class=\"D5aOJc vJwDU\">\n<p>Der <strong>Al Fakher Crown Bar Big Cloud 8000 PRO<\/strong> Es una vers\u00e1til cigarrillo electr\u00f3nico desechable con funci\u00f3n de doble modo, 8000 caladas, 18 ml de l\u00edquido electr\u00f3nico y sabores intensos como Lush Ice, que ofrecen una experiencia de vapeo duradera y c\u00f3moda en Alemania.<\/p>\n<div class=\"D5aOJc vJwDU\"><\/div>\n<div class=\"hlJJmd\">\n<div class=\"D5aOJc Hapztf\"><\/div>\n<div class=\"Bmcqed\" dir=\"ltr\">\n<div data-id=\"kvLWu\"><\/div>\n<\/div>\n<\/div>\n<\/div>\n<div class=\"hlJJmd\">\n<div class=\"Bmcqed\" dir=\"ltr\">\n<div data-id=\"kvLWu\">\n<div class=\"hlJJmd\">\n<div class=\"Bmcqed\" dir=\"ltr\">\n<div data-id=\"kvLWu\"><\/div>\n<\/div>\n<\/div>\n<\/div>\n<\/div>\n<\/div>","protected":false},"featured_media":441,"comment_status":"open","ping_status":"closed","template":"","meta":[],"product_brand":[],"product_cat":[22],"product_tag":[],"class_list":{"0":"post-439","1":"product","2":"type-product","3":"status-publish","4":"has-post-thumbnail","6":"product_cat-al-fakher-crown-bar-big-cloud-8000-pro","8":"first","9":"outofstock","10":"sale","11":"shipping-taxable","12":"purchasable","13":"product-type-simple"},"jetpack_sharing_enabled":true,"_links":{"self":[{"href":"https:\/\/alfakherwelt.de\/es\/wp-json\/wp\/v2\/product\/439","targetHints":{"allow":["GET"]}}],"collection":[{"href":"https:\/\/alfakherwelt.de\/es\/wp-json\/wp\/v2\/product"}],"about":[{"href":"https:\/\/alfakherwelt.de\/es\/wp-json\/wp\/v2\/types\/product"}],"replies":[{"embeddable":true,"href":"https:\/\/alfakherwelt.de\/es\/wp-json\/wp\/v2\/comments?post=439"}],"wp:featuredmedia":[{"embeddable":true,"href":"https:\/\/alfakherwelt.de\/es\/wp-json\/wp\/v2\/media\/441"}],"wp:attachment":[{"href":"https:\/\/alfakherwelt.de\/es\/wp-json\/wp\/v2\/media?parent=439"}],"wp:term":[{"taxonomy":"product_brand","embeddable":true,"href":"https:\/\/alfakherwelt.de\/es\/wp-json\/wp\/v2\/product_brand?post=439"},{"taxonomy":"product_cat","embeddable":true,"href":"https:\/\/alfakherwelt.de\/es\/wp-json\/wp\/v2\/product_cat?post=439"},{"taxonomy":"product_tag","embeddable":true,"href":"https:\/\/alfakherwelt.de\/es\/wp-json\/wp\/v2\/product_tag?post=439"}],"curies":[{"name":"wp","href":"https:\/\/api.w.org\/{rel}","templated":true}]}}