{"id":434,"date":"2024-09-11T07:34:58","date_gmt":"2024-09-11T07:34:58","guid":{"rendered":"https:\/\/alfakherwelt.de\/?post_type=product&#038;p=434"},"modified":"2024-11-23T13:23:37","modified_gmt":"2024-11-23T13:23:37","slug":"al-fakher-crown-bar-big-cloud-8000-por-bocanada-cigarrillo-electronico-desechable-exuberante-hielo","status":"publish","type":"product","link":"https:\/\/alfakherwelt.de\/es\/producto\/al-fakher-crown-bar-big-cloud-8000-por-bocanada-cigarrillo-electronico-desechable-exuberante-hielo\/","title":{"rendered":"Al Fakher Crown Bar 8000 Z\u00fcge Pro Dual Mode Einweg E Zigarette \u2013 Lush Ice \n\nbecomes \n\nAl Fakher Crown Bar 8000 tiradas Pro Modo Dual E Cigarrillo desechable \u2013 Lush Ice"},"content":{"rendered":"<p><img loading=\"lazy\" decoding=\"async\" class=\"alignnone wp-image-407 size-full\" src=\"https:\/\/alfakherwelt.de\/wp-content\/uploads\/2024\/09\/Big-Cloud-8000-PRO1.webp\" alt=\"Al Fakher Crown Bar Big Cloud 8000 PRO tiradas cigarrillo electr\u00f3nico desechable - Sabor a nube exuberante\" width=\"2000\" height=\"2000\" title=\"\" srcset=\"https:\/\/alfakherwelt.de\/wp-content\/uploads\/2024\/09\/Big-Cloud-8000-PRO1.webp 2000w, https:\/\/alfakherwelt.de\/wp-content\/uploads\/2024\/09\/Big-Cloud-8000-PRO1-300x300.webp 300w, https:\/\/alfakherwelt.de\/wp-content\/uploads\/2024\/09\/Big-Cloud-8000-PRO1-1024x1024.webp 1024w, https:\/\/alfakherwelt.de\/wp-content\/uploads\/2024\/09\/Big-Cloud-8000-PRO1-150x150.webp 150w, https:\/\/alfakherwelt.de\/wp-content\/uploads\/2024\/09\/Big-Cloud-8000-PRO1-768x768.webp 768w, https:\/\/alfakherwelt.de\/wp-content\/uploads\/2024\/09\/Big-Cloud-8000-PRO1-1536x1536.webp 1536w, https:\/\/alfakherwelt.de\/wp-content\/uploads\/2024\/09\/Big-Cloud-8000-PRO1-600x600.webp 600w, https:\/\/alfakherwelt.de\/wp-content\/uploads\/2024\/09\/Big-Cloud-8000-PRO1-100x100.webp 100w\" sizes=\"auto, (max-width: 2000px) 100vw, 2000px\" \/><\/p>\n<h2><a href=\"https:\/\/alfakherwelt.de\/es\/\">Al Fakher<\/a> Crown Bar Big Cloud 8000 PRO \u2013 Cigarrillo electr\u00f3nico desechable para un placer de vapeo incomparable en Alemania<\/h2>\n<p>La <a href=\"https:\/\/alfakherwelt.de\/es\/categoria-de-producto\/barra-de-corona-al-fakher-big-cloud-8000-pro\/\"><strong>Al Fakher Crown Bar Big Cloud 8000 PRO<\/strong><\/a> Las cigarrillos electr\u00f3nicos desechables son la experiencia de vapeo perfecta para los conocedores que buscan la m\u00e1xima calidad y comodidad. Como plataforma l\u00edder para vapeadores desechables en Alemania, alfakherwelt.de ofrece este producto innovador para vapeadores que valoran el sabor y el rendimiento excepcionales. Ya sea principiante o vapeador experimentado, este vape es su compa\u00f1ero ideal para experimentar grandes nubes y un sabor intenso en cualquier momento y en cualquier lugar.<\/p>\n<h3>Dise\u00f1o de alta calidad y facilidad de uso<\/h3>\n<p>Das <a href=\"https:\/\/alfakherwelt.de\/es\/categoria-de-producto\/barra-de-corona-al-fakher-big-cloud-8000-pro\/\"><strong>Al Fakher Crown Bar Big Cloud 8000 PRO<\/strong><\/a> Kit fue desarrollado para combinar tanto el estilo como la funcionalidad. Con un dise\u00f1o elegante y ergon\u00f3mico, se adapta perfectamente a la mano y ofrece una operaci\u00f3n intuitiva. Simplemente desempaque, inhale y disfrute - sin necesidad de rellenar o recargar durante el uso. Gracias a la bater\u00eda duradera de 800 mAh y al e-l\u00edquido precargado de 18 ml, puede disfrutar hasta <strong>8000 trenes<\/strong> disfrutar, antes de que el dispositivo deba ser reemplazado. El <strong>bater\u00eda recargable<\/strong> A trav\u00e9s del puerto Type-C tambi\u00e9n asegura que su sesi\u00f3n de vapor nunca termine abruptamente.<\/p>\n<h3>Funci\u00f3n de doble modo - Experiencia de vapeo individualizada<\/h3>\n<p>Un punto culminante especial del <strong>Al Fakher 8000 PRO<\/strong> es la <strong>Funcionalidad de doble modo<\/strong>, que le permite elegir entre dos estilos de vapor. \u00bfPrefiere el modo \"boca a pulm\u00f3n\" (MTL) para una calada suave o el modo \"directo a pulm\u00f3n\" (DTL) para nubes grandes? \u00a1Usted decide! Esta versatilidad ofrece a cada vapeador la experiencia perfecta, individualmente adaptada a sus propias preferencias.<\/p>\n<h3>Caracter\u00edsticas t\u00e9cnicas del <a href=\"https:\/\/alfakherwelt.de\/es\/categoria-de-producto\/barra-de-corona-al-fakher-big-cloud-8000-pro\/\">Al Fakher Crown Bar Big Cloud 8000 PRO<\/a><\/h3>\n<ul>\n<li><strong>Hasta 8000 trenes<\/strong>: Prolonged steam enjoyment without constant changes.<\/li>\n<li><strong>Funcionalidad de doble modo<\/strong>: Elige entre MTL o DTL para una personalizaci\u00f3n m\u00e1xima.<\/li>\n<li><strong>18 ml E-Liquid<\/strong>Generosamente precargado para sesiones de vapeo intensivo.<\/li>\n<li><strong>5 % Nikotinsalz<\/strong>: Para el intenso chute de nicotina y suaves bocanadas.<\/li>\n<li><strong>Bater\u00eda de 800 mAh<\/strong>: Recargable y duradero, ideal para usar en movimiento.<\/li>\n<li><strong>Pantalla de informaci\u00f3n LED<\/strong>: Vista pr\u00e1ctica general sobre el estado de carga y el nivel de llenado del l\u00edquido.<\/li>\n<\/ul>\n<h3>Los sabores: Sabor incomparable que entusiasma<\/h3>\n<p>Das <strong>Al Fakher Crown Bar Big Cloud 8000 PRO<\/strong> Kit de un solo uso ofrece una variedad de sabores desarrollados especialmente para el paladar exigente. Un sabor particularmente popular es <strong>Lush Ice<\/strong> - Una refrescante mezcla de sabor a sand\u00eda jugosa con un toque de frescura fr\u00eda.<\/p>\n<p><strong>Lush Ice<\/strong> Embarga tus sentidos con el equilibrio perfectamente armonizado de dulzura afrutada y frescura refrescante. Con cada calada, sientes la jugosa sand\u00eda en tu lengua, acompa\u00f1ada de una sutil nota de menta que deja un efecto refrescante agradable en tu paladar. Este sabor es ideal para vapeadores que desean disfrutar de un vape revitalizante y a la vez calmante. Perfecto en d\u00edas calurosos de verano o cuando simplemente buscas un descanso fresco y afrutado.<\/p>\n<p>La mezcla de sand\u00eda dulce y menta fresca hace que <strong>Lush Ice<\/strong> Se cuenta entre los favoritos absolutos de los amantes de las frutas. Cada bocanada trae una brisa refrescante que acaricia suavemente el paladar y deja una experiencia gustativa duradera.<\/p>\n<p>Cada uno de estos sabores est\u00e1 infundido con 5 % de sal de nicotina, lo que no solo proporciona un intenso golpe de nicotina, sino tambi\u00e9n para especialmente suaves y sedosas caladas sin rasgu\u00f1os en la garganta.<\/p>\n<h3>Por qu\u00e9 deber\u00eda usted el <a href=\"https:\/\/alfakherwelt.de\/es\/categoria-de-producto\/barra-de-corona-al-fakher-big-cloud-8000-pro\/\">Al Fakher Crown Bar Big Cloud 8000 PRO<\/a> \u00bfComprar?<\/h3>\n<ol>\n<li><strong>C\u00f3mmodo y f\u00e1cil<\/strong>: Sin recargar, sin rellenar - simplemente desempaquetar y vapear.<\/li>\n<li><strong>Largo placer de vapor<\/strong>Con hasta 8000 caladas, este vape se cuenta entre los dispositivos desechables m\u00e1s duraderos del mercado.<\/li>\n<li><strong>Aromas de alta calidad<\/strong>Disfrute de sabores aut\u00e9nticos e intensos con cada inhalaci\u00f3n.<\/li>\n<li><strong>Versatilidad<\/strong>Gracias a la funci\u00f3n de doble modo, puede personalizar el estilo de vapor seg\u00fan sus preferencias.<\/li>\n<li><strong>Dise\u00f1o ergon\u00f3mico<\/strong>: Se ajusta c\u00f3modamente en la mano y se opera sin esfuerzo.<\/li>\n<\/ol>\n<h3>Comprar el Al Fakher Crown Bar Big Cloud 8000 PRO en <a href=\"https:\/\/alfakherwelt.de\/es\/\">alfakherwelt.de<\/a><\/h3>\n<p>Como proveedor l\u00edder de <strong>E-Zigarettes de un solo uso en Alemania<\/strong> Alfakherwelt.de ofrece una amplia gama de productos de vapeo de alta calidad que puede pedir c\u00f3modamente en l\u00ednea. El <strong>Al Fakher Crown Bar Big Cloud 8000 PRO<\/strong> Es el producto ideal para todos aquellos que buscan una experiencia de vapeo sencilla, duradera y de sabor intenso.<\/p>\n<p>Haga su pedido hoy mismo <strong>Al Fakher Crown Bar Big Cloud 8000 PRO<\/strong> y experimente la combinaci\u00f3n de tecnolog\u00eda innovadora y sabor incomparable - exclusivamente en <a href=\"https:\/\/alfakherwelt.de\/es\/\"><strong>alfakherwelt.de<\/strong><\/a>!<\/p>","protected":false},"excerpt":{"rendered":"<div class=\"D5aOJc vJwDU\">\n<p>Der <strong>Al Fakher Crown Bar Big Cloud 8000 PRO<\/strong> Es una vers\u00e1til cigarrillo electr\u00f3nico desechable con funci\u00f3n de doble modo, 8000 caladas, 18 ml de l\u00edquido electr\u00f3nico y sabores intensos como Lush Ice, que ofrecen una experiencia de vapeo duradera y c\u00f3moda en Alemania.<\/p>\n<div class=\"D5aOJc vJwDU\"><\/div>\n<div class=\"hlJJmd\">\n<div class=\"D5aOJc Hapztf\"><\/div>\n<div class=\"Bmcqed\" dir=\"ltr\">\n<div data-id=\"kvLWu\"><\/div>\n<\/div>\n<\/div>\n<\/div>\n<div class=\"hlJJmd\">\n<div class=\"Bmcqed\" dir=\"ltr\">\n<div data-id=\"kvLWu\">\n<div class=\"hlJJmd\">\n<div class=\"Bmcqed\" dir=\"ltr\">\n<div data-id=\"kvLWu\"><\/div>\n<\/div>\n<\/div>\n<\/div>\n<\/div>\n<\/div>","protected":false},"featured_media":436,"comment_status":"open","ping_status":"closed","template":"","meta":[],"product_brand":[],"product_cat":[22],"product_tag":[],"class_list":{"0":"post-434","1":"product","2":"type-product","3":"status-publish","4":"has-post-thumbnail","6":"product_cat-al-fakher-crown-bar-big-cloud-8000-pro","8":"first","9":"outofstock","10":"sale","11":"shipping-taxable","12":"purchasable","13":"product-type-simple"},"jetpack_sharing_enabled":true,"_links":{"self":[{"href":"https:\/\/alfakherwelt.de\/es\/wp-json\/wp\/v2\/product\/434","targetHints":{"allow":["GET"]}}],"collection":[{"href":"https:\/\/alfakherwelt.de\/es\/wp-json\/wp\/v2\/product"}],"about":[{"href":"https:\/\/alfakherwelt.de\/es\/wp-json\/wp\/v2\/types\/product"}],"replies":[{"embeddable":true,"href":"https:\/\/alfakherwelt.de\/es\/wp-json\/wp\/v2\/comments?post=434"}],"wp:featuredmedia":[{"embeddable":true,"href":"https:\/\/alfakherwelt.de\/es\/wp-json\/wp\/v2\/media\/436"}],"wp:attachment":[{"href":"https:\/\/alfakherwelt.de\/es\/wp-json\/wp\/v2\/media?parent=434"}],"wp:term":[{"taxonomy":"product_brand","embeddable":true,"href":"https:\/\/alfakherwelt.de\/es\/wp-json\/wp\/v2\/product_brand?post=434"},{"taxonomy":"product_cat","embeddable":true,"href":"https:\/\/alfakherwelt.de\/es\/wp-json\/wp\/v2\/product_cat?post=434"},{"taxonomy":"product_tag","embeddable":true,"href":"https:\/\/alfakherwelt.de\/es\/wp-json\/wp\/v2\/product_tag?post=434"}],"curies":[{"name":"wp","href":"https:\/\/api.w.org\/{rel}","templated":true}]}}