{"id":426,"date":"2024-09-11T01:29:41","date_gmt":"2024-09-11T01:29:41","guid":{"rendered":"https:\/\/alfakherwelt.de\/?post_type=product&#038;p=426"},"modified":"2024-11-23T13:23:37","modified_gmt":"2024-11-23T13:23:37","slug":"al-fakher-crown-bar-big-cloud-8000-por-bocanada-cigarrillo-electronico-desechable-hubba","status":"publish","type":"product","link":"https:\/\/alfakherwelt.de\/es\/producto\/al-fakher-crown-bar-big-cloud-8000-por-bocanada-cigarrillo-electronico-desechable-hubba\/","title":{"rendered":"Al Fakher Crown Bar 8000 Z\u00fcge Pro Dual Mode Einweg E Zigarette \u2013 Hubba \n\n se convierte en \n\nAl Fakher Crown Bar 8000 tiradas Pro Modo Dual Uso desechable E Zigarrillo \u2013 Hubba"},"content":{"rendered":"<p><img loading=\"lazy\" decoding=\"async\" class=\"alignnone wp-image-407 size-full\" src=\"https:\/\/alfakherwelt.de\/wp-content\/uploads\/2024\/09\/Big-Cloud-8000-PRO1.webp\" alt=\"Al Fakher Crown Bar Big Cloud 8000 PRO tiradas cigarrillo electr\u00f3nico desechable - Hubba\" width=\"2000\" height=\"2000\" title=\"\" srcset=\"https:\/\/alfakherwelt.de\/wp-content\/uploads\/2024\/09\/Big-Cloud-8000-PRO1.webp 2000w, https:\/\/alfakherwelt.de\/wp-content\/uploads\/2024\/09\/Big-Cloud-8000-PRO1-300x300.webp 300w, https:\/\/alfakherwelt.de\/wp-content\/uploads\/2024\/09\/Big-Cloud-8000-PRO1-1024x1024.webp 1024w, https:\/\/alfakherwelt.de\/wp-content\/uploads\/2024\/09\/Big-Cloud-8000-PRO1-150x150.webp 150w, https:\/\/alfakherwelt.de\/wp-content\/uploads\/2024\/09\/Big-Cloud-8000-PRO1-768x768.webp 768w, https:\/\/alfakherwelt.de\/wp-content\/uploads\/2024\/09\/Big-Cloud-8000-PRO1-1536x1536.webp 1536w, https:\/\/alfakherwelt.de\/wp-content\/uploads\/2024\/09\/Big-Cloud-8000-PRO1-600x600.webp 600w, https:\/\/alfakherwelt.de\/wp-content\/uploads\/2024\/09\/Big-Cloud-8000-PRO1-100x100.webp 100w\" sizes=\"auto, (max-width: 2000px) 100vw, 2000px\" \/><\/p>\n<h2><a href=\"https:\/\/alfakherwelt.de\/es\/\">Al Fakher<\/a> Crown Bar Big Cloud 8000 PRO - El Futuro del Vapeo<\/h2>\n<p>Bienvenidos a alfakherwelt.de, su mayor tienda en l\u00ednea de cigarrillos electr\u00f3nicos desechables en Alemania. Dejen que la \u00faltima innovaci\u00f3n en el \u00e1mbito del vapeo les entusiasme - el <strong>Al Fakher Crown Bar Big Cloud 8000 PRO Modo Dual<\/strong>Esta cigarrillo electr\u00f3nico desechable de alta calidad ofrece una experiencia de vapeo incomparable y establece nuevos est\u00e1ndares tanto para principiantes como para vapeadores experimentados.<\/p>\n<h3><a href=\"https:\/\/alfakherwelt.de\/es\/categoria-de-producto\/barra-de-corona-al-fakher-big-cloud-8000-pro\/\">Al Fakher Crown Bar Big Cloud 8000 PRO <\/a>Cigarrillo electr\u00f3nico desechable con modo dual<\/h3>\n<p>Der <strong>Al Fakher 8000 PRO<\/strong> No es solo un vape de un solo uso, sino un dispositivo reflexivo y potente que combina flexibilidad y comodidad. Su <strong>Funcionalidad de doble modo<\/strong> Le permite cambiar entre el modo de vapor \"boca a pulm\u00f3n\" (MTL) y \"directo a pulm\u00f3n\" (DTL). De esta manera, puede personalizar su experiencia de vapeo individualmente, dependiendo de c\u00f3mo prefiera vapear.<\/p>\n<p>Con <strong>18 ml de l\u00edquido electr\u00f3nico de sal de nicotina<\/strong> y una bater\u00eda recargable de 800 mAh ofrece hasta <strong>8000 trenes<\/strong> y asegura un placer duradero sin que tenga que preocuparse por rellenar o recargar. Ideal para usar sobre la marcha, donde la simplicidad y la fiabilidad son fundamentales.<\/p>\n<h3>Principales caracter\u00edsticas de un vistazo<\/h3>\n<ul>\n<li><strong>Hasta 8000 Puffs<\/strong>Gracias a la bater\u00eda de 800 mAh, puede disfrutar de una larga duraci\u00f3n de la bater\u00eda sin que el rendimiento se vea afectado.<\/li>\n<li><strong>18 ml de l\u00edquido electr\u00f3nico de sal de nicotina<\/strong>: Con una fuerza de nicotina de 5 %, el Al Fakher 8000 PRO ofrece bocanegraves suaves pero intensos.<\/li>\n<li><strong>Tirada similar a shisha<\/strong>: Perfecto para los fan\u00e1ticos de las Shishas que buscan la experiencia de un gran vapor arom\u00e1tico.<\/li>\n<li><strong>Tecnolog\u00eda de modo dual<\/strong>: Simplemente cambie entre MTL y DTL para tener el mejor control sobre su experiencia de vapeo.<\/li>\n<li><strong>Pantalla LED<\/strong>: Supervise el nivel de E-Liquid y el estado de la bater\u00eda a trav\u00e9s de una pantalla LED intuitiva.<\/li>\n<\/ul>\n<h3>\u00danicos sabores similares a shisha<\/h3>\n<p>Al Fakher es conocido por sus sabores distintivos de shisha, que ahora tambi\u00e9n est\u00e1n en los <a href=\"https:\/\/alfakherwelt.de\/es\/categoria-de-producto\/barra-de-corona-al-fakher-big-cloud-8000-pro\/\"><strong>Crown Bar Big Cloud 8000 PRO<\/strong><\/a> ser transferido. Experimente lo mejor de ambos mundos - la comodidad de un cigarrillo electr\u00f3nico desechable con la experiencia aut\u00e9ntica de sabor de una shisha.<\/p>\n<h4><strong>Hubba Bubba<\/strong><\/h4>\n<p>Una experiencia gustativa que te recordar\u00e1 al cl\u00e1sico chicle de tu infancia. Dulce, afrutado y con un toque de nostalgia - el sabor perfecto para el d\u00eda a d\u00eda para todos aquellos que lo prefieren afrutado.<\/p>\n<p>&nbsp;<\/p>\n<h3>Por qu\u00e9 deber\u00eda usted el <a href=\"https:\/\/alfakherwelt.de\/es\/categoria-de-producto\/barra-de-corona-al-fakher-big-cloud-8000-pro\/\">Al Fakher Crown Bar Big Cloud 8000 PRO<\/a> elegir<\/h3>\n<ul>\n<li><strong>Durabilidad<\/strong>Gracias a la alta capacidad de Puff y la bater\u00eda recargable, \u00e9sta es una de las e-cigarrillos desechables m\u00e1s duraderas del mercado.<\/li>\n<li><strong>Flexibilidad<\/strong>: Da igual si eres un fan\u00e1tico de MTL o DTL - el Al Fakher 8000 PRO te ofrece ambas opciones en un solo dispositivo.<\/li>\n<li><strong>Soluci\u00f3n pr\u00e1ctica de un solo uso<\/strong>: Sin rellenar, sin configuraci\u00f3n complicada - simplemente desembalar, cargar y disfrutar.<\/li>\n<li><strong>Experiencia aut\u00e9ntica de shisha<\/strong>Los amantes de la Shisha apreciar\u00e1n el Al Fakher Crown Bar Big Cloud, ya que imita perfectamente el aroma y el vapor de las shishas tradicionales.<\/li>\n<\/ul>\n<h3>Disfruta sin complicaciones - Compra cigarrillos electr\u00f3nicos desechables<\/h3>\n<p>Con el <strong>Al Fakher Crown Bar Big Cloud 8000 PRO<\/strong> Compre no solo un dispositivo de vapeo, sino una experiencia de vapeo completa. Ideal para todos aquellos que desean una experiencia de vapeo sencilla pero intensa. Compre ahora su cigarrillo electr\u00f3nico desechable de manera c\u00f3moda en <a href=\"https:\/\/alfakherwelt.de\/es\/\"><strong>alfakherwelt.de<\/strong><\/a>, su fuente confiable de vapes desechables en Alemania.<\/p>\n<p>Descubre con nosotros el mundo de los cigarrillos electr\u00f3nicos desechables - sin estr\u00e9s y con m\u00e1ximo placer.<\/p>\n<h3>Conclusi\u00f3n<\/h3>\n<p>El Al Fakher Crown Bar Big Cloud 8000 PRO trae lo mejor del mundo de la shisha al escenario del vapeo. Con su bater\u00eda duradera, su generoso tanque de sal de nicotina y sus deliciosos sabores, es la elecci\u00f3n ideal para cada vapeador que busca una soluci\u00f3n pr\u00e1ctica y sin embargo potente.<\/p>","protected":false},"excerpt":{"rendered":"<p>El **Al Fakher Crown Bar Big Cloud 8000 PRO** es un innovador cigarrillo electr\u00f3nico desechable con tecnolog\u00eda de doble modo que ofrece hasta 8000 caladas, precargado con 18 ml de l\u00edquido electr\u00f3nico de sal de nicotina, y una experiencia de vapeo aut\u00e9ntica similar a una shisha en varios sabores, perfecta para un disfrute pr\u00e1ctico y duradero.<\/p>","protected":false},"featured_media":428,"comment_status":"open","ping_status":"closed","template":"","meta":[],"product_brand":[],"product_cat":[22],"product_tag":[],"class_list":{"0":"post-426","1":"product","2":"type-product","3":"status-publish","4":"has-post-thumbnail","6":"product_cat-al-fakher-crown-bar-big-cloud-8000-pro","8":"first","9":"outofstock","10":"sale","11":"shipping-taxable","12":"purchasable","13":"product-type-simple"},"jetpack_sharing_enabled":true,"_links":{"self":[{"href":"https:\/\/alfakherwelt.de\/es\/wp-json\/wp\/v2\/product\/426","targetHints":{"allow":["GET"]}}],"collection":[{"href":"https:\/\/alfakherwelt.de\/es\/wp-json\/wp\/v2\/product"}],"about":[{"href":"https:\/\/alfakherwelt.de\/es\/wp-json\/wp\/v2\/types\/product"}],"replies":[{"embeddable":true,"href":"https:\/\/alfakherwelt.de\/es\/wp-json\/wp\/v2\/comments?post=426"}],"wp:featuredmedia":[{"embeddable":true,"href":"https:\/\/alfakherwelt.de\/es\/wp-json\/wp\/v2\/media\/428"}],"wp:attachment":[{"href":"https:\/\/alfakherwelt.de\/es\/wp-json\/wp\/v2\/media?parent=426"}],"wp:term":[{"taxonomy":"product_brand","embeddable":true,"href":"https:\/\/alfakherwelt.de\/es\/wp-json\/wp\/v2\/product_brand?post=426"},{"taxonomy":"product_cat","embeddable":true,"href":"https:\/\/alfakherwelt.de\/es\/wp-json\/wp\/v2\/product_cat?post=426"},{"taxonomy":"product_tag","embeddable":true,"href":"https:\/\/alfakherwelt.de\/es\/wp-json\/wp\/v2\/product_tag?post=426"}],"curies":[{"name":"wp","href":"https:\/\/api.w.org\/{rel}","templated":true}]}}