{"id":409,"date":"2024-09-10T01:41:35","date_gmt":"2024-09-10T01:41:35","guid":{"rendered":"https:\/\/alfakherwelt.de\/?post_type=product&#038;p=409"},"modified":"2025-05-12T06:57:57","modified_gmt":"2025-05-12T06:57:57","slug":"al-fakher-crown-bar-big-cloud-8000-por-bocanada-cigarrillo-electronico-desechable-hielo-de-grosella-negra-2","status":"publish","type":"product","link":"https:\/\/alfakherwelt.de\/es\/producto\/al-fakher-crown-bar-big-cloud-8000-por-bocanada-cigarrillo-electronico-desechable-hielo-de-grosella-negra-2\/","title":{"rendered":"Al Fakher Crown Bar 8000 Z\u00fcge Pro Dual Mode Einweg E Zigarette \u2013 Blackcurrant Ice\n\n \nAl Fakher Crown Bar 8000 tiradas Pro Modo Dual Uso E Cigarrillo desechable \u2013 Hielo de Blackcurrant"},"content":{"rendered":"<h2><a href=\"https:\/\/alfakherwelt.de\/es\/\">Al Fakher<\/a> Crown Bar Big Cloud 8000 PRO tiradas vapeador desechable \u2013 La experiencia de vapeo definitiva en Alemania<\/h2>\n<p>Der <a href=\"https:\/\/alfakherwelt.de\/es\/categoria-de-producto\/barra-de-corona-al-fakher-big-cloud-8000-pro\/\"><strong>Al Fakher Crown Bar Big Cloud 8000 PRO<\/strong><\/a> lleva la experiencia de vapeo a una nueva dimensi\u00f3n. Con su avanzada tecnolog\u00eda de doble modo y la posibilidad de hasta <strong>8000 trenes<\/strong> Por dispositivo para disfrutar, este dispositivo de vapeo desechable es ideal tanto para principiantes como para vapeadores experimentados. Como marca l\u00edder en el mundo de la shisha, ofrece <strong>Al Fakher<\/strong> Una combinaci\u00f3n \u00fanica de gran sabor, manejo sencillo y una resistencia particularmente larga.<\/p>\n<p>Ya sea que est\u00e9s buscando una soluci\u00f3n simple y fiable que no requiera recargas o ajustes complicados, o un dispositivo que priorice el sabor intenso y la experiencia similar a la de un shisha, este vape es la elecci\u00f3n correcta.<\/p>\n<h3>Modo dual para m\u00e1xima versatilidad<\/h3>\n<p>El coraz\u00f3n del <a href=\"https:\/\/alfakherwelt.de\/es\/categoria-de-producto\/barra-de-corona-al-fakher-big-cloud-8000-pro\/\"><strong>Al Fakher Crown Bar Big Cloud 8000 PRO<\/strong><\/a>\u00a0es suyo <strong>Funcionalidad de doble modo<\/strong>que te permite cambiar entre <strong>Mouth-to-Lung (MTL)<\/strong> y <strong>Direcci\u00f3n a pulm\u00f3n (DTL)<\/strong> Elegir vaporizar. Esto significa que puedes elegir entre el tradicional tiro ajustado, similar a fumar un cigarrillo, o preferir nubes m\u00e1s grandes para una experiencia de vapeo m\u00e1s intensa.<\/p>\n<h3>Caracter\u00edsticas t\u00e9cnicas<\/h3>\n<ul>\n<li><strong>8000 trenes<\/strong> por dispositivo \u2013 Uno de los dispositivos desechables m\u00e1s duraderos del mercado<\/li>\n<li><strong>5 mg de sal de nicotina<\/strong> Vape suave y satisfactorio con cada calada<\/li>\n<li><strong>18 ml de l\u00edquido electr\u00f3nico prellenado<\/strong> - Para uso a largo plazo sin rellenar<\/li>\n<li><strong>Bater\u00eda recargable de 800 mAh<\/strong> - Duradero y c\u00f3modo, con carga r\u00e1pida a trav\u00e9s del puerto Tipo-C<\/li>\n<li><strong>Pantalla LED<\/strong> \u2013 Informaci\u00f3n pr\u00e1ctica sobre la carga de la bater\u00eda y el nivel de l\u00edquido electr\u00f3nico<\/li>\n<li><strong>Vapor similar a shisha<\/strong> \u2013 Grandes nubes para una experiencia muy cercana a una calada tradicional de shisha<\/li>\n<li><strong>Modo dual<\/strong> Elige entre MTL y DTL para tu experiencia personal de vapeo<\/li>\n<\/ul>\n<h3>El sabor: Aromas intensos y complejos<\/h3>\n<p>Con el <a href=\"https:\/\/alfakherwelt.de\/es\/categoria-de-producto\/barra-de-corona-al-fakher-big-cloud-8000-pro\/\"><strong>Al Fakher Crown Bar Big Cloud 8000 PRO<\/strong><\/a> puedes tener una emocionante aventura de vapeo con <strong>Blackcurrant Ice \n\n becomes \n\nHielo de Grosella Negra<\/strong> Disfruta de un sabor de frutas refrescante e intenso con una nota helada que despierta tus sentidos. <strong>Blackcurrant Ice \n\n becomes \n\nHielo de Grosella Negra<\/strong> Ofrece una armoniosa combinaci\u00f3n de grosella \u00e1cida y frescura refrescante, lo que conduce a una experiencia gustativa incomparable. El primer tir\u00f3n deleita con la nota dulce y ligeramente \u00e1cida de la grosella negra, mientras que la nota fresca de hielo se derrite suavemente en tu lengua. Es un sabor equilibrado y intenso que te hechiza desde el primer tir\u00f3n.<\/p>\n<h4>Una mirada al aroma \"Blackcurrant Ice\"<\/h4>\n<ul>\n<li><strong>Grosella en primer plano<\/strong>La dulce dulzura y acidez de la grosella negra forman la base perfecta para deleitar tu paladar. Fresco y aut\u00e9ntico, justo como las bayas reci\u00e9n recogidas en verano.<\/li>\n<li><strong>Eisiger Nachklang -&gt; Resonancia helada  ( No ,  Nachklang  usually translates as \"echo\" or \" resonance\") \nResonancia glacial \nEco glacial \nEco helado<\/strong>La nota helada complementa los aromas frutales y proporciona un efecto refrescante, haciendo que cada calada sea fresca y agradable. Perfecto para d\u00edas calurosos de verano o para momentos en los que necesitas un toque de frescura.<\/li>\n<li><strong>Sabor con profundidad<\/strong>: El equilibrio entre dulzura y acidez hace que el aroma sea especialmente interesante y diverso. Nunca se vuelve aburrido y sorprende una y otra vez con nuevos matices.<\/li>\n<li><strong>Sabor de larga duraci\u00f3n<\/strong>: Incluso despu\u00e9s de muchas caladas, el sabor permanece constante, sin perder intensidad, lo que garantiza una experiencia de vapeo duradera y placentera.<\/li>\n<\/ul>\n<h3>Por qu\u00e9 el <a href=\"https:\/\/alfakherwelt.de\/es\/categoria-de-producto\/barra-de-corona-al-fakher-big-cloud-8000-pro\/\">Al Fakher Crown Bar Big Cloud 8000 PRO<\/a> \u00bfComprar?<\/h3>\n<p>Como el mayor comerciante en l\u00ednea para <strong>E-Zigarettes de un solo uso en Alemania<\/strong> auf <strong>alfakherwelt.de<\/strong> ofrecemos no solo productos de la m\u00e1xima calidad, sino tambi\u00e9n un excelente servicio al cliente y entrega r\u00e1pida. El <strong>Al Fakher Crown Bar Big Cloud 8000 PRO<\/strong> Es la elecci\u00f3n perfecta para todos aquellos que valoran el sabor, el rendimiento y la facilidad de uso. Este dispositivo es ideal si est\u00e1s buscando una alternativa a los cigarrillos tradicionales o simplemente deseas aprovechar al m\u00e1ximo tu experiencia de vapeo.<\/p>\n<ul>\n<li><strong>Manejo sencillo<\/strong>: No es necesario recargar ni rellenar, simplemente desempaquetar y vapear.<\/li>\n<li><strong>Larga duraci\u00f3n de uso<\/strong>: Con hasta <strong>8000 trenes<\/strong> Este dispositivo dura considerablemente m\u00e1s que los vaporizadores desechables convencionales.<\/li>\n<li><strong>Sabor que convence<\/strong>: Ya sea que prefieras aromas frutales o notas heladas de hielo, el <strong>Al Fakher 8000 PRO<\/strong> ofrece ambos en perfecta armon\u00eda.<\/li>\n<li><strong>Versatilidad para cada vapeador<\/strong>: A trav\u00e9s de <strong>Funcionalidad de doble modo<\/strong> puedes disfrutar de tu estilo de vapor preferido sin tener que hacer concesiones.<\/li>\n<\/ul>\n<h3><img loading=\"lazy\" decoding=\"async\" class=\"alignnone wp-image-411 size-full\" src=\"https:\/\/alfakherwelt.de\/wp-content\/uploads\/2024\/09\/Al-Fakher-Crown-Bar-PRO-8K-Al-Fakher-262869555-2-1.webp\" alt=\"Al Fakher Crown Bar Big Cloud 8000 PRO Z\u00fcge Einweg E Zigarette - Blackcurrant Ice becomes Al Fakher Crown Bar Big Cloud 8000 PRO tiradas Disposable E Cigarrillo - Blackcurrant Hielo\" width=\"2000\" height=\"2000\" title=\"\" srcset=\"https:\/\/alfakherwelt.de\/wp-content\/uploads\/2024\/09\/Al-Fakher-Crown-Bar-PRO-8K-Al-Fakher-262869555-2-1.webp 2000w, https:\/\/alfakherwelt.de\/wp-content\/uploads\/2024\/09\/Al-Fakher-Crown-Bar-PRO-8K-Al-Fakher-262869555-2-1-300x300.webp 300w, https:\/\/alfakherwelt.de\/wp-content\/uploads\/2024\/09\/Al-Fakher-Crown-Bar-PRO-8K-Al-Fakher-262869555-2-1-1024x1024.webp 1024w, https:\/\/alfakherwelt.de\/wp-content\/uploads\/2024\/09\/Al-Fakher-Crown-Bar-PRO-8K-Al-Fakher-262869555-2-1-150x150.webp 150w, https:\/\/alfakherwelt.de\/wp-content\/uploads\/2024\/09\/Al-Fakher-Crown-Bar-PRO-8K-Al-Fakher-262869555-2-1-768x768.webp 768w, https:\/\/alfakherwelt.de\/wp-content\/uploads\/2024\/09\/Al-Fakher-Crown-Bar-PRO-8K-Al-Fakher-262869555-2-1-1536x1536.webp 1536w, https:\/\/alfakherwelt.de\/wp-content\/uploads\/2024\/09\/Al-Fakher-Crown-Bar-PRO-8K-Al-Fakher-262869555-2-1-600x600.webp 600w, https:\/\/alfakherwelt.de\/wp-content\/uploads\/2024\/09\/Al-Fakher-Crown-Bar-PRO-8K-Al-Fakher-262869555-2-1-100x100.webp 100w\" sizes=\"auto, (max-width: 2000px) 100vw, 2000px\" \/><\/h3>\n<h3>Calidad, sabor y facilidad de uso<\/h3>\n<p>Si est\u00e1s buscando un vape que no solo te convenza por su potencia, sino tambi\u00e9n por su versatilidad y sabor intenso, entonces el <a href=\"https:\/\/alfakherwelt.de\/es\/categoria-de-producto\/barra-de-corona-al-fakher-big-cloud-8000-pro\/\"><strong>Al Fakher Crown Bar Big Cloud 8000 PRO<\/strong><\/a> exactamente lo correcto para ti. La <strong>Experiencia similar a Shisha<\/strong> Y la posibilidad de cambiar entre diferentes estilos de vapor hace que este dispositivo sea la elecci\u00f3n perfecta para los vapeadores que quieren m\u00e1s.<\/p>\n<p>Vis\u00edtanos hoy mismo en <a href=\"https:\/\/alfakherwelt.de\/es\/\"><strong>alfakherwelt.de<\/strong><\/a> y descubre el mundo del vapeo de nuevo! Ya sea para el uso diario o para ocasiones especiales - con el <strong>Al Fakher 8000 PRO<\/strong> No haces nada malo.<\/p>","protected":false},"excerpt":{"rendered":"<p>La <strong>Al Fakher Crown Bar Big Cloud 8000 PRO<\/strong> Es una potente cigarrilla electr\u00f3nica desechable con hasta 8000 caladas, una bater\u00eda recargable, funci\u00f3n de doble modo (MTL\/DTL) y sabores intensos similares a los de shisha, ideal para una experiencia de vapeo c\u00f3moda y duradera.<\/p>","protected":false},"featured_media":410,"comment_status":"open","ping_status":"closed","template":"","meta":[],"product_brand":[],"product_cat":[22],"product_tag":[],"class_list":{"0":"post-409","1":"product","2":"type-product","3":"status-publish","4":"has-post-thumbnail","6":"product_cat-al-fakher-crown-bar-big-cloud-8000-pro","8":"first","9":"outofstock","10":"sale","11":"shipping-taxable","12":"purchasable","13":"product-type-simple"},"jetpack_sharing_enabled":true,"_links":{"self":[{"href":"https:\/\/alfakherwelt.de\/es\/wp-json\/wp\/v2\/product\/409","targetHints":{"allow":["GET"]}}],"collection":[{"href":"https:\/\/alfakherwelt.de\/es\/wp-json\/wp\/v2\/product"}],"about":[{"href":"https:\/\/alfakherwelt.de\/es\/wp-json\/wp\/v2\/types\/product"}],"replies":[{"embeddable":true,"href":"https:\/\/alfakherwelt.de\/es\/wp-json\/wp\/v2\/comments?post=409"}],"wp:featuredmedia":[{"embeddable":true,"href":"https:\/\/alfakherwelt.de\/es\/wp-json\/wp\/v2\/media\/410"}],"wp:attachment":[{"href":"https:\/\/alfakherwelt.de\/es\/wp-json\/wp\/v2\/media?parent=409"}],"wp:term":[{"taxonomy":"product_brand","embeddable":true,"href":"https:\/\/alfakherwelt.de\/es\/wp-json\/wp\/v2\/product_brand?post=409"},{"taxonomy":"product_cat","embeddable":true,"href":"https:\/\/alfakherwelt.de\/es\/wp-json\/wp\/v2\/product_cat?post=409"},{"taxonomy":"product_tag","embeddable":true,"href":"https:\/\/alfakherwelt.de\/es\/wp-json\/wp\/v2\/product_tag?post=409"}],"curies":[{"name":"wp","href":"https:\/\/api.w.org\/{rel}","templated":true}]}}