{"id":357,"date":"2024-09-05T07:27:48","date_gmt":"2024-09-05T07:27:48","guid":{"rendered":"https:\/\/alfakherwelt.de\/?post_type=product&#038;p=357"},"modified":"2025-09-06T00:34:19","modified_gmt":"2025-09-06T00:34:19","slug":"al-fakher-crown-bar-por-8000-inhalaciones-cigarrillo-electronico-desechable-uva-menta","status":"publish","type":"product","link":"https:\/\/alfakherwelt.de\/es\/producto\/al-fakher-crown-bar-por-8000-inhalaciones-cigarrillo-electronico-desechable-uva-menta\/","title":{"rendered":"AL Fakher Crown Bar Pro 8000 Z\u00fcge Einweg E Zigarette \u2013 Uva Menta"},"content":{"rendered":"<div class=\"flex-1 overflow-hidden\">\n<div class=\"h-full\">\n<div class=\"react-scroll-to-bottom--css-vbsxp-79elbk h-full\">\n<div class=\"react-scroll-to-bottom--css-vbsxp-1n7m0yu\">\n<div class=\"flex flex-col text-sm md:pb-9\">\n<article class=\"w-full text-token-text-primary focus-visible:outline-2 focus-visible:outline-offset-[-4px]\" dir=\"auto\" data-testid=\"conversation-turn-3\" data-scroll-anchor=\"true\">\n<div class=\"text-base py-[18px] px-3 md:px-4 m-auto w-full md:px-5 lg:px-1 xl:px-5\">\n<div class=\"mx-auto flex flex-1 gap-4 text-base md:gap-5 lg:gap-6 md:max-w-3xl lg:max-w-[40rem] xl:max-w-[48rem]\">\n<div class=\"group\/conversation-turn relative flex w-full min-w-0 flex-col agent-turn\">\n<div class=\"flex-col gap-1 md:gap-3\">\n<div class=\"flex max-w-full flex-col flex-grow\">\n<div class=\"min-h-[20px] text-message flex w-full flex-col items-end gap-2 break-words [.text-message+&amp;]:mt-5 overflow-x-auto whitespace-normal\" dir=\"auto\" data-message-author-role=\"assistant\" data-message-id=\"3674891d-151c-4fd5-9271-eff8079a6857\">\n<div class=\"flex w-full flex-col gap-1 empty:hidden first:pt-[3px]\">\n<div class=\"markdown prose w-full break-words dark:prose-invert light\">\n<div style=\"width: 1020px;\" class=\"wp-video\"><video class=\"wp-video-shortcode\" id=\"video-357-1\" width=\"1020\" height=\"574\" preload=\"metadata\" controls=\"controls\"><source type=\"video\/mp4\" src=\"https:\/\/alfakherwelt.de\/wp-content\/uploads\/2024\/09\/Al-Fakher-Crown-Bar-Big-Cloud-8000-PRO2\uff0c\u53bb\u4eba\u50cf.mp4?_=1\" \/><a href=\"https:\/\/alfakherwelt.de\/wp-content\/uploads\/2024\/09\/Al-Fakher-Crown-Bar-Big-Cloud-8000-PRO2\uff0c\u53bb\u4eba\u50cf.mp4\">https:\/\/alfakherwelt.de\/wp-content\/uploads\/2024\/09\/Al-Fakher-Crown-Bar-Big-Cloud-8000-PRO2\uff0c\u53bb\u4eba\u50cf.mp4<\/a><\/video><\/div>\n<h2><a href=\"https:\/\/alfakherwelt.de\/es\/\">AL Fakher<\/a> Crown Bar Pro 8000 Z\u00fcge \n\nbecomes \n\nCrown Bar Pro 8000 tiradas <a href=\"https:\/\/alfakherwelt.de\/es\/\">Cigarrillo electr\u00f3nico desechable<\/a> - Cigarrillo electr\u00f3nico desechable para una experiencia de vapeo intensa<\/h2>\n<p>La AL Fakher Crown Bar Pro 8000 caladas no es solo un cigarrillo electr\u00f3nico desechable - representa el pin\u00e1culo de la experiencia de vapeo moderna en Alemania. Este cigarrillo electr\u00f3nico fue desarrollado para satisfacer las demandas m\u00e1s altas de los entusiastas del vapeo. Con un dise\u00f1o sofisticado, una bobina de malla potente y un volumen impresionante de l\u00edquido electr\u00f3nico de 18 ml, establece nuevos est\u00e1ndares en cuanto a sabor, rendimiento y comodidad. Cabe destacar especialmente la incre\u00edble capacidad de hasta 8000 caladas, que permite un uso prolongado.<\/p>\n<h3>Detalles t\u00e9cnicos<\/h3>\n<p>La <a href=\"https:\/\/alfakherwelt.de\/es\/categoria-de-producto\/efectivo-de-la-corona-al-fakher-por-8000\/\"><strong>AL Fakher Crown Bar Pro 8000<\/strong><\/a> fue desarrollado con tecnolog\u00eda de punta para garantizar un uso fluido y fiable:<\/p>\n<ul>\n<li><strong>Medidas:<\/strong> 19 x 109 mm - c\u00f3modo y port\u00e1til<\/li>\n<li><strong>Conexi\u00f3n de carga:<\/strong> Tipo C - Carga r\u00e1pida para un uso siempre disponible<\/li>\n<li><strong>Capacidad de E-L\u00edquido:<\/strong> 18 ml - para sesiones de vapeo prolongadas<\/li>\n<li><strong>Tensi\u00f3n de salida:<\/strong> 3,7 V \u2013 para un rendimiento estable y vapor uniforme<\/li>\n<li><strong>Resistencia de la bobina:<\/strong> 1,2 Ohm - proporciona el sabor intenso y el vapor denso<\/li>\n<li><strong>Capacidad de la bater\u00eda:<\/strong> 600 mAh - lo suficientemente fuerte como para hasta 8000 tiradas sin recargas intermedias<\/li>\n<li><strong>Nikotinanteil:<\/strong> 5 mg\/0,5 ml - para una experiencia de nicotina satisfactoria<\/li>\n<li><strong>L\u00edmites de temperatura:<\/strong> -10 \u00b0C a +40 \u00b0C \u2013 funcionamiento fiable en diversos entornos<\/li>\n<\/ul>\n<h3>Un intensa y sabrosa experiencia de vapeo<\/h3>\n<p>El coraz\u00f3n de la <a href=\"https:\/\/alfakherwelt.de\/es\/categoria-de-producto\/efectivo-de-la-corona-al-fakher-por-8000\/\"><strong>AL Fakher Crown Bar Pro 8000 Z\u00fcge \n\n(No translation needed) \nAL Fakher Crown Bar Pro 8000 Z\u00fcge<\/strong><\/a> radica en su innovadora bobina de malla, que garantiza un sabor especialmente puro e intenso. Cada inhalaci\u00f3n proporciona un placer incomparable, y esto durante un per\u00edodo de uso excepcionalmente largo. La <strong>Funci\u00f3n de carga r\u00e1pida tipo C<\/strong> permite cargar el dispositivo de manera r\u00e1pida y sencilla, para que puedas llevarlo contigo a cualquier lugar sin preocuparte por una bater\u00eda agotada.<\/p>\n<h3><img loading=\"lazy\" decoding=\"async\" class=\"alignnone wp-image-392 size-full\" src=\"https:\/\/alfakherwelt.de\/wp-content\/uploads\/2024\/09\/al-fakher-crown-bar-8000-pro.webp\" alt=\"AL Fakher Crown Bar Pro 8000 Z\u00fcge Einweg E Zigarette - Uva Menta\" width=\"1000\" height=\"1000\" title=\"\" srcset=\"https:\/\/alfakherwelt.de\/wp-content\/uploads\/2024\/09\/al-fakher-crown-bar-8000-pro.webp 1000w, https:\/\/alfakherwelt.de\/wp-content\/uploads\/2024\/09\/al-fakher-crown-bar-8000-pro-300x300.webp 300w, https:\/\/alfakherwelt.de\/wp-content\/uploads\/2024\/09\/al-fakher-crown-bar-8000-pro-150x150.webp 150w, https:\/\/alfakherwelt.de\/wp-content\/uploads\/2024\/09\/al-fakher-crown-bar-8000-pro-768x768.webp 768w, https:\/\/alfakherwelt.de\/wp-content\/uploads\/2024\/09\/al-fakher-crown-bar-8000-pro-600x600.webp 600w, https:\/\/alfakherwelt.de\/wp-content\/uploads\/2024\/09\/al-fakher-crown-bar-8000-pro-100x100.webp 100w\" sizes=\"auto, (max-width: 1000px) 100vw, 1000px\" \/><\/h3>\n<h3>Ventajas de un vistazo<\/h3>\n<ul>\n<li><strong>Dise\u00f1o port\u00e1til:<\/strong> El tama\u00f1o compacto y el dise\u00f1o elegante hacen que este dispositivo sea el compa\u00f1ero perfecto para llevar contigo.<\/li>\n<li><strong>Disfrute prolongado del vapor:<\/strong> Con una capacidad de 8000 trenes es la <a href=\"https:\/\/alfakherwelt.de\/es\/categoria-de-producto\/efectivo-de-la-corona-al-fakher-por-8000\/\"><strong>AL Fakher Crown Bar Pro 8000<\/strong><\/a> Una de las cigarrillas electr\u00f3nicas desechables m\u00e1s duraderas del mercado.<\/li>\n<li><strong>Experiencia de inhalaci\u00f3n directa en los pulmones:<\/strong> Para una sensaci\u00f3n de vapor profunda e intensa que hace que cada calada sea un placer.<\/li>\n<li><strong>Manejo sencillo:<\/strong> No rellenar, no recargar: una vez que la bater\u00eda est\u00e9 vac\u00eda, simplemente des\u00e9chala y utiliza un dispositivo nuevo.<\/li>\n<li><strong>Carga r\u00e1pida:<\/strong> Gracias al moderno conector Tipo-C, el cigarrillo electr\u00f3nico est\u00e1 listo para usar en un abrir y cerrar de ojos.<\/li>\n<\/ul>\n<hr \/>\n<h2>Descubre los Diversos Sabores de la <a href=\"https:\/\/alfakherwelt.de\/es\/categoria-de-producto\/efectivo-de-la-corona-al-fakher-por-8000\/\">AL Fakher Crown Bar Pro <strong>8000 trenes<\/strong><\/a><\/h2>\n<p>Un punto culminante especial de la <strong><a href=\"https:\/\/alfakherwelt.de\/es\/\">AL Fakher<\/a> Crown Bar Pro 8000 Z\u00fcge \n\nbecomes \n\nCrown Bar Pro 8000 tiradas<\/strong> son las refinadas variedades de sabor, que le dan un car\u00e1cter inconfundible a cada sorteo. Hoy queremos hablar de la popular <strong>Menta Uva<\/strong>Analicemos el sabor en detalle, que lleva tus papilas gustativas a un mundo completamente nuevo.<\/p>\n<h3>Uva Menta - Una armon\u00eda de dulzura y frescura<\/h3>\n<p><strong>Menta Uva<\/strong> Es una combinaci\u00f3n magistral de dulzura afrutada y frescura refrescante. Nada m\u00e1s inhalar, el intenso aroma de uvas maduras y jugosas se expande en la boca, evocando un vi\u00f1edo soleado en verano. La dulzura de las uvas es intensa, pero no abrumadora; equilibra perfectamente entre fruta y ligereza.<\/p>\n<p>Inmediatamente despu\u00e9s, se despliega el aroma fresco y refrescante de la menta. Esta nota refrescante no solo aporta un agradable frescor, sino que tambi\u00e9n potencia el aroma a uva, suavizando delicadamente el sabor. Cada bocanada es como un fresco susurro de viento veraniego que aviva los sentidos y proporciona un agradable frescor.<\/p>\n<p><strong>Menta Uva<\/strong> Es el sabor ideal para aquellos que buscan una mezcla equilibrada de dulzura afrutada y frescura mentolada. La combinaci\u00f3n armoniosa de estos dos aromas proporciona una experiencia de vapeo satisfactoria que no solo es intensa, sino tambi\u00e9n incre\u00edblemente refrescante. Es un sabor que despierta el deseo de m\u00e1s y convierte cada calada en una experiencia especial.<\/p>\n<hr \/>\n<h2>Por qu\u00e9 <a href=\"https:\/\/alfakherwelt.de\/es\/categoria-de-producto\/efectivo-de-la-corona-al-fakher-por-8000\/\">AL Fakher Crown Bar Pro 8000 Z\u00fcge \n\n(No translation needed) \nAL Fakher Crown Bar Pro 8000 Z\u00fcge<\/a>?<\/h2>\n<p>Si se trata de elegir un cigarrillo electr\u00f3nico desechable que convenza tanto en sabor como en rendimiento, entonces no hay forma de evitar el <strong><a href=\"https:\/\/alfakherwelt.de\/es\/\">AL Fakher<\/a> Crown Bar Pro 8000 Z\u00fcge \n\nbecomes \n\nCrown Bar Pro 8000 tiradas<\/strong> Finalizado. Aqu\u00ed hay algunas razones por las que este dispositivo es la elecci\u00f3n perfecta:<\/p>\n<ol>\n<li><strong>Rendimiento duradero:<\/strong> Hasta 8000 golpes significan que puedes vapear durante semanas sin tener que pensar en comprar un nuevo dispositivo.<\/li>\n<li><strong>Sabor intenso<\/strong> La innovadora bobina de malla garantiza una experiencia de sabor intensa en cada calada.<\/li>\n<li><strong>Manejo sencillo:<\/strong> Sin llenar o complicadas configuraciones - simplemente vapear y disfrutar.<\/li>\n<li><strong>Calidad premium:<\/strong> Cada dispositivo est\u00e1 fabricado con materiales de alta calidad y est\u00e1 dise\u00f1ado para brindarte la mejor experiencia de vapeo posible.<\/li>\n<li><strong>Gran variedad de sabores:<\/strong> Descubre tu sabor favorito, ya sea afrutado, dulce o refrescante.<\/li>\n<\/ol>\n<hr \/>\n<h2>Opciones de pedido sencillas en <a href=\"https:\/\/alfakherwelt.de\/es\/\">alfakherwelt.de<\/a><\/h2>\n<p>Disfruta la delicia de la <a href=\"https:\/\/alfakherwelt.de\/es\/categoria-de-producto\/efectivo-de-la-corona-al-fakher-por-8000\/\"><strong>AL Fakher Crown Bar Pro 8000 Z\u00fcge \n\n(No translation needed) \nAL Fakher Crown Bar Pro 8000 Z\u00fcge<\/strong><\/a> y descubre la variedad de aromas directamente en <a href=\"https:\/\/alfakherwelt.de\/es\/\"><strong>alfakherwelt.de<\/strong><\/a>, la mayor plataforma de Alemania para cigarrillos electr\u00f3nicos desechables. Nuestro r\u00e1pido env\u00edo y excelente servicio al cliente hacen que la compra sea una experiencia agradable y libre de estr\u00e9s.<\/p>\n<p>Descubre ahora el mundo de la <strong>AL Fakher Crown Bar Pro<\/strong> Y experimenta lo que significa disfrutar de un cigarrillo electr\u00f3nico premium que combina calidad, rendimiento y sabor en un solo dispositivo port\u00e1til.<\/p>\n<\/div>\n<\/div>\n<\/div>\n<\/div>\n<\/div>\n<\/div>\n<\/div>\n<\/div>\n<\/article>\n<\/div>\n<\/div>\n<\/div>\n<\/div>\n<\/div>","protected":false},"excerpt":{"rendered":"<p>La <strong>AL Fakher Crown Bar Pro 8000 Z\u00fcge \n\n(No translation needed) \nAL Fakher Crown Bar Pro 8000 Z\u00fcge<\/strong> Es una cigarrillo electr\u00f3nico desechable de alta calidad con sabores intensos, rendimiento duradero e innovadora bobina de malla que ofrece hasta 8000 caladas y permite una experiencia de vapeo incomparable en Alemania.<\/p>","protected":false},"featured_media":358,"comment_status":"open","ping_status":"closed","template":"","meta":[],"product_brand":[],"product_cat":[20],"product_tag":[],"class_list":{"0":"post-357","1":"product","2":"type-product","3":"status-publish","4":"has-post-thumbnail","6":"product_cat-al-fakher-crown-bar-pro-8000","8":"first","9":"outofstock","10":"sale","11":"shipping-taxable","12":"purchasable","13":"product-type-simple"},"jetpack_sharing_enabled":true,"_links":{"self":[{"href":"https:\/\/alfakherwelt.de\/es\/wp-json\/wp\/v2\/product\/357","targetHints":{"allow":["GET"]}}],"collection":[{"href":"https:\/\/alfakherwelt.de\/es\/wp-json\/wp\/v2\/product"}],"about":[{"href":"https:\/\/alfakherwelt.de\/es\/wp-json\/wp\/v2\/types\/product"}],"replies":[{"embeddable":true,"href":"https:\/\/alfakherwelt.de\/es\/wp-json\/wp\/v2\/comments?post=357"}],"wp:featuredmedia":[{"embeddable":true,"href":"https:\/\/alfakherwelt.de\/es\/wp-json\/wp\/v2\/media\/358"}],"wp:attachment":[{"href":"https:\/\/alfakherwelt.de\/es\/wp-json\/wp\/v2\/media?parent=357"}],"wp:term":[{"taxonomy":"product_brand","embeddable":true,"href":"https:\/\/alfakherwelt.de\/es\/wp-json\/wp\/v2\/product_brand?post=357"},{"taxonomy":"product_cat","embeddable":true,"href":"https:\/\/alfakherwelt.de\/es\/wp-json\/wp\/v2\/product_cat?post=357"},{"taxonomy":"product_tag","embeddable":true,"href":"https:\/\/alfakherwelt.de\/es\/wp-json\/wp\/v2\/product_tag?post=357"}],"curies":[{"name":"wp","href":"https:\/\/api.w.org\/{rel}","templated":true}]}}