{"id":3200,"date":"2025-04-21T07:45:15","date_gmt":"2025-04-21T07:45:15","guid":{"rendered":"https:\/\/alfakherwelt.de\/?post_type=product&#038;p=3200"},"modified":"2025-04-21T07:46:29","modified_gmt":"2025-04-21T07:46:29","slug":"request-failed-with-status-code-690","status":"publish","type":"product","link":"https:\/\/alfakherwelt.de\/es\/producto\/request-failed-with-status-code-690\/","title":{"rendered":"AI Fakher Crown Bar Hypermax 15000 Z\u00fcge Einweg E Zigarette \u2013 Cool Mango \n\nbecomes \n\nAI Fakher Crown Bar Hypermax 15000 Z\u00fcge Disposable E-Cigarette \u2013 Cool Mango"},"content":{"rendered":"<div style=\"width: 848px;\" class=\"wp-video\"><video class=\"wp-video-shortcode\" id=\"video-3200-1\" width=\"848\" height=\"480\" preload=\"metadata\" controls=\"controls\"><source type=\"video\/mp4\" src=\"https:\/\/alfakherwelt.de\/wp-content\/uploads\/2025\/04\/AF-15K-HYPERMAX-.mp4?_=1\" \/><a href=\"https:\/\/alfakherwelt.de\/wp-content\/uploads\/2025\/04\/AF-15K-HYPERMAX-.mp4\">https:\/\/alfakherwelt.de\/wp-content\/uploads\/2025\/04\/AF-15K-HYPERMAX-.mp4<\/a><\/video><\/div>\n<article class=\"text-token-text-primary w-full\" dir=\"auto\" data-testid=\"conversation-turn-2\" data-scroll-anchor=\"true\">\n<div class=\"text-base my-auto mx-auto py-5 [--thread-content-margin:--spacing(4)] @[37rem]:[--thread-content-margin:--spacing(6)] @[70rem]:[--thread-content-margin:--spacing(12)] px-(--thread-content-margin)\">\n<div class=\"[--thread-content-max-width:32rem] @[34rem]:[--thread-content-max-width:40rem] @[64rem]:[--thread-content-max-width:48rem] mx-auto flex max-w-(--thread-content-max-width) flex-1 text-base gap-4 md:gap-5 lg:gap-6 group\/turn-messages focus-visible:outline-hidden\" tabindex=\"-1\">\n<div class=\"group\/conversation-turn relative flex w-full min-w-0 flex-col agent-turn\">\n<div class=\"relative flex-col gap-1 md:gap-3\">\n<div class=\"flex max-w-full flex-col grow\">\n<div class=\"min-h-8 text-message relative flex w-full flex-col items-end gap-2 text-start break-words whitespace-normal [.text-message+&amp;]:mt-5\" dir=\"auto\" data-message-author-role=\"assistant\" data-message-id=\"0d9d33d9-127c-476e-b035-47f96630634e\" data-message-model-slug=\"gpt-4o\">\n<div class=\"flex w-full flex-col gap-1 empty:hidden first:pt-[3px]\">\n<div class=\"markdown prose dark:prose-invert w-full break-words light\">\n<h2 class=\"\" data-start=\"0\" data-end=\"61\"><a href=\"https:\/\/alfakherwelt.de\/es\/categoria-de-producto\/request-failed-with-status-code-660\/\">AI Fakher Crown Bar Hypermax 15000<\/a> Cigarrillos electr\u00f3nicos de un solo uso<\/h2>\n<h3 class=\"\" data-start=\"63\" data-end=\"112\">Experiencia de vapor de alta calidad para exigentes<\/h3>\n<p class=\"\" data-start=\"114\" data-end=\"619\">La <strong data-start=\"118\" data-end=\"180\">Corona AI Fakher Crown Bar Hypermax 15000 caladas cigarrillo electr\u00f3nico desechable<\/strong> Establece nuevos est\u00e1ndares en el \u00e1mbito del vapeo. Con una impresionante capacidad de 22 ml de e-l\u00edquido precargado y una bater\u00eda duradera de 600 mAh, este dispositivo ofrece hasta 15.000 caladas - ideal para aquellos que buscan una experiencia de vapeo intensa y duradera. La combinaci\u00f3n de dise\u00f1o moderno, materiales de alta calidad y tecnolog\u00eda innovadora hace que la Crown Bar Hypermax sea un compa\u00f1ero indispensable para llevar contigo.<\/p>\n<h3 class=\"\" data-start=\"621\" data-end=\"653\">Caracter\u00edsticas del producto en general<\/h3>\n<ul data-start=\"655\" data-end=\"1563\">\n<li class=\"\" data-start=\"655\" data-end=\"773\">\n<p class=\"\" data-start=\"657\" data-end=\"773\"><strong data-start=\"657\" data-end=\"690\">Capacidad generosa de E-L\u00edquido<\/strong>: <span class=\"relative -mx-px my-[-0.2rem] rounded px-px py-[0.2rem] transition-colors duration-100 ease-in-out\">Con 22 ml de l\u00edquido electr\u00f3nico prellenado, disfruta de un placer de vapeo duradero sin necesidad de rellenar con frecuencia.<\/span>\u200b<\/p>\n<\/li>\n<li class=\"\" data-start=\"775\" data-end=\"883\">\n<p class=\"\" data-start=\"777\" data-end=\"883\"><strong data-start=\"777\" data-end=\"800\">Bater\u00eda de larga duraci\u00f3n<\/strong>: <span class=\"relative -mx-px my-[-0.2rem] rounded px-px py-[0.2rem] transition-colors duration-100 ease-in-out\">La bater\u00eda integrada de 600 mAh garantiza un rendimiento constante y permite hasta 15.000 tiradas.<\/span>\u200b<\/p>\n<\/li>\n<li class=\"\" data-start=\"885\" data-end=\"989\">\n<p class=\"\" data-start=\"887\" data-end=\"989\"><strong data-start=\"887\" data-end=\"906\">Visualizaci\u00f3n precisa<\/strong>: <span class=\"relative -mx-px my-[-0.2rem] rounded px-px py-[0.2rem] transition-colors duration-100 ease-in-out\">Gracias a la pantalla integrada, siempre tiene una visi\u00f3n general del nivel de l\u00edquido y del estado de la bater\u00eda.<\/span>\u200b<\/p>\n<\/li>\n<li class=\"\" data-start=\"991\" data-end=\"1099\">\n<p class=\"\" data-start=\"993\" data-end=\"1099\"><strong data-start=\"993\" data-end=\"1016\">Dise\u00f1o c\u00f3modo<\/strong>: <span class=\"relative -mx-px my-[-0.2rem] rounded px-px py-[0.2rem] transition-colors duration-100 ease-in-out\">La superficie de agarre de cuero ergon\u00f3mica se encuentra c\u00f3modamente en la mano y le da al dispositivo una apariencia elegante.<\/span>\u200b<\/p>\n<\/li>\n<li class=\"\" data-start=\"1101\" data-end=\"1210\">\n<p class=\"\" data-start=\"1103\" data-end=\"1210\"><strong data-start=\"1103\" data-end=\"1127\">Fuerte contenido de nicotina<\/strong>: <span class=\"relative -mx-px my-[-0.2rem] rounded px-px py-[0.2rem] transition-colors duration-100 ease-in-out\">Con 2\u202f% (20\u202fmg\/ml) de nicotina, el cigarrillo electr\u00f3nico ofrece una experiencia de sabor intensa.<\/span>\u200b<\/p>\n<\/li>\n<li class=\"\" data-start=\"1212\" data-end=\"1322\">\n<p class=\"\" data-start=\"1214\" data-end=\"1322\"><strong data-start=\"1214\" data-end=\"1235\">Carga pr\u00e1ctica<\/strong>: <span class=\"relative -mx-px my-[-0.2rem] rounded px-px py-[0.2rem] transition-colors duration-100 ease-in-out\">Equipado con un conector de carga tipo C (el cable no est\u00e1 incluido) para una carga r\u00e1pida y c\u00f3moda.<\/span>\u200b<\/p>\n<\/li>\n<li class=\"\" data-start=\"1324\" data-end=\"1450\">\n<p class=\"\" data-start=\"1326\" data-end=\"1450\"><strong data-start=\"1326\" data-end=\"1363\">T\u00e9cnica de aspiraci\u00f3n directa al pulm\u00f3n (DTL)<\/strong>: <span class=\"relative -mx-px my-[-0.2rem] rounded px-px py-[0.2rem] transition-colors duration-100 ease-in-out\">Para una experiencia de vapeo intensa que se acerca al placer tradicional de fumar shisha.<\/span>\u200b<\/p>\n<\/li>\n<li class=\"\" data-start=\"1452\" data-end=\"1563\">\n<p class=\"\" data-start=\"1454\" data-end=\"1563\"><strong data-start=\"1454\" data-end=\"1476\">Amigable para el usuario<\/strong>: <span class=\"relative -mx-px my-[-0.2rem] rounded px-px py-[0.2rem] transition-colors duration-100 ease-in-out\">Activaci\u00f3n por arrastre - no se requiere presi\u00f3n de bot\u00f3n.<\/span>\u200b<\/p>\n<\/li>\n<\/ul>\n<h3 class=\"\" data-start=\"1565\" data-end=\"1599\">Experiencias gastron\u00f3micas en detalle\u200b-<strong data-start=\"14\" data-end=\"28\">Cool Mango<\/strong><\/h3>\n<p class=\"\" data-start=\"1933\" data-end=\"2044\">El sabor <strong data-start=\"14\" data-end=\"28\">Cool Mango<\/strong> Ofrece una experiencia de vapeo ex\u00f3tica con el equilibrio perfecto entre dulzura tropical y frescura helada. La jugosa madurez de las mangos maduradas al sol se encuentra con una nota fresca de mentol que hace que cada calada sea refrescante y revitalizante. Ideal para todos aquellos que aman los sabores frutales y al mismo tiempo disfrutan de una agradable sensaci\u00f3n refrescante al inhalar - un verdadero punto culminante para cualquier \u00e9poca del a\u00f1o.<\/p>\n<h3 class=\"\" data-start=\"2046\" data-end=\"2083\">Por qu\u00e9 con <a href=\"https:\/\/alfakherwelt.de\/es\/\">alfakherwelt.de<\/a> \u00bfComprar?<\/h3>\n<p class=\"\" data-start=\"2085\" data-end=\"2493\">Como el mayor comerciante en l\u00ednea de cigarrillos electr\u00f3nicos desechables en Alemania ofrece <strong data-start=\"2158\" data-end=\"2177\">alfakherwelt.de<\/strong> una amplia selecci\u00f3n de productos de alta calidad a precios atractivos. Aproveche nuestro r\u00e1pido env\u00edo, servicio al cliente excelente y ofertas exclusivas. Descubra la diversidad de los <strong data-start=\"2378\" data-end=\"2440\">Corona AI Fakher Crown Bar Hypermax 15000 caladas cigarrillo electr\u00f3nico desechable<\/strong> y experimente una experiencia de vapor inigualable.<\/p>\n<p class=\"\" data-start=\"2495\" data-end=\"2613\">Visite nuestro sitio web <a class=\"\" href=\"https:\/\/alfakherwelt.de\/es\/\" target=\"_new\" rel=\"noopener\" data-start=\"2523\" data-end=\"2565\">alfakherwelt.de<\/a> \u00a1y encuentre su nuevo e-cigarrillo favorito!<\/p>\n<h2 data-start=\"0\" data-end=\"135\"><img loading=\"lazy\" decoding=\"async\" class=\"alignnone wp-image-3093 size-full\" style=\"color: #555555; font-size: 14.4px;\" src=\"https:\/\/alfakherwelt.de\/wp-content\/uploads\/2025\/04\/AF-15K-HYPERMAX-2.webp\" alt=\"AI Fakher Crown Bar Hypermax 15000 Caladas Cigarrillo Electr\u00f3nico Desechable - Mango Fresco\" width=\"1058\" height=\"726\" title=\"\" srcset=\"https:\/\/alfakherwelt.de\/wp-content\/uploads\/2025\/04\/AF-15K-HYPERMAX-2.webp 1058w, https:\/\/alfakherwelt.de\/wp-content\/uploads\/2025\/04\/AF-15K-HYPERMAX-2-300x206.webp 300w, https:\/\/alfakherwelt.de\/wp-content\/uploads\/2025\/04\/AF-15K-HYPERMAX-2-1024x703.webp 1024w, https:\/\/alfakherwelt.de\/wp-content\/uploads\/2025\/04\/AF-15K-HYPERMAX-2-768x527.webp 768w, https:\/\/alfakherwelt.de\/wp-content\/uploads\/2025\/04\/AF-15K-HYPERMAX-2-18x12.webp 18w, https:\/\/alfakherwelt.de\/wp-content\/uploads\/2025\/04\/AF-15K-HYPERMAX-2-600x412.webp 600w\" sizes=\"auto, (max-width: 1058px) 100vw, 1058px\" \/><\/h2>\n<\/div>\n<\/div>\n<\/div>\n<\/div>\n<\/div>\n<\/div>\n<\/div>\n<\/div>\n<\/article>","protected":false},"excerpt":{"rendered":"<article class=\"text-token-text-primary w-full\" dir=\"auto\" data-testid=\"conversation-turn-4\" data-scroll-anchor=\"true\">\n<div class=\"text-base my-auto mx-auto py-5 [--thread-content-margin:--spacing(4)] @[37rem]:[--thread-content-margin:--spacing(6)] @[70rem]:[--thread-content-margin:--spacing(12)] px-(--thread-content-margin)\">\n<div class=\"[--thread-content-max-width:32rem] @[34rem]:[--thread-content-max-width:40rem] @[64rem]:[--thread-content-max-width:48rem] mx-auto flex max-w-(--thread-content-max-width) flex-1 text-base gap-4 md:gap-5 lg:gap-6 group\/turn-messages focus-visible:outline-hidden\" tabindex=\"-1\">\n<div class=\"group\/conversation-turn relative flex w-full min-w-0 flex-col agent-turn\">\n<div class=\"relative flex-col gap-1 md:gap-3\">\n<div class=\"flex max-w-full flex-col grow\">\n<div class=\"min-h-8 text-message relative flex w-full flex-col items-end gap-2 text-start break-words whitespace-normal [.text-message+&amp;]:mt-5\" dir=\"auto\" data-message-author-role=\"assistant\" data-message-id=\"cb22cdcf-c656-42d2-9545-aa8204c5b952\" data-message-model-slug=\"gpt-4o\">\n<div class=\"flex w-full flex-col gap-1 empty:hidden first:pt-[3px]\">\n<div class=\"markdown prose dark:prose-invert w-full break-words light\">\n<p class=\"\" data-start=\"0\" data-end=\"318\">La <strong data-start=\"4\" data-end=\"66\">Corona AI Fakher Crown Bar Hypermax 15000 caladas cigarrillo electr\u00f3nico desechable<\/strong> Ofrece con 22 ml de E-Liquid, bater\u00eda de 600 mAh, sabores intensos y hasta 15.000 caladas una experiencia de vapeo de primera clase y duradera para los conocedores.<\/p>\n<\/div>\n<\/div>\n<\/div>\n<\/div>\n<div class=\"flex justify-start\">\n<div class=\"touch:-me-2 touch:-ms-3.5 -ms-2.5 -me-1 flex items-center p-1 select-none -mt-1 duration-[1.5s] focus-within:transition-none hover:transition-none pointer-events-none [mask-image:linear-gradient(to_right,black_33%,transparent_66%)] [mask-position:100%_0%] [mask-size:300%_100%] motion-safe:transition-[mask-position] group-hover\/turn-messages:pointer-events-auto group-hover\/turn-messages:[mask-position:0_0] group-focus-within\/turn-messages:pointer-events-auto group-focus-within\/turn-messages:[mask-position:0_0] has-data-[state=open]:pointer-events-auto has-data-[state=open]:[mask-position:0_0]\"><\/div>\n<\/div>\n<div class=\"mt-3 w-full empty:hidden\">\n<div class=\"text-center\"><\/div>\n<\/div>\n<\/div>\n<div class=\"absolute\">\n<div class=\"flex items-center justify-center\"><\/div>\n<\/div>\n<\/div>\n<\/div>\n<\/div>\n<\/article>\n<div class=\"pointer-events-none h-px w-px\" aria-hidden=\"true\" data-edge=\"true\"><\/div>","protected":false},"featured_media":3111,"comment_status":"open","ping_status":"closed","template":"","meta":[],"product_brand":[],"product_cat":[122],"product_tag":[],"class_list":{"0":"post-3200","1":"product","2":"type-product","3":"status-publish","4":"has-post-thumbnail","6":"product_cat-al-fakher-crown-bar-hypermax-15000","8":"first","9":"instock","10":"sale","11":"shipping-taxable","12":"purchasable","13":"product-type-simple"},"jetpack_sharing_enabled":true,"_links":{"self":[{"href":"https:\/\/alfakherwelt.de\/es\/wp-json\/wp\/v2\/product\/3200","targetHints":{"allow":["GET"]}}],"collection":[{"href":"https:\/\/alfakherwelt.de\/es\/wp-json\/wp\/v2\/product"}],"about":[{"href":"https:\/\/alfakherwelt.de\/es\/wp-json\/wp\/v2\/types\/product"}],"replies":[{"embeddable":true,"href":"https:\/\/alfakherwelt.de\/es\/wp-json\/wp\/v2\/comments?post=3200"}],"wp:featuredmedia":[{"embeddable":true,"href":"https:\/\/alfakherwelt.de\/es\/wp-json\/wp\/v2\/media\/3111"}],"wp:attachment":[{"href":"https:\/\/alfakherwelt.de\/es\/wp-json\/wp\/v2\/media?parent=3200"}],"wp:term":[{"taxonomy":"product_brand","embeddable":true,"href":"https:\/\/alfakherwelt.de\/es\/wp-json\/wp\/v2\/product_brand?post=3200"},{"taxonomy":"product_cat","embeddable":true,"href":"https:\/\/alfakherwelt.de\/es\/wp-json\/wp\/v2\/product_cat?post=3200"},{"taxonomy":"product_tag","embeddable":true,"href":"https:\/\/alfakherwelt.de\/es\/wp-json\/wp\/v2\/product_tag?post=3200"}],"curies":[{"name":"wp","href":"https:\/\/api.w.org\/{rel}","templated":true}]}}