{"id":3107,"date":"2025-04-15T04:45:32","date_gmt":"2025-04-15T04:45:32","guid":{"rendered":"https:\/\/alfakherwelt.de\/?post_type=product&#038;p=3107"},"modified":"2025-04-15T04:48:05","modified_gmt":"2025-04-15T04:48:05","slug":"request-failed-with-status-code-664","status":"publish","type":"product","link":"https:\/\/alfakherwelt.de\/es\/producto\/request-failed-with-status-code-664\/","title":{"rendered":"AI Fakher Crown Bar Hypermax 15000 Z\u00fcge Einweg E Zigarette \u2013 Grape Mint \n\nbecomes \n\nAI Fakher Crown Bar Hypermax 15000 Z\u00fcge Disposable E-Cigarette \u2013 Grape Mint"},"content":{"rendered":"<div style=\"width: 848px;\" class=\"wp-video\"><video class=\"wp-video-shortcode\" id=\"video-3107-1\" width=\"848\" height=\"480\" preload=\"metadata\" controls=\"controls\"><source type=\"video\/mp4\" src=\"https:\/\/alfakherwelt.de\/wp-content\/uploads\/2025\/04\/AF-15K-HYPERMAX-.mp4?_=1\" \/><a href=\"https:\/\/alfakherwelt.de\/wp-content\/uploads\/2025\/04\/AF-15K-HYPERMAX-.mp4\">https:\/\/alfakherwelt.de\/wp-content\/uploads\/2025\/04\/AF-15K-HYPERMAX-.mp4<\/a><\/video><\/div>\n<article class=\"text-token-text-primary w-full\" dir=\"auto\" data-testid=\"conversation-turn-2\" data-scroll-anchor=\"true\">\n<div class=\"text-base my-auto mx-auto py-5 [--thread-content-margin:--spacing(4)] @[37rem]:[--thread-content-margin:--spacing(6)] @[70rem]:[--thread-content-margin:--spacing(12)] px-(--thread-content-margin)\">\n<div class=\"[--thread-content-max-width:32rem] @[34rem]:[--thread-content-max-width:40rem] @[64rem]:[--thread-content-max-width:48rem] mx-auto flex max-w-(--thread-content-max-width) flex-1 text-base gap-4 md:gap-5 lg:gap-6 group\/turn-messages focus-visible:outline-hidden\" tabindex=\"-1\">\n<div class=\"group\/conversation-turn relative flex w-full min-w-0 flex-col agent-turn\">\n<div class=\"relative flex-col gap-1 md:gap-3\">\n<div class=\"flex max-w-full flex-col grow\">\n<div class=\"min-h-8 text-message relative flex w-full flex-col items-end gap-2 text-start break-words whitespace-normal [.text-message+&amp;]:mt-5\" dir=\"auto\" data-message-author-role=\"assistant\" data-message-id=\"0d9d33d9-127c-476e-b035-47f96630634e\" data-message-model-slug=\"gpt-4o\">\n<div class=\"flex w-full flex-col gap-1 empty:hidden first:pt-[3px]\">\n<div class=\"markdown prose dark:prose-invert w-full break-words light\">\n<h2 data-start=\"0\" data-end=\"135\"><strong data-start=\"0\" data-end=\"135\"><a href=\"https:\/\/alfakherwelt.de\/es\/categoria-de-producto\/request-failed-with-status-code-660\/\">AI Fakher Crown Bar Hypermax 15000<\/a> Trenes de un solo uso E Zigarette - Su mejor opci\u00f3n para un placer duradero y un sabor aut\u00e9ntico<\/strong><\/h2>\n<h3 class=\"\" data-start=\"137\" data-end=\"160\">Descripci\u00f3n del producto<\/h3>\n<p class=\"\" data-start=\"162\" data-end=\"667\">La <strong data-start=\"166\" data-end=\"228\">AI Fakher Crown Bar Hypermax 15000 Caladas Cigarrillo Electr\u00f3nico Desechable<\/strong> Es una elecci\u00f3n perfecta para vapeadores exigentes que buscan una experiencia de vapeo de alta calidad, pr\u00e1ctica e intensa en t\u00e9rminos de sabor. Previamente llenada con 15 ml de l\u00edquido electr\u00f3nico de alta calidad, esta cigarrilla electr\u00f3nica desechable ofrece hasta 15.000 caladas - lo que le da la oportunidad de disfrutar del vapor intenso y fresco sin tener que preocuparse por rellenar o cambiar constantemente los cartuchos.<\/p>\n<p class=\"\" data-start=\"669\" data-end=\"934\">Gracias a la mec\u00e1nica activada por el usuario y f\u00e1cil de usar, la aplicaci\u00f3n es extremadamente c\u00f3moda. Tan pronto como tires del bocado, el vapor se libera inmediatamente. No hay bot\u00f3n, no hay espera - simplemente pura relajaci\u00f3n y placer desde la primera hasta la \u00faltima inhalaci\u00f3n.<\/p>\n<p class=\"\" data-start=\"936\" data-end=\"1396\">La <strong data-start=\"940\" data-end=\"978\">AI Fakher Crown Bar Hypermax 15000<\/strong> Sin embargo, no solo convencen por su larga vida \u00fatil y su f\u00e1cil manejo, sino tambi\u00e9n por su incre\u00edble variedad de sabores. Los aromas est\u00e1n dise\u00f1ados para imitar la experiencia aut\u00e9ntica de una shisha tradicional y ofrecen al vapeador una amplia selecci\u00f3n de sabores, desde afrutados hasta refrescantes, con un toque de menta o incluso un sabor a tabaco cl\u00e1sico.<\/p>\n<p class=\"\" data-start=\"1398\" data-end=\"1762\">Con una <strong data-start=\"1408\" data-end=\"1443\">Nikotinst\u00e4rke von 2% (20 mg\/ml)\n\n Respuesta: \n\n Fuerza de nicotina de 2% (20 mg\/ml)<\/strong> proporciona la <strong data-start=\"1456\" data-end=\"1479\">AI Fakher Crown Bar<\/strong> un efecto satisfactorio, adecuado tanto para reci\u00e9n llegados como para vapeadores experimentados. La <strong data-start=\"1586\" data-end=\"1622\">bater\u00eda recargable tipo C<\/strong> garantiza una larga vida \u00fatil del dispositivo, y eso <strong data-start=\"1676\" data-end=\"1709\">dise\u00f1o de agarre en cuero c\u00f3modo<\/strong> Hace que sostener el cigarrillo electr\u00f3nico sea especialmente agradable.<\/p>\n<p class=\"\" data-start=\"1764\" data-end=\"1856\"><strong data-start=\"1764\" data-end=\"1856\">Por qu\u00e9 deber\u00edas comprar el vape de un solo uso AI Fakher Crown Bar Hypermax 15000 caladas.<\/strong><\/p>\n<ul data-start=\"1857\" data-end=\"2629\">\n<li class=\"\" data-start=\"1857\" data-end=\"1946\">\n<p class=\"\" data-start=\"1859\" data-end=\"1946\">Reciben hasta 15.000 caladas por dispositivo -larga vida \u00fatil para disfrutar durante horas-.<\/p>\n<\/li>\n<li class=\"\" data-start=\"1947\" data-end=\"2026\">\n<p class=\"\" data-start=\"1949\" data-end=\"2026\">Prellenado con 15ml de l\u00edquido electr\u00f3nico de alta calidad, para que puedas empezar de inmediato.<\/p>\n<\/li>\n<li class=\"\" data-start=\"2027\" data-end=\"2103\">\n<p class=\"\" data-start=\"2029\" data-end=\"2103\">Dise\u00f1o robusto con empu\u00f1adura de cuero pr\u00e1ctica, ideal para uso m\u00f3vil.<\/p>\n<\/li>\n<li class=\"\" data-start=\"2104\" data-end=\"2220\">\n<p class=\"\" data-start=\"2106\" data-end=\"2220\"><strong data-start=\"2106\" data-end=\"2136\">Fuerza de nicotina de 20 mg\/ml<\/strong> \u2013 Perfecto para todos aquellos que desean un consumo de nicotina intenso pero equilibrado.<\/p>\n<\/li>\n<li class=\"\" data-start=\"2221\" data-end=\"2315\">\n<p class=\"\" data-start=\"2223\" data-end=\"2315\"><strong data-start=\"2223\" data-end=\"2248\">Sistema activado por tracci\u00f3n<\/strong> para una utilizaci\u00f3n sin esfuerzo sin botones ni ajustes complejos.<\/p>\n<\/li>\n<li class=\"\" data-start=\"2316\" data-end=\"2417\">\n<p class=\"\" data-start=\"2318\" data-end=\"2417\"><strong data-start=\"2318\" data-end=\"2341\">Ideal para unterwegs<\/strong> - Ligero y compacto para llevar en el bolsillo, perfecto para llevar mientras se viaja o de vacaciones.<\/p>\n<\/li>\n<li class=\"\" data-start=\"2418\" data-end=\"2629\">\n<p class=\"\" data-start=\"2420\" data-end=\"2629\">Auf <strong data-start=\"2424\" data-end=\"2443\">alfakherwelt.de<\/strong> Puede comprar la AI Fakher Crown Bar 15000 caladas y disfrutar de una experiencia de compra exclusiva. \u00a1Somos la mayor plataforma de venta de cigarrillos electr\u00f3nicos desechables en Alemania!<\/p>\n<\/li>\n<\/ul>\n<hr class=\"\" data-start=\"2631\" data-end=\"2634\" \/>\n<h3 class=\"\" data-start=\"2636\" data-end=\"2716\">Caracter\u00edsticas de la <strong data-start=\"2653\" data-end=\"2715\"><a href=\"https:\/\/alfakherwelt.de\/es\/categoria-de-producto\/request-failed-with-status-code-660\/\">AI Fakher Crown Bar Hypermax 15000<\/a> Trenes de un solo uso cigarrillo electr\u00f3nico<\/strong>:<\/h3>\n<ul data-start=\"2717\" data-end=\"3332\">\n<li class=\"\" data-start=\"2717\" data-end=\"2773\">\n<p class=\"\" data-start=\"2719\" data-end=\"2773\"><strong data-start=\"2719\" data-end=\"2741\">Capacidad de E-L\u00edquido<\/strong>: 15 ml (para hasta 15.000 caladas)<\/p>\n<\/li>\n<li class=\"\" data-start=\"2774\" data-end=\"2838\">\n<p class=\"\" data-start=\"2776\" data-end=\"2838\"><strong data-start=\"2776\" data-end=\"2797\">Capacidad de la bater\u00eda<\/strong>: 600 mAh para un uso prolongado<\/p>\n<\/li>\n<li class=\"\" data-start=\"2839\" data-end=\"2910\">\n<p class=\"\" data-start=\"2841\" data-end=\"2910\"><strong data-start=\"2841\" data-end=\"2852\">Pantalla<\/strong>: Indicador del estado de la bater\u00eda y del nivel de l\u00edquido<\/p>\n<\/li>\n<li class=\"\" data-start=\"2911\" data-end=\"2982\">\n<p class=\"\" data-start=\"2913\" data-end=\"2982\"><strong data-start=\"2913\" data-end=\"2937\">Dise\u00f1o ergon\u00f3mico<\/strong> con empu\u00f1adura de cuero para un manejo c\u00f3modo<\/p>\n<\/li>\n<li class=\"\" data-start=\"2983\" data-end=\"3058\">\n<p class=\"\" data-start=\"2985\" data-end=\"3058\"><strong data-start=\"2985\" data-end=\"3002\">Fortaleza de la nicotina<\/strong>: 2% (20 mg\/ml) Nicotina para una experiencia de vapeo intensa<\/p>\n<\/li>\n<li class=\"\" data-start=\"3059\" data-end=\"3127\">\n<p class=\"\" data-start=\"3061\" data-end=\"3127\"><strong data-start=\"3061\" data-end=\"3077\">Activado por tren<\/strong>: No se necesitan teclas - simplemente arrastrar y disfrutar<\/p>\n<\/li>\n<li class=\"\" data-start=\"3128\" data-end=\"3198\">\n<p class=\"\" data-start=\"3130\" data-end=\"3198\"><strong data-start=\"3130\" data-end=\"3140\">Carga<\/strong>: Conexi\u00f3n tipo C (el cable no est\u00e1 incluido)<\/p>\n<\/li>\n<li class=\"\" data-start=\"3199\" data-end=\"3259\">\n<p class=\"\" data-start=\"3201\" data-end=\"3259\"><strong data-start=\"3201\" data-end=\"3234\">Experiencia perfecta de vapeo DTL<\/strong> para el sabor completo<\/p>\n<\/li>\n<li class=\"\" data-start=\"3260\" data-end=\"3332\">\n<p class=\"\" data-start=\"3262\" data-end=\"3332\"><strong data-start=\"3262\" data-end=\"3281\">Recargable<\/strong> - para un placer duradero y m\u00e1s ecol\u00f3gico<img loading=\"lazy\" decoding=\"async\" class=\"alignnone wp-image-3093 size-full\" src=\"https:\/\/alfakherwelt.de\/wp-content\/uploads\/2025\/04\/AF-15K-HYPERMAX-2.webp\" alt=\"AI Fakher Crown Bar Hypermax 15000 Z\u00fcge Einweg E Zigarette - Uva Menta\" width=\"1058\" height=\"726\" title=\"\" srcset=\"https:\/\/alfakherwelt.de\/wp-content\/uploads\/2025\/04\/AF-15K-HYPERMAX-2.webp 1058w, https:\/\/alfakherwelt.de\/wp-content\/uploads\/2025\/04\/AF-15K-HYPERMAX-2-300x206.webp 300w, https:\/\/alfakherwelt.de\/wp-content\/uploads\/2025\/04\/AF-15K-HYPERMAX-2-1024x703.webp 1024w, https:\/\/alfakherwelt.de\/wp-content\/uploads\/2025\/04\/AF-15K-HYPERMAX-2-768x527.webp 768w, https:\/\/alfakherwelt.de\/wp-content\/uploads\/2025\/04\/AF-15K-HYPERMAX-2-18x12.webp 18w, https:\/\/alfakherwelt.de\/wp-content\/uploads\/2025\/04\/AF-15K-HYPERMAX-2-600x412.webp 600w\" sizes=\"auto, (max-width: 1058px) 100vw, 1058px\" \/><\/p>\n<\/li>\n<\/ul>\n<hr class=\"\" data-start=\"3334\" data-end=\"3337\" \/>\n<h3 class=\"\" data-start=\"3339\" data-end=\"3430\">Geschmacksrichtungen der <strong data-start=\"3368\" data-end=\"3430\"><a href=\"https:\/\/alfakherwelt.de\/es\/categoria-de-producto\/request-failed-with-status-code-660\/\">AI Fakher Crown Bar Hypermax 15000<\/a> Trenes de un solo uso cigarrillo electr\u00f3nico<\/strong><\/h3>\n<p class=\"\" data-start=\"3432\" data-end=\"3635\">La <strong data-start=\"3436\" data-end=\"3468\">AI Fakher Crown Bar Hypermax<\/strong> ofrece una variedad de sabores deliciosos que hacen que vapear sea una experiencia especial. Aqu\u00ed hay una descripci\u00f3n detallada de los sabores ofrecidos:<\/p>\n<p class=\"\" data-start=\"4444\" data-end=\"4802\"><strong data-start=\"4444\" data-end=\"4460\">Uva menta<\/strong> Las dulces uvas maduras se complementan perfectamente con el refrescante sabor a menta. Esta combinaci\u00f3n de frutas y refrescante es ideal para vapeadores que buscan un sabor afrutado con un toque refrescante. El toque fresco de menta hace que el vapor permanezca agradablemente en la boca, sin parecer demasiado dulce o demasiado intenso.<\/p>\n<hr class=\"\" data-start=\"5488\" data-end=\"5491\" \/>\n<h3 class=\"\" data-start=\"5493\" data-end=\"5567\">Preguntas frecuentes sobre la <strong data-start=\"5505\" data-end=\"5567\">AI Fakher Crown Bar Hypermax 15000 Caladas Cigarrillo Electr\u00f3nico Desechable<\/strong><\/h3>\n<p class=\"\" data-start=\"5569\" data-end=\"5864\"><strong data-start=\"5569\" data-end=\"5654\">1. \u00bfCu\u00e1nto tiempo dura la AI Fakher Crown Bar Hypermax 15000 caladas cigarrillo electr\u00f3nico desechable?<\/strong> Con una capacidad de 15 ml de l\u00edquido electr\u00f3nico ofrece la <strong data-start=\"5708\" data-end=\"5740\">AI Fakher Crown Bar Hypermax<\/strong> Hasta 15.000 cigarrillos. Esto suele ser suficiente para varios d\u00edas o semanas, dependiendo de la frecuencia con la que uses el cigarrillo electr\u00f3nico.<\/p>\n<p class=\"\" data-start=\"5866\" data-end=\"6118\"><strong data-start=\"5866\" data-end=\"5961\">2. \u00bfCu\u00e1l es la fuerza de la nicotina de la AI Fakher Crown Bar Hypermax 15000 caladas cigarrillo electr\u00f3nico desechable?<\/strong> La <strong data-start=\"5969\" data-end=\"6001\">AI Fakher Crown Bar Hypermax<\/strong> contiene una fuerza de nicotina de 2% (20 mg\/ml), lo que proporciona un consumo de nicotina intenso pero agradablemente equilibrado.<\/p>\n<p class=\"\" data-start=\"6120\" data-end=\"6351\"><strong data-start=\"6120\" data-end=\"6190\">3. \u00bfPuede recargarse la AI Fakher Crown Bar Hypermax?<\/strong> S\u00ed, el cigarrillo electr\u00f3nico est\u00e1 equipado con una conexi\u00f3n Type-C, para que pueda cargar el dispositivo cuando sea necesario (cable de carga no incluido).<\/p>\n<p class=\"\" data-start=\"6353\" data-end=\"6600\"><strong data-start=\"6353\" data-end=\"6444\">4. \u00bfPuedo comprar la AI Fakher Crown Bar Hypermax 15000 caladas en alfakherwelt.de?<\/strong> S\u00ed, en nuestro sitio web <strong data-start=\"6472\" data-end=\"6491\">alfakherwelt.de<\/strong> Puede comprar la AI Fakher Crown Bar Hypermax 15000 y beneficiarse de una entrega r\u00e1pida.<\/p>\n<p class=\"\" data-start=\"6602\" data-end=\"6894\"><strong data-start=\"6602\" data-end=\"6698\">\u00bfEs adecuada la AI Fakher Crown Bar Hypermax 15000 cigarrillo electr\u00f3nico desechable para principiantes?<\/strong> Absolutamente! La <strong data-start=\"6715\" data-end=\"6747\">AI Fakher Crown Bar Hypermax<\/strong> Es ideal para principiantes debido a su sistema simple activado por tiro. No tienen que pulsar ning\u00fan bot\u00f3n, pueden empezar de inmediato.<\/p>\n<hr class=\"\" data-start=\"6896\" data-end=\"6899\" \/>\n<p class=\"\" data-start=\"6901\" data-end=\"7182\">Aprovecha la ventaja y compra tus <strong data-start=\"6944\" data-end=\"7006\">AI Fakher Crown Bar Hypermax 15000 Caladas Cigarrillo Electr\u00f3nico Desechable<\/strong> auf<a href=\"https:\/\/alfakherwelt.de\/es\/\"> <strong data-start=\"7011\" data-end=\"7030\">alfakherwelt.de<\/strong><\/a>, la mayor plataforma para cigarrillos electr\u00f3nicos desechables en Alemania. Disfruta de experiencias de vapeo duraderas y deliciosas - c\u00f3modas y disponibles en cualquier momento.<\/p>\n<\/div>\n<\/div>\n<\/div>\n<\/div>\n<\/div>\n<\/div>\n<\/div>\n<\/div>\n<\/article>","protected":false},"excerpt":{"rendered":"<article class=\"text-token-text-primary w-full\" dir=\"auto\" data-testid=\"conversation-turn-4\" data-scroll-anchor=\"true\">\n<div class=\"text-base my-auto mx-auto py-5 [--thread-content-margin:--spacing(4)] @[37rem]:[--thread-content-margin:--spacing(6)] @[70rem]:[--thread-content-margin:--spacing(12)] px-(--thread-content-margin)\">\n<div class=\"[--thread-content-max-width:32rem] @[34rem]:[--thread-content-max-width:40rem] @[64rem]:[--thread-content-max-width:48rem] mx-auto flex max-w-(--thread-content-max-width) flex-1 text-base gap-4 md:gap-5 lg:gap-6 group\/turn-messages focus-visible:outline-hidden\" tabindex=\"-1\">\n<div class=\"group\/conversation-turn relative flex w-full min-w-0 flex-col agent-turn\">\n<div class=\"relative flex-col gap-1 md:gap-3\">\n<div class=\"flex max-w-full flex-col grow\">\n<div class=\"min-h-8 text-message relative flex w-full flex-col items-end gap-2 text-start break-words whitespace-normal [.text-message+&amp;]:mt-5\" dir=\"auto\" data-message-author-role=\"assistant\" data-message-id=\"cb22cdcf-c656-42d2-9545-aa8204c5b952\" data-message-model-slug=\"gpt-4o\">\n<div class=\"flex w-full flex-col gap-1 empty:hidden first:pt-[3px]\">\n<div class=\"markdown prose dark:prose-invert w-full break-words light\">\n<p class=\"\" data-start=\"0\" data-end=\"318\">La <strong data-start=\"4\" data-end=\"66\">AI Fakher Crown Bar Hypermax 15000 Caladas Cigarrillo Electr\u00f3nico Desechable<\/strong> ofrece con 15 ml de E-Liquid y una fuerza de nicotina de 20 mg\/ml hasta 15.000 caladas de placer intenso, acompa\u00f1ado de sabores aut\u00e9nticos como Uva Menta, Ar\u00e1ndano y Dos Manzanas, y convence por una operaci\u00f3n activada por la calada, un manejo c\u00f3modo y una larga durabilidad.<\/p>\n<\/div>\n<\/div>\n<\/div>\n<\/div>\n<div class=\"flex justify-start\">\n<div class=\"touch:-me-2 touch:-ms-3.5 -ms-2.5 -me-1 flex items-center p-1 select-none -mt-1 duration-[1.5s] focus-within:transition-none hover:transition-none pointer-events-none [mask-image:linear-gradient(to_right,black_33%,transparent_66%)] [mask-position:100%_0%] [mask-size:300%_100%] motion-safe:transition-[mask-position] group-hover\/turn-messages:pointer-events-auto group-hover\/turn-messages:[mask-position:0_0] group-focus-within\/turn-messages:pointer-events-auto group-focus-within\/turn-messages:[mask-position:0_0] has-data-[state=open]:pointer-events-auto has-data-[state=open]:[mask-position:0_0]\"><\/div>\n<\/div>\n<div class=\"mt-3 w-full empty:hidden\">\n<div class=\"text-center\"><\/div>\n<\/div>\n<\/div>\n<div class=\"absolute\">\n<div class=\"flex items-center justify-center\"><\/div>\n<\/div>\n<\/div>\n<\/div>\n<\/div>\n<\/article>\n<div class=\"pointer-events-none h-px w-px\" aria-hidden=\"true\" data-edge=\"true\"><\/div>","protected":false},"featured_media":3111,"comment_status":"open","ping_status":"closed","template":"","meta":[],"product_brand":[],"product_cat":[122],"product_tag":[],"class_list":{"0":"post-3107","1":"product","2":"type-product","3":"status-publish","4":"has-post-thumbnail","6":"product_cat-al-fakher-crown-bar-hypermax-15000","8":"first","9":"instock","10":"sale","11":"shipping-taxable","12":"purchasable","13":"product-type-simple"},"jetpack_sharing_enabled":true,"_links":{"self":[{"href":"https:\/\/alfakherwelt.de\/es\/wp-json\/wp\/v2\/product\/3107","targetHints":{"allow":["GET"]}}],"collection":[{"href":"https:\/\/alfakherwelt.de\/es\/wp-json\/wp\/v2\/product"}],"about":[{"href":"https:\/\/alfakherwelt.de\/es\/wp-json\/wp\/v2\/types\/product"}],"replies":[{"embeddable":true,"href":"https:\/\/alfakherwelt.de\/es\/wp-json\/wp\/v2\/comments?post=3107"}],"wp:featuredmedia":[{"embeddable":true,"href":"https:\/\/alfakherwelt.de\/es\/wp-json\/wp\/v2\/media\/3111"}],"wp:attachment":[{"href":"https:\/\/alfakherwelt.de\/es\/wp-json\/wp\/v2\/media?parent=3107"}],"wp:term":[{"taxonomy":"product_brand","embeddable":true,"href":"https:\/\/alfakherwelt.de\/es\/wp-json\/wp\/v2\/product_brand?post=3107"},{"taxonomy":"product_cat","embeddable":true,"href":"https:\/\/alfakherwelt.de\/es\/wp-json\/wp\/v2\/product_cat?post=3107"},{"taxonomy":"product_tag","embeddable":true,"href":"https:\/\/alfakherwelt.de\/es\/wp-json\/wp\/v2\/product_tag?post=3107"}],"curies":[{"name":"wp","href":"https:\/\/api.w.org\/{rel}","templated":true}]}}