{"id":3096,"date":"2025-04-14T23:50:42","date_gmt":"2025-04-14T23:50:42","guid":{"rendered":"https:\/\/alfakherwelt.de\/?post_type=product&#038;p=3096"},"modified":"2025-04-14T23:52:29","modified_gmt":"2025-04-14T23:52:29","slug":"request-failed-with-status-code-657","status":"publish","type":"product","link":"https:\/\/alfakherwelt.de\/es\/producto\/request-failed-with-status-code-657\/","title":{"rendered":"AI Fakher Crown Bar Hypermax 15000 Z\u00fcge Einweg E Zigarette \u2013 Lim\u00f3n Lima"},"content":{"rendered":"<div style=\"width: 848px;\" class=\"wp-video\"><video class=\"wp-video-shortcode\" id=\"video-3096-1\" width=\"848\" height=\"480\" preload=\"metadata\" controls=\"controls\"><source type=\"video\/mp4\" src=\"https:\/\/alfakherwelt.de\/wp-content\/uploads\/2025\/04\/AF-15K-HYPERMAX-.mp4?_=1\" \/><a href=\"https:\/\/alfakherwelt.de\/wp-content\/uploads\/2025\/04\/AF-15K-HYPERMAX-.mp4\">https:\/\/alfakherwelt.de\/wp-content\/uploads\/2025\/04\/AF-15K-HYPERMAX-.mp4<\/a><\/video><\/div>\n<h2 data-start=\"0\" data-end=\"110\"><strong data-start=\"0\" data-end=\"110\"><a href=\"https:\/\/alfakherwelt.de\/es\/categoria-de-producto\/request-failed-with-status-code-660\/\">AI Fakher Crown Bar Hypermax 15000<\/a> Trenzas Desechables E Cigarrillo: Su elecci\u00f3n perfecta para un vapeo inolvidable<\/strong><\/h2>\n<h3 data-start=\"112\" data-end=\"136\"><strong data-start=\"112\" data-end=\"136\">Descripci\u00f3n del producto:<\/strong><\/h3>\n<p class=\"\" data-start=\"138\" data-end=\"721\">La <strong data-start=\"142\" data-end=\"204\">AI Fakher Crown Bar Hypermax 15000 Caladas Cigarrillo Electr\u00f3nico Desechable<\/strong> ofrece una experiencia de vapeo incomparable con un alcance excepcional y una variedad de sabores deliciosos. Prellenado con 15 ml de e-l\u00edquido y equipado con una bater\u00eda potente que puede hasta <strong data-start=\"430\" data-end=\"445\">15.000 trenes<\/strong> Permite, este cigarrillo electr\u00f3nico desechable es una excelente opci\u00f3n para aquellos que buscan una experiencia de vapeo duradera y pr\u00e1ctica. Es la soluci\u00f3n ideal para disfrutar r\u00e1pidamente sin el esfuerzo de recargar o configuraciones complicadas.<\/p>\n<p class=\"\" data-start=\"723\" data-end=\"1280\">Ya sea que sea un vapeador experimentado o que est\u00e9 empezando, <strong data-start=\"793\" data-end=\"820\">AI Fakher Crown Bar 15K<\/strong> superar\u00e1 sus expectativas. Gracias al <strong data-start=\"865\" data-end=\"919\">experiencia de vapeo DTL de alta calidad (Directo a Pulm\u00f3n)<\/strong> y el <strong data-start=\"928\" data-end=\"948\">2% Nikotinst\u00e4rke \nbecomes \n2% Fortaleza de nicotina<\/strong> Disfrute de un sabor intenso y de la ingesta de nicotina deseada, perfectamente adaptados a las necesidades de los vapeadores modernos. Adem\u00e1s, se ha <strong data-start=\"1110\" data-end=\"1132\">Crown Bar Hypermax<\/strong> dise\u00f1ado para que pueda disfrutar en todo momento de una experiencia suave y placentera, desde la primera hasta la \u00faltima bocanada de vapor.<\/p>\n<p class=\"\" data-start=\"1282\" data-end=\"1715\">Otro punto destacado de este producto es el dise\u00f1o atractivo, que se combina con una <strong data-start=\"1364\" data-end=\"1396\">superficie de cuero c\u00f3moda<\/strong> est\u00e1 equipado con una empu\u00f1adura que proporciona un agarre c\u00f3modo y al mismo tiempo aumenta la durabilidad del dispositivo. Para aumentar a\u00fan m\u00e1s la comodidad, la <strong data-start=\"1552\" data-end=\"1584\">AI Fakher Crown Bar Hypermax<\/strong> con uno <strong data-start=\"1595\" data-end=\"1619\">Conector de carga tipo C<\/strong> de modo que pueda cargar el dispositivo de forma r\u00e1pida y c\u00f3moda (cable de carga no incluido).<\/p>\n<p class=\"\" data-start=\"1717\" data-end=\"2238\">Adem\u00e1s de la larga vida \u00fatil y el manejo c\u00f3modo, ofrece el <strong data-start=\"1789\" data-end=\"1816\">AI Fakher Crown Bar 15K<\/strong> tambi\u00e9n una <strong data-start=\"1827\" data-end=\"1844\">visualizaci\u00f3n clara<\/strong>, que le muestra el nivel de l\u00edquido y el estado de la bater\u00eda en todo momento, para que siempre est\u00e9 preparado. Si est\u00e1 buscando un vape de un solo uso fiable y potente, entonces este cigarrillo electr\u00f3nico es la elecci\u00f3n perfecta. No solo ofrece un rendimiento sobresaliente, sino tambi\u00e9n una variedad de sabores aut\u00e9nticos que hacen que vapear sea un verdadero placer.<\/p>\n<p class=\"\" data-start=\"2240\" data-end=\"2519\">Si usted la <strong data-start=\"2253\" data-end=\"2306\">AI Fakher Crown Bar 15000 caladas cigarrillo electr\u00f3nico desechable<\/strong> desean comprar, entonces visite <strong data-start=\"2341\" data-end=\"2360\">alfakherwelt.de<\/strong>, la mayor plataforma para cigarrillos electr\u00f3nicos desechables en Alemania. Aqu\u00ed encontrar\u00e1 la selecci\u00f3n m\u00e1s completa para llevar su placer de vapeo al siguiente nivel.<\/p>\n<hr class=\"\" data-start=\"2521\" data-end=\"2524\" \/>\n<h3 data-start=\"2526\" data-end=\"2602\"><strong data-start=\"2526\" data-end=\"2602\">Caracter\u00edsticas de la <a href=\"https:\/\/alfakherwelt.de\/es\/categoria-de-producto\/request-failed-with-status-code-660\/\">AI Fakher Crown Bar Hypermax 15000<\/a> Cigarrillos electr\u00f3nicos de un solo uso:<\/strong><\/h3>\n<ul data-start=\"2604\" data-end=\"3176\">\n<li class=\"\" data-start=\"2604\" data-end=\"2660\">\n<p class=\"\" data-start=\"2606\" data-end=\"2660\"><strong data-start=\"2606\" data-end=\"2628\">Capacidad de l\u00edquido electr\u00f3nico<\/strong>: 22 ml para un uso prolongado<\/p>\n<\/li>\n<li class=\"\" data-start=\"2661\" data-end=\"2716\">\n<p class=\"\" data-start=\"2663\" data-end=\"2716\"><strong data-start=\"2663\" data-end=\"2684\">Capacidad de la bater\u00eda<\/strong>: 600 mAh para hasta 15.000 tiradas<\/p>\n<\/li>\n<li class=\"\" data-start=\"2717\" data-end=\"2822\">\n<p class=\"\" data-start=\"2719\" data-end=\"2822\"><strong data-start=\"2719\" data-end=\"2762\">Pantalla para indicaci\u00f3n de l\u00edquido y bater\u00eda<\/strong>: Siempre saber cu\u00e1ndo rellenar o recargar<\/p>\n<\/li>\n<li class=\"\" data-start=\"2823\" data-end=\"2891\">\n<p class=\"\" data-start=\"2825\" data-end=\"2891\"><strong data-start=\"2825\" data-end=\"2857\">DTL (Directo a Pulm\u00f3n) Vaporizaci\u00f3n<\/strong>Para una experiencia de vapor intensa<\/p>\n<\/li>\n<li class=\"\" data-start=\"2892\" data-end=\"2961\">\n<p class=\"\" data-start=\"2894\" data-end=\"2961\"><strong data-start=\"2894\" data-end=\"2925\">Superficie de cuero c\u00f3moda<\/strong>Para un agarre firme y c\u00f3modo<\/p>\n<\/li>\n<li class=\"\" data-start=\"2962\" data-end=\"3026\">\n<p class=\"\" data-start=\"2964\" data-end=\"3026\"><strong data-start=\"2964\" data-end=\"2982\">Fortaleza de la nicotina<\/strong>: 2% (20 mg\/ml) Nicotina para la dosis ideal<\/p>\n<\/li>\n<li class=\"\" data-start=\"3027\" data-end=\"3097\">\n<p class=\"\" data-start=\"3029\" data-end=\"3097\"><strong data-start=\"3029\" data-end=\"3045\">Carga tipo C<\/strong>Carga r\u00e1pida, sin el problema de los cables USB-C<\/p>\n<\/li>\n<li class=\"\" data-start=\"3098\" data-end=\"3176\">\n<p class=\"\" data-start=\"3100\" data-end=\"3176\"><strong data-start=\"3100\" data-end=\"3114\">Envoltura<\/strong>: 1 x AI Fakher Crown Bar 15000 Disposable E-Cigarette por paquete<\/p>\n<\/li>\n<\/ul>\n<hr class=\"\" data-start=\"3178\" data-end=\"3181\" \/>\n<h3 data-start=\"3183\" data-end=\"3268\"><strong data-start=\"3183\" data-end=\"3268\">Los mejores sabores de la AI Fakher Crown Bar Hypermax 15000 caladas cigarrillo electr\u00f3nico desechable:<\/strong><\/h3>\n<p class=\"\" data-start=\"4162\" data-end=\"4599\"><strong data-start=\"4162\" data-end=\"4179\">\u00a0Limon y lima<\/strong> Para aquellos que lo prefieren \u00e1cido y refrescante, es <strong data-start=\"4247\" data-end=\"4261\">Limon y lima<\/strong> La elecci\u00f3n perfecta. Una combinaci\u00f3n fresca y c\u00edtrica de lim\u00f3n picante y lima refrescante garantiza una experiencia de vapeo revitalizante y vibrante. La acidez crujiente y natural de estas frutas c\u00edtricas te brindar\u00e1 una frescura inmediata que durar\u00e1 todo el d\u00eda. Ideal para el verano o como un est\u00edmulo para tomar en cualquier momento.<\/p>\n<p data-start=\"5062\" data-end=\"5513\"><img loading=\"lazy\" decoding=\"async\" class=\"alignnone wp-image-3093 size-full\" src=\"https:\/\/alfakherwelt.de\/wp-content\/uploads\/2025\/04\/AF-15K-HYPERMAX-2.webp\" alt=\"AI Fakher Crown Bar Hypermax 15000 Caladas Cigarrillo Electr\u00f3nico Desechable - Lim\u00f3n Lima\" width=\"1058\" height=\"726\" title=\"\" srcset=\"https:\/\/alfakherwelt.de\/wp-content\/uploads\/2025\/04\/AF-15K-HYPERMAX-2.webp 1058w, https:\/\/alfakherwelt.de\/wp-content\/uploads\/2025\/04\/AF-15K-HYPERMAX-2-300x206.webp 300w, https:\/\/alfakherwelt.de\/wp-content\/uploads\/2025\/04\/AF-15K-HYPERMAX-2-1024x703.webp 1024w, https:\/\/alfakherwelt.de\/wp-content\/uploads\/2025\/04\/AF-15K-HYPERMAX-2-768x527.webp 768w, https:\/\/alfakherwelt.de\/wp-content\/uploads\/2025\/04\/AF-15K-HYPERMAX-2-18x12.webp 18w, https:\/\/alfakherwelt.de\/wp-content\/uploads\/2025\/04\/AF-15K-HYPERMAX-2-600x412.webp 600w\" sizes=\"auto, (max-width: 1058px) 100vw, 1058px\" \/><\/p>\n<hr class=\"\" data-start=\"5515\" data-end=\"5518\" \/>\n<h3 data-start=\"5520\" data-end=\"5603\"><strong data-start=\"5520\" data-end=\"5603\">Por qu\u00e9 deber\u00eda usted la<a href=\"https:\/\/alfakherwelt.de\/es\/categoria-de-producto\/request-failed-with-status-code-660\/\"> AI Fakher Crown Bar 15000 Z\u00fcge \n\nbecomes \n\nAI Fakher Crown Bar 15000 tiradas<\/a> Comprar cigarrillo electr\u00f3nico desechable?<\/strong><\/h3>\n<ul data-start=\"5605\" data-end=\"6563\">\n<li class=\"\" data-start=\"5605\" data-end=\"5769\">\n<p class=\"\" data-start=\"5607\" data-end=\"5769\"><strong data-start=\"5607\" data-end=\"5631\">Uso a largo plazo<\/strong>: Con una capacidad de 15 ml de l\u00edquido electr\u00f3nico y hasta 15.000 bocanegra no debe preocuparse de que el dispositivo se vac\u00ede demasiado r\u00e1pido.<\/p>\n<\/li>\n<li class=\"\" data-start=\"5770\" data-end=\"5990\">\n<p class=\"\" data-start=\"5772\" data-end=\"5990\"><strong data-start=\"5772\" data-end=\"5794\">Sabores vers\u00e1tiles<\/strong>Una amplia gama de sabores, perfectamente adaptada al gusto individual. Ya sea que prefiera sabores frutales, refrescantes o cl\u00e1sicos de tabaco, hay algo para todos.<\/p>\n<\/li>\n<li class=\"\" data-start=\"5991\" data-end=\"6128\">\n<p class=\"\" data-start=\"5993\" data-end=\"6128\"><strong data-start=\"5993\" data-end=\"6015\">Manejo c\u00f3modo<\/strong>F\u00e1cil de usar y perfecto para llevar. No es necesario rellenar o recargar hasta que el dispositivo se acabe.<\/p>\n<\/li>\n<li class=\"\" data-start=\"6129\" data-end=\"6369\">\n<p class=\"\" data-start=\"6131\" data-end=\"6369\"><strong data-start=\"6131\" data-end=\"6158\">Fabricaci\u00f3n de alta calidad<\/strong>: La <strong data-start=\"6164\" data-end=\"6187\">AI Fakher Crown Bar<\/strong> Es un producto de alta gama con un acabado de alta calidad y un dise\u00f1o elegante. El mango de cuero c\u00f3modo garantiza un manejo c\u00f3modo, incluso durante largas sesiones de vapor.<\/p>\n<\/li>\n<li class=\"\" data-start=\"6370\" data-end=\"6563\">\n<p class=\"\" data-start=\"6372\" data-end=\"6563\"><strong data-start=\"6372\" data-end=\"6405\">Disponible en alfakherwelt.de<\/strong>: Compre c\u00f3modamente en la mayor plataforma en l\u00ednea para cigarrillos electr\u00f3nicos desechables en Alemania. Aqu\u00ed encontrar\u00e1 la mejor selecci\u00f3n y las ofertas m\u00e1s actuales.<\/p>\n<\/li>\n<\/ul>\n<hr class=\"\" data-start=\"6565\" data-end=\"6568\" \/>\n<p class=\"\" data-start=\"6570\" data-end=\"6840\">Visite <a href=\"https:\/\/alfakherwelt.de\/es\/\"><strong data-start=\"6583\" data-end=\"6602\">alfakherwelt.de<\/strong> <\/a>para las mejores ofertas y una amplia selecci\u00f3n de <strong data-start=\"6660\" data-end=\"6683\">Cigarrillos electr\u00f3nicos desechables<\/strong>! Obtenga sus <strong data-start=\"6705\" data-end=\"6767\">AI Fakher Crown Bar Hypermax 15000 Caladas Cigarrillo Electr\u00f3nico Desechable<\/strong> todav\u00eda hoy y experimente la experiencia de vapor definitiva en Alemania.<\/p>","protected":false},"excerpt":{"rendered":"<article class=\"text-token-text-primary w-full\" dir=\"auto\" data-testid=\"conversation-turn-4\" data-scroll-anchor=\"true\">\n<div class=\"text-base my-auto mx-auto py-5 [--thread-content-margin:--spacing(4)] @[37rem]:[--thread-content-margin:--spacing(6)] @[70rem]:[--thread-content-margin:--spacing(12)] px-(--thread-content-margin)\">\n<div class=\"[--thread-content-max-width:32rem] @[34rem]:[--thread-content-max-width:40rem] @[64rem]:[--thread-content-max-width:48rem] mx-auto flex max-w-(--thread-content-max-width) flex-1 text-base gap-4 md:gap-5 lg:gap-6 group\/turn-messages focus-visible:outline-hidden\" tabindex=\"-1\">\n<div class=\"group\/conversation-turn relative flex w-full min-w-0 flex-col agent-turn\">\n<div class=\"relative flex-col gap-1 md:gap-3\">\n<div class=\"flex max-w-full flex-col grow\">\n<div class=\"min-h-8 text-message relative flex w-full flex-col items-end gap-2 text-start break-words whitespace-normal [.text-message+&amp;]:mt-5\" dir=\"auto\" data-message-author-role=\"assistant\" data-message-id=\"cb22cdcf-c656-42d2-9545-aa8204c5b952\" data-message-model-slug=\"gpt-4o\">\n<div class=\"flex w-full flex-col gap-1 empty:hidden first:pt-[3px]\">\n<div class=\"markdown prose dark:prose-invert w-full break-words light\">\n<p class=\"\" data-start=\"0\" data-end=\"318\">La <strong data-start=\"4\" data-end=\"66\">AI Fakher Crown Bar Hypermax 15000 Caladas Cigarrillo Electr\u00f3nico Desechable<\/strong> Ofrece con 15 ml de l\u00edquido electr\u00f3nico prellenado y una potente bater\u00eda de 600mAh hasta 15.000 caladas, manejo c\u00f3modo, una amplia selecci\u00f3n de sabores aut\u00e9nticos y una aplicaci\u00f3n sencilla para una experiencia de vapeo duradera y refrescante.<\/p>\n<\/div>\n<\/div>\n<\/div>\n<\/div>\n<div class=\"flex justify-start\">\n<div class=\"touch:-me-2 touch:-ms-3.5 -ms-2.5 -me-1 flex items-center p-1 select-none -mt-1 duration-[1.5s] focus-within:transition-none hover:transition-none pointer-events-none [mask-image:linear-gradient(to_right,black_33%,transparent_66%)] [mask-position:100%_0%] [mask-size:300%_100%] motion-safe:transition-[mask-position] group-hover\/turn-messages:pointer-events-auto group-hover\/turn-messages:[mask-position:0_0] group-focus-within\/turn-messages:pointer-events-auto group-focus-within\/turn-messages:[mask-position:0_0] has-data-[state=open]:pointer-events-auto has-data-[state=open]:[mask-position:0_0]\"><\/div>\n<\/div>\n<div class=\"mt-3 w-full empty:hidden\">\n<div class=\"text-center\"><\/div>\n<\/div>\n<\/div>\n<div class=\"absolute\">\n<div class=\"flex items-center justify-center\"><\/div>\n<\/div>\n<\/div>\n<\/div>\n<\/div>\n<\/article>\n<div class=\"pointer-events-none h-px w-px\" aria-hidden=\"true\" data-edge=\"true\"><\/div>","protected":false},"featured_media":3100,"comment_status":"open","ping_status":"closed","template":"","meta":[],"product_brand":[],"product_cat":[122],"product_tag":[],"class_list":{"0":"post-3096","1":"product","2":"type-product","3":"status-publish","4":"has-post-thumbnail","6":"product_cat-al-fakher-crown-bar-hypermax-15000","8":"first","9":"instock","10":"sale","11":"shipping-taxable","12":"purchasable","13":"product-type-simple"},"jetpack_sharing_enabled":true,"_links":{"self":[{"href":"https:\/\/alfakherwelt.de\/es\/wp-json\/wp\/v2\/product\/3096","targetHints":{"allow":["GET"]}}],"collection":[{"href":"https:\/\/alfakherwelt.de\/es\/wp-json\/wp\/v2\/product"}],"about":[{"href":"https:\/\/alfakherwelt.de\/es\/wp-json\/wp\/v2\/types\/product"}],"replies":[{"embeddable":true,"href":"https:\/\/alfakherwelt.de\/es\/wp-json\/wp\/v2\/comments?post=3096"}],"wp:featuredmedia":[{"embeddable":true,"href":"https:\/\/alfakherwelt.de\/es\/wp-json\/wp\/v2\/media\/3100"}],"wp:attachment":[{"href":"https:\/\/alfakherwelt.de\/es\/wp-json\/wp\/v2\/media?parent=3096"}],"wp:term":[{"taxonomy":"product_brand","embeddable":true,"href":"https:\/\/alfakherwelt.de\/es\/wp-json\/wp\/v2\/product_brand?post=3096"},{"taxonomy":"product_cat","embeddable":true,"href":"https:\/\/alfakherwelt.de\/es\/wp-json\/wp\/v2\/product_cat?post=3096"},{"taxonomy":"product_tag","embeddable":true,"href":"https:\/\/alfakherwelt.de\/es\/wp-json\/wp\/v2\/product_tag?post=3096"}],"curies":[{"name":"wp","href":"https:\/\/api.w.org\/{rel}","templated":true}]}}