{"id":3022,"date":"2025-04-10T03:03:53","date_gmt":"2025-04-10T03:03:53","guid":{"rendered":"https:\/\/alfakherwelt.de\/?post_type=product&#038;p=3022"},"modified":"2025-05-12T07:48:45","modified_gmt":"2025-05-12T07:48:45","slug":"request-failed-with-status-code-638","status":"publish","type":"product","link":"https:\/\/alfakherwelt.de\/es\/producto\/request-failed-with-status-code-638\/","title":{"rendered":"Vozol gear 10000 Z\u00fcge Einweg E Zigarette \u2013 Melocot\u00f3n mango sand\u00eda"},"content":{"rendered":"<p><img loading=\"lazy\" decoding=\"async\" class=\"alignnone wp-image-3014 size-full\" src=\"https:\/\/alfakherwelt.de\/wp-content\/uploads\/2025\/04\/vozol-gear-10000-web-scaled.webp\" alt=\"Vozol gear 10000 Z\u00fcge Einweg E Zigarette - Melocot\u00f3n mango sand\u00eda\" width=\"458\" height=\"2560\" title=\"\" srcset=\"https:\/\/alfakherwelt.de\/wp-content\/uploads\/2025\/04\/vozol-gear-10000-web-scaled.webp 458w, https:\/\/alfakherwelt.de\/wp-content\/uploads\/2025\/04\/vozol-gear-10000-web-183x1024.webp 183w, https:\/\/alfakherwelt.de\/wp-content\/uploads\/2025\/04\/vozol-gear-10000-web-768x4295.webp 768w, https:\/\/alfakherwelt.de\/wp-content\/uploads\/2025\/04\/vozol-gear-10000-web-275x1536.webp 275w, https:\/\/alfakherwelt.de\/wp-content\/uploads\/2025\/04\/vozol-gear-10000-web-2x12.webp 2w\" sizes=\"auto, (max-width: 458px) 100vw, 458px\" \/><\/p>\n<h2 data-start=\"0\" data-end=\"88\"><\/h2>\n<h2 data-start=\"0\" data-end=\"88\"><span class=\"relative -mx-px my-[-0.2rem] rounded px-px py-[0.2rem] transition-colors duration-100 ease-in-out\"><strong data-start=\"0\" data-end=\"44\" data-is-last-node=\"\" data-is-only-node=\"\"><a href=\"https:\/\/alfakherwelt.de\/es\/categoria-de-producto\/request-failed-with-status-code-635\/\">Vozol Gear 10000 Z\u00fcge \n\n(No translation needed)<\/a> Cigarrillo electr\u00f3nico desechable<\/strong><\/span>\u200b<\/h2>\n<h3 data-start=\"90\" data-end=\"112\">Descripci\u00f3n del producto<\/h3>\n<p class=\"\" data-start=\"114\" data-end=\"271\"><span class=\"relative -mx-px my-[-0.2rem] rounded px-px py-[0.2rem] transition-colors duration-100 ease-in-out\">La <strong data-start=\"4\" data-end=\"48\">Vozol Gear 10000 Z\u00fcge Einweg E-Zigarette \n\nbecomes \n\nVozol Gear 10000 Caladas E-Cigarrillo Desechable<\/strong> redefine la experiencia del vapor y combina la tecnolog\u00eda m\u00e1s avanzada con un dise\u00f1o sobresaliente.<\/span> <span class=\"relative -mx-px my-[-0.2rem] rounded px-px py-[0.2rem] transition-colors duration-100 ease-in-out\">Este dispositivo fue desarrollado para vapeadores exigentes que valoran la calidad, la durabilidad y el sabor intenso.<\/span> <span class=\"relative -mx-px my-[-0.2rem] rounded px-px py-[0.2rem] transition-colors duration-100 ease-in-out\">Con una impresionante capacidad de hasta 10.000 bocanegra y una variedad de sabores exquisitos, la Vozol Gear 10000 ofrece una experiencia de vapeo incomparable.<\/span>\u200b<\/p>\n<h3 data-start=\"273\" data-end=\"284\">Caracter\u00edsticas<\/h3>\n<ul data-start=\"286\" data-end=\"1237\">\n<li class=\"\" data-start=\"286\" data-end=\"394\">\n<p class=\"\" data-start=\"288\" data-end=\"394\"><strong data-start=\"288\" data-end=\"311\">Enorme capacidad de remolque<\/strong>: <span class=\"relative -mx-px my-[-0.2rem] rounded px-px py-[0.2rem] transition-colors duration-100 ease-in-out\">Disfrute de hasta 10.000 inhalaciones, lo que permite un uso prolongado sin necesidad de reemplazo frecuente.<\/span>\u200b<\/p>\n<\/li>\n<li class=\"\" data-start=\"395\" data-end=\"513\">\n<p class=\"\" data-start=\"397\" data-end=\"513\"><strong data-start=\"397\" data-end=\"430\">Capacidad generosa de E-L\u00edquido<\/strong>: <span class=\"relative -mx-px my-[-0.2rem] rounded px-px py-[0.2rem] transition-colors duration-100 ease-in-out\">El dispositivo est\u00e1 equipado con 16 ml de l\u00edquido electr\u00f3nico de alta calidad y precargado, que asegura sesiones de vapeo prolongadas.<\/span>\u200b<\/p>\n<\/li>\n<li class=\"\" data-start=\"514\" data-end=\"634\">\n<p class=\"\" data-start=\"516\" data-end=\"634\"><strong data-start=\"516\" data-end=\"547\">Fuerte concentraci\u00f3n de nicotina<\/strong>: <span class=\"relative -mx-px my-[-0.2rem] rounded px-px py-[0.2rem] transition-colors duration-100 ease-in-out\">Con un contenido de nicotina de 5% (50 mg) ofrece una experiencia de vapeo satisfactoria e intensa.<\/span>\u200b<\/p>\n<\/li>\n<li class=\"\" data-start=\"635\" data-end=\"749\">\n<p class=\"\" data-start=\"637\" data-end=\"749\"><strong data-start=\"637\" data-end=\"662\">Bater\u00eda fiable<\/strong>: <span class=\"relative -mx-px my-[-0.2rem] rounded px-px py-[0.2rem] transition-colors duration-100 ease-in-out\">Equipado con una bater\u00eda de 500 mAh que se puede cargar de manera r\u00e1pida y eficiente a trav\u00e9s de una conexi\u00f3n de tipo C.<\/span>\u200b<\/p>\n<\/li>\n<li class=\"\" data-start=\"750\" data-end=\"875\">\n<p class=\"\" data-start=\"752\" data-end=\"875\"><strong data-start=\"752\" data-end=\"788\">Tecnolog\u00eda innovadora de bobina de malla<\/strong>: <span class=\"relative -mx-px my-[-0.2rem] rounded px-px py-[0.2rem] transition-colors duration-100 ease-in-out\">El avanzado Mesh Coil garantiza un calentamiento uniforme y maximiza el sabor en cada calada.<\/span>\u200b<\/p>\n<\/li>\n<li class=\"\" data-start=\"876\" data-end=\"998\">\n<p class=\"\" data-start=\"878\" data-end=\"998\"><strong data-start=\"878\" data-end=\"911\">Operaci\u00f3n amigable para el usuario<\/strong>: <span class=\"relative -mx-px my-[-0.2rem] rounded px-px py-[0.2rem] transition-colors duration-100 ease-in-out\">Gracias a la activaci\u00f3n por tir\u00f3n, no se requiere presi\u00f3n de bot\u00f3n - simplemente inhale y disfrute.<\/span>\u200b<\/p>\n<\/li>\n<li class=\"\" data-start=\"999\" data-end=\"1114\">\n<p class=\"\" data-start=\"1001\" data-end=\"1114\"><strong data-start=\"1001\" data-end=\"1027\">Pieza bucal higi\u00e9nica<\/strong>: <span class=\"relative -mx-px my-[-0.2rem] rounded px-px py-[0.2rem] transition-colors duration-100 ease-in-out\">El dispositivo dispone de un mecanismo de protecci\u00f3n para la boquilla que la mantiene limpia y la protege contra contaminaciones.<\/span>\u200b<\/p>\n<\/li>\n<li class=\"\" data-start=\"1115\" data-end=\"1237\">\n<p class=\"\" data-start=\"1117\" data-end=\"1237\"><strong data-start=\"1117\" data-end=\"1150\">Materiales ecol\u00f3gicos<\/strong>: <span class=\"relative -mx-px my-[-0.2rem] rounded px-px py-[0.2rem] transition-colors duration-100 ease-in-out\">Hergestellt aus 65 % PCR-Materialien (Post-Consumer Recycled), tr\u00e4gt es zur Reduzierung des \u00f6kologischen Fu\u00dfabdrucks bei.<\/span>\u200b<\/p>\n<\/li>\n<\/ul>\n<h3 data-start=\"1239\" data-end=\"1301\">Por qu\u00e9 elegirnos <a href=\"https:\/\/alfakherwelt.de\/es\/categoria-de-producto\/request-failed-with-status-code-635\/\">Vozol Gear 10000<\/a> deber\u00edan decidir<\/h3>\n<p class=\"\" data-start=\"1303\" data-end=\"1468\"><span class=\"relative -mx-px my-[-0.2rem] rounded px-px py-[0.2rem] transition-colors duration-100 ease-in-out\">La Vozol Gear 10000 Z\u00fcge cigarrillo electr\u00f3nico desechable ofrece una experiencia de vapeo incomparable.<\/span> <span class=\"relative -mx-px my-[-0.2rem] rounded px-px py-[0.2rem] transition-colors duration-100 ease-in-out\">La combinaci\u00f3n de alta capacidad de tracci\u00f3n, sabores intensos y dise\u00f1o f\u00e1cil de usar los convierte en la opci\u00f3n ideal para vapeadores que valoran la calidad y la comodidad.<\/span> <span class=\"relative -mx-px my-[-0.2rem] rounded px-px py-[0.2rem] transition-colors duration-100 ease-in-out\">El dise\u00f1o delgado y port\u00e1til te permite llevar el dispositivo a cualquier lugar, mientras que el manejo sencillo garantiza un vapeo sin problemas.<\/span>\u200b<\/p>\n<h3 data-start=\"1470\" data-end=\"1504\">Sabor disponible<\/h3>\n<p class=\"\" data-start=\"1509\" data-end=\"1622\"><strong data-start=\"1509\" data-end=\"1535\">Melocot\u00f3n Mango Sand\u00eda<\/strong>: <span class=\"relative -mx-px my-[-0.2rem] rounded px-px py-[0.2rem] transition-colors duration-100 ease-in-out\">Una mezcla ex\u00f3tica de melocotones jugosos, mangos dulces y sand\u00eda refrescante. Cada calada te transporta a un para\u00edso tropical, donde las notas dulces y jugosas de las frutas se fusionan armoniosamente entre s\u00ed.<\/span>assistant\n\nThere is no text to translate.<\/p>\n<h3 data-start=\"1965\" data-end=\"1998\">Preguntas frecuentes (FAQs)<\/h3>\n<p class=\"\" data-start=\"2000\" data-end=\"2041\"><strong data-start=\"2000\" data-end=\"2041\">Es ist die Vozol Gear 10000 nachf\u00fcllbar.<\/strong><\/p>\n<p class=\"\" data-start=\"2043\" data-end=\"2128\"><span class=\"relative -mx-px my-[-0.2rem] rounded px-px py-[0.2rem] transition-colors duration-100 ease-in-out\">No, se trata de un cigarrillo electr\u00f3nico desechable que no se puede recargar. Una vez alcanzada la cantidad m\u00e1xima de inhalaciones, el dispositivo debe ser desechado adecuadamente.<\/span>\u200b<\/p>\n<p class=\"\" data-start=\"2130\" data-end=\"2162\"><strong data-start=\"2130\" data-end=\"2162\">\u00bfCu\u00e1nto dura la bater\u00eda?<\/strong><\/p>\n<p class=\"\" data-start=\"2164\" data-end=\"2249\"><span class=\"relative -mx-px my-[-0.2rem] rounded px-px py-[0.2rem] transition-colors duration-100 ease-in-out\">La bater\u00eda de 500 mAh est\u00e1 dise\u00f1ada para soportar toda la capacidad de l\u00edquido electr\u00f3nico. Si la bater\u00eda se agota antes de que se consuma completamente el l\u00edquido electr\u00f3nico, se puede recargar r\u00e1pidamente a trav\u00e9s del conector Tipo-C.<\/span><\/p>\n<p class=\"\" data-start=\"2251\" data-end=\"2291\"><strong data-start=\"2251\" data-end=\"2291\">\u00bfEs adecuado el dispositivo para principiantes?<\/strong><\/p>\n<p class=\"\" data-start=\"2293\" data-end=\"2378\"><span class=\"relative -mx-px my-[-0.2rem] rounded px-px py-[0.2rem] transition-colors duration-100 ease-in-out\">S\u00ed, la Vozol Gear 10000 es ideal para principiantes y vapeadores experimentados por igual gracias a la activaci\u00f3n por tirada y su dise\u00f1o libre de mantenimiento.<\/span>\u200b<\/p>\n<p class=\"\" data-start=\"2380\" data-end=\"2426\"><strong data-start=\"2380\" data-end=\"2426\">D\u00f3nde puedo comprar el Vozol Gear 10000?<\/strong><\/p>\n<p class=\"\" data-start=\"2428\" data-end=\"2513\"><span class=\"relative -mx-px my-[-0.2rem] rounded px-px py-[0.2rem] transition-colors duration-100 ease-in-out\">Puede comprar el cigarrillo electr\u00f3nico desechable Vozol Gear 10000 directamente en nuestro sitio web. <a href=\"https:\/\/alfakherwelt.de\/es\/\" target=\"_new\" rel=\"noopener noreferrer\" data-start=\"83\" data-end=\"125\">alfakherwelt.de<\/a> adquirir. Somos la mayor plataforma en l\u00ednea para la venta de cigarrillos electr\u00f3nicos desechables en Alemania y ofrecemos una amplia selecci\u00f3n de sabores y productos.<\/span>\u200b<\/p>\n<p class=\"\" data-start=\"2515\" data-end=\"2600\"><span class=\"relative -mx-px my-[-0.2rem] rounded px-px py-[0.2rem] transition-colors duration-100 ease-in-out\">Descubre el mundo del vapeo de nuevo con el Vozol Gear 10000 Z\u00fcge cigarrillo electr\u00f3nico desechable \u2013 calidad, sabor y comodidad unidos en un dispositivo.<\/span><\/p>","protected":false},"excerpt":{"rendered":"<div class=\"flex-shrink-0 flex flex-col relative items-end\">\n<div class=\"pt-0\">\n<div class=\"gizmo-shadow-stroke flex h-8 w-8 items-center justify-center overflow-hidden rounded-full\">\n<div class=\"h-full w-full\">\n<div class=\"flex-shrink-0 flex flex-col relative items-end\">\n<div class=\"pt-0\">\n<div class=\"gizmo-shadow-stroke flex h-8 w-8 items-center justify-center overflow-hidden rounded-full\">\n<div class=\"h-full w-full\">\n<div class=\"gizmo-shadow-stroke overflow-hidden rounded-full\">\n<div class=\"flex-1 overflow-hidden\">\n<div class=\"h-full\">\n<div class=\"react-scroll-to-bottom--css-nphjn-79elbk h-full\">\n<div class=\"react-scroll-to-bottom--css-nphjn-1n7m0yu\">\n<div class=\"flex flex-col text-sm md:pb-9\">\n<article class=\"w-full scroll-mb-[var(--thread-trailing-height,150px)] text-token-text-primary focus-visible:outline-2 focus-visible:outline-offset-[-4px]\" dir=\"auto\" data-testid=\"conversation-turn-5\" data-scroll-anchor=\"true\">\n<div class=\"m-auto text-base py-[18px] px-3 md:px-4 w-full md:px-5 lg:px-4 xl:px-5\">\n<div class=\"mx-auto flex flex-1 gap-4 text-base md:gap-5 lg:gap-6 md:max-w-3xl lg:max-w-[40rem] xl:max-w-[48rem]\">\n<div class=\"group\/conversation-turn relative flex w-full min-w-0 flex-col agent-turn\">\n<div class=\"flex-col gap-1 md:gap-3\">\n<div class=\"flex max-w-full flex-col flex-grow\">\n<div class=\"min-h-8 text-message flex w-full flex-col items-end gap-2 whitespace-normal break-words [.text-message+&amp;]:mt-5\" dir=\"auto\" data-message-author-role=\"assistant\" data-message-id=\"1982dcee-f0f5-4cfa-a269-fdbaed43d922\" data-message-model-slug=\"gpt-4o\">\n<div class=\"flex w-full flex-col gap-1 empty:hidden first:pt-[3px]\">\n<div class=\"markdown prose w-full break-words dark:prose-invert light\">\n<div class=\"flex-1 overflow-hidden\">\n<div class=\"h-full\">\n<div class=\"react-scroll-to-bottom--css-xrsce-79elbk h-full\">\n<div class=\"react-scroll-to-bottom--css-xrsce-1n7m0yu\">\n<div class=\"flex flex-col text-sm md:pb-9\">\n<article class=\"w-full scroll-mb-[var(--thread-trailing-height,150px)] text-token-text-primary focus-visible:outline-2 focus-visible:outline-offset-[-4px]\" dir=\"auto\" data-testid=\"conversation-turn-5\" data-scroll-anchor=\"true\">\n<div class=\"m-auto text-base py-[18px] px-3 md:px-4 w-full md:px-5 lg:px-4 xl:px-5\">\n<div class=\"mx-auto flex flex-1 gap-4 text-base md:gap-5 lg:gap-6 md:max-w-3xl lg:max-w-[40rem] xl:max-w-[48rem]\">\n<div class=\"group\/conversation-turn relative flex w-full min-w-0 flex-col agent-turn\">\n<div class=\"flex-col gap-1 md:gap-3\">\n<div class=\"flex max-w-full flex-col flex-grow\">\n<div class=\"min-h-8 text-message flex w-full flex-col items-end gap-2 whitespace-normal break-words [.text-message+&amp;]:mt-5\" dir=\"auto\" data-message-author-role=\"assistant\" data-message-id=\"1a0c8d71-a6be-4cc9-b460-deb3e7ecbf47\" data-message-model-slug=\"gpt-4o\">\n<div class=\"flex w-full flex-col gap-1 empty:hidden first:pt-[3px]\">\n<div class=\"markdown prose w-full break-words dark:prose-invert light\">\n<div class=\"flex-1 overflow-hidden\">\n<div class=\"h-full\">\n<div class=\"react-scroll-to-bottom--css-gqbzc-79elbk h-full\">\n<div class=\"react-scroll-to-bottom--css-gqbzc-1n7m0yu\">\n<div class=\"flex flex-col text-sm md:pb-9\">\n<article class=\"w-full scroll-mb-[var(--thread-trailing-height,150px)] text-token-text-primary focus-visible:outline-2 focus-visible:outline-offset-[-4px]\" dir=\"auto\" data-testid=\"conversation-turn-5\" data-scroll-anchor=\"true\">\n<div class=\"m-auto text-base py-[18px] px-3 md:px-4 w-full md:px-5 lg:px-4 xl:px-5\">\n<div class=\"mx-auto flex flex-1 gap-4 text-base md:gap-5 lg:gap-6 md:max-w-3xl lg:max-w-[40rem] xl:max-w-[48rem]\">\n<div class=\"group\/conversation-turn relative flex w-full min-w-0 flex-col agent-turn\">\n<div class=\"flex-col gap-1 md:gap-3\">\n<div class=\"flex max-w-full flex-col flex-grow\">\n<div class=\"min-h-8 text-message flex w-full flex-col items-end gap-2 whitespace-normal break-words [.text-message+&amp;]:mt-5\" dir=\"auto\" data-message-author-role=\"assistant\" data-message-id=\"ca066132-0777-4603-995e-a689971b3380\" data-message-model-slug=\"gpt-4o\">\n<div class=\"flex w-full flex-col gap-1 empty:hidden first:pt-[3px]\">\n<div class=\"markdown prose w-full break-words dark:prose-invert light\">\n<div class=\"flex-1 overflow-hidden @container\/thread\">\n<div class=\"h-full\">\n<div class=\"react-scroll-to-bottom--css-rkqgb-79elbk h-full\">\n<div class=\"react-scroll-to-bottom--css-rkqgb-1n7m0yu\">\n<div class=\"flex flex-col text-sm md:pb-9\">\n<article class=\"w-full scroll-mb-[var(--thread-trailing-height,150px)] text-token-text-primary focus-visible:outline-2 focus-visible:outline-offset-[-4px]\" dir=\"auto\" data-testid=\"conversation-turn-9\" data-scroll-anchor=\"true\">\n<div class=\"m-auto text-base py-[18px] px-3 md:px-4 w-full md:px-5 lg:px-4 xl:px-5\">\n<div class=\"mx-auto flex flex-1 gap-4 text-base md:gap-5 lg:gap-6 md:max-w-3xl lg:max-w-[40rem] xl:max-w-[48rem]\">\n<div class=\"group\/conversation-turn relative flex w-full min-w-0 flex-col agent-turn\">\n<div class=\"flex-col gap-1 md:gap-3\">\n<div class=\"flex max-w-full flex-col flex-grow\">\n<div class=\"min-h-8 text-message flex w-full flex-col items-end gap-2 whitespace-normal break-words text-start [.text-message+&amp;]:mt-5\" dir=\"auto\" data-message-author-role=\"assistant\" data-message-id=\"87137e43-9a3e-4479-90ac-22c23781ee39\" data-message-model-slug=\"gpt-4o\">\n<div class=\"flex w-full flex-col gap-1 empty:hidden first:pt-[3px]\">\n<div class=\"markdown prose w-full break-words dark:prose-invert light\">\n<div class=\"flex-1 overflow-hidden @container\/thread\">\n<div class=\"h-full\">\n<div class=\"react-scroll-to-bottom--css-cgxka-79elbk h-full\">\n<div class=\"react-scroll-to-bottom--css-cgxka-1n7m0yu\">\n<div class=\"flex flex-col text-sm md:pb-9\">\n<article class=\"w-full scroll-mb-[var(--thread-trailing-height,150px)] text-token-text-primary focus-visible:outline-2 focus-visible:outline-offset-[-4px]\" dir=\"auto\" data-testid=\"conversation-turn-5\" data-scroll-anchor=\"true\">\n<div class=\"m-auto text-base py-[18px] px-3 md:px-4 w-full md:px-5 lg:px-4 xl:px-5\">\n<div class=\"mx-auto flex flex-1 gap-4 text-base md:gap-5 lg:gap-6 md:max-w-3xl lg:max-w-[40rem] xl:max-w-[48rem]\">\n<div class=\"group\/conversation-turn relative flex w-full min-w-0 flex-col agent-turn\">\n<div class=\"flex-col gap-1 md:gap-3\">\n<div class=\"flex max-w-full flex-col flex-grow\">\n<div class=\"min-h-8 text-message flex w-full flex-col items-end gap-2 whitespace-normal break-words text-start [.text-message+&amp;]:mt-5\" dir=\"auto\" data-message-author-role=\"assistant\" data-message-id=\"e1e13d20-b396-4dc4-abdf-40facc05c4de\" data-message-model-slug=\"gpt-4o\">\n<div class=\"flex w-full flex-col gap-1 empty:hidden first:pt-[3px]\">\n<div class=\"markdown prose w-full break-words dark:prose-invert light\">\n<article class=\"w-full text-token-text-primary focus-visible:outline-2 focus-visible:outline-offset-[-4px]\" dir=\"auto\" data-testid=\"conversation-turn-5\" data-scroll-anchor=\"true\">\n<div class=\"m-auto text-base py-[18px] px-6\">\n<div class=\"mx-auto flex flex-1 text-base gap-4 md:gap-5 lg:gap-6 md:max-w-3xl lg:max-w-[40rem] xl:max-w-[48rem]\">\n<div class=\"group\/conversation-turn relative flex w-full min-w-0 flex-col agent-turn @xs\/thread:px-0 @sm\/thread:px-1.5 @md\/thread:px-4\">\n<div class=\"flex-col gap-1 md:gap-3\">\n<div class=\"flex max-w-full flex-col flex-grow\">\n<div class=\"min-h-8 text-message relative flex w-full flex-col items-end gap-2 whitespace-normal break-words text-start [.text-message+&amp;]:mt-5\" dir=\"auto\" data-message-author-role=\"assistant\" data-message-id=\"51763e35-51b7-4975-b502-ef0fa0dda04b\" data-message-model-slug=\"gpt-4o\">\n<div class=\"flex w-full flex-col gap-1 empty:hidden first:pt-[3px]\">\n<div class=\"markdown prose w-full break-words dark:prose-invert light\">\n<article class=\"w-full text-token-text-primary focus-visible:outline-2 focus-visible:outline-offset-[-4px]\" dir=\"auto\" data-testid=\"conversation-turn-5\" data-scroll-anchor=\"true\">\n<div class=\"m-auto text-base py-[18px] px-6\">\n<div class=\"mx-auto flex flex-1 text-base gap-4 md:gap-5 lg:gap-6 md:max-w-3xl lg:max-w-[40rem] xl:max-w-[48rem]\">\n<div class=\"group\/conversation-turn relative flex w-full min-w-0 flex-col agent-turn @xs\/thread:px-0 @sm\/thread:px-1.5 @md\/thread:px-4\">\n<div class=\"flex-col gap-1 md:gap-3\">\n<div class=\"flex max-w-full flex-col flex-grow\">\n<div class=\"min-h-8 text-message relative flex w-full flex-col items-end gap-2 whitespace-normal break-words text-start [.text-message+&amp;]:mt-5\" dir=\"auto\" data-message-author-role=\"assistant\" data-message-id=\"4c754a9a-1709-446b-b871-9b2c9925ba9e\" data-message-model-slug=\"gpt-4o\">\n<div class=\"flex w-full flex-col gap-1 empty:hidden first:pt-[3px]\">\n<div class=\"markdown prose w-full break-words dark:prose-invert light\">\n<p data-start=\"0\" data-end=\"341\" data-is-last-node=\"\" data-is-only-node=\"\">La<strong> Vozol Gear 10000 Z\u00fcge \n\n(No translation needed)<\/strong> La cigarrilla electr\u00f3nica desechable es un dispositivo de vapeo potente y f\u00e1cil de usar con 16 ml de l\u00edquido, 5% de nicotina, hasta 10.000 caladas y sabores intensos y frutales tropicales - disponible exclusivamente en alfakherwelt.de.<\/p>\n<\/div>\n<\/div>\n<\/div>\n<\/div>\n<\/div>\n<\/div>\n<\/div>\n<\/div>\n<\/article>\n<\/div>\n<\/div>\n<\/div>\n<\/div>\n<\/div>\n<\/div>\n<\/div>\n<\/div>\n<\/article>\n<\/div>\n<\/div>\n<\/div>\n<\/div>\n<\/div>\n<\/div>\n<\/div>\n<\/div>\n<\/article>\n<\/div>\n<\/div>\n<\/div>\n<\/div>\n<\/div>\n<\/div>\n<\/div>\n<\/div>\n<\/div>\n<\/div>\n<\/div>\n<\/div>\n<\/div>\n<\/article>\n<\/div>\n<\/div>\n<\/div>\n<\/div>\n<\/div>\n<\/div>\n<\/div>\n<\/div>\n<\/div>\n<\/div>\n<\/div>\n<\/div>\n<\/div>\n<\/article>\n<\/div>\n<\/div>\n<\/div>\n<\/div>\n<\/div>\n<\/div>\n<\/div>\n<\/div>\n<\/div>\n<\/div>\n<\/div>\n<\/div>\n<\/div>\n<\/article>\n<\/div>\n<\/div>\n<\/div>\n<\/div>\n<\/div>\n<\/div>\n<\/div>\n<\/div>\n<\/div>\n<\/div>\n<\/div>\n<\/div>\n<\/div>\n<\/article>\n<\/div>\n<\/div>\n<\/div>\n<\/div>\n<\/div>\n<\/div>\n<\/div>\n<\/div>\n<\/div>\n<\/div>\n<\/div>\n<\/div>\n<\/div>\n<\/div>","protected":false},"featured_media":3023,"comment_status":"open","ping_status":"closed","template":"","meta":[],"product_brand":[],"product_cat":[120],"product_tag":[],"class_list":{"0":"post-3022","1":"product","2":"type-product","3":"status-publish","4":"has-post-thumbnail","6":"product_cat-vozol-gear-10000","8":"first","9":"outofstock","10":"sale","11":"shipping-taxable","12":"purchasable","13":"product-type-simple"},"jetpack_sharing_enabled":true,"_links":{"self":[{"href":"https:\/\/alfakherwelt.de\/es\/wp-json\/wp\/v2\/product\/3022","targetHints":{"allow":["GET"]}}],"collection":[{"href":"https:\/\/alfakherwelt.de\/es\/wp-json\/wp\/v2\/product"}],"about":[{"href":"https:\/\/alfakherwelt.de\/es\/wp-json\/wp\/v2\/types\/product"}],"replies":[{"embeddable":true,"href":"https:\/\/alfakherwelt.de\/es\/wp-json\/wp\/v2\/comments?post=3022"}],"wp:featuredmedia":[{"embeddable":true,"href":"https:\/\/alfakherwelt.de\/es\/wp-json\/wp\/v2\/media\/3023"}],"wp:attachment":[{"href":"https:\/\/alfakherwelt.de\/es\/wp-json\/wp\/v2\/media?parent=3022"}],"wp:term":[{"taxonomy":"product_brand","embeddable":true,"href":"https:\/\/alfakherwelt.de\/es\/wp-json\/wp\/v2\/product_brand?post=3022"},{"taxonomy":"product_cat","embeddable":true,"href":"https:\/\/alfakherwelt.de\/es\/wp-json\/wp\/v2\/product_cat?post=3022"},{"taxonomy":"product_tag","embeddable":true,"href":"https:\/\/alfakherwelt.de\/es\/wp-json\/wp\/v2\/product_tag?post=3022"}],"curies":[{"name":"wp","href":"https:\/\/api.w.org\/{rel}","templated":true}]}}