{"id":298,"date":"2024-09-04T07:44:43","date_gmt":"2024-09-04T07:44:43","guid":{"rendered":"https:\/\/alfakherwelt.de\/?post_type=product&#038;p=298"},"modified":"2025-09-06T00:35:27","modified_gmt":"2025-09-06T00:35:27","slug":"barra-de-corona-al-fakher-por-8000-inhalaciones-cigarrillo-electronico-desechable-hielo-de-grosella-negra","status":"publish","type":"product","link":"https:\/\/alfakherwelt.de\/es\/producto\/barra-de-corona-al-fakher-por-8000-inhalaciones-cigarrillo-electronico-desechable-hielo-de-grosella-negra\/","title":{"rendered":"AL Fakher Crown Bar Pro 8000 Z\u00fcge Einweg E Zigarette \u2013 Blackcurrant Ice\n\n se convierte en \n\nAL Fakher Crown Bar Pro 8000 caladas cigarrillo electr\u00f3nico desechable - Blackcurrant Ice"},"content":{"rendered":"<div style=\"width: 1020px;\" class=\"wp-video\"><video class=\"wp-video-shortcode\" id=\"video-298-1\" width=\"1020\" height=\"574\" preload=\"metadata\" controls=\"controls\"><source type=\"video\/mp4\" src=\"https:\/\/alfakherwelt.de\/wp-content\/uploads\/2024\/09\/Al-Fakher-Crown-Bar-Big-Cloud-8000-PRO2\uff0c\u53bb\u4eba\u50cf.mp4?_=1\" \/><a href=\"https:\/\/alfakherwelt.de\/wp-content\/uploads\/2024\/09\/Al-Fakher-Crown-Bar-Big-Cloud-8000-PRO2\uff0c\u53bb\u4eba\u50cf.mp4\">https:\/\/alfakherwelt.de\/wp-content\/uploads\/2024\/09\/Al-Fakher-Crown-Bar-Big-Cloud-8000-PRO2\uff0c\u53bb\u4eba\u50cf.mp4<\/a><\/video><\/div>\n<h2><strong><a href=\"https:\/\/alfakherwelt.de\/es\/\">AL Fakher<\/a> Crown Bar Pro 8000 Z\u00fcge \n\nbecomes \n\nCrown Bar Pro 8000 tiradas <a href=\"https:\/\/alfakherwelt.de\/es\/\">Cigarrillo electr\u00f3nico desechable<\/a><\/strong><\/h2>\n<p>Descubra la experiencia de vapeo definitiva con el <strong>AL Fakher Crown Bar Pro 8000 Z\u00fcge Einweg Vape \n\n(Translation not needed for product names and technical terms) \nAL Fakher Crown Bar Pro 8000 tiradas Desechable Vape<\/strong> \u2013 Un cigarrillo electr\u00f3nico dise\u00f1ado espec\u00edficamente para vapeadores exigentes. Este dispositivo combina sabor de alta calidad, tecnolog\u00eda de vanguardia y facilidad de uso para una experiencia de vapeo excepcional. Gracias a la bobina de malla potente y una capacidad de 18 ml de e-l\u00edquido impresionante, puede disfrutar de un vapor intenso y duradero. Ideal para llevar, el Crown Bar Pro ofrece un dise\u00f1o delgado y manejable con una funci\u00f3n de carga r\u00e1pida USB-C que proporciona comodidad. Con un contenido de nicotina de 5 mg (0,5%) este cigarrillo electr\u00f3nico desechable ofrece una inhalaci\u00f3n directa a los pulmones satisfactoria y hasta 8000 caladas.<\/p>\n<hr \/>\n<h2><strong>Por qu\u00e9 el <a href=\"https:\/\/alfakherwelt.de\/es\/categoria-de-producto\/efectivo-de-la-corona-al-fakher-por-8000\/\">AL Fakher Crown Bar Pro<\/a><\/strong><a href=\"https:\/\/alfakherwelt.de\/es\/categoria-de-producto\/efectivo-de-la-corona-al-fakher-por-8000\/\"><strong>8000 trenes <\/strong><\/a><strong>Su primera opci\u00f3n debe ser<\/strong><\/h2>\n<ol>\n<li><strong>Sabor incomparable<\/strong>Gracias a la innovadora bobina Mesh, experimenta aromas intensos y claros con cada calada. Esta tecnolog\u00eda maximiza la vaporizaci\u00f3n del e-l\u00edquido y ofrece una experiencia de sabor sobresaliente.<\/li>\n<li><strong>Enorme capacidad<\/strong>Con 18 ml de l\u00edquido electr\u00f3nico prellenado, tienes suficientes reservas para un uso prolongado. No es necesario rellenar: \u00a1simplemente empieza a vapear!<\/li>\n<li><strong>Hasta 8000 trenes<\/strong>: Disfruta de hasta 8000 caladas con un solo dispositivo. Perfecto para usuarios frecuentes que conf\u00edan en un vape de un solo uso fiable.<\/li>\n<li><strong>Carga r\u00e1pida a trav\u00e9s de Tipo C<\/strong>: \u00a1Nunca m\u00e1s tiempos de carga prolongados! Gracias al conector de carga tipo C, el Crown Bar Pro est\u00e1 listo para usar de nuevo en un abrir y cerrar de ojos.<\/li>\n<li><strong>Inhalaci\u00f3n directa de pulm\u00f3n<\/strong>Este modelo est\u00e1 dise\u00f1ado para una experiencia intensiva de inhalaci\u00f3n directa a los pulmones y es especialmente adecuado para vapers experimentados.<\/li>\n<li><strong>Dise\u00f1o pr\u00e1ctico<\/strong>Con un tama\u00f1o de 19 x 109 mm, la Crown Bar Pro es compacta y port\u00e1til. Ll\u00e9vala a cualquier lugar y disfruta de tu experiencia de vapeo en cualquier momento.<\/li>\n<li><strong>Potencia constante<\/strong>La bater\u00eda de 600 mAh garantiza un voltaje constante de 3,7 V, lo que permite disfrutar de un vapor constante.<\/li>\n<li><strong>Resistente<\/strong>La AL Fakher Crown Bar Pro funciona de manera \u00f3ptima a temperaturas de -10 \u00b0C a +40 \u00b0C, lo que la hace adecuada tambi\u00e9n para condiciones extremas.<\/li>\n<\/ol>\n<hr \/>\n<h2><strong>Variedad de aromas que entusiasma: Blackcurrant Ice<\/strong><\/h2>\n<p><strong>Blackcurrant Ice \n\n becomes \n\nHielo de Grosella Negra<\/strong> Ofrece un equilibrio perfecto entre notas dulces y frescas. El primer golpe revela la rica dulzura y profundidad de la grosella negra, seguido de un toque refrescante y agradablemente fresco de mentol que refresca tus sentidos. Esta composici\u00f3n de sabores es ideal para vapeadores que prefieren aromas frutales pero no excesivamente dulces. Los elementos fr\u00edos aportan una frescura especial al sabor, lo que lo hace perfecto para cualquier momento del d\u00eda.<\/p>\n<p>La acidez natural de la grosella asegura que el sabor se mantenga vivo, sin parecer demasiado intenso o artificial. Esta combinaci\u00f3n refrescante y afrutada es ideal especialmente en d\u00edas calurosos de verano, pero tambi\u00e9n supone un cambio refrescante en invierno. Cada vez que vapees esta variedad, sentir\u00e1s que est\u00e1s disfrutando de una grosella helada.<\/p>\n<p>La intensidad del sabor permanece constante desde la primera hasta la \u00faltima calada, lo que <a href=\"https:\/\/alfakherwelt.de\/es\/categoria-de-producto\/efectivo-de-la-corona-al-fakher-por-8000\/\"><strong>AL Fakher Crown Bar Pro<\/strong><\/a> se convierte en una de las mejores opciones cuando se trata de vapeadores desechables. Deje que la calidad y la experiencia de sabor inconfundible lo sorprendan.<\/p>\n<hr \/>\n<h2><strong>Especificaciones t\u00e9cnicas en general<\/strong><\/h2>\n<ul>\n<li><strong>Tama\u00f1o<\/strong>: 19 x 109 mm<\/li>\n<li><strong>Capacidad<\/strong>: 18 ml E-Liquid<\/li>\n<li><strong>Capacidad de la bater\u00eda<\/strong>: 600 mAh<\/li>\n<li><strong>Resistencia de bobina<\/strong>: 1,2 Ohm<\/li>\n<li><strong>Tensi\u00f3n de salida<\/strong>: 3,7 V<\/li>\n<li><strong>Contenido de nicotina<\/strong>: 5 mg\/0,5 ml<\/li>\n<li><strong>Trenes<\/strong>: Hasta 8000 trenes<\/li>\n<li><strong>Conexi\u00f3n de carga<\/strong>: Funci\u00f3n de carga r\u00e1pida tipo C<\/li>\n<li><strong>Temperatura de funcionamiento<\/strong>: -10 \u00b0C hasta +40 \u00b0C<\/li>\n<\/ul>\n<hr \/>\n<h2><strong><img loading=\"lazy\" decoding=\"async\" class=\"alignnone wp-image-392 size-full\" src=\"https:\/\/alfakherwelt.de\/wp-content\/uploads\/2024\/09\/al-fakher-crown-bar-8000-pro.webp\" alt=\"AL Fakher Crown Bar Pro 8000 Z\u00fcge Einweg E Zigarette - Blackcurrant Ice se convierte en AL Fakher Crown Bar Pro 8000 caladas cigarrillo electr\u00f3nico desechable - Blackcurrant Ice\" width=\"1000\" height=\"1000\" title=\"\" srcset=\"https:\/\/alfakherwelt.de\/wp-content\/uploads\/2024\/09\/al-fakher-crown-bar-8000-pro.webp 1000w, https:\/\/alfakherwelt.de\/wp-content\/uploads\/2024\/09\/al-fakher-crown-bar-8000-pro-300x300.webp 300w, https:\/\/alfakherwelt.de\/wp-content\/uploads\/2024\/09\/al-fakher-crown-bar-8000-pro-150x150.webp 150w, https:\/\/alfakherwelt.de\/wp-content\/uploads\/2024\/09\/al-fakher-crown-bar-8000-pro-768x768.webp 768w, https:\/\/alfakherwelt.de\/wp-content\/uploads\/2024\/09\/al-fakher-crown-bar-8000-pro-600x600.webp 600w, https:\/\/alfakherwelt.de\/wp-content\/uploads\/2024\/09\/al-fakher-crown-bar-8000-pro-100x100.webp 100w\" sizes=\"auto, (max-width: 1000px) 100vw, 1000px\" \/><\/strong><\/h2>\n<h2><strong>Por qu\u00e9 comprar en alfakherwelt.de<\/strong><\/h2>\n<p>Nosotros en <a href=\"https:\/\/alfakherwelt.de\/es\/\"><strong>alfakherwelt.de<\/strong><\/a> estamos orgullosos de ser la tienda en l\u00ednea m\u00e1s grande de cigarrillos electr\u00f3nicos desechables en Alemania. Con una amplia variedad de sabores y marcas, ofrecemos a nuestros clientes una selecci\u00f3n incomparable. Compre su <strong><a href=\"https:\/\/alfakherwelt.de\/es\/categoria-de-producto\/efectivo-de-la-corona-al-fakher-por-8000\/\">AL Fakher Crown Bar Pro 8000<\/a> Trenes<\/strong> directamente con nosotros y benef\u00edciese de tiempos de entrega r\u00e1pidos, un excelente servicio al cliente y la garant\u00eda de que siempre obtendr\u00e1 la \u00faltima versi\u00f3n de los vapeadores desechables.<\/p>\n<p>Garantizamos la m\u00e1xima calidad y estamos a su disposici\u00f3n en cualquier momento para responder a sus preguntas. Su experiencia de vapeo perfecta est\u00e1 a solo un clic de distancia. Vis\u00edtenos hoy mismo en <a href=\"https:\/\/alfakherwelt.de\/es\/\"><strong>alfakherwelt.de<\/strong><\/a> y descubra el placer definitivo de vapear.<\/p>\n<hr \/>\n<p>Ahora en <a href=\"https:\/\/alfakherwelt.de\/es\/\"><strong>alfakherwelt.de<\/strong><\/a> Disponible \u2013 experimente la diferencia y disfruta del vapeo al m\u00e1ximo nivel.<\/p>","protected":false},"excerpt":{"rendered":"<div class=\"flex-shrink-0 flex flex-col relative items-end\">\n<div class=\"pt-0\">\n<div class=\"gizmo-shadow-stroke flex h-8 w-8 items-center justify-center overflow-hidden rounded-full\">\n<div class=\"h-full w-full\">\n<p>Der <strong>AL Fakher Crown Bar Pro 8000 Z\u00fcge Einweg Vape \n\n(Translation not needed for product names and technical terms) \nAL Fakher Crown Bar Pro 8000 tiradas Desechable Vape<\/strong> ofrece no solo una enorme capacidad de arrastre y una intensa experiencia de sabor, sino tambi\u00e9n la comodidad de un dispositivo port\u00e1til y f\u00e1cil de cargar. Con sabores como <strong>Blackcurrant Ice \n\n becomes \n\nHielo de Grosella Negra<\/strong> Disfruta de la pura alegr\u00eda de vapear. Gracias a la tecnolog\u00eda moderna, el procesamiento de alta calidad y las funciones f\u00e1ciles de usar, este vapeador desechable es ideal para vapeadores experimentados que no quieren renunciar a la calidad cuando est\u00e1n de viaje.<\/p>\n<\/div>\n<\/div>\n<\/div>\n<\/div>","protected":false},"featured_media":299,"comment_status":"open","ping_status":"closed","template":"","meta":[],"product_brand":[],"product_cat":[20],"product_tag":[],"class_list":{"0":"post-298","1":"product","2":"type-product","3":"status-publish","4":"has-post-thumbnail","6":"product_cat-al-fakher-crown-bar-pro-8000","8":"first","9":"outofstock","10":"sale","11":"shipping-taxable","12":"purchasable","13":"product-type-simple"},"jetpack_sharing_enabled":true,"_links":{"self":[{"href":"https:\/\/alfakherwelt.de\/es\/wp-json\/wp\/v2\/product\/298","targetHints":{"allow":["GET"]}}],"collection":[{"href":"https:\/\/alfakherwelt.de\/es\/wp-json\/wp\/v2\/product"}],"about":[{"href":"https:\/\/alfakherwelt.de\/es\/wp-json\/wp\/v2\/types\/product"}],"replies":[{"embeddable":true,"href":"https:\/\/alfakherwelt.de\/es\/wp-json\/wp\/v2\/comments?post=298"}],"wp:featuredmedia":[{"embeddable":true,"href":"https:\/\/alfakherwelt.de\/es\/wp-json\/wp\/v2\/media\/299"}],"wp:attachment":[{"href":"https:\/\/alfakherwelt.de\/es\/wp-json\/wp\/v2\/media?parent=298"}],"wp:term":[{"taxonomy":"product_brand","embeddable":true,"href":"https:\/\/alfakherwelt.de\/es\/wp-json\/wp\/v2\/product_brand?post=298"},{"taxonomy":"product_cat","embeddable":true,"href":"https:\/\/alfakherwelt.de\/es\/wp-json\/wp\/v2\/product_cat?post=298"},{"taxonomy":"product_tag","embeddable":true,"href":"https:\/\/alfakherwelt.de\/es\/wp-json\/wp\/v2\/product_tag?post=298"}],"curies":[{"name":"wp","href":"https:\/\/api.w.org\/{rel}","templated":true}]}}