{"id":2864,"date":"2025-04-03T07:13:58","date_gmt":"2025-04-03T07:13:58","guid":{"rendered":"https:\/\/alfakherwelt.de\/?post_type=product&#038;p=2864"},"modified":"2025-09-04T05:53:13","modified_gmt":"2025-09-04T05:53:13","slug":"vozol-gear-power-20000-cigarrillo-e-desechable-peach-ice","status":"publish","type":"product","link":"https:\/\/alfakherwelt.de\/es\/producto\/vozol-gear-power-20000-cigarrillo-e-desechable-peach-ice\/","title":{"rendered":"Vozol Gear Power 20000 Z\u00fcge Einweg E Zigarette \u2013 Sabor a melocot\u00f3n con hielo"},"content":{"rendered":"<div style=\"width: 888px;\" class=\"wp-video\"><video class=\"wp-video-shortcode\" id=\"video-2864-1\" width=\"888\" height=\"498\" preload=\"metadata\" controls=\"controls\"><source type=\"video\/mp4\" src=\"https:\/\/alfakherwelt.de\/wp-content\/uploads\/2025\/04\/VOZOL-GEAR-POWER-20000.mp4?_=1\" \/><a href=\"https:\/\/alfakherwelt.de\/wp-content\/uploads\/2025\/04\/VOZOL-GEAR-POWER-20000.mp4\">https:\/\/alfakherwelt.de\/wp-content\/uploads\/2025\/04\/VOZOL-GEAR-POWER-20000.mp4<\/a><\/video><\/div>\n<p class=\"\" data-start=\"0\" data-end=\"126\">\u200b<span class=\"relative -mx-px my-[-0.2rem] rounded-sm px-px py-[0.2rem]\">La <strong data-start=\"4\" data-end=\"54\"><a href=\"https:\/\/alfakherwelt.de\/es\/categoria-de-producto\/request-failed-with-status-code-580\/\">Vozol Gear Power 20000 Z\u00fcge \n\n(No translation needed for product names and model numbers)<\/a> Cigarrillo electr\u00f3nico desechable<\/strong> Establece nuevos est\u00e1ndares en el \u00e1mbito de los vapeadores desechables y ofrece una experiencia de vapeo incomparable para usuarios exigentes.<\/span> <span class=\"relative -mx-px my-[-0.2rem] rounded-sm px-px py-[0.2rem]\">Con tecnolog\u00eda de \u00faltima generaci\u00f3n y un dise\u00f1o cuidadoso, este dispositivo combina durabilidad con un rendimiento sobresaliente y facilidad de uso.<\/span>\u200b<\/p>\n<h3 data-start=\"128\" data-end=\"150\">Descripci\u00f3n del producto<\/h3>\n<p class=\"\" data-start=\"152\" data-end=\"347\"><span class=\"relative -mx-px my-[-0.2rem] rounded-sm px-px py-[0.2rem]\">La Vozol Gear Power 20000 cuenta con la innovadora tecnolog\u00eda S.i.L.C., que garantiza golpes uniformes, suaves y sabrosos.<\/span> <span class=\"relative -mx-px my-[-0.2rem] rounded-sm px-px py-[0.2rem]\">Gracias a los dos modos de funcionamiento - Eco y Power - los usuarios pueden elegir entre hasta 20.000 caladas en el modo Eco y 12.000 caladas en el modo Power, para personalizar su experiencia de vapeo.<\/span> <span class=\"relative -mx-px my-[-0.2rem] rounded-sm px-px py-[0.2rem]\">El generoso l\u00edquido electr\u00f3nico prellenado de 20 ml con una fuerza de nicotina de 5 % (50 mg) garantiza un placer duradero sin rellenar frecuentemente.<\/span> <span class=\"relative -mx-px my-[-0.2rem] rounded-sm px-px py-[0.2rem]\">Otro punto destacado es la pantalla completa que ofrece informaci\u00f3n en tiempo real sobre el nivel de bater\u00eda y el consumo de l\u00edquido, para que siempre tengas una visi\u00f3n general.<\/span>\u200b<\/p>\n<h3 data-start=\"349\" data-end=\"365\">Caracter\u00edsticas principales<\/h3>\n<ul data-start=\"367\" data-end=\"1061\">\n<li class=\"\" data-start=\"367\" data-end=\"476\">\n<p class=\"\" data-start=\"369\" data-end=\"476\"><strong data-start=\"369\" data-end=\"393\">S.i.L.C.-Technologie<\/strong>: <span class=\"relative -mx-px my-[-0.2rem] rounded-sm px-px py-[0.2rem]\">Produce trazos uniformes, limpios y consistentes.<\/span>\u200b<\/p>\n<\/li>\n<li class=\"\" data-start=\"477\" data-end=\"588\">\n<p class=\"\" data-start=\"479\" data-end=\"588\"><strong data-start=\"479\" data-end=\"501\">Dos modos de rendimiento<\/strong>: <span class=\"relative -mx-px my-[-0.2rem] rounded-sm px-px py-[0.2rem]\">Ofrece hasta 20.000 disparos en modo Eco o 12.000 disparos en modo Power.<\/span>\u200b<\/p>\n<\/li>\n<li class=\"\" data-start=\"589\" data-end=\"703\">\n<p class=\"\" data-start=\"591\" data-end=\"703\"><strong data-start=\"591\" data-end=\"616\">Sistema de bobina de doble malla<\/strong>: <span class=\"relative -mx-px my-[-0.2rem] rounded-sm px-px py-[0.2rem]\">Mejora la intensidad del sabor y la producci\u00f3n de vapor.<\/span>\u200b<\/p>\n<\/li>\n<li class=\"\" data-start=\"704\" data-end=\"816\">\n<p class=\"\" data-start=\"706\" data-end=\"816\"><strong data-start=\"706\" data-end=\"729\">Pantalla completa<\/strong>: <span class=\"relative -mx-px my-[-0.2rem] rounded-sm px-px py-[0.2rem]\">Muestra informaci\u00f3n en tiempo real sobre la duraci\u00f3n y el uso de la bater\u00eda.<\/span>\u200b<\/p>\n<\/li>\n<li class=\"\" data-start=\"817\" data-end=\"937\">\n<p class=\"\" data-start=\"819\" data-end=\"937\"><strong data-start=\"819\" data-end=\"850\">20 ml de l\u00edquido electr\u00f3nico prellenado<\/strong>: <span class=\"relative -mx-px my-[-0.2rem] rounded-sm px-px py-[0.2rem]\">Con 5 % (50 mg) de fuerza de nicotina para un placer duradero.<\/span>\u200b<\/p>\n<\/li>\n<li class=\"\" data-start=\"938\" data-end=\"1061\">\n<p class=\"\" data-start=\"940\" data-end=\"1061\"><strong data-start=\"940\" data-end=\"974\">Bater\u00eda recargable de 650 mAh<\/strong>: <span class=\"relative -mx-px my-[-0.2rem] rounded-sm px-px py-[0.2rem]\">Garantiza un suministro de energ\u00eda fiable y se puede cargar c\u00f3modamente a trav\u00e9s de USB tipo C.<\/span>\u200b<\/p>\n<\/li>\n<\/ul>\n<h3 data-start=\"1063\" data-end=\"1106\">Por qu\u00e9 la <a href=\"https:\/\/alfakherwelt.de\/es\/categoria-de-producto\/request-failed-with-status-code-580\/\">Vozol Gear Power 20000<\/a> elegir<\/h3>\n<p class=\"\" data-start=\"1108\" data-end=\"1233\"><span class=\"relative -mx-px my-[-0.2rem] rounded-sm px-px py-[0.2rem]\">Este dispositivo combina tecnolog\u00eda avanzada con alta capacidad y es, por lo tanto, la elecci\u00f3n ideal para usuarios que buscan durabilidad, funciones inteligentes y un sabor sobresaliente.<\/span> <span class=\"relative -mx-px my-[-0.2rem] rounded-sm px-px py-[0.2rem]\">Con los dos modos de potencia, la pantalla de pantalla completa y el sistema de bobina mejorado, este cigarrillo electr\u00f3nico ofrece una experiencia optimizada adaptada a sus preferencias.<\/span><\/p>\n<p class=\"\" data-start=\"1108\" data-end=\"1233\"><img loading=\"lazy\" decoding=\"async\" class=\"alignnone wp-image-2843 size-full\" src=\"https:\/\/alfakherwelt.de\/wp-content\/uploads\/2025\/04\/Vozol-gear-power-20000-4-scaled.webp\" alt=\"Vozol Gear Power 20000 Z\u00fcge Einweg E Zigarette - Melocot\u00f3n hielo\" width=\"2560\" height=\"1440\" title=\"\" srcset=\"https:\/\/alfakherwelt.de\/wp-content\/uploads\/2025\/04\/Vozol-gear-power-20000-4-scaled.webp 2560w, https:\/\/alfakherwelt.de\/wp-content\/uploads\/2025\/04\/Vozol-gear-power-20000-4-300x169.webp 300w, https:\/\/alfakherwelt.de\/wp-content\/uploads\/2025\/04\/Vozol-gear-power-20000-4-1024x576.webp 1024w, https:\/\/alfakherwelt.de\/wp-content\/uploads\/2025\/04\/Vozol-gear-power-20000-4-768x432.webp 768w, https:\/\/alfakherwelt.de\/wp-content\/uploads\/2025\/04\/Vozol-gear-power-20000-4-1536x864.webp 1536w, https:\/\/alfakherwelt.de\/wp-content\/uploads\/2025\/04\/Vozol-gear-power-20000-4-2048x1152.webp 2048w, https:\/\/alfakherwelt.de\/wp-content\/uploads\/2025\/04\/Vozol-gear-power-20000-4-18x10.webp 18w, https:\/\/alfakherwelt.de\/wp-content\/uploads\/2025\/04\/Vozol-gear-power-20000-4-600x338.webp 600w\" sizes=\"auto, (max-width: 2560px) 100vw, 2560px\" \/>\u200b<\/p>\n<h3 data-start=\"1235\" data-end=\"1269\">Sabor disponible<\/h3>\n<p class=\"\" data-start=\"1274\" data-end=\"1380\"><strong data-start=\"1385\" data-end=\"1398\">Peach Ice<\/strong>: <span class=\"relative -mx-px my-[-0.2rem] rounded-sm px-px py-[0.2rem]\">Aromas jugosos de durazno se encuentran con una brisa fresca de mentol, que proporciona una experiencia de vapeo refrescante y afrutada.<\/span>assistant\n\nThere is no text to translate.<\/p>\n<h3 data-start=\"1818\" data-end=\"1851\">Preguntas frecuentes (FAQs)<\/h3>\n<p class=\"\" data-start=\"1853\" data-end=\"1904\"><strong data-start=\"1853\" data-end=\"1904\">Is the<a href=\"https:\/\/alfakherwelt.de\/es\/categoria-de-producto\/request-failed-with-status-code-580\/\"> Vozol Gear Power 20000<\/a> recargable<\/strong><\/p>\n<p class=\"\" data-start=\"1906\" data-end=\"1991\"><span class=\"relative -mx-px my-[-0.2rem] rounded-sm px-px py-[0.2rem]\">S\u00ed, el dispositivo tiene una bater\u00eda de 650 mAh que se puede recargar a trav\u00e9s de una conexi\u00f3n USB tipo C.<\/span>\u200b<\/p>\n<p class=\"\" data-start=\"1993\" data-end=\"2040\"><strong data-start=\"1993\" data-end=\"2040\">C\u00f3mo cambio entre los modos de rendimiento?<\/strong><\/p>\n<p class=\"\" data-start=\"2042\" data-end=\"2167\"><span class=\"relative -mx-px my-[-0.2rem] rounded-sm px-px py-[0.2rem]\">El dispositivo ofrece dos modos: Eco y Power.<\/span> <span class=\"relative -mx-px my-[-0.2rem] rounded-sm px-px py-[0.2rem]\">Para obtener detalles sobre c\u00f3mo cambiar entre modos, consulte el manual de instrucciones adjunto.<\/span>\u200b<\/p>\n<p class=\"\" data-start=\"2169\" data-end=\"2213\"><strong data-start=\"2169\" data-end=\"2213\">C\u00f3mo reconozco el estado actual de la bater\u00eda?<\/strong><\/p>\n<p class=\"\" data-start=\"2215\" data-end=\"2300\"><span class=\"relative -mx-px my-[-0.2rem] rounded-sm px-px py-[0.2rem]\">El display de pantalla completa muestra el estado actual de la bater\u00eda y el consumo de l\u00edquido en tiempo real.<\/span>\u200b<\/p>\n<p class=\"\" data-start=\"2302\" data-end=\"2344\"><strong data-start=\"2302\" data-end=\"2344\">\u00bfCu\u00e1l es la concentraci\u00f3n de nicotina del l\u00edquido electr\u00f3nico?<\/strong><\/p>\n<p class=\"\" data-start=\"2346\" data-end=\"2431\"><span class=\"relative -mx-px my-[-0.2rem] rounded-sm px-px py-[0.2rem]\">El e-l\u00edquido precargado tiene una fuerza de nicotina de 5% (50 mg).<\/span>\u200b<\/p>\n<p class=\"\" data-start=\"2433\" data-end=\"2485\"><strong data-start=\"2433\" data-end=\"2485\">D\u00f3nde puedo comprar el Vozol Gear Power 20000?<\/strong><\/p>\n<p class=\"\" data-start=\"2487\" data-end=\"2572\"><span class=\"relative -mx-px my-[-0.2rem] rounded-sm px-px py-[0.2rem]\">Puede encontrar este producto en nuestro sitio web <a href=\"https:\/\/alfakherwelt.de\/es\/\" target=\"_new\" rel=\"noopener noreferrer\" data-start=\"46\" data-end=\"88\">alfakherwelt.de<\/a> adquirir<\/span>\u200b<\/p>\n<p class=\"\" data-start=\"2574\" data-end=\"2699\"><span class=\"relative -mx-px my-[-0.2rem] rounded-sm px-px py-[0.2rem]\">Descubre el mundo del vapeo con el Vozol Gear Power 20000 caladas de cigarrillo electr\u00f3nico desechable y disfruta de una experiencia de sabor incomparable.<\/span> <span class=\"relative -mx-px my-[-0.2rem] rounded-sm px-px py-[0.2rem]\">Visite <a href=\"https:\/\/alfakherwelt.de\/es\/\" target=\"_new\" rel=\"noopener noreferrer\" data-start=\"13\" data-end=\"55\">alfakherwelt.de<\/a>, la mayor plataforma de venta en l\u00ednea de vaporizadores desechables en Alemania, y elige tu sabor preferido para una experiencia de vapeo personalizada.<\/span><\/p>","protected":false},"excerpt":{"rendered":"<div class=\"flex-shrink-0 flex flex-col relative items-end\">\n<div class=\"pt-0\">\n<div class=\"gizmo-shadow-stroke flex h-8 w-8 items-center justify-center overflow-hidden rounded-full\">\n<div class=\"h-full w-full\">\n<div class=\"flex-shrink-0 flex flex-col relative items-end\">\n<div class=\"pt-0\">\n<div class=\"gizmo-shadow-stroke flex h-8 w-8 items-center justify-center overflow-hidden rounded-full\">\n<div class=\"h-full w-full\">\n<div class=\"gizmo-shadow-stroke overflow-hidden rounded-full\">\n<div class=\"flex-1 overflow-hidden\">\n<div class=\"h-full\">\n<div class=\"react-scroll-to-bottom--css-nphjn-79elbk h-full\">\n<div class=\"react-scroll-to-bottom--css-nphjn-1n7m0yu\">\n<div class=\"flex flex-col text-sm md:pb-9\">\n<article class=\"w-full scroll-mb-[var(--thread-trailing-height,150px)] text-token-text-primary focus-visible:outline-2 focus-visible:outline-offset-[-4px]\" dir=\"auto\" data-testid=\"conversation-turn-5\" data-scroll-anchor=\"true\">\n<div class=\"m-auto text-base py-[18px] px-3 md:px-4 w-full md:px-5 lg:px-4 xl:px-5\">\n<div class=\"mx-auto flex flex-1 gap-4 text-base md:gap-5 lg:gap-6 md:max-w-3xl lg:max-w-[40rem] xl:max-w-[48rem]\">\n<div class=\"group\/conversation-turn relative flex w-full min-w-0 flex-col agent-turn\">\n<div class=\"flex-col gap-1 md:gap-3\">\n<div class=\"flex max-w-full flex-col flex-grow\">\n<div class=\"min-h-8 text-message flex w-full flex-col items-end gap-2 whitespace-normal break-words [.text-message+&amp;]:mt-5\" dir=\"auto\" data-message-author-role=\"assistant\" data-message-id=\"1982dcee-f0f5-4cfa-a269-fdbaed43d922\" data-message-model-slug=\"gpt-4o\">\n<div class=\"flex w-full flex-col gap-1 empty:hidden first:pt-[3px]\">\n<div class=\"markdown prose w-full break-words dark:prose-invert light\">\n<div class=\"flex-1 overflow-hidden\">\n<div class=\"h-full\">\n<div class=\"react-scroll-to-bottom--css-xrsce-79elbk h-full\">\n<div class=\"react-scroll-to-bottom--css-xrsce-1n7m0yu\">\n<div class=\"flex flex-col text-sm md:pb-9\">\n<article class=\"w-full scroll-mb-[var(--thread-trailing-height,150px)] text-token-text-primary focus-visible:outline-2 focus-visible:outline-offset-[-4px]\" dir=\"auto\" data-testid=\"conversation-turn-5\" data-scroll-anchor=\"true\">\n<div class=\"m-auto text-base py-[18px] px-3 md:px-4 w-full md:px-5 lg:px-4 xl:px-5\">\n<div class=\"mx-auto flex flex-1 gap-4 text-base md:gap-5 lg:gap-6 md:max-w-3xl lg:max-w-[40rem] xl:max-w-[48rem]\">\n<div class=\"group\/conversation-turn relative flex w-full min-w-0 flex-col agent-turn\">\n<div class=\"flex-col gap-1 md:gap-3\">\n<div class=\"flex max-w-full flex-col flex-grow\">\n<div class=\"min-h-8 text-message flex w-full flex-col items-end gap-2 whitespace-normal break-words [.text-message+&amp;]:mt-5\" dir=\"auto\" data-message-author-role=\"assistant\" data-message-id=\"1a0c8d71-a6be-4cc9-b460-deb3e7ecbf47\" data-message-model-slug=\"gpt-4o\">\n<div class=\"flex w-full flex-col gap-1 empty:hidden first:pt-[3px]\">\n<div class=\"markdown prose w-full break-words dark:prose-invert light\">\n<div class=\"flex-1 overflow-hidden\">\n<div class=\"h-full\">\n<div class=\"react-scroll-to-bottom--css-gqbzc-79elbk h-full\">\n<div class=\"react-scroll-to-bottom--css-gqbzc-1n7m0yu\">\n<div class=\"flex flex-col text-sm md:pb-9\">\n<article class=\"w-full scroll-mb-[var(--thread-trailing-height,150px)] text-token-text-primary focus-visible:outline-2 focus-visible:outline-offset-[-4px]\" dir=\"auto\" data-testid=\"conversation-turn-5\" data-scroll-anchor=\"true\">\n<div class=\"m-auto text-base py-[18px] px-3 md:px-4 w-full md:px-5 lg:px-4 xl:px-5\">\n<div class=\"mx-auto flex flex-1 gap-4 text-base md:gap-5 lg:gap-6 md:max-w-3xl lg:max-w-[40rem] xl:max-w-[48rem]\">\n<div class=\"group\/conversation-turn relative flex w-full min-w-0 flex-col agent-turn\">\n<div class=\"flex-col gap-1 md:gap-3\">\n<div class=\"flex max-w-full flex-col flex-grow\">\n<div class=\"min-h-8 text-message flex w-full flex-col items-end gap-2 whitespace-normal break-words [.text-message+&amp;]:mt-5\" dir=\"auto\" data-message-author-role=\"assistant\" data-message-id=\"ca066132-0777-4603-995e-a689971b3380\" data-message-model-slug=\"gpt-4o\">\n<div class=\"flex w-full flex-col gap-1 empty:hidden first:pt-[3px]\">\n<div class=\"markdown prose w-full break-words dark:prose-invert light\">\n<div class=\"flex-1 overflow-hidden @container\/thread\">\n<div class=\"h-full\">\n<div class=\"react-scroll-to-bottom--css-rkqgb-79elbk h-full\">\n<div class=\"react-scroll-to-bottom--css-rkqgb-1n7m0yu\">\n<div class=\"flex flex-col text-sm md:pb-9\">\n<article class=\"w-full scroll-mb-[var(--thread-trailing-height,150px)] text-token-text-primary focus-visible:outline-2 focus-visible:outline-offset-[-4px]\" dir=\"auto\" data-testid=\"conversation-turn-9\" data-scroll-anchor=\"true\">\n<div class=\"m-auto text-base py-[18px] px-3 md:px-4 w-full md:px-5 lg:px-4 xl:px-5\">\n<div class=\"mx-auto flex flex-1 gap-4 text-base md:gap-5 lg:gap-6 md:max-w-3xl lg:max-w-[40rem] xl:max-w-[48rem]\">\n<div class=\"group\/conversation-turn relative flex w-full min-w-0 flex-col agent-turn\">\n<div class=\"flex-col gap-1 md:gap-3\">\n<div class=\"flex max-w-full flex-col flex-grow\">\n<div class=\"min-h-8 text-message flex w-full flex-col items-end gap-2 whitespace-normal break-words text-start [.text-message+&amp;]:mt-5\" dir=\"auto\" data-message-author-role=\"assistant\" data-message-id=\"87137e43-9a3e-4479-90ac-22c23781ee39\" data-message-model-slug=\"gpt-4o\">\n<div class=\"flex w-full flex-col gap-1 empty:hidden first:pt-[3px]\">\n<div class=\"markdown prose w-full break-words dark:prose-invert light\">\n<div class=\"flex-1 overflow-hidden @container\/thread\">\n<div class=\"h-full\">\n<div class=\"react-scroll-to-bottom--css-cgxka-79elbk h-full\">\n<div class=\"react-scroll-to-bottom--css-cgxka-1n7m0yu\">\n<div class=\"flex flex-col text-sm md:pb-9\">\n<article class=\"w-full scroll-mb-[var(--thread-trailing-height,150px)] text-token-text-primary focus-visible:outline-2 focus-visible:outline-offset-[-4px]\" dir=\"auto\" data-testid=\"conversation-turn-5\" data-scroll-anchor=\"true\">\n<div class=\"m-auto text-base py-[18px] px-3 md:px-4 w-full md:px-5 lg:px-4 xl:px-5\">\n<div class=\"mx-auto flex flex-1 gap-4 text-base md:gap-5 lg:gap-6 md:max-w-3xl lg:max-w-[40rem] xl:max-w-[48rem]\">\n<div class=\"group\/conversation-turn relative flex w-full min-w-0 flex-col agent-turn\">\n<div class=\"flex-col gap-1 md:gap-3\">\n<div class=\"flex max-w-full flex-col flex-grow\">\n<div class=\"min-h-8 text-message flex w-full flex-col items-end gap-2 whitespace-normal break-words text-start [.text-message+&amp;]:mt-5\" dir=\"auto\" data-message-author-role=\"assistant\" data-message-id=\"e1e13d20-b396-4dc4-abdf-40facc05c4de\" data-message-model-slug=\"gpt-4o\">\n<div class=\"flex w-full flex-col gap-1 empty:hidden first:pt-[3px]\">\n<div class=\"markdown prose w-full break-words dark:prose-invert light\">\n<article class=\"w-full text-token-text-primary focus-visible:outline-2 focus-visible:outline-offset-[-4px]\" dir=\"auto\" data-testid=\"conversation-turn-5\" data-scroll-anchor=\"true\">\n<div class=\"m-auto text-base py-[18px] px-6\">\n<div class=\"mx-auto flex flex-1 text-base gap-4 md:gap-5 lg:gap-6 md:max-w-3xl lg:max-w-[40rem] xl:max-w-[48rem]\">\n<div class=\"group\/conversation-turn relative flex w-full min-w-0 flex-col agent-turn @xs\/thread:px-0 @sm\/thread:px-1.5 @md\/thread:px-4\">\n<div class=\"flex-col gap-1 md:gap-3\">\n<div class=\"flex max-w-full flex-col flex-grow\">\n<div class=\"min-h-8 text-message relative flex w-full flex-col items-end gap-2 whitespace-normal break-words text-start [.text-message+&amp;]:mt-5\" dir=\"auto\" data-message-author-role=\"assistant\" data-message-id=\"51763e35-51b7-4975-b502-ef0fa0dda04b\" data-message-model-slug=\"gpt-4o\">\n<div class=\"flex w-full flex-col gap-1 empty:hidden first:pt-[3px]\">\n<div class=\"markdown prose w-full break-words dark:prose-invert light\">\n<article class=\"w-full text-token-text-primary focus-visible:outline-2 focus-visible:outline-offset-[-4px]\" dir=\"auto\" data-testid=\"conversation-turn-5\" data-scroll-anchor=\"true\">\n<div class=\"m-auto text-base py-[18px] px-6\">\n<div class=\"mx-auto flex flex-1 text-base gap-4 md:gap-5 lg:gap-6 md:max-w-3xl lg:max-w-[40rem] xl:max-w-[48rem]\">\n<div class=\"group\/conversation-turn relative flex w-full min-w-0 flex-col agent-turn @xs\/thread:px-0 @sm\/thread:px-1.5 @md\/thread:px-4\">\n<div class=\"flex-col gap-1 md:gap-3\">\n<div class=\"flex max-w-full flex-col flex-grow\">\n<div class=\"min-h-8 text-message relative flex w-full flex-col items-end gap-2 whitespace-normal break-words text-start [.text-message+&amp;]:mt-5\" dir=\"auto\" data-message-author-role=\"assistant\" data-message-id=\"4c754a9a-1709-446b-b871-9b2c9925ba9e\" data-message-model-slug=\"gpt-4o\">\n<div class=\"flex w-full flex-col gap-1 empty:hidden first:pt-[3px]\">\n<div class=\"markdown prose w-full break-words dark:prose-invert light\">\n<article class=\"text-token-text-primary w-full\" dir=\"auto\" data-testid=\"conversation-turn-6\" data-scroll-anchor=\"true\">\n<div class=\"text-base my-auto mx-auto py-5 px-6\">\n<div class=\"mx-auto flex flex-1 text-base gap-4 md:gap-5 lg:gap-6 md:max-w-3xl lg:max-w-[40rem] xl:max-w-[48rem] group\/turn-messages focus-visible:outline-hidden\" tabindex=\"-1\">\n<div class=\"group\/conversation-turn relative flex w-full min-w-0 flex-col agent-turn @xs\/thread:px-0 @sm\/thread:px-1.5 @md\/thread:px-4\">\n<div class=\"relative flex-col gap-1 md:gap-3\">\n<div class=\"flex max-w-full flex-col grow\">\n<div class=\"min-h-8 text-message relative flex w-full flex-col items-end gap-2 text-start break-words whitespace-normal [.text-message+&amp;]:mt-5\" dir=\"auto\" data-message-author-role=\"assistant\" data-message-id=\"afcfa8c3-75da-410b-b162-8931a8b4a4a5\" data-message-model-slug=\"gpt-4o\">\n<div class=\"flex w-full flex-col gap-1 empty:hidden first:pt-[3px]\">\n<div class=\"markdown prose dark:prose-invert w-full break-words light\">\n<article class=\"text-token-text-primary w-full\" dir=\"auto\" data-testid=\"conversation-turn-4\" data-scroll-anchor=\"true\">\n<div class=\"text-base my-auto mx-auto py-5 px-6\">\n<div class=\"mx-auto flex flex-1 text-base gap-4 md:gap-5 lg:gap-6 md:max-w-3xl lg:max-w-[40rem] xl:max-w-[48rem] group\/turn-messages focus-visible:outline-hidden\" tabindex=\"-1\">\n<div class=\"group\/conversation-turn relative flex w-full min-w-0 flex-col agent-turn @xs\/thread:px-0 @sm\/thread:px-1.5 @md\/thread:px-4\">\n<div class=\"relative flex-col gap-1 md:gap-3\">\n<div class=\"flex max-w-full flex-col grow\">\n<div class=\"min-h-8 text-message relative flex w-full flex-col items-end gap-2 text-start break-words whitespace-normal [.text-message+&amp;]:mt-5\" dir=\"auto\" data-message-author-role=\"assistant\" data-message-id=\"63d9c605-7a14-4a94-9cb9-e62625b7974f\" data-message-model-slug=\"gpt-4o\">\n<div class=\"flex w-full flex-col gap-1 empty:hidden first:pt-[3px]\">\n<div class=\"markdown prose dark:prose-invert w-full break-words light\">\n<p class=\"\" data-start=\"0\" data-end=\"314\">La <strong data-start=\"4\" data-end=\"54\">Vozol Gear Power 20000 Z\u00fcge Einweg E-Zigarette \n\nbecomes \n\n Vozol Gear Power 20000 Caladas E-Cigarrillo Desechable<\/strong> ofrece una innovadora experiencia de vapeo con tecnolog\u00eda S.i.L.C. para tiradas suaves, una bater\u00eda recargable, una pantalla completa para monitoreo en tiempo real, dos modos de potencia para hasta 20.000 tiradas y una selecci\u00f3n de sabores intensos - ahora disponible en <a class=\"\" href=\"https:\/\/alfakherwelt.de\/es\/\" target=\"_new\" rel=\"noopener\" data-start=\"333\" data-end=\"375\">alfakherwelt.de<\/a>.<\/p>\n<\/div>\n<\/div>\n<\/div>\n<\/div>\n<\/div>\n<\/div>\n<\/div>\n<\/div>\n<\/article>\n<\/div>\n<\/div>\n<\/div>\n<\/div>\n<div class=\"mt-3 w-full empty:hidden\">\n<div class=\"text-center\"><\/div>\n<\/div>\n<\/div>\n<div class=\"absolute\">\n<div class=\"flex items-center justify-center\"><\/div>\n<\/div>\n<\/div>\n<\/div>\n<\/div>\n<\/article>\n<\/div>\n<\/div>\n<\/div>\n<\/div>\n<\/div>\n<\/div>\n<\/div>\n<\/div>\n<\/article>\n<\/div>\n<\/div>\n<\/div>\n<\/div>\n<\/div>\n<\/div>\n<\/div>\n<\/div>\n<\/article>\n<\/div>\n<\/div>\n<\/div>\n<\/div>\n<\/div>\n<\/div>\n<\/div>\n<\/div>\n<\/article>\n<\/div>\n<\/div>\n<\/div>\n<\/div>\n<\/div>\n<\/div>\n<\/div>\n<\/div>\n<\/div>\n<\/div>\n<\/div>\n<\/div>\n<\/div>\n<\/article>\n<\/div>\n<\/div>\n<\/div>\n<\/div>\n<\/div>\n<\/div>\n<\/div>\n<\/div>\n<\/div>\n<\/div>\n<\/div>\n<\/div>\n<\/div>\n<\/article>\n<\/div>\n<\/div>\n<\/div>\n<\/div>\n<\/div>\n<\/div>\n<\/div>\n<\/div>\n<\/div>\n<\/div>\n<\/div>\n<\/div>\n<\/div>\n<\/article>\n<\/div>\n<\/div>\n<\/div>\n<\/div>\n<\/div>\n<\/div>\n<\/div>\n<\/div>\n<\/div>\n<div class=\"mt-3 w-full empty:hidden\">\n<div class=\"text-center\"><\/div>\n<\/div>\n<\/div>\n<div class=\"absolute\">\n<div class=\"flex items-center justify-center\"><\/div>\n<\/div>\n<\/div>\n<\/div>\n<\/div>\n<\/article>\n<\/div>\n<\/div>\n<\/div>\n<\/div>\n<\/div>\n<div class=\"md:pt-0 dark:border-white\/20 md:border-transparent md:dark:border-transparent w-full\">\n<div>\n<div class=\"m-auto text-base px-3 md:px-4 w-full md:px-5 lg:px-4 xl:px-5\">\n<div class=\"mx-auto flex flex-1 gap-4 text-base md:gap-5 lg:gap-6 md:max-w-3xl lg:max-w-[40rem] xl:max-w-[48rem]\">\n<div class=\"flex justify-center\"><\/div>\n<\/div>\n<\/div>\n<\/div>\n<\/div>\n<\/div>\n<\/div>\n<\/div>\n<\/div>\n<\/div>\n<\/div>\n<\/div>\n<\/div>\n<\/div>","protected":false},"featured_media":2847,"comment_status":"open","ping_status":"closed","template":"","meta":[],"product_brand":[],"product_cat":[117],"product_tag":[],"class_list":{"0":"post-2864","1":"product","2":"type-product","3":"status-publish","4":"has-post-thumbnail","6":"product_cat-vozol-gear-power-20000","8":"first","9":"instock","10":"sale","11":"shipping-taxable","12":"purchasable","13":"product-type-simple"},"jetpack_sharing_enabled":true,"_links":{"self":[{"href":"https:\/\/alfakherwelt.de\/es\/wp-json\/wp\/v2\/product\/2864","targetHints":{"allow":["GET"]}}],"collection":[{"href":"https:\/\/alfakherwelt.de\/es\/wp-json\/wp\/v2\/product"}],"about":[{"href":"https:\/\/alfakherwelt.de\/es\/wp-json\/wp\/v2\/types\/product"}],"replies":[{"embeddable":true,"href":"https:\/\/alfakherwelt.de\/es\/wp-json\/wp\/v2\/comments?post=2864"}],"wp:featuredmedia":[{"embeddable":true,"href":"https:\/\/alfakherwelt.de\/es\/wp-json\/wp\/v2\/media\/2847"}],"wp:attachment":[{"href":"https:\/\/alfakherwelt.de\/es\/wp-json\/wp\/v2\/media?parent=2864"}],"wp:term":[{"taxonomy":"product_brand","embeddable":true,"href":"https:\/\/alfakherwelt.de\/es\/wp-json\/wp\/v2\/product_brand?post=2864"},{"taxonomy":"product_cat","embeddable":true,"href":"https:\/\/alfakherwelt.de\/es\/wp-json\/wp\/v2\/product_cat?post=2864"},{"taxonomy":"product_tag","embeddable":true,"href":"https:\/\/alfakherwelt.de\/es\/wp-json\/wp\/v2\/product_tag?post=2864"}],"curies":[{"name":"wp","href":"https:\/\/api.w.org\/{rel}","templated":true}]}}