{"id":2856,"date":"2025-04-03T07:06:08","date_gmt":"2025-04-03T07:06:08","guid":{"rendered":"https:\/\/alfakherwelt.de\/?post_type=product&#038;p=2856"},"modified":"2025-09-04T05:55:02","modified_gmt":"2025-09-04T05:55:02","slug":"vozol-gear-power-20000-cigarrillo-e-desechable-dragon-fruit-banana-cherry","status":"publish","type":"product","link":"https:\/\/alfakherwelt.de\/es\/producto\/vozol-gear-power-20000-cigarrillo-e-desechable-dragon-fruit-banana-cherry\/","title":{"rendered":"Vozol Gear Power 20000 Z\u00fcge Einweg E Zigarette \u2013 Fruta drag\u00f3n pl\u00e1tano cereza"},"content":{"rendered":"<div style=\"width: 888px;\" class=\"wp-video\"><video class=\"wp-video-shortcode\" id=\"video-2856-1\" width=\"888\" height=\"498\" preload=\"metadata\" controls=\"controls\"><source type=\"video\/mp4\" src=\"https:\/\/alfakherwelt.de\/wp-content\/uploads\/2025\/04\/VOZOL-GEAR-POWER-20000.mp4?_=1\" \/><a href=\"https:\/\/alfakherwelt.de\/wp-content\/uploads\/2025\/04\/VOZOL-GEAR-POWER-20000.mp4\">https:\/\/alfakherwelt.de\/wp-content\/uploads\/2025\/04\/VOZOL-GEAR-POWER-20000.mp4<\/a><\/video><\/div>\n<p class=\"\" data-start=\"0\" data-end=\"88\"><span class=\"relative -mx-px my-[-0.2rem] rounded-sm px-px py-[0.2rem]\">La <strong data-start=\"4\" data-end=\"54\">Vozol Gear Power 20000 Z\u00fcge Einweg E-Zigarette \n\nbecomes \n\n Vozol Gear Power 20000 Caladas E-Cigarrillo Desechable<\/strong> Establece nuevos est\u00e1ndares en el \u00e1mbito de los vapeadores desechables y ofrece una experiencia de vapeo incomparable para usuarios exigentes.<\/span>\u200b<\/p>\n<h3 data-start=\"90\" data-end=\"112\"><a href=\"https:\/\/alfakherwelt.de\/es\/categoria-de-producto\/request-failed-with-status-code-580\/\"><span class=\"relative -mx-px my-[-0.2rem] rounded-sm px-px py-[0.2rem]\"><strong data-start=\"4\" data-end=\"54\">Vozol Gear Power 20000 Z\u00fcge \n\n(No translation needed for product names and model numbers) <\/strong><\/span><\/a>Descripci\u00f3n del producto<\/h3>\n<p class=\"\" data-start=\"114\" data-end=\"195\"><span class=\"relative -mx-px my-[-0.2rem] rounded-sm px-px py-[0.2rem]\">Este innovador dispositivo combina tecnolog\u00eda de punta con un rendimiento sobresaliente para satisfacer las necesidades de los vapeadores que valoran la durabilidad, el sabor y la facilidad de uso.<\/span>\u200b<\/p>\n<h3 data-start=\"197\" data-end=\"213\">Caracter\u00edsticas principales<\/h3>\n<ul data-start=\"215\" data-end=\"776\">\n<li class=\"\" data-start=\"215\" data-end=\"324\">\n<p class=\"\" data-start=\"217\" data-end=\"324\"><strong data-start=\"217\" data-end=\"241\">S.i.L.C.-Technologie<\/strong>: <span class=\"relative -mx-px my-[-0.2rem] rounded-sm px-px py-[0.2rem]\">Proporciona tiradas uniformes, suaves e intensas en sabor.<\/span><\/p>\n<\/li>\n<li class=\"\" data-start=\"326\" data-end=\"430\">\n<p class=\"\" data-start=\"328\" data-end=\"430\"><strong data-start=\"328\" data-end=\"347\">Modos de doble potencia<\/strong>: <span class=\"relative -mx-px my-[-0.2rem] rounded-sm px-px py-[0.2rem]\">Elige entre el modo Eco con hasta 20.000 disparos o el modo Power con aproximadamente 12.000 disparos, seg\u00fan tus preferencias.<\/span>\u200b<\/p>\n<\/li>\n<li class=\"\" data-start=\"432\" data-end=\"542\">\n<p class=\"\" data-start=\"434\" data-end=\"542\"><strong data-start=\"434\" data-end=\"459\">Sistema de Bobina de Doble Malla<\/strong>: <span class=\"relative -mx-px my-[-0.2rem] rounded-sm px-px py-[0.2rem]\">Mejora la intensidad del sabor y la producci\u00f3n de vapor para una experiencia m\u00e1s intensa.<\/span>\u200b<\/p>\n<\/li>\n<li class=\"\" data-start=\"544\" data-end=\"654\">\n<p class=\"\" data-start=\"546\" data-end=\"654\"><strong data-start=\"546\" data-end=\"567\">Pantalla de vista completa<\/strong>: <span class=\"relative -mx-px my-[-0.2rem] rounded-sm px-px py-[0.2rem]\">Muestra informaci\u00f3n en tiempo real sobre el estado de la bater\u00eda y el l\u00edquido electr\u00f3nico restante, para tener siempre una visi\u00f3n general.<\/span>\u200b<\/p>\n<\/li>\n<li class=\"\" data-start=\"656\" data-end=\"776\">\n<p class=\"\" data-start=\"658\" data-end=\"776\"><strong data-start=\"658\" data-end=\"689\">20 ml de l\u00edquido electr\u00f3nico precargado<\/strong>: <span class=\"relative -mx-px my-[-0.2rem] rounded-sm px-px py-[0.2rem]\">Con una fuerza de nicotina de 5 % (50 mg) para un placer duradero sin necesidad de rellenar frecuentemente.<\/span>\u200b<\/p>\n<\/li>\n<\/ul>\n<h3 data-start=\"778\" data-end=\"821\">Por qu\u00e9 la <a href=\"https:\/\/alfakherwelt.de\/es\/categoria-de-producto\/request-failed-with-status-code-580\/\">Vozol Gear Power 20000<\/a> elegir<\/h3>\n<p class=\"\" data-start=\"823\" data-end=\"908\"><span class=\"relative -mx-px my-[-0.2rem] rounded-sm px-px py-[0.2rem]\">La combinaci\u00f3n de alta capacidad, tecnolog\u00eda avanzada y funciones f\u00e1ciles de usar hace que este dispositivo sea la elecci\u00f3n ideal para los vapeadores que buscan una experiencia de vapeo fiable e intensa.<\/span>\u200b<\/p>\n<h3 data-start=\"910\" data-end=\"944\">Sabor disponible<\/h3>\n<p class=\"\" data-start=\"949\" data-end=\"1053\">\u200b<strong data-start=\"1058\" data-end=\"1090\">Fruta del drag\u00f3n Pl\u00e1tano Cereza<\/strong>: <span class=\"relative -mx-px my-[-0.2rem] rounded-sm px-px py-[0.2rem]\">Una combinaci\u00f3n ex\u00f3tica de dulce pitahaya, pl\u00e1tano cremoso y cerezas jugosas, que ofrece una experiencia gustativa tropical.<\/span>assistant\n\nThere is no text to translate.<\/p>\n<h3 data-start=\"1516\" data-end=\"1549\">Preguntas frecuentes (FAQs)<\/h3>\n<p class=\"\" data-start=\"1551\" data-end=\"1597\"><strong data-start=\"1551\" data-end=\"1597\">Cu\u00e1nto tiempo dura la Vozol Gear Power 20000?<\/strong><\/p>\n<p class=\"\" data-start=\"1599\" data-end=\"1684\"><span class=\"relative -mx-px my-[-0.2rem] rounded-sm px-px py-[0.2rem]\">Seg\u00fan el modo seleccionado, el dispositivo ofrece hasta 20.000 bocanegra en el modo Eco y alrededor de 12.000 bocanegra en el modo Power.<\/span>\u200b<\/p>\n<p class=\"\" data-start=\"1686\" data-end=\"1747\"><strong data-start=\"1686\" data-end=\"1747\">Puedo verificar el nivel de la bater\u00eda y el nivel de E-Liquid.<\/strong><\/p>\n<p class=\"\" data-start=\"1749\" data-end=\"1834\"><span class=\"relative -mx-px my-[-0.2rem] rounded-sm px-px py-[0.2rem]\">S\u00ed, la pantalla Full-View muestra en tiempo real el estado actual de la bater\u00eda y el nivel de E-Liquid restante.<\/span>\u200b<\/p>\n<p class=\"\" data-start=\"1836\" data-end=\"1870\"><strong data-start=\"1836\" data-end=\"1870\">\u00bfEs el dispositivo recargable?<\/strong><\/p>\n<p class=\"\" data-start=\"1872\" data-end=\"1957\"><span class=\"relative -mx-px my-[-0.2rem] rounded-sm px-px py-[0.2rem]\">S\u00ed, el Vozol Gear Power 20000 cuenta con una bater\u00eda recargable de 650 mAh que se puede cargar de manera r\u00e1pida y conveniente a trav\u00e9s de una conexi\u00f3n USB-C.<\/span>\u200b<\/p>\n<p class=\"\" data-start=\"1959\" data-end=\"2011\"><strong data-start=\"1959\" data-end=\"2011\">D\u00f3nde puedo comprar el Vozol Gear Power 20000?<\/strong><\/p>\n<p class=\"\" data-start=\"2013\" data-end=\"2098\"><span class=\"relative -mx-px my-[-0.2rem] rounded-sm px-px py-[0.2rem]\">Puede encontrar este producto en nuestro sitio web <a href=\"https:\/\/alfakherwelt.de\/es\/\" target=\"_new\" rel=\"noopener noreferrer\" data-start=\"46\" data-end=\"92\">alfakherwelt.de<\/a> adquirir. Somos la mayor plataforma de ventas en l\u00ednea de cigarrillos electr\u00f3nicos desechables en Alemania y ofrecemos una amplia selecci\u00f3n de productos para sus necesidades.<\/span><\/p>\n<p class=\"\" data-start=\"2013\" data-end=\"2098\"><img loading=\"lazy\" decoding=\"async\" class=\"alignnone wp-image-2844 size-full\" src=\"https:\/\/alfakherwelt.de\/wp-content\/uploads\/2025\/04\/Vozol-gear-power-20000-7-scaled.webp\" alt=\"Vozol Gear Power 20000 Z\u00fcge Einweg E Zigarette - Fruta drag\u00f3n pl\u00e1tano cereza\" width=\"2560\" height=\"1440\" title=\"\" srcset=\"https:\/\/alfakherwelt.de\/wp-content\/uploads\/2025\/04\/Vozol-gear-power-20000-7-scaled.webp 2560w, https:\/\/alfakherwelt.de\/wp-content\/uploads\/2025\/04\/Vozol-gear-power-20000-7-300x169.webp 300w, https:\/\/alfakherwelt.de\/wp-content\/uploads\/2025\/04\/Vozol-gear-power-20000-7-1024x576.webp 1024w, https:\/\/alfakherwelt.de\/wp-content\/uploads\/2025\/04\/Vozol-gear-power-20000-7-768x432.webp 768w, https:\/\/alfakherwelt.de\/wp-content\/uploads\/2025\/04\/Vozol-gear-power-20000-7-1536x864.webp 1536w, https:\/\/alfakherwelt.de\/wp-content\/uploads\/2025\/04\/Vozol-gear-power-20000-7-2048x1152.webp 2048w, https:\/\/alfakherwelt.de\/wp-content\/uploads\/2025\/04\/Vozol-gear-power-20000-7-18x10.webp 18w, https:\/\/alfakherwelt.de\/wp-content\/uploads\/2025\/04\/Vozol-gear-power-20000-7-600x338.webp 600w\" sizes=\"auto, (max-width: 2560px) 100vw, 2560px\" \/>\u200b<\/p>\n<p class=\"\" data-start=\"2100\" data-end=\"2142\"><strong data-start=\"2100\" data-end=\"2142\">\u00bfCu\u00e1l es la concentraci\u00f3n de nicotina del l\u00edquido electr\u00f3nico?<\/strong><\/p>\n<p class=\"\" data-start=\"2144\" data-end=\"2229\"><span class=\"relative -mx-px my-[-0.2rem] rounded-sm px-px py-[0.2rem]\">El dispositivo est\u00e1 precargado con 20 ml de E-Liquid, que tiene una fuerza de nicotina de 5% (50 mg).<\/span>\u200b<\/p>\n<p class=\"\" data-start=\"2231\" data-end=\"2289\"><strong data-start=\"2231\" data-end=\"2289\">\u00bfHay diferentes sabores para elegir?<\/strong><\/p>\n<p class=\"\" data-start=\"2291\" data-end=\"2376\"><span class=\"relative -mx-px my-[-0.2rem] rounded-sm px-px py-[0.2rem]\">S\u00ed, la Vozol Gear Power 20000 est\u00e1 disponible en varios sabores, incluyendo Blue Mojito, Fruta del drag\u00f3n pl\u00e1tano cereza, Menta de lim\u00f3n, Bayas mixtas y Frambuesa sand\u00eda.<\/span>\u200b<\/p>\n<p class=\"\" data-start=\"2378\" data-end=\"2421\"><strong data-start=\"2378\" data-end=\"2421\">\u00bfEs complicado usar el dispositivo?<\/strong><\/p>\n<p class=\"\" data-start=\"2423\" data-end=\"2508\"><span class=\"relative -mx-px my-[-0.2rem] rounded-sm px-px py-[0.2rem]\">No, el Vozol Gear Power 20000 est\u00e1 dise\u00f1ado de manera amigable para el usuario y no requiere configuraciones complicadas. Simplemente desempaquete, cargue y disfrute.<\/span>\u200b<\/p>\n<p class=\"\" data-start=\"2510\" data-end=\"2562\"><strong data-start=\"2510\" data-end=\"2562\">C\u00f3mo se cambia entre los modos de potencia?<\/strong><\/p>\n<p class=\"\" data-start=\"2564\" data-end=\"2649\"><span class=\"relative -mx-px my-[-0.2rem] rounded-sm px-px py-[0.2rem]\">El dispositivo le permite cambiar entre el modo Eco y Power para personalizar su experiencia de vapeo.<\/span>\u200b<\/p>\n<p class=\"\" data-start=\"2651\" data-end=\"2686\"><strong data-start=\"2651\" data-end=\"2686\">\u00bfEs el dispositivo ecol\u00f3gico?<\/strong><\/p>\n<p class=\"\" data-start=\"2688\" data-end=\"2773\"><span class=\"relative -mx-px my-[-0.2rem] rounded-sm px-px py-[0.2rem]\">La Vozol Gear Power 20000 fue dise\u00f1ada con la sostenibilidad en mente y ofrece un uso duradero, lo que reduce el desperdicio.<\/span>\u200b<\/p>\n<p class=\"\" data-start=\"2775\" data-end=\"2829\"><strong data-start=\"2775\" data-end=\"2829\">\u00bfOfrece alfakherwelt.de env\u00edo internacional?<\/strong><\/p>\n<p class=\"\" data-start=\"2831\" data-end=\"2916\"><span class=\"relative -mx-px my-[-0.2rem] rounded-sm px-px py-[0.2rem]\">Actualmente, solo hacemos entregas dentro de Alemania para ofrecer a nuestros clientes el mejor servicio posible.<\/span><\/p>\n<p class=\"\" data-start=\"2918\" data-end=\"3003\"><span class=\"relative -mx-px my-[-0.2rem] rounded-sm px-px py-[0.2rem]\">Para una experiencia de vapeo incomparable, visite <a href=\"https:\/\/alfakherwelt.de\/es\/\" target=\"_new\" rel=\"noopener noreferrer\" data-start=\"53\" data-end=\"99\">alfakherwelt.de<\/a> y descubra la Vozol Gear Power 20000 Z\u00fcge Einweg E-Zigarette as\u00ed como nuestra amplia selecci\u00f3n de otros productos de alta calidad.<\/span><\/p>","protected":false},"excerpt":{"rendered":"<div class=\"flex-shrink-0 flex flex-col relative items-end\">\n<div class=\"pt-0\">\n<div class=\"gizmo-shadow-stroke flex h-8 w-8 items-center justify-center overflow-hidden rounded-full\">\n<div class=\"h-full w-full\">\n<div class=\"flex-shrink-0 flex flex-col relative items-end\">\n<div class=\"pt-0\">\n<div class=\"gizmo-shadow-stroke flex h-8 w-8 items-center justify-center overflow-hidden rounded-full\">\n<div class=\"h-full w-full\">\n<div class=\"gizmo-shadow-stroke overflow-hidden rounded-full\">\n<div class=\"flex-1 overflow-hidden\">\n<div class=\"h-full\">\n<div class=\"react-scroll-to-bottom--css-nphjn-79elbk h-full\">\n<div class=\"react-scroll-to-bottom--css-nphjn-1n7m0yu\">\n<div class=\"flex flex-col text-sm md:pb-9\">\n<article class=\"w-full scroll-mb-[var(--thread-trailing-height,150px)] text-token-text-primary focus-visible:outline-2 focus-visible:outline-offset-[-4px]\" dir=\"auto\" data-testid=\"conversation-turn-5\" data-scroll-anchor=\"true\">\n<div class=\"m-auto text-base py-[18px] px-3 md:px-4 w-full md:px-5 lg:px-4 xl:px-5\">\n<div class=\"mx-auto flex flex-1 gap-4 text-base md:gap-5 lg:gap-6 md:max-w-3xl lg:max-w-[40rem] xl:max-w-[48rem]\">\n<div class=\"group\/conversation-turn relative flex w-full min-w-0 flex-col agent-turn\">\n<div class=\"flex-col gap-1 md:gap-3\">\n<div class=\"flex max-w-full flex-col flex-grow\">\n<div class=\"min-h-8 text-message flex w-full flex-col items-end gap-2 whitespace-normal break-words [.text-message+&amp;]:mt-5\" dir=\"auto\" data-message-author-role=\"assistant\" data-message-id=\"1982dcee-f0f5-4cfa-a269-fdbaed43d922\" data-message-model-slug=\"gpt-4o\">\n<div class=\"flex w-full flex-col gap-1 empty:hidden first:pt-[3px]\">\n<div class=\"markdown prose w-full break-words dark:prose-invert light\">\n<div class=\"flex-1 overflow-hidden\">\n<div class=\"h-full\">\n<div class=\"react-scroll-to-bottom--css-xrsce-79elbk h-full\">\n<div class=\"react-scroll-to-bottom--css-xrsce-1n7m0yu\">\n<div class=\"flex flex-col text-sm md:pb-9\">\n<article class=\"w-full scroll-mb-[var(--thread-trailing-height,150px)] text-token-text-primary focus-visible:outline-2 focus-visible:outline-offset-[-4px]\" dir=\"auto\" data-testid=\"conversation-turn-5\" data-scroll-anchor=\"true\">\n<div class=\"m-auto text-base py-[18px] px-3 md:px-4 w-full md:px-5 lg:px-4 xl:px-5\">\n<div class=\"mx-auto flex flex-1 gap-4 text-base md:gap-5 lg:gap-6 md:max-w-3xl lg:max-w-[40rem] xl:max-w-[48rem]\">\n<div class=\"group\/conversation-turn relative flex w-full min-w-0 flex-col agent-turn\">\n<div class=\"flex-col gap-1 md:gap-3\">\n<div class=\"flex max-w-full flex-col flex-grow\">\n<div class=\"min-h-8 text-message flex w-full flex-col items-end gap-2 whitespace-normal break-words [.text-message+&amp;]:mt-5\" dir=\"auto\" data-message-author-role=\"assistant\" data-message-id=\"1a0c8d71-a6be-4cc9-b460-deb3e7ecbf47\" data-message-model-slug=\"gpt-4o\">\n<div class=\"flex w-full flex-col gap-1 empty:hidden first:pt-[3px]\">\n<div class=\"markdown prose w-full break-words dark:prose-invert light\">\n<div class=\"flex-1 overflow-hidden\">\n<div class=\"h-full\">\n<div class=\"react-scroll-to-bottom--css-gqbzc-79elbk h-full\">\n<div class=\"react-scroll-to-bottom--css-gqbzc-1n7m0yu\">\n<div class=\"flex flex-col text-sm md:pb-9\">\n<article class=\"w-full scroll-mb-[var(--thread-trailing-height,150px)] text-token-text-primary focus-visible:outline-2 focus-visible:outline-offset-[-4px]\" dir=\"auto\" data-testid=\"conversation-turn-5\" data-scroll-anchor=\"true\">\n<div class=\"m-auto text-base py-[18px] px-3 md:px-4 w-full md:px-5 lg:px-4 xl:px-5\">\n<div class=\"mx-auto flex flex-1 gap-4 text-base md:gap-5 lg:gap-6 md:max-w-3xl lg:max-w-[40rem] xl:max-w-[48rem]\">\n<div class=\"group\/conversation-turn relative flex w-full min-w-0 flex-col agent-turn\">\n<div class=\"flex-col gap-1 md:gap-3\">\n<div class=\"flex max-w-full flex-col flex-grow\">\n<div class=\"min-h-8 text-message flex w-full flex-col items-end gap-2 whitespace-normal break-words [.text-message+&amp;]:mt-5\" dir=\"auto\" data-message-author-role=\"assistant\" data-message-id=\"ca066132-0777-4603-995e-a689971b3380\" data-message-model-slug=\"gpt-4o\">\n<div class=\"flex w-full flex-col gap-1 empty:hidden first:pt-[3px]\">\n<div class=\"markdown prose w-full break-words dark:prose-invert light\">\n<div class=\"flex-1 overflow-hidden @container\/thread\">\n<div class=\"h-full\">\n<div class=\"react-scroll-to-bottom--css-rkqgb-79elbk h-full\">\n<div class=\"react-scroll-to-bottom--css-rkqgb-1n7m0yu\">\n<div class=\"flex flex-col text-sm md:pb-9\">\n<article class=\"w-full scroll-mb-[var(--thread-trailing-height,150px)] text-token-text-primary focus-visible:outline-2 focus-visible:outline-offset-[-4px]\" dir=\"auto\" data-testid=\"conversation-turn-9\" data-scroll-anchor=\"true\">\n<div class=\"m-auto text-base py-[18px] px-3 md:px-4 w-full md:px-5 lg:px-4 xl:px-5\">\n<div class=\"mx-auto flex flex-1 gap-4 text-base md:gap-5 lg:gap-6 md:max-w-3xl lg:max-w-[40rem] xl:max-w-[48rem]\">\n<div class=\"group\/conversation-turn relative flex w-full min-w-0 flex-col agent-turn\">\n<div class=\"flex-col gap-1 md:gap-3\">\n<div class=\"flex max-w-full flex-col flex-grow\">\n<div class=\"min-h-8 text-message flex w-full flex-col items-end gap-2 whitespace-normal break-words text-start [.text-message+&amp;]:mt-5\" dir=\"auto\" data-message-author-role=\"assistant\" data-message-id=\"87137e43-9a3e-4479-90ac-22c23781ee39\" data-message-model-slug=\"gpt-4o\">\n<div class=\"flex w-full flex-col gap-1 empty:hidden first:pt-[3px]\">\n<div class=\"markdown prose w-full break-words dark:prose-invert light\">\n<div class=\"flex-1 overflow-hidden @container\/thread\">\n<div class=\"h-full\">\n<div class=\"react-scroll-to-bottom--css-cgxka-79elbk h-full\">\n<div class=\"react-scroll-to-bottom--css-cgxka-1n7m0yu\">\n<div class=\"flex flex-col text-sm md:pb-9\">\n<article class=\"w-full scroll-mb-[var(--thread-trailing-height,150px)] text-token-text-primary focus-visible:outline-2 focus-visible:outline-offset-[-4px]\" dir=\"auto\" data-testid=\"conversation-turn-5\" data-scroll-anchor=\"true\">\n<div class=\"m-auto text-base py-[18px] px-3 md:px-4 w-full md:px-5 lg:px-4 xl:px-5\">\n<div class=\"mx-auto flex flex-1 gap-4 text-base md:gap-5 lg:gap-6 md:max-w-3xl lg:max-w-[40rem] xl:max-w-[48rem]\">\n<div class=\"group\/conversation-turn relative flex w-full min-w-0 flex-col agent-turn\">\n<div class=\"flex-col gap-1 md:gap-3\">\n<div class=\"flex max-w-full flex-col flex-grow\">\n<div class=\"min-h-8 text-message flex w-full flex-col items-end gap-2 whitespace-normal break-words text-start [.text-message+&amp;]:mt-5\" dir=\"auto\" data-message-author-role=\"assistant\" data-message-id=\"e1e13d20-b396-4dc4-abdf-40facc05c4de\" data-message-model-slug=\"gpt-4o\">\n<div class=\"flex w-full flex-col gap-1 empty:hidden first:pt-[3px]\">\n<div class=\"markdown prose w-full break-words dark:prose-invert light\">\n<article class=\"w-full text-token-text-primary focus-visible:outline-2 focus-visible:outline-offset-[-4px]\" dir=\"auto\" data-testid=\"conversation-turn-5\" data-scroll-anchor=\"true\">\n<div class=\"m-auto text-base py-[18px] px-6\">\n<div class=\"mx-auto flex flex-1 text-base gap-4 md:gap-5 lg:gap-6 md:max-w-3xl lg:max-w-[40rem] xl:max-w-[48rem]\">\n<div class=\"group\/conversation-turn relative flex w-full min-w-0 flex-col agent-turn @xs\/thread:px-0 @sm\/thread:px-1.5 @md\/thread:px-4\">\n<div class=\"flex-col gap-1 md:gap-3\">\n<div class=\"flex max-w-full flex-col flex-grow\">\n<div class=\"min-h-8 text-message relative flex w-full flex-col items-end gap-2 whitespace-normal break-words text-start [.text-message+&amp;]:mt-5\" dir=\"auto\" data-message-author-role=\"assistant\" data-message-id=\"51763e35-51b7-4975-b502-ef0fa0dda04b\" data-message-model-slug=\"gpt-4o\">\n<div class=\"flex w-full flex-col gap-1 empty:hidden first:pt-[3px]\">\n<div class=\"markdown prose w-full break-words dark:prose-invert light\">\n<article class=\"w-full text-token-text-primary focus-visible:outline-2 focus-visible:outline-offset-[-4px]\" dir=\"auto\" data-testid=\"conversation-turn-5\" data-scroll-anchor=\"true\">\n<div class=\"m-auto text-base py-[18px] px-6\">\n<div class=\"mx-auto flex flex-1 text-base gap-4 md:gap-5 lg:gap-6 md:max-w-3xl lg:max-w-[40rem] xl:max-w-[48rem]\">\n<div class=\"group\/conversation-turn relative flex w-full min-w-0 flex-col agent-turn @xs\/thread:px-0 @sm\/thread:px-1.5 @md\/thread:px-4\">\n<div class=\"flex-col gap-1 md:gap-3\">\n<div class=\"flex max-w-full flex-col flex-grow\">\n<div class=\"min-h-8 text-message relative flex w-full flex-col items-end gap-2 whitespace-normal break-words text-start [.text-message+&amp;]:mt-5\" dir=\"auto\" data-message-author-role=\"assistant\" data-message-id=\"4c754a9a-1709-446b-b871-9b2c9925ba9e\" data-message-model-slug=\"gpt-4o\">\n<div class=\"flex w-full flex-col gap-1 empty:hidden first:pt-[3px]\">\n<div class=\"markdown prose w-full break-words dark:prose-invert light\">\n<article class=\"text-token-text-primary w-full\" dir=\"auto\" data-testid=\"conversation-turn-6\" data-scroll-anchor=\"true\">\n<div class=\"text-base my-auto mx-auto py-5 px-6\">\n<div class=\"mx-auto flex flex-1 text-base gap-4 md:gap-5 lg:gap-6 md:max-w-3xl lg:max-w-[40rem] xl:max-w-[48rem] group\/turn-messages focus-visible:outline-hidden\" tabindex=\"-1\">\n<div class=\"group\/conversation-turn relative flex w-full min-w-0 flex-col agent-turn @xs\/thread:px-0 @sm\/thread:px-1.5 @md\/thread:px-4\">\n<div class=\"relative flex-col gap-1 md:gap-3\">\n<div class=\"flex max-w-full flex-col grow\">\n<div class=\"min-h-8 text-message relative flex w-full flex-col items-end gap-2 text-start break-words whitespace-normal [.text-message+&amp;]:mt-5\" dir=\"auto\" data-message-author-role=\"assistant\" data-message-id=\"afcfa8c3-75da-410b-b162-8931a8b4a4a5\" data-message-model-slug=\"gpt-4o\">\n<div class=\"flex w-full flex-col gap-1 empty:hidden first:pt-[3px]\">\n<div class=\"markdown prose dark:prose-invert w-full break-words light\">\n<article class=\"text-token-text-primary w-full\" dir=\"auto\" data-testid=\"conversation-turn-4\" data-scroll-anchor=\"true\">\n<div class=\"text-base my-auto mx-auto py-5 px-6\">\n<div class=\"mx-auto flex flex-1 text-base gap-4 md:gap-5 lg:gap-6 md:max-w-3xl lg:max-w-[40rem] xl:max-w-[48rem] group\/turn-messages focus-visible:outline-hidden\" tabindex=\"-1\">\n<div class=\"group\/conversation-turn relative flex w-full min-w-0 flex-col agent-turn @xs\/thread:px-0 @sm\/thread:px-1.5 @md\/thread:px-4\">\n<div class=\"relative flex-col gap-1 md:gap-3\">\n<div class=\"flex max-w-full flex-col grow\">\n<div class=\"min-h-8 text-message relative flex w-full flex-col items-end gap-2 text-start break-words whitespace-normal [.text-message+&amp;]:mt-5\" dir=\"auto\" data-message-author-role=\"assistant\" data-message-id=\"63d9c605-7a14-4a94-9cb9-e62625b7974f\" data-message-model-slug=\"gpt-4o\">\n<div class=\"flex w-full flex-col gap-1 empty:hidden first:pt-[3px]\">\n<div class=\"markdown prose dark:prose-invert w-full break-words light\">\n<p class=\"\" data-start=\"0\" data-end=\"314\">La <strong data-start=\"4\" data-end=\"54\">Vozol Gear Power 20000 Z\u00fcge Einweg E-Zigarette \n\nbecomes \n\n Vozol Gear Power 20000 Caladas E-Cigarrillo Desechable<\/strong> ofrece con la tecnolog\u00eda S.i.L.C. m\u00e1s moderna, modos de potencia duales, una pantalla Full View y una experiencia de sabor intensa gracias al sistema de bobina de malla dual, una experiencia de vapeo duradera, c\u00f3moda e intensa en sabor con hasta 20.000 bocanadas.<\/p>\n<\/div>\n<\/div>\n<\/div>\n<\/div>\n<\/div>\n<\/div>\n<\/div>\n<\/div>\n<\/article>\n<\/div>\n<\/div>\n<\/div>\n<\/div>\n<div class=\"mt-3 w-full empty:hidden\">\n<div class=\"text-center\"><\/div>\n<\/div>\n<\/div>\n<div class=\"absolute\">\n<div class=\"flex items-center justify-center\"><\/div>\n<\/div>\n<\/div>\n<\/div>\n<\/div>\n<\/article>\n<\/div>\n<\/div>\n<\/div>\n<\/div>\n<\/div>\n<\/div>\n<\/div>\n<\/div>\n<\/article>\n<\/div>\n<\/div>\n<\/div>\n<\/div>\n<\/div>\n<\/div>\n<\/div>\n<\/div>\n<\/article>\n<\/div>\n<\/div>\n<\/div>\n<\/div>\n<\/div>\n<\/div>\n<\/div>\n<\/div>\n<\/article>\n<\/div>\n<\/div>\n<\/div>\n<\/div>\n<\/div>\n<\/div>\n<\/div>\n<\/div>\n<\/div>\n<\/div>\n<\/div>\n<\/div>\n<\/div>\n<\/article>\n<\/div>\n<\/div>\n<\/div>\n<\/div>\n<\/div>\n<\/div>\n<\/div>\n<\/div>\n<\/div>\n<\/div>\n<\/div>\n<\/div>\n<\/div>\n<\/article>\n<\/div>\n<\/div>\n<\/div>\n<\/div>\n<\/div>\n<\/div>\n<\/div>\n<\/div>\n<\/div>\n<\/div>\n<\/div>\n<\/div>\n<\/div>\n<\/article>\n<\/div>\n<\/div>\n<\/div>\n<\/div>\n<\/div>\n<\/div>\n<\/div>\n<\/div>\n<\/div>\n<div class=\"mt-3 w-full empty:hidden\">\n<div class=\"text-center\"><\/div>\n<\/div>\n<\/div>\n<div class=\"absolute\">\n<div class=\"flex items-center justify-center\"><\/div>\n<\/div>\n<\/div>\n<\/div>\n<\/div>\n<\/article>\n<\/div>\n<\/div>\n<\/div>\n<\/div>\n<\/div>\n<div class=\"md:pt-0 dark:border-white\/20 md:border-transparent md:dark:border-transparent w-full\">\n<div>\n<div class=\"m-auto text-base px-3 md:px-4 w-full md:px-5 lg:px-4 xl:px-5\">\n<div class=\"mx-auto flex flex-1 gap-4 text-base md:gap-5 lg:gap-6 md:max-w-3xl lg:max-w-[40rem] xl:max-w-[48rem]\">\n<div class=\"flex justify-center\"><\/div>\n<\/div>\n<\/div>\n<\/div>\n<\/div>\n<\/div>\n<\/div>\n<\/div>\n<\/div>\n<\/div>\n<\/div>\n<\/div>\n<\/div>\n<\/div>","protected":false},"featured_media":2847,"comment_status":"open","ping_status":"closed","template":"","meta":[],"product_brand":[],"product_cat":[117],"product_tag":[],"class_list":{"0":"post-2856","1":"product","2":"type-product","3":"status-publish","4":"has-post-thumbnail","6":"product_cat-vozol-gear-power-20000","8":"first","9":"instock","10":"sale","11":"shipping-taxable","12":"purchasable","13":"product-type-simple"},"jetpack_sharing_enabled":true,"_links":{"self":[{"href":"https:\/\/alfakherwelt.de\/es\/wp-json\/wp\/v2\/product\/2856","targetHints":{"allow":["GET"]}}],"collection":[{"href":"https:\/\/alfakherwelt.de\/es\/wp-json\/wp\/v2\/product"}],"about":[{"href":"https:\/\/alfakherwelt.de\/es\/wp-json\/wp\/v2\/types\/product"}],"replies":[{"embeddable":true,"href":"https:\/\/alfakherwelt.de\/es\/wp-json\/wp\/v2\/comments?post=2856"}],"wp:featuredmedia":[{"embeddable":true,"href":"https:\/\/alfakherwelt.de\/es\/wp-json\/wp\/v2\/media\/2847"}],"wp:attachment":[{"href":"https:\/\/alfakherwelt.de\/es\/wp-json\/wp\/v2\/media?parent=2856"}],"wp:term":[{"taxonomy":"product_brand","embeddable":true,"href":"https:\/\/alfakherwelt.de\/es\/wp-json\/wp\/v2\/product_brand?post=2856"},{"taxonomy":"product_cat","embeddable":true,"href":"https:\/\/alfakherwelt.de\/es\/wp-json\/wp\/v2\/product_cat?post=2856"},{"taxonomy":"product_tag","embeddable":true,"href":"https:\/\/alfakherwelt.de\/es\/wp-json\/wp\/v2\/product_tag?post=2856"}],"curies":[{"name":"wp","href":"https:\/\/api.w.org\/{rel}","templated":true}]}}