{"id":284,"date":"2024-09-04T01:48:02","date_gmt":"2024-09-04T01:48:02","guid":{"rendered":"https:\/\/alfakherwelt.de\/?post_type=product&#038;p=284"},"modified":"2025-05-12T06:57:14","modified_gmt":"2025-05-12T06:57:14","slug":"al-fakher-crown-bar-8000-inhalaciones-cigarrillo-electronico-desechable-cereza-frambuesa","status":"publish","type":"product","link":"https:\/\/alfakherwelt.de\/es\/producto\/al-fakher-crown-bar-8000-inhalaciones-cigarrillo-electronico-desechable-cereza-frambuesa\/","title":{"rendered":"AL Fakher Crown Bar 8000 Z\u00fcge Einweg E Zigarette \u2013 Cherry Raspberry \n\nse convierte en \n\nAL Fakher Crown Bar 8000 caladas cigarrillo electr\u00f3nico desechable \u2013 Cereza Frambuesa"},"content":{"rendered":"<div style=\"width: 360px;\" class=\"wp-video\"><video class=\"wp-video-shortcode\" id=\"video-284-1\" width=\"360\" height=\"640\" preload=\"metadata\" controls=\"controls\"><source type=\"video\/mp4\" src=\"https:\/\/alfakherwelt.de\/wp-content\/uploads\/2024\/09\/AL-Fakher-Vape-Berry-Mint.mp4?_=1\" \/><a href=\"https:\/\/alfakherwelt.de\/wp-content\/uploads\/2024\/09\/AL-Fakher-Vape-Berry-Mint.mp4\">https:\/\/alfakherwelt.de\/wp-content\/uploads\/2024\/09\/AL-Fakher-Vape-Berry-Mint.mp4<\/a><\/video><\/div>\n<h2><a href=\"https:\/\/alfakherwelt.de\/es\/\">AL Fakher<\/a> Crown Bar 8000 Z\u00fcge \u2013 La Elecci\u00f3n Perfecta para Entusiastas de Vapeo en Alemania<\/h2>\n<p>Si est\u00e1s buscando un cigarrillo electr\u00f3nico desechable de alta calidad, duradero y con un sabor sobresaliente, entonces el <strong>AL Fakher Crown Bar 8000 Z\u00fcge \n\nbecomes \n\nAL Fakher Crown Bar 8000 tiradas<\/strong> exactamente lo correcto para usted. Este producto combina la cultura tradicional de shisha con la tecnolog\u00eda de vapeo m\u00e1s moderna y es imprescindible para cualquiera que valore la calidad y el estilo. Disponible en nuestra tienda en l\u00ednea, alfakherwelt.de, la mayor plataforma para vaporizadores desechables en Alemania.<\/p>\n<h3>Est\u00e9tica y portabilidad - El dise\u00f1o se encuentra con la funci\u00f3n<\/h3>\n<p>Der <a href=\"https:\/\/alfakherwelt.de\/es\/categoria-de-producto\/barra-de-corona-al-fakher-8000\/\"><strong>AL Fakher Crown Bar 8000 Z\u00fcge \n\nbecomes \n\nAL Fakher Crown Bar 8000 tiradas<\/strong><\/a> Impresiona no solo por sus capacidades t\u00e9cnicas, sino tambi\u00e9n por su dise\u00f1o est\u00e9tico. El dise\u00f1o elegante y colorido con la marca grabada finamente hace que este vapeador sea un verdadero llamativo. Gracias a su construcci\u00f3n compacta y ligera, se ajusta perfectamente en la mano y es ideal para uso m\u00f3vil. La boquilla alargada ofrece un confort adicional y protege los labios en cada inhalaci\u00f3n. El uso de materiales de alta calidad garantiza una construcci\u00f3n robusta que resiste incluso las condiciones m\u00e1s duras.<\/p>\n<h3>F\u00e1cil manejo gracias a la activaci\u00f3n por tracci\u00f3n y durabilidad<\/h3>\n<p>La operaci\u00f3n del <a href=\"https:\/\/alfakherwelt.de\/es\/categoria-de-producto\/barra-de-corona-al-fakher-8000\/\"><strong>AL Fakher Crown Bar 8000 Z\u00fcge \n\nbecomes \n\nAL Fakher Crown Bar 8000 tiradas<\/strong><\/a> Es muy sencillo y no requiere conocimientos t\u00e9cnicos previos. El dispositivo est\u00e1 equipado con un sistema activado por tirada que se enciende autom\u00e1ticamente cuando se toma una tirada. Una bater\u00eda recargable integrada de 600mAh garantiza un uso ininterrumpido. Gracias al moderno conector Tipo-C, la bater\u00eda se carga r\u00e1pidamente, lo que le permite disfrutar de hasta 8000 tiradas impresionantes. Con un contenido de nicotina del 5% (50mg), el l\u00edquido electr\u00f3nico de sal de nicotina precargado de 18ml ofrece un placer intenso y duradero. Una vez que se agota el l\u00edquido electr\u00f3nico, una luz intermitente indica que es hora de desechar el dispositivo.<\/p>\n<h3>Experiencia gastron\u00f3mica de m\u00e1ximo nivel - Variados aromas para todos los gustos<\/h3>\n<p>Un punto culminante especial del <a href=\"https:\/\/alfakherwelt.de\/es\/categoria-de-producto\/barra-de-corona-al-fakher-8000\/\"><strong>AL Fakher Crown Bar 8000 Z\u00fcge \n\nbecomes \n\nAL Fakher Crown Bar 8000 tiradas<\/strong><\/a> Es la amplia gama de sabores. Desde sabores frutales hasta cl\u00e1sicos aromas de tabaco, este vape ofrece la experiencia perfecta para todos los gustos. Sorpr\u00e9ndase con los aromas intensos y naturales que se liberan con cada calada y garantizan una experiencia de vapeo inigualable.<\/p>\n<h4>Sabor Cereza Frambuesa - Un placer afrutado<\/h4>\n<p>Der <strong>Cereza Frambuesa<\/strong> El sabor del AL Fakher Crown Bar es un equilibrio perfecto entre cerezas dulces y frambuesas jugosas. Con cada calada, se despliega un aroma rico y afrutado que combina la dulzura de la cereza con la frescura ligeramente \u00e1cida de la frambuesa. Esta combinaci\u00f3n proporciona una experiencia gustativa que recuerda a un d\u00eda soleado de verano. Los aromas son tan aut\u00e9nticos e intensos que casi se podr\u00eda olvidar que se trata de un vape y no de frutas reci\u00e9n cogidas.<\/p>\n<p>Das <strong>Cereza Frambuesa<\/strong> Aroma es ideal para todos aquellos que prefieren sabores frutales y buscan una alternativa a los aromas tradicionales de tabaco. Ofrece una experiencia de vapeo dulce pero a la vez equilibrada, adecuada tanto para el uso diario como para momentos especiales.<\/p>\n<hr \/>\n<h2><a href=\"https:\/\/alfakherwelt.de\/es\/categoria-de-producto\/barra-de-corona-al-fakher-8000\/\">AL Fakher Crown Bar 8000 Z\u00fcge \n\nbecomes \n\nAL Fakher Crown Bar 8000 tiradas<\/a> Datos t\u00e9cnicos y caracter\u00edsticas<\/h2>\n<ul>\n<li><strong>Capacidad de E-L\u00edquido:<\/strong> 18ml de l\u00edquido electr\u00f3nico de sal de nicotina prellenado<\/li>\n<li><strong>Nikotina fuerza:<\/strong> 5% (50mg)<\/li>\n<li><strong>Capacidad de la bater\u00eda:<\/strong> Bater\u00eda recargable de 600mAh<\/li>\n<li><strong>Trenes:<\/strong> Hasta 8000 trenes por dispositivo<\/li>\n<li><strong>Conexi\u00f3n<\/strong> Conexi\u00f3n de tipo C para carga r\u00e1pida (cable no incluido)<\/li>\n<li><strong>Activaci\u00f3n:<\/strong> Sistema activado por tirador para un manejo sencillo<\/li>\n<li><strong>Experiencia de vapor:<\/strong> Direkt Pulmonar de Vapor (DTL)<\/li>\n<\/ul>\n<h3><img loading=\"lazy\" decoding=\"async\" class=\"alignnone wp-image-285 size-full\" src=\"https:\/\/alfakherwelt.de\/wp-content\/uploads\/2024\/09\/Cherry-Raspberry.webp\" alt=\"AL Fakher Crown Bar 8000 Z\u00fcge Einweg E Zigarette Cherry Raspberry  se convierte en AL Fakher Crown Bar 8000 caladas cigarrillo electr\u00f3nico desechable Cherry Raspberry\" width=\"780\" height=\"1103\" title=\"\" srcset=\"https:\/\/alfakherwelt.de\/wp-content\/uploads\/2024\/09\/Cherry-Raspberry.webp 780w, https:\/\/alfakherwelt.de\/wp-content\/uploads\/2024\/09\/Cherry-Raspberry-212x300.webp 212w, https:\/\/alfakherwelt.de\/wp-content\/uploads\/2024\/09\/Cherry-Raspberry-724x1024.webp 724w, https:\/\/alfakherwelt.de\/wp-content\/uploads\/2024\/09\/Cherry-Raspberry-768x1086.webp 768w, https:\/\/alfakherwelt.de\/wp-content\/uploads\/2024\/09\/Cherry-Raspberry-600x848.webp 600w\" sizes=\"auto, (max-width: 780px) 100vw, 780px\" \/><\/h3>\n<h3>Por qu\u00e9 usted el <a href=\"https:\/\/alfakherwelt.de\/es\/categoria-de-producto\/barra-de-corona-al-fakher-8000\/\">AL Fakher Crown Bar 8000 Z\u00fcge \n\nbecomes \n\nAL Fakher Crown Bar 8000 tiradas<\/a> deber\u00edan comprar<\/h3>\n<ol>\n<li><strong>Durabilidad<\/strong> Con hasta 8000 caladas, este vape ofrece una duraci\u00f3n de uso excepcional.<\/li>\n<li><strong>Variedad de sabores:<\/strong> Elige entre una variedad de aromas intensos y naturales.<\/li>\n<li><strong>Facilidad de uso:<\/strong> Un sistema activado por tir\u00f3n hace que la operaci\u00f3n sea muy f\u00e1cil.<\/li>\n<li><strong>Portabilidad<\/strong> Dise\u00f1o compacto y material robusto para uso en movimiento.<\/li>\n<li><strong>Calidad:<\/strong> Materiales de alta calidad y procesamiento de primera clase aseguran una experiencia de vapeo agradable y segura.<\/li>\n<\/ol>\n<hr \/>\n<h3>Por qu\u00e9 con <a href=\"https:\/\/alfakherwelt.de\/es\/\">alfakherwelt.de<\/a> \u00bfComprar?<\/h3>\n<p><a href=\"https:\/\/alfakherwelt.de\/es\/\">alfakherwelt.de<\/a>\u00a0Es la plataforma l\u00edder de Alemania para vaporizadores desechables y ofrece una amplia selecci\u00f3n de productos como el AL Fakher Crown Bar 8000 caladas. En nuestro sitio, no solo se beneficia de una entrega r\u00e1pida, sino tambi\u00e9n de un servicio al cliente excelente. \u00a1Compre hoy mismo y experimente una experiencia de vapeo inigualable!<\/p>\n<p>&nbsp;<\/p>","protected":false},"excerpt":{"rendered":"<div class=\"flex-shrink-0 flex flex-col relative items-end\">\n<div class=\"pt-0\">\n<div class=\"gizmo-shadow-stroke flex h-8 w-8 items-center justify-center overflow-hidden rounded-full\">\n<div class=\"h-full w-full\">El AL Fakher Crown Bar 8000 caladas es un cigarrillo electr\u00f3nico desechable de estilo elegante y f\u00e1cil de usar, con un dise\u00f1o sofisticado, una bater\u00eda recargable de 600mAh y un sabor intenso a uva menta, que ofrece hasta 8000 caladas.<\/div>\n<\/div>\n<\/div>\n<\/div>","protected":false},"featured_media":286,"comment_status":"open","ping_status":"closed","template":"","meta":[],"product_brand":[],"product_cat":[15],"product_tag":[],"class_list":{"0":"post-284","1":"product","2":"type-product","3":"status-publish","4":"has-post-thumbnail","6":"product_cat-al-fakher-crown-bar-8000","8":"first","9":"outofstock","10":"sale","11":"shipping-taxable","12":"purchasable","13":"product-type-simple"},"jetpack_sharing_enabled":true,"_links":{"self":[{"href":"https:\/\/alfakherwelt.de\/es\/wp-json\/wp\/v2\/product\/284","targetHints":{"allow":["GET"]}}],"collection":[{"href":"https:\/\/alfakherwelt.de\/es\/wp-json\/wp\/v2\/product"}],"about":[{"href":"https:\/\/alfakherwelt.de\/es\/wp-json\/wp\/v2\/types\/product"}],"replies":[{"embeddable":true,"href":"https:\/\/alfakherwelt.de\/es\/wp-json\/wp\/v2\/comments?post=284"}],"wp:featuredmedia":[{"embeddable":true,"href":"https:\/\/alfakherwelt.de\/es\/wp-json\/wp\/v2\/media\/286"}],"wp:attachment":[{"href":"https:\/\/alfakherwelt.de\/es\/wp-json\/wp\/v2\/media?parent=284"}],"wp:term":[{"taxonomy":"product_brand","embeddable":true,"href":"https:\/\/alfakherwelt.de\/es\/wp-json\/wp\/v2\/product_brand?post=284"},{"taxonomy":"product_cat","embeddable":true,"href":"https:\/\/alfakherwelt.de\/es\/wp-json\/wp\/v2\/product_cat?post=284"},{"taxonomy":"product_tag","embeddable":true,"href":"https:\/\/alfakherwelt.de\/es\/wp-json\/wp\/v2\/product_tag?post=284"}],"curies":[{"name":"wp","href":"https:\/\/api.w.org\/{rel}","templated":true}]}}