{"id":2781,"date":"2025-03-31T02:38:52","date_gmt":"2025-03-31T02:38:52","guid":{"rendered":"https:\/\/alfakherwelt.de\/?post_type=product&#038;p=2781"},"modified":"2025-06-09T01:07:11","modified_gmt":"2025-06-09T01:07:11","slug":"fumot-randm-tornado-20000-caladas-e-cigarrillo-desechable-gominolas","status":"publish","type":"product","link":"https:\/\/alfakherwelt.de\/es\/producto\/fumot-randm-tornado-20000-caladas-e-cigarrillo-desechable-gominolas\/","title":{"rendered":"Fumot RandM Tornado 20000 tiradas cigarrillo electr\u00f3nico desechable \u2013 Jelly Beans"},"content":{"rendered":"<div>\n<div class=\"pt-0\">\n<div class=\"gizmo-shadow-stroke flex h-8 w-8 items-center justify-center overflow-hidden rounded-full\">\n<div class=\"h-full w-full\">\n<div class=\"gizmo-shadow-stroke overflow-hidden rounded-full\">\n<div style=\"width: 1020px;\" class=\"wp-video\"><video class=\"wp-video-shortcode\" id=\"video-2781-1\" width=\"1020\" height=\"573\" preload=\"metadata\" controls=\"controls\"><source type=\"video\/mp4\" src=\"https:\/\/alfakherwelt.de\/wp-content\/uploads\/2024\/12\/fumot-tornado-20000-\u89c6\u9891-\u538b\u7f29.mp4?_=1\" \/><a href=\"https:\/\/alfakherwelt.de\/wp-content\/uploads\/2024\/12\/fumot-tornado-20000-\u89c6\u9891-\u538b\u7f29.mp4\">https:\/\/alfakherwelt.de\/wp-content\/uploads\/2024\/12\/fumot-tornado-20000-\u89c6\u9891-\u538b\u7f29.mp4<\/a><\/video><\/div>\n<\/div>\n<\/div>\n<\/div>\n<\/div>\n<\/div>\n<div class=\"group\/conversation-turn relative flex w-full min-w-0 flex-col agent-turn\">\n<div class=\"flex-col gap-1 md:gap-3\">\n<div class=\"flex max-w-full flex-col flex-grow\">\n<div class=\"min-h-8 text-message flex w-full flex-col items-end gap-2 whitespace-normal break-words text-start [.text-message+&amp;]:mt-5\" dir=\"auto\" data-message-author-role=\"assistant\" data-message-id=\"e9727221-eeda-4fcd-81ad-e9a8c084b859\" data-message-model-slug=\"gpt-4o\">\n<div class=\"flex w-full flex-col gap-1 empty:hidden first:pt-[3px]\">\n<div class=\"markdown prose w-full break-words dark:prose-invert light\">\n<h2><strong><a href=\"https:\/\/alfakherwelt.de\/es\/categoria-de-producto\/request-failed-with-status-code-519\/\">Fumot RandM Tornado 20000 Z\u00fcge \n\nbecomes \n\nFumot RandM Tornado 20000 tiradas<\/a> Cigarrillo electr\u00f3nico desechable: La elecci\u00f3n definitiva para vapear en Alemania<\/strong><\/h2>\n<p>La <strong>Fumot RandM Tornado 20000 tiradas cigarrillo electr\u00f3nico desechable<\/strong> Es uno de los vaporizadores desechables m\u00e1s avanzados del mercado y eclipsa todo lo que sab\u00edas sobre vapeo. Dise\u00f1ado para brindarte la experiencia de vapeo definitiva, este cigarrillo electr\u00f3nico combina tecnolog\u00edas innovadoras, materiales de alta calidad y una amplia selecci\u00f3n de sabores deliciosos. Con el Fumot Tornado 20000 tienes la libertad de llevar tu placer de vapeo a un nivel completamente nuevo.<\/p>\n<h3><strong>Por qu\u00e9 la <a href=\"https:\/\/alfakherwelt.de\/es\/categoria-de-producto\/request-failed-with-status-code-519\/\">Fumot RandM Tornado 20000<\/a> La elecci\u00f3n correcta de cigarrillo electr\u00f3nico desechable es<\/strong><\/h3>\n<p>Como l\u00edder del mercado en Alemania para <strong>E-Zigarettes de un solo uso<\/strong> ofrece <strong>alfakherwelt.de<\/strong> El Fumot RandM Tornado presume 20.000 bocanegra, que destacan por su rendimiento excepcional y su comodidad notable. Este cigarrillo electr\u00f3nico ofrece <strong>20.000 trenes<\/strong> \u2013 un n\u00famero impresionante que te acompa\u00f1a durante todo el d\u00eda. Sin embargo, no es solo el gran n\u00famero de trenes lo que la convierte en un favorito entre los vapeadores, sino tambi\u00e9n sus variadas funciones y su uso c\u00f3modo.<\/p>\n<h3><strong>Caracter\u00edsticas del producto de la Fumot RandM Tornado 20000 caladas cigarrillo electr\u00f3nico desechable<\/strong><\/h3>\n<ul>\n<li><strong>Tecnolog\u00eda de malla dual<\/strong>: El Fumot RandM Tornado 20000 utiliza una tecnolog\u00eda de bobina de malla dual que proporciona nubes de vapor especialmente intensas y arom\u00e1ticas. <strong>Modo de un solo motor<\/strong> puedes disfrutar de 20.000 movimientos impresionantes, mientras que el <strong>Modo de doble motor<\/strong> te ofrece la posibilidad de activar ambas bobinas de malla y duplicar la potencia para una experiencia de vapeo m\u00e1s intensa. Este modo ofrece hasta <strong>10.000 trenes<\/strong>.<\/li>\n<li><strong>Bater\u00eda de 850 mAh<\/strong>Con un potente <strong>Bater\u00eda de 850 mAh<\/strong> El Fumot RandM Tornado 20000 garantiza una larga vida \u00fatil. Esta bater\u00eda garantiza que obtengas cada vez tiradas uniformes y potentes, sin tener que preocuparte por la fuente de alimentaci\u00f3n. Esto significa menos pausas para recargar y m\u00e1s disfrute a lo largo del d\u00eda.<\/li>\n<li><strong>Indicadores de nivel de bater\u00eda y l\u00edquido<\/strong>: Puedes desactivar el <strong>Estado de la bater\u00eda<\/strong> as\u00ed como el <strong>Nivel de l\u00edquido<\/strong> controlar, ya que el Tornado 20000 est\u00e1 equipado con indicadores pr\u00e1cticos. De esta manera, evitas sorpresas desagradables y puedes rellenar o recargar tu dispositivo a tiempo.<\/li>\n<li><strong>Regulaci\u00f3n del flujo de aire<\/strong>: Otro punto destacado del Fumot RandM Tornado 20000 es la <strong>Regulaci\u00f3n del flujo de aire<\/strong>, que te da la posibilidad de adaptar tu tren seg\u00fan tus preferencias. Ya sea que prefieras un <strong>m\u00e1s estrecho<\/strong> o <strong>m\u00e1s ligero<\/strong> Si prefieres tirar, esta funci\u00f3n te ofrece todo el confort y una experiencia de vapeo individual.<\/li>\n<\/ul>\n<h3><strong>Por qu\u00e9 t\u00fa la <a href=\"https:\/\/alfakherwelt.de\/es\/categoria-de-producto\/request-failed-with-status-code-519\/\">Fumot RandM Tornado 20000 Z\u00fcge \n\nbecomes \n\nFumot RandM Tornado 20000 tiradas<\/a> Debes comprar un cigarrillo electr\u00f3nico desechable<\/strong><\/h3>\n<ul>\n<li><strong>Duradero y fiable<\/strong>: Con hasta <strong>20.000 trenes<\/strong> (en modo de un solo motor) el Tornado 20000 ofrece una duraci\u00f3n excepcionalmente larga. No tienes que preocuparte por rellenar frecuentemente o reemplazar el dispositivo - este cigarrillo electr\u00f3nico desechable te acompa\u00f1a de manera fiable.<\/li>\n<li><strong>Sabores vers\u00e1tiles<\/strong>: Ya sea que prefieras sabores frutales, dulces o refrescantes, el cigarrillo electr\u00f3nico desechable Fumot RandM Tornado 20000 te ofrece una amplia selecci\u00f3n que seguramente se adapta a todos los gustos. Nunca volver\u00e1s a necesitar buscar otro cigarrillo electr\u00f3nico una vez que hayas probado el <strong>mucho sabor<\/strong> y eso <strong>experiencia pura<\/strong> el tornado 20000 has probado.<\/li>\n<li><strong>F\u00e1cil manejo<\/strong>: Con una interfaz f\u00e1cil de usar <strong>Tecnolog\u00eda de un solo clic<\/strong> y uno <strong>activaci\u00f3n autom\u00e1tica<\/strong> Al tirar, este cigarrillo electr\u00f3nico es f\u00e1cil de usar. No tienes que molestarte con ajustes complicados o accesorios. Simplemente conecta el cigarrillo electr\u00f3nico desechable y disfruta del vapeo.<\/li>\n<li><strong>Pr\u00e1ctico y c\u00f3modo<\/strong>Da es sich um eine <strong>Cigarrillo electr\u00f3nico desechable<\/strong> Cuando se trata de un dispositivo de vapeo desechable, no tienes que preocuparte por la limpieza, el rellenado o cualquier otro trabajo de mantenimiento. Simplemente puedes deshacerte del dispositivo despu\u00e9s de usarlo y disfrutar del pr\u00f3ximo placer de vapear sin preocupaciones. Esto hace que el Fumot RandM Tornado 20000 sea especialmente atractivo. <strong>pr\u00e1ctico para llevar unterwegs -&gt;  de viaje<\/strong>.<\/li>\n<li><strong>Con nicotina para el placer definitivo<\/strong>: El Fumot RandM Tornado 20000 contiene <strong>Nicotina<\/strong>que a aquellos de entre vosotros que el <strong>Necesidad de nicotina<\/strong> ofrece una experiencia completa y satisfactoria al vapear.<\/li>\n<\/ul>\n<h4 data-start=\"108\" data-end=\"163\"><strong data-start=\"108\" data-end=\"163\">Jelly Beans E-Liquid \u2013 El dulce placer en cada calada<\/strong><\/h4>\n<p class=\"\" data-start=\"165\" data-end=\"657\">Sum\u00e9rjase en el mundo de los aromas dulces y afrutados con el E-L\u00edquido Jelly Beans. Este sabor aporta la inconfundible dulzura de las coloridas Jelly Beans directamente a su cigarrillo electr\u00f3nico. Cada calada despliega la mezcla viva de diferentes sabores frutales, que evoca la sensaci\u00f3n de alegr\u00eda y nostalgia. Desde frescas bayas hasta jugosos c\u00edtricos y dulces notas de caramelos, el E-L\u00edquido Jelly Beans le ofrece una explosi\u00f3n de sabores variada que endulza el d\u00eda.<\/p>\n<p class=\"\" data-start=\"659\" data-end=\"899\">Disfruta de la perfecta balance entre dulzura y frescura, sin renunciar a un agradable desarrollo de vapor. Ideal para todos aquellos que prefieren aromas frutales y dulces y est\u00e1n buscando una experiencia de vapeo \u00fanica.<\/p>\n<h3><img loading=\"lazy\" decoding=\"async\" class=\"alignnone wp-image-1652 size-full\" src=\"https:\/\/alfakherwelt.de\/wp-content\/uploads\/2024\/12\/Fumot-RandM-Tornado-20000-3-scaled.jpg\" alt=\"Fumot RandM Tornado 20000 tiradas cigarrillo electr\u00f3nico desechable - Jelly Beans\" width=\"2560\" height=\"1641\" title=\"\" srcset=\"https:\/\/alfakherwelt.de\/wp-content\/uploads\/2024\/12\/Fumot-RandM-Tornado-20000-3-scaled.jpg 2560w, https:\/\/alfakherwelt.de\/wp-content\/uploads\/2024\/12\/Fumot-RandM-Tornado-20000-3-300x192.jpg 300w, https:\/\/alfakherwelt.de\/wp-content\/uploads\/2024\/12\/Fumot-RandM-Tornado-20000-3-1024x657.jpg 1024w, https:\/\/alfakherwelt.de\/wp-content\/uploads\/2024\/12\/Fumot-RandM-Tornado-20000-3-768x492.jpg 768w, https:\/\/alfakherwelt.de\/wp-content\/uploads\/2024\/12\/Fumot-RandM-Tornado-20000-3-1536x985.jpg 1536w, https:\/\/alfakherwelt.de\/wp-content\/uploads\/2024\/12\/Fumot-RandM-Tornado-20000-3-2048x1313.jpg 2048w, https:\/\/alfakherwelt.de\/wp-content\/uploads\/2024\/12\/Fumot-RandM-Tornado-20000-3-18x12.jpg 18w, https:\/\/alfakherwelt.de\/wp-content\/uploads\/2024\/12\/Fumot-RandM-Tornado-20000-3-600x385.jpg 600w\" sizes=\"auto, (max-width: 2560px) 100vw, 2560px\" \/><\/h3>\n<h3><strong>Conclusi\u00f3n: El cigarrillo electr\u00f3nico desechable Fumot RandM Tornado de 20000 caladas es la mejor opci\u00f3n para cada vapeador<\/strong><\/h3>\n<p>La <strong>Fumot RandM Tornado 20000 tiradas cigarrillo electr\u00f3nico desechable<\/strong> es una elecci\u00f3n sobresaliente para todos aquellos que buscan una experiencia de vapeo fiable, c\u00f3moda y sabrosa. Con su <strong>larga vida \u00fatil<\/strong>, <strong>variados aromas<\/strong> y <strong>f\u00e1cil manejo<\/strong> ofrece todo lo que un vapeador puede desear. Es la soluci\u00f3n perfecta para todos aquellos que buscan una <strong>Cigarrillo electr\u00f3nico desechable con nicotina<\/strong> buscar.<\/p>\n<p><strong>Compra tu Fumot RandM Tornado 20000 cigarrillo electr\u00f3nico desechable hoy mismo en alfakherwelt.de<\/strong> y disfruta de una experiencia de vapor \u00fanica! <strong>alfakherwelt.de<\/strong> es la mayor plataforma para el <strong>Compra de cigarrillos electr\u00f3nicos desechables en Alemania<\/strong> y te ofrece los mejores productos a precios inigualables.<\/p>\n<p><strong>Paquete contiene<\/strong>: 1x Fumot RandM Tornado 20000 Z\u00fcge Einweg E Zigarette \n\nbecomes \n\n: 1x Fumot RandM Tornado 20000 tiradas cigarrillo electr\u00f3nico desechable<\/p>\n<p><strong>Aseg\u00farate hoy mismo de tu dispositivo y descubre de nuevo el vapeo.<\/strong><\/p>\n<\/div>\n<\/div>\n<\/div>\n<\/div>\n<\/div>\n<\/div>","protected":false},"excerpt":{"rendered":"<div class=\"flex-shrink-0 flex flex-col relative items-end\">\n<div class=\"pt-0\">\n<div class=\"gizmo-shadow-stroke flex h-8 w-8 items-center justify-center overflow-hidden rounded-full\">\n<div class=\"h-full w-full\">\n<div class=\"flex-shrink-0 flex flex-col relative items-end\">\n<div class=\"pt-0\">\n<div class=\"gizmo-shadow-stroke flex h-8 w-8 items-center justify-center overflow-hidden rounded-full\">\n<div class=\"h-full w-full\">\n<div class=\"gizmo-shadow-stroke overflow-hidden rounded-full\">\n<div class=\"flex-1 overflow-hidden\">\n<div class=\"h-full\">\n<div class=\"react-scroll-to-bottom--css-nphjn-79elbk h-full\">\n<div class=\"react-scroll-to-bottom--css-nphjn-1n7m0yu\">\n<div class=\"flex flex-col text-sm md:pb-9\">\n<article class=\"w-full scroll-mb-[var(--thread-trailing-height,150px)] text-token-text-primary focus-visible:outline-2 focus-visible:outline-offset-[-4px]\" dir=\"auto\" data-testid=\"conversation-turn-5\" data-scroll-anchor=\"true\">\n<div class=\"m-auto text-base py-[18px] px-3 md:px-4 w-full md:px-5 lg:px-4 xl:px-5\">\n<div class=\"mx-auto flex flex-1 gap-4 text-base md:gap-5 lg:gap-6 md:max-w-3xl lg:max-w-[40rem] xl:max-w-[48rem]\">\n<div class=\"group\/conversation-turn relative flex w-full min-w-0 flex-col agent-turn\">\n<div class=\"flex-col gap-1 md:gap-3\">\n<div class=\"flex max-w-full flex-col flex-grow\">\n<div class=\"min-h-8 text-message flex w-full flex-col items-end gap-2 whitespace-normal break-words [.text-message+&amp;]:mt-5\" dir=\"auto\" data-message-author-role=\"assistant\" data-message-id=\"1982dcee-f0f5-4cfa-a269-fdbaed43d922\" data-message-model-slug=\"gpt-4o\">\n<div class=\"flex w-full flex-col gap-1 empty:hidden first:pt-[3px]\">\n<div class=\"markdown prose w-full break-words dark:prose-invert light\">\n<div class=\"flex-1 overflow-hidden\">\n<div class=\"h-full\">\n<div class=\"react-scroll-to-bottom--css-xrsce-79elbk h-full\">\n<div class=\"react-scroll-to-bottom--css-xrsce-1n7m0yu\">\n<div class=\"flex flex-col text-sm md:pb-9\">\n<article class=\"w-full scroll-mb-[var(--thread-trailing-height,150px)] text-token-text-primary focus-visible:outline-2 focus-visible:outline-offset-[-4px]\" dir=\"auto\" data-testid=\"conversation-turn-5\" data-scroll-anchor=\"true\">\n<div class=\"m-auto text-base py-[18px] px-3 md:px-4 w-full md:px-5 lg:px-4 xl:px-5\">\n<div class=\"mx-auto flex flex-1 gap-4 text-base md:gap-5 lg:gap-6 md:max-w-3xl lg:max-w-[40rem] xl:max-w-[48rem]\">\n<div class=\"group\/conversation-turn relative flex w-full min-w-0 flex-col agent-turn\">\n<div class=\"flex-col gap-1 md:gap-3\">\n<div class=\"flex max-w-full flex-col flex-grow\">\n<div class=\"min-h-8 text-message flex w-full flex-col items-end gap-2 whitespace-normal break-words [.text-message+&amp;]:mt-5\" dir=\"auto\" data-message-author-role=\"assistant\" data-message-id=\"1a0c8d71-a6be-4cc9-b460-deb3e7ecbf47\" data-message-model-slug=\"gpt-4o\">\n<div class=\"flex w-full flex-col gap-1 empty:hidden first:pt-[3px]\">\n<div class=\"markdown prose w-full break-words dark:prose-invert light\">\n<div class=\"flex-1 overflow-hidden\">\n<div class=\"h-full\">\n<div class=\"react-scroll-to-bottom--css-gqbzc-79elbk h-full\">\n<div class=\"react-scroll-to-bottom--css-gqbzc-1n7m0yu\">\n<div class=\"flex flex-col text-sm md:pb-9\">\n<article class=\"w-full scroll-mb-[var(--thread-trailing-height,150px)] text-token-text-primary focus-visible:outline-2 focus-visible:outline-offset-[-4px]\" dir=\"auto\" data-testid=\"conversation-turn-5\" data-scroll-anchor=\"true\">\n<div class=\"m-auto text-base py-[18px] px-3 md:px-4 w-full md:px-5 lg:px-4 xl:px-5\">\n<div class=\"mx-auto flex flex-1 gap-4 text-base md:gap-5 lg:gap-6 md:max-w-3xl lg:max-w-[40rem] xl:max-w-[48rem]\">\n<div class=\"group\/conversation-turn relative flex w-full min-w-0 flex-col agent-turn\">\n<div class=\"flex-col gap-1 md:gap-3\">\n<div class=\"flex max-w-full flex-col flex-grow\">\n<div class=\"min-h-8 text-message flex w-full flex-col items-end gap-2 whitespace-normal break-words [.text-message+&amp;]:mt-5\" dir=\"auto\" data-message-author-role=\"assistant\" data-message-id=\"ca066132-0777-4603-995e-a689971b3380\" data-message-model-slug=\"gpt-4o\">\n<div class=\"flex w-full flex-col gap-1 empty:hidden first:pt-[3px]\">\n<div class=\"markdown prose w-full break-words dark:prose-invert light\">\n<div class=\"flex-1 overflow-hidden @container\/thread\">\n<div class=\"h-full\">\n<div class=\"react-scroll-to-bottom--css-gpzqy-79elbk h-full\">\n<div class=\"react-scroll-to-bottom--css-gpzqy-1n7m0yu\">\n<div class=\"flex flex-col text-sm md:pb-9\">\n<article class=\"w-full scroll-mb-[var(--thread-trailing-height,150px)] text-token-text-primary focus-visible:outline-2 focus-visible:outline-offset-[-4px]\" dir=\"auto\" data-testid=\"conversation-turn-5\" data-scroll-anchor=\"true\">\n<div class=\"m-auto text-base py-[18px] px-3 md:px-4 w-full md:px-5 lg:px-4 xl:px-5\">\n<div class=\"mx-auto flex flex-1 gap-4 text-base md:gap-5 lg:gap-6 md:max-w-3xl lg:max-w-[40rem] xl:max-w-[48rem]\">\n<div class=\"group\/conversation-turn relative flex w-full min-w-0 flex-col agent-turn\">\n<div class=\"flex-col gap-1 md:gap-3\">\n<div class=\"flex max-w-full flex-col flex-grow\">\n<div class=\"min-h-8 text-message flex w-full flex-col items-end gap-2 whitespace-normal break-words text-start [.text-message+&amp;]:mt-5\" dir=\"auto\" data-message-author-role=\"assistant\" data-message-id=\"cc8163e2-8afa-47f6-9377-d3d67a4f118b\" data-message-model-slug=\"gpt-4o\">\n<div class=\"flex w-full flex-col gap-1 empty:hidden first:pt-[3px]\">\n<div class=\"markdown prose w-full break-words dark:prose-invert light\">\n<p>La <strong>Fumot RandM Tornado 20000 tiradas cigarrillo electr\u00f3nico desechable<\/strong> ofrece una experiencia de vapeo excepcional con hasta 20.000 bocanadas, tecnolog\u00eda innovadora de doble malla, flujo de aire ajustable individualmente, una potente bater\u00eda de 850 mAh y una variedad de sabores deliciosos que garantizan un placer duradero.<\/p>\n<\/div>\n<\/div>\n<\/div>\n<\/div>\n<\/div>\n<\/div>\n<\/div>\n<\/div>\n<\/article>\n<\/div>\n<\/div>\n<\/div>\n<\/div>\n<\/div>\n<\/div>\n<\/div>\n<\/div>\n<\/div>\n<\/div>\n<\/div>\n<\/div>\n<\/div>\n<\/article>\n<\/div>\n<\/div>\n<\/div>\n<\/div>\n<\/div>\n<\/div>\n<\/div>\n<\/div>\n<\/div>\n<\/div>\n<\/div>\n<\/div>\n<\/div>\n<\/article>\n<\/div>\n<\/div>\n<\/div>\n<\/div>\n<\/div>\n<\/div>\n<\/div>\n<\/div>\n<\/div>\n<div class=\"pr-2 lg:pr-0\"><\/div>\n<div class=\"mt-3 w-full empty:hidden\">\n<div class=\"text-center\"><\/div>\n<\/div>\n<\/div>\n<div class=\"absolute\">\n<div class=\"flex items-center justify-center\"><\/div>\n<\/div>\n<\/div>\n<\/div>\n<\/div>\n<\/article>\n<\/div>\n<\/div>\n<\/div>\n<\/div>\n<\/div>\n<div class=\"md:pt-0 dark:border-white\/20 md:border-transparent md:dark:border-transparent w-full\">\n<div>\n<div class=\"m-auto text-base px-3 md:px-4 w-full md:px-5 lg:px-4 xl:px-5\">\n<div class=\"mx-auto flex flex-1 gap-4 text-base md:gap-5 lg:gap-6 md:max-w-3xl lg:max-w-[40rem] xl:max-w-[48rem]\">\n<div class=\"flex justify-center\"><\/div>\n<\/div>\n<\/div>\n<\/div>\n<\/div>\n<\/div>\n<\/div>\n<\/div>\n<\/div>\n<\/div>\n<\/div>\n<\/div>\n<\/div>\n<\/div>","protected":false},"featured_media":2782,"comment_status":"open","ping_status":"closed","template":"","meta":[],"product_brand":[],"product_cat":[61],"product_tag":[],"class_list":{"0":"post-2781","1":"product","2":"type-product","3":"status-publish","4":"has-post-thumbnail","6":"product_cat-randm-fumot-tornado-20000","8":"first","9":"instock","10":"sale","11":"shipping-taxable","12":"purchasable","13":"product-type-simple"},"jetpack_sharing_enabled":true,"_links":{"self":[{"href":"https:\/\/alfakherwelt.de\/es\/wp-json\/wp\/v2\/product\/2781","targetHints":{"allow":["GET"]}}],"collection":[{"href":"https:\/\/alfakherwelt.de\/es\/wp-json\/wp\/v2\/product"}],"about":[{"href":"https:\/\/alfakherwelt.de\/es\/wp-json\/wp\/v2\/types\/product"}],"replies":[{"embeddable":true,"href":"https:\/\/alfakherwelt.de\/es\/wp-json\/wp\/v2\/comments?post=2781"}],"wp:featuredmedia":[{"embeddable":true,"href":"https:\/\/alfakherwelt.de\/es\/wp-json\/wp\/v2\/media\/2782"}],"wp:attachment":[{"href":"https:\/\/alfakherwelt.de\/es\/wp-json\/wp\/v2\/media?parent=2781"}],"wp:term":[{"taxonomy":"product_brand","embeddable":true,"href":"https:\/\/alfakherwelt.de\/es\/wp-json\/wp\/v2\/product_brand?post=2781"},{"taxonomy":"product_cat","embeddable":true,"href":"https:\/\/alfakherwelt.de\/es\/wp-json\/wp\/v2\/product_cat?post=2781"},{"taxonomy":"product_tag","embeddable":true,"href":"https:\/\/alfakherwelt.de\/es\/wp-json\/wp\/v2\/product_tag?post=2781"}],"curies":[{"name":"wp","href":"https:\/\/api.w.org\/{rel}","templated":true}]}}