{"id":274,"date":"2024-09-03T07:18:05","date_gmt":"2024-09-03T07:18:05","guid":{"rendered":"https:\/\/alfakherwelt.de\/?post_type=product&#038;p=274"},"modified":"2025-05-12T06:57:25","modified_gmt":"2025-05-12T06:57:25","slug":"al-fakher-crown-bar-8000-inhalaciones-cigarrillo-electronico-desechable-hielo-exuberante","status":"publish","type":"product","link":"https:\/\/alfakherwelt.de\/es\/producto\/al-fakher-crown-bar-8000-inhalaciones-cigarrillo-electronico-desechable-hielo-exuberante\/","title":{"rendered":"AL Fakher Crown Bar 8000 Z\u00fcge Einweg E Zigarette \u2013 Lush Ice \n\nse convierte en \n\nAL Fakher Crown Bar 8000 tiradas Vape desechable \u2013 Lush Ice"},"content":{"rendered":"<div style=\"width: 362px;\" class=\"wp-video\"><video class=\"wp-video-shortcode\" id=\"video-274-1\" width=\"362\" height=\"640\" preload=\"metadata\" controls=\"controls\"><source type=\"video\/mp4\" src=\"https:\/\/alfakherwelt.de\/wp-content\/uploads\/2024\/09\/AL-Fakher-Vape-Blueberry-Gum.mp4?_=1\" \/><a href=\"https:\/\/alfakherwelt.de\/wp-content\/uploads\/2024\/09\/AL-Fakher-Vape-Blueberry-Gum.mp4\">https:\/\/alfakherwelt.de\/wp-content\/uploads\/2024\/09\/AL-Fakher-Vape-Blueberry-Gum.mp4<\/a><\/video><\/div>\n<h2>Introducci\u00f3n a lo <a href=\"https:\/\/alfakherwelt.de\/es\/\">AL Fakher<\/a> Crown Bar 8000 Z\u00fcge \n\nbecomes \n\nCrown Bar 8000 tiradas <a href=\"https:\/\/alfakherwelt.de\/es\/\">Cigarrillo electr\u00f3nico desechable<\/a> Lush Ice<\/h2>\n<p>El AL Fakher Crown Bar 8000 Puffs Vape es mucho m\u00e1s que un simple vape de un solo uso; es una obra maestra de la tradici\u00f3n de shisha, trasladada a un dise\u00f1o moderno y port\u00e1til. Con su impresionante capacidad de 8000 caladas, este vape ofrece una combinaci\u00f3n excepcional de estilo, rendimiento y comodidad. Es ideal para los amantes de vape en Alemania que buscan una dosis fuerte de nicotina y una experiencia de sabor intensa.<\/p>\n<p>El AL Fakher Crown Bar destaca por su dise\u00f1o est\u00e9tico, que no solo es visualmente atractivo, sino que tambi\u00e9n est\u00e1 dise\u00f1ado ergon\u00f3micamente. Gracias a su perfil delgado y su ligero peso, se puede llevar con facilidad a cualquier lugar. Ya sea en la vida diaria o en viajes, este vape es el compa\u00f1ero perfecto para aquellos que buscan la experiencia de vapeo definitiva.<\/p>\n<h3><strong>\u00bfPor qu\u00e9 eso? <a href=\"https:\/\/alfakherwelt.de\/es\/categoria-de-producto\/barra-de-corona-al-fakher-8000\/\">AL Fakher Crown Bar 8000 Z\u00fcge \n\nbecomes \n\nAL Fakher Crown Bar 8000 tiradas<\/a> elegir<\/strong><\/h3>\n<ul>\n<li><strong>Dise\u00f1o elegante<\/strong>: El dise\u00f1o elegante y colorido con la marca grabada no es solo una caracter\u00edstica atractiva, sino que tambi\u00e9n transmite una sensaci\u00f3n de lujo y calidad.<\/li>\n<li><strong>Alta portabilidad<\/strong>Gracias al dise\u00f1o delgado y ligero, cabe perfectamente en la mano y en cualquier bolsillo, lo que lo convierte en el compa\u00f1ero de viaje ideal.<\/li>\n<li><strong>Bater\u00eda de larga duraci\u00f3n<\/strong>Con una bater\u00eda recargable integrada de 600mAh y un moderno conector Tipo-C, el AL Fakher Crown Bar ofrece hasta 8000 bocanadas sin necesidad de interrupci\u00f3n. Una carga r\u00e1pida y sencilla garantiza que tu vape est\u00e9 siempre listo para usar.<\/li>\n<li><strong>Sistema activado por tracci\u00f3n<\/strong>La activaci\u00f3n del tren permite un manejo sencillo sin pulsaci\u00f3n de bot\u00f3n, lo que es especialmente atractivo para los principiantes.<\/li>\n<li><strong>Perfecta dosificaci\u00f3n de nicotina<\/strong>Con 5% de nicotina (50mg), el vapeo ofrece una dosis de nicotina fuerte y satisfactoria que satisface incluso a los usuarios m\u00e1s exigentes.<\/li>\n<\/ul>\n<h3><strong>Detalles t\u00e9cnicos del <a href=\"https:\/\/alfakherwelt.de\/es\/categoria-de-producto\/barra-de-corona-al-fakher-8000\/\">AL Fakher Crown Bar 8000 Z\u00fcge \n\nbecomes \n\nAL Fakher Crown Bar 8000 tiradas<\/a><\/strong><\/h3>\n<ul>\n<li><strong>Capacidad de l\u00edquido electr\u00f3nico<\/strong>: 18 ml de l\u00edquido electr\u00f3nico de sal de nicotina prellenado<\/li>\n<li><strong>Fortaleza de la nicotina<\/strong>: 5% (50mg) Nicotina<\/li>\n<li><strong>Bater\u00eda<\/strong>: Bater\u00eda recargable de 600mAh<\/li>\n<li><strong>Conexi\u00f3n<\/strong>: Tipo-C para carga r\u00e1pida (cable no incluido)<\/li>\n<li><strong>Duraci\u00f3n de vida<\/strong>: Ca. 8.000 trenes<\/li>\n<li><strong>Tipo de vape<\/strong>: Activado por arrastre (vaping DTL)<\/li>\n<\/ul>\n<h2><strong><img loading=\"lazy\" decoding=\"async\" class=\"alignnone wp-image-269 size-full\" src=\"https:\/\/alfakherwelt.de\/wp-content\/uploads\/2024\/09\/Lush_Ice_8000.webp\" alt=\"AL Fakher Crown Bar 8000 Z\u00fcge Einweg E Zigarette Lush Ice  se queda igual, la traducci\u00f3n no es necesaria AL Fakher Crown Bar 8000 Z\u00fcge Einweg E Zigarette Lush Ice\" width=\"990\" height=\"990\" title=\"\" srcset=\"https:\/\/alfakherwelt.de\/wp-content\/uploads\/2024\/09\/Lush_Ice_8000.webp 990w, https:\/\/alfakherwelt.de\/wp-content\/uploads\/2024\/09\/Lush_Ice_8000-300x300.webp 300w, https:\/\/alfakherwelt.de\/wp-content\/uploads\/2024\/09\/Lush_Ice_8000-150x150.webp 150w, https:\/\/alfakherwelt.de\/wp-content\/uploads\/2024\/09\/Lush_Ice_8000-768x768.webp 768w, https:\/\/alfakherwelt.de\/wp-content\/uploads\/2024\/09\/Lush_Ice_8000-600x600.webp 600w, https:\/\/alfakherwelt.de\/wp-content\/uploads\/2024\/09\/Lush_Ice_8000-100x100.webp 100w\" sizes=\"auto, (max-width: 990px) 100vw, 990px\" \/><\/strong><\/h2>\n<h3><strong>Experiencia \u00fanica de sabor: Una descripci\u00f3n detallada de los aromas<\/strong><\/h3>\n<p>Das <a href=\"https:\/\/alfakherwelt.de\/es\/categoria-de-producto\/barra-de-corona-al-fakher-8000\/\">AL Fakher Crown Bar 8000 Z\u00fcge \n\nbecomes \n\nAL Fakher Crown Bar 8000 tiradas<\/a> ofrece una variedad de sabores intensos y \u00fanicos que elevan la experiencia de vapeo a un nuevo nivel. Uno de los sabores destacados es \"Lush Ice\".<\/p>\n<p><strong>Lush Ice<\/strong>:<\/p>\n<ul>\n<li><strong>sand\u00eda fresca<\/strong>El sabor de Lush Ice comienza con una explosi\u00f3n refrescante de sand\u00eda jugosa. La dulzura natural y la intensa fruta de la sand\u00eda proporcionan un placer inmediato que deleita el paladar. Esta nota de sabor es perfecta para aquellos que buscan un aroma revitalizante y veraniego.<\/li>\n<li><strong>Nota fresca de mentol<\/strong>La dulzura del mel\u00f3n de agua se ve acompa\u00f1ada por un toque de mentol fresco, que le da al sabor una profundidad refrescante. El mentol proporciona un agradable frescor en la salida, que redondea perfectamente la experiencia de vapeo y proporciona un efecto de frescura duradero.<\/li>\n<li><strong>Combinaci\u00f3n equilibrada<\/strong>La combinaci\u00f3n de sand\u00eda dulce y menta fresca est\u00e1 tan perfectamente equilibrada que produce un sabor armonioso que es a la vez refrescante y satisfactorio. Este sabor es ideal para aquellos que buscan una experiencia de vapeo equilibrada y a la vez emocionante.<\/li>\n<\/ul>\n<h3><strong>Fazit: Por qu\u00e9 usted esto <a href=\"https:\/\/alfakherwelt.de\/es\/\">AL Fakher<\/a> Crown Bar 8000 vape compras aqu\u00ed<\/strong><\/h3>\n<p>Como el principal comerciante en l\u00ednea de cigarrillos electr\u00f3nicos desechables en Alemania, no solo ofrecemos una amplia selecci\u00f3n de productos de alta calidad, sino tambi\u00e9n un servicio al cliente de primera clase. El AL Fakher Crown Bar 8000 Puffs Vape es el producto perfecto para cualquiera que busque un vapeo intenso, sabroso y f\u00e1cil de usar. Con una vida \u00fatil de bater\u00eda excepcional, un dise\u00f1o elegante y una experiencia de sabor inigualable, este vapeo es imprescindible para cualquier amante del vapeo.<\/p>\n<p>Visite ahora nuestro sitio web <a href=\"https:\/\/alfakherwelt.de\/es\/\" target=\"_new\" rel=\"noopener\">alfakherwelt.de<\/a> y aseg\u00farese su AL Fakher Crown Bar 8000 Puffs Vape. Experimente por s\u00ed mismo por qu\u00e9 este vape es tan popular en Alemania y d\u00e9jese convencer por la calidad y el sabor.<\/p>","protected":false},"excerpt":{"rendered":"<div class=\"flex-shrink-0 flex flex-col relative items-end\">\n<div class=\"pt-0\">\n<div class=\"gizmo-shadow-stroke flex h-8 w-8 items-center justify-center overflow-hidden rounded-full\">\n<div class=\"h-full w-full\">El vapeador desechable AL Fakher Crown Bar 8000 Puffs es un dispositivo elegante, port\u00e1til y potente que ofrece una experiencia de vapeo incomparable con una impresionante capacidad de 8000 caladas y sabores intensos como Lush Ice, perfectamente adaptado a las necesidades de los amantes del vapeo en Alemania.<\/div>\n<\/div>\n<\/div>\n<\/div>","protected":false},"featured_media":268,"comment_status":"open","ping_status":"closed","template":"","meta":[],"product_brand":[],"product_cat":[15],"product_tag":[],"class_list":{"0":"post-274","1":"product","2":"type-product","3":"status-publish","4":"has-post-thumbnail","6":"product_cat-al-fakher-crown-bar-8000","8":"first","9":"outofstock","10":"sale","11":"shipping-taxable","12":"purchasable","13":"product-type-simple"},"jetpack_sharing_enabled":true,"_links":{"self":[{"href":"https:\/\/alfakherwelt.de\/es\/wp-json\/wp\/v2\/product\/274","targetHints":{"allow":["GET"]}}],"collection":[{"href":"https:\/\/alfakherwelt.de\/es\/wp-json\/wp\/v2\/product"}],"about":[{"href":"https:\/\/alfakherwelt.de\/es\/wp-json\/wp\/v2\/types\/product"}],"replies":[{"embeddable":true,"href":"https:\/\/alfakherwelt.de\/es\/wp-json\/wp\/v2\/comments?post=274"}],"wp:featuredmedia":[{"embeddable":true,"href":"https:\/\/alfakherwelt.de\/es\/wp-json\/wp\/v2\/media\/268"}],"wp:attachment":[{"href":"https:\/\/alfakherwelt.de\/es\/wp-json\/wp\/v2\/media?parent=274"}],"wp:term":[{"taxonomy":"product_brand","embeddable":true,"href":"https:\/\/alfakherwelt.de\/es\/wp-json\/wp\/v2\/product_brand?post=274"},{"taxonomy":"product_cat","embeddable":true,"href":"https:\/\/alfakherwelt.de\/es\/wp-json\/wp\/v2\/product_cat?post=274"},{"taxonomy":"product_tag","embeddable":true,"href":"https:\/\/alfakherwelt.de\/es\/wp-json\/wp\/v2\/product_tag?post=274"}],"curies":[{"name":"wp","href":"https:\/\/api.w.org\/{rel}","templated":true}]}}