{"id":2733,"date":"2025-03-26T07:12:17","date_gmt":"2025-03-26T07:12:17","guid":{"rendered":"https:\/\/alfakherwelt.de\/?post_type=product&#038;p=2733"},"modified":"2025-12-15T12:57:13","modified_gmt":"2025-12-15T12:57:13","slug":"fumot-randm-digital-box-12000-cono-e-cigarrillo-desechable-cherry-cola","status":"publish","type":"product","link":"https:\/\/alfakherwelt.de\/es\/producto\/fumot-randm-digital-box-12000-cono-e-cigarrillo-desechable-cherry-cola\/","title":{"rendered":"Caja digital Fumot RandM 12000 tiradas E cigarrillo desechable - Cherry Cola"},"content":{"rendered":"<div style=\"width: 640px;\" class=\"wp-video\"><video class=\"wp-video-shortcode\" id=\"video-2733-1\" width=\"640\" height=\"360\" preload=\"metadata\" controls=\"controls\"><source type=\"video\/mp4\" src=\"https:\/\/alfakherwelt.de\/wp-content\/uploads\/2024\/12\/Fumot-RandM-Digital-Box-120002.mp4?_=1\" \/><a href=\"https:\/\/alfakherwelt.de\/wp-content\/uploads\/2024\/12\/Fumot-RandM-Digital-Box-120002.mp4\">https:\/\/alfakherwelt.de\/wp-content\/uploads\/2024\/12\/Fumot-RandM-Digital-Box-120002.mp4<\/a><\/video><\/div>\n<h2><a href=\"https:\/\/alfakherwelt.de\/es\/categoria-de-producto\/caja-digital-randm-fumot-12000\/\">Fumot RandM Digital Box 12000 Z\u00fcge \n\nbecomes \n\nFumot RandM Digital Box 12000 tiradas<\/a> Cigarrillo electr\u00f3nico desechable: El futuro de la experiencia de vapeo<\/h2>\n<p>La <strong>Caja digital Fumot RandM 12000 tiradas Cigarrillo electr\u00f3nico desechable<\/strong> de Fumot Tech es la forma m\u00e1s reciente y avanzada de experimentar el vapeo. Esta <strong>Cigarrillo electr\u00f3nico desechable<\/strong> no solo por sus <strong>Propiedades t\u00e9cnicas<\/strong> un destaque, sino tambi\u00e9n por la calidad de los aromas y la facilidad de uso. Con una capacidad impresionante de hasta <strong>12.000 trenes<\/strong>a uno <strong>bater\u00eda recargable<\/strong>a uno <strong>moderno display LED<\/strong> y una variedad de <strong>opciones de sabor<\/strong> Es la elecci\u00f3n ideal para vapeadores que valoran tanto el rendimiento como el dise\u00f1o.<\/p>\n<p>Si est\u00e1s buscando una <strong>Cigarrillo electr\u00f3nico desechable con nicotina<\/strong> son, que le ofrecen una excepcional <strong>Experiencia de vapeo<\/strong> en Alemania ofrece, entonces es la <strong>Fumot RandM Digital Box 12000 Z\u00fcge \n\nbecomes \n\nFumot RandM Digital Box 12000 tiradas<\/strong> exactamente lo correcto para usted. Esta innovadora <strong>Cigarrillo electr\u00f3nico desechable<\/strong> superar\u00e1 sus expectativas. Siga leyendo para saber m\u00e1s sobre las caracter\u00edsticas sobresalientes y los deliciosos sabores de este <strong>Disposable Vape<\/strong> para saber, que en <strong>alfakherwelt.de<\/strong> disponible - la mayor plataforma para <strong>Vapes desechables en Alemania<\/strong>.<\/p>\n<h3>Descripci\u00f3n del producto<\/h3>\n<p>La <strong>Caja digital Fumot RandM 12000 tiradas Cigarrillo electr\u00f3nico desechable<\/strong> no es solo otro <strong>Vape desechable<\/strong>sino una verdadera obra maestra de la t\u00e9cnica y del dise\u00f1o. Equipado con un <strong>20ml de l\u00edquido electr\u00f3nico prellenado<\/strong>, que uno <strong>larga vida \u00fatil<\/strong> de hasta <strong>12.000 trenes<\/strong> ofrece, no tiene que preocuparse por rellenar o realizar compras de reemplazo constantes. El <strong>bater\u00eda recargable de 550mAh<\/strong> garantiza una <strong>larga vida \u00fatil<\/strong> y se puede acceder c\u00f3modamente a trav\u00e9s del <strong>Conector tipo C<\/strong> ser cargados.<\/p>\n<p>Gracias a la <strong>Bobinas de malla<\/strong> es ist nicht m\u00f6glich, eine \u00dcbersetzung zu erstellen, da der Text unvollst\u00e4ndig ist. Bitte geben Sie den vollst\u00e4ndigen Text ein. <strong>E-cigarrillo con nicotina<\/strong> especialmente agradable. La tecnolog\u00eda de malla garantiza una formaci\u00f3n de vapor uniforme e intensa que <strong>Sabor<\/strong> cada cigarro, cada tirada, a una experiencia lujosa. Adem\u00e1s, asegura el <strong>regulador de flujo de aire<\/strong> para que puedas adaptar el vapor a tus preferencias y disfrutar de la experiencia de vapeo perfecta, ya sea <strong>vapor fuerte<\/strong> o un tir\u00f3n ligero y suave.<\/p>\n<p>Otro caracter\u00edstica innovadora es el <strong>Pantalla LED<\/strong>que en tiempo real el <strong>Consumo de E-L\u00edquido<\/strong> y el <strong>Estado de la bater\u00eda<\/strong> muestra para que siempre sepas cu\u00e1nta energ\u00eda queda. Esta pantalla no solo es funcional, sino que tambi\u00e9n le da al dispositivo una nota futurista y moderna. Y para hacer vapear a\u00fan m\u00e1s emocionante, cuenta con la <strong>Fumot RandM Digital Box 12000<\/strong> sobre <strong>6 luces RGB<\/strong>que se iluminan al vapear y acent\u00faan a\u00fan m\u00e1s el aspecto del dispositivo en la oscuridad.<\/p>\n<p>La <strong>Fumot RandM Digital Box<\/strong> ofrece <strong>2 intensidades de nicotina (5% o 2%)<\/strong> y as\u00ed la posibilidad, seg\u00fan la preferencia, de elegir entre uno m\u00e1s fuerte o m\u00e1s suave <strong>Experiencia de nicotina<\/strong> seleccionar. Con <strong>hasta 48 sabores diferentes<\/strong>incluyendo <strong>Frutales<\/strong>, <strong>similar a mentol<\/strong> y <strong>dulce<\/strong> Opciones, encuentre garantizado el sabor perfecto para su experiencia de vapeo individual.<\/p>\n<h3>Caracter\u00edsticas de la Fumot RandM Digital Box 12000 Caladas<\/h3>\n<ul>\n<li><strong>20ml de capacidad de l\u00edquido electr\u00f3nico<\/strong>Disfrute <strong>12000 trenes<\/strong>sin necesidad de rellenar.<\/li>\n<li><strong>Bater\u00eda recargable<\/strong>: El <strong>Bater\u00eda de 550mAh<\/strong> se encarga de <strong>larga vida \u00fatil<\/strong> y se puede controlar a trav\u00e9s del <strong>Conector tipo C<\/strong> cargar.<\/li>\n<li><strong>regulador de flujo de aire<\/strong>: Controle los <strong>Cantidad de vapor<\/strong> Seg\u00fan su deseo.<\/li>\n<li><strong>Bobinas de malla<\/strong>: Preocuparse por uno <strong>vapor uniforme<\/strong> y un sabor intenso.<\/li>\n<li><strong>Pantalla LED<\/strong>: Muestra el <strong>Consumo de E-L\u00edquido<\/strong> y el <strong>Estado de la bater\u00eda<\/strong> an.<\/li>\n<li><strong>6 luces RGB<\/strong>: Dale una dimensi\u00f3n visual fresca y genial a la experiencia de vapear.<\/li>\n<li><strong>Dos intensidades de nicotina (5% o 2%)<\/strong>: Ajuste la fuerza de la nicotina seg\u00fan sea necesario.<\/li>\n<li><strong>F\u00e1cil manejo<\/strong>: <strong>Activaci\u00f3n de tracci\u00f3n<\/strong> - No se requieren teclas ni configuraciones complejas.<\/li>\n<\/ul>\n<h3><a href=\"https:\/\/alfakherwelt.de\/es\/categoria-de-producto\/caja-digital-randm-fumot-12000\/\">Fumot RandM Digital Box 12000 Z\u00fcge \n\nbecomes \n\nFumot RandM Digital Box 12000 tiradas<\/a> Sabores de cigarrillos electr\u00f3nicos desechables<\/h3>\n<h3 class=\"\" data-start=\"0\" data-end=\"63\"><strong data-start=\"4\" data-end=\"55\">Cherry Cola - El cl\u00e1sico con un toque afrutado<\/strong> \ud83c\udf52\ud83e\udd64\u2728<\/h3>\n<p class=\"\" data-start=\"64\" data-end=\"339\">Disfrute del sabor inconfundible de <strong data-start=\"112\" data-end=\"127\">Cherry Cola<\/strong> \u00a1En una experiencia de vapeo \u00fanica! Esta mezcla combina el aroma dulce y picante de la cola con la intensidad afrutada de las cerezas maduras - un equilibrio perfecto entre frescura chispeante y dulzura afrutada.<\/p>\n<p><img loading=\"lazy\" decoding=\"async\" class=\"alignnone wp-image-1443 size-full\" src=\"https:\/\/alfakherwelt.de\/wp-content\/uploads\/2024\/12\/3Fumot-RandM-Digital-Box-12000.webp\" alt=\"Caja digital Fumot RandM 12000 tiradas E cigarrillo desechable - Cherry Cola\" width=\"800\" height=\"800\" title=\"\" srcset=\"https:\/\/alfakherwelt.de\/wp-content\/uploads\/2024\/12\/3Fumot-RandM-Digital-Box-12000.webp 800w, https:\/\/alfakherwelt.de\/wp-content\/uploads\/2024\/12\/3Fumot-RandM-Digital-Box-12000-300x300.webp 300w, https:\/\/alfakherwelt.de\/wp-content\/uploads\/2024\/12\/3Fumot-RandM-Digital-Box-12000-150x150.webp 150w, https:\/\/alfakherwelt.de\/wp-content\/uploads\/2024\/12\/3Fumot-RandM-Digital-Box-12000-768x768.webp 768w, https:\/\/alfakherwelt.de\/wp-content\/uploads\/2024\/12\/3Fumot-RandM-Digital-Box-12000-12x12.webp 12w, https:\/\/alfakherwelt.de\/wp-content\/uploads\/2024\/12\/3Fumot-RandM-Digital-Box-12000-600x600.webp 600w, https:\/\/alfakherwelt.de\/wp-content\/uploads\/2024\/12\/3Fumot-RandM-Digital-Box-12000-100x100.webp 100w\" sizes=\"auto, (max-width: 800px) 100vw, 800px\" \/><\/p>\n<hr \/>\n<h3>Por qu\u00e9 deber\u00eda usted la <a href=\"https:\/\/alfakherwelt.de\/es\/categoria-de-producto\/caja-digital-randm-fumot-12000\/\">Fumot RandM Digital Box 12000 Z\u00fcge \n\nbecomes \n\nFumot RandM Digital Box 12000 tiradas<\/a> Comprar cigarrillo electr\u00f3nico desechable?<\/h3>\n<p>Hay muchas razones por las que las <strong>Caja digital Fumot RandM 12000 tiradas Cigarrillo electr\u00f3nico desechable<\/strong> la elecci\u00f3n perfecta para cada vapeador es. No es solo <strong>t\u00e9cnicamente sobresaliente<\/strong>, sino que tambi\u00e9n ofrece una <strong>gran variedad de sabores<\/strong> y una <strong>operaci\u00f3n f\u00e1cil de usar<\/strong>La <strong>bater\u00eda recargable<\/strong> garantiza una <strong>larga vida \u00fatil<\/strong>, y eso <strong>Pantalla LED<\/strong> ofrece una sencilla <strong>Vigilancia<\/strong> del estado de la bater\u00eda y del <strong>Consumo de E-L\u00edquido<\/strong>.<\/p>\n<ul>\n<li><strong>Gran capacidad de E-L\u00edquido<\/strong>: Con <strong>20ml<\/strong> E-Liquid y hasta <strong>12.000 trenes<\/strong> No tiene que preocuparse por rellenar.<\/li>\n<li><strong>Duradero y rentable<\/strong>: La <strong>bater\u00eda recargable<\/strong> y la larga duraci\u00f3n de uso hacen que los <strong>Fumot RandM Digital Box 12000<\/strong> a una extremadamente <strong>econ\u00f3micos<\/strong> Elecci\u00f3n.<\/li>\n<li><strong>Sabores refrescantes<\/strong>Von <strong>Peach Ice<\/strong> hasta <strong>muchos otros sabores<\/strong> - hay algo para cada gusto.<\/li>\n<li><strong>Facilidad de uso<\/strong>: Ninguna tecla, simplemente a trav\u00e9s <strong>Ziehen aktiviert<\/strong>.<\/li>\n<\/ul>\n<p>Kaufen Sie jetzt die <strong>Caja digital Fumot RandM 12000 tiradas Cigarrillo electr\u00f3nico desechable<\/strong> auf <strong>alfakherwelt.de<\/strong>de los m\u00e1s grandes <strong>Plataforma en l\u00ednea para vaporizadores desechables en Alemania<\/strong>y experimente <strong>mejor experiencia de vapeo<\/strong>!<\/p>\n<h3>Conclusi\u00f3n<\/h3>\n<p>La <strong>Caja digital Fumot RandM 12000 tiradas Cigarrillo electr\u00f3nico desechable<\/strong> Establece nuevos est\u00e1ndares para vapear y cuenta con sus funciones avanzadas, el <strong>sabor refrescante<\/strong> y el <strong>larga vida \u00fatil de rendimiento<\/strong> una de las mejores <strong>Cigarrillos electr\u00f3nicos desechables<\/strong> en el mercado. Obtenga su <strong>Fumot Digital Box<\/strong> y disfrute de un <strong>experiencia de vapeo lujosa<\/strong> auf <a href=\"https:\/\/alfakherwelt.de\/es\/\"><strong>alfakherwelt.de<\/strong><\/a>!<\/p>","protected":false},"excerpt":{"rendered":"<div class=\"flex-shrink-0 flex flex-col relative items-end\">\n<div class=\"pt-0\">\n<div class=\"gizmo-shadow-stroke flex h-8 w-8 items-center justify-center overflow-hidden rounded-full\">\n<div class=\"h-full w-full\">\n<div class=\"flex-shrink-0 flex flex-col relative items-end\">\n<div class=\"pt-0\">\n<div class=\"gizmo-shadow-stroke flex h-8 w-8 items-center justify-center overflow-hidden rounded-full\">\n<div class=\"h-full w-full\">\n<div class=\"gizmo-shadow-stroke overflow-hidden rounded-full\">\n<div class=\"flex-1 overflow-hidden\">\n<div class=\"h-full\">\n<div class=\"react-scroll-to-bottom--css-nphjn-79elbk h-full\">\n<div class=\"react-scroll-to-bottom--css-nphjn-1n7m0yu\">\n<div class=\"flex flex-col text-sm md:pb-9\">\n<article class=\"w-full scroll-mb-[var(--thread-trailing-height,150px)] text-token-text-primary focus-visible:outline-2 focus-visible:outline-offset-[-4px]\" dir=\"auto\" data-testid=\"conversation-turn-5\" data-scroll-anchor=\"true\">\n<div class=\"m-auto text-base py-[18px] px-3 md:px-4 w-full md:px-5 lg:px-4 xl:px-5\">\n<div class=\"mx-auto flex flex-1 gap-4 text-base md:gap-5 lg:gap-6 md:max-w-3xl lg:max-w-[40rem] xl:max-w-[48rem]\">\n<div class=\"group\/conversation-turn relative flex w-full min-w-0 flex-col agent-turn\">\n<div class=\"flex-col gap-1 md:gap-3\">\n<div class=\"flex max-w-full flex-col flex-grow\">\n<div class=\"min-h-8 text-message flex w-full flex-col items-end gap-2 whitespace-normal break-words [.text-message+&amp;]:mt-5\" dir=\"auto\" data-message-author-role=\"assistant\" data-message-id=\"1982dcee-f0f5-4cfa-a269-fdbaed43d922\" data-message-model-slug=\"gpt-4o\">\n<div class=\"flex w-full flex-col gap-1 empty:hidden first:pt-[3px]\">\n<div class=\"markdown prose w-full break-words dark:prose-invert light\">\n<div class=\"flex-1 overflow-hidden\">\n<div class=\"h-full\">\n<div class=\"react-scroll-to-bottom--css-xrsce-79elbk h-full\">\n<div class=\"react-scroll-to-bottom--css-xrsce-1n7m0yu\">\n<div class=\"flex flex-col text-sm md:pb-9\">\n<article class=\"w-full scroll-mb-[var(--thread-trailing-height,150px)] text-token-text-primary focus-visible:outline-2 focus-visible:outline-offset-[-4px]\" dir=\"auto\" data-testid=\"conversation-turn-5\" data-scroll-anchor=\"true\">\n<div class=\"m-auto text-base py-[18px] px-3 md:px-4 w-full md:px-5 lg:px-4 xl:px-5\">\n<div class=\"mx-auto flex flex-1 gap-4 text-base md:gap-5 lg:gap-6 md:max-w-3xl lg:max-w-[40rem] xl:max-w-[48rem]\">\n<div class=\"group\/conversation-turn relative flex w-full min-w-0 flex-col agent-turn\">\n<div class=\"flex-col gap-1 md:gap-3\">\n<div class=\"flex max-w-full flex-col flex-grow\">\n<div class=\"min-h-8 text-message flex w-full flex-col items-end gap-2 whitespace-normal break-words [.text-message+&amp;]:mt-5\" dir=\"auto\" data-message-author-role=\"assistant\" data-message-id=\"1a0c8d71-a6be-4cc9-b460-deb3e7ecbf47\" data-message-model-slug=\"gpt-4o\">\n<div class=\"flex w-full flex-col gap-1 empty:hidden first:pt-[3px]\">\n<div class=\"markdown prose w-full break-words dark:prose-invert light\">\n<div class=\"flex-1 overflow-hidden\">\n<div class=\"h-full\">\n<div class=\"react-scroll-to-bottom--css-gqbzc-79elbk h-full\">\n<div class=\"react-scroll-to-bottom--css-gqbzc-1n7m0yu\">\n<div class=\"flex flex-col text-sm md:pb-9\">\n<article class=\"w-full scroll-mb-[var(--thread-trailing-height,150px)] text-token-text-primary focus-visible:outline-2 focus-visible:outline-offset-[-4px]\" dir=\"auto\" data-testid=\"conversation-turn-5\" data-scroll-anchor=\"true\">\n<div class=\"m-auto text-base py-[18px] px-3 md:px-4 w-full md:px-5 lg:px-4 xl:px-5\">\n<div class=\"mx-auto flex flex-1 gap-4 text-base md:gap-5 lg:gap-6 md:max-w-3xl lg:max-w-[40rem] xl:max-w-[48rem]\">\n<div class=\"group\/conversation-turn relative flex w-full min-w-0 flex-col agent-turn\">\n<div class=\"flex-col gap-1 md:gap-3\">\n<div class=\"flex max-w-full flex-col flex-grow\">\n<div class=\"min-h-8 text-message flex w-full flex-col items-end gap-2 whitespace-normal break-words [.text-message+&amp;]:mt-5\" dir=\"auto\" data-message-author-role=\"assistant\" data-message-id=\"ca066132-0777-4603-995e-a689971b3380\" data-message-model-slug=\"gpt-4o\">\n<div class=\"flex w-full flex-col gap-1 empty:hidden first:pt-[3px]\">\n<div class=\"markdown prose w-full break-words dark:prose-invert light\">\n<p>La <strong>Caja digital Fumot RandM 12000 tiradas Cigarrillo electr\u00f3nico desechable<\/strong> con su oferta <strong>20ml E-Liquid<\/strong>uno <strong>bater\u00eda recargable de 550mAh<\/strong>, <strong>hasta 12.000 movimientos<\/strong>a uno <strong>Pantalla LED<\/strong>, <strong>6 luces RGB<\/strong>, <strong>Bobinas de malla<\/strong> y la posibilidad de cambiar entre <strong>5% o 2% nicotina<\/strong> para elegir una experiencia de vapeo sobresaliente y personalizada.<\/p>\n<\/div>\n<\/div>\n<\/div>\n<\/div>\n<\/div>\n<\/div>\n<\/div>\n<\/div>\n<\/article>\n<\/div>\n<\/div>\n<\/div>\n<\/div>\n<\/div>\n<\/div>\n<\/div>\n<\/div>\n<\/div>\n<\/div>\n<\/div>\n<\/div>\n<\/div>\n<\/article>\n<\/div>\n<\/div>\n<\/div>\n<\/div>\n<\/div>\n<\/div>\n<\/div>\n<\/div>\n<\/div>\n<div class=\"pr-2 lg:pr-0\"><\/div>\n<div class=\"mt-3 w-full empty:hidden\">\n<div class=\"text-center\"><\/div>\n<\/div>\n<\/div>\n<div class=\"absolute\">\n<div class=\"flex items-center justify-center\"><\/div>\n<\/div>\n<\/div>\n<\/div>\n<\/div>\n<\/article>\n<\/div>\n<\/div>\n<\/div>\n<\/div>\n<\/div>\n<div class=\"md:pt-0 dark:border-white\/20 md:border-transparent md:dark:border-transparent w-full\">\n<div>\n<div class=\"m-auto text-base px-3 md:px-4 w-full md:px-5 lg:px-4 xl:px-5\">\n<div class=\"mx-auto flex flex-1 gap-4 text-base md:gap-5 lg:gap-6 md:max-w-3xl lg:max-w-[40rem] xl:max-w-[48rem]\">\n<div class=\"flex justify-center\"><\/div>\n<\/div>\n<\/div>\n<\/div>\n<\/div>\n<\/div>\n<\/div>\n<\/div>\n<\/div>\n<\/div>\n<\/div>\n<\/div>\n<\/div>\n<\/div>","protected":false},"featured_media":2738,"comment_status":"open","ping_status":"closed","template":"","meta":[],"product_brand":[],"product_cat":[57],"product_tag":[],"class_list":{"0":"post-2733","1":"product","2":"type-product","3":"status-publish","4":"has-post-thumbnail","6":"product_cat-randm-fumot-digital-box-12000","8":"first","9":"instock","10":"sale","11":"shipping-taxable","12":"purchasable","13":"product-type-simple"},"jetpack_sharing_enabled":true,"_links":{"self":[{"href":"https:\/\/alfakherwelt.de\/es\/wp-json\/wp\/v2\/product\/2733","targetHints":{"allow":["GET"]}}],"collection":[{"href":"https:\/\/alfakherwelt.de\/es\/wp-json\/wp\/v2\/product"}],"about":[{"href":"https:\/\/alfakherwelt.de\/es\/wp-json\/wp\/v2\/types\/product"}],"replies":[{"embeddable":true,"href":"https:\/\/alfakherwelt.de\/es\/wp-json\/wp\/v2\/comments?post=2733"}],"wp:featuredmedia":[{"embeddable":true,"href":"https:\/\/alfakherwelt.de\/es\/wp-json\/wp\/v2\/media\/2738"}],"wp:attachment":[{"href":"https:\/\/alfakherwelt.de\/es\/wp-json\/wp\/v2\/media?parent=2733"}],"wp:term":[{"taxonomy":"product_brand","embeddable":true,"href":"https:\/\/alfakherwelt.de\/es\/wp-json\/wp\/v2\/product_brand?post=2733"},{"taxonomy":"product_cat","embeddable":true,"href":"https:\/\/alfakherwelt.de\/es\/wp-json\/wp\/v2\/product_cat?post=2733"},{"taxonomy":"product_tag","embeddable":true,"href":"https:\/\/alfakherwelt.de\/es\/wp-json\/wp\/v2\/product_tag?post=2733"}],"curies":[{"name":"wp","href":"https:\/\/api.w.org\/{rel}","templated":true}]}}