{"id":2728,"date":"2025-03-26T07:06:31","date_gmt":"2025-03-26T07:06:31","guid":{"rendered":"https:\/\/alfakherwelt.de\/?post_type=product&#038;p=2728"},"modified":"2025-03-26T07:24:19","modified_gmt":"2025-03-26T07:24:19","slug":"fumot-randm-digital-box-12000-cigarro-e-cigarrillo-desechable-bluesour-frambuesa","status":"publish","type":"product","link":"https:\/\/alfakherwelt.de\/es\/producto\/fumot-randm-digital-box-12000-cigarro-e-cigarrillo-desechable-bluesour-frambuesa\/","title":{"rendered":"Caja digital Fumot RandM 12000 tiradas E cigarrillo desechable - Frambuesa Bluesour"},"content":{"rendered":"<div style=\"width: 640px;\" class=\"wp-video\"><video class=\"wp-video-shortcode\" id=\"video-2728-1\" width=\"640\" height=\"360\" preload=\"metadata\" controls=\"controls\"><source type=\"video\/mp4\" src=\"https:\/\/alfakherwelt.de\/wp-content\/uploads\/2024\/12\/Fumot-RandM-Digital-Box-120002.mp4?_=1\" \/><a href=\"https:\/\/alfakherwelt.de\/wp-content\/uploads\/2024\/12\/Fumot-RandM-Digital-Box-120002.mp4\">https:\/\/alfakherwelt.de\/wp-content\/uploads\/2024\/12\/Fumot-RandM-Digital-Box-120002.mp4<\/a><\/video><\/div>\n<h2><strong><a href=\"https:\/\/alfakherwelt.de\/es\/categoria-de-producto\/caja-digital-randm-fumot-12000\/\">Fumot RandM Digital Box 12000 Z\u00fcge \n\nbecomes \n\nFumot RandM Digital Box 12000 tiradas<\/a> Dispositivo de cigarrillo electr\u00f3nico desechable - La elecci\u00f3n perfecta para vapeadores exigentes en Alemania<\/strong><\/h2>\n<p>La <strong>Caja digital Fumot RandM 12000 tiradas Cigarrillo electr\u00f3nico desechable<\/strong> es una obra maestra de la tecnolog\u00eda moderna de vapor y ofrece una experiencia de fumar incomparable para todos aquellos que buscan una experiencia duradera, pr\u00e1ctica y a la vez elegante <strong>Cigarrillo electr\u00f3nico desechable<\/strong> buscar. Desarrollado para el exigente vapeador, este dispositivo innovador combina tecnolog\u00eda sofisticada con un dise\u00f1o refinado y una variedad de funciones que hacen que vapear sea un verdadero placer.<\/p>\n<p>Con <strong>12.000 trenes<\/strong>a uno <strong>Pantalla LED<\/strong> y uno <strong>bater\u00eda recargable de 550mAh cargada<\/strong>que pasan por encima de un <strong>Conector de carga tipo C<\/strong> se puede cargar, la caja Fumot RandM Digital ofrece una experiencia de vapeo distintiva. Aqu\u00ed encontrar\u00e1 todo lo que necesita saber sobre esta de alta calidad <strong>Cigarrillo electr\u00f3nico desechable<\/strong> deben saber, as\u00ed como la oportunidad perfecta para aplicarlos directamente en <strong>alfakherwelt.de<\/strong> para comprar - su plataforma preferida para <strong>Cigarrillo electr\u00f3nico desechable<\/strong> en <strong>Alemania<\/strong>.<\/p>\n<hr \/>\n<h3><strong>Caracter\u00edsticas del producto de la <a href=\"https:\/\/alfakherwelt.de\/es\/categoria-de-producto\/caja-digital-randm-fumot-12000\/\">Fumot RandM Digital Box 12000 Z\u00fcge \n\nbecomes \n\nFumot RandM Digital Box 12000 tiradas<\/a> Cigarrillo electr\u00f3nico desechable<\/strong><\/h3>\n<ul>\n<li><strong>20ml de capacidad de l\u00edquido electr\u00f3nico<\/strong> - Una cantidad generosa, suficiente para hasta <strong>12000 trenes<\/strong> reicht. Ideal para sesiones de vapor m\u00e1s largas sin necesidad de rellenar frecuentemente.<\/li>\n<li><strong>Alcance de 12000 trenes<\/strong> - Gracias a la combinaci\u00f3n \u00f3ptima de potente <strong>Tecnolog\u00eda de sal de nicotina<\/strong> y un generoso tanque de l\u00edquido electr\u00f3nico.<\/li>\n<li><strong>Bater\u00eda recargable de 550mAh<\/strong> Con un pr\u00e1ctico <strong>Conector tipo C<\/strong> se puede cargar la bater\u00eda de forma r\u00e1pida y sencilla, para que pueda disfrutar de toda la potencia en cualquier momento.<\/li>\n<li><strong>Seis luces RGB<\/strong> \u2013 Estas luces no solo ofrecen sofisticaci\u00f3n \u00f3ptica, sino que tambi\u00e9n ayudan a que te vean cuando vapeas en la oscuridad.<\/li>\n<li><strong>Interruptor de control de flujo de aire<\/strong> Ajuste el tama\u00f1o del vapor a sus preferencias regulando libremente la circulaci\u00f3n de aire.<\/li>\n<li><strong>Dos niveles de sal de nicotina<\/strong> - Elija entre 5% o 2% de nicotina, dependiendo de cu\u00e1n intenso desee que sea su experiencia de vapeo.<\/li>\n<li><strong>Tecnolog\u00eda de bobina de malla<\/strong> \u2013 Esto asegura una experiencia de sabor particularmente intensa y permite una distribuci\u00f3n uniforme del calor al vaporizar el e-l\u00edquido.<\/li>\n<\/ul>\n<hr \/>\n<h3><strong>Por qu\u00e9 la <a href=\"https:\/\/alfakherwelt.de\/es\/categoria-de-producto\/caja-digital-randm-fumot-12000\/\">Fumot RandM Digital Box 12000 Z\u00fcge \n\nbecomes \n\nFumot RandM Digital Box 12000 tiradas<\/a> Debe ser su primera opci\u00f3n de cigarrillo electr\u00f3nico desechable<\/strong><\/h3>\n<p><strong>La funcionalidad se encuentra con la est\u00e9tica<\/strong><br \/>\nLa <strong>Caja digital Fumot RandM 12000 tiradas Cigarrillo electr\u00f3nico desechable<\/strong> No es solo una obra maestra t\u00e9cnica, sino tambi\u00e9n un destaque \u00f3ptico. Con su dise\u00f1o delgado y ligero como una pluma, se adapta perfectamente a la mano y se puede transportar sin esfuerzo. El <strong>Pantalla LED<\/strong> garantiza que siempre tenga una visi\u00f3n clara de cu\u00e1nto l\u00edquido electr\u00f3nico queda y cu\u00e1nta energ\u00eda le queda a la bater\u00eda.<\/p>\n<p><strong>Dise\u00f1o ergon\u00f3mico para m\u00e1ximo confort<\/strong><br \/>\nCon una pensada <strong>dise\u00f1o ergon\u00f3mico<\/strong> ofrece esto <strong>Cigarrillo electr\u00f3nico desechable<\/strong> un experiencia de vapeo excepcionalmente agradable. El <strong>Sistema de bobina de malla<\/strong> contribuye a intensificar el sabor del e-l\u00edquido y, al mismo tiempo, distribuye uniformemente el calor. La <strong>Producci\u00f3n de vapor<\/strong> es uniforme y eficiente, para que puedas disfrutar de un sabor pleno e intenso cada vez.<\/p>\n<p><strong>Aplicaci\u00f3n sencilla sin complicaciones<\/strong><br \/>\nCon el pr\u00e1ctico <strong>Sistema de activaci\u00f3n de tren<\/strong> No necesitas botones ni ajustes complicados. Simplemente tira, y el vapor se activa al instante. Esto hace que vapear con la Fumot RandM Digital Box sea una experiencia incre\u00edblemente c\u00f3moda. Ya sea en casa o en movimiento, siempre puedes confiar en un resultado consistentemente bueno.<\/p>\n<p><strong>Posibilidades de uso ampliadas<\/strong><br \/>\nCon la posibilidad de que la <strong>Control de flujo de aire<\/strong> para regular, tienes el control total sobre tu experiencia de vapeo. Ajusta la cantidad de vapor seg\u00fan tus preferencias y disfruta de la flexibilidad total - un verdadero punto culminante que este <strong>Cigarrillo electr\u00f3nico desechable<\/strong> se diferencia de los dem\u00e1s en el mercado.<\/p>\n<p><img loading=\"lazy\" decoding=\"async\" class=\"alignnone wp-image-1443 size-full\" src=\"https:\/\/alfakherwelt.de\/wp-content\/uploads\/2024\/12\/3Fumot-RandM-Digital-Box-12000.webp\" alt=\"Fumot RandM Digital Box 12000 Z\u00fcge Einweg E Zigarette - Bluesour Raspberry Fumot RandM Digital Box 12000 tiradas cigarrillo electr\u00f3nico desechable - Frambuesa Bluesour\" width=\"800\" height=\"800\" title=\"\" srcset=\"https:\/\/alfakherwelt.de\/wp-content\/uploads\/2024\/12\/3Fumot-RandM-Digital-Box-12000.webp 800w, https:\/\/alfakherwelt.de\/wp-content\/uploads\/2024\/12\/3Fumot-RandM-Digital-Box-12000-300x300.webp 300w, https:\/\/alfakherwelt.de\/wp-content\/uploads\/2024\/12\/3Fumot-RandM-Digital-Box-12000-150x150.webp 150w, https:\/\/alfakherwelt.de\/wp-content\/uploads\/2024\/12\/3Fumot-RandM-Digital-Box-12000-768x768.webp 768w, https:\/\/alfakherwelt.de\/wp-content\/uploads\/2024\/12\/3Fumot-RandM-Digital-Box-12000-12x12.webp 12w, https:\/\/alfakherwelt.de\/wp-content\/uploads\/2024\/12\/3Fumot-RandM-Digital-Box-12000-600x600.webp 600w, https:\/\/alfakherwelt.de\/wp-content\/uploads\/2024\/12\/3Fumot-RandM-Digital-Box-12000-100x100.webp 100w\" sizes=\"auto, (max-width: 800px) 100vw, 800px\" \/><\/p>\n<hr \/>\n<h3><strong>Caja digital Fumot RandM 12000 tiradas Cigarrillo electr\u00f3nico desechable Variedad de sabores<\/strong><\/h3>\n<p class=\"\" data-start=\"0\" data-end=\"68\"><strong data-start=\"0\" data-end=\"60\">Refrescante e Intenso - E-cigarrillo Blue Sour Raspberry<\/strong> \ud83d\udc99\ud83c\udf47\u2728<\/p>\n<p class=\"\" data-start=\"70\" data-end=\"382\">Sum\u00e9rjase en una emocionante explosi\u00f3n de sabores con nuestra <strong data-start=\"137\" data-end=\"160\">Blue Sour Raspberry<\/strong> E-Cigarrillo! Este aroma excepcional combina el dulce y maduro ar\u00e1ndano con la fresca acidez de la frambuesa - un equilibrio perfecto entre dulce y \u00e1cido para una experiencia de vapeo inolvidable.<\/p>\n<hr \/>\n<h3><strong>Comprar Vape en alfakherwelt.de - Su primera direcci\u00f3n para cigarrillos electr\u00f3nicos desechables en Alemania<\/strong><\/h3>\n<p>Auf <strong>alfakherwelt.de<\/strong>al mayor <strong>Tienda en l\u00ednea para cigarrillos electr\u00f3nicos desechables en Alemania<\/strong>pueden ustedes <strong>Caja digital Fumot RandM 12000 tiradas Cigarrillo electr\u00f3nico desechable<\/strong> Compre c\u00f3modamente en l\u00ednea. Aproveche nuestra amplia oferta y nuestros precios atractivos. Adem\u00e1s, le garantizamos una entrega r\u00e1pida y un excelente servicio al cliente.<\/p>\n<p>Visite<a href=\"https:\/\/alfakherwelt.de\/es\/\"> <strong>alfakherwelt.de<\/strong><\/a>para que pueda disfrutar de su nuevo <strong>Cigarrillo electr\u00f3nico desechable<\/strong> para ordenar y disfrutar de la experiencia de vapeo definitiva. Ya sea que sea un vapeador experimentado o un principiante, con el <strong>Fumot RandM Digital Box<\/strong> est\u00e1n siempre perfectamente equipados.<\/p>\n<hr \/>\n<h3><strong>Fazit: Por qu\u00e9 debe leer las <a href=\"https:\/\/alfakherwelt.de\/es\/categoria-de-producto\/caja-digital-randm-fumot-12000\/\">Fumot RandM Digital Box 12000 Z\u00fcge \n\nbecomes \n\nFumot RandM Digital Box 12000 tiradas<\/a> Comprar cigarrillos electr\u00f3nicos desechables<\/strong><\/h3>\n<p>La <strong>Caja digital Fumot RandM 12000 tiradas Cigarrillo electr\u00f3nico desechable<\/strong> es una elecci\u00f3n excelente para todos los que buscan un <strong>de alta calidad, f\u00e1ciles de usar<\/strong> y <strong>intensos en sabor<\/strong> Experiencias de vapor. Con funciones innovadoras como la <strong>Control de flujo de aire<\/strong>al que <strong>Pantalla LED<\/strong> y el <strong>Bater\u00eda recargable de 550mAh<\/strong> es la soluci\u00f3n perfecta para todos aquellos que no quieren renunciar a la calidad al vapear. Adem\u00e1s, la amplia selecci\u00f3n de <strong>Aromas<\/strong> y la <strong>larga vida \u00fatil<\/strong> de hasta <strong>12.000 trenes<\/strong> para que pueda disfrutar de una experiencia de vapeo sobresaliente cada vez.<\/p>\n<p><strong>Visite<a href=\"https:\/\/alfakherwelt.de\/es\/\"> alfakherwelt.de<\/a><\/strong>para que pueda <strong>Caja digital Fumot RandM 12000 tiradas Cigarrillo electr\u00f3nico desechable<\/strong> \u00a1Ordene y experimente el vapeo al m\u00e1s alto nivel!<\/p>","protected":false},"excerpt":{"rendered":"<div class=\"flex-shrink-0 flex flex-col relative items-end\">\n<div class=\"pt-0\">\n<div class=\"gizmo-shadow-stroke flex h-8 w-8 items-center justify-center overflow-hidden rounded-full\">\n<div class=\"h-full w-full\">\n<div class=\"flex-shrink-0 flex flex-col relative items-end\">\n<div class=\"pt-0\">\n<div class=\"gizmo-shadow-stroke flex h-8 w-8 items-center justify-center overflow-hidden rounded-full\">\n<div class=\"h-full w-full\">\n<div class=\"gizmo-shadow-stroke overflow-hidden rounded-full\">\n<div class=\"flex-1 overflow-hidden\">\n<div class=\"h-full\">\n<div class=\"react-scroll-to-bottom--css-nphjn-79elbk h-full\">\n<div class=\"react-scroll-to-bottom--css-nphjn-1n7m0yu\">\n<div class=\"flex flex-col text-sm md:pb-9\">\n<article class=\"w-full scroll-mb-[var(--thread-trailing-height,150px)] text-token-text-primary focus-visible:outline-2 focus-visible:outline-offset-[-4px]\" dir=\"auto\" data-testid=\"conversation-turn-5\" data-scroll-anchor=\"true\">\n<div class=\"m-auto text-base py-[18px] px-3 md:px-4 w-full md:px-5 lg:px-4 xl:px-5\">\n<div class=\"mx-auto flex flex-1 gap-4 text-base md:gap-5 lg:gap-6 md:max-w-3xl lg:max-w-[40rem] xl:max-w-[48rem]\">\n<div class=\"group\/conversation-turn relative flex w-full min-w-0 flex-col agent-turn\">\n<div class=\"flex-col gap-1 md:gap-3\">\n<div class=\"flex max-w-full flex-col flex-grow\">\n<div class=\"min-h-8 text-message flex w-full flex-col items-end gap-2 whitespace-normal break-words [.text-message+&amp;]:mt-5\" dir=\"auto\" data-message-author-role=\"assistant\" data-message-id=\"1982dcee-f0f5-4cfa-a269-fdbaed43d922\" data-message-model-slug=\"gpt-4o\">\n<div class=\"flex w-full flex-col gap-1 empty:hidden first:pt-[3px]\">\n<div class=\"markdown prose w-full break-words dark:prose-invert light\">\n<div class=\"flex-1 overflow-hidden\">\n<div class=\"h-full\">\n<div class=\"react-scroll-to-bottom--css-xrsce-79elbk h-full\">\n<div class=\"react-scroll-to-bottom--css-xrsce-1n7m0yu\">\n<div class=\"flex flex-col text-sm md:pb-9\">\n<article class=\"w-full scroll-mb-[var(--thread-trailing-height,150px)] text-token-text-primary focus-visible:outline-2 focus-visible:outline-offset-[-4px]\" dir=\"auto\" data-testid=\"conversation-turn-5\" data-scroll-anchor=\"true\">\n<div class=\"m-auto text-base py-[18px] px-3 md:px-4 w-full md:px-5 lg:px-4 xl:px-5\">\n<div class=\"mx-auto flex flex-1 gap-4 text-base md:gap-5 lg:gap-6 md:max-w-3xl lg:max-w-[40rem] xl:max-w-[48rem]\">\n<div class=\"group\/conversation-turn relative flex w-full min-w-0 flex-col agent-turn\">\n<div class=\"flex-col gap-1 md:gap-3\">\n<div class=\"flex max-w-full flex-col flex-grow\">\n<div class=\"min-h-8 text-message flex w-full flex-col items-end gap-2 whitespace-normal break-words [.text-message+&amp;]:mt-5\" dir=\"auto\" data-message-author-role=\"assistant\" data-message-id=\"1a0c8d71-a6be-4cc9-b460-deb3e7ecbf47\" data-message-model-slug=\"gpt-4o\">\n<div class=\"flex w-full flex-col gap-1 empty:hidden first:pt-[3px]\">\n<div class=\"markdown prose w-full break-words dark:prose-invert light\">\n<div class=\"flex-1 overflow-hidden\">\n<div class=\"h-full\">\n<div class=\"react-scroll-to-bottom--css-gqbzc-79elbk h-full\">\n<div class=\"react-scroll-to-bottom--css-gqbzc-1n7m0yu\">\n<div class=\"flex flex-col text-sm md:pb-9\">\n<article class=\"w-full scroll-mb-[var(--thread-trailing-height,150px)] text-token-text-primary focus-visible:outline-2 focus-visible:outline-offset-[-4px]\" dir=\"auto\" data-testid=\"conversation-turn-5\" data-scroll-anchor=\"true\">\n<div class=\"m-auto text-base py-[18px] px-3 md:px-4 w-full md:px-5 lg:px-4 xl:px-5\">\n<div class=\"mx-auto flex flex-1 gap-4 text-base md:gap-5 lg:gap-6 md:max-w-3xl lg:max-w-[40rem] xl:max-w-[48rem]\">\n<div class=\"group\/conversation-turn relative flex w-full min-w-0 flex-col agent-turn\">\n<div class=\"flex-col gap-1 md:gap-3\">\n<div class=\"flex max-w-full flex-col flex-grow\">\n<div class=\"min-h-8 text-message flex w-full flex-col items-end gap-2 whitespace-normal break-words [.text-message+&amp;]:mt-5\" dir=\"auto\" data-message-author-role=\"assistant\" data-message-id=\"ca066132-0777-4603-995e-a689971b3380\" data-message-model-slug=\"gpt-4o\">\n<div class=\"flex w-full flex-col gap-1 empty:hidden first:pt-[3px]\">\n<div class=\"markdown prose w-full break-words dark:prose-invert light\">\n<p>La <strong>Caja digital Fumot RandM 12000 tiradas Cigarrillo electr\u00f3nico desechable<\/strong> ofrece 20 ml de E-Liquid, una bater\u00eda recargable de 550mAh, luces RGB, un sistema de control de flujo de aire y una selecci\u00f3n de sabores deliciosos, incluyendo el refrescante Bluesour Raspberry , una experiencia de vapeo excepcional con hasta <strong>12.000 trenes<\/strong> y un dise\u00f1o innovador que une funcionalidad y estilo.<\/p>\n<\/div>\n<\/div>\n<\/div>\n<\/div>\n<\/div>\n<\/div>\n<\/div>\n<\/div>\n<\/article>\n<\/div>\n<\/div>\n<\/div>\n<\/div>\n<\/div>\n<\/div>\n<\/div>\n<\/div>\n<\/div>\n<\/div>\n<\/div>\n<\/div>\n<\/div>\n<\/article>\n<\/div>\n<\/div>\n<\/div>\n<\/div>\n<\/div>\n<\/div>\n<\/div>\n<\/div>\n<\/div>\n<div class=\"pr-2 lg:pr-0\"><\/div>\n<div class=\"mt-3 w-full empty:hidden\">\n<div class=\"text-center\"><\/div>\n<\/div>\n<\/div>\n<div class=\"absolute\">\n<div class=\"flex items-center justify-center\"><\/div>\n<\/div>\n<\/div>\n<\/div>\n<\/div>\n<\/article>\n<\/div>\n<\/div>\n<\/div>\n<\/div>\n<\/div>\n<div class=\"md:pt-0 dark:border-white\/20 md:border-transparent md:dark:border-transparent w-full\">\n<div>\n<div class=\"m-auto text-base px-3 md:px-4 w-full md:px-5 lg:px-4 xl:px-5\">\n<div class=\"mx-auto flex flex-1 gap-4 text-base md:gap-5 lg:gap-6 md:max-w-3xl lg:max-w-[40rem] xl:max-w-[48rem]\">\n<div class=\"flex justify-center\"><\/div>\n<\/div>\n<\/div>\n<\/div>\n<\/div>\n<\/div>\n<\/div>\n<\/div>\n<\/div>\n<\/div>\n<\/div>\n<\/div>\n<\/div>\n<\/div>","protected":false},"featured_media":2731,"comment_status":"open","ping_status":"closed","template":"","meta":[],"product_brand":[],"product_cat":[57],"product_tag":[],"class_list":{"0":"post-2728","1":"product","2":"type-product","3":"status-publish","4":"has-post-thumbnail","6":"product_cat-randm-fumot-digital-box-12000","8":"first","9":"instock","10":"sale","11":"shipping-taxable","12":"purchasable","13":"product-type-simple"},"jetpack_sharing_enabled":true,"_links":{"self":[{"href":"https:\/\/alfakherwelt.de\/es\/wp-json\/wp\/v2\/product\/2728","targetHints":{"allow":["GET"]}}],"collection":[{"href":"https:\/\/alfakherwelt.de\/es\/wp-json\/wp\/v2\/product"}],"about":[{"href":"https:\/\/alfakherwelt.de\/es\/wp-json\/wp\/v2\/types\/product"}],"replies":[{"embeddable":true,"href":"https:\/\/alfakherwelt.de\/es\/wp-json\/wp\/v2\/comments?post=2728"}],"wp:featuredmedia":[{"embeddable":true,"href":"https:\/\/alfakherwelt.de\/es\/wp-json\/wp\/v2\/media\/2731"}],"wp:attachment":[{"href":"https:\/\/alfakherwelt.de\/es\/wp-json\/wp\/v2\/media?parent=2728"}],"wp:term":[{"taxonomy":"product_brand","embeddable":true,"href":"https:\/\/alfakherwelt.de\/es\/wp-json\/wp\/v2\/product_brand?post=2728"},{"taxonomy":"product_cat","embeddable":true,"href":"https:\/\/alfakherwelt.de\/es\/wp-json\/wp\/v2\/product_cat?post=2728"},{"taxonomy":"product_tag","embeddable":true,"href":"https:\/\/alfakherwelt.de\/es\/wp-json\/wp\/v2\/product_tag?post=2728"}],"curies":[{"name":"wp","href":"https:\/\/api.w.org\/{rel}","templated":true}]}}