{"id":2540,"date":"2025-03-03T06:56:18","date_gmt":"2025-03-03T06:56:18","guid":{"rendered":"https:\/\/alfakherwelt.de\/?post_type=product&#038;p=2540"},"modified":"2025-09-06T00:53:10","modified_gmt":"2025-09-06T00:53:10","slug":"al-fakher-crown-bar-8000-inhalaciones-cigarrillo-electronico-desechable-maracuya-dulce-98","status":"publish","type":"product","link":"https:\/\/alfakherwelt.de\/es\/producto\/al-fakher-crown-bar-8000-inhalaciones-cigarrillo-electronico-desechable-maracuya-dulce-98\/","title":{"rendered":"JNR Shisha Hookah 12000 Z\u00fcge Einweg E Zigarette \u2013 Kiwi Mint \n\nbecomes \n\nJNR Shisha Hookah 12000 tiradas cigarrillo electr\u00f3nico desechable \u2013 Kiwi Mint"},"content":{"rendered":"<div style=\"width: 1020px;\" class=\"wp-video\"><video class=\"wp-video-shortcode\" id=\"video-2540-1\" width=\"1020\" height=\"574\" preload=\"metadata\" controls=\"controls\"><source type=\"video\/mp4\" src=\"https:\/\/alfakherwelt.de\/wp-content\/uploads\/2025\/03\/Video.mp4?_=1\" \/><a href=\"https:\/\/alfakherwelt.de\/wp-content\/uploads\/2025\/03\/Video.mp4\">https:\/\/alfakherwelt.de\/wp-content\/uploads\/2025\/03\/Video.mp4<\/a><\/video><\/div>\n<h2 data-start=\"0\" data-end=\"90\"><a href=\"https:\/\/alfakherwelt.de\/es\/categoria-de-producto\/request-failed-with-status-code-565\/\">JNR Shisha Hookah 12000 Z\u00fcge \n\nbecomes \n\nJNR Shisha Hookah 12000 tiradas<\/a> Dispositivo de cigarrillo electr\u00f3nico desechable \u2013 Su placer definitivo en Alemania<\/h2>\n<p data-start=\"92\" data-end=\"849\"><strong data-start=\"92\" data-end=\"359\">Disfruta de la experiencia aut\u00e9ntica de shisha con el JNR Shisha Hookah 12000 caladas cigarrillo electr\u00f3nico desechable - la soluci\u00f3n perfecta para todos aquellos que aman el vapeo cl\u00e1sico de shisha, pero no quieren renunciar a la libertad y comodidad de un dispositivo desechable.<\/strong> Con una capacidad excepcionalmente alta de 12000 caladas y una variedad de sabores deliciosos, este producto ofrece una experiencia de vapeo incomparable. Ideal para llevarlo a cualquier lugar, en cualquier momento y en cualquier sitio, garantiza una satisfacci\u00f3n total en todos los aspectos. Perfecto para aquellos que buscan una experiencia de vapeo intensa pero sin complicaciones. Compre ahora su JNR Shisha Hookah en <a href=\"https:\/\/alfakherwelt.de\/es\/\"><strong data-start=\"760\" data-end=\"779\">alfakherwelt.de<\/strong><\/a>, la mayor plataforma en l\u00ednea para cigarrillos electr\u00f3nicos desechables en Alemania.<\/p>\n<h3 data-start=\"851\" data-end=\"932\">Por qu\u00e9 deber\u00eda usted la <a href=\"https:\/\/alfakherwelt.de\/es\/categoria-de-producto\/request-failed-with-status-code-565\/\">JNR Shisha Hookah 12000 Z\u00fcge \n\nbecomes \n\nJNR Shisha Hookah 12000 tiradas<\/a> Elegir cigarrillo electr\u00f3nico desechable?<\/h3>\n<p data-start=\"934\" data-end=\"1314\">La JNR Shisha Hookah 12000 Z\u00fcge Einweg E Zigarette establece nuevos est\u00e1ndares en el \u00e1mbito del vapeo de shisha. No es solo un vapeador ordinario, sino que ofrece la experiencia aut\u00e9ntica de shisha que conoces de las shishas tradicionales, con la simplicidad y movilidad de un cigarrillo electr\u00f3nico moderno. Aqu\u00ed te explicamos por qu\u00e9 deber\u00edas probar este cigarrillo electr\u00f3nico desechable:<\/p>\n<h4 data-start=\"1316\" data-end=\"1359\">1. <strong data-start=\"1324\" data-end=\"1357\">Aut\u00e9ntica experiencia de shisha<\/strong><\/h4>\n<p data-start=\"1360\" data-end=\"1837\">Con la JNR Shisha Hookah experimentar\u00e1 el verdadero sentimiento de Shisha - sin la complejidad y la elaboraci\u00f3n de la Shisha tradicional. Sum\u00e9rjase en los sabores cl\u00e1sicos de Shisha que proporcionan pura relajaci\u00f3n y placer. El uso de ingredientes de alta calidad garantiza que cada calada proporciona una experiencia de sabor inolvidable. Por lo tanto, si ama la Shisha tradicional pero busca una alternativa pr\u00e1ctica, entonces esta es la soluci\u00f3n perfecta.<\/p>\n<h4 data-start=\"1839\" data-end=\"1891\">2. <strong data-start=\"1847\" data-end=\"1889\">Comodidad y flexibilidad para viajar<\/strong><\/h4>\n<p data-start=\"1892\" data-end=\"2271\">El tama\u00f1o compacto de la JNR Shisha Hookah la hace ideal para llevar contigo. Ya sea que est\u00e9s en la ciudad, relaj\u00e1ndote con amigos o simplemente necesites un descanso de la rutina diaria, este vape cabe c\u00f3modamente en tu bolsillo y est\u00e1 listo para usar en cualquier momento. La combinaci\u00f3n de movilidad y aromas intensos garantiza una experiencia de vapeo inolvidable.<\/p>\n<h4 data-start=\"2273\" data-end=\"2335\">3. <strong data-start=\"2281\" data-end=\"2333\">Fuerte desarrollo de vapor e intenso sabor<\/strong><\/h4>\n<p data-start=\"2336\" data-end=\"2678\">Experimente la experiencia de enormes nubes de vapor y un sabor intenso y constante con cada inhalaci\u00f3n. El tiro directo a pulm\u00f3n (DTL) ofrece una satisfacci\u00f3n intensa que deleitar\u00e1 tanto a los principiantes como a los vapeadores experimentados. Disfrute del sabor completo y de la densa producci\u00f3n de vapor que imita la experiencia cl\u00e1sica de shisha.<\/p>\n<h4 data-start=\"2680\" data-end=\"2717\">4. <strong data-start=\"2688\" data-end=\"2715\">Desechable y libre de mantenimiento<\/strong><\/h4>\n<p data-start=\"2718\" data-end=\"3079\">El dispositivo viene con una bater\u00eda integrada de 250mAh y una capacidad de 24ml de l\u00edquido electr\u00f3nico. \u00a1No se requiere recargar ni rellenar! Despu\u00e9s de las 12000 caladas que ofrece el dispositivo, simplemente puede desecharlo sin tener que preocuparse por el mantenimiento o nuevos pedidos. La pr\u00e1ctica soluci\u00f3n desechable garantiza que siempre pueda vapear fresco.<\/p>\n<h3 data-start=\"3081\" data-end=\"3157\"><strong data-start=\"3085\" data-end=\"3157\">Caracter\u00edsticas del producto de la<a href=\"https:\/\/alfakherwelt.de\/es\/categoria-de-producto\/request-failed-with-status-code-565\/\"> JNR Shisha Hookah 12000 Z\u00fcge \n\nbecomes \n\nJNR Shisha Hookah 12000 tiradas<\/a> Cigarrillo electr\u00f3nico desechable<\/strong><\/h3>\n<ul data-start=\"3159\" data-end=\"3474\">\n<li data-start=\"3159\" data-end=\"3182\"><strong data-start=\"3161\" data-end=\"3175\">Capacidad:<\/strong> 24ml<\/li>\n<li data-start=\"3183\" data-end=\"3207\"><strong data-start=\"3185\" data-end=\"3198\">Bater\u00eda:<\/strong> 250mAh<\/li>\n<li data-start=\"3208\" data-end=\"3232\"><strong data-start=\"3210\" data-end=\"3219\">Trenes:<\/strong> 12000 trenes<\/li>\n<li data-start=\"3233\" data-end=\"3259\"><strong data-start=\"3235\" data-end=\"3246\">Modelo:<\/strong> JNR Shisha<\/li>\n<li data-start=\"3260\" data-end=\"3293\"><strong data-start=\"3262\" data-end=\"3286\">Peso (1 paquete):<\/strong> 103g<\/li>\n<li data-start=\"3294\" data-end=\"3321\"><strong data-start=\"3296\" data-end=\"3316\">Recargable:<\/strong> S\u00ed<\/li>\n<li data-start=\"3322\" data-end=\"3357\"><strong data-start=\"3324\" data-end=\"3350\">Flujo de aire ajustable:<\/strong> No<\/li>\n<li data-start=\"3358\" data-end=\"3411\"><strong data-start=\"3360\" data-end=\"3372\">Sabores:<\/strong> 20 diferentes sabores<\/li>\n<li data-start=\"3412\" data-end=\"3450\"><strong data-start=\"3414\" data-end=\"3432\">Nikotinanteil:<\/strong> 2% Salz-Nikotin<\/li>\n<li data-start=\"3451\" data-end=\"3474\"><strong data-start=\"3453\" data-end=\"3467\">Bobina de malla<\/strong> 0,6\u03a9<\/li>\n<\/ul>\n<p data-start=\"3476\" data-end=\"3774\">La JNR Shisha Hookah est\u00e1 disponible en 20 sabores diferentes y garantiza para cada uno<em data-start=\"3577\" data-end=\"3588\">un barco de vapor<\/em>en la experiencia adecuada. Y gracias a la tecnolog\u00eda de bobina de malla, cada tirada es uniforme y agradable, sin puntos calientes desagradables ni sequedad. <strong data-start=\"3734\" data-end=\"3749\">Comprar vape<\/strong> \u00a1Nunca fue tan f\u00e1cil!<\/p>\n<h3 data-start=\"3776\" data-end=\"3850\"><strong data-start=\"3780\" data-end=\"3850\">experiencias gustativas de las<a href=\"https:\/\/alfakherwelt.de\/es\/categoria-de-producto\/request-failed-with-status-code-565\/\"> JNR<\/a> Shisha Hookah Desechable E-Cigarrillo:<\/strong><\/h3>\n<p data-start=\"3852\" data-end=\"4188\">Cada vape de la JNR Shisha Hookah 12000 vapeos de cigarrillo electr\u00f3nico desechable te permite descubrir el mundo de los sabores de shisha de una manera nueva. Desde notas frescas y afrutadas hasta fragancias refrescantes de mentol, este cigarrillo electr\u00f3nico ofrece una amplia gama de aromas que se adaptan perfectamente a las necesidades de los fan\u00e1ticos de la shisha.<\/p>\n<h4 data-start=\"4190\" data-end=\"4242\"><strong data-start=\"4195\" data-end=\"4242\">Kiwi Mint \u2013 La frescura se encuentra con la fruta<\/strong><\/h4>\n<p data-start=\"4244\" data-end=\"4838\">El sabor de Kiwi Mint es una verdadera obra maestra de la fusi\u00f3n de aromas. Al principio, experimentas la jugosidad y la frescura dulce y \u00e1cida de la kiwi madura, que te brinda una sensaci\u00f3n refrescante con cada calada. Sin embargo, la verdadera magia ocurre cuando se a\u00f1ade la menta fresca. Proporciona una frescura agradable que complementa perfectamente el sabor afrutado y deja una sensaci\u00f3n de frescura. Kiwi Mint es ideal para vapeadores que aman mimar su paladar con sabores afrutados y refrescantes al mismo tiempo. Este sabor garantiza una experiencia de vapeo armoniosa pero intensa.<\/p>\n<h4 data-start=\"4840\" data-end=\"4892\"><strong data-start=\"4845\" data-end=\"4892\">Otros sabores (Descripci\u00f3n de ejemplo)<\/strong><\/h4>\n<p data-start=\"4894\" data-end=\"5284\">Adem\u00e1s de Kiwi Mint, la JNR Shisha Hookah ofrece una variedad de otras fascinantes sabores. Con sabores como sand\u00eda, mezcla de bayas, lim\u00f3n y muchas otras opciones emocionantes, puedes elegir entre diferentes experiencias seg\u00fan tu estado de \u00e1nimo y gusto. La amplia selecci\u00f3n garantiza que siempre encuentres el sabor adecuado para tu estado de \u00e1nimo.<\/p>\n<p data-start=\"5286\" data-end=\"5548\">Cada aroma est\u00e1 cuidadosamente compuesto para asegurar que el sabor sea consistente y que experimentes una calidad constante en cada calada. Gracias al contenido de nicotina salada, el sabor no solo es intenso, sino tambi\u00e9n agradablemente suave en la garganta.<\/p>\n<p><img loading=\"lazy\" decoding=\"async\" class=\"alignnone wp-image-2537 size-full\" src=\"https:\/\/alfakherwelt.de\/wp-content\/uploads\/2025\/03\/jnr-shisha2.webp\" alt=\"JNR Shisha Hookah 12000 Z\u00fcge Einweg E Zigarette - Kiwi Mint becomes JNR Shisha Hookah 12000 tiradas E cigarrillo desechable - Kiwi Mint\" width=\"1000\" height=\"1000\" title=\"\" srcset=\"https:\/\/alfakherwelt.de\/wp-content\/uploads\/2025\/03\/jnr-shisha2.webp 1000w, https:\/\/alfakherwelt.de\/wp-content\/uploads\/2025\/03\/jnr-shisha2-300x300.webp 300w, https:\/\/alfakherwelt.de\/wp-content\/uploads\/2025\/03\/jnr-shisha2-150x150.webp 150w, https:\/\/alfakherwelt.de\/wp-content\/uploads\/2025\/03\/jnr-shisha2-768x768.webp 768w, https:\/\/alfakherwelt.de\/wp-content\/uploads\/2025\/03\/jnr-shisha2-12x12.webp 12w, https:\/\/alfakherwelt.de\/wp-content\/uploads\/2025\/03\/jnr-shisha2-600x600.webp 600w, https:\/\/alfakherwelt.de\/wp-content\/uploads\/2025\/03\/jnr-shisha2-100x100.webp 100w\" sizes=\"auto, (max-width: 1000px) 100vw, 1000px\" \/><\/p>\n<h3 data-start=\"5550\" data-end=\"5635\"><strong data-start=\"5554\" data-end=\"5635\">Por qu\u00e9 deber\u00eda usted la <a href=\"https:\/\/alfakherwelt.de\/es\/categoria-de-producto\/request-failed-with-status-code-565\/\">JNR Shisha Hookah 12000 Z\u00fcge \n\nbecomes \n\nJNR Shisha Hookah 12000 tiradas<\/a> Comprar cigarrillo electr\u00f3nico desechable?<\/strong><\/h3>\n<ol data-start=\"5637\" data-end=\"6249\">\n<li data-start=\"5637\" data-end=\"5844\"><strong data-start=\"5640\" data-end=\"5676\">Comodidad y flexibilidad:<\/strong> Disfruta de la experiencia de shisha sin necesidad de equipo pesado o preparaciones complicadas. Perfecto para el uso diario o para llevar.<\/li>\n<li data-start=\"5845\" data-end=\"5999\"><strong data-start=\"5848\" data-end=\"5873\">Sabor intenso:<\/strong> Con un contenido de nicotina del 2-3% y una tecnolog\u00eda de bobina de malla, disfruta de nubes de vapor potentes y sabores excepcionales.<\/li>\n<li data-start=\"6000\" data-end=\"6118\"><strong data-start=\"6003\" data-end=\"6032\">Soluci\u00f3n pr\u00e1ctica de un solo uso:<\/strong> No es necesario recargar ni rellenar. Simplemente disfruta y descarta despu\u00e9s de 12000 caladas.<\/li>\n<li data-start=\"6119\" data-end=\"6249\"><strong data-start=\"6122\" data-end=\"6145\">Variedad de aromas:<\/strong> Con un total de 20 sabores disponibles, ofrecemos la selecci\u00f3n perfecta para todos los gustos.<\/li>\n<\/ol>\n<h3 data-start=\"6251\" data-end=\"6289\"><strong data-start=\"6255\" data-end=\"6289\">Preguntas frecuentes (FAQs)<\/strong><\/h3>\n<p data-start=\"6291\" data-end=\"6487\"><strong data-start=\"6291\" data-end=\"6361\">1. \u00bfCu\u00e1ntos cigarrillos ofrece el JNR Shisha Hookah Disposable E-Cigarrillo?<\/strong><br data-start=\"6361\" data-end=\"6364\" \/>La JNR Shisha Hookah ofrece hasta 12000 caladas, lo que la convierte en una de las cigarrillas electr\u00f3nicas desechables m\u00e1s duraderas del mercado.<\/p>\n<p data-start=\"6489\" data-end=\"6723\"><strong data-start=\"6489\" data-end=\"6544\">2. \u00bfEs adecuado el Shisha Hookah JNR para principiantes?<\/strong><br data-start=\"6544\" data-end=\"6547\" \/>S\u00ed, debido al dise\u00f1o f\u00e1cil de usar y a las constantes y agradables experiencias de sabor, este producto es adecuado tanto para principiantes como para vapeadores experimentados.<\/p>\n<p data-start=\"6725\" data-end=\"6873\"><strong data-start=\"6725\" data-end=\"6767\">3. \u00bfPuedo volver a cargar el dispositivo?<\/strong><br data-start=\"6767\" data-end=\"6770\" \/>S\u00ed, la JNR Shisha Hookah es recargable, por lo que puede volver a cargar el dispositivo seg\u00fan sea necesario.<\/p>\n<p data-start=\"6875\" data-end=\"7059\"><strong data-start=\"6875\" data-end=\"6925\">\u00bfCu\u00e1les sabores est\u00e1n disponibles?<\/strong><br data-start=\"6925\" data-end=\"6928\" \/>La JNR Shisha Hookah ofrece 20 sabores diferentes, incluyendo Kiwi Mint, sand\u00eda, mezcla de bayas y muchos m\u00e1s.<\/p>\n<p data-start=\"7061\" data-end=\"7213\"><strong data-start=\"7061\" data-end=\"7100\">5. \u00bfEst\u00e1 el cigarrillo electr\u00f3nico con nicotina?<\/strong><br data-start=\"7100\" data-end=\"7103\" \/>S\u00ed, el JNR Shisha Hookah contiene 2% de sal de nicotina, lo que permite una experiencia de vapeo intensa y agradable.<\/p>\n<h3 data-start=\"7215\" data-end=\"7266\"><strong data-start=\"7219\" data-end=\"7266\">Comprar ahora - Visite<a href=\"https:\/\/alfakherwelt.de\/es\/\"> alfakherwelt.de<\/a><\/strong><\/h3>\n<p data-start=\"7268\" data-end=\"7659\" data-is-last-node=\"\" data-is-only-node=\"\">Experimente la experiencia definitiva de vapeo de Shisha. <strong data-start=\"7317\" data-end=\"7332\">Comprar vape<\/strong> Nunca fue tan f\u00e1cil. Visite <strong data-start=\"7366\" data-end=\"7385\">alfakherwelt.de<\/strong>, su fuente confiable de cigarrillos electr\u00f3nicos desechables de alta calidad y disfrute de ofertas exclusivas en los mejores productos en Alemania. No deje pasar la oportunidad y reg\u00e1lese el cigarrillo electr\u00f3nico desechable JNR Shisha Hookah 12000 caladas a\u00fan hoy.<\/p>","protected":false},"excerpt":{"rendered":"<div class=\"flex-shrink-0 flex flex-col relative items-end\">\n<div class=\"pt-0\">\n<div class=\"gizmo-shadow-stroke flex h-8 w-8 items-center justify-center overflow-hidden rounded-full\">\n<div class=\"h-full w-full\">\n<div class=\"flex-shrink-0 flex flex-col relative items-end\">\n<div class=\"pt-0\">\n<div class=\"gizmo-shadow-stroke flex h-8 w-8 items-center justify-center overflow-hidden rounded-full\">\n<div class=\"h-full w-full\">\n<div class=\"gizmo-shadow-stroke overflow-hidden rounded-full\">\n<div class=\"flex-1 overflow-hidden\">\n<div class=\"h-full\">\n<div class=\"react-scroll-to-bottom--css-nphjn-79elbk h-full\">\n<div class=\"react-scroll-to-bottom--css-nphjn-1n7m0yu\">\n<div class=\"flex flex-col text-sm md:pb-9\">\n<article class=\"w-full scroll-mb-[var(--thread-trailing-height,150px)] text-token-text-primary focus-visible:outline-2 focus-visible:outline-offset-[-4px]\" dir=\"auto\" data-testid=\"conversation-turn-5\" data-scroll-anchor=\"true\">\n<div class=\"m-auto text-base py-[18px] px-3 md:px-4 w-full md:px-5 lg:px-4 xl:px-5\">\n<div class=\"mx-auto flex flex-1 gap-4 text-base md:gap-5 lg:gap-6 md:max-w-3xl lg:max-w-[40rem] xl:max-w-[48rem]\">\n<div class=\"group\/conversation-turn relative flex w-full min-w-0 flex-col agent-turn\">\n<div class=\"flex-col gap-1 md:gap-3\">\n<div class=\"flex max-w-full flex-col flex-grow\">\n<div class=\"min-h-8 text-message flex w-full flex-col items-end gap-2 whitespace-normal break-words [.text-message+&amp;]:mt-5\" dir=\"auto\" data-message-author-role=\"assistant\" data-message-id=\"1982dcee-f0f5-4cfa-a269-fdbaed43d922\" data-message-model-slug=\"gpt-4o\">\n<div class=\"flex w-full flex-col gap-1 empty:hidden first:pt-[3px]\">\n<div class=\"markdown prose w-full break-words dark:prose-invert light\">\n<div class=\"flex-1 overflow-hidden\">\n<div class=\"h-full\">\n<div class=\"react-scroll-to-bottom--css-xrsce-79elbk h-full\">\n<div class=\"react-scroll-to-bottom--css-xrsce-1n7m0yu\">\n<div class=\"flex flex-col text-sm md:pb-9\">\n<article class=\"w-full scroll-mb-[var(--thread-trailing-height,150px)] text-token-text-primary focus-visible:outline-2 focus-visible:outline-offset-[-4px]\" dir=\"auto\" data-testid=\"conversation-turn-5\" data-scroll-anchor=\"true\">\n<div class=\"m-auto text-base py-[18px] px-3 md:px-4 w-full md:px-5 lg:px-4 xl:px-5\">\n<div class=\"mx-auto flex flex-1 gap-4 text-base md:gap-5 lg:gap-6 md:max-w-3xl lg:max-w-[40rem] xl:max-w-[48rem]\">\n<div class=\"group\/conversation-turn relative flex w-full min-w-0 flex-col agent-turn\">\n<div class=\"flex-col gap-1 md:gap-3\">\n<div class=\"flex max-w-full flex-col flex-grow\">\n<div class=\"min-h-8 text-message flex w-full flex-col items-end gap-2 whitespace-normal break-words [.text-message+&amp;]:mt-5\" dir=\"auto\" data-message-author-role=\"assistant\" data-message-id=\"1a0c8d71-a6be-4cc9-b460-deb3e7ecbf47\" data-message-model-slug=\"gpt-4o\">\n<div class=\"flex w-full flex-col gap-1 empty:hidden first:pt-[3px]\">\n<div class=\"markdown prose w-full break-words dark:prose-invert light\">\n<div class=\"flex-1 overflow-hidden\">\n<div class=\"h-full\">\n<div class=\"react-scroll-to-bottom--css-gqbzc-79elbk h-full\">\n<div class=\"react-scroll-to-bottom--css-gqbzc-1n7m0yu\">\n<div class=\"flex flex-col text-sm md:pb-9\">\n<article class=\"w-full scroll-mb-[var(--thread-trailing-height,150px)] text-token-text-primary focus-visible:outline-2 focus-visible:outline-offset-[-4px]\" dir=\"auto\" data-testid=\"conversation-turn-5\" data-scroll-anchor=\"true\">\n<div class=\"m-auto text-base py-[18px] px-3 md:px-4 w-full md:px-5 lg:px-4 xl:px-5\">\n<div class=\"mx-auto flex flex-1 gap-4 text-base md:gap-5 lg:gap-6 md:max-w-3xl lg:max-w-[40rem] xl:max-w-[48rem]\">\n<div class=\"group\/conversation-turn relative flex w-full min-w-0 flex-col agent-turn\">\n<div class=\"flex-col gap-1 md:gap-3\">\n<div class=\"flex max-w-full flex-col flex-grow\">\n<div class=\"min-h-8 text-message flex w-full flex-col items-end gap-2 whitespace-normal break-words [.text-message+&amp;]:mt-5\" dir=\"auto\" data-message-author-role=\"assistant\" data-message-id=\"ca066132-0777-4603-995e-a689971b3380\" data-message-model-slug=\"gpt-4o\">\n<div class=\"flex w-full flex-col gap-1 empty:hidden first:pt-[3px]\">\n<div class=\"markdown prose w-full break-words dark:prose-invert light\">\n<div class=\"flex-1 overflow-hidden @container\/thread\">\n<div class=\"h-full\">\n<div class=\"react-scroll-to-bottom--css-rkqgb-79elbk h-full\">\n<div class=\"react-scroll-to-bottom--css-rkqgb-1n7m0yu\">\n<div class=\"flex flex-col text-sm md:pb-9\">\n<article class=\"w-full scroll-mb-[var(--thread-trailing-height,150px)] text-token-text-primary focus-visible:outline-2 focus-visible:outline-offset-[-4px]\" dir=\"auto\" data-testid=\"conversation-turn-9\" data-scroll-anchor=\"true\">\n<div class=\"m-auto text-base py-[18px] px-3 md:px-4 w-full md:px-5 lg:px-4 xl:px-5\">\n<div class=\"mx-auto flex flex-1 gap-4 text-base md:gap-5 lg:gap-6 md:max-w-3xl lg:max-w-[40rem] xl:max-w-[48rem]\">\n<div class=\"group\/conversation-turn relative flex w-full min-w-0 flex-col agent-turn\">\n<div class=\"flex-col gap-1 md:gap-3\">\n<div class=\"flex max-w-full flex-col flex-grow\">\n<div class=\"min-h-8 text-message flex w-full flex-col items-end gap-2 whitespace-normal break-words text-start [.text-message+&amp;]:mt-5\" dir=\"auto\" data-message-author-role=\"assistant\" data-message-id=\"87137e43-9a3e-4479-90ac-22c23781ee39\" data-message-model-slug=\"gpt-4o\">\n<div class=\"flex w-full flex-col gap-1 empty:hidden first:pt-[3px]\">\n<div class=\"markdown prose w-full break-words dark:prose-invert light\">\n<div class=\"flex-1 overflow-hidden @container\/thread\">\n<div class=\"h-full\">\n<div class=\"react-scroll-to-bottom--css-cgxka-79elbk h-full\">\n<div class=\"react-scroll-to-bottom--css-cgxka-1n7m0yu\">\n<div class=\"flex flex-col text-sm md:pb-9\">\n<article class=\"w-full scroll-mb-[var(--thread-trailing-height,150px)] text-token-text-primary focus-visible:outline-2 focus-visible:outline-offset-[-4px]\" dir=\"auto\" data-testid=\"conversation-turn-5\" data-scroll-anchor=\"true\">\n<div class=\"m-auto text-base py-[18px] px-3 md:px-4 w-full md:px-5 lg:px-4 xl:px-5\">\n<div class=\"mx-auto flex flex-1 gap-4 text-base md:gap-5 lg:gap-6 md:max-w-3xl lg:max-w-[40rem] xl:max-w-[48rem]\">\n<div class=\"group\/conversation-turn relative flex w-full min-w-0 flex-col agent-turn\">\n<div class=\"flex-col gap-1 md:gap-3\">\n<div class=\"flex max-w-full flex-col flex-grow\">\n<div class=\"min-h-8 text-message flex w-full flex-col items-end gap-2 whitespace-normal break-words text-start [.text-message+&amp;]:mt-5\" dir=\"auto\" data-message-author-role=\"assistant\" data-message-id=\"e1e13d20-b396-4dc4-abdf-40facc05c4de\" data-message-model-slug=\"gpt-4o\">\n<div class=\"flex w-full flex-col gap-1 empty:hidden first:pt-[3px]\">\n<div class=\"markdown prose w-full break-words dark:prose-invert light\">\n<article class=\"w-full text-token-text-primary focus-visible:outline-2 focus-visible:outline-offset-[-4px]\" dir=\"auto\" data-testid=\"conversation-turn-5\" data-scroll-anchor=\"true\">\n<div class=\"m-auto text-base py-[18px] px-6\">\n<div class=\"mx-auto flex flex-1 text-base gap-4 md:gap-5 lg:gap-6 md:max-w-3xl lg:max-w-[40rem] xl:max-w-[48rem]\">\n<div class=\"group\/conversation-turn relative flex w-full min-w-0 flex-col agent-turn @xs\/thread:px-0 @sm\/thread:px-1.5 @md\/thread:px-4\">\n<div class=\"flex-col gap-1 md:gap-3\">\n<div class=\"flex max-w-full flex-col flex-grow\">\n<div class=\"min-h-8 text-message relative flex w-full flex-col items-end gap-2 whitespace-normal break-words text-start [.text-message+&amp;]:mt-5\" dir=\"auto\" data-message-author-role=\"assistant\" data-message-id=\"51763e35-51b7-4975-b502-ef0fa0dda04b\" data-message-model-slug=\"gpt-4o\">\n<div class=\"flex w-full flex-col gap-1 empty:hidden first:pt-[3px]\">\n<div class=\"markdown prose w-full break-words dark:prose-invert light\">\n<p data-start=\"0\" data-end=\"355\" data-is-last-node=\"\" data-is-only-node=\"\"><span style=\"color: #333333;\">La <\/span><strong style=\"color: #333333;\" data-start=\"4\" data-end=\"55\">JNR Shisha Hookah 12000 Z\u00fcge Einweg E-Zigarette \n\nbecomes \n\nJNR Shisha Hookah 12000 caladas cigarrillo electr\u00f3nico desechable<\/strong><span style=\"color: #333333;\"> ofrece una experiencia aut\u00e9ntica de Shisha con aromas intensos, 12.000 caladas, 2% de nicotina salina y un tama\u00f1o pr\u00e1ctico y port\u00e1til, ideal para llevarlo consigo y garantiza una experiencia de vapeo prolongada e intensa.<\/span><\/p>\n<\/div>\n<\/div>\n<\/div>\n<\/div>\n<\/div>\n<\/div>\n<\/div>\n<\/div>\n<\/article>\n<\/div>\n<\/div>\n<\/div>\n<\/div>\n<\/div>\n<\/div>\n<\/div>\n<\/div>\n<\/article>\n<\/div>\n<\/div>\n<\/div>\n<\/div>\n<\/div>\n<\/div>\n<\/div>\n<\/div>\n<\/div>\n<\/div>\n<\/div>\n<\/div>\n<\/div>\n<\/article>\n<\/div>\n<\/div>\n<\/div>\n<\/div>\n<\/div>\n<\/div>\n<\/div>\n<\/div>\n<\/div>\n<\/div>\n<\/div>\n<\/div>\n<\/div>\n<\/article>\n<\/div>\n<\/div>\n<\/div>\n<\/div>\n<\/div>\n<\/div>\n<\/div>\n<\/div>\n<\/div>\n<\/div>\n<\/div>\n<\/div>\n<\/div>\n<\/article>\n<\/div>\n<\/div>\n<\/div>\n<\/div>\n<\/div>\n<\/div>\n<\/div>\n<\/div>\n<\/div>\n<div class=\"mt-3 w-full empty:hidden\">\n<div class=\"text-center\"><\/div>\n<\/div>\n<\/div>\n<div class=\"absolute\">\n<div class=\"flex items-center justify-center\"><\/div>\n<\/div>\n<\/div>\n<\/div>\n<\/div>\n<\/article>\n<\/div>\n<\/div>\n<\/div>\n<\/div>\n<\/div>\n<div class=\"md:pt-0 dark:border-white\/20 md:border-transparent md:dark:border-transparent w-full\">\n<div>\n<div class=\"m-auto text-base px-3 md:px-4 w-full md:px-5 lg:px-4 xl:px-5\">\n<div class=\"mx-auto flex flex-1 gap-4 text-base md:gap-5 lg:gap-6 md:max-w-3xl lg:max-w-[40rem] xl:max-w-[48rem]\">\n<div class=\"flex justify-center\"><\/div>\n<\/div>\n<\/div>\n<\/div>\n<\/div>\n<\/div>\n<\/div>\n<\/div>\n<\/div>\n<\/div>\n<\/div>\n<\/div>\n<\/div>\n<\/div>","protected":false},"featured_media":2539,"comment_status":"open","ping_status":"closed","template":"","meta":[],"product_brand":[],"product_cat":[114],"product_tag":[],"class_list":{"0":"post-2540","1":"product","2":"type-product","3":"status-publish","4":"has-post-thumbnail","6":"product_cat-jnr-shisha-hookah-12000","8":"first","9":"instock","10":"sale","11":"shipping-taxable","12":"purchasable","13":"product-type-simple"},"jetpack_sharing_enabled":true,"_links":{"self":[{"href":"https:\/\/alfakherwelt.de\/es\/wp-json\/wp\/v2\/product\/2540","targetHints":{"allow":["GET"]}}],"collection":[{"href":"https:\/\/alfakherwelt.de\/es\/wp-json\/wp\/v2\/product"}],"about":[{"href":"https:\/\/alfakherwelt.de\/es\/wp-json\/wp\/v2\/types\/product"}],"replies":[{"embeddable":true,"href":"https:\/\/alfakherwelt.de\/es\/wp-json\/wp\/v2\/comments?post=2540"}],"wp:featuredmedia":[{"embeddable":true,"href":"https:\/\/alfakherwelt.de\/es\/wp-json\/wp\/v2\/media\/2539"}],"wp:attachment":[{"href":"https:\/\/alfakherwelt.de\/es\/wp-json\/wp\/v2\/media?parent=2540"}],"wp:term":[{"taxonomy":"product_brand","embeddable":true,"href":"https:\/\/alfakherwelt.de\/es\/wp-json\/wp\/v2\/product_brand?post=2540"},{"taxonomy":"product_cat","embeddable":true,"href":"https:\/\/alfakherwelt.de\/es\/wp-json\/wp\/v2\/product_cat?post=2540"},{"taxonomy":"product_tag","embeddable":true,"href":"https:\/\/alfakherwelt.de\/es\/wp-json\/wp\/v2\/product_tag?post=2540"}],"curies":[{"name":"wp","href":"https:\/\/api.w.org\/{rel}","templated":true}]}}