{"id":2485,"date":"2025-02-26T02:33:34","date_gmt":"2025-02-26T02:33:34","guid":{"rendered":"https:\/\/alfakherwelt.de\/?post_type=product&#038;p=2485"},"modified":"2025-09-04T05:57:10","modified_gmt":"2025-09-04T05:57:10","slug":"al-fakher-crown-bar-8000-inhalaciones-cigarrillo-electronico-desechable-maracuya-dulce-210","status":"publish","type":"product","link":"https:\/\/alfakherwelt.de\/es\/producto\/al-fakher-crown-bar-8000-inhalaciones-cigarrillo-electronico-desechable-maracuya-dulce-210\/","title":{"rendered":"Vozol Star 20000 Z\u00fcge Einweg E Zigarette \u2013 DRAGON STRAWNANA \n\nbecomes \n\nVozol Star 20000 Zugs Disposable E Cigarette \u2013 DRAGON STRAWNANA"},"content":{"rendered":"<div style=\"width: 360px;\" class=\"wp-video\"><video class=\"wp-video-shortcode\" id=\"video-2485-1\" width=\"360\" height=\"640\" preload=\"metadata\" controls=\"controls\"><source type=\"video\/mp4\" src=\"https:\/\/alfakherwelt.de\/wp-content\/uploads\/2025\/02\/vozol-star-20000.mp4?_=1\" \/><a href=\"https:\/\/alfakherwelt.de\/wp-content\/uploads\/2025\/02\/vozol-star-20000.mp4\">https:\/\/alfakherwelt.de\/wp-content\/uploads\/2025\/02\/vozol-star-20000.mp4<\/a><\/video><\/div>\n<h2 data-start=\"0\" data-end=\"71\"><strong data-start=\"0\" data-end=\"71\"><a href=\"https:\/\/alfakherwelt.de\/es\/categoria-de-producto\/request-failed-with-status-code-500\/\">Vozol Star 20000 Z\u00fcge \n\n(No translation needed, proper noun or product name) \nVozol Star 20000 Z\u00fcge<\/a> Cigarrillo electr\u00f3nico desechable - La revoluci\u00f3n en el vapeo<\/strong><\/h2>\n<p data-start=\"73\" data-end=\"688\">La Vozol Star 20000 Z\u00fcge Einweg E Zigarette es una obra maestra de la tecnolog\u00eda moderna de vapeo. Con una serie de funciones innovadoras y un manejo f\u00e1cil de usar, este producto establece nuevos est\u00e1ndares en el \u00e1mbito de las E-Zigaretten desechables. Ideal para principiantes y vapeadores experimentados por igual, la Vozol Star 20000 ofrece una experiencia incomparable que no debe perderse. Con una notable durabilidad de m\u00e1s de 20.000 caladas y una variedad de funciones avanzadas, la Vozol Star 20000 es la elecci\u00f3n perfecta para todos aquellos que buscan una E-Zigarette de alta calidad y duradera.<\/p>\n<h3 data-start=\"690\" data-end=\"762\"><strong data-start=\"694\" data-end=\"762\">Descripci\u00f3n del producto de la Vozol Star 20000 Z\u00fcge E-cigarrillo desechable<\/strong><\/h3>\n<p data-start=\"764\" data-end=\"1241\">La Vozol Star 20000 es m\u00e1s que un simple cigarrillo electr\u00f3nico desechable. Es una verdadera obra maestra de la tecnolog\u00eda que establece est\u00e1ndares tanto en t\u00e9rminos de rendimiento como de dise\u00f1o. Con una impresionante vida \u00fatil de m\u00e1s de 20.000 caladas, puede disfrutar de una experiencia de vapeo duradera. La combinaci\u00f3n de una pantalla LED moderna, una operaci\u00f3n f\u00e1cil de usar y una variedad de funciones innovadoras garantiza una experiencia de vapeo \u00fanica.<\/p>\n<h4 data-start=\"1243\" data-end=\"1280\"><strong data-start=\"1248\" data-end=\"1280\">Duradero y rentable<\/strong><\/h4>\n<p data-start=\"1281\" data-end=\"1535\">Con m\u00e1s de 20.000 caladas, la Vozol Star 20000 ofrece una durabilidad excepcional y es extremadamente rentable. En comparaci\u00f3n con los cigarrillos electr\u00f3nicos desechables tradicionales, no necesita buscar reemplazos con tanta frecuencia, lo que le ahorra tanto tiempo como dinero.<\/p>\n<h4 data-start=\"1537\" data-end=\"1584\"><strong data-start=\"1542\" data-end=\"1584\">F\u00e1cil manejo y dise\u00f1o moderno<\/strong><\/h4>\n<p data-start=\"1585\" data-end=\"2006\">La Vozol Star 20000 cigarrillo electr\u00f3nico desechable ofrece un dise\u00f1o f\u00e1cil de usar que tambi\u00e9n es adecuado para principiantes. Mediante los diferentes modos de operaci\u00f3n (modo Eco y modo Power), puede ajustar el vapor seg\u00fan sea necesario, desde un vapor suave y ligero hasta nubes fuertes y densas. Con una carcasa blanca simple y un dise\u00f1o de color met\u00e1lico elegante, la Vozol Star 20000 tambi\u00e9n es una verdadera joya.<\/p>\n<h4 data-start=\"2008\" data-end=\"2054\"><strong data-start=\"2013\" data-end=\"2054\">Pantalla HD para un control preciso<\/strong><\/h4>\n<p data-start=\"2055\" data-end=\"2362\">La Vozol Star 20000 es el primer cigarrillo electr\u00f3nico desechable equipado con una pantalla de imagen especular de alta resoluci\u00f3n de 2,2\u2033. Esta pantalla le muestra de un vistazo la capacidad restante de bater\u00eda y l\u00edquido electr\u00f3nico, para que siempre pueda tener una visi\u00f3n general y evitar interrupciones desagradables.<\/p>\n<h3 data-start=\"2364\" data-end=\"2434\"><strong data-start=\"2368\" data-end=\"2434\">Caracter\u00edsticas importantes de la<a href=\"https:\/\/alfakherwelt.de\/es\/categoria-de-producto\/request-failed-with-status-code-500\/\"> Vozol Star 20000 Z\u00fcge \n\n(No translation needed, proper noun or product name) \nVozol Star 20000 Z\u00fcge<\/a> Cigarrillo electr\u00f3nico desechable<\/strong><\/h3>\n<ul data-start=\"2436\" data-end=\"3700\">\n<li data-start=\"2436\" data-end=\"2590\"><strong data-start=\"2438\" data-end=\"2453\">20.000+ trenes<\/strong>: Disfrute de m\u00e1s de 20.000 bocanegra con un solo dispositivo - perfecto para aquellos que buscan una soluci\u00f3n duradera y rentable.<\/li>\n<li data-start=\"2591\" data-end=\"2773\"><strong data-start=\"2593\" data-end=\"2614\">5% (50mg) Nicotina<\/strong>Esta cigarrilla electr\u00f3nica proporciona un fuerte golpe de nicotina, que asegura una experiencia de vapeo satisfactoria y facilita la transici\u00f3n de los cigarrillos convencionales.<\/li>\n<li data-start=\"2774\" data-end=\"2968\"><strong data-start=\"2776\" data-end=\"2806\">Tecnolog\u00eda de bobina de doble malla<\/strong>Con la avanzada tecnolog\u00eda de bobina de malla, el sabor se intensifica y las nubes de vapor son especialmente densas, lo que hace que vapear sea a\u00fan m\u00e1s agradable.<\/li>\n<li data-start=\"2969\" data-end=\"3097\"><strong data-start=\"2971\" data-end=\"2992\">Dos modos de operaci\u00f3n<\/strong>: Elija entre el modo Eco para vapor m\u00e1s ligero y el modo Power para nubes de vapor m\u00e1s intensas.<\/li>\n<li data-start=\"3098\" data-end=\"3246\"><strong data-start=\"3100\" data-end=\"3115\">Pantalla LED<\/strong>: La pantalla LED integrada le muestra el l\u00edquido electr\u00f3nico restante y el tiempo de ejecuci\u00f3n de la bater\u00eda, para que siempre est\u00e9 perfectamente informado.<\/li>\n<li data-start=\"3247\" data-end=\"3417\"><strong data-start=\"3249\" data-end=\"3281\">Protecci\u00f3n higi\u00e9nica para boquilla<\/strong>: La protecci\u00f3n de la boquilla garantiza un uso limpio e higi\u00e9nico al mantener alejados el polvo y otras impurezas.<\/li>\n<li data-start=\"3418\" data-end=\"3535\"><strong data-start=\"3420\" data-end=\"3442\">Carga r\u00e1pida<\/strong>: Carga completa en solo 30 minutos - m\u00e1s tiempo para vapear y menos tiempo de espera.<\/li>\n<li data-start=\"3536\" data-end=\"3700\"><strong data-start=\"3538\" data-end=\"3568\">MTL Vaping (de boca a pulm\u00f3n)<\/strong>Esta e-cigarra ofrece una experiencia MTL agradable que imita la sensaci\u00f3n de fumar de los cigarrillos tradicionales - ideal para aquellos que buscan cambiar.<\/li>\n<\/ul>\n<h3 data-start=\"3702\" data-end=\"3762\"><strong data-start=\"3706\" data-end=\"3762\">Vozol Star 20000 \u2013 Experiencias gastron\u00f3micas \u00fanicas<\/strong><\/h3>\n<p data-start=\"3764\" data-end=\"4118\">La Vozol Star 20000 Z\u00fcge Einweg E-Zigarette ist nicht nur f\u00fcr ihre Leistung bekannt, sondern auch f\u00fcr die au\u00dfergew\u00f6hnlichen Geschmackserlebnisse, die sie bietet. Mit einer Vielzahl von k\u00f6stlichen Aromen, darunter das beliebte \u201cDragon Strawnana\u201d, bietet die Vozol Star 20000 ein Vaping-Erlebnis, das sowohl Anf\u00e4nger als auch erfahrene Dampfer begeistert.\n\n La Vozol Star 20000 de uso desechable cigarrillo electr\u00f3nico no solo es conocida por su rendimiento, sino tambi\u00e9n por las experiencias de sabor excepcionales que ofrece. Con una variedad de sabores deliciosos, incluyendo el popular \"Dragon Strawnana\", la Vozol Star 20000 ofrece una experiencia de vapeo que entusiasma tanto a principiantes como a vapeadores experimentados.<\/p>\n<h4 data-start=\"4120\" data-end=\"4174\"><strong data-start=\"4125\" data-end=\"4174\">Dragon Strawnana \u2013 Un placer gustativo<\/strong><\/h4>\n<p data-start=\"4175\" data-end=\"4647\">El sabor \"Dragon Strawnana\" de la Vozol Star 20000 es una mezcla armoniosa de sabores frutales que deleitan el paladar. La combinaci\u00f3n de fresas dulces y maduras con la frescura ex\u00f3tica de la fruta drag\u00f3n proporciona una experiencia de vapeo dulce y frutal que es a la vez refrescante y satisfactoria. El toque de pl\u00e1tano redondea la experiencia gustativa y otorga a todo el sabor una agradable cremosidad que combina perfectamente con las frutas frescas.<\/p>\n<h4 data-start=\"4649\" data-end=\"4699\"><strong data-start=\"4654\" data-end=\"4699\">M\u00e1s que un sabor - Una experiencia<\/strong><\/h4>\n<p data-start=\"4700\" data-end=\"5004\">Con la Vozol Star 20000, no solo experimenta un sabor simple, sino una experiencia \u00fanica que se ve a\u00fan m\u00e1s realzada por la tecnolog\u00eda de bobina de malla dual. El sabor se vuelve m\u00e1s intenso con cada inhalaci\u00f3n y garantiza una calidad constantemente alta, por lo que cada bocanada es un placer.<\/p>\n<h2 data-start=\"0\" data-end=\"90\"><img loading=\"lazy\" decoding=\"async\" class=\"alignnone wp-image-2419 size-full\" style=\"color: #555555; font-size: 14.4px;\" src=\"https:\/\/alfakherwelt.de\/wp-content\/uploads\/2025\/02\/vozol-star-20000.webp\" alt=\"Vozol Star 20000 Z\u00fcge Einweg E Zigarette - DRAGON STRAWNANA becomes Vozol Star 20000 Zugs Disposable E Cigarette - DRAGON STRAWNANA\" width=\"1131\" height=\"1600\" title=\"\" srcset=\"https:\/\/alfakherwelt.de\/wp-content\/uploads\/2025\/02\/vozol-star-20000.webp 1131w, https:\/\/alfakherwelt.de\/wp-content\/uploads\/2025\/02\/vozol-star-20000-212x300.webp 212w, https:\/\/alfakherwelt.de\/wp-content\/uploads\/2025\/02\/vozol-star-20000-724x1024.webp 724w, https:\/\/alfakherwelt.de\/wp-content\/uploads\/2025\/02\/vozol-star-20000-768x1086.webp 768w, https:\/\/alfakherwelt.de\/wp-content\/uploads\/2025\/02\/vozol-star-20000-1086x1536.webp 1086w, https:\/\/alfakherwelt.de\/wp-content\/uploads\/2025\/02\/vozol-star-20000-8x12.webp 8w, https:\/\/alfakherwelt.de\/wp-content\/uploads\/2025\/02\/vozol-star-20000-600x849.webp 600w\" sizes=\"auto, (max-width: 1131px) 100vw, 1131px\" \/><\/h2>\n<h3 data-start=\"5006\" data-end=\"5078\"><strong data-start=\"5010\" data-end=\"5078\">Por qu\u00e9 usted la <a href=\"https:\/\/alfakherwelt.de\/es\/categoria-de-producto\/request-failed-with-status-code-500\/\">Vozol Star 20000<\/a> Comprar cigarrillos electr\u00f3nicos desechables<\/strong><\/h3>\n<ul data-start=\"5080\" data-end=\"5810\">\n<li data-start=\"5080\" data-end=\"5271\"><strong data-start=\"5082\" data-end=\"5106\">Disfrute a largo plazo<\/strong>Con m\u00e1s de 20.000 caladas, la Vozol Star 20000 es un producto genuino de larga duraci\u00f3n que puede brindarle muchas semanas o meses de placer - ideal para vapeadores habituales.<\/li>\n<li data-start=\"5272\" data-end=\"5460\"><strong data-start=\"5274\" data-end=\"5294\">Eficiencia de costos<\/strong>Esta cigarrilla electr\u00f3nica desechable ofrece un rendimiento excelente a un precio justo. Tendr\u00e1s que comprar repuestos con menos frecuencia, lo que la convierte en una opci\u00f3n rentable.<\/li>\n<li data-start=\"5461\" data-end=\"5657\"><strong data-start=\"5463\" data-end=\"5488\">Dise\u00f1o futurista<\/strong>Con un dise\u00f1o moderno y elegante y una pantalla de alta resoluci\u00f3n, la Vozol Star 20000 ofrece no solo potencia, sino tambi\u00e9n una experiencia de vapeo est\u00e9tica.<\/li>\n<li data-start=\"5658\" data-end=\"5810\"><strong data-start=\"5660\" data-end=\"5682\">Amigable para el usuario<\/strong>: El f\u00e1cil manejo y los diferentes modos de operaci\u00f3n la hacen ideal tanto para principiantes como para vaporizadores experimentados.<\/li>\n<\/ul>\n<h3 data-start=\"5812\" data-end=\"5869\"><strong data-start=\"5816\" data-end=\"5869\">Preguntas frecuentes sobre <a href=\"https:\/\/alfakherwelt.de\/es\/categoria-de-producto\/request-failed-with-status-code-500\/\">Vozol Star 20000 Z\u00fcge \n\n(No translation needed, proper noun or product name) \nVozol Star 20000 Z\u00fcge<\/a> Cigarrillo electr\u00f3nico desechable<\/strong><\/h3>\n<p data-start=\"5871\" data-end=\"6121\"><strong data-start=\"5871\" data-end=\"5935\">Cu\u00e1nto tiempo dura el cigarrillo electr\u00f3nico desechable Vozol Star 20000 caladas?<\/strong><br data-start=\"5935\" data-end=\"5938\" \/>La Vozol Star 20000 ofrece m\u00e1s de 20.000 caladas, lo que la convierte en una de las cigarrillas electr\u00f3nicas desechables m\u00e1s duraderas del mercado. La duraci\u00f3n exacta depende de la frecuencia de uso.<\/p>\n<p data-start=\"6123\" data-end=\"6386\"><strong data-start=\"6123\" data-end=\"6174\">Es la Vozol Star 20000 adecuada para principiantes?<\/strong><br data-start=\"6174\" data-end=\"6177\" \/>S\u00ed, la Vozol Star 20000 es muy f\u00e1cil de usar e ideal para principiantes. El manejo sencillo y los diferentes modos de operaci\u00f3n permiten que incluso los nuevos usuarios disfruten de una excelente experiencia de vapeo.<\/p>\n<p data-start=\"6388\" data-end=\"6631\"><strong data-start=\"6388\" data-end=\"6467\">Puedo comprar el Vozol Star 20000 en diferentes sabores?<\/strong><br data-start=\"6467\" data-end=\"6470\" \/>S\u00ed, la Vozol Star 20000 est\u00e1 disponible en varios sabores, incluyendo el popular \"Dragon Strawnana\". Tambi\u00e9n hay otras opciones de sabores disponibles.<\/p>\n<p data-start=\"6633\" data-end=\"6817\"><strong data-start=\"6633\" data-end=\"6675\">Cu\u00e1n r\u00e1pido carga el Vozol Star 20000?<\/strong><br data-start=\"6675\" data-end=\"6678\" \/>La Vozol Star 20000 se carga completamente en solo 30 minutos, lo que te permite pasar menos tiempo esperando y m\u00e1s tiempo vapeando.<\/p>\n<p data-start=\"6819\" data-end=\"6982\"><strong data-start=\"6819\" data-end=\"6860\">La Vozol Star 20000 \u00bfcontiene nicotina?<\/strong><br data-start=\"6860\" data-end=\"6863\" \/>S\u00ed, el Vozol Star 20000 contiene 5% (50mg) de nicotina, lo que proporciona una experiencia de vapeo satisfactoria e intensa.<\/p>\n<h3 data-start=\"6984\" data-end=\"6997\"><strong data-start=\"6988\" data-end=\"6997\">Conclusi\u00f3n<\/strong><\/h3>\n<p data-start=\"6999\" data-end=\"7509\" data-is-only-node=\"\">La Vozol Star 20000 Z\u00fcge Einweg E Zigarette es una elecci\u00f3n destacada para todos aquellos que buscan una experiencia de vapeo duradera, potente y con un sabor intenso. Con funciones innovadoras como una pantalla HD, bobinas de malla dual y dos modos de operaci\u00f3n, ofrece un vapeo personalizable y f\u00e1cil de usar. Compre su Vozol Star 20000 ahora en<a href=\"https:\/\/alfakherwelt.de\/es\/\"> <strong data-start=\"7369\" data-end=\"7388\">alfakherwelt.de<\/strong><\/a>, su mayor tienda en l\u00ednea de cigarrillos electr\u00f3nicos desechables en Alemania, y disfrute de una experiencia de vapeo inolvidable.<\/p>","protected":false},"excerpt":{"rendered":"<div class=\"flex-shrink-0 flex flex-col relative items-end\">\n<div class=\"pt-0\">\n<div class=\"gizmo-shadow-stroke flex h-8 w-8 items-center justify-center overflow-hidden rounded-full\">\n<div class=\"h-full w-full\">\n<div class=\"flex-shrink-0 flex flex-col relative items-end\">\n<div class=\"pt-0\">\n<div class=\"gizmo-shadow-stroke flex h-8 w-8 items-center justify-center overflow-hidden rounded-full\">\n<div class=\"h-full w-full\">\n<div class=\"gizmo-shadow-stroke overflow-hidden rounded-full\">\n<div class=\"flex-1 overflow-hidden\">\n<div class=\"h-full\">\n<div class=\"react-scroll-to-bottom--css-nphjn-79elbk h-full\">\n<div class=\"react-scroll-to-bottom--css-nphjn-1n7m0yu\">\n<div class=\"flex flex-col text-sm md:pb-9\">\n<article class=\"w-full scroll-mb-[var(--thread-trailing-height,150px)] text-token-text-primary focus-visible:outline-2 focus-visible:outline-offset-[-4px]\" dir=\"auto\" data-testid=\"conversation-turn-5\" data-scroll-anchor=\"true\">\n<div class=\"m-auto text-base py-[18px] px-3 md:px-4 w-full md:px-5 lg:px-4 xl:px-5\">\n<div class=\"mx-auto flex flex-1 gap-4 text-base md:gap-5 lg:gap-6 md:max-w-3xl lg:max-w-[40rem] xl:max-w-[48rem]\">\n<div class=\"group\/conversation-turn relative flex w-full min-w-0 flex-col agent-turn\">\n<div class=\"flex-col gap-1 md:gap-3\">\n<div class=\"flex max-w-full flex-col flex-grow\">\n<div class=\"min-h-8 text-message flex w-full flex-col items-end gap-2 whitespace-normal break-words [.text-message+&amp;]:mt-5\" dir=\"auto\" data-message-author-role=\"assistant\" data-message-id=\"1982dcee-f0f5-4cfa-a269-fdbaed43d922\" data-message-model-slug=\"gpt-4o\">\n<div class=\"flex w-full flex-col gap-1 empty:hidden first:pt-[3px]\">\n<div class=\"markdown prose w-full break-words dark:prose-invert light\">\n<div class=\"flex-1 overflow-hidden\">\n<div class=\"h-full\">\n<div class=\"react-scroll-to-bottom--css-xrsce-79elbk h-full\">\n<div class=\"react-scroll-to-bottom--css-xrsce-1n7m0yu\">\n<div class=\"flex flex-col text-sm md:pb-9\">\n<article class=\"w-full scroll-mb-[var(--thread-trailing-height,150px)] text-token-text-primary focus-visible:outline-2 focus-visible:outline-offset-[-4px]\" dir=\"auto\" data-testid=\"conversation-turn-5\" data-scroll-anchor=\"true\">\n<div class=\"m-auto text-base py-[18px] px-3 md:px-4 w-full md:px-5 lg:px-4 xl:px-5\">\n<div class=\"mx-auto flex flex-1 gap-4 text-base md:gap-5 lg:gap-6 md:max-w-3xl lg:max-w-[40rem] xl:max-w-[48rem]\">\n<div class=\"group\/conversation-turn relative flex w-full min-w-0 flex-col agent-turn\">\n<div class=\"flex-col gap-1 md:gap-3\">\n<div class=\"flex max-w-full flex-col flex-grow\">\n<div class=\"min-h-8 text-message flex w-full flex-col items-end gap-2 whitespace-normal break-words [.text-message+&amp;]:mt-5\" dir=\"auto\" data-message-author-role=\"assistant\" data-message-id=\"1a0c8d71-a6be-4cc9-b460-deb3e7ecbf47\" data-message-model-slug=\"gpt-4o\">\n<div class=\"flex w-full flex-col gap-1 empty:hidden first:pt-[3px]\">\n<div class=\"markdown prose w-full break-words dark:prose-invert light\">\n<div class=\"flex-1 overflow-hidden\">\n<div class=\"h-full\">\n<div class=\"react-scroll-to-bottom--css-gqbzc-79elbk h-full\">\n<div class=\"react-scroll-to-bottom--css-gqbzc-1n7m0yu\">\n<div class=\"flex flex-col text-sm md:pb-9\">\n<article class=\"w-full scroll-mb-[var(--thread-trailing-height,150px)] text-token-text-primary focus-visible:outline-2 focus-visible:outline-offset-[-4px]\" dir=\"auto\" data-testid=\"conversation-turn-5\" data-scroll-anchor=\"true\">\n<div class=\"m-auto text-base py-[18px] px-3 md:px-4 w-full md:px-5 lg:px-4 xl:px-5\">\n<div class=\"mx-auto flex flex-1 gap-4 text-base md:gap-5 lg:gap-6 md:max-w-3xl lg:max-w-[40rem] xl:max-w-[48rem]\">\n<div class=\"group\/conversation-turn relative flex w-full min-w-0 flex-col agent-turn\">\n<div class=\"flex-col gap-1 md:gap-3\">\n<div class=\"flex max-w-full flex-col flex-grow\">\n<div class=\"min-h-8 text-message flex w-full flex-col items-end gap-2 whitespace-normal break-words [.text-message+&amp;]:mt-5\" dir=\"auto\" data-message-author-role=\"assistant\" data-message-id=\"ca066132-0777-4603-995e-a689971b3380\" data-message-model-slug=\"gpt-4o\">\n<div class=\"flex w-full flex-col gap-1 empty:hidden first:pt-[3px]\">\n<div class=\"markdown prose w-full break-words dark:prose-invert light\">\n<div class=\"flex-1 overflow-hidden @container\/thread\">\n<div class=\"h-full\">\n<div class=\"react-scroll-to-bottom--css-rkqgb-79elbk h-full\">\n<div class=\"react-scroll-to-bottom--css-rkqgb-1n7m0yu\">\n<div class=\"flex flex-col text-sm md:pb-9\">\n<article class=\"w-full scroll-mb-[var(--thread-trailing-height,150px)] text-token-text-primary focus-visible:outline-2 focus-visible:outline-offset-[-4px]\" dir=\"auto\" data-testid=\"conversation-turn-9\" data-scroll-anchor=\"true\">\n<div class=\"m-auto text-base py-[18px] px-3 md:px-4 w-full md:px-5 lg:px-4 xl:px-5\">\n<div class=\"mx-auto flex flex-1 gap-4 text-base md:gap-5 lg:gap-6 md:max-w-3xl lg:max-w-[40rem] xl:max-w-[48rem]\">\n<div class=\"group\/conversation-turn relative flex w-full min-w-0 flex-col agent-turn\">\n<div class=\"flex-col gap-1 md:gap-3\">\n<div class=\"flex max-w-full flex-col flex-grow\">\n<div class=\"min-h-8 text-message flex w-full flex-col items-end gap-2 whitespace-normal break-words text-start [.text-message+&amp;]:mt-5\" dir=\"auto\" data-message-author-role=\"assistant\" data-message-id=\"87137e43-9a3e-4479-90ac-22c23781ee39\" data-message-model-slug=\"gpt-4o\">\n<div class=\"flex w-full flex-col gap-1 empty:hidden first:pt-[3px]\">\n<div class=\"markdown prose w-full break-words dark:prose-invert light\">\n<div class=\"flex-1 overflow-hidden @container\/thread\">\n<div class=\"h-full\">\n<div class=\"react-scroll-to-bottom--css-cgxka-79elbk h-full\">\n<div class=\"react-scroll-to-bottom--css-cgxka-1n7m0yu\">\n<div class=\"flex flex-col text-sm md:pb-9\">\n<article class=\"w-full scroll-mb-[var(--thread-trailing-height,150px)] text-token-text-primary focus-visible:outline-2 focus-visible:outline-offset-[-4px]\" dir=\"auto\" data-testid=\"conversation-turn-5\" data-scroll-anchor=\"true\">\n<div class=\"m-auto text-base py-[18px] px-3 md:px-4 w-full md:px-5 lg:px-4 xl:px-5\">\n<div class=\"mx-auto flex flex-1 gap-4 text-base md:gap-5 lg:gap-6 md:max-w-3xl lg:max-w-[40rem] xl:max-w-[48rem]\">\n<div class=\"group\/conversation-turn relative flex w-full min-w-0 flex-col agent-turn\">\n<div class=\"flex-col gap-1 md:gap-3\">\n<div class=\"flex max-w-full flex-col flex-grow\">\n<div class=\"min-h-8 text-message flex w-full flex-col items-end gap-2 whitespace-normal break-words text-start [.text-message+&amp;]:mt-5\" dir=\"auto\" data-message-author-role=\"assistant\" data-message-id=\"e1e13d20-b396-4dc4-abdf-40facc05c4de\" data-message-model-slug=\"gpt-4o\">\n<div class=\"flex w-full flex-col gap-1 empty:hidden first:pt-[3px]\">\n<div class=\"markdown prose w-full break-words dark:prose-invert light\">\n<article class=\"w-full text-token-text-primary focus-visible:outline-2 focus-visible:outline-offset-[-4px]\" dir=\"auto\" data-testid=\"conversation-turn-5\" data-scroll-anchor=\"true\">\n<div class=\"m-auto text-base py-[18px] px-6\">\n<div class=\"mx-auto flex flex-1 text-base gap-4 md:gap-5 lg:gap-6 md:max-w-3xl lg:max-w-[40rem] xl:max-w-[48rem]\">\n<div class=\"group\/conversation-turn relative flex w-full min-w-0 flex-col agent-turn @xs\/thread:px-0 @sm\/thread:px-1.5 @md\/thread:px-4\">\n<div class=\"flex-col gap-1 md:gap-3\">\n<div class=\"flex max-w-full flex-col flex-grow\">\n<div class=\"min-h-8 text-message relative flex w-full flex-col items-end gap-2 whitespace-normal break-words text-start [.text-message+&amp;]:mt-5\" dir=\"auto\" data-message-author-role=\"assistant\" data-message-id=\"51763e35-51b7-4975-b502-ef0fa0dda04b\" data-message-model-slug=\"gpt-4o\">\n<div class=\"flex w-full flex-col gap-1 empty:hidden first:pt-[3px]\">\n<div class=\"markdown prose w-full break-words dark:prose-invert light\">\n<p data-start=\"0\" data-end=\"355\" data-is-last-node=\"\" data-is-only-node=\"\">La Vozol Star 20000 Z\u00fcge Einweg E Zigarette ofrece con su dise\u00f1o moderno, m\u00e1s de 20.000 caladas, una pantalla HD, bobinas de doble malla y un potente contenido de nicotina del 5% una experiencia de vapeo duradera e intensa tanto para principiantes como para vapeadores experimentados.<\/p>\n<\/div>\n<\/div>\n<\/div>\n<\/div>\n<\/div>\n<\/div>\n<\/div>\n<\/div>\n<\/article>\n<\/div>\n<\/div>\n<\/div>\n<\/div>\n<\/div>\n<\/div>\n<\/div>\n<\/div>\n<\/article>\n<\/div>\n<\/div>\n<\/div>\n<\/div>\n<\/div>\n<\/div>\n<\/div>\n<\/div>\n<\/div>\n<\/div>\n<\/div>\n<\/div>\n<\/div>\n<\/article>\n<\/div>\n<\/div>\n<\/div>\n<\/div>\n<\/div>\n<\/div>\n<\/div>\n<\/div>\n<\/div>\n<\/div>\n<\/div>\n<\/div>\n<\/div>\n<\/article>\n<\/div>\n<\/div>\n<\/div>\n<\/div>\n<\/div>\n<\/div>\n<\/div>\n<\/div>\n<\/div>\n<\/div>\n<\/div>\n<\/div>\n<\/div>\n<\/article>\n<\/div>\n<\/div>\n<\/div>\n<\/div>\n<\/div>\n<\/div>\n<\/div>\n<\/div>\n<\/div>\n<div class=\"pr-2 lg:pr-0\"><\/div>\n<div class=\"mt-3 w-full empty:hidden\">\n<div class=\"text-center\"><\/div>\n<\/div>\n<\/div>\n<div class=\"absolute\">\n<div class=\"flex items-center justify-center\"><\/div>\n<\/div>\n<\/div>\n<\/div>\n<\/div>\n<\/article>\n<\/div>\n<\/div>\n<\/div>\n<\/div>\n<\/div>\n<div class=\"md:pt-0 dark:border-white\/20 md:border-transparent md:dark:border-transparent w-full\">\n<div>\n<div class=\"m-auto text-base px-3 md:px-4 w-full md:px-5 lg:px-4 xl:px-5\">\n<div class=\"mx-auto flex flex-1 gap-4 text-base md:gap-5 lg:gap-6 md:max-w-3xl lg:max-w-[40rem] xl:max-w-[48rem]\">\n<div class=\"flex justify-center\"><\/div>\n<\/div>\n<\/div>\n<\/div>\n<\/div>\n<\/div>\n<\/div>\n<\/div>\n<\/div>\n<\/div>\n<\/div>\n<\/div>\n<\/div>\n<\/div>","protected":false},"featured_media":2486,"comment_status":"open","ping_status":"closed","template":"","meta":[],"product_brand":[],"product_cat":[113],"product_tag":[],"class_list":{"0":"post-2485","1":"product","2":"type-product","3":"status-publish","4":"has-post-thumbnail","6":"product_cat-vozol-star-20000","8":"first","9":"instock","10":"sale","11":"shipping-taxable","12":"purchasable","13":"product-type-simple"},"jetpack_sharing_enabled":true,"_links":{"self":[{"href":"https:\/\/alfakherwelt.de\/es\/wp-json\/wp\/v2\/product\/2485","targetHints":{"allow":["GET"]}}],"collection":[{"href":"https:\/\/alfakherwelt.de\/es\/wp-json\/wp\/v2\/product"}],"about":[{"href":"https:\/\/alfakherwelt.de\/es\/wp-json\/wp\/v2\/types\/product"}],"replies":[{"embeddable":true,"href":"https:\/\/alfakherwelt.de\/es\/wp-json\/wp\/v2\/comments?post=2485"}],"wp:featuredmedia":[{"embeddable":true,"href":"https:\/\/alfakherwelt.de\/es\/wp-json\/wp\/v2\/media\/2486"}],"wp:attachment":[{"href":"https:\/\/alfakherwelt.de\/es\/wp-json\/wp\/v2\/media?parent=2485"}],"wp:term":[{"taxonomy":"product_brand","embeddable":true,"href":"https:\/\/alfakherwelt.de\/es\/wp-json\/wp\/v2\/product_brand?post=2485"},{"taxonomy":"product_cat","embeddable":true,"href":"https:\/\/alfakherwelt.de\/es\/wp-json\/wp\/v2\/product_cat?post=2485"},{"taxonomy":"product_tag","embeddable":true,"href":"https:\/\/alfakherwelt.de\/es\/wp-json\/wp\/v2\/product_tag?post=2485"}],"curies":[{"name":"wp","href":"https:\/\/api.w.org\/{rel}","templated":true}]}}