{"id":2474,"date":"2025-02-25T06:44:34","date_gmt":"2025-02-25T06:44:34","guid":{"rendered":"https:\/\/alfakherwelt.de\/?post_type=product&#038;p=2474"},"modified":"2025-04-08T08:16:32","modified_gmt":"2025-04-08T08:16:32","slug":"al-fakher-crown-bar-8000-inhalaciones-cigarrillo-electronico-desechable-maracuya-dulce-208","status":"publish","type":"product","link":"https:\/\/alfakherwelt.de\/es\/producto\/al-fakher-crown-bar-8000-inhalaciones-cigarrillo-electronico-desechable-maracuya-dulce-208\/","title":{"rendered":"Vozol Star 20000 Z\u00fcge Einweg E Zigarette \u2013 CHERRY COLA \n\nbecomes \n\nVozol Star 20000 Zugs Disposable E Cigarette \u2013 CHERRY COLA"},"content":{"rendered":"<div style=\"width: 360px;\" class=\"wp-video\"><video class=\"wp-video-shortcode\" id=\"video-2474-1\" width=\"360\" height=\"640\" preload=\"metadata\" controls=\"controls\"><source type=\"video\/mp4\" src=\"https:\/\/alfakherwelt.de\/wp-content\/uploads\/2025\/02\/vozol-star-20000.mp4?_=1\" \/><a href=\"https:\/\/alfakherwelt.de\/wp-content\/uploads\/2025\/02\/vozol-star-20000.mp4\">https:\/\/alfakherwelt.de\/wp-content\/uploads\/2025\/02\/vozol-star-20000.mp4<\/a><\/video><\/div>\n<h2 data-start=\"0\" data-end=\"90\"><a href=\"https:\/\/alfakherwelt.de\/es\/categoria-de-producto\/request-failed-with-status-code-500\/\">Vozol Star 20000 Z\u00fcge \n\n(No translation needed, proper noun or product name) \nVozol Star 20000 Z\u00fcge<\/a> Cigarrillo electr\u00f3nico desechable - Innovaci\u00f3n placentera para vapeadores exigentes<\/h2>\n<p data-start=\"92\" data-end=\"737\">La <strong data-start=\"96\" data-end=\"140\">Vozol Star 20000 Z\u00fcge Einweg E Zigarette \n\nbecomes \n\nVozol Star 20000 Caladas Cigarrillo Electr\u00f3nico Desechable<\/strong> Representa un verdadero avance en el mundo de los cigarrillos electr\u00f3nicos y le ofrece una experiencia de vapeo incomparable. Si est\u00e1 buscando un cigarrillo electr\u00f3nico desechable duradero, potente y con un sabor intenso, este modelo es la elecci\u00f3n perfecta para usted. Con su tecnolog\u00eda destacada, su dise\u00f1o futurista y su facilidad de uso, la Vozol Star se destaca de otros vaporizadores en el mercado. Ya sea que sea un vapeador experimentado o un principiante, la Vozol Star 20000 le ofrece todo lo que necesita para una experiencia de vapeo satisfactoria.<\/p>\n<h3 data-start=\"739\" data-end=\"791\">Tecnolog\u00eda y experiencia del usuario insuperables<\/h3>\n<p data-start=\"793\" data-end=\"1192\">La <strong data-start=\"797\" data-end=\"817\">Vozol Star 20000<\/strong> fue desarrollado para permitirle un vapeo prolongado e intenso. Con un n\u00famero impresionante de m\u00e1s de <strong data-start=\"946\" data-end=\"962\">20.000 trenes<\/strong> Esta cigarrilla electr\u00f3nica desechable garantiza que no tenga que preocuparse por compras de reemplazo frecuentes. Esta durabilidad sobresaliente es particularmente beneficiosa para vapeadores regulares que valoran productos rentables.<\/p>\n<h4 data-start=\"1194\" data-end=\"1240\">2.2\u2033 Pantalla HD - Tu vape en el bolsillo<\/h4>\n<p data-start=\"1242\" data-end=\"1624\">Un verdadero punto culminante de la <strong data-start=\"1267\" data-end=\"1287\">Vozol Star 20000<\/strong> es eso <strong data-start=\"1296\" data-end=\"1310\">Pantalla HD<\/strong>Con uno <strong data-start=\"1322\" data-end=\"1359\">pantalla de imagen especular de 2,2 pulgadas<\/strong> Puede ver exactamente en todo momento c\u00f3mo est\u00e1 el <strong data-start=\"1408\" data-end=\"1420\">Bater\u00eda<\/strong>- y <strong data-start=\"1426\" data-end=\"1444\">E-Liquid-Stand<\/strong> bestellt ist. As\u00ed podr\u00e1 mantenerse siempre informado y evitar interrupciones durante el vapeo. Esta tecnolog\u00eda aporta m\u00e1s comodidad y seguridad a su experiencia de vapeo.<\/p>\n<h4 data-start=\"1626\" data-end=\"1675\">20.000 tiradas y m\u00e1s: placer duradero<\/h4>\n<p data-start=\"1677\" data-end=\"2028\">Con <strong data-start=\"1681\" data-end=\"1702\">m\u00e1s de 20.000 trenes<\/strong> es la <strong data-start=\"1711\" data-end=\"1731\">Vozol Star 20000<\/strong> Uno de las e-cigarrillos desechables m\u00e1s duraderos del mercado. Ya sea que sea un vapeador ocasional o un vapeador frecuente, este vape ofrece un rendimiento duradero y un placer fiable sin necesidad de rellenar o reemplazar con frecuencia. Esto lo hace especialmente rentable y respetuoso con el medio ambiente.<\/p>\n<h4 data-start=\"2030\" data-end=\"2091\">Bobinas de malla dual - Sabor intenso y nubes densas<\/h4>\n<p data-start=\"2093\" data-end=\"2505\">Gracias a la <strong data-start=\"2102\" data-end=\"2120\">Bobina de doble malla<\/strong>Tecnolog\u00eda puede confiar en un <strong data-start=\"2157\" data-end=\"2197\">excepcional experiencia gastron\u00f3mica<\/strong> abandonar. Esta tecnolog\u00eda avanzada garantiza que el sabor de cada inhalaci\u00f3n sea intenso y rico en matices. Ya sea que usted elija el <strong data-start=\"2354\" data-end=\"2377\">Mouth-to-Lung (MTL)<\/strong>-prefieren un tiro o les gusta generar grandes nubes de vapor densas, que <strong data-start=\"2452\" data-end=\"2472\">Vozol Star 20000<\/strong> ofrece ambas cosas con facilidad.<\/p>\n<h4 data-start=\"2507\" data-end=\"2551\">Modo dual: Seleccione su intensidad de vapor<\/h4>\n<p data-start=\"2553\" data-end=\"2986\">Con los dos <strong data-start=\"2568\" data-end=\"2581\">Modos de vapor<\/strong> \u2013 <strong data-start=\"2584\" data-end=\"2597\">Modo Eco<\/strong> para vapor ligero y <strong data-start=\"2621\" data-end=\"2636\">Modo de potencia<\/strong> para nubes de vapor m\u00e1s densas - puede aumentar la potencia de los <strong data-start=\"2692\" data-end=\"2712\">Vozol Star 20000<\/strong> adaptar a sus deseos. <strong data-start=\"2743\" data-end=\"2750\">ECO<\/strong> es ideal si prefieres una producci\u00f3n de vapor m\u00e1s suave, mientras que el <strong data-start=\"2824\" data-end=\"2839\">Modo de potencia<\/strong> Les ayuda a generar nubes de vapor m\u00e1s grandes y densas. <strong data-start=\"2900\" data-end=\"2923\">simple rearrangement<\/strong> Entre los dos modos es posible con solo un toque de bot\u00f3n.<\/p>\n<h3 data-start=\"2988\" data-end=\"3022\">Dise\u00f1o elegante y moderno<\/h3>\n<p data-start=\"3024\" data-end=\"3337\">La <strong data-start=\"3028\" data-end=\"3048\">Vozol Star 20000<\/strong> en un elegante, <strong data-start=\"3075\" data-end=\"3109\">acabado met\u00e1lico degradado<\/strong> y una delgada <strong data-start=\"3130\" data-end=\"3146\">blanco sobre blanco<\/strong>que le da al dispositivo un aspecto futurista. Este cigarrillo electr\u00f3nico desechable combina la tecnolog\u00eda m\u00e1s avanzada con un dise\u00f1o atractivo y seguramente llamar\u00e1 la atenci\u00f3n de todos.<\/p>\n<h3 data-start=\"3339\" data-end=\"3385\">Carga r\u00e1pida para m\u00e1s tiempo de vapeo<\/h3>\n<p data-start=\"3387\" data-end=\"3696\">Con la funci\u00f3n de la <strong data-start=\"3408\" data-end=\"3428\">Carga r\u00e1pida<\/strong> pueden ustedes <strong data-start=\"3444\" data-end=\"3464\">Vozol Star 20000<\/strong> solo en <strong data-start=\"3472\" data-end=\"3486\">30 minutos<\/strong> C\u00e1rguelo completamente para que pueda pasar m\u00e1s tiempo vapeando y menos tiempo esperando. El breve tiempo de carga es especialmente conveniente cuando est\u00e1 en movimiento o necesita un refresco r\u00e1pido.<\/p>\n<h3 data-start=\"3698\" data-end=\"3745\">Experiencia \u00f3ptima de vaporizaci\u00f3n de boca a pulm\u00f3n (MTL)<\/h3>\n<p data-start=\"3747\" data-end=\"4104\">La <strong data-start=\"3751\" data-end=\"3771\">Vozol Star 20000<\/strong> es espec\u00edficamente para el <strong data-start=\"3793\" data-end=\"3816\">Mouth-to-Lung (MTL)<\/strong>- Modo vapor desarrollado. Este modo proporciona un comportamiento de vapor similar al fumar tradicional, lo que lo convierte en una opci\u00f3n ideal para aquellos que cambian de cigarrillos. La suave trayectoria de la calada y el flujo de aire agradable proporcionan una experiencia de vapeo aut\u00e9ntica y satisfactoria.<\/p>\n<h3 data-start=\"4106\" data-end=\"4142\">Manejo sencillo para principiantes<\/h3>\n<p data-start=\"4144\" data-end=\"4406\">Para principiantes ofrece la <strong data-start=\"4168\" data-end=\"4188\">Vozol Star 20000<\/strong> Un manejo sencillo y f\u00e1cil de usar. Sin configuraci\u00f3n complicada, sin recargas - simplemente usa el dispositivo y disfruta. Estas caracter\u00edsticas la convierten en una entrada perfecta en el mundo del vapeo.<\/p>\n<h3 data-start=\"4408\" data-end=\"4477\">Por qu\u00e9 deber\u00eda usted la <a href=\"https:\/\/alfakherwelt.de\/es\/categoria-de-producto\/request-failed-with-status-code-500\/\">Vozol Star 20000<\/a> Comprar cigarrillo electr\u00f3nico desechable?<\/h3>\n<p data-start=\"4479\" data-end=\"4864\">La <strong data-start=\"4483\" data-end=\"4527\">Vozol Star 20000 Z\u00fcge Einweg E Zigarette \n\nbecomes \n\nVozol Star 20000 Caladas Cigarrillo Electr\u00f3nico Desechable<\/strong> ofrece una combinaci\u00f3n inigualable de tecnolog\u00eda, sabor y dise\u00f1o. Es ideal para aquellos que buscan una <strong data-start=\"4649\" data-end=\"4681\">a largo plazo, fiables<\/strong> y buscan una experiencia de vapeo intensa en cuanto a sabor. Ya sea que deseen descubrir nuevos aromas o simplemente maximizar el placer de vapear, este cigarrillo electr\u00f3nico desechable es imprescindible.<\/p>\n<p data-start=\"4446\" data-end=\"4756\"><img loading=\"lazy\" decoding=\"async\" class=\"alignnone wp-image-2419 size-full\" src=\"https:\/\/alfakherwelt.de\/wp-content\/uploads\/2025\/02\/vozol-star-20000.webp\" alt=\"Vozol Star 20000 Z\u00fcge Einweg E Zigarette - CHERRY COLA becomes Vozol Star 20000 Zugs Disposable E Cigarette - CHERRY COLA\" width=\"1131\" height=\"1600\" title=\"\" srcset=\"https:\/\/alfakherwelt.de\/wp-content\/uploads\/2025\/02\/vozol-star-20000.webp 1131w, https:\/\/alfakherwelt.de\/wp-content\/uploads\/2025\/02\/vozol-star-20000-212x300.webp 212w, https:\/\/alfakherwelt.de\/wp-content\/uploads\/2025\/02\/vozol-star-20000-724x1024.webp 724w, https:\/\/alfakherwelt.de\/wp-content\/uploads\/2025\/02\/vozol-star-20000-768x1086.webp 768w, https:\/\/alfakherwelt.de\/wp-content\/uploads\/2025\/02\/vozol-star-20000-1086x1536.webp 1086w, https:\/\/alfakherwelt.de\/wp-content\/uploads\/2025\/02\/vozol-star-20000-8x12.webp 8w, https:\/\/alfakherwelt.de\/wp-content\/uploads\/2025\/02\/vozol-star-20000-600x849.webp 600w\" sizes=\"auto, (max-width: 1131px) 100vw, 1131px\" \/><\/p>\n<h3 data-start=\"4866\" data-end=\"4919\">Preguntas frecuentes sobre <a href=\"https:\/\/alfakherwelt.de\/es\/categoria-de-producto\/request-failed-with-status-code-500\/\">Vozol Star 20000 Z\u00fcge \n\n(No translation needed, proper noun or product name) \nVozol Star 20000 Z\u00fcge<\/a> Cigarrillo electr\u00f3nico desechable<\/h3>\n<p data-start=\"4921\" data-end=\"4964\"><strong data-start=\"4921\" data-end=\"4964\">1. \u00bfCu\u00e1nto tiempo dura la Vozol Star 20000?<\/strong><\/p>\n<p data-start=\"4966\" data-end=\"5099\">La <strong data-start=\"4970\" data-end=\"4990\">Vozol Star 20000<\/strong> ofrece m\u00e1s de <strong data-start=\"5007\" data-end=\"5022\">20.000 trenes<\/strong>, lo que la convierte en una de las cigarrillas electr\u00f3nicas desechables m\u00e1s duraderas del mercado.<\/p>\n<p data-start=\"5101\" data-end=\"5162\"><strong data-start=\"5101\" data-end=\"5162\">\u00bfCu\u00e1les sabores est\u00e1n disponibles para el Vozol Star 20000?<\/strong><\/p>\n<p data-start=\"5164\" data-end=\"5317\">La <strong data-start=\"5168\" data-end=\"5188\">Vozol Star 20000<\/strong> est\u00e1 disponible en varios sabores, incluyendo <strong data-start=\"5238\" data-end=\"5253\">Cherry Cola<\/strong>, que ofrece una experiencia gustativa refrescante y dulce.<\/p>\n<p data-start=\"5319\" data-end=\"5373\"><strong data-start=\"5319\" data-end=\"5373\">3. \u00bfEs adecuado el Vozol Star 20000 para principiantes?<\/strong><\/p>\n<p data-start=\"5375\" data-end=\"5515\">S\u00ed, la <strong data-start=\"5383\" data-end=\"5403\">Vozol Star 20000<\/strong> Es especialmente adecuada para principiantes, ya que es f\u00e1cil de usar y no requiere ajustes complejos.<\/p>\n<p data-start=\"5517\" data-end=\"5563\"><strong data-start=\"5517\" data-end=\"5563\">4. \u00bfPuedo recargar el Vozol Star 20000?<\/strong><\/p>\n<p data-start=\"5565\" data-end=\"5706\">S\u00ed, la <strong data-start=\"5573\" data-end=\"5593\">Vozol Star 20000<\/strong> ofrece una funci\u00f3n de carga r\u00e1pida que le permite cargar completamente el dispositivo en solo 30 minutos.<\/p>\n<p data-start=\"5708\" data-end=\"5766\"><strong data-start=\"5708\" data-end=\"5766\">Cu\u00e1l es lo especial de la tecnolog\u00eda de bobina de malla.<\/strong><\/p>\n<p data-start=\"5768\" data-end=\"5961\">La <strong data-start=\"5772\" data-end=\"5797\">Tecnolog\u00eda de bobina de malla<\/strong> Proporciona un vapor m\u00e1s uniforme e intensifica el sabor en cada inhalaci\u00f3n. Esto conduce a una mejor claridad de sabor y una mayor densidad de vapor.<\/p>\n<h3 data-start=\"5963\" data-end=\"6049\">Vozol Star 20000 cigarrillo electr\u00f3nico desechable \u2013 El mejor compa\u00f1ero para sus experiencias de vapeo<\/h3>\n<p data-start=\"6051\" data-end=\"6597\">Si est\u00e1s buscando una <strong data-start=\"6085\" data-end=\"6107\">Cigarrillo electr\u00f3nico desechable<\/strong> que est\u00e1n tanto en temas de <strong data-start=\"6135\" data-end=\"6150\">Tecnolog\u00eda<\/strong> as bien como \ntambi\u00e9n \nasimismo \nal igual que \nde igual modo \ntanto como <strong data-start=\"6160\" data-end=\"6173\">Sabor<\/strong> m\u00e1xima  establece normas, entonces es la <strong data-start=\"6212\" data-end=\"6237\">Vozol Star 20000 Z\u00fcge \n\n(No translation needed, proper noun or product name) \nVozol Star 20000 Z\u00fcge<\/strong> exactamente lo correcto para usted. <strong data-start=\"6266\" data-end=\"6281\">Comprar vape<\/strong> en <strong data-start=\"6286\" data-end=\"6305\">alfakherwelt.de<\/strong> implica estar comprometido con la <strong data-start=\"6329\" data-end=\"6384\">mejor selecci\u00f3n de cigarrillos electr\u00f3nicos desechables en Alemania<\/strong> decidir - r\u00e1pido, fiable y con una impresionante selecci\u00f3n de sabores y fortalezas. <strong data-start=\"6484\" data-end=\"6597\">Vis\u00edtenos hoy mismo y consiga su Vozol Star 20000 para una experiencia de vapeo incomparable.<\/strong><\/p>\n<h3 data-start=\"6599\" data-end=\"6649\">Descripci\u00f3n detallada del sabor: Cherry Cola<\/h3>\n<p data-start=\"6651\" data-end=\"7307\" data-is-last-node=\"\" data-is-only-node=\"\">Der <strong data-start=\"6655\" data-end=\"6670\">Cherry Cola<\/strong>Sabor de la <strong data-start=\"6685\" data-end=\"6705\">Vozol Star 20000<\/strong> ofrece una combinaci\u00f3n \u00fanica de <strong data-start=\"6747\" data-end=\"6769\">cereza afrutada<\/strong> y el cl\u00e1sico sabor efervescente de la cola. El sabor dulce y ligeramente \u00e1cido de la cereza se armoniza perfectamente con las notas de cola refrescantes y chispeantes, que recuerdan a la bebida popular. Cada inhalaci\u00f3n de estos <strong data-start=\"6989\" data-end=\"7004\">Cherry Cola<\/strong>El sabor deja una sensaci\u00f3n de frescura y ligereza refrescante. <strong data-start=\"7077\" data-end=\"7168\">Los sabores son tan intensos que ofrecen una nueva experiencia gustativa en cada calada<\/strong>con un agradable dulzor que no resulta abrumador. <strong data-start=\"7227\" data-end=\"7266\">Para los amantes de las cerezas y los fan\u00e1ticos de la cola<\/strong> Este sabor es una absoluta necesidad.<\/p>","protected":false},"excerpt":{"rendered":"<div class=\"flex-shrink-0 flex flex-col relative items-end\">\n<div class=\"pt-0\">\n<div class=\"gizmo-shadow-stroke flex h-8 w-8 items-center justify-center overflow-hidden rounded-full\">\n<div class=\"h-full w-full\">\n<div class=\"flex-shrink-0 flex flex-col relative items-end\">\n<div class=\"pt-0\">\n<div class=\"gizmo-shadow-stroke flex h-8 w-8 items-center justify-center overflow-hidden rounded-full\">\n<div class=\"h-full w-full\">\n<div class=\"gizmo-shadow-stroke overflow-hidden rounded-full\">\n<div class=\"flex-1 overflow-hidden\">\n<div class=\"h-full\">\n<div class=\"react-scroll-to-bottom--css-nphjn-79elbk h-full\">\n<div class=\"react-scroll-to-bottom--css-nphjn-1n7m0yu\">\n<div class=\"flex flex-col text-sm md:pb-9\">\n<article class=\"w-full scroll-mb-[var(--thread-trailing-height,150px)] text-token-text-primary focus-visible:outline-2 focus-visible:outline-offset-[-4px]\" dir=\"auto\" data-testid=\"conversation-turn-5\" data-scroll-anchor=\"true\">\n<div class=\"m-auto text-base py-[18px] px-3 md:px-4 w-full md:px-5 lg:px-4 xl:px-5\">\n<div class=\"mx-auto flex flex-1 gap-4 text-base md:gap-5 lg:gap-6 md:max-w-3xl lg:max-w-[40rem] xl:max-w-[48rem]\">\n<div class=\"group\/conversation-turn relative flex w-full min-w-0 flex-col agent-turn\">\n<div class=\"flex-col gap-1 md:gap-3\">\n<div class=\"flex max-w-full flex-col flex-grow\">\n<div class=\"min-h-8 text-message flex w-full flex-col items-end gap-2 whitespace-normal break-words [.text-message+&amp;]:mt-5\" dir=\"auto\" data-message-author-role=\"assistant\" data-message-id=\"1982dcee-f0f5-4cfa-a269-fdbaed43d922\" data-message-model-slug=\"gpt-4o\">\n<div class=\"flex w-full flex-col gap-1 empty:hidden first:pt-[3px]\">\n<div class=\"markdown prose w-full break-words dark:prose-invert light\">\n<div class=\"flex-1 overflow-hidden\">\n<div class=\"h-full\">\n<div class=\"react-scroll-to-bottom--css-xrsce-79elbk h-full\">\n<div class=\"react-scroll-to-bottom--css-xrsce-1n7m0yu\">\n<div class=\"flex flex-col text-sm md:pb-9\">\n<article class=\"w-full scroll-mb-[var(--thread-trailing-height,150px)] text-token-text-primary focus-visible:outline-2 focus-visible:outline-offset-[-4px]\" dir=\"auto\" data-testid=\"conversation-turn-5\" data-scroll-anchor=\"true\">\n<div class=\"m-auto text-base py-[18px] px-3 md:px-4 w-full md:px-5 lg:px-4 xl:px-5\">\n<div class=\"mx-auto flex flex-1 gap-4 text-base md:gap-5 lg:gap-6 md:max-w-3xl lg:max-w-[40rem] xl:max-w-[48rem]\">\n<div class=\"group\/conversation-turn relative flex w-full min-w-0 flex-col agent-turn\">\n<div class=\"flex-col gap-1 md:gap-3\">\n<div class=\"flex max-w-full flex-col flex-grow\">\n<div class=\"min-h-8 text-message flex w-full flex-col items-end gap-2 whitespace-normal break-words [.text-message+&amp;]:mt-5\" dir=\"auto\" data-message-author-role=\"assistant\" data-message-id=\"1a0c8d71-a6be-4cc9-b460-deb3e7ecbf47\" data-message-model-slug=\"gpt-4o\">\n<div class=\"flex w-full flex-col gap-1 empty:hidden first:pt-[3px]\">\n<div class=\"markdown prose w-full break-words dark:prose-invert light\">\n<div class=\"flex-1 overflow-hidden\">\n<div class=\"h-full\">\n<div class=\"react-scroll-to-bottom--css-gqbzc-79elbk h-full\">\n<div class=\"react-scroll-to-bottom--css-gqbzc-1n7m0yu\">\n<div class=\"flex flex-col text-sm md:pb-9\">\n<article class=\"w-full scroll-mb-[var(--thread-trailing-height,150px)] text-token-text-primary focus-visible:outline-2 focus-visible:outline-offset-[-4px]\" dir=\"auto\" data-testid=\"conversation-turn-5\" data-scroll-anchor=\"true\">\n<div class=\"m-auto text-base py-[18px] px-3 md:px-4 w-full md:px-5 lg:px-4 xl:px-5\">\n<div class=\"mx-auto flex flex-1 gap-4 text-base md:gap-5 lg:gap-6 md:max-w-3xl lg:max-w-[40rem] xl:max-w-[48rem]\">\n<div class=\"group\/conversation-turn relative flex w-full min-w-0 flex-col agent-turn\">\n<div class=\"flex-col gap-1 md:gap-3\">\n<div class=\"flex max-w-full flex-col flex-grow\">\n<div class=\"min-h-8 text-message flex w-full flex-col items-end gap-2 whitespace-normal break-words [.text-message+&amp;]:mt-5\" dir=\"auto\" data-message-author-role=\"assistant\" data-message-id=\"ca066132-0777-4603-995e-a689971b3380\" data-message-model-slug=\"gpt-4o\">\n<div class=\"flex w-full flex-col gap-1 empty:hidden first:pt-[3px]\">\n<div class=\"markdown prose w-full break-words dark:prose-invert light\">\n<div class=\"flex-1 overflow-hidden @container\/thread\">\n<div class=\"h-full\">\n<div class=\"react-scroll-to-bottom--css-rkqgb-79elbk h-full\">\n<div class=\"react-scroll-to-bottom--css-rkqgb-1n7m0yu\">\n<div class=\"flex flex-col text-sm md:pb-9\">\n<article class=\"w-full scroll-mb-[var(--thread-trailing-height,150px)] text-token-text-primary focus-visible:outline-2 focus-visible:outline-offset-[-4px]\" dir=\"auto\" data-testid=\"conversation-turn-9\" data-scroll-anchor=\"true\">\n<div class=\"m-auto text-base py-[18px] px-3 md:px-4 w-full md:px-5 lg:px-4 xl:px-5\">\n<div class=\"mx-auto flex flex-1 gap-4 text-base md:gap-5 lg:gap-6 md:max-w-3xl lg:max-w-[40rem] xl:max-w-[48rem]\">\n<div class=\"group\/conversation-turn relative flex w-full min-w-0 flex-col agent-turn\">\n<div class=\"flex-col gap-1 md:gap-3\">\n<div class=\"flex max-w-full flex-col flex-grow\">\n<div class=\"min-h-8 text-message flex w-full flex-col items-end gap-2 whitespace-normal break-words text-start [.text-message+&amp;]:mt-5\" dir=\"auto\" data-message-author-role=\"assistant\" data-message-id=\"87137e43-9a3e-4479-90ac-22c23781ee39\" data-message-model-slug=\"gpt-4o\">\n<div class=\"flex w-full flex-col gap-1 empty:hidden first:pt-[3px]\">\n<div class=\"markdown prose w-full break-words dark:prose-invert light\">\n<div class=\"flex-1 overflow-hidden @container\/thread\">\n<div class=\"h-full\">\n<div class=\"react-scroll-to-bottom--css-cgxka-79elbk h-full\">\n<div class=\"react-scroll-to-bottom--css-cgxka-1n7m0yu\">\n<div class=\"flex flex-col text-sm md:pb-9\">\n<article class=\"w-full scroll-mb-[var(--thread-trailing-height,150px)] text-token-text-primary focus-visible:outline-2 focus-visible:outline-offset-[-4px]\" dir=\"auto\" data-testid=\"conversation-turn-5\" data-scroll-anchor=\"true\">\n<div class=\"m-auto text-base py-[18px] px-3 md:px-4 w-full md:px-5 lg:px-4 xl:px-5\">\n<div class=\"mx-auto flex flex-1 gap-4 text-base md:gap-5 lg:gap-6 md:max-w-3xl lg:max-w-[40rem] xl:max-w-[48rem]\">\n<div class=\"group\/conversation-turn relative flex w-full min-w-0 flex-col agent-turn\">\n<div class=\"flex-col gap-1 md:gap-3\">\n<div class=\"flex max-w-full flex-col flex-grow\">\n<div class=\"min-h-8 text-message flex w-full flex-col items-end gap-2 whitespace-normal break-words text-start [.text-message+&amp;]:mt-5\" dir=\"auto\" data-message-author-role=\"assistant\" data-message-id=\"e1e13d20-b396-4dc4-abdf-40facc05c4de\" data-message-model-slug=\"gpt-4o\">\n<div class=\"flex w-full flex-col gap-1 empty:hidden first:pt-[3px]\">\n<div class=\"markdown prose w-full break-words dark:prose-invert light\">\n<article class=\"w-full text-token-text-primary focus-visible:outline-2 focus-visible:outline-offset-[-4px]\" dir=\"auto\" data-testid=\"conversation-turn-5\" data-scroll-anchor=\"true\">\n<div class=\"m-auto text-base py-[18px] px-6\">\n<div class=\"mx-auto flex flex-1 text-base gap-4 md:gap-5 lg:gap-6 md:max-w-3xl lg:max-w-[40rem] xl:max-w-[48rem]\">\n<div class=\"group\/conversation-turn relative flex w-full min-w-0 flex-col agent-turn @xs\/thread:px-0 @sm\/thread:px-1.5 @md\/thread:px-4\">\n<div class=\"flex-col gap-1 md:gap-3\">\n<div class=\"flex max-w-full flex-col flex-grow\">\n<div class=\"min-h-8 text-message relative flex w-full flex-col items-end gap-2 whitespace-normal break-words text-start [.text-message+&amp;]:mt-5\" dir=\"auto\" data-message-author-role=\"assistant\" data-message-id=\"51763e35-51b7-4975-b502-ef0fa0dda04b\" data-message-model-slug=\"gpt-4o\">\n<div class=\"flex w-full flex-col gap-1 empty:hidden first:pt-[3px]\">\n<div class=\"markdown prose w-full break-words dark:prose-invert light\">\n<p data-start=\"0\" data-end=\"355\" data-is-last-node=\"\" data-is-only-node=\"\">La <strong data-start=\"4\" data-end=\"48\">Vozol Star 20000 Z\u00fcge Einweg E Zigarette \n\nbecomes \n\nVozol Star 20000 Caladas Cigarrillo Electr\u00f3nico Desechable<\/strong> Ofrece, con su dise\u00f1o futurista, una impresionante durabilidad de m\u00e1s de 20.000 caladas, tecnolog\u00eda de bobina de malla dual para un sabor y vapor intensos, y un manejo f\u00e1cil de usar, la experiencia de vapeo definitiva para principiantes y vapeadores experimentados.<\/p>\n<\/div>\n<\/div>\n<\/div>\n<\/div>\n<\/div>\n<\/div>\n<\/div>\n<\/div>\n<\/article>\n<\/div>\n<\/div>\n<\/div>\n<\/div>\n<\/div>\n<\/div>\n<\/div>\n<\/div>\n<\/article>\n<\/div>\n<\/div>\n<\/div>\n<\/div>\n<\/div>\n<\/div>\n<\/div>\n<\/div>\n<\/div>\n<\/div>\n<\/div>\n<\/div>\n<\/div>\n<\/article>\n<\/div>\n<\/div>\n<\/div>\n<\/div>\n<\/div>\n<\/div>\n<\/div>\n<\/div>\n<\/div>\n<\/div>\n<\/div>\n<\/div>\n<\/div>\n<\/article>\n<\/div>\n<\/div>\n<\/div>\n<\/div>\n<\/div>\n<\/div>\n<\/div>\n<\/div>\n<\/div>\n<\/div>\n<\/div>\n<\/div>\n<\/div>\n<\/article>\n<\/div>\n<\/div>\n<\/div>\n<\/div>\n<\/div>\n<\/div>\n<\/div>\n<\/div>\n<\/div>\n<div class=\"pr-2 lg:pr-0\"><\/div>\n<div class=\"mt-3 w-full empty:hidden\">\n<div class=\"text-center\"><\/div>\n<\/div>\n<\/div>\n<div class=\"absolute\">\n<div class=\"flex items-center justify-center\"><\/div>\n<\/div>\n<\/div>\n<\/div>\n<\/div>\n<\/article>\n<\/div>\n<\/div>\n<\/div>\n<\/div>\n<\/div>\n<div class=\"md:pt-0 dark:border-white\/20 md:border-transparent md:dark:border-transparent w-full\">\n<div>\n<div class=\"m-auto text-base px-3 md:px-4 w-full md:px-5 lg:px-4 xl:px-5\">\n<div class=\"mx-auto flex flex-1 gap-4 text-base md:gap-5 lg:gap-6 md:max-w-3xl lg:max-w-[40rem] xl:max-w-[48rem]\">\n<div class=\"flex justify-center\"><\/div>\n<\/div>\n<\/div>\n<\/div>\n<\/div>\n<\/div>\n<\/div>\n<\/div>\n<\/div>\n<\/div>\n<\/div>\n<\/div>\n<\/div>\n<\/div>","protected":false},"featured_media":2475,"comment_status":"open","ping_status":"closed","template":"","meta":[],"product_brand":[],"product_cat":[113],"product_tag":[],"class_list":{"0":"post-2474","1":"product","2":"type-product","3":"status-publish","4":"has-post-thumbnail","6":"product_cat-vozol-star-20000","8":"first","9":"instock","10":"sale","11":"shipping-taxable","12":"purchasable","13":"product-type-simple"},"jetpack_sharing_enabled":true,"_links":{"self":[{"href":"https:\/\/alfakherwelt.de\/es\/wp-json\/wp\/v2\/product\/2474","targetHints":{"allow":["GET"]}}],"collection":[{"href":"https:\/\/alfakherwelt.de\/es\/wp-json\/wp\/v2\/product"}],"about":[{"href":"https:\/\/alfakherwelt.de\/es\/wp-json\/wp\/v2\/types\/product"}],"replies":[{"embeddable":true,"href":"https:\/\/alfakherwelt.de\/es\/wp-json\/wp\/v2\/comments?post=2474"}],"wp:featuredmedia":[{"embeddable":true,"href":"https:\/\/alfakherwelt.de\/es\/wp-json\/wp\/v2\/media\/2475"}],"wp:attachment":[{"href":"https:\/\/alfakherwelt.de\/es\/wp-json\/wp\/v2\/media?parent=2474"}],"wp:term":[{"taxonomy":"product_brand","embeddable":true,"href":"https:\/\/alfakherwelt.de\/es\/wp-json\/wp\/v2\/product_brand?post=2474"},{"taxonomy":"product_cat","embeddable":true,"href":"https:\/\/alfakherwelt.de\/es\/wp-json\/wp\/v2\/product_cat?post=2474"},{"taxonomy":"product_tag","embeddable":true,"href":"https:\/\/alfakherwelt.de\/es\/wp-json\/wp\/v2\/product_tag?post=2474"}],"curies":[{"name":"wp","href":"https:\/\/api.w.org\/{rel}","templated":true}]}}