{"id":2469,"date":"2025-02-25T06:24:06","date_gmt":"2025-02-25T06:24:06","guid":{"rendered":"https:\/\/alfakherwelt.de\/?post_type=product&#038;p=2469"},"modified":"2025-04-08T08:16:49","modified_gmt":"2025-04-08T08:16:49","slug":"al-fakher-crown-bar-8000-inhalaciones-cigarrillo-electronico-desechable-maracuya-dulce-223","status":"publish","type":"product","link":"https:\/\/alfakherwelt.de\/es\/producto\/al-fakher-crown-bar-8000-inhalaciones-cigarrillo-electronico-desechable-maracuya-dulce-223\/","title":{"rendered":"Vozol Star 20000 Z\u00fcge Einweg E Zigarette \u2013 FRESAS MANGO"},"content":{"rendered":"<div style=\"width: 360px;\" class=\"wp-video\"><video class=\"wp-video-shortcode\" id=\"video-2469-1\" width=\"360\" height=\"640\" preload=\"metadata\" controls=\"controls\"><source type=\"video\/mp4\" src=\"https:\/\/alfakherwelt.de\/wp-content\/uploads\/2025\/02\/vozol-star-20000.mp4?_=1\" \/><a href=\"https:\/\/alfakherwelt.de\/wp-content\/uploads\/2025\/02\/vozol-star-20000.mp4\">https:\/\/alfakherwelt.de\/wp-content\/uploads\/2025\/02\/vozol-star-20000.mp4<\/a><\/video><\/div>\n<h2 data-start=\"0\" data-end=\"85\"><strong data-start=\"0\" data-end=\"85\"><a href=\"https:\/\/alfakherwelt.de\/es\/categoria-de-producto\/request-failed-with-status-code-500\/\">Vozol Star 20000 Z\u00fcge \n\n(No translation needed, proper noun or product name) \nVozol Star 20000 Z\u00fcge<\/a> Dispositivo de vapeo desechable: El futuro del vapeo en Alemania<\/strong><\/h2>\n<p data-start=\"87\" data-end=\"562\">La <strong data-start=\"91\" data-end=\"135\">Vozol Star 20000 Z\u00fcge Einweg E Zigarette \n\nbecomes \n\nVozol Star 20000 Caladas Cigarrillo Electr\u00f3nico Desechable<\/strong> representa la pr\u00f3xima generaci\u00f3n de vapeo. Con tecnolog\u00eda innovadora, rendimiento sobresaliente y dise\u00f1o moderno, este cigarrillo electr\u00f3nico ofrece una experiencia de vapeo incomparable. Fue desarrollado espec\u00edficamente para satisfacer las necesidades de los usuarios que buscan tanto calidad como comodidad. Ideal para todos aquellos que desean un dispositivo desechable avanzado, f\u00e1cil de usar y con una larga vida \u00fatil.<\/p>\n<h3 data-start=\"564\" data-end=\"634\">Descripci\u00f3n del producto: Por qu\u00e9 la <a href=\"https:\/\/alfakherwelt.de\/es\/categoria-de-producto\/request-failed-with-status-code-500\/\">Vozol Star 20000<\/a> la mejor opci\u00f3n es<\/h3>\n<p data-start=\"636\" data-end=\"1053\">La <strong data-start=\"640\" data-end=\"684\">Vozol Star 20000 Z\u00fcge Einweg E Zigarette \n\nbecomes \n\nVozol Star 20000 Caladas Cigarrillo Electr\u00f3nico Desechable<\/strong> No es solo un producto, sino una experiencia. Combina tecnolog\u00eda avanzada con funciones f\u00e1ciles de usar y ofrece un sabor excepcional y una alta producci\u00f3n de vapor. Este cigarrillo electr\u00f3nico es especialmente adecuado para usuarios en <strong data-start=\"940\" data-end=\"955\">Alemania<\/strong> atractiva, ya que no tiene rival en cuanto a su rendimiento y calidad.<\/p>\n<p data-start=\"1055\" data-end=\"1359\">Con una <strong data-start=\"1065\" data-end=\"1097\">Nikotinst\u00e4rke von 5% (50 mg)\n\n Strength de nicotina de 5% (50 mg)<\/strong> ofrece el golpe perfecto que atrae tanto a principiantes como a vapeadores experimentados. Ya sea que est\u00e9 empezando a vapear por primera vez o buscando una opci\u00f3n fiable y duradera, la <strong data-start=\"1304\" data-end=\"1324\">Vozol Star 20000<\/strong> superar\u00e1 sus expectativas.<\/p>\n<p data-start=\"1361\" data-end=\"1836\">La <strong data-start=\"1365\" data-end=\"1385\">Vozol Star 20000<\/strong> convence por su dise\u00f1o elegante, que cuenta con una superficie met\u00e1lica brillante y un aspecto futurista. El <strong data-start=\"1511\" data-end=\"1525\">Pantalla HD<\/strong> muestra datos importantes como el nivel de carga de la bater\u00eda y el nivel de l\u00edquido electr\u00f3nico, para que siempre sepa c\u00f3mo est\u00e1 su cigarrillo electr\u00f3nico. Nunca tendr\u00e1 que preocuparse por quedarse sin vapor, ya que con m\u00e1s de <strong data-start=\"1753\" data-end=\"1769\">20.000 trenes<\/strong> Es una de las cigarrillas electr\u00f3nicas desechables m\u00e1s duraderas del mercado.<\/p>\n<p data-start=\"1838\" data-end=\"2200\">Con los <strong data-start=\"1846\" data-end=\"1865\">Bobinas de doble malla<\/strong> y los dos disponibles <strong data-start=\"1891\" data-end=\"1899\">Modi<\/strong> \u2013 el <strong data-start=\"1906\" data-end=\"1919\">Modo Eco<\/strong> para vapor ligero y el <strong data-start=\"1947\" data-end=\"1962\">Modo de potencia<\/strong> para nubes densas - se adapta la <strong data-start=\"1998\" data-end=\"2018\">Vozol Star 20000<\/strong> perfectamente a sus necesidades individuales. El sencillo <strong data-start=\"2077\" data-end=\"2093\">Cambio de modo<\/strong> se puede realizar con solo un clic, para que pueda adaptar su experiencia de vapeo en cualquier momento.<\/p>\n<h4 data-start=\"2202\" data-end=\"2256\">Excelente rendimiento y facilidad de uso<\/h4>\n<ul data-start=\"2258\" data-end=\"2884\">\n<li data-start=\"2258\" data-end=\"2352\"><strong data-start=\"2260\" data-end=\"2282\">Larga vida \u00fatil:<\/strong> M\u00e1s de 20.000 caladas para un placer duradero sin compras de repuesto frecuentes.<\/li>\n<li data-start=\"2353\" data-end=\"2434\"><strong data-start=\"2355\" data-end=\"2370\">Bobinas de malla:<\/strong> Mejora los sabores y proporciona una emisi\u00f3n de vapor uniforme.<\/li>\n<li data-start=\"2435\" data-end=\"2529\"><strong data-start=\"2437\" data-end=\"2457\">Pantalla HD de 2,2\u2033<\/strong> Muestra en tiempo real el nivel de bater\u00eda y el nivel de l\u00edquido electr\u00f3nico.<\/li>\n<li data-start=\"2530\" data-end=\"2653\"><strong data-start=\"2532\" data-end=\"2547\">Modos duales:<\/strong> Elige entre el Modo Eco para un vapor suave o el Modo Power para una experiencia de vapor m\u00e1s intensa.<\/li>\n<li data-start=\"2654\" data-end=\"2762\"><strong data-start=\"2656\" data-end=\"2679\">Carga r\u00e1pida:<\/strong> En solo 30 minutos completamente cargado, para que tengas m\u00e1s tiempo para vapear.<\/li>\n<li data-start=\"2763\" data-end=\"2884\"><strong data-start=\"2765\" data-end=\"2780\">Higi\u00e9nico:<\/strong> El protector de la boquilla garantiza que la boquilla permanezca libre de polvo y otras impurezas.<\/li>\n<\/ul>\n<p data-start=\"2886\" data-end=\"3199\">La <strong data-start=\"2890\" data-end=\"2910\">Vozol Star 20000<\/strong> es la elecci\u00f3n perfecta para todos los que buscan una <strong data-start=\"2952\" data-end=\"2974\">Cigarrillo electr\u00f3nico desechable<\/strong> con una alta <strong data-start=\"2991\" data-end=\"3009\">Densidad de nicotina<\/strong> y m\u00e1s largo <strong data-start=\"3021\" data-end=\"3036\">Duraci\u00f3n de vida<\/strong> Busca. No solo ofrece una experiencia \u00f3ptima de vapeo, sino tambi\u00e9n un dise\u00f1o moderno y elegante que se destaca de otros productos en el mercado.<\/p>\n<h3 data-start=\"3201\" data-end=\"3288\">variedad de sabores de la <a href=\"https:\/\/alfakherwelt.de\/es\/categoria-de-producto\/request-failed-with-status-code-500\/\">Vozol Star 20000<\/a>: Una experiencia gastron\u00f3mica de primera clase<\/h3>\n<p data-start=\"3290\" data-end=\"3635\">Una de las caracter\u00edsticas m\u00e1s destacadas de las <strong data-start=\"3334\" data-end=\"3354\">Vozol Star 20000<\/strong> es el sabor excepcional. Cada calada ofrece una producci\u00f3n de vapor rica y sabrosa, que se caracteriza por la <strong data-start=\"3468\" data-end=\"3487\">Bobinas de doble malla<\/strong> se acent\u00faa a\u00fan m\u00e1s. Especialmente digno de destacar es el <strong data-start=\"3541\" data-end=\"3561\">FRESA MANGO<\/strong>Una combinaci\u00f3n de sabores que ofrece una explosi\u00f3n afrutada en la lengua.<\/p>\n<h4 data-start=\"3637\" data-end=\"3680\">Strawberry Mango: Un sue\u00f1o tropical<\/h4>\n<p data-start=\"3682\" data-end=\"4029\">Der <strong data-start=\"3686\" data-end=\"3706\">Fresa Mango<\/strong>El sabor combina la dulzura de las fresas maduras con la frescura ex\u00f3tica del mango. Esta combinaci\u00f3n proporciona una experiencia de vapeo equilibrada y afrutada que no es demasiado dulce y al mismo tiempo es intensa. El sabor es tan vivo y natural que parece que est\u00e1s mordiendo una cesta de frutas reci\u00e9n cosechadas.<\/p>\n<ul data-start=\"4031\" data-end=\"4475\">\n<li data-start=\"4031\" data-end=\"4161\"><strong data-start=\"4033\" data-end=\"4056\">Fresas afrutadas<\/strong>La dulce y jugosa fresa forma la base de este perfil de sabor y proporciona un agradable dulzor.<\/li>\n<li data-start=\"4162\" data-end=\"4289\"><strong data-start=\"4164\" data-end=\"4183\">Ex\u00f3tica Mango<\/strong>La mango aporta un frescor tropical y una ligera acidez que combina perfectamente con la fresa.<\/li>\n<li data-start=\"4290\" data-end=\"4475\"><strong data-start=\"4292\" data-end=\"4317\">Sabores complejos<\/strong>: Mediante el uso de <strong data-start=\"4344\" data-end=\"4363\">Bobinas de doble malla<\/strong> se intensifica el sabor en cada fase del viaje, convirtiendo cada viaje en una experiencia emocionante.<\/li>\n<\/ul>\n<p data-start=\"4477\" data-end=\"4743\">Este sabor no solo es perfecto para el uso diario, sino que tambi\u00e9n es ideal para vapeadores que buscan una experiencia intensa y refrescante. Es la mezcla perfecta de dulzura y frescura que te hace sentir como si estuvieras en un para\u00edso tropical.<\/p>\n<p data-start=\"4446\" data-end=\"4756\"><img loading=\"lazy\" decoding=\"async\" class=\"alignnone wp-image-2419 size-full\" src=\"https:\/\/alfakherwelt.de\/wp-content\/uploads\/2025\/02\/vozol-star-20000.webp\" alt=\"Vozol Star 20000 Z\u00fcge Einweg E Zigarette - FRESAS MANGO\" width=\"1131\" height=\"1600\" title=\"\" srcset=\"https:\/\/alfakherwelt.de\/wp-content\/uploads\/2025\/02\/vozol-star-20000.webp 1131w, https:\/\/alfakherwelt.de\/wp-content\/uploads\/2025\/02\/vozol-star-20000-212x300.webp 212w, https:\/\/alfakherwelt.de\/wp-content\/uploads\/2025\/02\/vozol-star-20000-724x1024.webp 724w, https:\/\/alfakherwelt.de\/wp-content\/uploads\/2025\/02\/vozol-star-20000-768x1086.webp 768w, https:\/\/alfakherwelt.de\/wp-content\/uploads\/2025\/02\/vozol-star-20000-1086x1536.webp 1086w, https:\/\/alfakherwelt.de\/wp-content\/uploads\/2025\/02\/vozol-star-20000-8x12.webp 8w, https:\/\/alfakherwelt.de\/wp-content\/uploads\/2025\/02\/vozol-star-20000-600x849.webp 600w\" sizes=\"auto, (max-width: 1131px) 100vw, 1131px\" \/><\/p>\n<h4 data-start=\"4745\" data-end=\"4781\">Otras opciones de sabor<\/h4>\n<p data-start=\"4783\" data-end=\"5195\">Aunque <strong data-start=\"4790\" data-end=\"4810\">Fresa Mango<\/strong> una de las opciones m\u00e1s populares es, ofrece la <strong data-start=\"4858\" data-end=\"4878\">Vozol Star 20000<\/strong> Tambi\u00e9n una variedad de otras deliciosas combinaciones de sabores. Estas van desde refrescantes mezclas de menta y frutas hasta cl\u00e1sicos sabores de tabaco, que cubren toda la gama de sabores de vapeo. As\u00ed que cada vapeador, ya sea principiante o usuario experimentado, encuentra el sabor perfecto que se adapta a \u00e9l.<\/p>\n<h3 data-start=\"5197\" data-end=\"5265\">Por qu\u00e9 usted la <a href=\"https:\/\/alfakherwelt.de\/es\/categoria-de-producto\/request-failed-with-status-code-500\/\">Vozol Star 20000<\/a> Comprar cigarrillos electr\u00f3nicos desechables<\/h3>\n<p data-start=\"5267\" data-end=\"5459\">La <strong data-start=\"5271\" data-end=\"5315\">Vozol Star 20000 Z\u00fcge Einweg E Zigarette \n\nbecomes \n\nVozol Star 20000 Caladas Cigarrillo Electr\u00f3nico Desechable<\/strong> No es solo un dispositivo pr\u00e1ctico, sino tambi\u00e9n una inversi\u00f3n en calidad y sabor. Ofrece todo lo que un vapeador moderno necesita:<\/p>\n<ul data-start=\"5461\" data-end=\"5961\">\n<li data-start=\"5461\" data-end=\"5583\"><strong data-start=\"5463\" data-end=\"5501\">Durabilidad y potencia:<\/strong> M\u00e1s de 20.000 viajes, ideal para el uso diario sin compras de reemplazo constantes.<\/li>\n<li data-start=\"5584\" data-end=\"5724\"><strong data-start=\"5586\" data-end=\"5610\">Manejo sencillo:<\/strong> El sencillo cambio de modo y el manejo f\u00e1cil de usar hacen que vapear sea un placer sin esfuerzo.<\/li>\n<li data-start=\"5725\" data-end=\"5847\"><strong data-start=\"5727\" data-end=\"5766\">Excelentes combinaciones de sabores:<\/strong> Cada trago ofrece un sabor pleno y rico que deleita el paladar.<\/li>\n<li data-start=\"5848\" data-end=\"5961\"><strong data-start=\"5850\" data-end=\"5880\">Propiedades higi\u00e9nicas:<\/strong> El protector de boquilla y la pantalla HD garantizan un uso limpio y c\u00f3modo.<\/li>\n<\/ul>\n<p data-start=\"5963\" data-end=\"6296\">Compre las <strong data-start=\"5978\" data-end=\"5998\">Vozol Star 20000<\/strong> en nuestro sitio web <strong data-start=\"6019\" data-end=\"6038\">alfakherwelt.de<\/strong> y benef\u00edciese de una gran selecci\u00f3n de <strong data-start=\"6087\" data-end=\"6110\">Cigarrillos electr\u00f3nicos desechables<\/strong> a los mejores precios. Somos el mayor comerciante en l\u00ednea en <strong data-start=\"6168\" data-end=\"6183\">Alemania<\/strong> para <strong data-start=\"6188\" data-end=\"6208\">Vapes Desechables<\/strong> y le ofrecemos no solo una amplia selecci\u00f3n, sino tambi\u00e9n un excelente servicio al cliente.<\/p>\n<h3 data-start=\"6298\" data-end=\"6331\">Preguntas frecuentes (FAQ)<\/h3>\n<p data-start=\"6333\" data-end=\"6515\"><strong data-start=\"6333\" data-end=\"6383\">Cu\u00e1ntos golpes ofrece el Vozol Star 20000<\/strong><br data-start=\"6383\" data-end=\"6386\" \/>La <strong data-start=\"6390\" data-end=\"6410\">Vozol Star 20000<\/strong> ofrece m\u00e1s de 20.000 bocanegrabitas, lo que la convierte en una de las cigarrillos electr\u00f3nicos desechables m\u00e1s duraderos del mercado.<\/p>\n<p data-start=\"6517\" data-end=\"6677\"><strong data-start=\"6517\" data-end=\"6562\">2. \u00bfC\u00f3mo cargo el Vozol Star 20000?<\/strong><br data-start=\"6562\" data-end=\"6565\" \/>La <strong data-start=\"6569\" data-end=\"6589\">Vozol Star 20000<\/strong> Cuenta con una funci\u00f3n de carga r\u00e1pida y se carga completamente en solo 30 minutos.<\/p>\n<p data-start=\"6679\" data-end=\"6887\"><strong data-start=\"6679\" data-end=\"6737\">3. \u00bfTiene el Vozol Star 20000 un alto contenido de nicotina?<\/strong><br data-start=\"6737\" data-end=\"6740\" \/>S\u00ed, la <strong data-start=\"6748\" data-end=\"6768\">Vozol Star 20000<\/strong> Tiene un contenido de nicotina del 5% (50mg), lo que la convierte en una excelente opci\u00f3n para los consumidores regulares de nicotina.<\/p>\n<p data-start=\"6889\" data-end=\"7064\"><strong data-start=\"6889\" data-end=\"6939\">\u00bfCu\u00e1les sabores est\u00e1n disponibles?<\/strong><br data-start=\"6939\" data-end=\"6942\" \/>Al lado <strong data-start=\"6948\" data-end=\"6968\">Fresa Mango<\/strong> Existe una variedad de otros sabores que puede encontrar en nuestro sitio web.<\/p>\n<p data-start=\"7066\" data-end=\"7228\"><strong data-start=\"7066\" data-end=\"7120\">Es ist die Vozol Star 20000 f\u00fcr Anf\u00e4nger geeignet.<\/strong><br data-start=\"7120\" data-end=\"7123\" \/>S\u00ed, la <strong data-start=\"7131\" data-end=\"7151\">Vozol Star 20000<\/strong> Es f\u00e1cil de usar y es ideal para principiantes en el vapeo.<\/p>\n<p data-start=\"7230\" data-end=\"7357\" data-is-last-node=\"\" data-is-only-node=\"\">Siga adelante y compre sus <strong data-start=\"7282\" data-end=\"7326\">Vozol Star 20000 Z\u00fcge Einweg E Zigarette \n\nbecomes \n\nVozol Star 20000 Caladas Cigarrillo Electr\u00f3nico Desechable<\/strong> ahora en<a href=\"https:\/\/alfakherwelt.de\/es\/\"> <strong data-start=\"7337\" data-end=\"7356\">alfakherwelt.de<\/strong><\/a>!<\/p>","protected":false},"excerpt":{"rendered":"<div class=\"flex-shrink-0 flex flex-col relative items-end\">\n<div class=\"pt-0\">\n<div class=\"gizmo-shadow-stroke flex h-8 w-8 items-center justify-center overflow-hidden rounded-full\">\n<div class=\"h-full w-full\">\n<div class=\"flex-shrink-0 flex flex-col relative items-end\">\n<div class=\"pt-0\">\n<div class=\"gizmo-shadow-stroke flex h-8 w-8 items-center justify-center overflow-hidden rounded-full\">\n<div class=\"h-full w-full\">\n<div class=\"gizmo-shadow-stroke overflow-hidden rounded-full\">\n<div class=\"flex-1 overflow-hidden\">\n<div class=\"h-full\">\n<div class=\"react-scroll-to-bottom--css-nphjn-79elbk h-full\">\n<div class=\"react-scroll-to-bottom--css-nphjn-1n7m0yu\">\n<div class=\"flex flex-col text-sm md:pb-9\">\n<article class=\"w-full scroll-mb-[var(--thread-trailing-height,150px)] text-token-text-primary focus-visible:outline-2 focus-visible:outline-offset-[-4px]\" dir=\"auto\" data-testid=\"conversation-turn-5\" data-scroll-anchor=\"true\">\n<div class=\"m-auto text-base py-[18px] px-3 md:px-4 w-full md:px-5 lg:px-4 xl:px-5\">\n<div class=\"mx-auto flex flex-1 gap-4 text-base md:gap-5 lg:gap-6 md:max-w-3xl lg:max-w-[40rem] xl:max-w-[48rem]\">\n<div class=\"group\/conversation-turn relative flex w-full min-w-0 flex-col agent-turn\">\n<div class=\"flex-col gap-1 md:gap-3\">\n<div class=\"flex max-w-full flex-col flex-grow\">\n<div class=\"min-h-8 text-message flex w-full flex-col items-end gap-2 whitespace-normal break-words [.text-message+&amp;]:mt-5\" dir=\"auto\" data-message-author-role=\"assistant\" data-message-id=\"1982dcee-f0f5-4cfa-a269-fdbaed43d922\" data-message-model-slug=\"gpt-4o\">\n<div class=\"flex w-full flex-col gap-1 empty:hidden first:pt-[3px]\">\n<div class=\"markdown prose w-full break-words dark:prose-invert light\">\n<div class=\"flex-1 overflow-hidden\">\n<div class=\"h-full\">\n<div class=\"react-scroll-to-bottom--css-xrsce-79elbk h-full\">\n<div class=\"react-scroll-to-bottom--css-xrsce-1n7m0yu\">\n<div class=\"flex flex-col text-sm md:pb-9\">\n<article class=\"w-full scroll-mb-[var(--thread-trailing-height,150px)] text-token-text-primary focus-visible:outline-2 focus-visible:outline-offset-[-4px]\" dir=\"auto\" data-testid=\"conversation-turn-5\" data-scroll-anchor=\"true\">\n<div class=\"m-auto text-base py-[18px] px-3 md:px-4 w-full md:px-5 lg:px-4 xl:px-5\">\n<div class=\"mx-auto flex flex-1 gap-4 text-base md:gap-5 lg:gap-6 md:max-w-3xl lg:max-w-[40rem] xl:max-w-[48rem]\">\n<div class=\"group\/conversation-turn relative flex w-full min-w-0 flex-col agent-turn\">\n<div class=\"flex-col gap-1 md:gap-3\">\n<div class=\"flex max-w-full flex-col flex-grow\">\n<div class=\"min-h-8 text-message flex w-full flex-col items-end gap-2 whitespace-normal break-words [.text-message+&amp;]:mt-5\" dir=\"auto\" data-message-author-role=\"assistant\" data-message-id=\"1a0c8d71-a6be-4cc9-b460-deb3e7ecbf47\" data-message-model-slug=\"gpt-4o\">\n<div class=\"flex w-full flex-col gap-1 empty:hidden first:pt-[3px]\">\n<div class=\"markdown prose w-full break-words dark:prose-invert light\">\n<div class=\"flex-1 overflow-hidden\">\n<div class=\"h-full\">\n<div class=\"react-scroll-to-bottom--css-gqbzc-79elbk h-full\">\n<div class=\"react-scroll-to-bottom--css-gqbzc-1n7m0yu\">\n<div class=\"flex flex-col text-sm md:pb-9\">\n<article class=\"w-full scroll-mb-[var(--thread-trailing-height,150px)] text-token-text-primary focus-visible:outline-2 focus-visible:outline-offset-[-4px]\" dir=\"auto\" data-testid=\"conversation-turn-5\" data-scroll-anchor=\"true\">\n<div class=\"m-auto text-base py-[18px] px-3 md:px-4 w-full md:px-5 lg:px-4 xl:px-5\">\n<div class=\"mx-auto flex flex-1 gap-4 text-base md:gap-5 lg:gap-6 md:max-w-3xl lg:max-w-[40rem] xl:max-w-[48rem]\">\n<div class=\"group\/conversation-turn relative flex w-full min-w-0 flex-col agent-turn\">\n<div class=\"flex-col gap-1 md:gap-3\">\n<div class=\"flex max-w-full flex-col flex-grow\">\n<div class=\"min-h-8 text-message flex w-full flex-col items-end gap-2 whitespace-normal break-words [.text-message+&amp;]:mt-5\" dir=\"auto\" data-message-author-role=\"assistant\" data-message-id=\"ca066132-0777-4603-995e-a689971b3380\" data-message-model-slug=\"gpt-4o\">\n<div class=\"flex w-full flex-col gap-1 empty:hidden first:pt-[3px]\">\n<div class=\"markdown prose w-full break-words dark:prose-invert light\">\n<div class=\"flex-1 overflow-hidden @container\/thread\">\n<div class=\"h-full\">\n<div class=\"react-scroll-to-bottom--css-rkqgb-79elbk h-full\">\n<div class=\"react-scroll-to-bottom--css-rkqgb-1n7m0yu\">\n<div class=\"flex flex-col text-sm md:pb-9\">\n<article class=\"w-full scroll-mb-[var(--thread-trailing-height,150px)] text-token-text-primary focus-visible:outline-2 focus-visible:outline-offset-[-4px]\" dir=\"auto\" data-testid=\"conversation-turn-9\" data-scroll-anchor=\"true\">\n<div class=\"m-auto text-base py-[18px] px-3 md:px-4 w-full md:px-5 lg:px-4 xl:px-5\">\n<div class=\"mx-auto flex flex-1 gap-4 text-base md:gap-5 lg:gap-6 md:max-w-3xl lg:max-w-[40rem] xl:max-w-[48rem]\">\n<div class=\"group\/conversation-turn relative flex w-full min-w-0 flex-col agent-turn\">\n<div class=\"flex-col gap-1 md:gap-3\">\n<div class=\"flex max-w-full flex-col flex-grow\">\n<div class=\"min-h-8 text-message flex w-full flex-col items-end gap-2 whitespace-normal break-words text-start [.text-message+&amp;]:mt-5\" dir=\"auto\" data-message-author-role=\"assistant\" data-message-id=\"87137e43-9a3e-4479-90ac-22c23781ee39\" data-message-model-slug=\"gpt-4o\">\n<div class=\"flex w-full flex-col gap-1 empty:hidden first:pt-[3px]\">\n<div class=\"markdown prose w-full break-words dark:prose-invert light\">\n<div class=\"flex-1 overflow-hidden @container\/thread\">\n<div class=\"h-full\">\n<div class=\"react-scroll-to-bottom--css-cgxka-79elbk h-full\">\n<div class=\"react-scroll-to-bottom--css-cgxka-1n7m0yu\">\n<div class=\"flex flex-col text-sm md:pb-9\">\n<article class=\"w-full scroll-mb-[var(--thread-trailing-height,150px)] text-token-text-primary focus-visible:outline-2 focus-visible:outline-offset-[-4px]\" dir=\"auto\" data-testid=\"conversation-turn-5\" data-scroll-anchor=\"true\">\n<div class=\"m-auto text-base py-[18px] px-3 md:px-4 w-full md:px-5 lg:px-4 xl:px-5\">\n<div class=\"mx-auto flex flex-1 gap-4 text-base md:gap-5 lg:gap-6 md:max-w-3xl lg:max-w-[40rem] xl:max-w-[48rem]\">\n<div class=\"group\/conversation-turn relative flex w-full min-w-0 flex-col agent-turn\">\n<div class=\"flex-col gap-1 md:gap-3\">\n<div class=\"flex max-w-full flex-col flex-grow\">\n<div class=\"min-h-8 text-message flex w-full flex-col items-end gap-2 whitespace-normal break-words text-start [.text-message+&amp;]:mt-5\" dir=\"auto\" data-message-author-role=\"assistant\" data-message-id=\"e1e13d20-b396-4dc4-abdf-40facc05c4de\" data-message-model-slug=\"gpt-4o\">\n<div class=\"flex w-full flex-col gap-1 empty:hidden first:pt-[3px]\">\n<div class=\"markdown prose w-full break-words dark:prose-invert light\">\n<article class=\"w-full text-token-text-primary focus-visible:outline-2 focus-visible:outline-offset-[-4px]\" dir=\"auto\" data-testid=\"conversation-turn-5\" data-scroll-anchor=\"true\">\n<div class=\"m-auto text-base py-[18px] px-6\">\n<div class=\"mx-auto flex flex-1 text-base gap-4 md:gap-5 lg:gap-6 md:max-w-3xl lg:max-w-[40rem] xl:max-w-[48rem]\">\n<div class=\"group\/conversation-turn relative flex w-full min-w-0 flex-col agent-turn @xs\/thread:px-0 @sm\/thread:px-1.5 @md\/thread:px-4\">\n<div class=\"flex-col gap-1 md:gap-3\">\n<div class=\"flex max-w-full flex-col flex-grow\">\n<div class=\"min-h-8 text-message relative flex w-full flex-col items-end gap-2 whitespace-normal break-words text-start [.text-message+&amp;]:mt-5\" dir=\"auto\" data-message-author-role=\"assistant\" data-message-id=\"51763e35-51b7-4975-b502-ef0fa0dda04b\" data-message-model-slug=\"gpt-4o\">\n<div class=\"flex w-full flex-col gap-1 empty:hidden first:pt-[3px]\">\n<div class=\"markdown prose w-full break-words dark:prose-invert light\">\n<p data-start=\"0\" data-end=\"355\" data-is-last-node=\"\" data-is-only-node=\"\">La <strong data-start=\"4\" data-end=\"48\">Vozol Star 20000 Z\u00fcge Einweg E Zigarette \n\nbecomes \n\nVozol Star 20000 Caladas Cigarrillo Electr\u00f3nico Desechable<\/strong> Ofrece, con su dise\u00f1o elegante, m\u00e1s de 20.000 bocanadas, una potente fuerza de nicotina 5% y funciones innovadoras como una pantalla HD, bobinas de malla dual y dos modos de vapor, una experiencia de vapeo duradera, sabrosa y f\u00e1cil de usar tanto para principiantes como para vapeadores experimentados.<\/p>\n<\/div>\n<\/div>\n<\/div>\n<\/div>\n<\/div>\n<\/div>\n<\/div>\n<\/div>\n<\/article>\n<\/div>\n<\/div>\n<\/div>\n<\/div>\n<\/div>\n<\/div>\n<\/div>\n<\/div>\n<\/article>\n<\/div>\n<\/div>\n<\/div>\n<\/div>\n<\/div>\n<\/div>\n<\/div>\n<\/div>\n<\/div>\n<\/div>\n<\/div>\n<\/div>\n<\/div>\n<\/article>\n<\/div>\n<\/div>\n<\/div>\n<\/div>\n<\/div>\n<\/div>\n<\/div>\n<\/div>\n<\/div>\n<\/div>\n<\/div>\n<\/div>\n<\/div>\n<\/article>\n<\/div>\n<\/div>\n<\/div>\n<\/div>\n<\/div>\n<\/div>\n<\/div>\n<\/div>\n<\/div>\n<\/div>\n<\/div>\n<\/div>\n<\/div>\n<\/article>\n<\/div>\n<\/div>\n<\/div>\n<\/div>\n<\/div>\n<\/div>\n<\/div>\n<\/div>\n<\/div>\n<div class=\"pr-2 lg:pr-0\"><\/div>\n<div class=\"mt-3 w-full empty:hidden\">\n<div class=\"text-center\"><\/div>\n<\/div>\n<\/div>\n<div class=\"absolute\">\n<div class=\"flex items-center justify-center\"><\/div>\n<\/div>\n<\/div>\n<\/div>\n<\/div>\n<\/article>\n<\/div>\n<\/div>\n<\/div>\n<\/div>\n<\/div>\n<div class=\"md:pt-0 dark:border-white\/20 md:border-transparent md:dark:border-transparent w-full\">\n<div>\n<div class=\"m-auto text-base px-3 md:px-4 w-full md:px-5 lg:px-4 xl:px-5\">\n<div class=\"mx-auto flex flex-1 gap-4 text-base md:gap-5 lg:gap-6 md:max-w-3xl lg:max-w-[40rem] xl:max-w-[48rem]\">\n<div class=\"flex justify-center\"><\/div>\n<\/div>\n<\/div>\n<\/div>\n<\/div>\n<\/div>\n<\/div>\n<\/div>\n<\/div>\n<\/div>\n<\/div>\n<\/div>\n<\/div>\n<\/div>","protected":false},"featured_media":2470,"comment_status":"open","ping_status":"closed","template":"","meta":[],"product_brand":[],"product_cat":[113],"product_tag":[],"class_list":{"0":"post-2469","1":"product","2":"type-product","3":"status-publish","4":"has-post-thumbnail","6":"product_cat-vozol-star-20000","8":"first","9":"instock","10":"sale","11":"shipping-taxable","12":"purchasable","13":"product-type-simple"},"jetpack_sharing_enabled":true,"_links":{"self":[{"href":"https:\/\/alfakherwelt.de\/es\/wp-json\/wp\/v2\/product\/2469","targetHints":{"allow":["GET"]}}],"collection":[{"href":"https:\/\/alfakherwelt.de\/es\/wp-json\/wp\/v2\/product"}],"about":[{"href":"https:\/\/alfakherwelt.de\/es\/wp-json\/wp\/v2\/types\/product"}],"replies":[{"embeddable":true,"href":"https:\/\/alfakherwelt.de\/es\/wp-json\/wp\/v2\/comments?post=2469"}],"wp:featuredmedia":[{"embeddable":true,"href":"https:\/\/alfakherwelt.de\/es\/wp-json\/wp\/v2\/media\/2470"}],"wp:attachment":[{"href":"https:\/\/alfakherwelt.de\/es\/wp-json\/wp\/v2\/media?parent=2469"}],"wp:term":[{"taxonomy":"product_brand","embeddable":true,"href":"https:\/\/alfakherwelt.de\/es\/wp-json\/wp\/v2\/product_brand?post=2469"},{"taxonomy":"product_cat","embeddable":true,"href":"https:\/\/alfakherwelt.de\/es\/wp-json\/wp\/v2\/product_cat?post=2469"},{"taxonomy":"product_tag","embeddable":true,"href":"https:\/\/alfakherwelt.de\/es\/wp-json\/wp\/v2\/product_tag?post=2469"}],"curies":[{"name":"wp","href":"https:\/\/api.w.org\/{rel}","templated":true}]}}