{"id":2465,"date":"2025-02-25T03:01:32","date_gmt":"2025-02-25T03:01:32","guid":{"rendered":"https:\/\/alfakherwelt.de\/?post_type=product&#038;p=2465"},"modified":"2025-04-08T08:17:06","modified_gmt":"2025-04-08T08:17:06","slug":"al-fakher-crown-bar-8000-inhalaciones-cigarrillo-electronico-desechable-maracuya-dulce-221","status":"publish","type":"product","link":"https:\/\/alfakherwelt.de\/es\/producto\/al-fakher-crown-bar-8000-inhalaciones-cigarrillo-electronico-desechable-maracuya-dulce-221\/","title":{"rendered":"Vozol Star 20000 Z\u00fcge Einweg E Zigarette \u2013 FRAMBUESA SAND\u00cdA"},"content":{"rendered":"<div style=\"width: 360px;\" class=\"wp-video\"><video class=\"wp-video-shortcode\" id=\"video-2465-1\" width=\"360\" height=\"640\" preload=\"metadata\" controls=\"controls\"><source type=\"video\/mp4\" src=\"https:\/\/alfakherwelt.de\/wp-content\/uploads\/2025\/02\/vozol-star-20000.mp4?_=1\" \/><a href=\"https:\/\/alfakherwelt.de\/wp-content\/uploads\/2025\/02\/vozol-star-20000.mp4\">https:\/\/alfakherwelt.de\/wp-content\/uploads\/2025\/02\/vozol-star-20000.mp4<\/a><\/video><\/div>\n<h2 data-start=\"477\" data-end=\"566\"><a href=\"https:\/\/alfakherwelt.de\/es\/categoria-de-producto\/request-failed-with-status-code-500\/\">Vozol STAR 20000 Z\u00fcge \n\n(No translation needed for product names and model numbers)<\/a> Cigarrillo electr\u00f3nico desechable: La elecci\u00f3n definitiva para vapeadores exigentes<\/h2>\n<p data-start=\"568\" data-end=\"1082\">La <strong data-start=\"572\" data-end=\"616\">Vozol STAR 20000 Z\u00fcge Einweg E Zigarette \n\nbecomes \n\nVozol STAR 20000 Caladas Cigarrillo Electr\u00f3nico Desechable<\/strong> es la elecci\u00f3n perfecta para todos aquellos que buscan una experiencia de vapeo de alta calidad, potente y f\u00e1cil de usar. Combina tecnolog\u00eda avanzada, dise\u00f1o elegante y una duraci\u00f3n de uso excepcionalmente larga, para deleitar tanto a principiantes como a vapeadores experimentados. Con un impresionante <strong data-start=\"929\" data-end=\"970\">Duraci\u00f3n de vida de m\u00e1s de 20.000 viajes<\/strong>, ofrece este cigarrillo electr\u00f3nico desechable todo lo que necesita para una experiencia de vapeo placentera y sin preocupaciones.<\/p>\n<h3 data-start=\"1084\" data-end=\"1142\">La tecnolog\u00eda innovadora detr\u00e1s de la<a href=\"https:\/\/alfakherwelt.de\/es\/categoria-de-producto\/request-failed-with-status-code-500\/\"> Vozol STAR 20000<\/a><\/h3>\n<p data-start=\"1144\" data-end=\"1435\">La <strong data-start=\"1148\" data-end=\"1168\">Vozol STAR 20000<\/strong> se distingue por su <strong data-start=\"1190\" data-end=\"1232\">Tecnolog\u00eda avanzada de bobina de malla<\/strong> que garantiza un sabor especialmente intenso y un vapor denso. Este vape no es solo un dispositivo desechable ordinario, sino tambi\u00e9n una obra maestra en t\u00e9rminos de tecnolog\u00eda y facilidad de uso.<\/p>\n<h4 data-start=\"1437\" data-end=\"1456\">Pantalla HD-LED<\/h4>\n<p data-start=\"1458\" data-end=\"1888\">Un rasgo sobresaliente de la Vozol STAR 20000 es el <strong data-start=\"1514\" data-end=\"1533\">2,2\u2033 pantalla HD<\/strong>, que siempre le proporciona informaci\u00f3n importante sobre el nivel de bater\u00eda y el nivel de l\u00edquido. De esta manera, siempre tiene una visi\u00f3n general y evita sorpresas desagradables, como el dispositivo vac\u00edo repentinamente o el l\u00edquido que se escapa. Con una breve mirada a la pantalla, sabr\u00e1 exactamente cu\u00e1ndo es hora de recargar o reemplazar el vape.<\/p>\n<h4 data-start=\"1890\" data-end=\"1933\">Bobinas de malla dual para un placer intenso<\/h4>\n<p data-start=\"1935\" data-end=\"2324\">Gracias a la <strong data-start=\"1944\" data-end=\"1968\">bobinas de malla dobles<\/strong> La Vozol STAR 20000 ofrece una experiencia de sabor y producci\u00f3n de vapor incre\u00edblemente intensa. La tecnolog\u00eda de malla garantiza que el l\u00edquido se evapore de manera uniforme, lo que garantiza una experiencia de vapeo constante y de alta calidad. Ya sea que prefiera sabores suaves o elija nubes de vapor densas y potentes, la Vozol STAR 20000 puede ofrecer ambas.<\/p>\n<h4 data-start=\"2326\" data-end=\"2361\">Dos modos de vapor: Eco y Power<\/h4>\n<p data-start=\"2363\" data-end=\"2854\">Otra caracter\u00edstica innovadora de este cigarrillo electr\u00f3nico desechable es la posibilidad de cambiar entre <strong data-start=\"2452\" data-end=\"2485\">dos modos de vapor diferentes<\/strong> cambiar. El <strong data-start=\"2503\" data-end=\"2516\">Modo Eco<\/strong> se adapta perfectamente a un vaporizador econ\u00f3mico que proporciona una producci\u00f3n de vapor ligera y al mismo tiempo prolonga la vida \u00fatil de la bater\u00eda. El <strong data-start=\"2659\" data-end=\"2674\">Modo de potencia<\/strong> Por otro lado, es ideal para aquellos que desean disfrutar de nubes de vapor potentes y un sabor intenso. El cambio entre modos se realiza de manera sencilla con solo un clic.<\/p>\n<h4 data-start=\"2856\" data-end=\"2896\">Carga r\u00e1pida y larga vida \u00fatil<\/h4>\n<p data-start=\"2898\" data-end=\"3285\">Un caracter\u00edstica destacada de la Vozol STAR 20000 es la <strong data-start=\"2954\" data-end=\"2975\">Tiempo de carga r\u00e1pido<\/strong>En solo 30 minutos su dispositivo estar\u00e1 completamente cargado, lo que le permitir\u00e1 pasar menos tiempo esperando y m\u00e1s tiempo disfrutando de vapear. Con una <strong data-start=\"3132\" data-end=\"3173\">Esperanza de vida de m\u00e1s de 20.000 tiradas<\/strong> no tienen que preocuparse constantemente por reemplazar el vape, lo que hace que el dispositivo sea especialmente rentable.<\/p>\n<p data-start=\"4446\" data-end=\"4756\"><img loading=\"lazy\" decoding=\"async\" class=\"alignnone wp-image-2419 size-full\" src=\"https:\/\/alfakherwelt.de\/wp-content\/uploads\/2025\/02\/vozol-star-20000.webp\" alt=\"Vozol Star 20000 Z\u00fcge Einweg E Zigarette - FRAMBUESA SAND\u00cdA\" width=\"1131\" height=\"1600\" title=\"\" srcset=\"https:\/\/alfakherwelt.de\/wp-content\/uploads\/2025\/02\/vozol-star-20000.webp 1131w, https:\/\/alfakherwelt.de\/wp-content\/uploads\/2025\/02\/vozol-star-20000-212x300.webp 212w, https:\/\/alfakherwelt.de\/wp-content\/uploads\/2025\/02\/vozol-star-20000-724x1024.webp 724w, https:\/\/alfakherwelt.de\/wp-content\/uploads\/2025\/02\/vozol-star-20000-768x1086.webp 768w, https:\/\/alfakherwelt.de\/wp-content\/uploads\/2025\/02\/vozol-star-20000-1086x1536.webp 1086w, https:\/\/alfakherwelt.de\/wp-content\/uploads\/2025\/02\/vozol-star-20000-8x12.webp 8w, https:\/\/alfakherwelt.de\/wp-content\/uploads\/2025\/02\/vozol-star-20000-600x849.webp 600w\" sizes=\"auto, (max-width: 1131px) 100vw, 1131px\" \/><\/p>\n<h3>Por qu\u00e9 usted la <a href=\"https:\/\/alfakherwelt.de\/es\/categoria-de-producto\/request-failed-with-status-code-500\/\">Vozol STAR 20000<\/a> Debes elegir un cigarrillo electr\u00f3nico desechable<\/h3>\n<p data-start=\"3357\" data-end=\"3756\">La Vozol STAR 20000 cigarrillo electr\u00f3nico desechable es el compa\u00f1ero ideal para todos aquellos que buscan un cigarrillo electr\u00f3nico f\u00e1cil de usar y potente. Ya seas un principiante o un vapeador experimentado, este cigarrillo electr\u00f3nico te ofrece todo lo que necesitas: desde un dise\u00f1o intuitivo hasta tecnolog\u00eda de primera clase, una larga vida \u00fatil y diversas posibilidades de vapeo.<\/p>\n<h4 data-start=\"3758\" data-end=\"3803\">Alta concentraci\u00f3n de nicotina para un disfrute intenso<\/h4>\n<p data-start=\"3805\" data-end=\"4067\">La <strong data-start=\"3809\" data-end=\"3822\">5% (50mg)<\/strong> La fuerza de la nicotina garantiza que experimentes cada sesi\u00f3n con un suministro satisfactorio de nicotina. Especialmente para aquellos que cambian de los cigarrillos convencionales, este contenido de nicotina ofrece una soluci\u00f3n ideal para facilitar la transici\u00f3n al vapeo.<\/p>\n<h4 data-start=\"4069\" data-end=\"4102\">Protecci\u00f3n higi\u00e9nica para boquilla<\/h4>\n<p data-start=\"4104\" data-end=\"4426\">La Vozol STAR 20000 ofrece un <strong data-start=\"4138\" data-end=\"4157\">Protector de boquilla<\/strong>, que garantiza que la boquilla permanezca siempre limpia y protegida contra el polvo y otras impurezas. Esta caracter\u00edstica higi\u00e9nica contribuye a la longevidad del dispositivo y garantiza que disfrutes de una experiencia de vapeo limpia y agradable cada vez.<\/p>\n<h4 data-start=\"4428\" data-end=\"4468\">Perfecto para dejar de fumar<\/h4>\n<p data-start=\"4470\" data-end=\"4770\">La <strong data-start=\"4474\" data-end=\"4516\">Tecnolog\u00eda de vapeo MTL (de boca a pulm\u00f3n)<\/strong> garantiza que vapear con la Vozol STAR 20000 se acerque mucho al tradicional tabaquismo. Esta tecnolog\u00eda es especialmente adecuada para fumadores que desean cambiar a un cigarrillo electr\u00f3nico, ya que ofrece la sensaci\u00f3n de fumar un cigarrillo cl\u00e1sico.<\/p>\n<h4 data-start=\"4772\" data-end=\"4795\">Ideal para principiantes<\/h4>\n<p data-start=\"4797\" data-end=\"5141\">Gracias a la operaci\u00f3n f\u00e1cil de usar y la funci\u00f3n lista para usar inmediatamente, la <strong data-start=\"4885\" data-end=\"4924\">Vozol STAR 20000 cigarrillo electr\u00f3nico desechable<\/strong> Perfecto para principiantes que est\u00e1n empezando a vapear. No tienen que realizar ajustes complicados ni ocuparse de una multitud de opciones - simplemente desempaquetar, vapear y disfrutar.<\/p>\n<hr data-start=\"5143\" data-end=\"5146\" \/>\n<h3 data-start=\"5148\" data-end=\"5210\">las diferentes variedades de sabor de las<a href=\"https:\/\/alfakherwelt.de\/es\/categoria-de-producto\/request-failed-with-status-code-500\/\"> Vozol STAR 20000<\/a><\/h3>\n<p data-start=\"5212\" data-end=\"5580\">La <strong data-start=\"5216\" data-end=\"5255\">Vozol STAR 20000 cigarrillo electr\u00f3nico desechable<\/strong> est\u00e1 disponible en una variedad de sabores atractivos que deleitar\u00e1n a cualquier vapeador. Especialmente digno de destacar es el <strong data-start=\"5397\" data-end=\"5421\">Raspberry Watermelon \n(Mantener el texto tal cual, no requiere traducci\u00f3n) \n -&gt; Frambuesa Sand\u00eda<\/strong>Un sabor que combina notas frescas y afrutadas de frambuesas maduras y sand\u00eda jugosa para ofrecer una experiencia de vapeo inolvidable.<\/p>\n<p>Raspberry Watermelon: Un placer afrutado para cada d\u00eda<\/p>\n<p data-start=\"5645\" data-end=\"6121\">La <strong data-start=\"5649\" data-end=\"5673\">Raspberry Watermelon \n(Mantener el texto tal cual, no requiere traducci\u00f3n) \n -&gt; Frambuesa Sand\u00eda<\/strong>El sabor es una combinaci\u00f3n armoniosa de la dulzura y frescura de maduro <strong data-start=\"5762\" data-end=\"5775\">Frambuesas<\/strong> y el jugoso, refrescante <strong data-start=\"5808\" data-end=\"5824\">sand\u00eda<\/strong>Esta mezcla ofrece un sabor delicioso y afrutado, que es a la vez dulce y refrescante, lo que la hace perfecta para el consumo diario. Las frambuesas aportan una ligera acidez al sabor, mientras que la sand\u00eda proporciona un dulzor natural que redondea el sabor.<\/p>\n<p data-start=\"6123\" data-end=\"6512\">Este sabor es ideal para vapeadores que buscan una experiencia afrutada y refrescante. El sabor no es abrumador, sino agradable y equilibrado, lo que te permite disfrutarlo durante mucho tiempo sin que se vuelva demasiado intenso. La combinaci\u00f3n de frambuesa y sand\u00eda recuerda un d\u00eda caluroso de verano y proporciona una experiencia de vapeo revitalizante.<\/p>\n<p data-start=\"6514\" data-end=\"6556\"><strong data-start=\"6514\" data-end=\"6555\">Perfil de aroma de frambuesa y sand\u00eda<\/strong>:<\/p>\n<ul data-start=\"6557\" data-end=\"6796\">\n<li data-start=\"6557\" data-end=\"6624\"><strong data-start=\"6559\" data-end=\"6579\">Frambuesas frescas<\/strong>: Ligera acidez y sabor dulce y afrutado.<\/li>\n<li data-start=\"6625\" data-end=\"6709\"><strong data-start=\"6627\" data-end=\"6651\">sand\u00eda jugosa<\/strong>: Dulce y refrescante, con una ligereza natural.<\/li>\n<li data-start=\"6710\" data-end=\"6796\"><strong data-start=\"6712\" data-end=\"6736\">Mezcla arm\u00f3nica<\/strong>Perfectamente equilibrado, sin que ninguno de los sabores domine.<\/li>\n<\/ul>\n<p data-start=\"6798\" data-end=\"7125\">Si est\u00e1s buscando una experiencia de vapeo fresca, afrutada y a la vez dulce, es la <strong data-start=\"6893\" data-end=\"6917\">Raspberry Watermelon \n(Mantener el texto tal cual, no requiere traducci\u00f3n) \n -&gt; Frambuesa Sand\u00eda<\/strong>El sabor de Vozol STAR 20000 cigarrillo electr\u00f3nico desechable es justo lo que necesita. Este sabor le encantar\u00e1 tanto por su frescura como por su armon\u00eda entre dulzura y acidez.<\/p>\n<hr data-start=\"7127\" data-end=\"7130\" \/>\n<h3 data-start=\"7132\" data-end=\"7220\">Por qu\u00e9 su <a href=\"https:\/\/alfakherwelt.de\/es\/categoria-de-producto\/request-failed-with-status-code-500\/\">Vozol STAR 20000<\/a> Deber\u00edan comprar cigarrillos electr\u00f3nicos desechables en alfakherwelt.de<\/h3>\n<p data-start=\"7222\" data-end=\"7635\">En <strong data-start=\"7226\" data-end=\"7245\">alfakherwelt.de<\/strong>, la mayor plataforma para la venta de cigarrillos electr\u00f3nicos desechables en Alemania, no solo encontrar\u00e1 <strong data-start=\"7350\" data-end=\"7370\">Vozol STAR 20000<\/strong> en diferentes sabores, sino tambi\u00e9n una amplia selecci\u00f3n de otros productos de alta calidad <strong data-start=\"7467\" data-end=\"7490\">Cigarrillos electr\u00f3nicos desechables<\/strong> con nicotina. Nuestra plataforma le ofrece una <strong data-start=\"7539\" data-end=\"7562\">amigable para el usuario<\/strong> Experiencia de compra, entrega r\u00e1pida y <strong data-start=\"7605\" data-end=\"7634\">excelente servicio al cliente<\/strong>.<\/p>\n<p data-start=\"7637\" data-end=\"7940\">Con nuestro enfoque en la <strong data-start=\"7663\" data-end=\"7699\">uso seguro de cigarrillos electr\u00f3nicos<\/strong> y una amplia selecci\u00f3n de <strong data-start=\"7729\" data-end=\"7754\">Productos con nicotina<\/strong>, nos aseguramos de que siempre encuentre exactamente lo que necesita. Conf\u00ede en<a href=\"https:\/\/alfakherwelt.de\/es\/\"> <strong data-start=\"7846\" data-end=\"7865\">alfakherwelt.de<\/strong><\/a> y experimente lo f\u00e1cil que es disfrutar de sus favoritas <strong data-start=\"7920\" data-end=\"7939\">Comprar vaporizadores<\/strong>.<\/p>","protected":false},"excerpt":{"rendered":"<div class=\"flex-shrink-0 flex flex-col relative items-end\">\n<div class=\"pt-0\">\n<div class=\"gizmo-shadow-stroke flex h-8 w-8 items-center justify-center overflow-hidden rounded-full\">\n<div class=\"h-full w-full\">\n<div class=\"flex-shrink-0 flex flex-col relative items-end\">\n<div class=\"pt-0\">\n<div class=\"gizmo-shadow-stroke flex h-8 w-8 items-center justify-center overflow-hidden rounded-full\">\n<div class=\"h-full w-full\">\n<div class=\"gizmo-shadow-stroke overflow-hidden rounded-full\">\n<div class=\"flex-1 overflow-hidden\">\n<div class=\"h-full\">\n<div class=\"react-scroll-to-bottom--css-nphjn-79elbk h-full\">\n<div class=\"react-scroll-to-bottom--css-nphjn-1n7m0yu\">\n<div class=\"flex flex-col text-sm md:pb-9\">\n<article class=\"w-full scroll-mb-[var(--thread-trailing-height,150px)] text-token-text-primary focus-visible:outline-2 focus-visible:outline-offset-[-4px]\" dir=\"auto\" data-testid=\"conversation-turn-5\" data-scroll-anchor=\"true\">\n<div class=\"m-auto text-base py-[18px] px-3 md:px-4 w-full md:px-5 lg:px-4 xl:px-5\">\n<div class=\"mx-auto flex flex-1 gap-4 text-base md:gap-5 lg:gap-6 md:max-w-3xl lg:max-w-[40rem] xl:max-w-[48rem]\">\n<div class=\"group\/conversation-turn relative flex w-full min-w-0 flex-col agent-turn\">\n<div class=\"flex-col gap-1 md:gap-3\">\n<div class=\"flex max-w-full flex-col flex-grow\">\n<div class=\"min-h-8 text-message flex w-full flex-col items-end gap-2 whitespace-normal break-words [.text-message+&amp;]:mt-5\" dir=\"auto\" data-message-author-role=\"assistant\" data-message-id=\"1982dcee-f0f5-4cfa-a269-fdbaed43d922\" data-message-model-slug=\"gpt-4o\">\n<div class=\"flex w-full flex-col gap-1 empty:hidden first:pt-[3px]\">\n<div class=\"markdown prose w-full break-words dark:prose-invert light\">\n<div class=\"flex-1 overflow-hidden\">\n<div class=\"h-full\">\n<div class=\"react-scroll-to-bottom--css-xrsce-79elbk h-full\">\n<div class=\"react-scroll-to-bottom--css-xrsce-1n7m0yu\">\n<div class=\"flex flex-col text-sm md:pb-9\">\n<article class=\"w-full scroll-mb-[var(--thread-trailing-height,150px)] text-token-text-primary focus-visible:outline-2 focus-visible:outline-offset-[-4px]\" dir=\"auto\" data-testid=\"conversation-turn-5\" data-scroll-anchor=\"true\">\n<div class=\"m-auto text-base py-[18px] px-3 md:px-4 w-full md:px-5 lg:px-4 xl:px-5\">\n<div class=\"mx-auto flex flex-1 gap-4 text-base md:gap-5 lg:gap-6 md:max-w-3xl lg:max-w-[40rem] xl:max-w-[48rem]\">\n<div class=\"group\/conversation-turn relative flex w-full min-w-0 flex-col agent-turn\">\n<div class=\"flex-col gap-1 md:gap-3\">\n<div class=\"flex max-w-full flex-col flex-grow\">\n<div class=\"min-h-8 text-message flex w-full flex-col items-end gap-2 whitespace-normal break-words [.text-message+&amp;]:mt-5\" dir=\"auto\" data-message-author-role=\"assistant\" data-message-id=\"1a0c8d71-a6be-4cc9-b460-deb3e7ecbf47\" data-message-model-slug=\"gpt-4o\">\n<div class=\"flex w-full flex-col gap-1 empty:hidden first:pt-[3px]\">\n<div class=\"markdown prose w-full break-words dark:prose-invert light\">\n<div class=\"flex-1 overflow-hidden\">\n<div class=\"h-full\">\n<div class=\"react-scroll-to-bottom--css-gqbzc-79elbk h-full\">\n<div class=\"react-scroll-to-bottom--css-gqbzc-1n7m0yu\">\n<div class=\"flex flex-col text-sm md:pb-9\">\n<article class=\"w-full scroll-mb-[var(--thread-trailing-height,150px)] text-token-text-primary focus-visible:outline-2 focus-visible:outline-offset-[-4px]\" dir=\"auto\" data-testid=\"conversation-turn-5\" data-scroll-anchor=\"true\">\n<div class=\"m-auto text-base py-[18px] px-3 md:px-4 w-full md:px-5 lg:px-4 xl:px-5\">\n<div class=\"mx-auto flex flex-1 gap-4 text-base md:gap-5 lg:gap-6 md:max-w-3xl lg:max-w-[40rem] xl:max-w-[48rem]\">\n<div class=\"group\/conversation-turn relative flex w-full min-w-0 flex-col agent-turn\">\n<div class=\"flex-col gap-1 md:gap-3\">\n<div class=\"flex max-w-full flex-col flex-grow\">\n<div class=\"min-h-8 text-message flex w-full flex-col items-end gap-2 whitespace-normal break-words [.text-message+&amp;]:mt-5\" dir=\"auto\" data-message-author-role=\"assistant\" data-message-id=\"ca066132-0777-4603-995e-a689971b3380\" data-message-model-slug=\"gpt-4o\">\n<div class=\"flex w-full flex-col gap-1 empty:hidden first:pt-[3px]\">\n<div class=\"markdown prose w-full break-words dark:prose-invert light\">\n<div class=\"flex-1 overflow-hidden @container\/thread\">\n<div class=\"h-full\">\n<div class=\"react-scroll-to-bottom--css-rkqgb-79elbk h-full\">\n<div class=\"react-scroll-to-bottom--css-rkqgb-1n7m0yu\">\n<div class=\"flex flex-col text-sm md:pb-9\">\n<article class=\"w-full scroll-mb-[var(--thread-trailing-height,150px)] text-token-text-primary focus-visible:outline-2 focus-visible:outline-offset-[-4px]\" dir=\"auto\" data-testid=\"conversation-turn-9\" data-scroll-anchor=\"true\">\n<div class=\"m-auto text-base py-[18px] px-3 md:px-4 w-full md:px-5 lg:px-4 xl:px-5\">\n<div class=\"mx-auto flex flex-1 gap-4 text-base md:gap-5 lg:gap-6 md:max-w-3xl lg:max-w-[40rem] xl:max-w-[48rem]\">\n<div class=\"group\/conversation-turn relative flex w-full min-w-0 flex-col agent-turn\">\n<div class=\"flex-col gap-1 md:gap-3\">\n<div class=\"flex max-w-full flex-col flex-grow\">\n<div class=\"min-h-8 text-message flex w-full flex-col items-end gap-2 whitespace-normal break-words text-start [.text-message+&amp;]:mt-5\" dir=\"auto\" data-message-author-role=\"assistant\" data-message-id=\"87137e43-9a3e-4479-90ac-22c23781ee39\" data-message-model-slug=\"gpt-4o\">\n<div class=\"flex w-full flex-col gap-1 empty:hidden first:pt-[3px]\">\n<div class=\"markdown prose w-full break-words dark:prose-invert light\">\n<div class=\"flex-1 overflow-hidden @container\/thread\">\n<div class=\"h-full\">\n<div class=\"react-scroll-to-bottom--css-cgxka-79elbk h-full\">\n<div class=\"react-scroll-to-bottom--css-cgxka-1n7m0yu\">\n<div class=\"flex flex-col text-sm md:pb-9\">\n<article class=\"w-full scroll-mb-[var(--thread-trailing-height,150px)] text-token-text-primary focus-visible:outline-2 focus-visible:outline-offset-[-4px]\" dir=\"auto\" data-testid=\"conversation-turn-5\" data-scroll-anchor=\"true\">\n<div class=\"m-auto text-base py-[18px] px-3 md:px-4 w-full md:px-5 lg:px-4 xl:px-5\">\n<div class=\"mx-auto flex flex-1 gap-4 text-base md:gap-5 lg:gap-6 md:max-w-3xl lg:max-w-[40rem] xl:max-w-[48rem]\">\n<div class=\"group\/conversation-turn relative flex w-full min-w-0 flex-col agent-turn\">\n<div class=\"flex-col gap-1 md:gap-3\">\n<div class=\"flex max-w-full flex-col flex-grow\">\n<div class=\"min-h-8 text-message flex w-full flex-col items-end gap-2 whitespace-normal break-words text-start [.text-message+&amp;]:mt-5\" dir=\"auto\" data-message-author-role=\"assistant\" data-message-id=\"e1e13d20-b396-4dc4-abdf-40facc05c4de\" data-message-model-slug=\"gpt-4o\">\n<div class=\"flex w-full flex-col gap-1 empty:hidden first:pt-[3px]\">\n<div class=\"markdown prose w-full break-words dark:prose-invert light\">\n<p>La <strong data-start=\"4\" data-end=\"48\">Vozol STAR 20000 Z\u00fcge Einweg E-Zigarette \n\nbecomes \n\nVozol STAR 20000 Caladas Cigarrillo Electr\u00f3nico Desechable<\/strong> ofrece una experiencia de vapeo duradera con m\u00e1s de <strong data-start=\"100\" data-end=\"116\">20.000 trenes<\/strong>de una avanzada <strong data-start=\"142\" data-end=\"167\">Tecnolog\u00eda de bobina de malla<\/strong>a uno <strong data-start=\"175\" data-end=\"193\">Pantalla HD-LED<\/strong> para mostrar el estado de la bater\u00eda y el nivel de l\u00edquido, <strong data-start=\"244\" data-end=\"263\">dos modos de vapor<\/strong> para disfrutar individualmente y uno <strong data-start=\"299\" data-end=\"340\">un tiempo de carga r\u00e1pido de s\u00f3lo 30 minutos<\/strong>Ideal para principiantes y vapeadores experimentados por igual.<\/p>\n<\/div>\n<\/div>\n<\/div>\n<\/div>\n<\/div>\n<\/div>\n<\/div>\n<\/div>\n<\/article>\n<\/div>\n<\/div>\n<\/div>\n<\/div>\n<\/div>\n<div class=\"md:pt-0 dark:border-white\/20 md:border-transparent md:dark:border-transparent w-full\">\n<div>\n<div class=\"m-auto text-base px-3 md:px-4 w-full md:px-5 lg:px-4 xl:px-5\">\n<div class=\"mx-auto flex flex-1 gap-4 text-base md:gap-5 lg:gap-6 md:max-w-3xl lg:max-w-[40rem] xl:max-w-[48rem]\">\n<div class=\"flex justify-center\"><\/div>\n<\/div>\n<\/div>\n<\/div>\n<\/div>\n<\/div>\n<\/div>\n<\/div>\n<\/div>\n<div class=\"pr-2 lg:pr-0\"><\/div>\n<\/div>\n<\/div>\n<\/div>\n<\/div>\n<\/article>\n<\/div>\n<\/div>\n<\/div>\n<\/div>\n<\/div>\n<\/div>\n<\/div>\n<\/div>\n<\/div>\n<\/div>\n<\/div>\n<\/div>\n<\/div>\n<\/article>\n<\/div>\n<\/div>\n<\/div>\n<\/div>\n<\/div>\n<\/div>\n<\/div>\n<\/div>\n<\/div>\n<\/div>\n<\/div>\n<\/div>\n<\/div>\n<\/article>\n<\/div>\n<\/div>\n<\/div>\n<\/div>\n<\/div>\n<\/div>\n<\/div>\n<\/div>\n<\/div>\n<div class=\"pr-2 lg:pr-0\"><\/div>\n<div class=\"mt-3 w-full empty:hidden\">\n<div class=\"text-center\"><\/div>\n<\/div>\n<\/div>\n<div class=\"absolute\">\n<div class=\"flex items-center justify-center\"><\/div>\n<\/div>\n<\/div>\n<\/div>\n<\/div>\n<\/article>\n<\/div>\n<\/div>\n<\/div>\n<\/div>\n<\/div>\n<div class=\"md:pt-0 dark:border-white\/20 md:border-transparent md:dark:border-transparent w-full\">\n<div>\n<div class=\"m-auto text-base px-3 md:px-4 w-full md:px-5 lg:px-4 xl:px-5\">\n<div class=\"mx-auto flex flex-1 gap-4 text-base md:gap-5 lg:gap-6 md:max-w-3xl lg:max-w-[40rem] xl:max-w-[48rem]\">\n<div class=\"flex justify-center\"><\/div>\n<\/div>\n<\/div>\n<\/div>\n<\/div>\n<\/div>\n<\/div>\n<\/div>\n<\/div>\n<\/div>\n<\/div>\n<\/div>\n<\/div>\n<\/div>","protected":false},"featured_media":2466,"comment_status":"open","ping_status":"closed","template":"","meta":[],"product_brand":[],"product_cat":[113],"product_tag":[],"class_list":{"0":"post-2465","1":"product","2":"type-product","3":"status-publish","4":"has-post-thumbnail","6":"product_cat-vozol-star-20000","8":"first","9":"instock","10":"sale","11":"shipping-taxable","12":"purchasable","13":"product-type-simple"},"jetpack_sharing_enabled":true,"_links":{"self":[{"href":"https:\/\/alfakherwelt.de\/es\/wp-json\/wp\/v2\/product\/2465","targetHints":{"allow":["GET"]}}],"collection":[{"href":"https:\/\/alfakherwelt.de\/es\/wp-json\/wp\/v2\/product"}],"about":[{"href":"https:\/\/alfakherwelt.de\/es\/wp-json\/wp\/v2\/types\/product"}],"replies":[{"embeddable":true,"href":"https:\/\/alfakherwelt.de\/es\/wp-json\/wp\/v2\/comments?post=2465"}],"wp:featuredmedia":[{"embeddable":true,"href":"https:\/\/alfakherwelt.de\/es\/wp-json\/wp\/v2\/media\/2466"}],"wp:attachment":[{"href":"https:\/\/alfakherwelt.de\/es\/wp-json\/wp\/v2\/media?parent=2465"}],"wp:term":[{"taxonomy":"product_brand","embeddable":true,"href":"https:\/\/alfakherwelt.de\/es\/wp-json\/wp\/v2\/product_brand?post=2465"},{"taxonomy":"product_cat","embeddable":true,"href":"https:\/\/alfakherwelt.de\/es\/wp-json\/wp\/v2\/product_cat?post=2465"},{"taxonomy":"product_tag","embeddable":true,"href":"https:\/\/alfakherwelt.de\/es\/wp-json\/wp\/v2\/product_tag?post=2465"}],"curies":[{"name":"wp","href":"https:\/\/api.w.org\/{rel}","templated":true}]}}