{"id":2463,"date":"2025-02-25T02:19:31","date_gmt":"2025-02-25T02:19:31","guid":{"rendered":"https:\/\/alfakherwelt.de\/?post_type=product&#038;p=2463"},"modified":"2025-04-08T08:17:17","modified_gmt":"2025-04-08T08:17:17","slug":"al-fakher-crown-bar-8000-inhalaciones-cigarrillo-electronico-desechable-maracuya-dulce-222","status":"publish","type":"product","link":"https:\/\/alfakherwelt.de\/es\/producto\/al-fakher-crown-bar-8000-inhalaciones-cigarrillo-electronico-desechable-maracuya-dulce-222\/","title":{"rendered":"Vozol Star 20000 Z\u00fcge Einweg E Zigarette \u2013 FRESAS KIWI"},"content":{"rendered":"<div style=\"width: 360px;\" class=\"wp-video\"><video class=\"wp-video-shortcode\" id=\"video-2463-1\" width=\"360\" height=\"640\" preload=\"metadata\" controls=\"controls\"><source type=\"video\/mp4\" src=\"https:\/\/alfakherwelt.de\/wp-content\/uploads\/2025\/02\/vozol-star-20000.mp4?_=1\" \/><a href=\"https:\/\/alfakherwelt.de\/wp-content\/uploads\/2025\/02\/vozol-star-20000.mp4\">https:\/\/alfakherwelt.de\/wp-content\/uploads\/2025\/02\/vozol-star-20000.mp4<\/a><\/video><\/div>\n<h2 data-start=\"0\" data-end=\"74\"><strong data-start=\"0\" data-end=\"74\"><a href=\"https:\/\/alfakherwelt.de\/es\/categoria-de-producto\/request-failed-with-status-code-500\/\">Vozol Star 20000 Z\u00fcge \n\n(No translation needed, proper noun or product name) \nVozol Star 20000 Z\u00fcge<\/a> Cigarrillo electr\u00f3nico desechable: La experiencia de vapeo definitiva<\/strong><\/h2>\n<p data-start=\"76\" data-end=\"625\">Si est\u00e1s buscando un cigarrillo electr\u00f3nico desechable de primera categor\u00eda que ofrezca no solo sabor, sino tambi\u00e9n rendimiento y dise\u00f1o, entonces el <strong data-start=\"228\" data-end=\"272\">Vozol Star 20000 Z\u00fcge Einweg E Zigarette \n\nbecomes \n\nVozol Star 20000 Caladas Cigarrillo Electr\u00f3nico Desechable<\/strong> La elecci\u00f3n perfecta para ti. Este cigarrillo electr\u00f3nico ofrece un rendimiento excepcional, una impresionante vida \u00fatil y un dise\u00f1o elegante que ha revolucionado el mundo del vapeo. Con una variedad de funciones \u00fanicas y tecnolog\u00edas innovadoras, el Vozol Star garantiza una experiencia de vapeo de primera clase que no querr\u00e1s perderte.<\/p>\n<h3 data-start=\"627\" data-end=\"703\"><strong data-start=\"631\" data-end=\"703\"><a href=\"https:\/\/alfakherwelt.de\/es\/categoria-de-producto\/request-failed-with-status-code-500\/\">Vozol Star 20000 Z\u00fcge \n\n(No translation needed, proper noun or product name) \nVozol Star 20000 Z\u00fcge<\/a> Cigarrillo electr\u00f3nico desechable: Una nueva era del vapeo<\/strong><\/h3>\n<p data-start=\"705\" data-end=\"1299\">La <strong data-start=\"709\" data-end=\"753\">Vozol Star 20000 Z\u00fcge Einweg E Zigarette \n\nbecomes \n\nVozol Star 20000 Caladas Cigarrillo Electr\u00f3nico Desechable<\/strong> combina un dise\u00f1o moderno y una tecnolog\u00eda avanzada en un dispositivo compacto y f\u00e1cil de usar. Con una vida \u00fatil de m\u00e1s de 20.000 caladas, ofrece una durabilidad sin precedentes que es ideal para los vapeadores habituales que buscan un dispositivo fiable y pr\u00e1ctico. El integrado <strong data-start=\"1072\" data-end=\"1090\">Bobina de doble malla<\/strong> garantiza una salida de vapor uniforme y constantemente alta y un desarrollo de sabor mejorado, mientras que la <strong data-start=\"1208\" data-end=\"1222\">Modos duales<\/strong> (Modo Eco y Modo Power) permiten una experiencia de vapeo personalizada.<\/p>\n<h4 data-start=\"1301\" data-end=\"1351\"><strong data-start=\"1306\" data-end=\"1351\">Innovaciones y caracter\u00edsticas tecnol\u00f3gicas:<\/strong><\/h4>\n<ul data-start=\"1353\" data-end=\"2874\">\n<li data-start=\"1353\" data-end=\"1580\">\n<p data-start=\"1355\" data-end=\"1580\"><strong data-start=\"1355\" data-end=\"1378\">2,2 pulgadas de pantalla HD<\/strong>: Por primera vez, la Vozol Star ofrece una pantalla de alta resoluci\u00f3n que muestra toda la informaci\u00f3n relevante, como el estado de la bater\u00eda y del l\u00edquido. As\u00ed podr\u00e1 mantener siempre una visi\u00f3n general del estado de su dispositivo.<\/p>\n<\/li>\n<li data-start=\"1584\" data-end=\"1778\">\n<p data-start=\"1586\" data-end=\"1778\"><strong data-start=\"1586\" data-end=\"1602\">20.000+ trenes<\/strong>Esta cigarrillo electr\u00f3nico desechable le permite un vapeo excepcionalmente largo sin ciclos de intercambio frecuentes. Esto lo hace particularmente eficiente en t\u00e9rminos de costos e ideal para vapeadores frecuentes.<\/p>\n<\/li>\n<li data-start=\"1780\" data-end=\"2009\">\n<p data-start=\"1782\" data-end=\"2009\"><strong data-start=\"1782\" data-end=\"1809\">5% (50mg) Fuerza de nicotina<\/strong>Con una fuerza de nicotina del 5% la Vozol Star proporciona una experiencia de vapeo intensa pero agradable que satisface la necesidad de nicotina y al mismo tiempo ofrece una sesi\u00f3n de vapeo satisfactoria.<\/p>\n<\/li>\n<li data-start=\"2011\" data-end=\"2171\">\n<p data-start=\"2013\" data-end=\"2171\"><strong data-start=\"2013\" data-end=\"2038\">Tecnolog\u00eda de bobina de malla<\/strong>: La bobina de malla avanzada garantiza una vaporizaci\u00f3n uniforme y un sabor intensamente constante en cada calada.<\/p>\n<\/li>\n<li data-start=\"2173\" data-end=\"2327\">\n<p data-start=\"2175\" data-end=\"2327\"><strong data-start=\"2175\" data-end=\"2194\">Carga r\u00e1pida<\/strong>: En solo 30 minutos el dispositivo se carga completamente, de modo que pasas m\u00e1s tiempo vapeando y menos esperando.<\/p>\n<\/li>\n<li data-start=\"2329\" data-end=\"2580\">\n<p data-start=\"2331\" data-end=\"2580\"><strong data-start=\"2331\" data-end=\"2352\">Experiencia de vapeo MTL<\/strong>La Vozol Star est\u00e1 espec\u00edficamente dise\u00f1ada para vapear de boca a pulm\u00f3n (MTL), lo que es especialmente beneficioso para los exfumadores. La calada se siente similar a fumar tradicional, lo que facilita la transici\u00f3n al vapeo.<\/p>\n<\/li>\n<li data-start=\"2582\" data-end=\"2712\">\n<p data-start=\"2584\" data-end=\"2712\"><strong data-start=\"2584\" data-end=\"2608\">Protecci\u00f3n de la boquilla<\/strong>Un protector higi\u00e9nico evita que el polvo u otras impurezas entren en la boquilla.<\/p>\n<\/li>\n<li data-start=\"2714\" data-end=\"2874\">\n<p data-start=\"2716\" data-end=\"2874\"><strong data-start=\"2716\" data-end=\"2738\">Amigable para el usuario<\/strong>La Vozol Star 20000 es extremadamente f\u00e1cil de usar y, por lo tanto, tambi\u00e9n es perfecta para principiantes que quieren descubrir el vapeo para s\u00ed mismos.<\/p>\n<\/li>\n<\/ul>\n<h3 data-start=\"2876\" data-end=\"2954\"><strong data-start=\"2880\" data-end=\"2954\">Por qu\u00e9 deber\u00eda usted la<a href=\"https:\/\/alfakherwelt.de\/es\/categoria-de-producto\/request-failed-with-status-code-500\/\"> Vozol Star 20000 Z\u00fcge \n\n(No translation needed, proper noun or product name) \nVozol Star 20000 Z\u00fcge<\/a> Comprar cigarrillo electr\u00f3nico desechable?<\/strong><\/h3>\n<h4 data-start=\"2956\" data-end=\"2995\"><strong data-start=\"2961\" data-end=\"2995\">Incomparable longevidad<\/strong><\/h4>\n<p data-start=\"2996\" data-end=\"3225\">Con m\u00e1s de 20.000 caladas, la Vozol Star 20000 es una de las cigarrillas electr\u00f3nicas desechables m\u00e1s duraderas del mercado. No tiene que buscar constantemente un nuevo dispositivo, sino que puede confiar en una experiencia de vapeo duradera.<\/p>\n<h4 data-start=\"3227\" data-end=\"3251\"><strong data-start=\"3232\" data-end=\"3251\">Ahorro de costes<\/strong><\/h4>\n<p data-start=\"3252\" data-end=\"3484\">Para los vapeadores regulares es la <strong data-start=\"3284\" data-end=\"3304\">Vozol Star 20000<\/strong> Debido a su alto n\u00famero de viajes, es una opci\u00f3n eficiente en t\u00e9rminos de costos que ahorra dinero a largo plazo. No tiene que realizar compras frecuentes, lo que ahorra costos significativos a largo plazo.<\/p>\n<h4 data-start=\"3486\" data-end=\"3527\"><strong data-start=\"3491\" data-end=\"3527\">Experiencias gastron\u00f3micas de alta calidad<\/strong><\/h4>\n<p data-start=\"3528\" data-end=\"3726\">Gracias a la tecnolog\u00eda de bobina de malla dual, puede disfrutar de sabores ricos y profundos. Cada calada ofrece una experiencia de sabor intensa que pone perfectamente de relieve la diversidad de los sabores.<\/p>\n<h4 data-start=\"3728\" data-end=\"3758\"><strong data-start=\"3733\" data-end=\"3758\">Dise\u00f1o futurista<\/strong><\/h4>\n<p data-start=\"3759\" data-end=\"3997\">La <strong data-start=\"3763\" data-end=\"3783\">Vozol Star 20000<\/strong> No solo destaca por su rendimiento, sino tambi\u00e9n por su dise\u00f1o estilizado y futurista. El dise\u00f1o cromado met\u00e1lico y la carcasa sencilla y elegante se adaptan perfectamente al mundo moderno del vapeo.<\/p>\n<h4 data-start=\"3999\" data-end=\"4038\"><strong data-start=\"4004\" data-end=\"4038\">Versatilidad a trav\u00e9s de modos duales<\/strong><\/h4>\n<p data-start=\"4039\" data-end=\"4309\">La funci\u00f3n de modo dual permite elegir entre el modo Eco, respetuoso con el medio ambiente (menor emisi\u00f3n de vapor), y el modo Power de alta potencia (densas nubes de vapor). De esta manera, puede personalizar el vapeo seg\u00fan sus preferencias y probar diferentes estilos de vapeo.<\/p>\n<h3 data-start=\"4311\" data-end=\"4370\"><strong data-start=\"4315\" data-end=\"4370\">Aromas de la <a href=\"https:\/\/alfakherwelt.de\/es\/categoria-de-producto\/request-failed-with-status-code-500\/\">Vozol Star 20000 Z\u00fcge \n\n(No translation needed, proper noun or product name) \nVozol Star 20000 Z\u00fcge<\/a> Cigarrillo electr\u00f3nico desechable<\/strong><\/h3>\n<p data-start=\"4372\" data-end=\"4909\">La <strong data-start=\"4376\" data-end=\"4420\">Vozol Star 20000 Z\u00fcge Einweg E Zigarette \n\nbecomes \n\nVozol Star 20000 Caladas Cigarrillo Electr\u00f3nico Desechable<\/strong> ofrece una amplia variedad de sabores deliciosos que hacen que vapear sea una experiencia incre\u00edblemente placentera. Uno de los sabores m\u00e1s populares es el <strong data-start=\"4574\" data-end=\"4593\">Fresa Kiwi<\/strong>, que ofrece un equilibrio perfecto entre fruta y dulzura gracias a la combinaci\u00f3n de fresas dulces y kiwi refrescante. Los sabores son claros e intensos, lo que proporciona un vapeo agradable. La innovadora tecnolog\u00eda de bobina de malla contribuye a que cada aroma se exprese en toda su profundidad.<\/p>\n<h4 data-start=\"4911\" data-end=\"4971\"><strong data-start=\"4916\" data-end=\"4971\">Fresa Kiwi - Una experiencia gustativa afrutada<\/strong><\/h4>\n<p data-start=\"4972\" data-end=\"5488\">Das <strong data-start=\"4976\" data-end=\"4995\">Fresa Kiwi<\/strong> Aroma es una maestra combinaci\u00f3n de fresa fresca y kiwi efervescente. Cada tirada de este cigarrillo electr\u00f3nico desechable ofrece una experiencia de sabor refrescante y afrutada que deleita su paladar con la dulzura natural de las fresas y la acidez ex\u00f3tica de la kiwi. El sabor no es demasiado dulce, pero tampoco demasiado \u00e1cido - justo perfecto para una experiencia de vapeo refrescante. Especialmente en verano, este aroma es una elecci\u00f3n refrescante que es a la vez agradable y revitalizante.<\/p>\n<p data-start=\"5490\" data-end=\"5903\">Das <strong data-start=\"5494\" data-end=\"5513\">Fresa Kiwi<\/strong> Aroma permanece constante incluso durante largas sesiones de vapor y nunca pierde intensidad. <strong data-start=\"5602\" data-end=\"5627\">Tecnolog\u00eda de bobina de malla<\/strong> garantiza que el sabor permanezca igual de intenso en cada calada, y la cantidad de vapor tambi\u00e9n se adapta perfectamente al sabor. Las notas dulces de fresa se mezclan armoniosamente con la frescura ligeramente \u00e1cida del kiwi - una experiencia ideal para cualquiera que ame los aromas frutales.<\/p>\n<h4 data-start=\"5905\" data-end=\"5937\"><strong data-start=\"5910\" data-end=\"5936\">Otras opciones de aromas<\/strong><\/h4>\n<p data-start=\"5938\" data-end=\"6230\">Adem\u00e1s de eso <strong data-start=\"5948\" data-end=\"5967\">Fresa Kiwi<\/strong> Tambi\u00e9n hay una variedad de otros sabores emocionantes que hacen que los Vozol Star 20000 sean un verdadero placer. Estos incluyen sabores cl\u00e1sicos como <strong data-start=\"6119\" data-end=\"6128\">Menta<\/strong>, <strong data-start=\"6130\" data-end=\"6146\">sand\u00eda<\/strong> y <strong data-start=\"6151\" data-end=\"6170\">Frutas Tropicales<\/strong>que hacen que cada vapeo sea una experiencia \u00fanica.<\/p>\n<p data-start=\"4446\" data-end=\"4756\"><img loading=\"lazy\" decoding=\"async\" class=\"alignnone wp-image-2419 size-full\" src=\"https:\/\/alfakherwelt.de\/wp-content\/uploads\/2025\/02\/vozol-star-20000.webp\" alt=\"Vozol Star 20000 Z\u00fcge Einweg E Zigarette - FRESAS KIWI\" width=\"1131\" height=\"1600\" title=\"\" srcset=\"https:\/\/alfakherwelt.de\/wp-content\/uploads\/2025\/02\/vozol-star-20000.webp 1131w, https:\/\/alfakherwelt.de\/wp-content\/uploads\/2025\/02\/vozol-star-20000-212x300.webp 212w, https:\/\/alfakherwelt.de\/wp-content\/uploads\/2025\/02\/vozol-star-20000-724x1024.webp 724w, https:\/\/alfakherwelt.de\/wp-content\/uploads\/2025\/02\/vozol-star-20000-768x1086.webp 768w, https:\/\/alfakherwelt.de\/wp-content\/uploads\/2025\/02\/vozol-star-20000-1086x1536.webp 1086w, https:\/\/alfakherwelt.de\/wp-content\/uploads\/2025\/02\/vozol-star-20000-8x12.webp 8w, https:\/\/alfakherwelt.de\/wp-content\/uploads\/2025\/02\/vozol-star-20000-600x849.webp 600w\" sizes=\"auto, (max-width: 1131px) 100vw, 1131px\" \/><\/p>\n<h3 data-start=\"6232\" data-end=\"6305\"><strong data-start=\"6236\" data-end=\"6305\">Fazit: Warum die <a href=\"https:\/\/alfakherwelt.de\/es\/categoria-de-producto\/request-failed-with-status-code-500\/\">Vozol Star 20000 Z\u00fcge \n\n(No translation needed, proper noun or product name) \nVozol Star 20000 Z\u00fcge<\/a> Comprar cigarrillo electr\u00f3nico desechable?<\/strong><\/h3>\n<p data-start=\"6307\" data-end=\"6765\">La <strong data-start=\"6311\" data-end=\"6355\">Vozol Star 20000 Z\u00fcge Einweg E Zigarette \n\nbecomes \n\nVozol Star 20000 Caladas Cigarrillo Electr\u00f3nico Desechable<\/strong> Es la elecci\u00f3n ideal para todos aquellos que buscan un cigarrillo electr\u00f3nico duradero, potente y elegante. Ofrece una experiencia de vapeo excelente con sabores de alta calidad, funciones innovadoras y una impresionante vida \u00fatil de m\u00e1s de 20.000 caladas. Ya sea que sea un vapeador experimentado o un principiante, el Vozol Star le brindar\u00e1 una experiencia de vapeo incomparable.<\/p>\n<p data-start=\"6767\" data-end=\"7109\" data-is-last-node=\"\" data-is-only-node=\"\">Siga ahora con el siguiente paso y compre sus <strong data-start=\"6825\" data-end=\"6869\">Vozol Star 20000 Z\u00fcge Einweg E Zigarette \n\nbecomes \n\nVozol Star 20000 Caladas Cigarrillo Electr\u00f3nico Desechable<\/strong> auf <a href=\"https:\/\/alfakherwelt.de\/es\/\"><strong data-start=\"6874\" data-end=\"6893\">alfakherwelt.de<\/strong><\/a>, la mayor plataforma en l\u00ednea para cigarrillos electr\u00f3nicos desechables en Alemania! Elija la calidad y disfrute de los sabores de primera clase y el rendimiento duradero de este excepcional cigarrillo electr\u00f3nico.<\/p>","protected":false},"excerpt":{"rendered":"<div class=\"flex-shrink-0 flex flex-col relative items-end\">\n<div class=\"pt-0\">\n<div class=\"gizmo-shadow-stroke flex h-8 w-8 items-center justify-center overflow-hidden rounded-full\">\n<div class=\"h-full w-full\">\n<div class=\"flex-shrink-0 flex flex-col relative items-end\">\n<div class=\"pt-0\">\n<div class=\"gizmo-shadow-stroke flex h-8 w-8 items-center justify-center overflow-hidden rounded-full\">\n<div class=\"h-full w-full\">\n<div class=\"gizmo-shadow-stroke overflow-hidden rounded-full\">\n<div class=\"flex-1 overflow-hidden\">\n<div class=\"h-full\">\n<div class=\"react-scroll-to-bottom--css-nphjn-79elbk h-full\">\n<div class=\"react-scroll-to-bottom--css-nphjn-1n7m0yu\">\n<div class=\"flex flex-col text-sm md:pb-9\">\n<article class=\"w-full scroll-mb-[var(--thread-trailing-height,150px)] text-token-text-primary focus-visible:outline-2 focus-visible:outline-offset-[-4px]\" dir=\"auto\" data-testid=\"conversation-turn-5\" data-scroll-anchor=\"true\">\n<div class=\"m-auto text-base py-[18px] px-3 md:px-4 w-full md:px-5 lg:px-4 xl:px-5\">\n<div class=\"mx-auto flex flex-1 gap-4 text-base md:gap-5 lg:gap-6 md:max-w-3xl lg:max-w-[40rem] xl:max-w-[48rem]\">\n<div class=\"group\/conversation-turn relative flex w-full min-w-0 flex-col agent-turn\">\n<div class=\"flex-col gap-1 md:gap-3\">\n<div class=\"flex max-w-full flex-col flex-grow\">\n<div class=\"min-h-8 text-message flex w-full flex-col items-end gap-2 whitespace-normal break-words [.text-message+&amp;]:mt-5\" dir=\"auto\" data-message-author-role=\"assistant\" data-message-id=\"1982dcee-f0f5-4cfa-a269-fdbaed43d922\" data-message-model-slug=\"gpt-4o\">\n<div class=\"flex w-full flex-col gap-1 empty:hidden first:pt-[3px]\">\n<div class=\"markdown prose w-full break-words dark:prose-invert light\">\n<div class=\"flex-1 overflow-hidden\">\n<div class=\"h-full\">\n<div class=\"react-scroll-to-bottom--css-xrsce-79elbk h-full\">\n<div class=\"react-scroll-to-bottom--css-xrsce-1n7m0yu\">\n<div class=\"flex flex-col text-sm md:pb-9\">\n<article class=\"w-full scroll-mb-[var(--thread-trailing-height,150px)] text-token-text-primary focus-visible:outline-2 focus-visible:outline-offset-[-4px]\" dir=\"auto\" data-testid=\"conversation-turn-5\" data-scroll-anchor=\"true\">\n<div class=\"m-auto text-base py-[18px] px-3 md:px-4 w-full md:px-5 lg:px-4 xl:px-5\">\n<div class=\"mx-auto flex flex-1 gap-4 text-base md:gap-5 lg:gap-6 md:max-w-3xl lg:max-w-[40rem] xl:max-w-[48rem]\">\n<div class=\"group\/conversation-turn relative flex w-full min-w-0 flex-col agent-turn\">\n<div class=\"flex-col gap-1 md:gap-3\">\n<div class=\"flex max-w-full flex-col flex-grow\">\n<div class=\"min-h-8 text-message flex w-full flex-col items-end gap-2 whitespace-normal break-words [.text-message+&amp;]:mt-5\" dir=\"auto\" data-message-author-role=\"assistant\" data-message-id=\"1a0c8d71-a6be-4cc9-b460-deb3e7ecbf47\" data-message-model-slug=\"gpt-4o\">\n<div class=\"flex w-full flex-col gap-1 empty:hidden first:pt-[3px]\">\n<div class=\"markdown prose w-full break-words dark:prose-invert light\">\n<div class=\"flex-1 overflow-hidden\">\n<div class=\"h-full\">\n<div class=\"react-scroll-to-bottom--css-gqbzc-79elbk h-full\">\n<div class=\"react-scroll-to-bottom--css-gqbzc-1n7m0yu\">\n<div class=\"flex flex-col text-sm md:pb-9\">\n<article class=\"w-full scroll-mb-[var(--thread-trailing-height,150px)] text-token-text-primary focus-visible:outline-2 focus-visible:outline-offset-[-4px]\" dir=\"auto\" data-testid=\"conversation-turn-5\" data-scroll-anchor=\"true\">\n<div class=\"m-auto text-base py-[18px] px-3 md:px-4 w-full md:px-5 lg:px-4 xl:px-5\">\n<div class=\"mx-auto flex flex-1 gap-4 text-base md:gap-5 lg:gap-6 md:max-w-3xl lg:max-w-[40rem] xl:max-w-[48rem]\">\n<div class=\"group\/conversation-turn relative flex w-full min-w-0 flex-col agent-turn\">\n<div class=\"flex-col gap-1 md:gap-3\">\n<div class=\"flex max-w-full flex-col flex-grow\">\n<div class=\"min-h-8 text-message flex w-full flex-col items-end gap-2 whitespace-normal break-words [.text-message+&amp;]:mt-5\" dir=\"auto\" data-message-author-role=\"assistant\" data-message-id=\"ca066132-0777-4603-995e-a689971b3380\" data-message-model-slug=\"gpt-4o\">\n<div class=\"flex w-full flex-col gap-1 empty:hidden first:pt-[3px]\">\n<div class=\"markdown prose w-full break-words dark:prose-invert light\">\n<div class=\"flex-1 overflow-hidden @container\/thread\">\n<div class=\"h-full\">\n<div class=\"react-scroll-to-bottom--css-rkqgb-79elbk h-full\">\n<div class=\"react-scroll-to-bottom--css-rkqgb-1n7m0yu\">\n<div class=\"flex flex-col text-sm md:pb-9\">\n<article class=\"w-full scroll-mb-[var(--thread-trailing-height,150px)] text-token-text-primary focus-visible:outline-2 focus-visible:outline-offset-[-4px]\" dir=\"auto\" data-testid=\"conversation-turn-9\" data-scroll-anchor=\"true\">\n<div class=\"m-auto text-base py-[18px] px-3 md:px-4 w-full md:px-5 lg:px-4 xl:px-5\">\n<div class=\"mx-auto flex flex-1 gap-4 text-base md:gap-5 lg:gap-6 md:max-w-3xl lg:max-w-[40rem] xl:max-w-[48rem]\">\n<div class=\"group\/conversation-turn relative flex w-full min-w-0 flex-col agent-turn\">\n<div class=\"flex-col gap-1 md:gap-3\">\n<div class=\"flex max-w-full flex-col flex-grow\">\n<div class=\"min-h-8 text-message flex w-full flex-col items-end gap-2 whitespace-normal break-words text-start [.text-message+&amp;]:mt-5\" dir=\"auto\" data-message-author-role=\"assistant\" data-message-id=\"87137e43-9a3e-4479-90ac-22c23781ee39\" data-message-model-slug=\"gpt-4o\">\n<div class=\"flex w-full flex-col gap-1 empty:hidden first:pt-[3px]\">\n<div class=\"markdown prose w-full break-words dark:prose-invert light\">\n<div class=\"flex-1 overflow-hidden @container\/thread\">\n<div class=\"h-full\">\n<div class=\"react-scroll-to-bottom--css-cgxka-79elbk h-full\">\n<div class=\"react-scroll-to-bottom--css-cgxka-1n7m0yu\">\n<div class=\"flex flex-col text-sm md:pb-9\">\n<article class=\"w-full scroll-mb-[var(--thread-trailing-height,150px)] text-token-text-primary focus-visible:outline-2 focus-visible:outline-offset-[-4px]\" dir=\"auto\" data-testid=\"conversation-turn-5\" data-scroll-anchor=\"true\">\n<div class=\"m-auto text-base py-[18px] px-3 md:px-4 w-full md:px-5 lg:px-4 xl:px-5\">\n<div class=\"mx-auto flex flex-1 gap-4 text-base md:gap-5 lg:gap-6 md:max-w-3xl lg:max-w-[40rem] xl:max-w-[48rem]\">\n<div class=\"group\/conversation-turn relative flex w-full min-w-0 flex-col agent-turn\">\n<div class=\"flex-col gap-1 md:gap-3\">\n<div class=\"flex max-w-full flex-col flex-grow\">\n<div class=\"min-h-8 text-message flex w-full flex-col items-end gap-2 whitespace-normal break-words text-start [.text-message+&amp;]:mt-5\" dir=\"auto\" data-message-author-role=\"assistant\" data-message-id=\"e1e13d20-b396-4dc4-abdf-40facc05c4de\" data-message-model-slug=\"gpt-4o\">\n<div class=\"flex w-full flex-col gap-1 empty:hidden first:pt-[3px]\">\n<div class=\"markdown prose w-full break-words dark:prose-invert light\">\n<p>La <strong data-start=\"4\" data-end=\"48\">Vozol Star 20000 Z\u00fcge Einweg E Zigarette \n\nbecomes \n\nVozol Star 20000 Caladas Cigarrillo Electr\u00f3nico Desechable<\/strong> ofrece una experiencia de vapeo duradera con m\u00e1s de 20.000 caladas, una innovadora tecnolog\u00eda de bobina de malla para un sabor intenso, una pantalla HD de 2,2 pulgadas para mostrar el estado de la bater\u00eda y el l\u00edquido, y una operaci\u00f3n f\u00e1cil de usar tanto para principiantes como para vapeadores experimentados.<\/p>\n<\/div>\n<\/div>\n<\/div>\n<\/div>\n<\/div>\n<\/div>\n<\/div>\n<\/div>\n<\/article>\n<\/div>\n<\/div>\n<\/div>\n<\/div>\n<\/div>\n<div class=\"md:pt-0 dark:border-white\/20 md:border-transparent md:dark:border-transparent w-full\">\n<div>\n<div class=\"m-auto text-base px-3 md:px-4 w-full md:px-5 lg:px-4 xl:px-5\">\n<div class=\"mx-auto flex flex-1 gap-4 text-base md:gap-5 lg:gap-6 md:max-w-3xl lg:max-w-[40rem] xl:max-w-[48rem]\">\n<div class=\"flex justify-center\"><\/div>\n<\/div>\n<\/div>\n<\/div>\n<\/div>\n<\/div>\n<\/div>\n<\/div>\n<\/div>\n<div class=\"pr-2 lg:pr-0\"><\/div>\n<\/div>\n<\/div>\n<\/div>\n<\/div>\n<\/article>\n<\/div>\n<\/div>\n<\/div>\n<\/div>\n<\/div>\n<\/div>\n<\/div>\n<\/div>\n<\/div>\n<\/div>\n<\/div>\n<\/div>\n<\/div>\n<\/article>\n<\/div>\n<\/div>\n<\/div>\n<\/div>\n<\/div>\n<\/div>\n<\/div>\n<\/div>\n<\/div>\n<\/div>\n<\/div>\n<\/div>\n<\/div>\n<\/article>\n<\/div>\n<\/div>\n<\/div>\n<\/div>\n<\/div>\n<\/div>\n<\/div>\n<\/div>\n<\/div>\n<div class=\"pr-2 lg:pr-0\"><\/div>\n<div class=\"mt-3 w-full empty:hidden\">\n<div class=\"text-center\"><\/div>\n<\/div>\n<\/div>\n<div class=\"absolute\">\n<div class=\"flex items-center justify-center\"><\/div>\n<\/div>\n<\/div>\n<\/div>\n<\/div>\n<\/article>\n<\/div>\n<\/div>\n<\/div>\n<\/div>\n<\/div>\n<div class=\"md:pt-0 dark:border-white\/20 md:border-transparent md:dark:border-transparent w-full\">\n<div>\n<div class=\"m-auto text-base px-3 md:px-4 w-full md:px-5 lg:px-4 xl:px-5\">\n<div class=\"mx-auto flex flex-1 gap-4 text-base md:gap-5 lg:gap-6 md:max-w-3xl lg:max-w-[40rem] xl:max-w-[48rem]\">\n<div class=\"flex justify-center\"><\/div>\n<\/div>\n<\/div>\n<\/div>\n<\/div>\n<\/div>\n<\/div>\n<\/div>\n<\/div>\n<\/div>\n<\/div>\n<\/div>\n<\/div>\n<\/div>","protected":false},"featured_media":2464,"comment_status":"open","ping_status":"closed","template":"","meta":[],"product_brand":[],"product_cat":[113],"product_tag":[],"class_list":{"0":"post-2463","1":"product","2":"type-product","3":"status-publish","4":"has-post-thumbnail","6":"product_cat-vozol-star-20000","8":"first","9":"instock","10":"sale","11":"shipping-taxable","12":"purchasable","13":"product-type-simple"},"jetpack_sharing_enabled":true,"_links":{"self":[{"href":"https:\/\/alfakherwelt.de\/es\/wp-json\/wp\/v2\/product\/2463","targetHints":{"allow":["GET"]}}],"collection":[{"href":"https:\/\/alfakherwelt.de\/es\/wp-json\/wp\/v2\/product"}],"about":[{"href":"https:\/\/alfakherwelt.de\/es\/wp-json\/wp\/v2\/types\/product"}],"replies":[{"embeddable":true,"href":"https:\/\/alfakherwelt.de\/es\/wp-json\/wp\/v2\/comments?post=2463"}],"wp:featuredmedia":[{"embeddable":true,"href":"https:\/\/alfakherwelt.de\/es\/wp-json\/wp\/v2\/media\/2464"}],"wp:attachment":[{"href":"https:\/\/alfakherwelt.de\/es\/wp-json\/wp\/v2\/media?parent=2463"}],"wp:term":[{"taxonomy":"product_brand","embeddable":true,"href":"https:\/\/alfakherwelt.de\/es\/wp-json\/wp\/v2\/product_brand?post=2463"},{"taxonomy":"product_cat","embeddable":true,"href":"https:\/\/alfakherwelt.de\/es\/wp-json\/wp\/v2\/product_cat?post=2463"},{"taxonomy":"product_tag","embeddable":true,"href":"https:\/\/alfakherwelt.de\/es\/wp-json\/wp\/v2\/product_tag?post=2463"}],"curies":[{"name":"wp","href":"https:\/\/api.w.org\/{rel}","templated":true}]}}