{"id":2420,"date":"2025-02-19T03:03:00","date_gmt":"2025-02-19T03:03:00","guid":{"rendered":"https:\/\/alfakherwelt.de\/?post_type=product&#038;p=2420"},"modified":"2025-04-08T08:17:43","modified_gmt":"2025-04-08T08:17:43","slug":"al-fakher-crown-bar-8000-inhalaciones-cigarrillo-electronico-desechable-maracuya-dulce-211","status":"publish","type":"product","link":"https:\/\/alfakherwelt.de\/es\/producto\/al-fakher-crown-bar-8000-inhalaciones-cigarrillo-electronico-desechable-maracuya-dulce-211\/","title":{"rendered":"Vozol Star 20000 Z\u00fcge Einweg E Zigarette \u2013 GRAPE ICE \n\nbecomes \n\nVozol Star 20000 Caladas Cigarrillo Electr\u00f3nico Desechable \u2013 GRAPE ICE"},"content":{"rendered":"<div style=\"width: 360px;\" class=\"wp-video\"><video class=\"wp-video-shortcode\" id=\"video-2420-1\" width=\"360\" height=\"640\" preload=\"metadata\" controls=\"controls\"><source type=\"video\/mp4\" src=\"https:\/\/alfakherwelt.de\/wp-content\/uploads\/2025\/02\/vozol-star-20000.mp4?_=1\" \/><a href=\"https:\/\/alfakherwelt.de\/wp-content\/uploads\/2025\/02\/vozol-star-20000.mp4\">https:\/\/alfakherwelt.de\/wp-content\/uploads\/2025\/02\/vozol-star-20000.mp4<\/a><\/video><\/div>\n<h2 data-start=\"0\" data-end=\"83\"><strong data-start=\"0\" data-end=\"83\"><a href=\"https:\/\/alfakherwelt.de\/es\/categoria-de-producto\/request-failed-with-status-code-500\/\">Vozol Star 20000 Z\u00fcge \n\n(No translation needed, proper noun or product name) \nVozol Star 20000 Z\u00fcge<\/a> Cigarrillo electr\u00f3nico desechable: Una experiencia de vapeo incomparable<\/strong><\/h2>\n<p data-start=\"85\" data-end=\"793\">La <strong data-start=\"89\" data-end=\"133\">Vozol Star 20000 Z\u00fcge Einweg E-Zigarette \n\nbecomes \n\nVozol Star 20000 Caladas Cigarrillo Electr\u00f3nico Desechable<\/strong> es el compa\u00f1ero perfecto para los entusiastas del vapeo que buscan una experiencia duradera y sabrosa. Con tecnolog\u00eda innovadora y un dise\u00f1o elegante, este dispositivo ofrece una combinaci\u00f3n inconfundible de potencia, comodidad y estilo. En Alemania, la demanda de cigarrillos electr\u00f3nicos desechables de alta calidad ha crecido constantemente, y los <strong data-start=\"500\" data-end=\"520\">Vozol Star 20000<\/strong> Establece nuevos est\u00e1ndares. Con un impresionante <strong data-start=\"568\" data-end=\"605\">Duraci\u00f3n de vida de m\u00e1s de 20.000 viajes<\/strong>, <strong data-start=\"607\" data-end=\"640\">una pantalla LED pr\u00e1ctica<\/strong> y m\u00e1s avanzado <strong data-start=\"663\" data-end=\"693\">Tecnolog\u00eda de bobina de doble malla<\/strong> Este dispositivo no solo es una excelente opci\u00f3n para principiantes, sino tambi\u00e9n para vapeadores experimentados.<\/p>\n<h3 data-start=\"795\" data-end=\"847\">Caracter\u00edsticas de la<a href=\"https:\/\/alfakherwelt.de\/es\/categoria-de-producto\/request-failed-with-status-code-500\/\"> Vozol Star 20000<\/a> Cigarrillo electr\u00f3nico desechable<\/h3>\n<p data-start=\"849\" data-end=\"1064\">La <strong data-start=\"853\" data-end=\"897\">Vozol Star 20000 Z\u00fcge Einweg E-Zigarette \n\nbecomes \n\nVozol Star 20000 Caladas Cigarrillo Electr\u00f3nico Desechable<\/strong> Ofrece una variedad de caracter\u00edsticas sobresalientes que la convierten en uno de los mejores vaporizadores desechables en el mercado. Aqu\u00ed se presentan las caracter\u00edsticas clave resumidas:<\/p>\n<ul data-start=\"1066\" data-end=\"2606\">\n<li data-start=\"1066\" data-end=\"1256\"><strong data-start=\"1068\" data-end=\"1107\">Durabilidad de m\u00e1s de 20.000 ciclos de funcionamiento<\/strong>Disfrute de una vida \u00fatil especialmente larga, para que no tenga que preocuparse por cambios frecuentes. Perfecto para el uso diario.<\/li>\n<li data-start=\"1257\" data-end=\"1451\"><strong data-start=\"1259\" data-end=\"1303\">Bobinas de malla dual para un sabor intenso<\/strong>Esta tecnolog\u00eda proporciona tanto sabores ricos y complejos como una fuerte emisi\u00f3n de vapor. As\u00ed, experimentar\u00e1 cada calada en toda su plenitud.<\/li>\n<li data-start=\"1452\" data-end=\"1688\"><strong data-start=\"1454\" data-end=\"1478\">Modo Eco y Modo Power<\/strong>: Cambie entre dos modos diferentes seg\u00fan sea su preferencia. El modo Eco proporciona menos vapor y una bater\u00eda de mayor duraci\u00f3n, mientras que el modo Power proporciona un vapor m\u00e1s denso y un sabor m\u00e1s intenso.<\/li>\n<li data-start=\"1689\" data-end=\"1860\"><strong data-start=\"1691\" data-end=\"1740\">Dise\u00f1o elegante con est\u00e9tica futurista<\/strong>: El acabado met\u00e1lico degradado y la elegante carcasa blanca hacen que la <strong data-start=\"1813\" data-end=\"1833\">Vozol Star 20000<\/strong> a un verdadero llamativo.<\/li>\n<li data-start=\"1861\" data-end=\"2075\"><strong data-start=\"1863\" data-end=\"1920\">Indicador LED para el estado de la bater\u00eda y el nivel de E-Liquid<\/strong>: Con la pantalla LED, siempre tendr\u00e1 una visi\u00f3n general del estado de carga y del nivel de l\u00edquido electr\u00f3nico, para que su experiencia de vapeo nunca termine de repente.<\/li>\n<li data-start=\"2076\" data-end=\"2269\"><strong data-start=\"2078\" data-end=\"2099\">5% Nicotina (50mg)<\/strong>Con un contenido de nicotina del 5% (50 mg), experimentar\u00e1 un impulso de nicotina potente y satisfactorio, agradable tanto para aquellos que est\u00e1n cambiando como para los vapers experimentados.<\/li>\n<li data-start=\"2270\" data-end=\"2444\"><strong data-start=\"2272\" data-end=\"2302\">Vapeo de Boca a Pulm\u00f3n (MTL)<\/strong>El dispositivo proporciona una experiencia MTL que imita el fumar tradicional, lo que lo hace ideal para fumadores que quieren cambiar a vapear.<\/li>\n<li data-start=\"2445\" data-end=\"2606\"><strong data-start=\"2447\" data-end=\"2475\">Protecci\u00f3n para la boquilla<\/strong>: Higi\u00e9nico y seguro - la boquilla est\u00e1 protegida para evitar que el polvo u otras part\u00edculas da\u00f1en el dispositivo.<\/li>\n<\/ul>\n<h3 data-start=\"2608\" data-end=\"2664\">Descripci\u00f3n detallada del sabor: <strong data-start=\"2651\" data-end=\"2664\">Hielo de Uva<\/strong><\/h3>\n<p data-start=\"2666\" data-end=\"3012\">Un factor decisivo al vapear es el sabor. <strong data-start=\"2723\" data-end=\"2743\">Vozol Star 20000<\/strong> ofrece una variedad de sabores deliciosos que enriquecen su experiencia. El <strong data-start=\"2821\" data-end=\"2834\">Hielo de Uva<\/strong>El sabor es un cl\u00e1sico absoluto que no solo proporciona una experiencia refrescante y afrutada, sino que tambi\u00e9n transmite una agradable frescura con su toque fresco.<\/p>\n<p data-start=\"3014\" data-end=\"3496\"><strong data-start=\"3014\" data-end=\"3027\">Hielo de Uva<\/strong> Combina la dulzura de las uvas maduras con la frescura del hielo. Ya el primer sorbo comienza con un intenso sabor a uva, que es a la vez dulce y afrutado. Esta frescura natural de uva se ve complementada por la nota fresca del hielo, lo que conduce a una mezcla refrescante que rejuvenece el paladar sin abrumarlo. Es un equilibrio entre dulzura afrutada y frescura fr\u00eda, ideal para un descanso de verano o para el disfrute diario.<\/p>\n<p data-start=\"3498\" data-end=\"3895\">La <strong data-start=\"3502\" data-end=\"3521\">Bobinas de doble malla<\/strong> el <strong data-start=\"3526\" data-end=\"3546\">Vozol Star 20000<\/strong> potencian el sabor al distribuir uniformemente los aromas y proporcionar una nube de vapor rica y densa. El resultado es una explosi\u00f3n de sabor limpia e inolvidable en cada calada. La <strong data-start=\"3754\" data-end=\"3767\">Hielo de Uva<\/strong>La nota de fondo proporciona un frescor duradero que puedes disfrutar durante todo el d\u00eda sin que el sabor se desvanezca.<\/p>\n<p data-start=\"3897\" data-end=\"4129\">Lo que hace que este aroma sea especialmente \u00fanico es su versatilidad. Es adecuado tanto para principiantes que buscan el sabor cl\u00e1sico como para vapeadores experimentados que aprecian una mezcla elegante de frutas y frescura.<\/p>\n<p data-start=\"4446\" data-end=\"4756\"><img loading=\"lazy\" decoding=\"async\" class=\"alignnone wp-image-2419 size-full\" src=\"https:\/\/alfakherwelt.de\/wp-content\/uploads\/2025\/02\/vozol-star-20000.webp\" alt=\"Vozol Star 20000 Z\u00fcge Einweg E Zigarette - GRAPE ICE becomes Vozol Star 20000 Caladas Cigarrillo Electr\u00f3nico Desechable - GRAPE ICE\" width=\"1131\" height=\"1600\" title=\"\" srcset=\"https:\/\/alfakherwelt.de\/wp-content\/uploads\/2025\/02\/vozol-star-20000.webp 1131w, https:\/\/alfakherwelt.de\/wp-content\/uploads\/2025\/02\/vozol-star-20000-212x300.webp 212w, https:\/\/alfakherwelt.de\/wp-content\/uploads\/2025\/02\/vozol-star-20000-724x1024.webp 724w, https:\/\/alfakherwelt.de\/wp-content\/uploads\/2025\/02\/vozol-star-20000-768x1086.webp 768w, https:\/\/alfakherwelt.de\/wp-content\/uploads\/2025\/02\/vozol-star-20000-1086x1536.webp 1086w, https:\/\/alfakherwelt.de\/wp-content\/uploads\/2025\/02\/vozol-star-20000-8x12.webp 8w, https:\/\/alfakherwelt.de\/wp-content\/uploads\/2025\/02\/vozol-star-20000-600x849.webp 600w\" sizes=\"auto, (max-width: 1131px) 100vw, 1131px\" \/><\/p>\n<h3 data-start=\"4131\" data-end=\"4204\">Por qu\u00e9 usted la <a href=\"https:\/\/alfakherwelt.de\/es\/categoria-de-producto\/request-failed-with-status-code-500\/\">Vozol Star 20000 Z\u00fcge \n\n(No translation needed, proper noun or product name) \nVozol Star 20000 Z\u00fcge<\/a> Comprar cigarrillos electr\u00f3nicos desechables<\/h3>\n<p data-start=\"4206\" data-end=\"4346\">La <strong data-start=\"4210\" data-end=\"4254\">Vozol Star 20000 Z\u00fcge Einweg E-Zigarette \n\nbecomes \n\nVozol Star 20000 Caladas Cigarrillo Electr\u00f3nico Desechable<\/strong> Ofrece una variedad de beneficios que la destacan de otros vaporizadores desechables en el mercado:<\/p>\n<ol data-start=\"4348\" data-end=\"5176\">\n<li data-start=\"4348\" data-end=\"4494\"><strong data-start=\"4351\" data-end=\"4372\">Larga durabilidad<\/strong>Con m\u00e1s de 20.000 ciclos, este dispositivo ofrece una vida \u00fatil excepcionalmente larga y es, por lo tanto, especialmente rentable.<\/li>\n<li data-start=\"4495\" data-end=\"4612\"><strong data-start=\"4498\" data-end=\"4521\">Manejo sencillo<\/strong>: El cambio sencillo entre el modo Eco y el modo Power hace que vapear sea a\u00fan m\u00e1s flexible.<\/li>\n<li data-start=\"4613\" data-end=\"4771\"><strong data-start=\"4616\" data-end=\"4642\">Tecnolog\u00eda innovadora<\/strong>: Las bobinas de malla dual garantizan una excelente producci\u00f3n de vapor y un sabor intenso que dura todo el d\u00eda.<\/li>\n<li data-start=\"4772\" data-end=\"4913\"><strong data-start=\"4775\" data-end=\"4794\">Dise\u00f1o moderno<\/strong>: El dise\u00f1o futurista hace que la <strong data-start=\"4831\" data-end=\"4851\">Vozol Star 20000<\/strong> No solo funcional, sino tambi\u00e9n un accesorio elegante.<\/li>\n<li data-start=\"4914\" data-end=\"5074\"><strong data-start=\"4917\" data-end=\"4939\">Carga r\u00e1pida<\/strong>: En solo 30 minutos la bater\u00eda se carga completamente, para que pueda pasar m\u00e1s tiempo vapeando y menos tiempo esperando.<\/li>\n<li data-start=\"5075\" data-end=\"5176\"><strong data-start=\"5078\" data-end=\"5100\">Amigable para principiantes<\/strong>: El f\u00e1cil manejo hace que tambi\u00e9n sea ideal para los reci\u00e9n llegados en el \u00e1rea de vapeo.<\/li>\n<\/ol>\n<h3 data-start=\"5178\" data-end=\"5211\">Preguntas frecuentes (FAQ)<\/h3>\n<p data-start=\"5213\" data-end=\"5276\"><strong data-start=\"5213\" data-end=\"5276\">Vozol Star 20000<\/strong><\/p>\n<p data-start=\"5278\" data-end=\"5424\">Con la <strong data-start=\"5286\" data-end=\"5306\">Vozol Star 20000<\/strong> Pueden disfrutar de m\u00e1s de 20.000 caladas, lo que las convierte en una de las e-cigarrillos desechables m\u00e1s duraderas del mercado.<\/p>\n<p data-start=\"5426\" data-end=\"5478\"><strong data-start=\"5426\" data-end=\"5478\">Es ist die Vozol Star 20000 para cambiar de marca adecuada?<\/strong><\/p>\n<p data-start=\"5480\" data-end=\"5597\">S\u00ed, el dispositivo ofrece un <strong data-start=\"5505\" data-end=\"5528\">Mouth-to-Lung (MTL)<\/strong>Experiencia de vapeo ideal para aquellos que cambian de fumar a vapear.<\/p>\n<p data-start=\"5599\" data-end=\"5645\"><strong data-start=\"5599\" data-end=\"5645\">Wie schnell l\u00e4dt die Vozol Star 20000 auf?<\/strong><\/p>\n<p data-start=\"5647\" data-end=\"5812\">La <strong data-start=\"5651\" data-end=\"5671\">Vozol Star 20000<\/strong> Solo necesita 30 minutos para cargar completamente, lo que te permite pasar menos tiempo esperando y m\u00e1s tiempo vapeando.<\/p>\n<p data-start=\"5814\" data-end=\"5864\"><strong data-start=\"5814\" data-end=\"5864\">Wie viel Nikotin enth\u00e4lt die Vozol Star 20000<\/strong><\/p>\n<p data-start=\"5866\" data-end=\"5969\">La <strong data-start=\"5870\" data-end=\"5890\">Vozol Star 20000<\/strong> contiene <strong data-start=\"5899\" data-end=\"5913\">5% Nikotin<\/strong> (50 mg), lo que proporciona una absorci\u00f3n satisfactoria de nicotina.<\/p>\n<p data-start=\"5971\" data-end=\"6011\"><strong data-start=\"5971\" data-end=\"6011\">\u00bfEs adecuado el dispositivo para principiantes?<\/strong><\/p>\n<p data-start=\"6013\" data-end=\"6146\">S\u00ed, la <strong data-start=\"6021\" data-end=\"6041\">Vozol Star 20000<\/strong> Es f\u00e1cil de usar y ofrece una experiencia amigable, lo que la hace ideal para principiantes.<\/p>\n<h3 data-start=\"6148\" data-end=\"6157\">Conclusi\u00f3n<\/h3>\n<p data-start=\"6159\" data-end=\"6501\">La <strong data-start=\"6163\" data-end=\"6207\"><a href=\"https:\/\/alfakherwelt.de\/es\/categoria-de-producto\/request-failed-with-status-code-500\/\">Vozol Star 20000 Z\u00fcge \n\n(No translation needed, proper noun or product name) \nVozol Star 20000 Z\u00fcge<\/a> Cigarrillo electr\u00f3nico desechable<\/strong> Es la elecci\u00f3n perfecta para todos aquellos que buscan un cigarrillo electr\u00f3nico duradero, de alto rendimiento y con una gran variedad de sabores. Con m\u00e1s de 20.000 caladas, tecnolog\u00eda innovadora de bobina de malla y un dise\u00f1o elegante, es un dispositivo imprescindible para todos aquellos que buscan la mejor experiencia de vapeo.<\/p>\n<p data-start=\"6503\" data-end=\"6757\">Viva la frescura <strong data-start=\"6528\" data-end=\"6541\">Hielo de Uva<\/strong>Disfruta del sabor y del vapeo en su mejor forma. Compre los <strong data-start=\"6618\" data-end=\"6662\">Vozol Star 20000 Z\u00fcge Einweg E-Zigarette \n\nbecomes \n\nVozol Star 20000 Caladas Cigarrillo Electr\u00f3nico Desechable<\/strong> ahora en <a href=\"https:\/\/alfakherwelt.de\/es\/\"><strong data-start=\"6673\" data-end=\"6692\">alfakherwelt.de<\/strong><\/a>, la mayor tienda en l\u00ednea de cigarrillos electr\u00f3nicos desechables en Alemania!<\/p>","protected":false},"excerpt":{"rendered":"<div class=\"flex-shrink-0 flex flex-col relative items-end\">\n<div class=\"pt-0\">\n<div class=\"gizmo-shadow-stroke flex h-8 w-8 items-center justify-center overflow-hidden rounded-full\">\n<div class=\"h-full w-full\">\n<div class=\"flex-shrink-0 flex flex-col relative items-end\">\n<div class=\"pt-0\">\n<div class=\"gizmo-shadow-stroke flex h-8 w-8 items-center justify-center overflow-hidden rounded-full\">\n<div class=\"h-full w-full\">\n<div class=\"gizmo-shadow-stroke overflow-hidden rounded-full\">\n<div class=\"flex-1 overflow-hidden\">\n<div class=\"h-full\">\n<div class=\"react-scroll-to-bottom--css-nphjn-79elbk h-full\">\n<div class=\"react-scroll-to-bottom--css-nphjn-1n7m0yu\">\n<div class=\"flex flex-col text-sm md:pb-9\">\n<article class=\"w-full scroll-mb-[var(--thread-trailing-height,150px)] text-token-text-primary focus-visible:outline-2 focus-visible:outline-offset-[-4px]\" dir=\"auto\" data-testid=\"conversation-turn-5\" data-scroll-anchor=\"true\">\n<div class=\"m-auto text-base py-[18px] px-3 md:px-4 w-full md:px-5 lg:px-4 xl:px-5\">\n<div class=\"mx-auto flex flex-1 gap-4 text-base md:gap-5 lg:gap-6 md:max-w-3xl lg:max-w-[40rem] xl:max-w-[48rem]\">\n<div class=\"group\/conversation-turn relative flex w-full min-w-0 flex-col agent-turn\">\n<div class=\"flex-col gap-1 md:gap-3\">\n<div class=\"flex max-w-full flex-col flex-grow\">\n<div class=\"min-h-8 text-message flex w-full flex-col items-end gap-2 whitespace-normal break-words [.text-message+&amp;]:mt-5\" dir=\"auto\" data-message-author-role=\"assistant\" data-message-id=\"1982dcee-f0f5-4cfa-a269-fdbaed43d922\" data-message-model-slug=\"gpt-4o\">\n<div class=\"flex w-full flex-col gap-1 empty:hidden first:pt-[3px]\">\n<div class=\"markdown prose w-full break-words dark:prose-invert light\">\n<div class=\"flex-1 overflow-hidden\">\n<div class=\"h-full\">\n<div class=\"react-scroll-to-bottom--css-xrsce-79elbk h-full\">\n<div class=\"react-scroll-to-bottom--css-xrsce-1n7m0yu\">\n<div class=\"flex flex-col text-sm md:pb-9\">\n<article class=\"w-full scroll-mb-[var(--thread-trailing-height,150px)] text-token-text-primary focus-visible:outline-2 focus-visible:outline-offset-[-4px]\" dir=\"auto\" data-testid=\"conversation-turn-5\" data-scroll-anchor=\"true\">\n<div class=\"m-auto text-base py-[18px] px-3 md:px-4 w-full md:px-5 lg:px-4 xl:px-5\">\n<div class=\"mx-auto flex flex-1 gap-4 text-base md:gap-5 lg:gap-6 md:max-w-3xl lg:max-w-[40rem] xl:max-w-[48rem]\">\n<div class=\"group\/conversation-turn relative flex w-full min-w-0 flex-col agent-turn\">\n<div class=\"flex-col gap-1 md:gap-3\">\n<div class=\"flex max-w-full flex-col flex-grow\">\n<div class=\"min-h-8 text-message flex w-full flex-col items-end gap-2 whitespace-normal break-words [.text-message+&amp;]:mt-5\" dir=\"auto\" data-message-author-role=\"assistant\" data-message-id=\"1a0c8d71-a6be-4cc9-b460-deb3e7ecbf47\" data-message-model-slug=\"gpt-4o\">\n<div class=\"flex w-full flex-col gap-1 empty:hidden first:pt-[3px]\">\n<div class=\"markdown prose w-full break-words dark:prose-invert light\">\n<div class=\"flex-1 overflow-hidden\">\n<div class=\"h-full\">\n<div class=\"react-scroll-to-bottom--css-gqbzc-79elbk h-full\">\n<div class=\"react-scroll-to-bottom--css-gqbzc-1n7m0yu\">\n<div class=\"flex flex-col text-sm md:pb-9\">\n<article class=\"w-full scroll-mb-[var(--thread-trailing-height,150px)] text-token-text-primary focus-visible:outline-2 focus-visible:outline-offset-[-4px]\" dir=\"auto\" data-testid=\"conversation-turn-5\" data-scroll-anchor=\"true\">\n<div class=\"m-auto text-base py-[18px] px-3 md:px-4 w-full md:px-5 lg:px-4 xl:px-5\">\n<div class=\"mx-auto flex flex-1 gap-4 text-base md:gap-5 lg:gap-6 md:max-w-3xl lg:max-w-[40rem] xl:max-w-[48rem]\">\n<div class=\"group\/conversation-turn relative flex w-full min-w-0 flex-col agent-turn\">\n<div class=\"flex-col gap-1 md:gap-3\">\n<div class=\"flex max-w-full flex-col flex-grow\">\n<div class=\"min-h-8 text-message flex w-full flex-col items-end gap-2 whitespace-normal break-words [.text-message+&amp;]:mt-5\" dir=\"auto\" data-message-author-role=\"assistant\" data-message-id=\"ca066132-0777-4603-995e-a689971b3380\" data-message-model-slug=\"gpt-4o\">\n<div class=\"flex w-full flex-col gap-1 empty:hidden first:pt-[3px]\">\n<div class=\"markdown prose w-full break-words dark:prose-invert light\">\n<div class=\"flex-1 overflow-hidden @container\/thread\">\n<div class=\"h-full\">\n<div class=\"react-scroll-to-bottom--css-rkqgb-79elbk h-full\">\n<div class=\"react-scroll-to-bottom--css-rkqgb-1n7m0yu\">\n<div class=\"flex flex-col text-sm md:pb-9\">\n<article class=\"w-full scroll-mb-[var(--thread-trailing-height,150px)] text-token-text-primary focus-visible:outline-2 focus-visible:outline-offset-[-4px]\" dir=\"auto\" data-testid=\"conversation-turn-9\" data-scroll-anchor=\"true\">\n<div class=\"m-auto text-base py-[18px] px-3 md:px-4 w-full md:px-5 lg:px-4 xl:px-5\">\n<div class=\"mx-auto flex flex-1 gap-4 text-base md:gap-5 lg:gap-6 md:max-w-3xl lg:max-w-[40rem] xl:max-w-[48rem]\">\n<div class=\"group\/conversation-turn relative flex w-full min-w-0 flex-col agent-turn\">\n<div class=\"flex-col gap-1 md:gap-3\">\n<div class=\"flex max-w-full flex-col flex-grow\">\n<div class=\"min-h-8 text-message flex w-full flex-col items-end gap-2 whitespace-normal break-words text-start [.text-message+&amp;]:mt-5\" dir=\"auto\" data-message-author-role=\"assistant\" data-message-id=\"87137e43-9a3e-4479-90ac-22c23781ee39\" data-message-model-slug=\"gpt-4o\">\n<div class=\"flex w-full flex-col gap-1 empty:hidden first:pt-[3px]\">\n<div class=\"markdown prose w-full break-words dark:prose-invert light\">\n<div class=\"flex-1 overflow-hidden @container\/thread\">\n<div class=\"h-full\">\n<div class=\"react-scroll-to-bottom--css-cgxka-79elbk h-full\">\n<div class=\"react-scroll-to-bottom--css-cgxka-1n7m0yu\">\n<div class=\"flex flex-col text-sm md:pb-9\">\n<article class=\"w-full scroll-mb-[var(--thread-trailing-height,150px)] text-token-text-primary focus-visible:outline-2 focus-visible:outline-offset-[-4px]\" dir=\"auto\" data-testid=\"conversation-turn-5\" data-scroll-anchor=\"true\">\n<div class=\"m-auto text-base py-[18px] px-3 md:px-4 w-full md:px-5 lg:px-4 xl:px-5\">\n<div class=\"mx-auto flex flex-1 gap-4 text-base md:gap-5 lg:gap-6 md:max-w-3xl lg:max-w-[40rem] xl:max-w-[48rem]\">\n<div class=\"group\/conversation-turn relative flex w-full min-w-0 flex-col agent-turn\">\n<div class=\"flex-col gap-1 md:gap-3\">\n<div class=\"flex max-w-full flex-col flex-grow\">\n<div class=\"min-h-8 text-message flex w-full flex-col items-end gap-2 whitespace-normal break-words text-start [.text-message+&amp;]:mt-5\" dir=\"auto\" data-message-author-role=\"assistant\" data-message-id=\"e1e13d20-b396-4dc4-abdf-40facc05c4de\" data-message-model-slug=\"gpt-4o\">\n<div class=\"flex w-full flex-col gap-1 empty:hidden first:pt-[3px]\">\n<div class=\"markdown prose w-full break-words dark:prose-invert light\">\n<p>La <strong data-start=\"4\" data-end=\"48\">Vozol Star 20000 Z\u00fcge Einweg E-Zigarette \n\nbecomes \n\nVozol Star 20000 Caladas Cigarrillo Electr\u00f3nico Desechable<\/strong> con su innovadora <strong data-start=\"78\" data-end=\"108\">Tecnolog\u00eda de bobina de malla dual<\/strong>uno <strong data-start=\"116\" data-end=\"153\">Duraci\u00f3n de vida de m\u00e1s de 20.000 viajes<\/strong>, <strong data-start=\"155\" data-end=\"177\">diferentes modos<\/strong> y un refrescante <strong data-start=\"202\" data-end=\"215\">Hielo de Uva<\/strong>-Un sabor excepcional para una experiencia de vapeo para principiantes y usuarios experimentados en Alemania.<\/p>\n<\/div>\n<\/div>\n<\/div>\n<\/div>\n<\/div>\n<\/div>\n<\/div>\n<\/div>\n<\/article>\n<\/div>\n<\/div>\n<\/div>\n<\/div>\n<\/div>\n<div class=\"md:pt-0 dark:border-white\/20 md:border-transparent md:dark:border-transparent w-full\">\n<div>\n<div class=\"m-auto text-base px-3 md:px-4 w-full md:px-5 lg:px-4 xl:px-5\">\n<div class=\"mx-auto flex flex-1 gap-4 text-base md:gap-5 lg:gap-6 md:max-w-3xl lg:max-w-[40rem] xl:max-w-[48rem]\">\n<div class=\"flex justify-center\"><\/div>\n<\/div>\n<\/div>\n<\/div>\n<\/div>\n<\/div>\n<\/div>\n<\/div>\n<\/div>\n<div class=\"pr-2 lg:pr-0\"><\/div>\n<\/div>\n<\/div>\n<\/div>\n<\/div>\n<\/article>\n<\/div>\n<\/div>\n<\/div>\n<\/div>\n<\/div>\n<\/div>\n<\/div>\n<\/div>\n<\/div>\n<\/div>\n<\/div>\n<\/div>\n<\/div>\n<\/article>\n<\/div>\n<\/div>\n<\/div>\n<\/div>\n<\/div>\n<\/div>\n<\/div>\n<\/div>\n<\/div>\n<\/div>\n<\/div>\n<\/div>\n<\/div>\n<\/article>\n<\/div>\n<\/div>\n<\/div>\n<\/div>\n<\/div>\n<\/div>\n<\/div>\n<\/div>\n<\/div>\n<div class=\"pr-2 lg:pr-0\"><\/div>\n<div class=\"mt-3 w-full empty:hidden\">\n<div class=\"text-center\"><\/div>\n<\/div>\n<\/div>\n<div class=\"absolute\">\n<div class=\"flex items-center justify-center\"><\/div>\n<\/div>\n<\/div>\n<\/div>\n<\/div>\n<\/article>\n<\/div>\n<\/div>\n<\/div>\n<\/div>\n<\/div>\n<div class=\"md:pt-0 dark:border-white\/20 md:border-transparent md:dark:border-transparent w-full\">\n<div>\n<div class=\"m-auto text-base px-3 md:px-4 w-full md:px-5 lg:px-4 xl:px-5\">\n<div class=\"mx-auto flex flex-1 gap-4 text-base md:gap-5 lg:gap-6 md:max-w-3xl lg:max-w-[40rem] xl:max-w-[48rem]\">\n<div class=\"flex justify-center\"><\/div>\n<\/div>\n<\/div>\n<\/div>\n<\/div>\n<\/div>\n<\/div>\n<\/div>\n<\/div>\n<\/div>\n<\/div>\n<\/div>\n<\/div>\n<\/div>","protected":false},"featured_media":2421,"comment_status":"open","ping_status":"closed","template":"","meta":[],"product_brand":[],"product_cat":[113],"product_tag":[],"class_list":{"0":"post-2420","1":"product","2":"type-product","3":"status-publish","4":"has-post-thumbnail","6":"product_cat-vozol-star-20000","8":"first","9":"instock","10":"sale","11":"shipping-taxable","12":"purchasable","13":"product-type-simple"},"jetpack_sharing_enabled":true,"_links":{"self":[{"href":"https:\/\/alfakherwelt.de\/es\/wp-json\/wp\/v2\/product\/2420","targetHints":{"allow":["GET"]}}],"collection":[{"href":"https:\/\/alfakherwelt.de\/es\/wp-json\/wp\/v2\/product"}],"about":[{"href":"https:\/\/alfakherwelt.de\/es\/wp-json\/wp\/v2\/types\/product"}],"replies":[{"embeddable":true,"href":"https:\/\/alfakherwelt.de\/es\/wp-json\/wp\/v2\/comments?post=2420"}],"wp:featuredmedia":[{"embeddable":true,"href":"https:\/\/alfakherwelt.de\/es\/wp-json\/wp\/v2\/media\/2421"}],"wp:attachment":[{"href":"https:\/\/alfakherwelt.de\/es\/wp-json\/wp\/v2\/media?parent=2420"}],"wp:term":[{"taxonomy":"product_brand","embeddable":true,"href":"https:\/\/alfakherwelt.de\/es\/wp-json\/wp\/v2\/product_brand?post=2420"},{"taxonomy":"product_cat","embeddable":true,"href":"https:\/\/alfakherwelt.de\/es\/wp-json\/wp\/v2\/product_cat?post=2420"},{"taxonomy":"product_tag","embeddable":true,"href":"https:\/\/alfakherwelt.de\/es\/wp-json\/wp\/v2\/product_tag?post=2420"}],"curies":[{"name":"wp","href":"https:\/\/api.w.org\/{rel}","templated":true}]}}