{"id":2202,"date":"2025-02-05T01:26:19","date_gmt":"2025-02-05T01:26:19","guid":{"rendered":"https:\/\/alfakherwelt.de\/?post_type=product&#038;p=2202"},"modified":"2025-06-03T07:03:32","modified_gmt":"2025-06-03T07:03:32","slug":"al-fakher-crown-bar-8000-inhalaciones-cigarrillo-electronico-desechable-maracuya-dulce-40","status":"publish","type":"product","link":"https:\/\/alfakherwelt.de\/es\/producto\/al-fakher-crown-bar-8000-inhalaciones-cigarrillo-electronico-desechable-maracuya-dulce-40\/","title":{"rendered":"Arymi Hookalit 40000 Z\u00fcge Einweg E Zigarette \u2013 Passion Fruit\n\nSe convierte en \n\n Arymi Hookalit 40000 cigarrillos electr\u00f3nicos desechables - Fruta de la pasi\u00f3n"},"content":{"rendered":"<div style=\"width: 1020px;\" class=\"wp-video\"><video class=\"wp-video-shortcode\" id=\"video-2202-1\" width=\"1020\" height=\"574\" preload=\"metadata\" controls=\"controls\"><source type=\"video\/mp4\" src=\"https:\/\/alfakherwelt.de\/wp-content\/uploads\/2025\/01\/arymi-hookalit-40000-\u89c6\u9891.mp4?_=1\" \/><a href=\"https:\/\/alfakherwelt.de\/wp-content\/uploads\/2025\/01\/arymi-hookalit-40000-\u89c6\u9891.mp4\">https:\/\/alfakherwelt.de\/wp-content\/uploads\/2025\/01\/arymi-hookalit-40000-\u89c6\u9891.mp4<\/a><\/video><\/div>\n<h2><strong><a href=\"https:\/\/alfakherwelt.de\/es\/categoria-de-producto\/request-failed-with-status-code-512\/\">Arymi Hookalit 40000 Z\u00fcge \n\n(No translation needed for numbers and brand names, assuming \"Z\u00fcge\" is a German word and translate only that)\n\nArymi Hookalit 40000 trenes<\/a> Cigarrillo electr\u00f3nico desechable: Experimente el placer de vapear definitivo en Alemania<\/strong><\/h2>\n<p>La <strong>Arymi Hookalit 40000 Z\u00fcge Einweg E-Zigarette \n\nbecomes \n\nArymi Hookalit 40000 Disposable E-Cigarette<\/strong> Establece nuevos est\u00e1ndares en el mundo de los cigarrillos electr\u00f3nicos desechables. Con una impresionante capacidad de hasta <strong>40.000 trenes<\/strong> Y con un rendimiento excepcional, este dispositivo ofrece una experiencia de vapeo incomparable. Ideal para vapeadores que buscan calidad, confort y una variedad de aromas, la Arymi Hookalit tiene todo lo que necesitas para experimentar el placer perfecto de vapear.<\/p>\n<p>En este art\u00edculo le presentamos informaci\u00f3n detallada sobre la <strong>Arymi Hookalit 40000 Z\u00fcge Einweg E-Zigarette \n\nbecomes \n\nArymi Hookalit 40000 Disposable E-Cigarette<\/strong>, sus propiedades \u00fanicas y aromas a su disposici\u00f3n. Si est\u00e1 buscando un servicio fiable y potente <strong>Cigarrillo electr\u00f3nico desechable con nicotina<\/strong> encontrar\u00e1 en nuestro sitio web, <strong>alfakherwelt.de<\/strong>la mejor oferta.<\/p>\n<h3><strong>Descripci\u00f3n del producto:<\/strong><\/h3>\n<p>La <strong>Arymi Hookalit 40000 Z\u00fcge Einweg E-Zigarette \n\nbecomes \n\nArymi Hookalit 40000 Disposable E-Cigarette<\/strong> es uno de los vaporizadores desechables m\u00e1s avanzados y potentes disponibles en el mercado. Con un <strong>40ml E-Liquid<\/strong> ofrece no solo una larga vida \u00fatil, sino tambi\u00e9n una impresionante versatilidad en cuanto al sabor y la experiencia de vapeo. Ya sea que prefiera el cl\u00e1sico <strong>MTL<\/strong> (Mouth to Lung) Preferir vapear o <strong>DL<\/strong> (Direct Lung) vapear m\u00f6chten \u2013 die <strong>Arymi Hookalit<\/strong> se adapta perfectamente a sus necesidades.<\/p>\n<p>La <strong>integrada 1300mAh<\/strong> bater\u00eda recargable garantiza que su <strong>Cigarrillo electr\u00f3nico desechable<\/strong> est\u00e1 listo para usar en cualquier momento y le ofrece una larga vida \u00fatil. Gracias a la <strong>Carga USB tipo C<\/strong> (Cable not included) You can quickly charge the battery to continue your vaping experience without long downtimes.<\/p>\n<p>Un'altra caracter\u00edstica destacada \u00e9s el <strong>0,6 ohm Mesh Coil<\/strong>, que garantiza una producci\u00f3n de vapor uniforme e intensa. El <strong>Punta de gota tipo pajita<\/strong> provoca una sensaci\u00f3n agradable de tirantez, y el <strong>pantalla digital<\/strong> Permite un manejo y control sencillos de los ajustes.<\/p>\n<p>La <strong>Arymi Hookalit 40000 Z\u00fcge Einweg E-Zigarette \n\nbecomes \n\nArymi Hookalit 40000 Disposable E-Cigarette<\/strong> viene con una <strong>activaci\u00f3n del tren de f\u00e1cil manejo<\/strong>, para que simplemente puedas tirar de la e-cigarrilla para disfrutar del vapor. Para aquellos que valoran la flexibilidad, ofrece la <strong>Control de flujo de aire ajustable<\/strong> tanto para vapeo MTL como DL, la adaptaci\u00f3n perfecta.<\/p>\n<p>Das <strong>Nivel de nicotina de 5 mg\/ml<\/strong> (0,5%) ofrece una mezcla equilibrada para aquellos que prefieren una ingesta moderada de nicotina. Ya sea que sea un vapeador experimentado o un principiante, la <strong>Arymi Hookalit<\/strong> ofrece una agradable experiencia de vapor con cada viaje.<\/p>\n<h2><img loading=\"lazy\" decoding=\"async\" class=\"alignnone wp-image-2120 size-full\" style=\"color: #555555; font-size: 14.4px;\" src=\"https:\/\/alfakherwelt.de\/wp-content\/uploads\/2025\/01\/arymi-hookalit-40000-.webp\" alt=\"Arymi Hookalit 40000 Z\u00fcge Einweg E Zigarette - Passion Fruit se convierte en Arymi Hookalit 40000 Z\u00fcge Disposable E-Cigarette - Passion Fruit\" width=\"2000\" height=\"2000\" title=\"\" srcset=\"https:\/\/alfakherwelt.de\/wp-content\/uploads\/2025\/01\/arymi-hookalit-40000-.webp 2000w, https:\/\/alfakherwelt.de\/wp-content\/uploads\/2025\/01\/arymi-hookalit-40000--300x300.webp 300w, https:\/\/alfakherwelt.de\/wp-content\/uploads\/2025\/01\/arymi-hookalit-40000--1024x1024.webp 1024w, https:\/\/alfakherwelt.de\/wp-content\/uploads\/2025\/01\/arymi-hookalit-40000--150x150.webp 150w, https:\/\/alfakherwelt.de\/wp-content\/uploads\/2025\/01\/arymi-hookalit-40000--768x768.webp 768w, https:\/\/alfakherwelt.de\/wp-content\/uploads\/2025\/01\/arymi-hookalit-40000--1536x1536.webp 1536w, https:\/\/alfakherwelt.de\/wp-content\/uploads\/2025\/01\/arymi-hookalit-40000--12x12.webp 12w, https:\/\/alfakherwelt.de\/wp-content\/uploads\/2025\/01\/arymi-hookalit-40000--600x600.webp 600w, https:\/\/alfakherwelt.de\/wp-content\/uploads\/2025\/01\/arymi-hookalit-40000--100x100.webp 100w\" sizes=\"auto, (max-width: 2000px) 100vw, 2000px\" \/><\/h2>\n<h3><strong>Caracter\u00edsticas del producto de la <a href=\"https:\/\/alfakherwelt.de\/es\/categoria-de-producto\/request-failed-with-status-code-512\/\">Arymi Hookalit 40000 Z\u00fcge \n\n(No translation needed for numbers and brand names, assuming \"Z\u00fcge\" is a German word and translate only that)\n\nArymi Hookalit 40000 trenes<\/a> Cigarrillo electr\u00f3nico desechable<\/strong><\/h3>\n<ul>\n<li><strong>40ml de capacidad de l\u00edquido electr\u00f3nico:<\/strong> Ofrece una vida \u00fatil excepcionalmente larga de hasta 40.000 bocanegra en estilo MTL y 20.000 bocanegra en estilo DL.<\/li>\n<li><strong>Bater\u00eda recargable de 1300mAh:<\/strong> Permite un uso prolongado y se carga c\u00f3modamente a trav\u00e9s de USB tipo C.<\/li>\n<li><strong>0,6 Ohm Malla de Bobina:<\/strong> Garantiza una producci\u00f3n de vapor uniforme e intensa.<\/li>\n<li><strong>Punta de gota tipo pajita:<\/strong> Para una sensaci\u00f3n de tren agradable y un confort sencillo.<\/li>\n<li><strong>Control de flujo de aire ajustable:<\/strong> Optimiza tu experiencia de vapeo para MTL o DL seg\u00fan tus preferencias.<\/li>\n<li><strong>Pantalla digital:<\/strong> Ofrece una interfaz de usuario sencilla para el monitoreo de los par\u00e1metros de vapeo.<\/li>\n<li><strong>Nikotina fuerza:<\/strong> 0,5% nicotina (5 mg\/ml), perfecto para el consumo moderado.<\/li>\n<li><strong>Aromas aut\u00e9nticos de Shisha:<\/strong> Ideal para vapear DTL (Direct to Lung) y una amplia gama de sabores.<\/li>\n<li><strong>Activaci\u00f3n del tren:<\/strong> Disfruta de una experiencia de vapeo libre de estr\u00e9s que responde al tren.<\/li>\n<li><strong>Carga USB tipo C:<\/strong> Para una carga r\u00e1pida sin largos tiempos de espera.<\/li>\n<\/ul>\n<p><strong>Contenido de la entrega de la Arymi Hookalit 40000 caladas de cigarrillo electr\u00f3nico desechable:<\/strong><\/p>\n<ul>\n<li>1 x Arymi Hookalit 40K Kit desechable<\/li>\n<\/ul>\n<hr \/>\n<h3><strong>Aromas de la <a href=\"https:\/\/alfakherwelt.de\/es\/categoria-de-producto\/request-failed-with-status-code-512\/\">Arymi Hookalit 40000 Z\u00fcge \n\n(No translation needed for numbers and brand names, assuming \"Z\u00fcge\" is a German word and translate only that)\n\nArymi Hookalit 40000 trenes<\/a> Cigarrillo electr\u00f3nico desechable<\/strong><\/h3>\n<p>La <strong>Arymi Hookalit 40000 Z\u00fcge Einweg E-Zigarette \n\nbecomes \n\nArymi Hookalit 40000 Disposable E-Cigarette<\/strong> ofrece una variedad de sabores que elevan la experiencia de vapeo a un nuevo nivel. Actualmente ofrecemos en nuestro surtido el <strong>Maracuy\u00e1<\/strong>-Aroma on, que con su dulzura frutal y ex\u00f3tica y un \u00e1cido refrescante asegura el placer perfecto de vapear. Pero eso no es todo! Aqu\u00ed est\u00e1n los aromas detallados:<\/p>\n<h3><strong>Maracuy\u00e1<\/strong><\/h3>\n<p>La <strong>Maracuy\u00e1<\/strong> es un aroma tropical super que se conoce por su equilibrio \u00fanico de dulzura y frescura. La <strong>dulzura afrutada<\/strong> La pasi\u00f3n de la fruta es de una agradable <strong>nota \u00e1cida<\/strong> acompa\u00f1ados, que juntos ofrecen una explosi\u00f3n de sabor refrescante y revitalizante. El sabor es vivo, y la frescura de la pasi\u00f3n tropical hace que cada bocanada le recuerde unas vacaciones tropicales. Esta composici\u00f3n de sabores es especialmente popular entre los vapeadores que prefieren aromas frutales y dulces, que son a la vez refrescantes y no abrumadores.<\/p>\n<p>El sabor de la <strong>Maracuy\u00e1<\/strong> es especialmente adecuado para el <strong>Directo-al-Pulm\u00f3n (DL)<\/strong> Stil, ya que despliega el sabor completo y proporciona una experiencia de vapeo intensa. La <strong>intensidad afrutada<\/strong> Este aroma se ve potenciado por la excelente producci\u00f3n de vapor de la Arymi Hookalit, haciendo que cada calada sea una verdadera experiencia gustativa.<\/p>\n<p>Ya sea relaj\u00e1ndose vapeando en casa o en movimiento, la <strong>Maracuy\u00e1<\/strong> provoca una explosi\u00f3n de sabor constante que consiente a su paladar. Este aroma es ideal para vapeadores que buscan un sabor tropical inconfundible que se despliega de manera agradable y duradera en la lengua.<\/p>\n<hr \/>\n<h3><strong>Por qu\u00e9 usted la <a href=\"https:\/\/alfakherwelt.de\/es\/categoria-de-producto\/request-failed-with-status-code-512\/\">Arymi Hookalit 40000 Z\u00fcge \n\n(No translation needed for numbers and brand names, assuming \"Z\u00fcge\" is a German word and translate only that)\n\nArymi Hookalit 40000 trenes<\/a> Debes comprar cigarrillos electr\u00f3nicos desechables:<\/strong><\/h3>\n<p>La <strong>Arymi Hookalit 40000 Z\u00fcge Einweg E-Zigarette \n\nbecomes \n\nArymi Hookalit 40000 Disposable E-Cigarette<\/strong> ofrece una serie de ventajas destacadas que la distinguen de otros productos en el mercado. Aqu\u00ed hay algunas razones por las que este producto deber\u00eda ser su primera opci\u00f3n:<\/p>\n<ol>\n<li><strong>Larga vida \u00fatil:<\/strong> Con una impresionante capacidad de E-Liquid de <strong>40ml<\/strong> y un n\u00famero de Puff de hasta <strong>40.000 trenes<\/strong> (MTL) es uno de los cigarrillos electr\u00f3nicos desechables m\u00e1s duraderos del mercado.<\/li>\n<li><strong>Versatilidad:<\/strong> La <strong>Control de flujo de aire ajustable<\/strong> y la posibilidad de cambiar entre <strong>MTL y DL<\/strong> Cambiar a diferentes estilos de vapeo ofrecen una gran flexibilidad.<\/li>\n<li><strong>Mi tienda favorita:<\/strong> Gracias a la <strong>Funci\u00f3n de carga USB tipo C<\/strong> Puede cargar el dispositivo r\u00e1pidamente y siempre est\u00e1 listo para usar.<\/li>\n<li><strong>Aromas aut\u00e9nticos de Shisha:<\/strong> El uso de sabores de shisha aut\u00e9nticos garantiza una experiencia de sabor aut\u00e9ntica y de alta calidad.<\/li>\n<li><strong>F\u00e1cil de usar:<\/strong> Con la <strong>Activaci\u00f3n de tren<\/strong> Es muy f\u00e1cil vapear y no requiere una manipulaci\u00f3n complicada.<\/li>\n<li><strong>Excelentes aromas:<\/strong> Especialmente las <strong>Maracuy\u00e1<\/strong> Proporciona una experiencia de vapeo emocionante y refrescante.<\/li>\n<\/ol>\n<hr \/>\n<h3><strong>Preguntas frecuentes (FAQ):<\/strong><\/h3>\n<h4><strong>Cu\u00e1ntos golpes ofrece el vape de un solo uso Arymi Hookalit 40000<\/strong><\/h4>\n<p>La <strong>Arymi Hookalit 40000 Disposable E-Zigarette<\/strong> ofrece <strong>hasta 40.000 trenes en modo MTL<\/strong> y <strong>hasta 20.000 trenes en modo DL<\/strong>.<\/p>\n<h4><strong>2. \u00bfCu\u00e1l es el nivel de nicotina de Arymi Hookalit?<\/strong><\/h4>\n<p>El dispositivo contiene <strong>0,5% Nicotina<\/strong> (5 mg\/ml), lo que proporciona una absorci\u00f3n equilibrada de nicotina para la mayor\u00eda de los vapeadores.<\/p>\n<h4><strong>3. \u00bfPuedo recargar el cigarrillo electr\u00f3nico desechable Arymi Hookalit 40000?<\/strong><\/h4>\n<p>S\u00ed, la <strong>Arymi Hookalit 40000<\/strong> dispone de una <strong>bater\u00eda recargable de 1300mAh<\/strong>que est\u00e1n sobre <strong>USB tipo C<\/strong> se puede cargar (cable de carga no incluido).<\/p>\n<h4><strong>\u00bfCu\u00e1les sabores est\u00e1n disponibles?<\/strong><\/h4>\n<p>Actualmente ofrecemos eso <strong>Maracuy\u00e1<\/strong>-Aroma on, conocido por su dulzura fresca y afrutada. Podr\u00edan seguir m\u00e1s sabores.<\/p>\n<h4><strong>5. \u00bfC\u00f3mo puedo comprar la Arymi Hookalit 40000?<\/strong><\/h4>\n<p>Visite nuestro sitio web<a href=\"https:\/\/alfakherwelt.de\/es\/\"> <strong>alfakherwelt.de<\/strong><\/a>la mayor plataforma en l\u00ednea para <strong>E-Zigarettes de un solo uso<\/strong> en <strong>Alemania<\/strong>y aseg\u00farese de obtener su <strong>Arymi Hookalit 40000 Z\u00fcge Einweg E-Zigarette \n\nbecomes \n\nArymi Hookalit 40000 Disposable E-Cigarette<\/strong> a\u00fan<\/p>","protected":false},"excerpt":{"rendered":"<div class=\"flex-shrink-0 flex flex-col relative items-end\">\n<div class=\"pt-0\">\n<div class=\"gizmo-shadow-stroke flex h-8 w-8 items-center justify-center overflow-hidden rounded-full\">\n<div class=\"h-full w-full\">\n<div class=\"flex-shrink-0 flex flex-col relative items-end\">\n<div class=\"pt-0\">\n<div class=\"gizmo-shadow-stroke flex h-8 w-8 items-center justify-center overflow-hidden rounded-full\">\n<div class=\"h-full w-full\">\n<div class=\"gizmo-shadow-stroke overflow-hidden rounded-full\">\n<div class=\"flex-1 overflow-hidden\">\n<div class=\"h-full\">\n<div class=\"react-scroll-to-bottom--css-nphjn-79elbk h-full\">\n<div class=\"react-scroll-to-bottom--css-nphjn-1n7m0yu\">\n<div class=\"flex flex-col text-sm md:pb-9\">\n<article class=\"w-full scroll-mb-[var(--thread-trailing-height,150px)] text-token-text-primary focus-visible:outline-2 focus-visible:outline-offset-[-4px]\" dir=\"auto\" data-testid=\"conversation-turn-5\" data-scroll-anchor=\"true\">\n<div class=\"m-auto text-base py-[18px] px-3 md:px-4 w-full md:px-5 lg:px-4 xl:px-5\">\n<div class=\"mx-auto flex flex-1 gap-4 text-base md:gap-5 lg:gap-6 md:max-w-3xl lg:max-w-[40rem] xl:max-w-[48rem]\">\n<div class=\"group\/conversation-turn relative flex w-full min-w-0 flex-col agent-turn\">\n<div class=\"flex-col gap-1 md:gap-3\">\n<div class=\"flex max-w-full flex-col flex-grow\">\n<div class=\"min-h-8 text-message flex w-full flex-col items-end gap-2 whitespace-normal break-words [.text-message+&amp;]:mt-5\" dir=\"auto\" data-message-author-role=\"assistant\" data-message-id=\"1982dcee-f0f5-4cfa-a269-fdbaed43d922\" data-message-model-slug=\"gpt-4o\">\n<div class=\"flex w-full flex-col gap-1 empty:hidden first:pt-[3px]\">\n<div class=\"markdown prose w-full break-words dark:prose-invert light\">\n<div class=\"flex-1 overflow-hidden\">\n<div class=\"h-full\">\n<div class=\"react-scroll-to-bottom--css-xrsce-79elbk h-full\">\n<div class=\"react-scroll-to-bottom--css-xrsce-1n7m0yu\">\n<div class=\"flex flex-col text-sm md:pb-9\">\n<article class=\"w-full scroll-mb-[var(--thread-trailing-height,150px)] text-token-text-primary focus-visible:outline-2 focus-visible:outline-offset-[-4px]\" dir=\"auto\" data-testid=\"conversation-turn-5\" data-scroll-anchor=\"true\">\n<div class=\"m-auto text-base py-[18px] px-3 md:px-4 w-full md:px-5 lg:px-4 xl:px-5\">\n<div class=\"mx-auto flex flex-1 gap-4 text-base md:gap-5 lg:gap-6 md:max-w-3xl lg:max-w-[40rem] xl:max-w-[48rem]\">\n<div class=\"group\/conversation-turn relative flex w-full min-w-0 flex-col agent-turn\">\n<div class=\"flex-col gap-1 md:gap-3\">\n<div class=\"flex max-w-full flex-col flex-grow\">\n<div class=\"min-h-8 text-message flex w-full flex-col items-end gap-2 whitespace-normal break-words [.text-message+&amp;]:mt-5\" dir=\"auto\" data-message-author-role=\"assistant\" data-message-id=\"1a0c8d71-a6be-4cc9-b460-deb3e7ecbf47\" data-message-model-slug=\"gpt-4o\">\n<div class=\"flex w-full flex-col gap-1 empty:hidden first:pt-[3px]\">\n<div class=\"markdown prose w-full break-words dark:prose-invert light\">\n<div class=\"flex-1 overflow-hidden\">\n<div class=\"h-full\">\n<div class=\"react-scroll-to-bottom--css-gqbzc-79elbk h-full\">\n<div class=\"react-scroll-to-bottom--css-gqbzc-1n7m0yu\">\n<div class=\"flex flex-col text-sm md:pb-9\">\n<article class=\"w-full scroll-mb-[var(--thread-trailing-height,150px)] text-token-text-primary focus-visible:outline-2 focus-visible:outline-offset-[-4px]\" dir=\"auto\" data-testid=\"conversation-turn-5\" data-scroll-anchor=\"true\">\n<div class=\"m-auto text-base py-[18px] px-3 md:px-4 w-full md:px-5 lg:px-4 xl:px-5\">\n<div class=\"mx-auto flex flex-1 gap-4 text-base md:gap-5 lg:gap-6 md:max-w-3xl lg:max-w-[40rem] xl:max-w-[48rem]\">\n<div class=\"group\/conversation-turn relative flex w-full min-w-0 flex-col agent-turn\">\n<div class=\"flex-col gap-1 md:gap-3\">\n<div class=\"flex max-w-full flex-col flex-grow\">\n<div class=\"min-h-8 text-message flex w-full flex-col items-end gap-2 whitespace-normal break-words [.text-message+&amp;]:mt-5\" dir=\"auto\" data-message-author-role=\"assistant\" data-message-id=\"ca066132-0777-4603-995e-a689971b3380\" data-message-model-slug=\"gpt-4o\">\n<div class=\"flex w-full flex-col gap-1 empty:hidden first:pt-[3px]\">\n<div class=\"markdown prose w-full break-words dark:prose-invert light\">\n<div class=\"flex-1 overflow-hidden @container\/thread\">\n<div class=\"h-full\">\n<div class=\"react-scroll-to-bottom--css-rkqgb-79elbk h-full\">\n<div class=\"react-scroll-to-bottom--css-rkqgb-1n7m0yu\">\n<div class=\"flex flex-col text-sm md:pb-9\">\n<article class=\"w-full scroll-mb-[var(--thread-trailing-height,150px)] text-token-text-primary focus-visible:outline-2 focus-visible:outline-offset-[-4px]\" dir=\"auto\" data-testid=\"conversation-turn-9\" data-scroll-anchor=\"true\">\n<div class=\"m-auto text-base py-[18px] px-3 md:px-4 w-full md:px-5 lg:px-4 xl:px-5\">\n<div class=\"mx-auto flex flex-1 gap-4 text-base md:gap-5 lg:gap-6 md:max-w-3xl lg:max-w-[40rem] xl:max-w-[48rem]\">\n<div class=\"group\/conversation-turn relative flex w-full min-w-0 flex-col agent-turn\">\n<div class=\"flex-col gap-1 md:gap-3\">\n<div class=\"flex max-w-full flex-col flex-grow\">\n<div class=\"min-h-8 text-message flex w-full flex-col items-end gap-2 whitespace-normal break-words text-start [.text-message+&amp;]:mt-5\" dir=\"auto\" data-message-author-role=\"assistant\" data-message-id=\"87137e43-9a3e-4479-90ac-22c23781ee39\" data-message-model-slug=\"gpt-4o\">\n<div class=\"flex w-full flex-col gap-1 empty:hidden first:pt-[3px]\">\n<div class=\"markdown prose w-full break-words dark:prose-invert light\">\n<div class=\"flex-1 overflow-hidden @container\/thread\">\n<div class=\"h-full\">\n<div class=\"react-scroll-to-bottom--css-cgxka-79elbk h-full\">\n<div class=\"react-scroll-to-bottom--css-cgxka-1n7m0yu\">\n<div class=\"flex flex-col text-sm md:pb-9\">\n<article class=\"w-full scroll-mb-[var(--thread-trailing-height,150px)] text-token-text-primary focus-visible:outline-2 focus-visible:outline-offset-[-4px]\" dir=\"auto\" data-testid=\"conversation-turn-5\" data-scroll-anchor=\"true\">\n<div class=\"m-auto text-base py-[18px] px-3 md:px-4 w-full md:px-5 lg:px-4 xl:px-5\">\n<div class=\"mx-auto flex flex-1 gap-4 text-base md:gap-5 lg:gap-6 md:max-w-3xl lg:max-w-[40rem] xl:max-w-[48rem]\">\n<div class=\"group\/conversation-turn relative flex w-full min-w-0 flex-col agent-turn\">\n<div class=\"flex-col gap-1 md:gap-3\">\n<div class=\"flex max-w-full flex-col flex-grow\">\n<div class=\"min-h-8 text-message flex w-full flex-col items-end gap-2 whitespace-normal break-words text-start [.text-message+&amp;]:mt-5\" dir=\"auto\" data-message-author-role=\"assistant\" data-message-id=\"e1e13d20-b396-4dc4-abdf-40facc05c4de\" data-message-model-slug=\"gpt-4o\">\n<div class=\"flex w-full flex-col gap-1 empty:hidden first:pt-[3px]\">\n<div class=\"markdown prose w-full break-words dark:prose-invert light\">\n<p>La <strong>Arymi Hookalit 40000 cigarros electr\u00f3nicos de un solo uso<\/strong> con su oferta <strong>40 ml de capacidad de l\u00edquido electr\u00f3nico<\/strong>, <strong>Bater\u00eda de 1300 mAh<\/strong>, <strong>40.000 trenes<\/strong> para MTL, <strong>control de flujo de aire adaptable<\/strong> y el <strong>aut\u00e9ntico maracuy\u00e1-<\/strong>Sabor una experiencia de vapeo duradera y personalizable, que es perfecta para todos los vapeadores en Alemania.<\/p>\n<\/div>\n<\/div>\n<\/div>\n<\/div>\n<\/div>\n<\/div>\n<\/div>\n<\/div>\n<\/article>\n<\/div>\n<\/div>\n<\/div>\n<\/div>\n<\/div>\n<div class=\"md:pt-0 dark:border-white\/20 md:border-transparent md:dark:border-transparent w-full\">\n<div>\n<div class=\"m-auto text-base px-3 md:px-4 w-full md:px-5 lg:px-4 xl:px-5\">\n<div class=\"mx-auto flex flex-1 gap-4 text-base md:gap-5 lg:gap-6 md:max-w-3xl lg:max-w-[40rem] xl:max-w-[48rem]\">\n<div class=\"flex justify-center\"><\/div>\n<\/div>\n<\/div>\n<\/div>\n<\/div>\n<\/div>\n<\/div>\n<\/div>\n<\/div>\n<div class=\"pr-2 lg:pr-0\"><\/div>\n<\/div>\n<\/div>\n<\/div>\n<\/div>\n<\/article>\n<\/div>\n<\/div>\n<\/div>\n<\/div>\n<\/div>\n<\/div>\n<\/div>\n<\/div>\n<\/div>\n<\/div>\n<\/div>\n<\/div>\n<\/div>\n<\/article>\n<\/div>\n<\/div>\n<\/div>\n<\/div>\n<\/div>\n<\/div>\n<\/div>\n<\/div>\n<\/div>\n<\/div>\n<\/div>\n<\/div>\n<\/div>\n<\/article>\n<\/div>\n<\/div>\n<\/div>\n<\/div>\n<\/div>\n<\/div>\n<\/div>\n<\/div>\n<\/div>\n<div class=\"pr-2 lg:pr-0\"><\/div>\n<div class=\"mt-3 w-full empty:hidden\">\n<div class=\"text-center\"><\/div>\n<\/div>\n<\/div>\n<div class=\"absolute\">\n<div class=\"flex items-center justify-center\"><\/div>\n<\/div>\n<\/div>\n<\/div>\n<\/div>\n<\/article>\n<\/div>\n<\/div>\n<\/div>\n<\/div>\n<\/div>\n<div class=\"md:pt-0 dark:border-white\/20 md:border-transparent md:dark:border-transparent w-full\">\n<div>\n<div class=\"m-auto text-base px-3 md:px-4 w-full md:px-5 lg:px-4 xl:px-5\">\n<div class=\"mx-auto flex flex-1 gap-4 text-base md:gap-5 lg:gap-6 md:max-w-3xl lg:max-w-[40rem] xl:max-w-[48rem]\">\n<div class=\"flex justify-center\"><\/div>\n<\/div>\n<\/div>\n<\/div>\n<\/div>\n<\/div>\n<\/div>\n<\/div>\n<\/div>\n<\/div>\n<\/div>\n<\/div>\n<\/div>\n<\/div>","protected":false},"featured_media":2204,"comment_status":"open","ping_status":"closed","template":"","meta":[],"product_brand":[],"product_cat":[110],"product_tag":[],"class_list":{"0":"post-2202","1":"product","2":"type-product","3":"status-publish","4":"has-post-thumbnail","6":"product_cat-arymi-hookalit-40000","8":"first","9":"instock","10":"sale","11":"shipping-taxable","12":"purchasable","13":"product-type-simple"},"jetpack_sharing_enabled":true,"_links":{"self":[{"href":"https:\/\/alfakherwelt.de\/es\/wp-json\/wp\/v2\/product\/2202","targetHints":{"allow":["GET"]}}],"collection":[{"href":"https:\/\/alfakherwelt.de\/es\/wp-json\/wp\/v2\/product"}],"about":[{"href":"https:\/\/alfakherwelt.de\/es\/wp-json\/wp\/v2\/types\/product"}],"replies":[{"embeddable":true,"href":"https:\/\/alfakherwelt.de\/es\/wp-json\/wp\/v2\/comments?post=2202"}],"wp:featuredmedia":[{"embeddable":true,"href":"https:\/\/alfakherwelt.de\/es\/wp-json\/wp\/v2\/media\/2204"}],"wp:attachment":[{"href":"https:\/\/alfakherwelt.de\/es\/wp-json\/wp\/v2\/media?parent=2202"}],"wp:term":[{"taxonomy":"product_brand","embeddable":true,"href":"https:\/\/alfakherwelt.de\/es\/wp-json\/wp\/v2\/product_brand?post=2202"},{"taxonomy":"product_cat","embeddable":true,"href":"https:\/\/alfakherwelt.de\/es\/wp-json\/wp\/v2\/product_cat?post=2202"},{"taxonomy":"product_tag","embeddable":true,"href":"https:\/\/alfakherwelt.de\/es\/wp-json\/wp\/v2\/product_tag?post=2202"}],"curies":[{"name":"wp","href":"https:\/\/api.w.org\/{rel}","templated":true}]}}