{"id":2121,"date":"2025-01-24T10:39:08","date_gmt":"2025-01-24T10:39:08","guid":{"rendered":"https:\/\/alfakherwelt.de\/?post_type=product&#038;p=2121"},"modified":"2025-06-03T07:02:26","modified_gmt":"2025-06-03T07:02:26","slug":"al-fakher-crown-bar-8000-inhalaciones-cigarrillo-electronico-desechable-maracuya-dulce-39","status":"publish","type":"product","link":"https:\/\/alfakherwelt.de\/es\/producto\/al-fakher-crown-bar-8000-inhalaciones-cigarrillo-electronico-desechable-maracuya-dulce-39\/","title":{"rendered":"Arymi Hookalit 40000 Z\u00fcge Einweg E Zigarette \u2013 Mr. Blue \n\nbecomes \n\nArymi Hookalit 40000 Z\u00fcge Einweg E Zigarette \u2013 Mr. Blue"},"content":{"rendered":"<div style=\"width: 1020px;\" class=\"wp-video\"><video class=\"wp-video-shortcode\" id=\"video-2121-1\" width=\"1020\" height=\"574\" preload=\"metadata\" controls=\"controls\"><source type=\"video\/mp4\" src=\"https:\/\/alfakherwelt.de\/wp-content\/uploads\/2025\/01\/olit-95cbf118df2e173e3d559b72158922b9.mp4?_=1\" \/><a href=\"https:\/\/alfakherwelt.de\/wp-content\/uploads\/2025\/01\/olit-95cbf118df2e173e3d559b72158922b9.mp4\">https:\/\/alfakherwelt.de\/wp-content\/uploads\/2025\/01\/olit-95cbf118df2e173e3d559b72158922b9.mp4<\/a><\/video><\/div>\n<h2><a href=\"https:\/\/alfakherwelt.de\/es\/categoria-de-producto\/request-failed-with-status-code-512\/\">Arymi Hookalit 40000 Z\u00fcge \n\n(No translation needed for numbers and brand names, assuming \"Z\u00fcge\" is a German word and translate only that)\n\nArymi Hookalit 40000 trenes<\/a> Cigarrillo electr\u00f3nico desechable: La elecci\u00f3n definitiva para entusiastas del vapeo en Alemania<\/h2>\n<p>La <strong>Arymi Hookalit 40000 Z\u00fcge Einweg E-Zigarette \n\nbecomes \n\nArymi Hookalit 40000 Disposable E-Cigarette<\/strong> es el non plus ultra para todos los que buscan una experiencia de vapeo potente, f\u00e1cil de usar y placentera. Con un impresionante <strong>40ml de capacidad de l\u00edquido electr\u00f3nico<\/strong> y una variedad de funciones innovadoras, este modelo ofrece todo lo que se espera de un cigarrillo electr\u00f3nico desechable moderno. Especialmente en Alemania, se est\u00e1n volviendo muy populares <strong>E-Zigarettes de un solo uso con nicotina<\/strong> cada vez mayor popularidad, y las <strong>Arymi Hookalit 40000<\/strong> Establece nuevos est\u00e1ndares aqu\u00ed. En este art\u00edculo, te enterar\u00e1s de todo lo que necesitas saber sobre este extraordinario cigarrillo electr\u00f3nico y por qu\u00e9 deber\u00edas cambiar al  tuyo. <strong>Comprar vape<\/strong> deber\u00edan.<\/p>\n<hr \/>\n<h3>Descripci\u00f3n del producto: Vapeo sin compromisos en todos los aspectos<\/h3>\n<p>La <strong>Arymi Hookalit 40000 Z\u00fcge Einweg E-Zigarette \n\nbecomes \n\nArymi Hookalit 40000 Disposable E-Cigarette<\/strong> combina tecnolog\u00eda innovadora con una excepcional facilidad de uso. Esta <strong>Cigarrillo electr\u00f3nico desechable<\/strong> convincente con una <strong>capacidad de l\u00edquido electr\u00f3nico gigantesca<\/strong> de <strong>40ml<\/strong>que representan un n\u00famero notable de usuarios <strong>40.000 trenes<\/strong> (o con MTL) o 20.000 bocanegra (con DL) ofrece. Por lo tanto, es la opci\u00f3n ideal para vapeadores a largo plazo que no quieren hacer concesiones. Esta <strong>Cigarrillo electr\u00f3nico con nicotina<\/strong> contiene <strong>5mg\/ml de nicotina<\/strong> y proporciona un golpe de nicotina completo y satisfactorio - ideal para fumadores que quieren cambiar a vapear.<\/p>\n<p>Gracias a <strong>integrierten 1300mAh Akkus \n\n\u2192 \nbater\u00edas integradas de 1300mAh<\/strong> y el <strong>Funci\u00f3n de carga USB tipo C<\/strong> El dispositivo es especialmente duradero y se carga r\u00e1pidamente. El dispositivo puede ser utilizado tanto en <strong>MTL (Boca a Pulm\u00f3n)<\/strong> as well as in \n No,  als auch im -&gt; as\u00ed como en el <strong>DL (Pulm\u00f3n Directo)<\/strong> Modo ser utilizado, por lo que es adecuado para todo tipo de vapeadores, ya sea que sea un principiante o un usuario experimentado.<\/p>\n<p>Con la <strong>0,6 ohm Lit Malla Bobina<\/strong> y el <strong>Punta de gota tipo pajita<\/strong> experimente un tiro constante y agradable que a la vez protege el <strong>tanto el modo MTL como el modo DL<\/strong> perfectamente compatible. Adem\u00e1s, puede a trav\u00e9s de la <strong>Control de flujo de aire ajustable<\/strong> ajustar el flujo de aire a voluntad para obtener la experiencia de vapeo \u00f3ptima. La <strong>pantalla digital<\/strong> permite un control sencillo de los ajustes, de modo que siempre sepa cu\u00e1nta energ\u00eda queda en la bater\u00eda.<\/p>\n<hr \/>\n<h3>Caracter\u00edsticas del producto en detalle<\/h3>\n<ul>\n<li><strong>40ml de capacidad de l\u00edquido electr\u00f3nico<\/strong>: Enorme cantidad de l\u00edquido para un placer duradero.<\/li>\n<li><strong>Bater\u00eda integrada de 1300mAh<\/strong>: Para una larga vida \u00fatil sin recargar constantemente.<\/li>\n<li><strong>N\u00famero de trenes<\/strong>: Aproximadamente 40.000 trenes en modo MTL y 20.000 trenes en modo DL.<\/li>\n<li><strong>0,6 ohm Mesh Coil<\/strong>Para un sabor uniforme e intenso.<\/li>\n<li><strong>Punta de gota tipo pajita<\/strong>: Aumenta la comodidad al vapear y mejora la experiencia del bocado.<\/li>\n<li><strong>Control de flujo de aire ajustable<\/strong>Optimice el flujo de aire para el efecto de vapor deseado.<\/li>\n<li><strong>0,5% Nicotina (5mg\/ml)<\/strong>: Ideal para usuarios que prefieren una ingesta moderada de nicotina.<\/li>\n<li><strong>Aromas aut\u00e9nticos de Shisha<\/strong>: Perfecto para vapeadores DTL (Directo a Pulm\u00f3n).<\/li>\n<li><strong>Conector de carga USB tipo C<\/strong>Carga r\u00e1pida y sencilla.<\/li>\n<li><strong>Activado por sorteo<\/strong>: Activaci\u00f3n mediante un simple deslizamiento, no se requiere presi\u00f3n de bot\u00f3n.<\/li>\n<\/ul>\n<hr \/>\n<h3>Perfil de sabor: Una experiencia gustativa de primera clase<\/h3>\n<p>La <strong><a href=\"https:\/\/alfakherwelt.de\/es\/categoria-de-producto\/request-failed-with-status-code-512\/\">Arymi Hookalit 40000 Z\u00fcge \n\n(No translation needed for numbers and brand names, assuming \"Z\u00fcge\" is a German word and translate only that)\n\nArymi Hookalit 40000 trenes<\/a> Cigarrillo electr\u00f3nico desechable<\/strong> ofrece una amplia selecci\u00f3n de productos \u00fanicos y aut\u00e9nticos <strong>Sabores para shisha<\/strong>que elevan su experiencia de vapeo a un nuevo nivel. Especialmente\u503c\u5f97 destacar es el <strong>Sr. Azul<\/strong>Un sabor que se convierte en el favorito absoluto para muchos vapeadores.<\/p>\n<p>Der <strong>Sr. Azul<\/strong>El sabor combina los aromas frutales de bayas frescas, c\u00edtricos jugosos y un toque de mentol. La nota de bayas no es solo dulce e intensa, sino tambi\u00e9n refrescante, lo que hace que el sabor sea especialmente vivo y armonioso. El toque c\u00edtrico aporta una acidez agradable que armoniza perfectamente con las bayas dulces y completa el cuadro general. El contenido de mentol proporciona una frescura refrescante y una salida fresca, lo que hace que el sabor sea una experiencia refrescante y revitalizante.<\/p>\n<p>Este \u00fanico <strong>Perfil de sabor<\/strong> es ideal para vapeadores que buscan una combinaci\u00f3n de sabores compleja pero bien equilibrada. La experiencia de sabor permanece en la boca durante mucho tiempo y proporciona una frescura intensa, aunque no abrumadora. Es especialmente adecuado para el <strong>Sr. Azul<\/strong>Sabor para los vaporizadores im <strong>Modo DL<\/strong>, ya que los aromas se hacen a\u00fan m\u00e1s intensos debido a la mayor cantidad de aire y al mayor caudal de vapor.<\/p>\n<hr \/>\n<h3>Por qu\u00e9 deber\u00eda usted la <a href=\"https:\/\/alfakherwelt.de\/es\/categoria-de-producto\/request-failed-with-status-code-512\/\">Arymi Hookalit 40000<\/a> Comprar cigarrillo electr\u00f3nico desechable?<\/h3>\n<p>La <strong>Arymi Hookalit 40000 Z\u00fcge Einweg E-Zigarette \n\nbecomes \n\nArymi Hookalit 40000 Disposable E-Cigarette<\/strong> Ofrece una serie de ventajas que la convierten en una opci\u00f3n de primera categor\u00eda para cualquier vapeador. Aqu\u00ed est\u00e1n las razones por las que definitivamente deber\u00edas comprar este cigarrillo electr\u00f3nico:<\/p>\n<h4>1. <strong>Durabilidad y capacidad<\/strong><\/h4>\n<p>Con una capacidad de 40ml y una cantidad de inhalaciones de hasta 40.000 inhalaciones en modo MTL o 20.000 inhalaciones en modo DL, este cigarrillo electr\u00f3nico es ideal para vapeadores a largo plazo que est\u00e1n mucho en movimiento o que desean evitar rellenar l\u00edquido y cambiar los pods.<\/p>\n<h4>2. <strong>Facilidad de uso<\/strong><\/h4>\n<p>Gracias a la <strong>Activado por sorteo<\/strong>La funci\u00f3n hace que vapear sea tan f\u00e1cil como tirar de un cigarrillo convencional. No hay botones, no hay ajustes complicados, simplemente tira y disfruta.<\/p>\n<h4>3. <strong>Flujo de aire ajustable individualmente<\/strong><\/h4>\n<p>Con la <strong>control de flujo de aire ajustable<\/strong> pueden adaptar el vapeo completamente a sus preferencias. Ya sea que desee el suave <strong>MTL-Genuss<\/strong> o el fuerte <strong>DL-Stream<\/strong> preferir, las <strong>Arymi Hookalit 40000<\/strong> no deja deseos insatisfechos.<\/p>\n<h4>4. <strong>Carga r\u00e1pida<\/strong><\/h4>\n<p>Con la <strong>USB tipo C<\/strong>-La funci\u00f3n de carga carga r\u00e1pidamente su dispositivo para que no tenga que hacer largas pausas entre las sesiones de vapeo.<\/p>\n<h4>5. <strong>Sabores de primera calidad<\/strong><\/h4>\n<p>La <strong>Sabores para shisha<\/strong> son aut\u00e9nticos y ofrecen una experiencia de vapeo inconfundible que se diferencia de otros cigarrillos electr\u00f3nicos desechables.<\/p>\n<hr \/>\n<h3>Preguntas frecuentes (FAQs)<\/h3>\n<h4>La Arymi Hookalit 40000 \u00bfes legal en Alemania?<\/h4>\n<p>S\u00ed, la <strong>Arymi Hookalit 40000<\/strong> Corresponde a todas las regulaciones vigentes en Alemania y es completamente legal.<\/p>\n<h4>\u00bfCu\u00e1nto dura la bater\u00eda?<\/h4>\n<p>El acumulador tiene una capacidad de <strong>1300mAh<\/strong> y permite un uso prolongado, dependiendo de su estilo de vapeo. Con un uso regular, el dispositivo puede durar varios d\u00edas o semanas.<\/p>\n<h4>\u00bfDebo rellenar el tanque?<\/h4>\n<p>No, la <a href=\"https:\/\/alfakherwelt.de\/es\/categoria-de-producto\/request-failed-with-status-code-512\/\"><strong>Arymi Hookalit 40000<\/strong><\/a> es una <strong>Cigarrillo electr\u00f3nico desechable<\/strong>significa que el tanque de l\u00edquido electr\u00f3nico no necesita ser rellenado despu\u00e9s de su uso.<\/p>\n<h4>\u00bfEs adecuado el cigarrillo electr\u00f3nico para principiantes?<\/h4>\n<p>S\u00ed, la <strong>Arymi Hookalit 40000<\/strong> es gracias a ella <strong>Activado por sorteo<\/strong>Tambi\u00e9n es ideal para principiantes gracias a su funci\u00f3n y control f\u00e1cil de usar.<\/p>\n<hr \/>\n<p>Para el placer de vapor definitivo en Alemania, deber\u00eda <strong>Arymi Hookalit 40000 Z\u00fcge Einweg E-Zigarette \n\nbecomes \n\nArymi Hookalit 40000 Disposable E-Cigarette<\/strong> ahora en <a href=\"https:\/\/alfakherwelt.de\/es\/\"><strong>alfakherwelt.de<\/strong><\/a> comprar. Como la mayor plataforma en l\u00ednea para <strong>E-Zigarettes de un solo uso con nicotina<\/strong> En Alemania, ofrecemos solamente los mejores productos y un servicio al cliente excepcional.<\/p>","protected":false},"excerpt":{"rendered":"<div class=\"flex-shrink-0 flex flex-col relative items-end\">\n<div class=\"pt-0\">\n<div class=\"gizmo-shadow-stroke flex h-8 w-8 items-center justify-center overflow-hidden rounded-full\">\n<div class=\"h-full w-full\">\n<div class=\"flex-shrink-0 flex flex-col relative items-end\">\n<div class=\"pt-0\">\n<div class=\"gizmo-shadow-stroke flex h-8 w-8 items-center justify-center overflow-hidden rounded-full\">\n<div class=\"h-full w-full\">\n<div class=\"gizmo-shadow-stroke overflow-hidden rounded-full\">\n<div class=\"flex-1 overflow-hidden\">\n<div class=\"h-full\">\n<div class=\"react-scroll-to-bottom--css-nphjn-79elbk h-full\">\n<div class=\"react-scroll-to-bottom--css-nphjn-1n7m0yu\">\n<div class=\"flex flex-col text-sm md:pb-9\">\n<article class=\"w-full scroll-mb-[var(--thread-trailing-height,150px)] text-token-text-primary focus-visible:outline-2 focus-visible:outline-offset-[-4px]\" dir=\"auto\" data-testid=\"conversation-turn-5\" data-scroll-anchor=\"true\">\n<div class=\"m-auto text-base py-[18px] px-3 md:px-4 w-full md:px-5 lg:px-4 xl:px-5\">\n<div class=\"mx-auto flex flex-1 gap-4 text-base md:gap-5 lg:gap-6 md:max-w-3xl lg:max-w-[40rem] xl:max-w-[48rem]\">\n<div class=\"group\/conversation-turn relative flex w-full min-w-0 flex-col agent-turn\">\n<div class=\"flex-col gap-1 md:gap-3\">\n<div class=\"flex max-w-full flex-col flex-grow\">\n<div class=\"min-h-8 text-message flex w-full flex-col items-end gap-2 whitespace-normal break-words [.text-message+&amp;]:mt-5\" dir=\"auto\" data-message-author-role=\"assistant\" data-message-id=\"1982dcee-f0f5-4cfa-a269-fdbaed43d922\" data-message-model-slug=\"gpt-4o\">\n<div class=\"flex w-full flex-col gap-1 empty:hidden first:pt-[3px]\">\n<div class=\"markdown prose w-full break-words dark:prose-invert light\">\n<div class=\"flex-1 overflow-hidden\">\n<div class=\"h-full\">\n<div class=\"react-scroll-to-bottom--css-xrsce-79elbk h-full\">\n<div class=\"react-scroll-to-bottom--css-xrsce-1n7m0yu\">\n<div class=\"flex flex-col text-sm md:pb-9\">\n<article class=\"w-full scroll-mb-[var(--thread-trailing-height,150px)] text-token-text-primary focus-visible:outline-2 focus-visible:outline-offset-[-4px]\" dir=\"auto\" data-testid=\"conversation-turn-5\" data-scroll-anchor=\"true\">\n<div class=\"m-auto text-base py-[18px] px-3 md:px-4 w-full md:px-5 lg:px-4 xl:px-5\">\n<div class=\"mx-auto flex flex-1 gap-4 text-base md:gap-5 lg:gap-6 md:max-w-3xl lg:max-w-[40rem] xl:max-w-[48rem]\">\n<div class=\"group\/conversation-turn relative flex w-full min-w-0 flex-col agent-turn\">\n<div class=\"flex-col gap-1 md:gap-3\">\n<div class=\"flex max-w-full flex-col flex-grow\">\n<div class=\"min-h-8 text-message flex w-full flex-col items-end gap-2 whitespace-normal break-words [.text-message+&amp;]:mt-5\" dir=\"auto\" data-message-author-role=\"assistant\" data-message-id=\"1a0c8d71-a6be-4cc9-b460-deb3e7ecbf47\" data-message-model-slug=\"gpt-4o\">\n<div class=\"flex w-full flex-col gap-1 empty:hidden first:pt-[3px]\">\n<div class=\"markdown prose w-full break-words dark:prose-invert light\">\n<div class=\"flex-1 overflow-hidden\">\n<div class=\"h-full\">\n<div class=\"react-scroll-to-bottom--css-gqbzc-79elbk h-full\">\n<div class=\"react-scroll-to-bottom--css-gqbzc-1n7m0yu\">\n<div class=\"flex flex-col text-sm md:pb-9\">\n<article class=\"w-full scroll-mb-[var(--thread-trailing-height,150px)] text-token-text-primary focus-visible:outline-2 focus-visible:outline-offset-[-4px]\" dir=\"auto\" data-testid=\"conversation-turn-5\" data-scroll-anchor=\"true\">\n<div class=\"m-auto text-base py-[18px] px-3 md:px-4 w-full md:px-5 lg:px-4 xl:px-5\">\n<div class=\"mx-auto flex flex-1 gap-4 text-base md:gap-5 lg:gap-6 md:max-w-3xl lg:max-w-[40rem] xl:max-w-[48rem]\">\n<div class=\"group\/conversation-turn relative flex w-full min-w-0 flex-col agent-turn\">\n<div class=\"flex-col gap-1 md:gap-3\">\n<div class=\"flex max-w-full flex-col flex-grow\">\n<div class=\"min-h-8 text-message flex w-full flex-col items-end gap-2 whitespace-normal break-words [.text-message+&amp;]:mt-5\" dir=\"auto\" data-message-author-role=\"assistant\" data-message-id=\"ca066132-0777-4603-995e-a689971b3380\" data-message-model-slug=\"gpt-4o\">\n<div class=\"flex w-full flex-col gap-1 empty:hidden first:pt-[3px]\">\n<div class=\"markdown prose w-full break-words dark:prose-invert light\">\n<div class=\"flex-1 overflow-hidden @container\/thread\">\n<div class=\"h-full\">\n<div class=\"react-scroll-to-bottom--css-rkqgb-79elbk h-full\">\n<div class=\"react-scroll-to-bottom--css-rkqgb-1n7m0yu\">\n<div class=\"flex flex-col text-sm md:pb-9\">\n<article class=\"w-full scroll-mb-[var(--thread-trailing-height,150px)] text-token-text-primary focus-visible:outline-2 focus-visible:outline-offset-[-4px]\" dir=\"auto\" data-testid=\"conversation-turn-9\" data-scroll-anchor=\"true\">\n<div class=\"m-auto text-base py-[18px] px-3 md:px-4 w-full md:px-5 lg:px-4 xl:px-5\">\n<div class=\"mx-auto flex flex-1 gap-4 text-base md:gap-5 lg:gap-6 md:max-w-3xl lg:max-w-[40rem] xl:max-w-[48rem]\">\n<div class=\"group\/conversation-turn relative flex w-full min-w-0 flex-col agent-turn\">\n<div class=\"flex-col gap-1 md:gap-3\">\n<div class=\"flex max-w-full flex-col flex-grow\">\n<div class=\"min-h-8 text-message flex w-full flex-col items-end gap-2 whitespace-normal break-words text-start [.text-message+&amp;]:mt-5\" dir=\"auto\" data-message-author-role=\"assistant\" data-message-id=\"87137e43-9a3e-4479-90ac-22c23781ee39\" data-message-model-slug=\"gpt-4o\">\n<div class=\"flex w-full flex-col gap-1 empty:hidden first:pt-[3px]\">\n<div class=\"markdown prose w-full break-words dark:prose-invert light\">\n<div class=\"flex-1 overflow-hidden @container\/thread\">\n<div class=\"h-full\">\n<div class=\"react-scroll-to-bottom--css-cgxka-79elbk h-full\">\n<div class=\"react-scroll-to-bottom--css-cgxka-1n7m0yu\">\n<div class=\"flex flex-col text-sm md:pb-9\">\n<article class=\"w-full scroll-mb-[var(--thread-trailing-height,150px)] text-token-text-primary focus-visible:outline-2 focus-visible:outline-offset-[-4px]\" dir=\"auto\" data-testid=\"conversation-turn-5\" data-scroll-anchor=\"true\">\n<div class=\"m-auto text-base py-[18px] px-3 md:px-4 w-full md:px-5 lg:px-4 xl:px-5\">\n<div class=\"mx-auto flex flex-1 gap-4 text-base md:gap-5 lg:gap-6 md:max-w-3xl lg:max-w-[40rem] xl:max-w-[48rem]\">\n<div class=\"group\/conversation-turn relative flex w-full min-w-0 flex-col agent-turn\">\n<div class=\"flex-col gap-1 md:gap-3\">\n<div class=\"flex max-w-full flex-col flex-grow\">\n<div class=\"min-h-8 text-message flex w-full flex-col items-end gap-2 whitespace-normal break-words text-start [.text-message+&amp;]:mt-5\" dir=\"auto\" data-message-author-role=\"assistant\" data-message-id=\"e1e13d20-b396-4dc4-abdf-40facc05c4de\" data-message-model-slug=\"gpt-4o\">\n<div class=\"flex w-full flex-col gap-1 empty:hidden first:pt-[3px]\">\n<div class=\"markdown prose w-full break-words dark:prose-invert light\">\n<p>La <strong>Arymi Hookalit 40000 Z\u00fcge Einweg E-Zigarette \n\nbecomes \n\nArymi Hookalit 40000 Disposable E-Cigarette<\/strong> con una generosa oferta <strong>40ml de capacidad de l\u00edquido electr\u00f3nico<\/strong>uno <strong>1300mAh<\/strong> Bater\u00eda y <strong>hasta 40.000 tiradas<\/strong> un experiencia de vapor excepcional con aut\u00e9nticos <strong>Sabores para shisha<\/strong> y flujo de aire ajustable para una experiencia de vapeo individualizada en Alemania.<\/p>\n<\/div>\n<\/div>\n<\/div>\n<\/div>\n<\/div>\n<\/div>\n<\/div>\n<\/div>\n<\/article>\n<\/div>\n<\/div>\n<\/div>\n<\/div>\n<\/div>\n<div class=\"md:pt-0 dark:border-white\/20 md:border-transparent md:dark:border-transparent w-full\">\n<div>\n<div class=\"m-auto text-base px-3 md:px-4 w-full md:px-5 lg:px-4 xl:px-5\">\n<div class=\"mx-auto flex flex-1 gap-4 text-base md:gap-5 lg:gap-6 md:max-w-3xl lg:max-w-[40rem] xl:max-w-[48rem]\">\n<div class=\"flex justify-center\"><\/div>\n<\/div>\n<\/div>\n<\/div>\n<\/div>\n<\/div>\n<\/div>\n<\/div>\n<\/div>\n<div class=\"pr-2 lg:pr-0\"><\/div>\n<\/div>\n<\/div>\n<\/div>\n<\/div>\n<\/article>\n<\/div>\n<\/div>\n<\/div>\n<\/div>\n<\/div>\n<\/div>\n<\/div>\n<\/div>\n<\/div>\n<\/div>\n<\/div>\n<\/div>\n<\/div>\n<\/article>\n<\/div>\n<\/div>\n<\/div>\n<\/div>\n<\/div>\n<\/div>\n<\/div>\n<\/div>\n<\/div>\n<\/div>\n<\/div>\n<\/div>\n<\/div>\n<\/article>\n<\/div>\n<\/div>\n<\/div>\n<\/div>\n<\/div>\n<\/div>\n<\/div>\n<\/div>\n<\/div>\n<div class=\"pr-2 lg:pr-0\"><\/div>\n<div class=\"mt-3 w-full empty:hidden\">\n<div class=\"text-center\"><\/div>\n<\/div>\n<\/div>\n<div class=\"absolute\">\n<div class=\"flex items-center justify-center\"><\/div>\n<\/div>\n<\/div>\n<\/div>\n<\/div>\n<\/article>\n<\/div>\n<\/div>\n<\/div>\n<\/div>\n<\/div>\n<div class=\"md:pt-0 dark:border-white\/20 md:border-transparent md:dark:border-transparent w-full\">\n<div>\n<div class=\"m-auto text-base px-3 md:px-4 w-full md:px-5 lg:px-4 xl:px-5\">\n<div class=\"mx-auto flex flex-1 gap-4 text-base md:gap-5 lg:gap-6 md:max-w-3xl lg:max-w-[40rem] xl:max-w-[48rem]\">\n<div class=\"flex justify-center\"><\/div>\n<\/div>\n<\/div>\n<\/div>\n<\/div>\n<\/div>\n<\/div>\n<\/div>\n<\/div>\n<\/div>\n<\/div>\n<\/div>\n<\/div>\n<\/div>","protected":false},"featured_media":2123,"comment_status":"open","ping_status":"closed","template":"","meta":[],"product_brand":[],"product_cat":[110],"product_tag":[],"class_list":{"0":"post-2121","1":"product","2":"type-product","3":"status-publish","4":"has-post-thumbnail","6":"product_cat-arymi-hookalit-40000","8":"first","9":"instock","10":"sale","11":"shipping-taxable","12":"purchasable","13":"product-type-simple"},"jetpack_sharing_enabled":true,"_links":{"self":[{"href":"https:\/\/alfakherwelt.de\/es\/wp-json\/wp\/v2\/product\/2121","targetHints":{"allow":["GET"]}}],"collection":[{"href":"https:\/\/alfakherwelt.de\/es\/wp-json\/wp\/v2\/product"}],"about":[{"href":"https:\/\/alfakherwelt.de\/es\/wp-json\/wp\/v2\/types\/product"}],"replies":[{"embeddable":true,"href":"https:\/\/alfakherwelt.de\/es\/wp-json\/wp\/v2\/comments?post=2121"}],"wp:featuredmedia":[{"embeddable":true,"href":"https:\/\/alfakherwelt.de\/es\/wp-json\/wp\/v2\/media\/2123"}],"wp:attachment":[{"href":"https:\/\/alfakherwelt.de\/es\/wp-json\/wp\/v2\/media?parent=2121"}],"wp:term":[{"taxonomy":"product_brand","embeddable":true,"href":"https:\/\/alfakherwelt.de\/es\/wp-json\/wp\/v2\/product_brand?post=2121"},{"taxonomy":"product_cat","embeddable":true,"href":"https:\/\/alfakherwelt.de\/es\/wp-json\/wp\/v2\/product_cat?post=2121"},{"taxonomy":"product_tag","embeddable":true,"href":"https:\/\/alfakherwelt.de\/es\/wp-json\/wp\/v2\/product_tag?post=2121"}],"curies":[{"name":"wp","href":"https:\/\/api.w.org\/{rel}","templated":true}]}}