{"id":1790,"date":"2025-01-03T03:22:34","date_gmt":"2025-01-03T03:22:34","guid":{"rendered":"https:\/\/alfakherwelt.de\/?post_type=product&#038;p=1790"},"modified":"2025-07-26T09:40:51","modified_gmt":"2025-07-26T09:40:51","slug":"al-fakher-crown-bar-8000-inhalaciones-cigarrillo-electronico-desechable-maracuya-dulce-122","status":"publish","type":"product","link":"https:\/\/alfakherwelt.de\/es\/producto\/al-fakher-crown-bar-8000-inhalaciones-cigarrillo-electronico-desechable-maracuya-dulce-122\/","title":{"rendered":"Magic Bar Alpha 20000 Z\u00fcge Einweg E Zigarette \u2013 Love 212 \n\n(Mismo texto, no requiere traducci\u00f3n) \nMagic Bar Alpha 20000 Z\u00fcge Einweg E Zigarette \u2013 Love 212"},"content":{"rendered":"<div class=\"flex-1 overflow-hidden @container\/thread\">\n<div class=\"h-full\">\n<div class=\"react-scroll-to-bottom--css-idjtv-79elbk h-full\">\n<div class=\"react-scroll-to-bottom--css-idjtv-1n7m0yu\">\n<div class=\"flex flex-col text-sm md:pb-9\">\n<article class=\"w-full scroll-mb-[var(--thread-trailing-height,150px)] text-token-text-primary focus-visible:outline-2 focus-visible:outline-offset-[-4px]\" dir=\"auto\" data-testid=\"conversation-turn-3\" data-scroll-anchor=\"true\">\n<div class=\"m-auto text-base py-[18px] px-3 md:px-4 w-full md:px-5 lg:px-4 xl:px-5\">\n<div class=\"mx-auto flex flex-1 gap-4 text-base md:gap-5 lg:gap-6 md:max-w-3xl lg:max-w-[40rem] xl:max-w-[48rem]\">\n<div class=\"group\/conversation-turn relative flex w-full min-w-0 flex-col agent-turn\">\n<div class=\"flex-col gap-1 md:gap-3\">\n<div class=\"flex max-w-full flex-col flex-grow\">\n<div class=\"min-h-8 text-message flex w-full flex-col items-end gap-2 whitespace-normal break-words text-start [.text-message+&amp;]:mt-5\" dir=\"auto\" data-message-author-role=\"assistant\" data-message-id=\"7c923f34-4235-4306-a3a8-cdf771c049c4\" data-message-model-slug=\"gpt-4o\">\n<div class=\"flex w-full flex-col gap-1 empty:hidden first:pt-[3px]\">\n<div class=\"markdown prose w-full break-words dark:prose-invert light\">\n<h2><img loading=\"lazy\" decoding=\"async\" class=\"alignnone wp-image-1771 size-full\" src=\"https:\/\/alfakherwelt.de\/wp-content\/uploads\/2025\/01\/4Magic-Bar-Alpha-20000-scaled.webp\" alt=\"Magic Bar Alpha 20000 Z\u00fcge Einweg E Zigarette - Love 212 (Mismo texto, no requiere traducci\u00f3n)\" width=\"2560\" height=\"2560\" title=\"\" srcset=\"https:\/\/alfakherwelt.de\/wp-content\/uploads\/2025\/01\/4Magic-Bar-Alpha-20000-scaled.webp 2560w, https:\/\/alfakherwelt.de\/wp-content\/uploads\/2025\/01\/4Magic-Bar-Alpha-20000-300x300.webp 300w, https:\/\/alfakherwelt.de\/wp-content\/uploads\/2025\/01\/4Magic-Bar-Alpha-20000-1024x1024.webp 1024w, https:\/\/alfakherwelt.de\/wp-content\/uploads\/2025\/01\/4Magic-Bar-Alpha-20000-150x150.webp 150w, https:\/\/alfakherwelt.de\/wp-content\/uploads\/2025\/01\/4Magic-Bar-Alpha-20000-768x768.webp 768w, https:\/\/alfakherwelt.de\/wp-content\/uploads\/2025\/01\/4Magic-Bar-Alpha-20000-1536x1536.webp 1536w, https:\/\/alfakherwelt.de\/wp-content\/uploads\/2025\/01\/4Magic-Bar-Alpha-20000-2048x2048.webp 2048w, https:\/\/alfakherwelt.de\/wp-content\/uploads\/2025\/01\/4Magic-Bar-Alpha-20000-12x12.webp 12w, https:\/\/alfakherwelt.de\/wp-content\/uploads\/2025\/01\/4Magic-Bar-Alpha-20000-600x600.webp 600w, https:\/\/alfakherwelt.de\/wp-content\/uploads\/2025\/01\/4Magic-Bar-Alpha-20000-100x100.webp 100w\" sizes=\"auto, (max-width: 2560px) 100vw, 2560px\" \/><\/h2>\n<h2><strong><a href=\"https:\/\/alfakherwelt.de\/es\/categoria-de-producto\/request-failed-with-status-code-521\/\">Magic Bar Alpha 20000 Z\u00fcge \n\nbecomes \n\nMagic Bar Alpha 20000 tiradas<\/a> Cigarrillo electr\u00f3nico desechable: La elecci\u00f3n perfecta para el vapeador moderno<\/strong><\/h2>\n<p>La <strong>Barra M\u00e1gica Alpha 20000 Caladas Cigarrillo Electr\u00f3nico Desechable<\/strong> es la experiencia definitiva para todos los vapeadores que buscan una soluci\u00f3n fiable, sofisticada y duradera. Con la Magic Bar Alpha 20k, no solo disfrutan de impresionantes 20.000 caladas, sino tambi\u00e9n de una variedad de sabores excepcionales que convierten el vapeo en un verdadero placer. En este art\u00edculo, descubrir\u00e1 todo lo que necesita saber sobre este producto sobresaliente, incluidas las caracter\u00edsticas, los sabores y por qu\u00e9 debe elegir la cigarrillo electr\u00f3nico desechable Magic Bar Alpha 20000 caladas en nuestro sitio. <strong>alfakherwelt.de<\/strong> deber\u00edan comprar.<\/p>\n<h3><strong>Descripci\u00f3n del producto:<a href=\"https:\/\/alfakherwelt.de\/es\/categoria-de-producto\/request-failed-with-status-code-521\/\"> Magic Bar Alpha 20000 Z\u00fcge \n\nbecomes \n\nMagic Bar Alpha 20000 tiradas<\/a> Cigarrillo electr\u00f3nico desechable<\/strong><\/h3>\n<p>La Magic Bar Alpha 20k es una <strong>Cigarrillo electr\u00f3nico desechable<\/strong>que est\u00e1 equipada con tecnolog\u00eda de \u00faltima generaci\u00f3n. Ofrece una experiencia de vapeo de primera clase para todos aquellos que buscan una soluci\u00f3n sencilla, pr\u00e1ctica y de alta calidad. Con su <strong>gran volumen de l\u00edquido electr\u00f3nico<\/strong> de 25 ml y de larga duraci\u00f3n <strong>Bater\u00eda de 650 mAh<\/strong> Es la Magic Bar Alpha 20k la elecci\u00f3n perfecta para el uso diario. Ofrece hasta 20.000 caladas - un valor asombroso que supera con creces el est\u00e1ndar de otros vaporizadores desechables.<\/p>\n<p>Con una <strong>Concentraci\u00f3n de sal de nicotina<\/strong> De los c\u00f3digos 0%, 2%, 3% o 5% puede adaptar el contenido de nicotina deseado a sus necesidades individuales. El <strong>DTL (Directo al Pulm\u00f3n)<\/strong> Mecanismo de accionamiento que proporciona una experiencia de vapeo perfecta e intensa que entusiasmar\u00e1 tanto a los principiantes como a los vapeadores experimentados.<\/p>\n<h3><strong>Los beneficios de la Magic Bar Alpha 20000 bocanegra desechable E cigarrillo<\/strong><\/h3>\n<p>La <strong>Magic Bar Alpha 20k<\/strong> No es solo un cigarrillo electr\u00f3nico desechable ordinario. Es un verdadero logro en t\u00e9rminos de dise\u00f1o, rendimiento y facilidad de uso. Aqu\u00ed hay algunas de las caracter\u00edsticas destacadas que distinguen a este cigarrillo electr\u00f3nico de otros productos en el mercado:<\/p>\n<ul>\n<li><strong>E-Liquid-Volumen de 25 ml:<\/strong> Disfrute de un uso a largo plazo sin rellenar con frecuencia.<\/li>\n<li><strong>Bater\u00eda recargable de 650 mAh:<\/strong> La bater\u00eda de larga duraci\u00f3n proporciona hasta 20.000 golpes antes de que sea necesario recargarla.<\/li>\n<li><strong>Nikotin-Salze (0%, 2%, 3%, 5%)<\/strong> Seleccione la fuerza de nicotina perfecta seg\u00fan sea necesario.<\/li>\n<li><strong>0,5 \u03a9 malla de bobina:<\/strong> La bobina de malla garantiza una distribuci\u00f3n uniforme del vapor y potencia la experiencia de sabor.<\/li>\n<li><strong>Mecanismo de DTL (Directo a Pulm\u00f3n):<\/strong> Para un desarrollo intensivo de vapor y una experiencia de sabor excelente.<\/li>\n<li><strong>Tama\u00f1o compacto (40 x 29 x 110 mm):<\/strong> Perfecto para llevarlo mientras se est\u00e1 de viaje y es c\u00f3modo de manejar.<\/li>\n<li><strong>Ligero (110g):<\/strong> Gracias al dise\u00f1o ligero, puede usar la Magic Bar Alpha 20k sin problemas durante todo el d\u00eda.<\/li>\n<li><strong>Materiales de alta calidad:<\/strong> La Magic Bar Alpha 20k est\u00e1 fabricada con materiales robustos que garantizan una larga vida \u00fatil.<\/li>\n<\/ul>\n<h3><strong>Por qu\u00e9 deber\u00eda usted la <a href=\"https:\/\/alfakherwelt.de\/es\/categoria-de-producto\/request-failed-with-status-code-521\/\">Magic Bar Alpha 20000 Z\u00fcge \n\nbecomes \n\nMagic Bar Alpha 20000 tiradas<\/a> Comprar cigarrillo electr\u00f3nico desechable?<\/strong><\/h3>\n<p>La Magic Bar Alpha 20k es m\u00e1s que un simple cigarrillo electr\u00f3nico desechable. Es la elecci\u00f3n perfecta para vapeadores que buscan calidad, durabilidad y una experiencia de sabor excepcional. Es adecuada tanto para principiantes como para vapeadores experimentados que desean un producto fiable con una larga vida \u00fatil.<\/p>\n<p>Da igual si est\u00e1s comprando tu primer cigarrillo electr\u00f3nico o buscas una opci\u00f3n m\u00e1s potente, la Magic Bar Alpha 20k ofrece todo lo que necesitas. El f\u00e1cil uso, combinado con la alta potencia y las variadas opciones de sabor, la convierte en imprescindible para todos los vapeadores en Alemania.<\/p>\n<h3><strong>E-L\u00edquido y sales de nicotina: Su elecci\u00f3n para la experiencia de vapeo perfecta<\/strong><\/h3>\n<p>La cigarrera electr\u00f3nica desechable Magic Bar Alpha de 20000 caladas est\u00e1 disponible con una selecci\u00f3n de <strong>Sales de nicotina<\/strong> Disponible. Este tipo de nicotina proporciona un golpe m\u00e1s suave y r\u00e1pido y es especialmente apreciado por los vapeadores que buscan la experiencia de fumar cigarrillos cl\u00e1sicos. Con las sales de nicotina disponibles, puede ajustar la intensidad seg\u00fan sus preferencias individuales.<\/p>\n<p><strong>Disponible concentraciones de sal de nicotina:<\/strong><\/p>\n<ul>\n<li><strong>0% Nikotin<\/strong>Ideal para aquellos que desean disfrutar de una experiencia de vapeo sin nicotina.<\/li>\n<li><strong>2% Nikotin<\/strong>: Perfecto para vapeadores que buscan una experiencia de nicotina suave.<\/li>\n<li><strong>3% Nikotin<\/strong>: Ofrece un golpe de nicotina equilibrado.<\/li>\n<li><strong>5% Nikotin<\/strong>Para aquellos que prefieren un efecto de nicotina m\u00e1s fuerte.<\/li>\n<\/ul>\n<p>Mediante el uso de <strong>Sal de nicotina<\/strong> se convierte en una experiencia suave y satisfactoria que reemplaza perfectamente el deseo de un cigarrillo tradicional.<\/p>\n<h2><strong>Sabores: Experiencias \u00fanicas de sabor<\/strong><\/h2>\n<p>La <strong>Magic Bar Alpha 20k<\/strong> ofrece una variedad de sabores que har\u00e1n las delicias de cualquier vapeador. Especialmente digno de destacar es el <strong>Love 212<\/strong> Sabor que ofrece una mezcla seductora de notas frutales, dulces y ligeramente ex\u00f3ticas.<\/p>\n<h3><strong>Love 212 - Una explosi\u00f3n de sabor<\/strong><\/h3>\n<p>Der <strong>Love 212<\/strong> El sabor de la Magic Bar Alpha 20k es una combinaci\u00f3n armoniosa de diferentes aromas, que son a la vez dulces y refrescantes. El sabor se abre con una base fresca y afrutada que recuerda a bayas jugosas y frutas tropicales. El intenso sabor afrutado se ve suavizado por una nota sutil y cremosa que proporciona una agradable suavidad. Es un sabor que convence tanto a principiantes como a vapeadores experimentados.<\/p>\n<p>La fruta permanece durante toda la experiencia de vapeo, sin volverse demasiado intensa, y proporciona un sabor refrescante y agradable. <strong>Love 212<\/strong> El sabor es el compa\u00f1ero ideal para largas sesiones de vapor y garantiza una experiencia consistentemente buena.<\/p>\n<p>Para aquellos que el <strong>Love 212<\/strong> Descubre el sabor y cada sorbo se convierte en una experiencia \u00fanica: una mezcla de frescura, dulzura y una profundidad sutil que seduce el paladar y endulza el d\u00eda.<\/p>\n<p><img loading=\"lazy\" decoding=\"async\" class=\"alignnone wp-image-1774 size-full\" src=\"https:\/\/alfakherwelt.de\/wp-content\/uploads\/2025\/01\/9Magic-Bar-Alpha-20000-scaled.webp\" alt=\"Magic Bar Alpha 20000 Z\u00fcge Einweg E Zigarette - Love 212 (Mismo texto, no requiere traducci\u00f3n)\" width=\"2560\" height=\"2560\" title=\"\" srcset=\"https:\/\/alfakherwelt.de\/wp-content\/uploads\/2025\/01\/9Magic-Bar-Alpha-20000-scaled.webp 2560w, https:\/\/alfakherwelt.de\/wp-content\/uploads\/2025\/01\/9Magic-Bar-Alpha-20000-300x300.webp 300w, https:\/\/alfakherwelt.de\/wp-content\/uploads\/2025\/01\/9Magic-Bar-Alpha-20000-1024x1024.webp 1024w, https:\/\/alfakherwelt.de\/wp-content\/uploads\/2025\/01\/9Magic-Bar-Alpha-20000-150x150.webp 150w, https:\/\/alfakherwelt.de\/wp-content\/uploads\/2025\/01\/9Magic-Bar-Alpha-20000-768x768.webp 768w, https:\/\/alfakherwelt.de\/wp-content\/uploads\/2025\/01\/9Magic-Bar-Alpha-20000-1536x1536.webp 1536w, https:\/\/alfakherwelt.de\/wp-content\/uploads\/2025\/01\/9Magic-Bar-Alpha-20000-2048x2048.webp 2048w, https:\/\/alfakherwelt.de\/wp-content\/uploads\/2025\/01\/9Magic-Bar-Alpha-20000-12x12.webp 12w, https:\/\/alfakherwelt.de\/wp-content\/uploads\/2025\/01\/9Magic-Bar-Alpha-20000-600x600.webp 600w, https:\/\/alfakherwelt.de\/wp-content\/uploads\/2025\/01\/9Magic-Bar-Alpha-20000-100x100.webp 100w\" sizes=\"auto, (max-width: 2560px) 100vw, 2560px\" \/><\/p>\n<h3><strong>Comprar su cigarrillo electr\u00f3nico desechable Magic Bar Alpha 20000 caladas en <a href=\"https:\/\/alfakherwelt.de\/es\/\">alfakherwelt.de<\/a><\/strong><\/h3>\n<p>En <strong>alfakherwelt.de<\/strong>, la mayor tienda en l\u00ednea para <strong>E-Zigaretten Einweg in Deutschland<\/strong>pueden ustedes <strong>Barra M\u00e1gica Alpha 20000 Caladas Cigarrillo Electr\u00f3nico Desechable<\/strong> comprar c\u00f3modamente. No solo ofrecemos productos de alta calidad, sino tambi\u00e9n un servicio al cliente excelente y entrega r\u00e1pida, para que pueda disfrutar de la experiencia de vapeo al m\u00e1ximo. Vis\u00edtenos y descubra la amplia selecci\u00f3n de <strong>Vapes con nicotina<\/strong> y otros productos que cubren sus necesidades de vapeo.<\/p>\n<p>Disfrute de la calidad y el rendimiento de la Magic Bar Alpha 20k y reg\u00e1leese la mejor experiencia de vapeo del mercado. \u00a1Compre ahora y experimente la diferencia!<\/p>\n<p><strong>Ahora compre y asegure su cigarrillo electr\u00f3nico desechable Magic Bar Alpha 20000 bocanegra en alfakherwelt.de<\/strong><\/p>\n<\/div>\n<\/div>\n<\/div>\n<\/div>\n<\/div>\n<\/div>\n<\/div>\n<\/div>\n<\/article>\n<\/div>\n<\/div>\n<\/div>\n<\/div>\n<\/div>","protected":false},"excerpt":{"rendered":"<div class=\"flex-shrink-0 flex flex-col relative items-end\">\n<div class=\"pt-0\">\n<div class=\"gizmo-shadow-stroke flex h-8 w-8 items-center justify-center overflow-hidden rounded-full\">\n<div class=\"h-full w-full\">\n<div class=\"flex-shrink-0 flex flex-col relative items-end\">\n<div class=\"pt-0\">\n<div class=\"gizmo-shadow-stroke flex h-8 w-8 items-center justify-center overflow-hidden rounded-full\">\n<div class=\"h-full w-full\">\n<div class=\"gizmo-shadow-stroke overflow-hidden rounded-full\">\n<div class=\"flex-1 overflow-hidden\">\n<div class=\"h-full\">\n<div class=\"react-scroll-to-bottom--css-nphjn-79elbk h-full\">\n<div class=\"react-scroll-to-bottom--css-nphjn-1n7m0yu\">\n<div class=\"flex flex-col text-sm md:pb-9\">\n<article class=\"w-full scroll-mb-[var(--thread-trailing-height,150px)] text-token-text-primary focus-visible:outline-2 focus-visible:outline-offset-[-4px]\" dir=\"auto\" data-testid=\"conversation-turn-5\" data-scroll-anchor=\"true\">\n<div class=\"m-auto text-base py-[18px] px-3 md:px-4 w-full md:px-5 lg:px-4 xl:px-5\">\n<div class=\"mx-auto flex flex-1 gap-4 text-base md:gap-5 lg:gap-6 md:max-w-3xl lg:max-w-[40rem] xl:max-w-[48rem]\">\n<div class=\"group\/conversation-turn relative flex w-full min-w-0 flex-col agent-turn\">\n<div class=\"flex-col gap-1 md:gap-3\">\n<div class=\"flex max-w-full flex-col flex-grow\">\n<div class=\"min-h-8 text-message flex w-full flex-col items-end gap-2 whitespace-normal break-words [.text-message+&amp;]:mt-5\" dir=\"auto\" data-message-author-role=\"assistant\" data-message-id=\"1982dcee-f0f5-4cfa-a269-fdbaed43d922\" data-message-model-slug=\"gpt-4o\">\n<div class=\"flex w-full flex-col gap-1 empty:hidden first:pt-[3px]\">\n<div class=\"markdown prose w-full break-words dark:prose-invert light\">\n<div class=\"flex-1 overflow-hidden\">\n<div class=\"h-full\">\n<div class=\"react-scroll-to-bottom--css-xrsce-79elbk h-full\">\n<div class=\"react-scroll-to-bottom--css-xrsce-1n7m0yu\">\n<div class=\"flex flex-col text-sm md:pb-9\">\n<article class=\"w-full scroll-mb-[var(--thread-trailing-height,150px)] text-token-text-primary focus-visible:outline-2 focus-visible:outline-offset-[-4px]\" dir=\"auto\" data-testid=\"conversation-turn-5\" data-scroll-anchor=\"true\">\n<div class=\"m-auto text-base py-[18px] px-3 md:px-4 w-full md:px-5 lg:px-4 xl:px-5\">\n<div class=\"mx-auto flex flex-1 gap-4 text-base md:gap-5 lg:gap-6 md:max-w-3xl lg:max-w-[40rem] xl:max-w-[48rem]\">\n<div class=\"group\/conversation-turn relative flex w-full min-w-0 flex-col agent-turn\">\n<div class=\"flex-col gap-1 md:gap-3\">\n<div class=\"flex max-w-full flex-col flex-grow\">\n<div class=\"min-h-8 text-message flex w-full flex-col items-end gap-2 whitespace-normal break-words [.text-message+&amp;]:mt-5\" dir=\"auto\" data-message-author-role=\"assistant\" data-message-id=\"1a0c8d71-a6be-4cc9-b460-deb3e7ecbf47\" data-message-model-slug=\"gpt-4o\">\n<div class=\"flex w-full flex-col gap-1 empty:hidden first:pt-[3px]\">\n<div class=\"markdown prose w-full break-words dark:prose-invert light\">\n<div class=\"flex-1 overflow-hidden\">\n<div class=\"h-full\">\n<div class=\"react-scroll-to-bottom--css-gqbzc-79elbk h-full\">\n<div class=\"react-scroll-to-bottom--css-gqbzc-1n7m0yu\">\n<div class=\"flex flex-col text-sm md:pb-9\">\n<article class=\"w-full scroll-mb-[var(--thread-trailing-height,150px)] text-token-text-primary focus-visible:outline-2 focus-visible:outline-offset-[-4px]\" dir=\"auto\" data-testid=\"conversation-turn-5\" data-scroll-anchor=\"true\">\n<div class=\"m-auto text-base py-[18px] px-3 md:px-4 w-full md:px-5 lg:px-4 xl:px-5\">\n<div class=\"mx-auto flex flex-1 gap-4 text-base md:gap-5 lg:gap-6 md:max-w-3xl lg:max-w-[40rem] xl:max-w-[48rem]\">\n<div class=\"group\/conversation-turn relative flex w-full min-w-0 flex-col agent-turn\">\n<div class=\"flex-col gap-1 md:gap-3\">\n<div class=\"flex max-w-full flex-col flex-grow\">\n<div class=\"min-h-8 text-message flex w-full flex-col items-end gap-2 whitespace-normal break-words [.text-message+&amp;]:mt-5\" dir=\"auto\" data-message-author-role=\"assistant\" data-message-id=\"ca066132-0777-4603-995e-a689971b3380\" data-message-model-slug=\"gpt-4o\">\n<div class=\"flex w-full flex-col gap-1 empty:hidden first:pt-[3px]\">\n<div class=\"markdown prose w-full break-words dark:prose-invert light\">\n<div class=\"flex-1 overflow-hidden @container\/thread\">\n<div class=\"h-full\">\n<div class=\"react-scroll-to-bottom--css-rkqgb-79elbk h-full\">\n<div class=\"react-scroll-to-bottom--css-rkqgb-1n7m0yu\">\n<div class=\"flex flex-col text-sm md:pb-9\">\n<article class=\"w-full scroll-mb-[var(--thread-trailing-height,150px)] text-token-text-primary focus-visible:outline-2 focus-visible:outline-offset-[-4px]\" dir=\"auto\" data-testid=\"conversation-turn-9\" data-scroll-anchor=\"true\">\n<div class=\"m-auto text-base py-[18px] px-3 md:px-4 w-full md:px-5 lg:px-4 xl:px-5\">\n<div class=\"mx-auto flex flex-1 gap-4 text-base md:gap-5 lg:gap-6 md:max-w-3xl lg:max-w-[40rem] xl:max-w-[48rem]\">\n<div class=\"group\/conversation-turn relative flex w-full min-w-0 flex-col agent-turn\">\n<div class=\"flex-col gap-1 md:gap-3\">\n<div class=\"flex max-w-full flex-col flex-grow\">\n<div class=\"min-h-8 text-message flex w-full flex-col items-end gap-2 whitespace-normal break-words text-start [.text-message+&amp;]:mt-5\" dir=\"auto\" data-message-author-role=\"assistant\" data-message-id=\"87137e43-9a3e-4479-90ac-22c23781ee39\" data-message-model-slug=\"gpt-4o\">\n<div class=\"flex w-full flex-col gap-1 empty:hidden first:pt-[3px]\">\n<div class=\"markdown prose w-full break-words dark:prose-invert light\">\n<p>La <strong>Barra M\u00e1gica Alpha 20000 Caladas Cigarrillo Electr\u00f3nico Desechable<\/strong> ofrece una experiencia de vapeo intensa con hasta 20.000 caladas, un 25 ml de e-l\u00edquido, una bater\u00eda recargable de 650 mAh, varias intensidades de sal de nicotina y el exclusivo <strong>Love 212<\/strong> Sabor, ideal para todos aquellos que buscan una experiencia de vapeo duradera y sabrosa.<\/p>\n<\/div>\n<\/div>\n<\/div>\n<\/div>\n<div class=\"pr-2 lg:pr-0\"><\/div>\n<\/div>\n<\/div>\n<\/div>\n<\/div>\n<\/article>\n<\/div>\n<\/div>\n<\/div>\n<\/div>\n<\/div>\n<\/div>\n<\/div>\n<\/div>\n<\/div>\n<\/div>\n<\/div>\n<\/div>\n<\/div>\n<\/article>\n<\/div>\n<\/div>\n<\/div>\n<\/div>\n<\/div>\n<\/div>\n<\/div>\n<\/div>\n<\/div>\n<\/div>\n<\/div>\n<\/div>\n<\/div>\n<\/article>\n<\/div>\n<\/div>\n<\/div>\n<\/div>\n<\/div>\n<\/div>\n<\/div>\n<\/div>\n<\/div>\n<div class=\"pr-2 lg:pr-0\"><\/div>\n<div class=\"mt-3 w-full empty:hidden\">\n<div class=\"text-center\"><\/div>\n<\/div>\n<\/div>\n<div class=\"absolute\">\n<div class=\"flex items-center justify-center\"><\/div>\n<\/div>\n<\/div>\n<\/div>\n<\/div>\n<\/article>\n<\/div>\n<\/div>\n<\/div>\n<\/div>\n<\/div>\n<div class=\"md:pt-0 dark:border-white\/20 md:border-transparent md:dark:border-transparent w-full\">\n<div>\n<div class=\"m-auto text-base px-3 md:px-4 w-full md:px-5 lg:px-4 xl:px-5\">\n<div class=\"mx-auto flex flex-1 gap-4 text-base md:gap-5 lg:gap-6 md:max-w-3xl lg:max-w-[40rem] xl:max-w-[48rem]\">\n<div class=\"flex justify-center\"><\/div>\n<\/div>\n<\/div>\n<\/div>\n<\/div>\n<\/div>\n<\/div>\n<\/div>\n<\/div>\n<\/div>\n<\/div>\n<\/div>\n<\/div>\n<\/div>","protected":false},"featured_media":1795,"comment_status":"open","ping_status":"closed","template":"","meta":[],"product_brand":[],"product_cat":[63],"product_tag":[],"class_list":{"0":"post-1790","1":"product","2":"type-product","3":"status-publish","4":"has-post-thumbnail","6":"product_cat-magic-bar-20000","8":"first","9":"instock","10":"sale","11":"shipping-taxable","12":"purchasable","13":"product-type-simple"},"jetpack_sharing_enabled":true,"_links":{"self":[{"href":"https:\/\/alfakherwelt.de\/es\/wp-json\/wp\/v2\/product\/1790","targetHints":{"allow":["GET"]}}],"collection":[{"href":"https:\/\/alfakherwelt.de\/es\/wp-json\/wp\/v2\/product"}],"about":[{"href":"https:\/\/alfakherwelt.de\/es\/wp-json\/wp\/v2\/types\/product"}],"replies":[{"embeddable":true,"href":"https:\/\/alfakherwelt.de\/es\/wp-json\/wp\/v2\/comments?post=1790"}],"wp:featuredmedia":[{"embeddable":true,"href":"https:\/\/alfakherwelt.de\/es\/wp-json\/wp\/v2\/media\/1795"}],"wp:attachment":[{"href":"https:\/\/alfakherwelt.de\/es\/wp-json\/wp\/v2\/media?parent=1790"}],"wp:term":[{"taxonomy":"product_brand","embeddable":true,"href":"https:\/\/alfakherwelt.de\/es\/wp-json\/wp\/v2\/product_brand?post=1790"},{"taxonomy":"product_cat","embeddable":true,"href":"https:\/\/alfakherwelt.de\/es\/wp-json\/wp\/v2\/product_cat?post=1790"},{"taxonomy":"product_tag","embeddable":true,"href":"https:\/\/alfakherwelt.de\/es\/wp-json\/wp\/v2\/product_tag?post=1790"}],"curies":[{"name":"wp","href":"https:\/\/api.w.org\/{rel}","templated":true}]}}