{"id":1780,"date":"2025-01-02T09:16:28","date_gmt":"2025-01-02T09:16:28","guid":{"rendered":"https:\/\/alfakherwelt.de\/?post_type=product&#038;p=1780"},"modified":"2025-07-26T09:40:16","modified_gmt":"2025-07-26T09:40:16","slug":"al-fakher-crown-bar-8000-inhalaciones-cigarrillo-electronico-desechable-maracuya-dulce-119","status":"publish","type":"product","link":"https:\/\/alfakherwelt.de\/es\/producto\/al-fakher-crown-bar-8000-inhalaciones-cigarrillo-electronico-desechable-maracuya-dulce-119\/","title":{"rendered":"Barra M\u00e1gica Alpha 20000 Caladas Cigarrillo Electr\u00f3nico Desechable - Lady Killer"},"content":{"rendered":"<div class=\"flex-1 overflow-hidden @container\/thread\">\n<div class=\"h-full\">\n<div class=\"react-scroll-to-bottom--css-idjtv-79elbk h-full\">\n<div class=\"react-scroll-to-bottom--css-idjtv-1n7m0yu\">\n<div class=\"flex flex-col text-sm md:pb-9\">\n<article class=\"w-full scroll-mb-[var(--thread-trailing-height,150px)] text-token-text-primary focus-visible:outline-2 focus-visible:outline-offset-[-4px]\" dir=\"auto\" data-testid=\"conversation-turn-3\" data-scroll-anchor=\"true\">\n<div class=\"m-auto text-base py-[18px] px-3 md:px-4 w-full md:px-5 lg:px-4 xl:px-5\">\n<div class=\"mx-auto flex flex-1 gap-4 text-base md:gap-5 lg:gap-6 md:max-w-3xl lg:max-w-[40rem] xl:max-w-[48rem]\">\n<div class=\"group\/conversation-turn relative flex w-full min-w-0 flex-col agent-turn\">\n<div class=\"flex-col gap-1 md:gap-3\">\n<div class=\"flex max-w-full flex-col flex-grow\">\n<div class=\"min-h-8 text-message flex w-full flex-col items-end gap-2 whitespace-normal break-words text-start [.text-message+&amp;]:mt-5\" dir=\"auto\" data-message-author-role=\"assistant\" data-message-id=\"7c923f34-4235-4306-a3a8-cdf771c049c4\" data-message-model-slug=\"gpt-4o\">\n<div class=\"flex w-full flex-col gap-1 empty:hidden first:pt-[3px]\">\n<div class=\"markdown prose w-full break-words dark:prose-invert light\">\n<h2><img loading=\"lazy\" decoding=\"async\" class=\"alignnone wp-image-1773 size-full\" src=\"https:\/\/alfakherwelt.de\/wp-content\/uploads\/2025\/01\/6Magic-Bar-Alpha-20000-scaled.webp\" alt=\"Barra M\u00e1gica Alpha 20000 Caladas Cigarrillo Electr\u00f3nico Desechable - Lady Killer\" width=\"2560\" height=\"2560\" title=\"\" srcset=\"https:\/\/alfakherwelt.de\/wp-content\/uploads\/2025\/01\/6Magic-Bar-Alpha-20000-scaled.webp 2560w, https:\/\/alfakherwelt.de\/wp-content\/uploads\/2025\/01\/6Magic-Bar-Alpha-20000-300x300.webp 300w, https:\/\/alfakherwelt.de\/wp-content\/uploads\/2025\/01\/6Magic-Bar-Alpha-20000-1024x1024.webp 1024w, https:\/\/alfakherwelt.de\/wp-content\/uploads\/2025\/01\/6Magic-Bar-Alpha-20000-150x150.webp 150w, https:\/\/alfakherwelt.de\/wp-content\/uploads\/2025\/01\/6Magic-Bar-Alpha-20000-768x768.webp 768w, https:\/\/alfakherwelt.de\/wp-content\/uploads\/2025\/01\/6Magic-Bar-Alpha-20000-1536x1536.webp 1536w, https:\/\/alfakherwelt.de\/wp-content\/uploads\/2025\/01\/6Magic-Bar-Alpha-20000-2048x2048.webp 2048w, https:\/\/alfakherwelt.de\/wp-content\/uploads\/2025\/01\/6Magic-Bar-Alpha-20000-12x12.webp 12w, https:\/\/alfakherwelt.de\/wp-content\/uploads\/2025\/01\/6Magic-Bar-Alpha-20000-600x600.webp 600w, https:\/\/alfakherwelt.de\/wp-content\/uploads\/2025\/01\/6Magic-Bar-Alpha-20000-100x100.webp 100w\" sizes=\"auto, (max-width: 2560px) 100vw, 2560px\" \/><strong><a href=\"https:\/\/alfakherwelt.de\/es\/categoria-de-producto\/request-failed-with-status-code-521\/\">Magic Bar Alpha 20K<\/a> Dispositivo de cigarrillo electr\u00f3nico desechable \u2013 20000 caladas con nicotina: La elecci\u00f3n perfecta para vapeadores en Alemania<\/strong><\/h2>\n<p>Bienvenido al mundo de la cigarra electr\u00f3nica desechable Magic Bar Alpha 20K, que representa una de las mejores opciones para los vapeadores en Alemania. Esta cigarra electr\u00f3nica desechable no solo ofrece un uso prolongado de hasta 20.000 caladas, sino tambi\u00e9n una variedad de sabores excepcional y un manejo f\u00e1cil de usar. Si est\u00e1 buscando una cigarra electr\u00f3nica nueva, pr\u00e1ctica y potente, la Magic Bar Alpha 20K es la elecci\u00f3n perfecta. Descubre las ventajas y la diversidad de aromas de esta innovadora cigarra electr\u00f3nica desechable.<\/p>\n<p><strong>Descripci\u00f3n del producto:<\/strong><\/p>\n<p>La Magic Bar Alpha 20K, el cigarrillo electr\u00f3nico desechable, es la \u00faltima innovaci\u00f3n en el mercado de vaporizadores desechables. Combina alta potencia, tecnolog\u00eda moderna y una experiencia de vapeo incomparable en un dispositivo pr\u00e1ctico. Con 20.000 caladas y una cantidad de 25 ml de e-l\u00edquido, este cigarrillo electr\u00f3nico es ideal para el uso diario. Puedes llevarlo contigo a cualquier lugar sin preocuparte por rellenar o ajustar configuraciones complicadas. La Magic Bar Alpha 20K est\u00e1 lista para usar en cuanto la sacas de su embalaje y te ofrece una experiencia de vapeo fiable sin complicaciones.<\/p>\n<p>El uso de sal de nicotina en la Magic Bar Alpha garantiza una inhalaci\u00f3n especialmente suave, mientras que la experiencia de vapeo sigue siendo muy intensa. Con las opciones de 0,1%, 0,2%, 0,3% y 0,5% de nicotina, puede seleccionar el contenido de nicotina ideal para usted y personalizar su experiencia de vapeo. Gracias a la bater\u00eda de 650 mAh, que se puede cargar a trav\u00e9s de un cable de carga USB-C, puede usar el cigarrillo electr\u00f3nico durante muchas horas sin tener que preocuparse por la descarga.<\/p>\n<p>La Magic Bar Alpha 20K ofrece una verdadera experiencia MTL (de boca a pulm\u00f3n) y DTL (directo a pulm\u00f3n). Esto significa que tienes la flexibilidad de tomar una calada suave por la boca o inhalar directamente a los pulmones, seg\u00fan tus preferencias personales.<\/p>\n<h3><strong>Hauptmerkmale der <a href=\"https:\/\/alfakherwelt.de\/es\/categoria-de-producto\/request-failed-with-status-code-521\/\">Magic Bar Alpha 20K<\/a> Cigarrillo electr\u00f3nico desechable<\/strong><\/h3>\n<ul>\n<li><strong>20.000 trenes<\/strong> Con una capacidad de hasta 20.000 bocanegraves, la Magic Bar Alpha 20K ofrece una vida \u00fatil excepcional y un largo per\u00edodo de uso.<\/li>\n<li><strong>Opciones de nicotina:<\/strong> La Magic Bar Alpha 20K est\u00e1 disponible en las variantes 0%, 2%, 3% y 5% de nicotina, lo que le permite elegir el contenido de nicotina seg\u00fan sus preferencias individuales.<\/li>\n<li><strong>Gran capacidad de l\u00edquido electr\u00f3nico:<\/strong> Con un generoso tanque de l\u00edquido electr\u00f3nico de 25 ml, puede usar su Magic Bar Alpha 20K durante un per\u00edodo prolongado antes de tener que reemplazarla.<\/li>\n<li><strong>Bater\u00eda de larga duraci\u00f3n:<\/strong> La bater\u00eda de 650 mAh garantiza una larga duraci\u00f3n de diversi\u00f3n con vapor y se carga f\u00e1cilmente gracias a la pr\u00e1ctica carga USB-C.<\/li>\n<li><strong>Tecnolog\u00eda de bobina:<\/strong> La bobina de malla de 0,5 \u03a9 garantiza una producci\u00f3n de vapor uniforme y excelente que hace que el sabor del e-l\u00edquido sea perfecto.<\/li>\n<li><strong>Tama\u00f1o compacto:<\/strong> Con dimensiones compactas de 40 x 29 x 110 mm y un peso de solo 110 g, la Magic Bar Alpha 20K es ligera y f\u00e1cil de manejar, ideal para el uso diario.<\/li>\n<li><strong>Diferentes sabores:<\/strong> Disfruta de la variedad de sabores, incluyendo el popular sabor \"Lady Killer\", y encuentra tu aroma favorito.<\/li>\n<\/ul>\n<h3><strong>Por qu\u00e9 deber\u00eda usted la<a href=\"https:\/\/alfakherwelt.de\/es\/categoria-de-producto\/request-failed-with-status-code-521\/\"> Magic Bar Alpha 20K<\/a> \u00bfComprar?<\/strong><\/h3>\n<p>La cigarrillo electr\u00f3nico desechable Magic Bar Alpha 20K se destaca por su notable facilidad de uso y tecnolog\u00eda de primera clase respecto a otros productos en el mercado. Es perfecta para todos aquellos que buscan un cigarrillo electr\u00f3nico simple, potente y de alta calidad. A diferencia de los cigarrillos electr\u00f3nicos tradicionales, no tiene que preocuparse por rellenar o configuraciones complicadas. Puede empezar a vapear de inmediato y disfrutar de la experiencia de vapeo excepcional. El alto n\u00famero de 20.000 caladas asegura una larga duraci\u00f3n de uso, y el gran tanque de E-L\u00edquido garantiza que pueda vapear durante m\u00e1s tiempo sin tener que cambiar o rellenar el dispositivo.<\/p>\n<p>Otra gran ventaja de la Magic Bar Alpha 20K es la alta flexibilidad en la elecci\u00f3n del contenido de nicotina. Ya sea que est\u00e9 buscando una opci\u00f3n sin nicotina o prefiera una fuerza de nicotina moderada a alta, aqu\u00ed encontrar\u00e1 la elecci\u00f3n adecuada. La sal de nicotina garantiza una experiencia de vapeo suave y una r\u00e1pida absorci\u00f3n de nicotina, sin irritar la garganta. Con una opci\u00f3n DTL y MTL, puede disfrutar del vapeo seg\u00fan su gusto personal.<\/p>\n<p>La cigarrillo electr\u00f3nico desechable Magic Bar Alpha 20K no solo es una excelente opci\u00f3n para los vapeadores, sino tambi\u00e9n una opci\u00f3n pr\u00e1ctica para llevar. Su tama\u00f1o compacto y su f\u00e1cil manejo hacen que sea ideal para el uso diario y para los vapeadores que buscan una soluci\u00f3n fiable y port\u00e1til.<\/p>\n<p><img loading=\"lazy\" decoding=\"async\" class=\"alignnone wp-image-1774 size-full\" src=\"https:\/\/alfakherwelt.de\/wp-content\/uploads\/2025\/01\/9Magic-Bar-Alpha-20000-scaled.webp\" alt=\"Barra M\u00e1gica Alpha 20000 Caladas Cigarrillo Electr\u00f3nico Desechable - Lady Killer\" width=\"2560\" height=\"2560\" title=\"\" srcset=\"https:\/\/alfakherwelt.de\/wp-content\/uploads\/2025\/01\/9Magic-Bar-Alpha-20000-scaled.webp 2560w, https:\/\/alfakherwelt.de\/wp-content\/uploads\/2025\/01\/9Magic-Bar-Alpha-20000-300x300.webp 300w, https:\/\/alfakherwelt.de\/wp-content\/uploads\/2025\/01\/9Magic-Bar-Alpha-20000-1024x1024.webp 1024w, https:\/\/alfakherwelt.de\/wp-content\/uploads\/2025\/01\/9Magic-Bar-Alpha-20000-150x150.webp 150w, https:\/\/alfakherwelt.de\/wp-content\/uploads\/2025\/01\/9Magic-Bar-Alpha-20000-768x768.webp 768w, https:\/\/alfakherwelt.de\/wp-content\/uploads\/2025\/01\/9Magic-Bar-Alpha-20000-1536x1536.webp 1536w, https:\/\/alfakherwelt.de\/wp-content\/uploads\/2025\/01\/9Magic-Bar-Alpha-20000-2048x2048.webp 2048w, https:\/\/alfakherwelt.de\/wp-content\/uploads\/2025\/01\/9Magic-Bar-Alpha-20000-12x12.webp 12w, https:\/\/alfakherwelt.de\/wp-content\/uploads\/2025\/01\/9Magic-Bar-Alpha-20000-600x600.webp 600w, https:\/\/alfakherwelt.de\/wp-content\/uploads\/2025\/01\/9Magic-Bar-Alpha-20000-100x100.webp 100w\" sizes=\"auto, (max-width: 2560px) 100vw, 2560px\" \/><\/p>\n<h3><strong>Sabores de la Magic Bar Alpha 20K:<\/strong><\/h3>\n<p><strong>Lady Killer<\/strong><br \/>\nEl sabor \"Lady Killer\" es una experiencia inconfundible para los sentidos. Este sabor combina frutas frescas y aromas dulces en una mezcla \u00fanica que imita perfectamente el sabor de las frutas tropicales. Imagina una mezcla jugosa de mangos maduros, pi\u00f1as ex\u00f3ticas y un toque de melocot\u00f3n, que se unen en un vapor refrescante. El sabor est\u00e1 perfectamente equilibrado, no demasiado dulce, pero intenso y satisfactorio. El sabor \"Lady Killer\" deja un agradable y duradero retrogusto que te hace desear m\u00e1s. Si te gustan los aromas tropicales, disfrutar\u00e1s de esta direcci\u00f3n de sabor. El \"Lady Killer\" ofrece una mezcla perfecta de frescura y fruta que puedes disfrutar en cada calada.<\/p>\n<p>Este sabor es ideal para vapeadores que buscan una experiencia ex\u00f3tica y afrutada que los acompa\u00f1e en cada descanso para fumar. Ya sea que sea un vapeador experimentado o un reci\u00e9n llegado, el sabor \"Lady Killer\" ofrece una opci\u00f3n agradable y refrescante que lleva su experiencia de vapeo al siguiente nivel.<\/p>\n<h3><strong>\u00a1Ordene ahora la cigarrillo electr\u00f3nico desechable Magic Bar Alpha 20K!<\/strong><\/h3>\n<p>No se pierda la oportunidad de experimentar el cigarrillo electr\u00f3nico desechable Magic Bar Alpha 20K. <a href=\"https:\/\/alfakherwelt.de\/es\/\"><strong>alfakherwelt.de<\/strong> <\/a>Le ofrecemos las mejores ofertas y acceso exclusivo a este cigarrillo electr\u00f3nico de alta calidad. Puede estar seguro de que obtendr\u00e1 los productos originales a precios justos. \u00a1Ordene ahora y disfrute de una experiencia de vapeo incomparable que supera sus expectativas!<\/p>\n<h4><strong>Conclusi\u00f3n:<\/strong><\/h4>\n<p>La cigarrillo electr\u00f3nico desechable Magic Bar Alpha 20K ofrece a los vapeadores en Alemania una experiencia de vapeo sobresaliente con una amplia selecci\u00f3n de opciones de nicotina, una gran cantidad de caladas y un manejo sencillo. Con la posibilidad de disfrutar de una variedad de deliciosos sabores, este cigarrillo electr\u00f3nico es la elecci\u00f3n ideal para cada vapeador. No espere m\u00e1s y ordene hoy mismo su Magic Bar Alpha 20K en <a href=\"https:\/\/alfakherwelt.de\/es\/\"><strong>alfakherwelt.de<\/strong><\/a>!<\/p>\n<\/div>\n<\/div>\n<\/div>\n<\/div>\n<\/div>\n<\/div>\n<\/div>\n<\/div>\n<\/article>\n<\/div>\n<\/div>\n<\/div>\n<\/div>\n<\/div>","protected":false},"excerpt":{"rendered":"<div class=\"flex-shrink-0 flex flex-col relative items-end\">\n<div class=\"pt-0\">\n<div class=\"gizmo-shadow-stroke flex h-8 w-8 items-center justify-center overflow-hidden rounded-full\">\n<div class=\"h-full w-full\">\n<div class=\"flex-shrink-0 flex flex-col relative items-end\">\n<div class=\"pt-0\">\n<div class=\"gizmo-shadow-stroke flex h-8 w-8 items-center justify-center overflow-hidden rounded-full\">\n<div class=\"h-full w-full\">\n<div class=\"gizmo-shadow-stroke overflow-hidden rounded-full\">\n<div class=\"flex-1 overflow-hidden\">\n<div class=\"h-full\">\n<div class=\"react-scroll-to-bottom--css-nphjn-79elbk h-full\">\n<div class=\"react-scroll-to-bottom--css-nphjn-1n7m0yu\">\n<div class=\"flex flex-col text-sm md:pb-9\">\n<article class=\"w-full scroll-mb-[var(--thread-trailing-height,150px)] text-token-text-primary focus-visible:outline-2 focus-visible:outline-offset-[-4px]\" dir=\"auto\" data-testid=\"conversation-turn-5\" data-scroll-anchor=\"true\">\n<div class=\"m-auto text-base py-[18px] px-3 md:px-4 w-full md:px-5 lg:px-4 xl:px-5\">\n<div class=\"mx-auto flex flex-1 gap-4 text-base md:gap-5 lg:gap-6 md:max-w-3xl lg:max-w-[40rem] xl:max-w-[48rem]\">\n<div class=\"group\/conversation-turn relative flex w-full min-w-0 flex-col agent-turn\">\n<div class=\"flex-col gap-1 md:gap-3\">\n<div class=\"flex max-w-full flex-col flex-grow\">\n<div class=\"min-h-8 text-message flex w-full flex-col items-end gap-2 whitespace-normal break-words [.text-message+&amp;]:mt-5\" dir=\"auto\" data-message-author-role=\"assistant\" data-message-id=\"1982dcee-f0f5-4cfa-a269-fdbaed43d922\" data-message-model-slug=\"gpt-4o\">\n<div class=\"flex w-full flex-col gap-1 empty:hidden first:pt-[3px]\">\n<div class=\"markdown prose w-full break-words dark:prose-invert light\">\n<div class=\"flex-1 overflow-hidden\">\n<div class=\"h-full\">\n<div class=\"react-scroll-to-bottom--css-xrsce-79elbk h-full\">\n<div class=\"react-scroll-to-bottom--css-xrsce-1n7m0yu\">\n<div class=\"flex flex-col text-sm md:pb-9\">\n<article class=\"w-full scroll-mb-[var(--thread-trailing-height,150px)] text-token-text-primary focus-visible:outline-2 focus-visible:outline-offset-[-4px]\" dir=\"auto\" data-testid=\"conversation-turn-5\" data-scroll-anchor=\"true\">\n<div class=\"m-auto text-base py-[18px] px-3 md:px-4 w-full md:px-5 lg:px-4 xl:px-5\">\n<div class=\"mx-auto flex flex-1 gap-4 text-base md:gap-5 lg:gap-6 md:max-w-3xl lg:max-w-[40rem] xl:max-w-[48rem]\">\n<div class=\"group\/conversation-turn relative flex w-full min-w-0 flex-col agent-turn\">\n<div class=\"flex-col gap-1 md:gap-3\">\n<div class=\"flex max-w-full flex-col flex-grow\">\n<div class=\"min-h-8 text-message flex w-full flex-col items-end gap-2 whitespace-normal break-words [.text-message+&amp;]:mt-5\" dir=\"auto\" data-message-author-role=\"assistant\" data-message-id=\"1a0c8d71-a6be-4cc9-b460-deb3e7ecbf47\" data-message-model-slug=\"gpt-4o\">\n<div class=\"flex w-full flex-col gap-1 empty:hidden first:pt-[3px]\">\n<div class=\"markdown prose w-full break-words dark:prose-invert light\">\n<div class=\"flex-1 overflow-hidden\">\n<div class=\"h-full\">\n<div class=\"react-scroll-to-bottom--css-gqbzc-79elbk h-full\">\n<div class=\"react-scroll-to-bottom--css-gqbzc-1n7m0yu\">\n<div class=\"flex flex-col text-sm md:pb-9\">\n<article class=\"w-full scroll-mb-[var(--thread-trailing-height,150px)] text-token-text-primary focus-visible:outline-2 focus-visible:outline-offset-[-4px]\" dir=\"auto\" data-testid=\"conversation-turn-5\" data-scroll-anchor=\"true\">\n<div class=\"m-auto text-base py-[18px] px-3 md:px-4 w-full md:px-5 lg:px-4 xl:px-5\">\n<div class=\"mx-auto flex flex-1 gap-4 text-base md:gap-5 lg:gap-6 md:max-w-3xl lg:max-w-[40rem] xl:max-w-[48rem]\">\n<div class=\"group\/conversation-turn relative flex w-full min-w-0 flex-col agent-turn\">\n<div class=\"flex-col gap-1 md:gap-3\">\n<div class=\"flex max-w-full flex-col flex-grow\">\n<div class=\"min-h-8 text-message flex w-full flex-col items-end gap-2 whitespace-normal break-words [.text-message+&amp;]:mt-5\" dir=\"auto\" data-message-author-role=\"assistant\" data-message-id=\"ca066132-0777-4603-995e-a689971b3380\" data-message-model-slug=\"gpt-4o\">\n<div class=\"flex w-full flex-col gap-1 empty:hidden first:pt-[3px]\">\n<div class=\"markdown prose w-full break-words dark:prose-invert light\">\n<div class=\"flex-1 overflow-hidden @container\/thread\">\n<div class=\"h-full\">\n<div class=\"react-scroll-to-bottom--css-rkqgb-79elbk h-full\">\n<div class=\"react-scroll-to-bottom--css-rkqgb-1n7m0yu\">\n<div class=\"flex flex-col text-sm md:pb-9\">\n<article class=\"w-full scroll-mb-[var(--thread-trailing-height,150px)] text-token-text-primary focus-visible:outline-2 focus-visible:outline-offset-[-4px]\" dir=\"auto\" data-testid=\"conversation-turn-9\" data-scroll-anchor=\"true\">\n<div class=\"m-auto text-base py-[18px] px-3 md:px-4 w-full md:px-5 lg:px-4 xl:px-5\">\n<div class=\"mx-auto flex flex-1 gap-4 text-base md:gap-5 lg:gap-6 md:max-w-3xl lg:max-w-[40rem] xl:max-w-[48rem]\">\n<div class=\"group\/conversation-turn relative flex w-full min-w-0 flex-col agent-turn\">\n<div class=\"flex-col gap-1 md:gap-3\">\n<div class=\"flex max-w-full flex-col flex-grow\">\n<div class=\"min-h-8 text-message flex w-full flex-col items-end gap-2 whitespace-normal break-words text-start [.text-message+&amp;]:mt-5\" dir=\"auto\" data-message-author-role=\"assistant\" data-message-id=\"87137e43-9a3e-4479-90ac-22c23781ee39\" data-message-model-slug=\"gpt-4o\">\n<div class=\"flex w-full flex-col gap-1 empty:hidden first:pt-[3px]\">\n<div class=\"markdown prose w-full break-words dark:prose-invert light\">\n<p>La <strong>Magic Bar Alpha 20K<\/strong> La cigarrilla electr\u00f3nica desechable ofrece hasta 20.000 caladas, una capacidad de l\u00edquido electr\u00f3nico de 25 ml, varias opciones de nicotina (0, 10, 20, 30, 50), una bater\u00eda de 650 mAh, una bobina de malla de 0,5 \u03a9 y el sabor \u00fanico \"Lady Killer\" para proporcionar una experiencia de vapeo de primera clase para cada vapeador en Alemania.<\/p>\n<\/div>\n<\/div>\n<\/div>\n<\/div>\n<div class=\"pr-2 lg:pr-0\"><\/div>\n<\/div>\n<\/div>\n<\/div>\n<\/div>\n<\/article>\n<\/div>\n<\/div>\n<\/div>\n<\/div>\n<\/div>\n<\/div>\n<\/div>\n<\/div>\n<\/div>\n<\/div>\n<\/div>\n<\/div>\n<\/div>\n<\/article>\n<\/div>\n<\/div>\n<\/div>\n<\/div>\n<\/div>\n<\/div>\n<\/div>\n<\/div>\n<\/div>\n<\/div>\n<\/div>\n<\/div>\n<\/div>\n<\/article>\n<\/div>\n<\/div>\n<\/div>\n<\/div>\n<\/div>\n<\/div>\n<\/div>\n<\/div>\n<\/div>\n<div class=\"pr-2 lg:pr-0\"><\/div>\n<div class=\"mt-3 w-full empty:hidden\">\n<div class=\"text-center\"><\/div>\n<\/div>\n<\/div>\n<div class=\"absolute\">\n<div class=\"flex items-center justify-center\"><\/div>\n<\/div>\n<\/div>\n<\/div>\n<\/div>\n<\/article>\n<\/div>\n<\/div>\n<\/div>\n<\/div>\n<\/div>\n<div class=\"md:pt-0 dark:border-white\/20 md:border-transparent md:dark:border-transparent w-full\">\n<div>\n<div class=\"m-auto text-base px-3 md:px-4 w-full md:px-5 lg:px-4 xl:px-5\">\n<div class=\"mx-auto flex flex-1 gap-4 text-base md:gap-5 lg:gap-6 md:max-w-3xl lg:max-w-[40rem] xl:max-w-[48rem]\">\n<div class=\"flex justify-center\"><\/div>\n<\/div>\n<\/div>\n<\/div>\n<\/div>\n<\/div>\n<\/div>\n<\/div>\n<\/div>\n<\/div>\n<\/div>\n<\/div>\n<\/div>\n<\/div>","protected":false},"featured_media":1768,"comment_status":"open","ping_status":"closed","template":"","meta":[],"product_brand":[],"product_cat":[63],"product_tag":[],"class_list":{"0":"post-1780","1":"product","2":"type-product","3":"status-publish","4":"has-post-thumbnail","6":"product_cat-magic-bar-20000","8":"first","9":"instock","10":"sale","11":"shipping-taxable","12":"purchasable","13":"product-type-simple"},"jetpack_sharing_enabled":true,"_links":{"self":[{"href":"https:\/\/alfakherwelt.de\/es\/wp-json\/wp\/v2\/product\/1780","targetHints":{"allow":["GET"]}}],"collection":[{"href":"https:\/\/alfakherwelt.de\/es\/wp-json\/wp\/v2\/product"}],"about":[{"href":"https:\/\/alfakherwelt.de\/es\/wp-json\/wp\/v2\/types\/product"}],"replies":[{"embeddable":true,"href":"https:\/\/alfakherwelt.de\/es\/wp-json\/wp\/v2\/comments?post=1780"}],"wp:featuredmedia":[{"embeddable":true,"href":"https:\/\/alfakherwelt.de\/es\/wp-json\/wp\/v2\/media\/1768"}],"wp:attachment":[{"href":"https:\/\/alfakherwelt.de\/es\/wp-json\/wp\/v2\/media?parent=1780"}],"wp:term":[{"taxonomy":"product_brand","embeddable":true,"href":"https:\/\/alfakherwelt.de\/es\/wp-json\/wp\/v2\/product_brand?post=1780"},{"taxonomy":"product_cat","embeddable":true,"href":"https:\/\/alfakherwelt.de\/es\/wp-json\/wp\/v2\/product_cat?post=1780"},{"taxonomy":"product_tag","embeddable":true,"href":"https:\/\/alfakherwelt.de\/es\/wp-json\/wp\/v2\/product_tag?post=1780"}],"curies":[{"name":"wp","href":"https:\/\/api.w.org\/{rel}","templated":true}]}}