{"id":1286,"date":"2024-11-25T06:27:58","date_gmt":"2024-11-25T06:27:58","guid":{"rendered":"https:\/\/alfakherwelt.de\/?post_type=product&#038;p=1286"},"modified":"2025-09-06T00:36:24","modified_gmt":"2025-09-06T00:36:24","slug":"al-fakher-crown-bar-8000-inhalaciones-cigarrillo-electronico-desechable-maracuya-dulce-26","status":"publish","type":"product","link":"https:\/\/alfakherwelt.de\/es\/producto\/al-fakher-crown-bar-8000-inhalaciones-cigarrillo-electronico-desechable-maracuya-dulce-26\/","title":{"rendered":"Airmez Matrix 25000 Z\u00fcge Einweg E Zigarette \u2013 Velvet Strawberry Cake \n\nse convierte en \n\nAirmez Matrix 25000 tiradas E cigarrillo desechable \u2013 Pastel de fresa terciopelo"},"content":{"rendered":"<h2><a href=\"https:\/\/alfakherwelt.de\/es\/categoria-de-producto\/matriz-airmez-25000\/\">Airmez Matrix 25000<\/a>: La experiencia premium para cigarrillos electr\u00f3nicos desechables<\/h2>\n<div style=\"width: 1020px;\" class=\"wp-video\"><video class=\"wp-video-shortcode\" id=\"video-1286-1\" width=\"1020\" height=\"1020\" preload=\"metadata\" controls=\"controls\"><source type=\"video\/mp4\" src=\"https:\/\/alfakherwelt.de\/wp-content\/uploads\/2024\/11\/Airmez-Matrix-25000-3.mp4?_=1\" \/><a href=\"https:\/\/alfakherwelt.de\/wp-content\/uploads\/2024\/11\/Airmez-Matrix-25000-3.mp4\">https:\/\/alfakherwelt.de\/wp-content\/uploads\/2024\/11\/Airmez-Matrix-25000-3.mp4<\/a><\/video><\/div>\n<p>La <strong>Airmez Matrix 25000 Desechable E-Cigarrillo<\/strong> Combina tecnolog\u00eda de punta con una experiencia de vapeo inigualable. Con una variedad de caracter\u00edsticas innovadoras y sabores impresionantes, eleva el vapeo a un nuevo nivel. Perfecto para principiantes y usuarios experimentados que buscan calidad y rendimiento.<\/p>\n<hr \/>\n<h2><strong>Descripci\u00f3n del producto: M\u00e1s que un cigarrillo electr\u00f3nico<\/strong><\/h2>\n<p>La Airmez Matrix 25000 ofrece hasta <strong>25.000 trenes<\/strong> en modo normal y <strong>15.000 trenes<\/strong> en el modo Boost \u2013 una verdadera revoluci\u00f3n en el mundo de los cigarrillos electr\u00f3nicos desechables. El coraz\u00f3n de esta innovaci\u00f3n son los <strong>Bobinas Dual-Mesh<\/strong>que aseguran un desarrollo arom\u00e1tico intenso y una experiencia de vapeo uniforme. Con un dise\u00f1o ergon\u00f3mico y una <strong>Pantalla t\u00e1ctil de 2,1\u2033<\/strong> La matriz Airmez 25000 no solo es divertida, sino que tambi\u00e9n es intuitiva de usar.<\/p>\n<p>El dispositivo fue desarrollado espec\u00edficamente para cumplir con las demandas de los vapeadores modernos: <strong>Ajuste de suministro de aire<\/strong>, <strong>Funci\u00f3n de carga USB tipo C<\/strong> y una pantalla interactiva que muestra el estado de la bater\u00eda y el nivel de l\u00edquido electr\u00f3nico. Ya sea en casa, en movimiento o en fiestas, la Airmez Matrix 25000 es el compa\u00f1ero ideal.<\/p>\n<hr \/>\n<h2><strong>Hauptmerkmale der <a href=\"https:\/\/alfakherwelt.de\/es\/categoria-de-producto\/matriz-airmez-25000\/\">Airmez Matrix 25000<\/a><\/strong><\/h2>\n<ol>\n<li><strong>Prolongado vaporado<\/strong>: Hasta 25.000 tiradas en modo normal y 15.000 tiradas en modo turbo.<\/li>\n<li><strong>Integrierte Dual-Mesh-Coils<\/strong>: Asegura un vapor denso y un sabor intenso.<\/li>\n<li><strong>Pantalla t\u00e1ctil de 2,1\u2033<\/strong>: F\u00e1cil manejo con pantalla para el estado de la bater\u00eda y del l\u00edquido.<\/li>\n<li><strong>Ajuste de suministro de aire<\/strong>: Ajuste individual para una experiencia de vapeo personalizada.<\/li>\n<li><strong>Dos modos de potencia<\/strong>: Seleccione entre el modo normal y el modo boost para cumplir con sus preferencias.<\/li>\n<li><strong>Contenido de nicotina<\/strong>: 5 % (50 mg) para una experiencia intensa.<\/li>\n<li><strong>Tama\u00f1o compacto<\/strong>: Entra perfectamente en cualquier bolsillo - ideal para llevar.<\/li>\n<li><strong>Carga USB tipo C<\/strong>Carga r\u00e1pida y eficiente para m\u00e1ximo confort.<\/li>\n<\/ol>\n<hr \/>\n<h2><strong>Sabores \u00fanicos: Pastel de fresa Velvet<\/strong><\/h2>\n<p>Sum\u00e9rjase en lo <strong>Experiencia gustativa \"Tarta de Fresa de Terciopelo\"<\/strong>Este sabor premium combina la suave dulzura de las fresas maduras con la textura cremosa de un pastel reci\u00e9n horneado. Cada bocanada ofrece una mezcla armoniosa de fruta y dulzura cremosa que deleita todos los sentidos.<\/p>\n<h3><strong>Por qu\u00e9 elegir Velvet Strawberry Cake?<\/strong><\/h3>\n<ul>\n<li><strong>Fresas maduras<\/strong>Un aroma aut\u00e9ntico que recuerda a bayas reci\u00e9n cosechadas.<\/li>\n<li><strong>Aromas de pastel<\/strong>Una base aterciopelada de notas de reposter\u00eda que aseguran un final intenso.<\/li>\n<li><strong>Perfecta equilibrio<\/strong>No demasiado dulce, no demasiado pesado - un sabor que siempre encaja.<\/li>\n<li><strong>Largo placer\u6301\u7eed<\/strong>: Gracias a las bobinas de doble malla, el sabor permanece intenso hasta la \u00faltima calada.<\/li>\n<\/ul>\n<p><img loading=\"lazy\" decoding=\"async\" class=\"alignnone wp-image-1246 size-full\" src=\"https:\/\/alfakherwelt.de\/wp-content\/uploads\/2024\/11\/Airmez-Matrix-25000-2.webp\" alt=\"Airmez Matrix 25000 Z\u00fcge Einweg E Zigarette - terciopelo fresa pastel\" width=\"1280\" height=\"1280\" title=\"\" srcset=\"https:\/\/alfakherwelt.de\/wp-content\/uploads\/2024\/11\/Airmez-Matrix-25000-2.webp 1280w, https:\/\/alfakherwelt.de\/wp-content\/uploads\/2024\/11\/Airmez-Matrix-25000-2-300x300.webp 300w, https:\/\/alfakherwelt.de\/wp-content\/uploads\/2024\/11\/Airmez-Matrix-25000-2-1024x1024.webp 1024w, https:\/\/alfakherwelt.de\/wp-content\/uploads\/2024\/11\/Airmez-Matrix-25000-2-150x150.webp 150w, https:\/\/alfakherwelt.de\/wp-content\/uploads\/2024\/11\/Airmez-Matrix-25000-2-768x768.webp 768w, https:\/\/alfakherwelt.de\/wp-content\/uploads\/2024\/11\/Airmez-Matrix-25000-2-12x12.webp 12w, https:\/\/alfakherwelt.de\/wp-content\/uploads\/2024\/11\/Airmez-Matrix-25000-2-600x600.webp 600w, https:\/\/alfakherwelt.de\/wp-content\/uploads\/2024\/11\/Airmez-Matrix-25000-2-100x100.webp 100w\" sizes=\"auto, (max-width: 1280px) 100vw, 1280px\" \/><\/p>\n<h2><strong>Por qu\u00e9 con <a href=\"https:\/\/alfakherwelt.de\/es\/\">Alfakherwelt.de<\/a> \u00bfComprar?<\/strong><\/h2>\n<p>En <strong>Alfakherwelt.de<\/strong>, la mayor plataforma para cigarrillos electr\u00f3nicos desechables en Alemania, encontrar\u00e1 la <strong>Airmez Matrix 25000<\/strong> as\u00ed como una variedad de otros productos premium. Nuestros clientes se benefician de:<\/p>\n<ul>\n<li><strong>Excelente selecci\u00f3n<\/strong> en sabores y marcas.<\/li>\n<li><strong>Entrega r\u00e1pida<\/strong> y un sencillo proceso de pedido.<\/li>\n<li><strong>Soporte al cliente<\/strong>que garantiza su satisfacci\u00f3n.<\/li>\n<\/ul>\n<hr \/>\n<h2><strong>Fazit: Su elecci\u00f3n perfecta para una experiencia de vapeo premium<\/strong><\/h2>\n<p>La <a href=\"https:\/\/alfakherwelt.de\/es\/categoria-de-producto\/matriz-airmez-25000\/\"><strong>Airmez Matrix 25000<\/strong><\/a> Establece nuevos est\u00e1ndares en el mundo de los cigarrillos electr\u00f3nicos desechables. Con tecnolog\u00eda innovadora, un n\u00famero impresionante de bocanadas y sabores exquisitos, es el compa\u00f1ero perfecto para todos los vapeadores. Disfruta de lo mejor de lo mejor y experimenta momentos inolvidables con cada bocanada.<\/p>\n<hr \/>\n<h3><strong>Ahora ordena y revoluciona el vapeo.<\/strong><\/h3>\n<p>Visite <a href=\"https:\/\/alfakherwelt.de\/es\/\" target=\"_new\" rel=\"noopener\">alfakherwelt.de<\/a> y aseg\u00farese de su <strong>Airmez Matrix 25000<\/strong> \u00a1Todav\u00eda hoy!<\/p>","protected":false},"excerpt":{"rendered":"<div class=\"flex-shrink-0 flex flex-col relative items-end\">\n<div class=\"pt-0\">\n<div class=\"gizmo-shadow-stroke flex h-8 w-8 items-center justify-center overflow-hidden rounded-full\">\n<div class=\"h-full w-full\">\n<div class=\"flex-1 overflow-hidden\">\n<div class=\"h-full\">\n<div class=\"react-scroll-to-bottom--css-unzgk-79elbk h-full\">\n<div class=\"react-scroll-to-bottom--css-unzgk-1n7m0yu\">\n<div class=\"flex flex-col text-sm md:pb-9\">\n<article class=\"w-full scroll-mb-[var(--thread-trailing-height,150px)] text-token-text-primary focus-visible:outline-2 focus-visible:outline-offset-[-4px]\" dir=\"auto\" data-testid=\"conversation-turn-5\" data-scroll-anchor=\"true\">\n<div class=\"m-auto text-base py-[18px] px-3 md:px-4 w-full md:px-5 lg:px-4 xl:px-5\">\n<div class=\"mx-auto flex flex-1 gap-4 text-base md:gap-5 lg:gap-6 md:max-w-3xl lg:max-w-[40rem] xl:max-w-[48rem]\">\n<div class=\"group\/conversation-turn relative flex w-full min-w-0 flex-col agent-turn\">\n<div class=\"flex-col gap-1 md:gap-3\">\n<div class=\"flex max-w-full flex-col flex-grow\">\n<div class=\"min-h-8 text-message flex w-full flex-col items-end gap-2 whitespace-normal break-words [.text-message+&amp;]:mt-5\" dir=\"auto\" data-message-author-role=\"assistant\" data-message-id=\"17783ff9-bfe2-457d-95f7-adc986b21d2c\" data-message-model-slug=\"gpt-4o\">\n<div class=\"flex w-full flex-col gap-1 empty:hidden first:pt-[3px]\">\n<div class=\"markdown prose w-full break-words dark:prose-invert light\">\n<p>La <strong>Airmez Matrix 25000<\/strong> Es una innovadora cigarrillo electr\u00f3nico desechable con hasta 25.000 caladas, bobinas de doble malla, suministro de aire ajustable, una pantalla t\u00e1ctil de 2,1\u2033 y sabores exquisitos como Velvet Strawberry Cake, que ofrecen una experiencia de vapeo de primera categor\u00eda.<\/p>\n<\/div>\n<\/div>\n<\/div>\n<\/div>\n<div class=\"pr-2 lg:pr-0\"><\/div>\n<div class=\"mt-3 w-full empty:hidden\">\n<div class=\"text-center\"><\/div>\n<\/div>\n<\/div>\n<div class=\"absolute\">\n<div class=\"flex items-center justify-center\"><\/div>\n<\/div>\n<\/div>\n<\/div>\n<\/div>\n<\/article>\n<\/div>\n<\/div>\n<\/div>\n<\/div>\n<\/div>\n<div class=\"md:pt-0 dark:border-white\/20 md:border-transparent md:dark:border-transparent w-full\">\n<div>\n<div class=\"m-auto text-base px-3 md:px-4 w-full md:px-5 lg:px-4 xl:px-5\">\n<div class=\"mx-auto flex flex-1 gap-4 text-base md:gap-5 lg:gap-6 md:max-w-3xl lg:max-w-[40rem] xl:max-w-[48rem]\">\n<div class=\"flex justify-center\"><\/div>\n<\/div>\n<\/div>\n<\/div>\n<\/div>\n<\/div>\n<\/div>\n<\/div>\n<\/div>","protected":false},"featured_media":1283,"comment_status":"open","ping_status":"closed","template":"","meta":[],"product_brand":[],"product_cat":[53],"product_tag":[],"class_list":{"0":"post-1286","1":"product","2":"type-product","3":"status-publish","4":"has-post-thumbnail","6":"product_cat-airmez-matrix-25000","8":"first","9":"instock","10":"sale","11":"shipping-taxable","12":"purchasable","13":"product-type-simple"},"jetpack_sharing_enabled":true,"_links":{"self":[{"href":"https:\/\/alfakherwelt.de\/es\/wp-json\/wp\/v2\/product\/1286","targetHints":{"allow":["GET"]}}],"collection":[{"href":"https:\/\/alfakherwelt.de\/es\/wp-json\/wp\/v2\/product"}],"about":[{"href":"https:\/\/alfakherwelt.de\/es\/wp-json\/wp\/v2\/types\/product"}],"replies":[{"embeddable":true,"href":"https:\/\/alfakherwelt.de\/es\/wp-json\/wp\/v2\/comments?post=1286"}],"wp:featuredmedia":[{"embeddable":true,"href":"https:\/\/alfakherwelt.de\/es\/wp-json\/wp\/v2\/media\/1283"}],"wp:attachment":[{"href":"https:\/\/alfakherwelt.de\/es\/wp-json\/wp\/v2\/media?parent=1286"}],"wp:term":[{"taxonomy":"product_brand","embeddable":true,"href":"https:\/\/alfakherwelt.de\/es\/wp-json\/wp\/v2\/product_brand?post=1286"},{"taxonomy":"product_cat","embeddable":true,"href":"https:\/\/alfakherwelt.de\/es\/wp-json\/wp\/v2\/product_cat?post=1286"},{"taxonomy":"product_tag","embeddable":true,"href":"https:\/\/alfakherwelt.de\/es\/wp-json\/wp\/v2\/product_tag?post=1286"}],"curies":[{"name":"wp","href":"https:\/\/api.w.org\/{rel}","templated":true}]}}