{"id":1279,"date":"2024-11-25T05:56:42","date_gmt":"2024-11-25T05:56:42","guid":{"rendered":"https:\/\/alfakherwelt.de\/?post_type=product&#038;p=1279"},"modified":"2025-09-06T00:36:48","modified_gmt":"2025-09-06T00:36:48","slug":"al-fakher-crown-bar-8000-inhalaciones-cigarrillo-electronico-desechable-maracuya-dulce-24","status":"publish","type":"product","link":"https:\/\/alfakherwelt.de\/es\/producto\/al-fakher-crown-bar-8000-inhalaciones-cigarrillo-electronico-desechable-maracuya-dulce-24\/","title":{"rendered":"Airmez Matrix 25000 Z\u00fcge Einweg E Zigarette \u2013 Night Crawler \n\nAirmez Matrix 25000 tiradas cigarrillo electr\u00f3nico desechable - Night Crawler"},"content":{"rendered":"<h2><\/h2>\n<div style=\"width: 1020px;\" class=\"wp-video\"><video class=\"wp-video-shortcode\" id=\"video-1279-1\" width=\"1020\" height=\"1020\" preload=\"metadata\" controls=\"controls\"><source type=\"video\/mp4\" src=\"https:\/\/alfakherwelt.de\/wp-content\/uploads\/2024\/11\/Airmez-Matrix-25000-3.mp4?_=1\" \/><a href=\"https:\/\/alfakherwelt.de\/wp-content\/uploads\/2024\/11\/Airmez-Matrix-25000-3.mp4\">https:\/\/alfakherwelt.de\/wp-content\/uploads\/2024\/11\/Airmez-Matrix-25000-3.mp4<\/a><\/video><\/div>\n<h2><a href=\"https:\/\/alfakherwelt.de\/es\/categoria-de-producto\/matriz-airmez-25000\/\">Airmez Matrix 25000<\/a> E-Zigarette de un solo uso: M\u00e1ximo placer de vapeo en Alemania<\/h2>\n<p>La <strong>Airmez Matrix 25000 Desechable E-Cigarrillo<\/strong> Es una verdadera innovaci\u00f3n en el mundo de los vaporizadores. Con su dise\u00f1o de \u00faltima generaci\u00f3n y una tecnolog\u00eda impresionante, eleva la experiencia de vapeo a un nuevo nivel. Dise\u00f1ada para una larga vida \u00fatil y equipada con funciones potentes, es ideal para cualquiera que busque un dispositivo de vapeo fiable, pr\u00e1ctico y placentero.<\/p>\n<hr \/>\n<h2>\u00bfQu\u00e9 hace la <a href=\"https:\/\/alfakherwelt.de\/es\/categoria-de-producto\/matriz-airmez-25000\/\">Airmez Matrix 25000<\/a> especialmente<\/h2>\n<p>La <strong>Airmez Matrix 25000 Desechable E-Cigarrillo<\/strong> Combina la tecnolog\u00eda m\u00e1s avanzada con una experiencia de usuario intuitiva. A continuaci\u00f3n, se presentan las caracter\u00edsticas principales que la destacan:<\/p>\n<h3>Bobinas Dual-Mesh<\/h3>\n<p>Dos bobinas de malla de alta calidad aseguran un sabor intenso y una vaporizaci\u00f3n uniforme. Este dise\u00f1o optimiza la liberaci\u00f3n de los aromas y maximiza el volumen de vapor.<\/p>\n<h3>Flujo de aire ajustable<\/h3>\n<p>Ajuste el flujo de aire a sus preferencias personales - desde un tiro ajustado hasta una experiencia abierta y aireada.<\/p>\n<h3>Dos modos de fuego: Normal y Boost<\/h3>\n<p>Der <strong>Modo normal<\/strong> ofrece hasta <strong>25.000 trenes<\/strong>mientras el <strong>Modo de refuerzo<\/strong> una experiencia m\u00e1s poderosa con hasta <strong>15.000 trenes<\/strong> Permite.<\/p>\n<h3>Pantalla t\u00e1ctil<\/h3>\n<p>Un display t\u00e1ctil de 2,1 pulgadas muestra el estado de la bater\u00eda, el nivel de l\u00edquido electr\u00f3nico y otra informaci\u00f3n importante. Esta interfaz intuitiva hace que la operaci\u00f3n sea f\u00e1cil y ofrece opciones de entretenimiento al mismo tiempo.<\/p>\n<h3>Tipo C conector de carga<\/h3>\n<p>Gracias al moderno conector de carga Tipo-C, puede cargar el dispositivo de manera r\u00e1pida y eficiente.<\/p>\n<hr \/>\n<h2>Ventajas de un vistazo<\/h2>\n<ul>\n<li><strong>Contenido de nicotina:<\/strong> 5 % (50 mg) \u2013 ideal para todos los que buscan un golpe intenso de nicotina.<\/li>\n<li><strong>Manipulaci\u00f3n<\/strong> F\u00e1cil de usar mediante activaci\u00f3n por tracci\u00f3n.<\/li>\n<li><strong>Durabilidad:<\/strong> Uno de los cigarrillos electr\u00f3nicos desechables m\u00e1s duraderos del mercado.<\/li>\n<li><strong>Innovaci\u00f3n:<\/strong> \u00danica combinaci\u00f3n de tecnolog\u00eda y facilidad de uso.<\/li>\n<\/ul>\n<hr \/>\n<h2>Experiencias gastron\u00f3micas \u00fanicas: los sabores \"Night Crawler\"<\/h2>\n<p>La <strong>Airmez Matrix 25000<\/strong> ofrece una fascinante paleta de aromas que convierten el vapeo en un placer para los sentidos. Especialmente destacable es el sabor <strong>Night Crawler<\/strong>que ofrece una mezcla equilibrada de dulzura, frescura y matices complejos.<\/p>\n<h3>Sabor en detalle: Night Crawler<\/h3>\n<p>Der <strong>Night Crawler<\/strong>Sabor es una magistral combinaci\u00f3n de:<\/p>\n<ul>\n<li><strong>Dulce y Frutal:<\/strong> Una explosi\u00f3n de frutas maduras, que recuerda a bayas jugosas y frutas tropicales. El equilibrio perfecto entre dulzura natural y acidez sutil.<\/li>\n<li><strong>Notas refrescantes:<\/strong> Un toque de frescura que aviva la experiencia de vapear, sin ser demasiado intenso.<\/li>\n<li><strong>Complejidad:<\/strong> Delicadas sutilezas y una suave profundidad que revelan nuevas facetas con cada sorbo.<\/li>\n<\/ul>\n<p>Este sabor es ideal para vapeadores que buscan variedad y, al mismo tiempo, dan importancia a la m\u00e1xima calidad.<\/p>\n<hr \/>\n<h2>Por qu\u00e9 la <a href=\"https:\/\/alfakherwelt.de\/es\/categoria-de-producto\/matriz-airmez-25000\/\">Airmez Matrix 25000<\/a> en <a href=\"https:\/\/alfakherwelt.de\/es\/\">alfakherwelt.de<\/a> \u00bfComprar?<\/h2>\n<p>Como la mayor tienda en l\u00ednea de cigarrillos electr\u00f3nicos desechables de Alemania, ofrecemos ventajas exclusivas:<\/p>\n<ol>\n<li><strong>Productos aut\u00e9nticos:<\/strong> Garantizado original y de la m\u00e1s alta calidad.<\/li>\n<li><strong>Gran selecci\u00f3n:<\/strong> Descubre una variedad de sabores y marcas.<\/li>\n<li><strong>Entrega r\u00e1pida:<\/strong> Gracias a la log\u00edstica optimizada, recibir\u00e1 su pedido en el menor tiempo posible.<\/li>\n<li><strong>Servicio de primera clase:<\/strong> Nuestro soporte al cliente est\u00e1 disponible en cualquier momento.<\/li>\n<\/ol>\n<p><img loading=\"lazy\" decoding=\"async\" class=\"alignnone wp-image-1247 size-full\" src=\"https:\/\/alfakherwelt.de\/wp-content\/uploads\/2024\/11\/Airmez-Matrix-25000.webp\" alt=\"Airmez Matrix 25000 Z\u00fcge Einweg E Zigarette - Night Crawler se convierte en Airmez Matrix 25000 tiradas Disposable E Cigarrillo - Night Crawler \" width=\"1016\" height=\"1452\" title=\"\" srcset=\"https:\/\/alfakherwelt.de\/wp-content\/uploads\/2024\/11\/Airmez-Matrix-25000.webp 1016w, https:\/\/alfakherwelt.de\/wp-content\/uploads\/2024\/11\/Airmez-Matrix-25000-210x300.webp 210w, https:\/\/alfakherwelt.de\/wp-content\/uploads\/2024\/11\/Airmez-Matrix-25000-717x1024.webp 717w, https:\/\/alfakherwelt.de\/wp-content\/uploads\/2024\/11\/Airmez-Matrix-25000-768x1098.webp 768w, https:\/\/alfakherwelt.de\/wp-content\/uploads\/2024\/11\/Airmez-Matrix-25000-8x12.webp 8w, https:\/\/alfakherwelt.de\/wp-content\/uploads\/2024\/11\/Airmez-Matrix-25000-600x857.webp 600w\" sizes=\"auto, (max-width: 1016px) 100vw, 1016px\" \/><\/p>\n<h3>Una declaraci\u00f3n en el mundo de los vaporizadores desechables<\/h3>\n<p>La <strong>Airmez Matrix 25000<\/strong> Establece nuevos est\u00e1ndares en cuanto a funcionalidad, dise\u00f1o y sabor. Ya sea que sea un principiante o un vapeador experimentado, este dispositivo est\u00e1 perfectamente adaptado a sus necesidades.<\/p>\n<p>Vis\u00edtenos en <a href=\"https:\/\/alfakherwelt.de\/es\/\"><strong>alfakherwelt.de<\/strong><\/a>para poder <strong>Airmez Matrix 25000 Desechable E-Cigarrillo<\/strong> y otros vapeadores premium para descubrir. \u00a1Haz que cada calada sea una experiencia inolvidable!<\/p>","protected":false},"excerpt":{"rendered":"<div class=\"flex-shrink-0 flex flex-col relative items-end\">\n<div class=\"pt-0\">\n<div class=\"gizmo-shadow-stroke flex h-8 w-8 items-center justify-center overflow-hidden rounded-full\">\n<div class=\"h-full w-full\">\n<div class=\"flex-shrink-0 flex flex-col relative items-end\">\n<div class=\"pt-0\">\n<div class=\"gizmo-shadow-stroke flex h-8 w-8 items-center justify-center overflow-hidden rounded-full\">\n<div class=\"h-full w-full\">\n<div class=\"gizmo-shadow-stroke overflow-hidden rounded-full\">\n<div class=\"flex-1 overflow-hidden\">\n<div class=\"h-full\">\n<div class=\"react-scroll-to-bottom--css-nphjn-79elbk h-full\">\n<div class=\"react-scroll-to-bottom--css-nphjn-1n7m0yu\">\n<div class=\"flex flex-col text-sm md:pb-9\">\n<article class=\"w-full scroll-mb-[var(--thread-trailing-height,150px)] text-token-text-primary focus-visible:outline-2 focus-visible:outline-offset-[-4px]\" dir=\"auto\" data-testid=\"conversation-turn-5\" data-scroll-anchor=\"true\">\n<div class=\"m-auto text-base py-[18px] px-3 md:px-4 w-full md:px-5 lg:px-4 xl:px-5\">\n<div class=\"mx-auto flex flex-1 gap-4 text-base md:gap-5 lg:gap-6 md:max-w-3xl lg:max-w-[40rem] xl:max-w-[48rem]\">\n<div class=\"group\/conversation-turn relative flex w-full min-w-0 flex-col agent-turn\">\n<div class=\"flex-col gap-1 md:gap-3\">\n<div class=\"flex max-w-full flex-col flex-grow\">\n<div class=\"min-h-8 text-message flex w-full flex-col items-end gap-2 whitespace-normal break-words [.text-message+&amp;]:mt-5\" dir=\"auto\" data-message-author-role=\"assistant\" data-message-id=\"1982dcee-f0f5-4cfa-a269-fdbaed43d922\" data-message-model-slug=\"gpt-4o\">\n<div class=\"flex w-full flex-col gap-1 empty:hidden first:pt-[3px]\">\n<div class=\"markdown prose w-full break-words dark:prose-invert light\">\n<p>La <strong>Airmez Matrix 25000 Desechable E-Cigarrillo<\/strong> Combina la \u00faltima tecnolog\u00eda, como las bobinas de doble malla, una pantalla t\u00e1ctil de 2,1 pulgadas y un flujo de aire ajustable, con hasta 25.000 bocanegraadas e intensos aromas como \"Night Crawler\" para una experiencia de vapeo excepcional en Alemania.<\/p>\n<\/div>\n<\/div>\n<\/div>\n<\/div>\n<div class=\"pr-2 lg:pr-0\"><\/div>\n<div class=\"mt-3 w-full empty:hidden\">\n<div class=\"text-center\"><\/div>\n<\/div>\n<\/div>\n<div class=\"absolute\">\n<div class=\"flex items-center justify-center\"><\/div>\n<\/div>\n<\/div>\n<\/div>\n<\/div>\n<\/article>\n<\/div>\n<\/div>\n<\/div>\n<\/div>\n<\/div>\n<div class=\"md:pt-0 dark:border-white\/20 md:border-transparent md:dark:border-transparent w-full\">\n<div>\n<div class=\"m-auto text-base px-3 md:px-4 w-full md:px-5 lg:px-4 xl:px-5\">\n<div class=\"mx-auto flex flex-1 gap-4 text-base md:gap-5 lg:gap-6 md:max-w-3xl lg:max-w-[40rem] xl:max-w-[48rem]\">\n<div class=\"flex justify-center\"><\/div>\n<\/div>\n<\/div>\n<\/div>\n<\/div>\n<\/div>\n<\/div>\n<\/div>\n<\/div>\n<\/div>\n<\/div>\n<\/div>\n<\/div>\n<\/div>","protected":false},"featured_media":1281,"comment_status":"open","ping_status":"closed","template":"","meta":[],"product_brand":[],"product_cat":[53],"product_tag":[],"class_list":{"0":"post-1279","1":"product","2":"type-product","3":"status-publish","4":"has-post-thumbnail","6":"product_cat-airmez-matrix-25000","8":"first","9":"instock","10":"sale","11":"shipping-taxable","12":"purchasable","13":"product-type-simple"},"jetpack_sharing_enabled":true,"_links":{"self":[{"href":"https:\/\/alfakherwelt.de\/es\/wp-json\/wp\/v2\/product\/1279","targetHints":{"allow":["GET"]}}],"collection":[{"href":"https:\/\/alfakherwelt.de\/es\/wp-json\/wp\/v2\/product"}],"about":[{"href":"https:\/\/alfakherwelt.de\/es\/wp-json\/wp\/v2\/types\/product"}],"replies":[{"embeddable":true,"href":"https:\/\/alfakherwelt.de\/es\/wp-json\/wp\/v2\/comments?post=1279"}],"wp:featuredmedia":[{"embeddable":true,"href":"https:\/\/alfakherwelt.de\/es\/wp-json\/wp\/v2\/media\/1281"}],"wp:attachment":[{"href":"https:\/\/alfakherwelt.de\/es\/wp-json\/wp\/v2\/media?parent=1279"}],"wp:term":[{"taxonomy":"product_brand","embeddable":true,"href":"https:\/\/alfakherwelt.de\/es\/wp-json\/wp\/v2\/product_brand?post=1279"},{"taxonomy":"product_cat","embeddable":true,"href":"https:\/\/alfakherwelt.de\/es\/wp-json\/wp\/v2\/product_cat?post=1279"},{"taxonomy":"product_tag","embeddable":true,"href":"https:\/\/alfakherwelt.de\/es\/wp-json\/wp\/v2\/product_tag?post=1279"}],"curies":[{"name":"wp","href":"https:\/\/api.w.org\/{rel}","templated":true}]}}