{"id":1268,"date":"2024-11-22T11:13:33","date_gmt":"2024-11-22T11:13:33","guid":{"rendered":"https:\/\/alfakherwelt.de\/?post_type=product&#038;p=1268"},"modified":"2025-09-06T00:40:51","modified_gmt":"2025-09-06T00:40:51","slug":"al-fakher-crown-bar-8000-inhalaciones-cigarrillo-electronico-desechable-maracuya-dulce-20","status":"publish","type":"product","link":"https:\/\/alfakherwelt.de\/es\/producto\/al-fakher-crown-bar-8000-inhalaciones-cigarrillo-electronico-desechable-maracuya-dulce-20\/","title":{"rendered":"Airmez Matrix 25000 Z\u00fcge Einweg E Zigarette \u2013 Frozen Strawberry Drift\n\nAirmez Matrix 25000 tiradas cigarrillo electr\u00f3nico desechable - Frozen Strawberry Drift"},"content":{"rendered":"<h3><a href=\"https:\/\/alfakherwelt.de\/es\/categoria-de-producto\/matriz-airmez-25000\/\">Airmez Matrix 25000<\/a> Disposable Vape - La elecci\u00f3n perfecta para cigarrillos electr\u00f3nicos desechables en Alemania<\/h3>\n<div style=\"width: 1020px;\" class=\"wp-video\"><video class=\"wp-video-shortcode\" id=\"video-1268-1\" width=\"1020\" height=\"1020\" preload=\"metadata\" controls=\"controls\"><source type=\"video\/mp4\" src=\"https:\/\/alfakherwelt.de\/wp-content\/uploads\/2024\/11\/Airmez-Matrix-25000-3.mp4?_=1\" \/><a href=\"https:\/\/alfakherwelt.de\/wp-content\/uploads\/2024\/11\/Airmez-Matrix-25000-3.mp4\">https:\/\/alfakherwelt.de\/wp-content\/uploads\/2024\/11\/Airmez-Matrix-25000-3.mp4<\/a><\/video><\/div>\n<h2><\/h2>\n<p>La Airmez Matrix 25000 revoluciona el mundo de los cigarrillos electr\u00f3nicos desechables y ofrece una combinaci\u00f3n de tecnolog\u00eda innovadora, sabor exquisito y facilidad de uso excepcional. Este vapeo es m\u00e1s que un simple producto desechable - es una declaraci\u00f3n de calidad y dise\u00f1o avanzado. Si est\u00e1s buscando en Alemania un cigarrillo electr\u00f3nico desechable con nicotina potente, elegante y fiable, la Airmez Matrix 25000 es la elecci\u00f3n correcta.<\/p>\n<hr \/>\n<h2><strong>Por qu\u00e9 la <a href=\"https:\/\/alfakherwelt.de\/es\/categoria-de-producto\/matriz-airmez-25000\/\">Airmez Matrix 25000<\/a>?<\/strong><\/h2>\n<p>La Airmez Matrix 25000 est\u00e1 equipada con tecnolog\u00eda de punta para garantizar una experiencia de vapeo superior. Con bobinas de malla duales, una pantalla t\u00e1ctil de 2,1 pulgadas y dos modos de potencia, redefine el vapeo.<\/p>\n<hr \/>\n<h3><strong>Descripci\u00f3n del producto: Perfecci\u00f3n en t\u00e9cnica y dise\u00f1o<\/strong><\/h3>\n<p>La Airmez Matrix 25000 ofrece un rendimiento de vapor incomparable gracias a sus bobinas de malla duales, que proporcionan un calor uniforme e intenso sabor. El flujo de aire ajustable permite personalizar la experiencia de vapeo, desde una calada m\u00e1s apretada hasta un calor abierto y aireado.<\/p>\n<p>Un punto destacado especial es la pantalla t\u00e1ctil de 2,1 pulgadas, que no solo tiene un aspecto elegante, sino que tambi\u00e9n ofrece funciones pr\u00e1cticas como la visualizaci\u00f3n del nivel de bater\u00eda y del l\u00edquido electr\u00f3nico. Esto garantiza que siempre tengas el control total. Con hasta 25.000 caladas en modo normal o 15.000 caladas en modo Boost, la Airmez Matrix 25000 ofrece una longevidad excepcional.<\/p>\n<hr \/>\n<h3><strong>Caracter\u00edsticas principales de un vistazo<\/strong><\/h3>\n<ul>\n<li><strong>Bobinas de doble malla:<\/strong> Para un sabor intenso y un vapor denso.<\/li>\n<li><strong>Caudal de aire ajustable:<\/strong> Optimice su t\u00e9cnica de dibujo seg\u00fan su gusto.<\/li>\n<li><strong>Pantalla t\u00e1ctil de 2,1 pulgadas:<\/strong> Amigable para el usuario con pantalla de nivel de bater\u00eda y indicador de l\u00edquido electr\u00f3nico.<\/li>\n<li><strong>Dos modos de rendimiento:<\/strong> Seleccione entre el modo normal (hasta 25.000 disparos) o el modo Boost (hasta 15.000 disparos).<\/li>\n<li><strong>Carga USB-C:<\/strong> Carga r\u00e1pida y eficiente.<\/li>\n<li><strong>Con nicotina:<\/strong> Contiene 5 % de nicotina para una experiencia satisfactoria.<\/li>\n<li><strong>Activado por tracci\u00f3n:<\/strong> F\u00e1cil manejo sin presi\u00f3n de botones.<\/li>\n<\/ul>\n<hr \/>\n<h2><strong>Descubra los sabores \u00fanicos<\/strong><\/h2>\n<h3><strong>Frozen Strawberry Drift<\/strong><\/h3>\n<p>Este sabor une la dulce dulzura de las fresas frescas con un toque helado que proporciona un refresco agradable. En el primer tir\u00f3n se despliega el aut\u00e9ntico sabor a fresa que recuerda a una fruta reci\u00e9n cogida. El final ofrece una nota helada que deja un final fresco y revitalizante.<\/p>\n<p><img loading=\"lazy\" decoding=\"async\" class=\"alignnone wp-image-1246 size-full\" src=\"https:\/\/alfakherwelt.de\/wp-content\/uploads\/2024\/11\/Airmez-Matrix-25000-2.webp\" alt=\"Airmez Matrix 25000 Z\u00fcge Einweg E Zigarette - Frozen Strawberry Drift se convierte en Airmez Matrix 25000 tiradas Disposable E Cigarrillo - Frozen Strawberry Drift\" width=\"1280\" height=\"1280\" title=\"\" srcset=\"https:\/\/alfakherwelt.de\/wp-content\/uploads\/2024\/11\/Airmez-Matrix-25000-2.webp 1280w, https:\/\/alfakherwelt.de\/wp-content\/uploads\/2024\/11\/Airmez-Matrix-25000-2-300x300.webp 300w, https:\/\/alfakherwelt.de\/wp-content\/uploads\/2024\/11\/Airmez-Matrix-25000-2-1024x1024.webp 1024w, https:\/\/alfakherwelt.de\/wp-content\/uploads\/2024\/11\/Airmez-Matrix-25000-2-150x150.webp 150w, https:\/\/alfakherwelt.de\/wp-content\/uploads\/2024\/11\/Airmez-Matrix-25000-2-768x768.webp 768w, https:\/\/alfakherwelt.de\/wp-content\/uploads\/2024\/11\/Airmez-Matrix-25000-2-12x12.webp 12w, https:\/\/alfakherwelt.de\/wp-content\/uploads\/2024\/11\/Airmez-Matrix-25000-2-600x600.webp 600w, https:\/\/alfakherwelt.de\/wp-content\/uploads\/2024\/11\/Airmez-Matrix-25000-2-100x100.webp 100w\" sizes=\"auto, (max-width: 1280px) 100vw, 1280px\" \/><\/p>\n<h2><strong>Por qu\u00e9 con <a href=\"https:\/\/alfakherwelt.de\/es\/\">alfakherwelt.de<\/a> \u00bfComprar?<\/strong><\/h2>\n<p>Como la mayor plataforma para cigarrillos electr\u00f3nicos desechables en Alemania, ofrecemos una amplia variedad y calidad garantizada. Nuestros productos son aut\u00e9nticos, probados y destacan por su excelente sabor.<\/p>\n<hr \/>\n<h3><strong>Ahora <a href=\"https:\/\/alfakherwelt.de\/es\/categoria-de-producto\/matriz-airmez-25000\/\">Airmez Matrix 25000<\/a> Comprar vape!<\/strong><\/h3>\n<p>Experimente la pr\u00f3xima generaci\u00f3n de vapeo y ordene hoy mismo su Airmez Matrix 25000 en alfakherwelt.de. Disfrute de la combinaci\u00f3n de tecnolog\u00eda y sabor - un cigarrillo electr\u00f3nico desechable que realmente convence.<\/p>","protected":false},"excerpt":{"rendered":"<div class=\"flex-shrink-0 flex flex-col relative items-end\">\n<div class=\"pt-0\">\n<div class=\"gizmo-shadow-stroke flex h-8 w-8 items-center justify-center overflow-hidden rounded-full\">\n<div class=\"h-full w-full\">La <strong>Airmez Matrix 25000<\/strong> La cigarrillo electr\u00f3nico desechable combina la \u00faltima tecnolog\u00eda, como bobinas de malla dual, una pantalla t\u00e1ctil de 2,1 pulgadas y flujo de aire ajustable, con sabores intensos y hasta 25.000 caladas para una experiencia de vapeo de primera clase.<\/div>\n<\/div>\n<\/div>\n<\/div>","protected":false},"featured_media":1258,"comment_status":"open","ping_status":"closed","template":"","meta":[],"product_brand":[],"product_cat":[53],"product_tag":[],"class_list":{"0":"post-1268","1":"product","2":"type-product","3":"status-publish","4":"has-post-thumbnail","6":"product_cat-airmez-matrix-25000","8":"first","9":"instock","10":"sale","11":"shipping-taxable","12":"purchasable","13":"product-type-simple"},"jetpack_sharing_enabled":true,"_links":{"self":[{"href":"https:\/\/alfakherwelt.de\/es\/wp-json\/wp\/v2\/product\/1268","targetHints":{"allow":["GET"]}}],"collection":[{"href":"https:\/\/alfakherwelt.de\/es\/wp-json\/wp\/v2\/product"}],"about":[{"href":"https:\/\/alfakherwelt.de\/es\/wp-json\/wp\/v2\/types\/product"}],"replies":[{"embeddable":true,"href":"https:\/\/alfakherwelt.de\/es\/wp-json\/wp\/v2\/comments?post=1268"}],"wp:featuredmedia":[{"embeddable":true,"href":"https:\/\/alfakherwelt.de\/es\/wp-json\/wp\/v2\/media\/1258"}],"wp:attachment":[{"href":"https:\/\/alfakherwelt.de\/es\/wp-json\/wp\/v2\/media?parent=1268"}],"wp:term":[{"taxonomy":"product_brand","embeddable":true,"href":"https:\/\/alfakherwelt.de\/es\/wp-json\/wp\/v2\/product_brand?post=1268"},{"taxonomy":"product_cat","embeddable":true,"href":"https:\/\/alfakherwelt.de\/es\/wp-json\/wp\/v2\/product_cat?post=1268"},{"taxonomy":"product_tag","embeddable":true,"href":"https:\/\/alfakherwelt.de\/es\/wp-json\/wp\/v2\/product_tag?post=1268"}],"curies":[{"name":"wp","href":"https:\/\/api.w.org\/{rel}","templated":true}]}}